{"id":1522,"date":"2024-02-15T16:41:32","date_gmt":"2024-02-15T16:41:32","guid":{"rendered":"https:\/\/sbdapparel.lt\/?post_type=product&#038;p=1522"},"modified":"2026-05-06T20:33:46","modified_gmt":"2026-05-06T17:33:46","slug":"13-mm-svirties-dirzas","status":"publish","type":"product","link":"https:\/\/sbdapparel.lt\/en\/product\/13-mm-svirties-dirzas\/","title":{"rendered":"SBD 13mm DIR\u017dAS"},"content":{"rendered":"","protected":false},"excerpt":{"rendered":"<p><span class=\"jCAhz ChMk0b\"><span class=\"ryNqvb\">Featuring a patented gliding lever, providing the adjustability of a prong belt with the ease and tightness of a lever belt. Ideal for sizing up or down whenever you need during training sessions and competitions.<\/span><\/span> <span class=\"jCAhz ChMk0b\"><span class=\"ryNqvb\">The 10mm lever belt is constructed using two different cuts of hide to allow the belt to retain support while moulding to your waist. Featuring a low profile buckle - along with rounded edges and corners - to minimise any obstruction or discomfort from contact between the legs and the belt.<\/span><\/span> <span class=\"jCAhz ChMk0b\"><span class=\"ryNqvb\">The 13mm lever belt offers the maximum specifications allowed in competitive powerlifting, with four layers of British leather and suede, combined with our patented lever, allowing for the utmost tightness and support.<\/span><\/span> <span class=\"jCAhz ChMk0b\"><span class=\"ryNqvb\">Designed through collaboration with world-class athletes, coaches, and health professionals.<\/span><\/span> <span class=\"jCAhz ChMk0b\"><span class=\"ryNqvb\">13mm thickness and 10cm in width.<\/span><\/span> <span class=\"jCAhz ChMk0b\"><span class=\"ryNqvb\">Black oiled leather finish with a red suede interior.<\/span><\/span> <span class=\"jCAhz ChMk0b\"><span class=\"ryNqvb\">IPF approved.<\/span><\/span> <span class=\"jCAhz ChMk0b\"><span class=\"ryNqvb\">Made exclusively from British cowhide.<\/span><\/span> <span class=\"jCAhz ChMk0b\"><span class=\"ryNqvb\">Manufactured in Great Britain.<\/span><\/span><\/p>","protected":false},"featured_media":1554,"template":"","meta":[],"product_brand":[],"product_cat":[42],"product_tag":[],"giftcard-category":[],"class_list":{"0":"post-1522","1":"product","2":"type-product","3":"status-publish","4":"has-post-thumbnail","6":"product_cat-dirzai","9":"instock","10":"shipping-taxable","11":"purchasable","12":"product-type-variable","13":"product-grid-view"},"yoast_head":"<!-- This site is optimized with the Yoast SEO plugin v26.9 - https:\/\/yoast.com\/product\/yoast-seo-wordpress\/ -->\n<title>SBD 13mm DIR\u017dAS - SBD Apparel LT<\/title>\n<meta name=\"robots\" content=\"index, follow, max-snippet:-1, max-image-preview:large, max-video-preview:-1\" \/>\n<link rel=\"canonical\" href=\"https:\/\/sbdapparel.lt\/en\/product\/13-mm-svirties-dirzas\/\" \/>\n<meta property=\"og:locale\" content=\"en_US\" \/>\n<meta property=\"og:type\" content=\"article\" \/>\n<meta property=\"og:title\" content=\"SBD 13mm DIR\u017dAS - SBD Apparel LT\" \/>\n<meta property=\"og:description\" content=\"Patentuota slydimo svirtis, leid\u017eianti lengvai ir tvirtai reguliuoti svirties dir\u017e\u0105. Idealiai tinka padidinti arba suma\u017einti dyd\u012f, kai tik reikia treniruo\u010di\u0173 ir var\u017eyb\u0173 metu. 13 mm svirties dir\u017eas si\u016blo maksimalias specifikacijas, leid\u017eiamas var\u017eybin\u0117je j\u0117gos kilnojime, su keturiais briti\u0161kos odos ir zom\u0161os sluoksniais, kartu su m\u016bs\u0173 patentuota svirtimi, u\u017etikrinan\u010dia did\u017eiausi\u0105 sandarum\u0105 ir atram\u0105. Sukurta bendradarbiaujant su pasaulinio lygio sportininkais, treneriais ir sveikatos specialistais. 13 mm storio ir 10 cm plo\u010dio. Juodos alyvuotos odos apdaila su raudonu zom\u0161os vidus. IPF patvirtintas. Pagaminta i\u0161skirtinai i\u0161 briti\u0161kos karv\u0117s odos. Pagaminta Did\u017eiojoje Britanijoje.\" \/>\n<meta property=\"og:url\" content=\"https:\/\/sbdapparel.lt\/en\/product\/13-mm-svirties-dirzas\/\" \/>\n<meta property=\"og:site_name\" content=\"SBD Apparel LT\" \/>\n<meta property=\"article:modified_time\" content=\"2026-05-06T17:33:46+00:00\" \/>\n<meta property=\"og:image\" content=\"https:\/\/sbdapparel.lt\/wp-content\/uploads\/2024\/02\/BELT-01.jpg\" \/>\n\t<meta property=\"og:image:width\" content=\"1920\" \/>\n\t<meta property=\"og:image:height\" content=\"1080\" \/>\n\t<meta property=\"og:image:type\" content=\"image\/jpeg\" \/>\n<meta name=\"twitter:card\" content=\"summary_large_image\" \/>\n<script type=\"application\/ld+json\" class=\"yoast-schema-graph\">{\"@context\":\"https:\/\/schema.org\",\"@graph\":[{\"@type\":\"WebPage\",\"@id\":\"https:\/\/sbdapparel.lt\/product\/13-mm-svirties-dirzas\/\",\"url\":\"https:\/\/sbdapparel.lt\/product\/13-mm-svirties-dirzas\/\",\"name\":\"SBD 13mm DIR\u017dAS - SBD Apparel LT\",\"isPartOf\":{\"@id\":\"https:\/\/sbdapparel.lt\/#website\"},\"primaryImageOfPage\":{\"@id\":\"https:\/\/sbdapparel.lt\/product\/13-mm-svirties-dirzas\/#primaryimage\"},\"image\":{\"@id\":\"https:\/\/sbdapparel.lt\/product\/13-mm-svirties-dirzas\/#primaryimage\"},\"thumbnailUrl\":\"https:\/\/sbdapparel.lt\/wp-content\/uploads\/2024\/02\/BELT-01.jpg\",\"datePublished\":\"2024-02-15T16:41:32+00:00\",\"dateModified\":\"2026-05-06T17:33:46+00:00\",\"breadcrumb\":{\"@id\":\"https:\/\/sbdapparel.lt\/product\/13-mm-svirties-dirzas\/#breadcrumb\"},\"inLanguage\":\"en-US\",\"potentialAction\":[{\"@type\":\"ReadAction\",\"target\":[\"https:\/\/sbdapparel.lt\/product\/13-mm-svirties-dirzas\/\"]}]},{\"@type\":\"ImageObject\",\"inLanguage\":\"en-US\",\"@id\":\"https:\/\/sbdapparel.lt\/product\/13-mm-svirties-dirzas\/#primaryimage\",\"url\":\"https:\/\/sbdapparel.lt\/wp-content\/uploads\/2024\/02\/BELT-01.jpg\",\"contentUrl\":\"https:\/\/sbdapparel.lt\/wp-content\/uploads\/2024\/02\/BELT-01.jpg\",\"width\":1920,\"height\":1080},{\"@type\":\"BreadcrumbList\",\"@id\":\"https:\/\/sbdapparel.lt\/product\/13-mm-svirties-dirzas\/#breadcrumb\",\"itemListElement\":[{\"@type\":\"ListItem\",\"position\":1,\"name\":\"Home\",\"item\":\"https:\/\/sbdapparel.lt\/\"},{\"@type\":\"ListItem\",\"position\":2,\"name\":\"Produktai\",\"item\":\"https:\/\/sbdapparel.lt\/shop\/\"},{\"@type\":\"ListItem\",\"position\":3,\"name\":\"SBD 13mm DIR\u017dAS\"}]},{\"@type\":\"WebSite\",\"@id\":\"https:\/\/sbdapparel.lt\/#website\",\"url\":\"https:\/\/sbdapparel.lt\/\",\"name\":\"SBD Apparel LT\",\"description\":\"LIETUVA\",\"publisher\":{\"@id\":\"https:\/\/sbdapparel.lt\/#organization\"},\"potentialAction\":[{\"@type\":\"SearchAction\",\"target\":{\"@type\":\"EntryPoint\",\"urlTemplate\":\"https:\/\/sbdapparel.lt\/?s={search_term_string}\"},\"query-input\":{\"@type\":\"PropertyValueSpecification\",\"valueRequired\":true,\"valueName\":\"search_term_string\"}}],\"inLanguage\":\"en-US\"},{\"@type\":\"Organization\",\"@id\":\"https:\/\/sbdapparel.lt\/#organization\",\"name\":\"SBD Apparel LT\",\"url\":\"https:\/\/sbdapparel.lt\/\",\"logo\":{\"@type\":\"ImageObject\",\"inLanguage\":\"en-US\",\"@id\":\"https:\/\/sbdapparel.lt\/#\/schema\/logo\/image\/\",\"url\":\"https:\/\/sbdapparel.lt\/wp-content\/uploads\/2023\/07\/cropped-SBD_Identity_OnDark_RGB.png\",\"contentUrl\":\"https:\/\/sbdapparel.lt\/wp-content\/uploads\/2023\/07\/cropped-SBD_Identity_OnDark_RGB.png\",\"width\":1182,\"height\":515,\"caption\":\"SBD Apparel LT\"},\"image\":{\"@id\":\"https:\/\/sbdapparel.lt\/#\/schema\/logo\/image\/\"}}]}<\/script>\n<!-- \/ Yoast SEO plugin. -->","yoast_head_json":{"title":"SBD 13mm DIR\u017dAS - SBD Apparel LT","robots":{"index":"index","follow":"follow","max-snippet":"max-snippet:-1","max-image-preview":"max-image-preview:large","max-video-preview":"max-video-preview:-1"},"canonical":"https:\/\/sbdapparel.lt\/en\/product\/13-mm-svirties-dirzas\/","og_locale":"en_US","og_type":"article","og_title":"SBD 13mm DIR\u017dAS - SBD Apparel LT","og_description":"Patentuota slydimo svirtis, leid\u017eianti lengvai ir tvirtai reguliuoti svirties dir\u017e\u0105. Idealiai tinka padidinti arba suma\u017einti dyd\u012f, kai tik reikia treniruo\u010di\u0173 ir var\u017eyb\u0173 metu. 13 mm svirties dir\u017eas si\u016blo maksimalias specifikacijas, leid\u017eiamas var\u017eybin\u0117je j\u0117gos kilnojime, su keturiais briti\u0161kos odos ir zom\u0161os sluoksniais, kartu su m\u016bs\u0173 patentuota svirtimi, u\u017etikrinan\u010dia did\u017eiausi\u0105 sandarum\u0105 ir atram\u0105. Sukurta bendradarbiaujant su pasaulinio lygio sportininkais, treneriais ir sveikatos specialistais. 13 mm storio ir 10 cm plo\u010dio. Juodos alyvuotos odos apdaila su raudonu zom\u0161os vidus. IPF patvirtintas. Pagaminta i\u0161skirtinai i\u0161 briti\u0161kos karv\u0117s odos. Pagaminta Did\u017eiojoje Britanijoje.","og_url":"https:\/\/sbdapparel.lt\/en\/product\/13-mm-svirties-dirzas\/","og_site_name":"SBD Apparel LT","article_modified_time":"2026-05-06T17:33:46+00:00","og_image":[{"width":1920,"height":1080,"url":"https:\/\/sbdapparel.lt\/wp-content\/uploads\/2024\/02\/BELT-01.jpg","type":"image\/jpeg"}],"twitter_card":"summary_large_image","schema":{"@context":"https:\/\/schema.org","@graph":[{"@type":"WebPage","@id":"https:\/\/sbdapparel.lt\/product\/13-mm-svirties-dirzas\/","url":"https:\/\/sbdapparel.lt\/product\/13-mm-svirties-dirzas\/","name":"SBD 13mm DIR\u017dAS - SBD Apparel LT","isPartOf":{"@id":"https:\/\/sbdapparel.lt\/#website"},"primaryImageOfPage":{"@id":"https:\/\/sbdapparel.lt\/product\/13-mm-svirties-dirzas\/#primaryimage"},"image":{"@id":"https:\/\/sbdapparel.lt\/product\/13-mm-svirties-dirzas\/#primaryimage"},"thumbnailUrl":"https:\/\/sbdapparel.lt\/wp-content\/uploads\/2024\/02\/BELT-01.jpg","datePublished":"2024-02-15T16:41:32+00:00","dateModified":"2026-05-06T17:33:46+00:00","breadcrumb":{"@id":"https:\/\/sbdapparel.lt\/product\/13-mm-svirties-dirzas\/#breadcrumb"},"inLanguage":"en-US","potentialAction":[{"@type":"ReadAction","target":["https:\/\/sbdapparel.lt\/product\/13-mm-svirties-dirzas\/"]}]},{"@type":"ImageObject","inLanguage":"en-US","@id":"https:\/\/sbdapparel.lt\/product\/13-mm-svirties-dirzas\/#primaryimage","url":"https:\/\/sbdapparel.lt\/wp-content\/uploads\/2024\/02\/BELT-01.jpg","contentUrl":"https:\/\/sbdapparel.lt\/wp-content\/uploads\/2024\/02\/BELT-01.jpg","width":1920,"height":1080},{"@type":"BreadcrumbList","@id":"https:\/\/sbdapparel.lt\/product\/13-mm-svirties-dirzas\/#breadcrumb","itemListElement":[{"@type":"ListItem","position":1,"name":"Home","item":"https:\/\/sbdapparel.lt\/"},{"@type":"ListItem","position":2,"name":"Produktai","item":"https:\/\/sbdapparel.lt\/shop\/"},{"@type":"ListItem","position":3,"name":"SBD 13mm DIR\u017dAS"}]},{"@type":"WebSite","@id":"https:\/\/sbdapparel.lt\/#website","url":"https:\/\/sbdapparel.lt\/","name":"SBD Apparel LT","description":"LIETUVA","publisher":{"@id":"https:\/\/sbdapparel.lt\/#organization"},"potentialAction":[{"@type":"SearchAction","target":{"@type":"EntryPoint","urlTemplate":"https:\/\/sbdapparel.lt\/?s={search_term_string}"},"query-input":{"@type":"PropertyValueSpecification","valueRequired":true,"valueName":"search_term_string"}}],"inLanguage":"en-US"},{"@type":"Organization","@id":"https:\/\/sbdapparel.lt\/#organization","name":"SBD Apparel LT","url":"https:\/\/sbdapparel.lt\/","logo":{"@type":"ImageObject","inLanguage":"en-US","@id":"https:\/\/sbdapparel.lt\/#\/schema\/logo\/image\/","url":"https:\/\/sbdapparel.lt\/wp-content\/uploads\/2023\/07\/cropped-SBD_Identity_OnDark_RGB.png","contentUrl":"https:\/\/sbdapparel.lt\/wp-content\/uploads\/2023\/07\/cropped-SBD_Identity_OnDark_RGB.png","width":1182,"height":515,"caption":"SBD Apparel LT"},"image":{"@id":"https:\/\/sbdapparel.lt\/#\/schema\/logo\/image\/"}}]}},"_links":{"self":[{"href":"https:\/\/sbdapparel.lt\/en\/wp-json\/wp\/v2\/product\/1522","targetHints":{"allow":["GET"]}}],"collection":[{"href":"https:\/\/sbdapparel.lt\/en\/wp-json\/wp\/v2\/product"}],"about":[{"href":"https:\/\/sbdapparel.lt\/en\/wp-json\/wp\/v2\/types\/product"}],"version-history":[{"count":8,"href":"https:\/\/sbdapparel.lt\/en\/wp-json\/wp\/v2\/product\/1522\/revisions"}],"predecessor-version":[{"id":4414,"href":"https:\/\/sbdapparel.lt\/en\/wp-json\/wp\/v2\/product\/1522\/revisions\/4414"}],"wp:featuredmedia":[{"embeddable":true,"href":"https:\/\/sbdapparel.lt\/en\/wp-json\/wp\/v2\/media\/1554"}],"wp:attachment":[{"href":"https:\/\/sbdapparel.lt\/en\/wp-json\/wp\/v2\/media?parent=1522"}],"wp:term":[{"taxonomy":"product_brand","embeddable":true,"href":"https:\/\/sbdapparel.lt\/en\/wp-json\/wp\/v2\/product_brand?post=1522"},{"taxonomy":"product_cat","embeddable":true,"href":"https:\/\/sbdapparel.lt\/en\/wp-json\/wp\/v2\/product_cat?post=1522"},{"taxonomy":"product_tag","embeddable":true,"href":"https:\/\/sbdapparel.lt\/en\/wp-json\/wp\/v2\/product_tag?post=1522"},{"taxonomy":"giftcard-category","embeddable":true,"href":"https:\/\/sbdapparel.lt\/en\/wp-json\/wp\/v2\/giftcard-category?post=1522"}],"curies":[{"name":"wp","href":"https:\/\/api.w.org\/{rel}","templated":true}]}}