{"id":1537,"date":"2024-02-15T17:06:18","date_gmt":"2024-02-15T17:06:18","guid":{"rendered":"https:\/\/sbdapparel.lt\/?post_type=product&#038;p=1537"},"modified":"2026-03-01T23:04:51","modified_gmt":"2026-03-01T20:04:51","slug":"10-mm-svirties-dirzas","status":"publish","type":"product","link":"https:\/\/sbdapparel.lt\/en\/product\/10-mm-svirties-dirzas\/","title":{"rendered":"10mm Lever Belt"},"content":{"rendered":"<p><span class=\"jCAhz ChMk0b\"><span class=\"ryNqvb\">Featuring a patented gliding lever, providing the adjustability of a prong belt with the ease and tightness of a lever belt. Ideal for sizing up or down whenever you need during training sessions and competitions.<\/span><\/span> <span class=\"jCAhz ChMk0b\"><span class=\"ryNqvb\">The 10mm lever belt is constructed using two different cuts of hide to allow the belt to retain support while moulding to your waist. Featuring a low profile buckle - along with rounded edges and corners - to minimise any obstruction or discomfort from contact between the legs and the belt.<\/span><\/span> <span class=\"jCAhz ChMk0b\"><span class=\"ryNqvb\">Designed through collaboration with world-class athletes, coaches, and health professionals.<\/span><\/span> <span class=\"jCAhz ChMk0b\"><span class=\"ryNqvb\">\u017demo profilio sagtis kartu su u\u017eapvalintais kra\u0161tais ir kampais suma\u017eina kli\u016btis ar diskomfort\u0105 d\u0117l s\u0105ly\u010dio tarp koj\u0173 ir dir\u017eo.<\/span><\/span> <span class=\"jCAhz ChMk0b\"><span class=\"ryNqvb\">Designed through collaboration with world-class athletes, coaches, and health professionals.<\/span><\/span> <span class=\"jCAhz ChMk0b\"><span class=\"ryNqvb\">10mm thickness and 10cm in width.<\/span><\/span> <span class=\"jCAhz ChMk0b\"><span class=\"ryNqvb\">Black oiled leather finish with a red suede interior.<\/span><\/span> <span class=\"jCAhz ChMk0b\"><span class=\"ryNqvb\">IPF approved.<\/span><\/span> <span class=\"jCAhz ChMk0b\"><span class=\"ryNqvb\">Made exclusively from British cowhide.<\/span><\/span> <span class=\"jCAhz ChMk0b\"><span class=\"ryNqvb\">Manufactured in Great Britain.<\/span><\/span><\/p>","protected":false},"excerpt":{"rendered":"<p><span class=\"jCAhz ChMk0b\"><span class=\"ryNqvb\">Featuring a patented gliding lever, providing the adjustability of a prong belt with the ease and tightness of a lever belt. Ideal for sizing up or down whenever you need during training sessions and competitions.<\/span><\/span> <span class=\"jCAhz ChMk0b\"><span class=\"ryNqvb\">The 10mm lever belt is constructed using two different cuts of hide to allow the belt to retain support while moulding to your waist. Featuring a low profile buckle - along with rounded edges and corners - to minimise any obstruction or discomfort from contact between the legs and the belt.<\/span><\/span> <span class=\"jCAhz ChMk0b\"><span class=\"ryNqvb\">Designed through collaboration with world-class athletes, coaches, and health professionals.<\/span><\/span> <span class=\"jCAhz ChMk0b\"><span class=\"ryNqvb\">\u017demo profilio sagtis kartu su u\u017eapvalintais kra\u0161tais ir kampais suma\u017eina kli\u016btis ar diskomfort\u0105 d\u0117l s\u0105ly\u010dio tarp koj\u0173 ir dir\u017eo.<\/span><\/span> <span class=\"jCAhz ChMk0b\"><span class=\"ryNqvb\">Designed through collaboration with world-class athletes, coaches, and health professionals.<\/span><\/span> <span class=\"jCAhz ChMk0b\"><span class=\"ryNqvb\">10mm thickness and 10cm in width.<\/span><\/span> <span class=\"jCAhz ChMk0b\"><span class=\"ryNqvb\">Juodos odos i\u0161or\u0117 su raudonu zom\u0161iniu vidumi.<\/span><\/span> <span class=\"jCAhz ChMk0b\"><span class=\"ryNqvb\">\u00a0Patvirtintas IPF.<\/span><\/span> <span class=\"jCAhz ChMk0b\"><span class=\"ryNqvb\">Made exclusively from British cowhide.<\/span><\/span> <span class=\"jCAhz ChMk0b\"><span class=\"ryNqvb\">Manufactured in Great Britain.<\/span><\/span><\/p>","protected":false},"featured_media":1594,"template":"","meta":[],"product_brand":[],"product_cat":[42],"product_tag":[],"giftcard-category":[],"class_list":{"0":"post-1537","1":"product","2":"type-product","3":"status-publish","4":"has-post-thumbnail","6":"product_cat-dirzai","9":"instock","10":"shipping-taxable","11":"purchasable","12":"product-type-variable","13":"product-grid-view"},"yoast_head":"<!-- This site is optimized with the Yoast SEO plugin v26.9 - https:\/\/yoast.com\/product\/yoast-seo-wordpress\/ -->\n<title>SBD 10mm DIR\u017dAS - SBD Apparel LT<\/title>\n<meta name=\"robots\" content=\"index, follow, max-snippet:-1, max-image-preview:large, max-video-preview:-1\" \/>\n<link rel=\"canonical\" href=\"https:\/\/sbdapparel.lt\/en\/product\/10-mm-svirties-dirzas\/\" \/>\n<meta property=\"og:locale\" content=\"en_US\" \/>\n<meta property=\"og:type\" content=\"article\" \/>\n<meta property=\"og:title\" content=\"SBD 10mm DIR\u017dAS - SBD Apparel LT\" \/>\n<meta property=\"og:description\" content=\"Patentuota dir\u017eo sagtis, leid\u017eianti lengvai ir tvirtai reguliuoti svirties dir\u017e\u0105. Idealiai tinka padidinti arba suma\u017einti dyd\u012f, kai tik reikia treniruo\u010di\u0173 ir var\u017eyb\u0173 metu. 10 mm svirties dir\u017eas pagamintas naudojant du skirtingus odos pj\u016bvius, kad dir\u017eas i\u0161laikyt\u0173 atram\u0105, kai jis priglunda prie juosmens. \u017demo profilio sagtis kartu su u\u017eapvalintais kra\u0161tais ir kampais suma\u017eina kli\u016btis ar diskomfort\u0105 d\u0117l s\u0105ly\u010dio tarp koj\u0173 ir dir\u017eo. Sukurta bendradarbiaujant su pasaulinio lygio sportininkais, treneriais ir sveikatos specialistais. 10 mm storio ir 10 cm plo\u010dio. Juodos odos i\u0161or\u0117 su raudonu zom\u0161iniu vidumi. \u00a0Patvirtintas IPF. Pagaminta i\u0161skirtinai i\u0161 briti\u0161kos karv\u0117s odos. Pagaminta Did\u017eiojoje Britanijoje.\" \/>\n<meta property=\"og:url\" content=\"https:\/\/sbdapparel.lt\/en\/product\/10-mm-svirties-dirzas\/\" \/>\n<meta property=\"og:site_name\" content=\"SBD Apparel LT\" \/>\n<meta property=\"article:modified_time\" content=\"2026-03-01T20:04:51+00:00\" \/>\n<meta property=\"og:image\" content=\"https:\/\/sbdapparel.lt\/wp-content\/uploads\/2024\/02\/10mm-Lever-Belt-01-1.jpg\" \/>\n\t<meta property=\"og:image:width\" content=\"2480\" \/>\n\t<meta property=\"og:image:height\" content=\"2480\" \/>\n\t<meta property=\"og:image:type\" content=\"image\/jpeg\" \/>\n<meta name=\"twitter:card\" content=\"summary_large_image\" \/>\n<meta name=\"twitter:label1\" content=\"Est. reading time\" \/>\n\t<meta name=\"twitter:data1\" content=\"1 minute\" \/>\n<script type=\"application\/ld+json\" class=\"yoast-schema-graph\">{\"@context\":\"https:\/\/schema.org\",\"@graph\":[{\"@type\":\"WebPage\",\"@id\":\"https:\/\/sbdapparel.lt\/product\/10-mm-svirties-dirzas\/\",\"url\":\"https:\/\/sbdapparel.lt\/product\/10-mm-svirties-dirzas\/\",\"name\":\"SBD 10mm DIR\u017dAS - SBD Apparel LT\",\"isPartOf\":{\"@id\":\"https:\/\/sbdapparel.lt\/#website\"},\"primaryImageOfPage\":{\"@id\":\"https:\/\/sbdapparel.lt\/product\/10-mm-svirties-dirzas\/#primaryimage\"},\"image\":{\"@id\":\"https:\/\/sbdapparel.lt\/product\/10-mm-svirties-dirzas\/#primaryimage\"},\"thumbnailUrl\":\"https:\/\/sbdapparel.lt\/wp-content\/uploads\/2024\/02\/10mm-Lever-Belt-01-1.jpg\",\"datePublished\":\"2024-02-15T17:06:18+00:00\",\"dateModified\":\"2026-03-01T20:04:51+00:00\",\"breadcrumb\":{\"@id\":\"https:\/\/sbdapparel.lt\/product\/10-mm-svirties-dirzas\/#breadcrumb\"},\"inLanguage\":\"en-US\",\"potentialAction\":[{\"@type\":\"ReadAction\",\"target\":[\"https:\/\/sbdapparel.lt\/product\/10-mm-svirties-dirzas\/\"]}]},{\"@type\":\"ImageObject\",\"inLanguage\":\"en-US\",\"@id\":\"https:\/\/sbdapparel.lt\/product\/10-mm-svirties-dirzas\/#primaryimage\",\"url\":\"https:\/\/sbdapparel.lt\/wp-content\/uploads\/2024\/02\/10mm-Lever-Belt-01-1.jpg\",\"contentUrl\":\"https:\/\/sbdapparel.lt\/wp-content\/uploads\/2024\/02\/10mm-Lever-Belt-01-1.jpg\",\"width\":2480,\"height\":2480},{\"@type\":\"BreadcrumbList\",\"@id\":\"https:\/\/sbdapparel.lt\/product\/10-mm-svirties-dirzas\/#breadcrumb\",\"itemListElement\":[{\"@type\":\"ListItem\",\"position\":1,\"name\":\"Home\",\"item\":\"https:\/\/sbdapparel.lt\/\"},{\"@type\":\"ListItem\",\"position\":2,\"name\":\"Produktai\",\"item\":\"https:\/\/sbdapparel.lt\/shop\/\"},{\"@type\":\"ListItem\",\"position\":3,\"name\":\"SBD 10mm DIR\u017dAS\"}]},{\"@type\":\"WebSite\",\"@id\":\"https:\/\/sbdapparel.lt\/#website\",\"url\":\"https:\/\/sbdapparel.lt\/\",\"name\":\"SBD Apparel LT\",\"description\":\"LIETUVA\",\"publisher\":{\"@id\":\"https:\/\/sbdapparel.lt\/#organization\"},\"potentialAction\":[{\"@type\":\"SearchAction\",\"target\":{\"@type\":\"EntryPoint\",\"urlTemplate\":\"https:\/\/sbdapparel.lt\/?s={search_term_string}\"},\"query-input\":{\"@type\":\"PropertyValueSpecification\",\"valueRequired\":true,\"valueName\":\"search_term_string\"}}],\"inLanguage\":\"en-US\"},{\"@type\":\"Organization\",\"@id\":\"https:\/\/sbdapparel.lt\/#organization\",\"name\":\"SBD Apparel LT\",\"url\":\"https:\/\/sbdapparel.lt\/\",\"logo\":{\"@type\":\"ImageObject\",\"inLanguage\":\"en-US\",\"@id\":\"https:\/\/sbdapparel.lt\/#\/schema\/logo\/image\/\",\"url\":\"https:\/\/sbdapparel.lt\/wp-content\/uploads\/2023\/07\/cropped-SBD_Identity_OnDark_RGB.png\",\"contentUrl\":\"https:\/\/sbdapparel.lt\/wp-content\/uploads\/2023\/07\/cropped-SBD_Identity_OnDark_RGB.png\",\"width\":1182,\"height\":515,\"caption\":\"SBD Apparel LT\"},\"image\":{\"@id\":\"https:\/\/sbdapparel.lt\/#\/schema\/logo\/image\/\"}}]}<\/script>\n<!-- \/ Yoast SEO plugin. -->","yoast_head_json":{"title":"SBD 10mm DIR\u017dAS - SBD Apparel LT","robots":{"index":"index","follow":"follow","max-snippet":"max-snippet:-1","max-image-preview":"max-image-preview:large","max-video-preview":"max-video-preview:-1"},"canonical":"https:\/\/sbdapparel.lt\/en\/product\/10-mm-svirties-dirzas\/","og_locale":"en_US","og_type":"article","og_title":"SBD 10mm DIR\u017dAS - SBD Apparel LT","og_description":"Patentuota dir\u017eo sagtis, leid\u017eianti lengvai ir tvirtai reguliuoti svirties dir\u017e\u0105. Idealiai tinka padidinti arba suma\u017einti dyd\u012f, kai tik reikia treniruo\u010di\u0173 ir var\u017eyb\u0173 metu. 10 mm svirties dir\u017eas pagamintas naudojant du skirtingus odos pj\u016bvius, kad dir\u017eas i\u0161laikyt\u0173 atram\u0105, kai jis priglunda prie juosmens. \u017demo profilio sagtis kartu su u\u017eapvalintais kra\u0161tais ir kampais suma\u017eina kli\u016btis ar diskomfort\u0105 d\u0117l s\u0105ly\u010dio tarp koj\u0173 ir dir\u017eo. Sukurta bendradarbiaujant su pasaulinio lygio sportininkais, treneriais ir sveikatos specialistais. 10 mm storio ir 10 cm plo\u010dio. Juodos odos i\u0161or\u0117 su raudonu zom\u0161iniu vidumi. \u00a0Patvirtintas IPF. Pagaminta i\u0161skirtinai i\u0161 briti\u0161kos karv\u0117s odos. Pagaminta Did\u017eiojoje Britanijoje.","og_url":"https:\/\/sbdapparel.lt\/en\/product\/10-mm-svirties-dirzas\/","og_site_name":"SBD Apparel LT","article_modified_time":"2026-03-01T20:04:51+00:00","og_image":[{"width":2480,"height":2480,"url":"https:\/\/sbdapparel.lt\/wp-content\/uploads\/2024\/02\/10mm-Lever-Belt-01-1.jpg","type":"image\/jpeg"}],"twitter_card":"summary_large_image","twitter_misc":{"Est. reading time":"1 minute"},"schema":{"@context":"https:\/\/schema.org","@graph":[{"@type":"WebPage","@id":"https:\/\/sbdapparel.lt\/product\/10-mm-svirties-dirzas\/","url":"https:\/\/sbdapparel.lt\/product\/10-mm-svirties-dirzas\/","name":"SBD 10mm DIR\u017dAS - SBD Apparel LT","isPartOf":{"@id":"https:\/\/sbdapparel.lt\/#website"},"primaryImageOfPage":{"@id":"https:\/\/sbdapparel.lt\/product\/10-mm-svirties-dirzas\/#primaryimage"},"image":{"@id":"https:\/\/sbdapparel.lt\/product\/10-mm-svirties-dirzas\/#primaryimage"},"thumbnailUrl":"https:\/\/sbdapparel.lt\/wp-content\/uploads\/2024\/02\/10mm-Lever-Belt-01-1.jpg","datePublished":"2024-02-15T17:06:18+00:00","dateModified":"2026-03-01T20:04:51+00:00","breadcrumb":{"@id":"https:\/\/sbdapparel.lt\/product\/10-mm-svirties-dirzas\/#breadcrumb"},"inLanguage":"en-US","potentialAction":[{"@type":"ReadAction","target":["https:\/\/sbdapparel.lt\/product\/10-mm-svirties-dirzas\/"]}]},{"@type":"ImageObject","inLanguage":"en-US","@id":"https:\/\/sbdapparel.lt\/product\/10-mm-svirties-dirzas\/#primaryimage","url":"https:\/\/sbdapparel.lt\/wp-content\/uploads\/2024\/02\/10mm-Lever-Belt-01-1.jpg","contentUrl":"https:\/\/sbdapparel.lt\/wp-content\/uploads\/2024\/02\/10mm-Lever-Belt-01-1.jpg","width":2480,"height":2480},{"@type":"BreadcrumbList","@id":"https:\/\/sbdapparel.lt\/product\/10-mm-svirties-dirzas\/#breadcrumb","itemListElement":[{"@type":"ListItem","position":1,"name":"Home","item":"https:\/\/sbdapparel.lt\/"},{"@type":"ListItem","position":2,"name":"Produktai","item":"https:\/\/sbdapparel.lt\/shop\/"},{"@type":"ListItem","position":3,"name":"SBD 10mm DIR\u017dAS"}]},{"@type":"WebSite","@id":"https:\/\/sbdapparel.lt\/#website","url":"https:\/\/sbdapparel.lt\/","name":"SBD Apparel LT","description":"LIETUVA","publisher":{"@id":"https:\/\/sbdapparel.lt\/#organization"},"potentialAction":[{"@type":"SearchAction","target":{"@type":"EntryPoint","urlTemplate":"https:\/\/sbdapparel.lt\/?s={search_term_string}"},"query-input":{"@type":"PropertyValueSpecification","valueRequired":true,"valueName":"search_term_string"}}],"inLanguage":"en-US"},{"@type":"Organization","@id":"https:\/\/sbdapparel.lt\/#organization","name":"SBD Apparel LT","url":"https:\/\/sbdapparel.lt\/","logo":{"@type":"ImageObject","inLanguage":"en-US","@id":"https:\/\/sbdapparel.lt\/#\/schema\/logo\/image\/","url":"https:\/\/sbdapparel.lt\/wp-content\/uploads\/2023\/07\/cropped-SBD_Identity_OnDark_RGB.png","contentUrl":"https:\/\/sbdapparel.lt\/wp-content\/uploads\/2023\/07\/cropped-SBD_Identity_OnDark_RGB.png","width":1182,"height":515,"caption":"SBD Apparel LT"},"image":{"@id":"https:\/\/sbdapparel.lt\/#\/schema\/logo\/image\/"}}]}},"_links":{"self":[{"href":"https:\/\/sbdapparel.lt\/en\/wp-json\/wp\/v2\/product\/1537","targetHints":{"allow":["GET"]}}],"collection":[{"href":"https:\/\/sbdapparel.lt\/en\/wp-json\/wp\/v2\/product"}],"about":[{"href":"https:\/\/sbdapparel.lt\/en\/wp-json\/wp\/v2\/types\/product"}],"version-history":[{"count":5,"href":"https:\/\/sbdapparel.lt\/en\/wp-json\/wp\/v2\/product\/1537\/revisions"}],"predecessor-version":[{"id":1750,"href":"https:\/\/sbdapparel.lt\/en\/wp-json\/wp\/v2\/product\/1537\/revisions\/1750"}],"wp:featuredmedia":[{"embeddable":true,"href":"https:\/\/sbdapparel.lt\/en\/wp-json\/wp\/v2\/media\/1594"}],"wp:attachment":[{"href":"https:\/\/sbdapparel.lt\/en\/wp-json\/wp\/v2\/media?parent=1537"}],"wp:term":[{"taxonomy":"product_brand","embeddable":true,"href":"https:\/\/sbdapparel.lt\/en\/wp-json\/wp\/v2\/product_brand?post=1537"},{"taxonomy":"product_cat","embeddable":true,"href":"https:\/\/sbdapparel.lt\/en\/wp-json\/wp\/v2\/product_cat?post=1537"},{"taxonomy":"product_tag","embeddable":true,"href":"https:\/\/sbdapparel.lt\/en\/wp-json\/wp\/v2\/product_tag?post=1537"},{"taxonomy":"giftcard-category","embeddable":true,"href":"https:\/\/sbdapparel.lt\/en\/wp-json\/wp\/v2\/giftcard-category?post=1537"}],"curies":[{"name":"wp","href":"https:\/\/api.w.org\/{rel}","templated":true}]}}