{"id":1559,"date":"2024-02-15T21:52:46","date_gmt":"2024-02-15T21:52:46","guid":{"rendered":"https:\/\/sbdapparel.lt\/?post_type=product&#038;p=1559"},"modified":"2026-01-16T23:01:24","modified_gmt":"2026-01-16T20:01:24","slug":"standartiniai-sbd-dirzeliai","status":"publish","type":"product","link":"https:\/\/sbdapparel.lt\/en\/product\/standartiniai-sbd-dirzeliai\/","title":{"rendered":"LIFTING STRAPS FLAT LOOP"},"content":{"rendered":"","protected":false},"excerpt":{"rendered":"<p><span class=\"jCAhz ChMk0b\"><span class=\"ryNqvb\">Featuring our patented bracelet construction that weaves filament aramid fiber into twisted fibers.<\/span><\/span> <span class=\"jCAhz ChMk0b\"><span class=\"ryNqvb\">Lifting straps are stronger than a nylon wrap while still providing the comfort of a cotton wrap.<\/span><\/span> <span class=\"jCAhz ChMk0b\"><span class=\"ryNqvb\">Developed in collaboration with world-class athletes to eliminate grip as a limiting factor when lifting maximum weight or performing extra reps.<\/span><\/span> <span class=\"jCAhz ChMk0b\"><span class=\"ryNqvb\">Patent-pending webbing construction<\/span><\/span> <span class=\"jCAhz ChMk0b\"><span class=\"ryNqvb\">Made in Sheffield, Great Britain.<\/span><\/span> <span class=\"jCAhz ChMk0b\"><span class=\"ryNqvb\">Materials: Kevlar\u00ae fiber, polyester<\/span><\/span> <span class=\"jCAhz ChMk0b\"><span class=\"ryNqvb\">DuPont\u2122 and Kevlar\u00ae are trademarks or registered trademarks of affiliates of DuPont de Nemours, Inc.<\/span><\/span><\/p>","protected":false},"featured_media":1560,"template":"","meta":[],"product_brand":[],"product_cat":[48],"product_tag":[],"giftcard-category":[],"class_list":{"0":"post-1559","1":"product","2":"type-product","3":"status-publish","4":"has-post-thumbnail","6":"product_cat-kelikmodirzai","9":"instock","10":"shipping-taxable","11":"purchasable","12":"product-type-simple","13":"product-grid-view"},"yoast_head":"<!-- This site is optimized with the Yoast SEO plugin v26.9 - https:\/\/yoast.com\/product\/yoast-seo-wordpress\/ -->\n<title>LIFTING STRAPS FLAT LOOP - SBD Apparel LT<\/title>\n<meta name=\"robots\" content=\"index, follow, max-snippet:-1, max-image-preview:large, max-video-preview:-1\" \/>\n<link rel=\"canonical\" href=\"https:\/\/sbdapparel.lt\/en\/product\/standartiniai-sbd-dirzeliai\/\" \/>\n<meta property=\"og:locale\" content=\"en_US\" \/>\n<meta property=\"og:type\" content=\"article\" \/>\n<meta property=\"og:title\" content=\"LIFTING STRAPS FLAT LOOP - SBD Apparel LT\" \/>\n<meta property=\"og:description\" content=\"Su m\u016bs\u0173 patentuota apyrank\u0117s konstrukcija, kuri supina gij\u0173 aramidin\u012f pluo\u0161t\u0105 susuktuose pluo\u0161tuose. K\u0117limo dir\u017eeliai yra stipresni nei nailono \u012fvynioklis, tuo pa\u010diu suteikiant medvilninio \u012fvyniojimo patogumo. Sukurta bendradarbiaujant su pasaulinio lygio sportininkais, kad b\u016bt\u0173 pa\u0161alintas sukibimas kaip ribojantis veiksnys keliant maksimal\u0173 svor\u012f arba atliekant papildomus pakartojimus. Patentuota juostos konstrukcija Pagaminta Did\u017eiojoje Britanijoje Med\u017eiagos: Kevlar\u00ae pluo\u0161tas, poliesteris DuPont\u2122 ir Kevlar\u00ae yra DuPont de Nemours, Inc. filial\u0173 preki\u0173 \u017eenklai arba registruotieji preki\u0173 \u017eenklai.\" \/>\n<meta property=\"og:url\" content=\"https:\/\/sbdapparel.lt\/en\/product\/standartiniai-sbd-dirzeliai\/\" \/>\n<meta property=\"og:site_name\" content=\"SBD Apparel LT\" \/>\n<meta property=\"article:modified_time\" content=\"2026-01-16T20:01:24+00:00\" \/>\n<meta property=\"og:image\" content=\"https:\/\/sbdapparel.lt\/wp-content\/uploads\/2024\/02\/Lifting-Straps-01-2-1024x1024.jpg\" \/>\n\t<meta property=\"og:image:width\" content=\"1024\" \/>\n\t<meta property=\"og:image:height\" content=\"1024\" \/>\n\t<meta property=\"og:image:type\" content=\"image\/jpeg\" \/>\n<meta name=\"twitter:card\" content=\"summary_large_image\" \/>\n<script type=\"application\/ld+json\" class=\"yoast-schema-graph\">{\"@context\":\"https:\/\/schema.org\",\"@graph\":[{\"@type\":\"WebPage\",\"@id\":\"https:\/\/sbdapparel.lt\/product\/standartiniai-sbd-dirzeliai\/\",\"url\":\"https:\/\/sbdapparel.lt\/product\/standartiniai-sbd-dirzeliai\/\",\"name\":\"LIFTING STRAPS FLAT LOOP - SBD Apparel LT\",\"isPartOf\":{\"@id\":\"https:\/\/sbdapparel.lt\/#website\"},\"primaryImageOfPage\":{\"@id\":\"https:\/\/sbdapparel.lt\/product\/standartiniai-sbd-dirzeliai\/#primaryimage\"},\"image\":{\"@id\":\"https:\/\/sbdapparel.lt\/product\/standartiniai-sbd-dirzeliai\/#primaryimage\"},\"thumbnailUrl\":\"https:\/\/sbdapparel.lt\/wp-content\/uploads\/2024\/02\/Lifting-Straps-01-2.jpg\",\"datePublished\":\"2024-02-15T21:52:46+00:00\",\"dateModified\":\"2026-01-16T20:01:24+00:00\",\"breadcrumb\":{\"@id\":\"https:\/\/sbdapparel.lt\/product\/standartiniai-sbd-dirzeliai\/#breadcrumb\"},\"inLanguage\":\"en-US\",\"potentialAction\":[{\"@type\":\"ReadAction\",\"target\":[\"https:\/\/sbdapparel.lt\/product\/standartiniai-sbd-dirzeliai\/\"]}]},{\"@type\":\"ImageObject\",\"inLanguage\":\"en-US\",\"@id\":\"https:\/\/sbdapparel.lt\/product\/standartiniai-sbd-dirzeliai\/#primaryimage\",\"url\":\"https:\/\/sbdapparel.lt\/wp-content\/uploads\/2024\/02\/Lifting-Straps-01-2.jpg\",\"contentUrl\":\"https:\/\/sbdapparel.lt\/wp-content\/uploads\/2024\/02\/Lifting-Straps-01-2.jpg\",\"width\":2480,\"height\":2480},{\"@type\":\"BreadcrumbList\",\"@id\":\"https:\/\/sbdapparel.lt\/product\/standartiniai-sbd-dirzeliai\/#breadcrumb\",\"itemListElement\":[{\"@type\":\"ListItem\",\"position\":1,\"name\":\"Home\",\"item\":\"https:\/\/sbdapparel.lt\/\"},{\"@type\":\"ListItem\",\"position\":2,\"name\":\"Produktai\",\"item\":\"https:\/\/sbdapparel.lt\/shop\/\"},{\"@type\":\"ListItem\",\"position\":3,\"name\":\"LIFTING STRAPS FLAT LOOP\"}]},{\"@type\":\"WebSite\",\"@id\":\"https:\/\/sbdapparel.lt\/#website\",\"url\":\"https:\/\/sbdapparel.lt\/\",\"name\":\"SBD Apparel LT\",\"description\":\"LIETUVA\",\"publisher\":{\"@id\":\"https:\/\/sbdapparel.lt\/#organization\"},\"potentialAction\":[{\"@type\":\"SearchAction\",\"target\":{\"@type\":\"EntryPoint\",\"urlTemplate\":\"https:\/\/sbdapparel.lt\/?s={search_term_string}\"},\"query-input\":{\"@type\":\"PropertyValueSpecification\",\"valueRequired\":true,\"valueName\":\"search_term_string\"}}],\"inLanguage\":\"en-US\"},{\"@type\":\"Organization\",\"@id\":\"https:\/\/sbdapparel.lt\/#organization\",\"name\":\"SBD Apparel LT\",\"url\":\"https:\/\/sbdapparel.lt\/\",\"logo\":{\"@type\":\"ImageObject\",\"inLanguage\":\"en-US\",\"@id\":\"https:\/\/sbdapparel.lt\/#\/schema\/logo\/image\/\",\"url\":\"https:\/\/sbdapparel.lt\/wp-content\/uploads\/2023\/07\/cropped-SBD_Identity_OnDark_RGB.png\",\"contentUrl\":\"https:\/\/sbdapparel.lt\/wp-content\/uploads\/2023\/07\/cropped-SBD_Identity_OnDark_RGB.png\",\"width\":1182,\"height\":515,\"caption\":\"SBD Apparel LT\"},\"image\":{\"@id\":\"https:\/\/sbdapparel.lt\/#\/schema\/logo\/image\/\"}}]}<\/script>\n<!-- \/ Yoast SEO plugin. -->","yoast_head_json":{"title":"LIFTING STRAPS FLAT LOOP - SBD Apparel LT","robots":{"index":"index","follow":"follow","max-snippet":"max-snippet:-1","max-image-preview":"max-image-preview:large","max-video-preview":"max-video-preview:-1"},"canonical":"https:\/\/sbdapparel.lt\/en\/product\/standartiniai-sbd-dirzeliai\/","og_locale":"en_US","og_type":"article","og_title":"LIFTING STRAPS FLAT LOOP - SBD Apparel LT","og_description":"Su m\u016bs\u0173 patentuota apyrank\u0117s konstrukcija, kuri supina gij\u0173 aramidin\u012f pluo\u0161t\u0105 susuktuose pluo\u0161tuose. K\u0117limo dir\u017eeliai yra stipresni nei nailono \u012fvynioklis, tuo pa\u010diu suteikiant medvilninio \u012fvyniojimo patogumo. Sukurta bendradarbiaujant su pasaulinio lygio sportininkais, kad b\u016bt\u0173 pa\u0161alintas sukibimas kaip ribojantis veiksnys keliant maksimal\u0173 svor\u012f arba atliekant papildomus pakartojimus. Patentuota juostos konstrukcija Pagaminta Did\u017eiojoje Britanijoje Med\u017eiagos: Kevlar\u00ae pluo\u0161tas, poliesteris DuPont\u2122 ir Kevlar\u00ae yra DuPont de Nemours, Inc. filial\u0173 preki\u0173 \u017eenklai arba registruotieji preki\u0173 \u017eenklai.","og_url":"https:\/\/sbdapparel.lt\/en\/product\/standartiniai-sbd-dirzeliai\/","og_site_name":"SBD Apparel LT","article_modified_time":"2026-01-16T20:01:24+00:00","og_image":[{"width":1024,"height":1024,"url":"https:\/\/sbdapparel.lt\/wp-content\/uploads\/2024\/02\/Lifting-Straps-01-2-1024x1024.jpg","type":"image\/jpeg"}],"twitter_card":"summary_large_image","schema":{"@context":"https:\/\/schema.org","@graph":[{"@type":"WebPage","@id":"https:\/\/sbdapparel.lt\/product\/standartiniai-sbd-dirzeliai\/","url":"https:\/\/sbdapparel.lt\/product\/standartiniai-sbd-dirzeliai\/","name":"LIFTING STRAPS FLAT LOOP - SBD Apparel LT","isPartOf":{"@id":"https:\/\/sbdapparel.lt\/#website"},"primaryImageOfPage":{"@id":"https:\/\/sbdapparel.lt\/product\/standartiniai-sbd-dirzeliai\/#primaryimage"},"image":{"@id":"https:\/\/sbdapparel.lt\/product\/standartiniai-sbd-dirzeliai\/#primaryimage"},"thumbnailUrl":"https:\/\/sbdapparel.lt\/wp-content\/uploads\/2024\/02\/Lifting-Straps-01-2.jpg","datePublished":"2024-02-15T21:52:46+00:00","dateModified":"2026-01-16T20:01:24+00:00","breadcrumb":{"@id":"https:\/\/sbdapparel.lt\/product\/standartiniai-sbd-dirzeliai\/#breadcrumb"},"inLanguage":"en-US","potentialAction":[{"@type":"ReadAction","target":["https:\/\/sbdapparel.lt\/product\/standartiniai-sbd-dirzeliai\/"]}]},{"@type":"ImageObject","inLanguage":"en-US","@id":"https:\/\/sbdapparel.lt\/product\/standartiniai-sbd-dirzeliai\/#primaryimage","url":"https:\/\/sbdapparel.lt\/wp-content\/uploads\/2024\/02\/Lifting-Straps-01-2.jpg","contentUrl":"https:\/\/sbdapparel.lt\/wp-content\/uploads\/2024\/02\/Lifting-Straps-01-2.jpg","width":2480,"height":2480},{"@type":"BreadcrumbList","@id":"https:\/\/sbdapparel.lt\/product\/standartiniai-sbd-dirzeliai\/#breadcrumb","itemListElement":[{"@type":"ListItem","position":1,"name":"Home","item":"https:\/\/sbdapparel.lt\/"},{"@type":"ListItem","position":2,"name":"Produktai","item":"https:\/\/sbdapparel.lt\/shop\/"},{"@type":"ListItem","position":3,"name":"LIFTING STRAPS FLAT LOOP"}]},{"@type":"WebSite","@id":"https:\/\/sbdapparel.lt\/#website","url":"https:\/\/sbdapparel.lt\/","name":"SBD Apparel LT","description":"LIETUVA","publisher":{"@id":"https:\/\/sbdapparel.lt\/#organization"},"potentialAction":[{"@type":"SearchAction","target":{"@type":"EntryPoint","urlTemplate":"https:\/\/sbdapparel.lt\/?s={search_term_string}"},"query-input":{"@type":"PropertyValueSpecification","valueRequired":true,"valueName":"search_term_string"}}],"inLanguage":"en-US"},{"@type":"Organization","@id":"https:\/\/sbdapparel.lt\/#organization","name":"SBD Apparel LT","url":"https:\/\/sbdapparel.lt\/","logo":{"@type":"ImageObject","inLanguage":"en-US","@id":"https:\/\/sbdapparel.lt\/#\/schema\/logo\/image\/","url":"https:\/\/sbdapparel.lt\/wp-content\/uploads\/2023\/07\/cropped-SBD_Identity_OnDark_RGB.png","contentUrl":"https:\/\/sbdapparel.lt\/wp-content\/uploads\/2023\/07\/cropped-SBD_Identity_OnDark_RGB.png","width":1182,"height":515,"caption":"SBD Apparel LT"},"image":{"@id":"https:\/\/sbdapparel.lt\/#\/schema\/logo\/image\/"}}]}},"_links":{"self":[{"href":"https:\/\/sbdapparel.lt\/en\/wp-json\/wp\/v2\/product\/1559","targetHints":{"allow":["GET"]}}],"collection":[{"href":"https:\/\/sbdapparel.lt\/en\/wp-json\/wp\/v2\/product"}],"about":[{"href":"https:\/\/sbdapparel.lt\/en\/wp-json\/wp\/v2\/types\/product"}],"version-history":[{"count":6,"href":"https:\/\/sbdapparel.lt\/en\/wp-json\/wp\/v2\/product\/1559\/revisions"}],"predecessor-version":[{"id":4616,"href":"https:\/\/sbdapparel.lt\/en\/wp-json\/wp\/v2\/product\/1559\/revisions\/4616"}],"wp:featuredmedia":[{"embeddable":true,"href":"https:\/\/sbdapparel.lt\/en\/wp-json\/wp\/v2\/media\/1560"}],"wp:attachment":[{"href":"https:\/\/sbdapparel.lt\/en\/wp-json\/wp\/v2\/media?parent=1559"}],"wp:term":[{"taxonomy":"product_brand","embeddable":true,"href":"https:\/\/sbdapparel.lt\/en\/wp-json\/wp\/v2\/product_brand?post=1559"},{"taxonomy":"product_cat","embeddable":true,"href":"https:\/\/sbdapparel.lt\/en\/wp-json\/wp\/v2\/product_cat?post=1559"},{"taxonomy":"product_tag","embeddable":true,"href":"https:\/\/sbdapparel.lt\/en\/wp-json\/wp\/v2\/product_tag?post=1559"},{"taxonomy":"giftcard-category","embeddable":true,"href":"https:\/\/sbdapparel.lt\/en\/wp-json\/wp\/v2\/giftcard-category?post=1559"}],"curies":[{"name":"wp","href":"https:\/\/api.w.org\/{rel}","templated":true}]}}