{"id":1565,"date":"2024-02-15T21:57:29","date_gmt":"2024-02-15T21:57:29","guid":{"rendered":"https:\/\/sbdapparel.lt\/?post_type=product&#038;p=1565"},"modified":"2026-01-16T23:03:32","modified_gmt":"2026-01-16T20:03:32","slug":"sbd-kelimo-dirzeliai-figure-8","status":"publish","type":"product","link":"https:\/\/sbdapparel.lt\/en\/product\/sbd-kelimo-dirzeliai-figure-8\/","title":{"rendered":"Figure 8 Lifting Straps"},"content":{"rendered":"","protected":false},"excerpt":{"rendered":"<p><span class=\"jCAhz ChMk0b\"><span class=\"ryNqvb\">Designed to sit flat against the base of the hand and to tighten on the wrist as the weight loads on the straps, attaching you securely to the bar throughout the lift.<\/span><\/span> <span class=\"jCAhz ChMk0b\"><span class=\"ryNqvb\">Featuring our patent-pending webbing construction, which weaves filament aramid fibre within spun fibres. The figure 8 lifting straps offer greater strength than a nylon wrap, whilst providing the comfort of a cotton wrap.<\/span><\/span> FIGURE 8\u00a0<span class=\"jCAhz ChMk0b\"><span class=\"ryNqvb\"> Designed through collaboration with world-class athletes to eliminate grip as a limiting factor when lifting for maximal weight or extra repetitions.<\/span><\/span> <span class=\"jCAhz ChMk0b\"><span class=\"ryNqvb\">Sukurta bendradarbiaujant su pasaulinio lygio sportininkais, kad b\u016bt\u0173 pa\u0161alintas sukibimas su grifu kaip ribojantis veiksnys keliant maksimal\u0173 svor\u012f arba atliekant papildomus pakartojimus.<\/span><\/span> <span class=\"jCAhz ChMk0b\"><span class=\"ryNqvb\">Patento laukiama FIGURE 8 konstrukcija, skirta u\u017efiksuoti ant rie\u0161o<\/span><\/span> <span class=\"jCAhz ChMk0b\"><span class=\"ryNqvb\">Patent-pending webbing construction<\/span><\/span> <span class=\"jCAhz ChMk0b\"><span class=\"ryNqvb\">Made in Sheffield, Great Britain.<\/span><\/span> <span class=\"jCAhz ChMk0b\"><span class=\"ryNqvb\">Materials: Kevlar\u00ae fiber, polyester<\/span><\/span> <span class=\"jCAhz ChMk0b\"><span class=\"ryNqvb\">DuPont\u2122 and Kevlar\u00ae are trademarks or registered trademarks of affiliates of DuPont de Nemours, Inc.<\/span><\/span><\/p>","protected":false},"featured_media":1566,"template":"","meta":[],"product_brand":[],"product_cat":[48],"product_tag":[],"giftcard-category":[],"class_list":{"0":"post-1565","1":"product","2":"type-product","3":"status-publish","4":"has-post-thumbnail","6":"product_cat-kelikmodirzai","9":"instock","10":"sold-individually","11":"shipping-taxable","12":"purchasable","13":"product-type-variable","14":"product-grid-view"},"yoast_head":"<!-- This site is optimized with the Yoast SEO plugin v26.9 - https:\/\/yoast.com\/product\/yoast-seo-wordpress\/ -->\n<title>SBD FIGURE 8 K\u0116LIMO DIR\u017dELIAI - SBD Apparel LT<\/title>\n<meta name=\"robots\" content=\"index, follow, max-snippet:-1, max-image-preview:large, max-video-preview:-1\" \/>\n<link rel=\"canonical\" href=\"https:\/\/sbdapparel.lt\/en\/product\/sbd-kelimo-dirzeliai-figure-8\/\" \/>\n<meta property=\"og:locale\" content=\"en_US\" \/>\n<meta property=\"og:type\" content=\"article\" \/>\n<meta property=\"og:title\" content=\"SBD FIGURE 8 K\u0116LIMO DIR\u017dELIAI - SBD Apparel LT\" \/>\n<meta property=\"og:description\" content=\"Sukurta u\u017esid\u0117ti prie pla\u0161takos pagrindo ir suver\u017eti rie\u0161\u0105, kai svoris apkrauna dir\u017eus, taip saugiai pritvirtindamas jus prie \u0161tangos grifo\u00a0 viso k\u0117limo metu. Su m\u016bs\u0173 patentuota dir\u017eeli\u0173 juostos\u00a0 konstrukcija, kuri supina gij\u0173 aramidin\u012f pluo\u0161t\u0105 susuktuose pluo\u0161tuose, FIGURE 8\u00a0 k\u0117limo dir\u017eeliai yra stipresni nei nailoniniai dir\u017eeliai, tuo pat metu suteikiantys komfort\u0105. Sukurta bendradarbiaujant su pasaulinio lygio sportininkais, kad b\u016bt\u0173 pa\u0161alintas sukibimas su grifu kaip ribojantis veiksnys keliant maksimal\u0173 svor\u012f arba atliekant papildomus pakartojimus. Patento laukiama FIGURE 8 konstrukcija, skirta u\u017efiksuoti ant rie\u0161o Patentuota juostos konstrukcija Pagaminta Did\u017eiojoje Britanijoje Med\u017eiagos: Kevlar\u00ae pluo\u0161tas, poliesteris DuPont\u2122 ir Kevlar\u00ae yra DuPont de Nemours, Inc. filial\u0173 preki\u0173 \u017eenklai arba registruotieji preki\u0173 \u017eenklai.\" \/>\n<meta property=\"og:url\" content=\"https:\/\/sbdapparel.lt\/en\/product\/sbd-kelimo-dirzeliai-figure-8\/\" \/>\n<meta property=\"og:site_name\" content=\"SBD Apparel LT\" \/>\n<meta property=\"article:modified_time\" content=\"2026-01-16T20:03:32+00:00\" \/>\n<meta property=\"og:image\" content=\"https:\/\/sbdapparel.lt\/wp-content\/uploads\/2024\/02\/Figure-8-Lifting-Straps-01-1-1024x1024.jpg\" \/>\n\t<meta property=\"og:image:width\" content=\"1024\" \/>\n\t<meta property=\"og:image:height\" content=\"1024\" \/>\n\t<meta property=\"og:image:type\" content=\"image\/jpeg\" \/>\n<meta name=\"twitter:card\" content=\"summary_large_image\" \/>\n<script type=\"application\/ld+json\" class=\"yoast-schema-graph\">{\"@context\":\"https:\/\/schema.org\",\"@graph\":[{\"@type\":\"WebPage\",\"@id\":\"https:\/\/sbdapparel.lt\/product\/sbd-kelimo-dirzeliai-figure-8\/\",\"url\":\"https:\/\/sbdapparel.lt\/product\/sbd-kelimo-dirzeliai-figure-8\/\",\"name\":\"SBD FIGURE 8 K\u0116LIMO DIR\u017dELIAI - SBD Apparel LT\",\"isPartOf\":{\"@id\":\"https:\/\/sbdapparel.lt\/#website\"},\"primaryImageOfPage\":{\"@id\":\"https:\/\/sbdapparel.lt\/product\/sbd-kelimo-dirzeliai-figure-8\/#primaryimage\"},\"image\":{\"@id\":\"https:\/\/sbdapparel.lt\/product\/sbd-kelimo-dirzeliai-figure-8\/#primaryimage\"},\"thumbnailUrl\":\"https:\/\/sbdapparel.lt\/wp-content\/uploads\/2024\/02\/Figure-8-Lifting-Straps-01-1.jpg\",\"datePublished\":\"2024-02-15T21:57:29+00:00\",\"dateModified\":\"2026-01-16T20:03:32+00:00\",\"breadcrumb\":{\"@id\":\"https:\/\/sbdapparel.lt\/product\/sbd-kelimo-dirzeliai-figure-8\/#breadcrumb\"},\"inLanguage\":\"en-US\",\"potentialAction\":[{\"@type\":\"ReadAction\",\"target\":[\"https:\/\/sbdapparel.lt\/product\/sbd-kelimo-dirzeliai-figure-8\/\"]}]},{\"@type\":\"ImageObject\",\"inLanguage\":\"en-US\",\"@id\":\"https:\/\/sbdapparel.lt\/product\/sbd-kelimo-dirzeliai-figure-8\/#primaryimage\",\"url\":\"https:\/\/sbdapparel.lt\/wp-content\/uploads\/2024\/02\/Figure-8-Lifting-Straps-01-1.jpg\",\"contentUrl\":\"https:\/\/sbdapparel.lt\/wp-content\/uploads\/2024\/02\/Figure-8-Lifting-Straps-01-1.jpg\",\"width\":2480,\"height\":2480},{\"@type\":\"BreadcrumbList\",\"@id\":\"https:\/\/sbdapparel.lt\/product\/sbd-kelimo-dirzeliai-figure-8\/#breadcrumb\",\"itemListElement\":[{\"@type\":\"ListItem\",\"position\":1,\"name\":\"Home\",\"item\":\"https:\/\/sbdapparel.lt\/\"},{\"@type\":\"ListItem\",\"position\":2,\"name\":\"Produktai\",\"item\":\"https:\/\/sbdapparel.lt\/shop\/\"},{\"@type\":\"ListItem\",\"position\":3,\"name\":\"SBD FIGURE 8 K\u0116LIMO DIR\u017dELIAI\"}]},{\"@type\":\"WebSite\",\"@id\":\"https:\/\/sbdapparel.lt\/#website\",\"url\":\"https:\/\/sbdapparel.lt\/\",\"name\":\"SBD Apparel LT\",\"description\":\"LIETUVA\",\"publisher\":{\"@id\":\"https:\/\/sbdapparel.lt\/#organization\"},\"potentialAction\":[{\"@type\":\"SearchAction\",\"target\":{\"@type\":\"EntryPoint\",\"urlTemplate\":\"https:\/\/sbdapparel.lt\/?s={search_term_string}\"},\"query-input\":{\"@type\":\"PropertyValueSpecification\",\"valueRequired\":true,\"valueName\":\"search_term_string\"}}],\"inLanguage\":\"en-US\"},{\"@type\":\"Organization\",\"@id\":\"https:\/\/sbdapparel.lt\/#organization\",\"name\":\"SBD Apparel LT\",\"url\":\"https:\/\/sbdapparel.lt\/\",\"logo\":{\"@type\":\"ImageObject\",\"inLanguage\":\"en-US\",\"@id\":\"https:\/\/sbdapparel.lt\/#\/schema\/logo\/image\/\",\"url\":\"https:\/\/sbdapparel.lt\/wp-content\/uploads\/2023\/07\/cropped-SBD_Identity_OnDark_RGB.png\",\"contentUrl\":\"https:\/\/sbdapparel.lt\/wp-content\/uploads\/2023\/07\/cropped-SBD_Identity_OnDark_RGB.png\",\"width\":1182,\"height\":515,\"caption\":\"SBD Apparel LT\"},\"image\":{\"@id\":\"https:\/\/sbdapparel.lt\/#\/schema\/logo\/image\/\"}}]}<\/script>\n<!-- \/ Yoast SEO plugin. -->","yoast_head_json":{"title":"SBD FIGURE 8 K\u0116LIMO DIR\u017dELIAI - SBD Apparel LT","robots":{"index":"index","follow":"follow","max-snippet":"max-snippet:-1","max-image-preview":"max-image-preview:large","max-video-preview":"max-video-preview:-1"},"canonical":"https:\/\/sbdapparel.lt\/en\/product\/sbd-kelimo-dirzeliai-figure-8\/","og_locale":"en_US","og_type":"article","og_title":"SBD FIGURE 8 K\u0116LIMO DIR\u017dELIAI - SBD Apparel LT","og_description":"Sukurta u\u017esid\u0117ti prie pla\u0161takos pagrindo ir suver\u017eti rie\u0161\u0105, kai svoris apkrauna dir\u017eus, taip saugiai pritvirtindamas jus prie \u0161tangos grifo\u00a0 viso k\u0117limo metu. Su m\u016bs\u0173 patentuota dir\u017eeli\u0173 juostos\u00a0 konstrukcija, kuri supina gij\u0173 aramidin\u012f pluo\u0161t\u0105 susuktuose pluo\u0161tuose, FIGURE 8\u00a0 k\u0117limo dir\u017eeliai yra stipresni nei nailoniniai dir\u017eeliai, tuo pat metu suteikiantys komfort\u0105. Sukurta bendradarbiaujant su pasaulinio lygio sportininkais, kad b\u016bt\u0173 pa\u0161alintas sukibimas su grifu kaip ribojantis veiksnys keliant maksimal\u0173 svor\u012f arba atliekant papildomus pakartojimus. Patento laukiama FIGURE 8 konstrukcija, skirta u\u017efiksuoti ant rie\u0161o Patentuota juostos konstrukcija Pagaminta Did\u017eiojoje Britanijoje Med\u017eiagos: Kevlar\u00ae pluo\u0161tas, poliesteris DuPont\u2122 ir Kevlar\u00ae yra DuPont de Nemours, Inc. filial\u0173 preki\u0173 \u017eenklai arba registruotieji preki\u0173 \u017eenklai.","og_url":"https:\/\/sbdapparel.lt\/en\/product\/sbd-kelimo-dirzeliai-figure-8\/","og_site_name":"SBD Apparel LT","article_modified_time":"2026-01-16T20:03:32+00:00","og_image":[{"width":1024,"height":1024,"url":"https:\/\/sbdapparel.lt\/wp-content\/uploads\/2024\/02\/Figure-8-Lifting-Straps-01-1-1024x1024.jpg","type":"image\/jpeg"}],"twitter_card":"summary_large_image","schema":{"@context":"https:\/\/schema.org","@graph":[{"@type":"WebPage","@id":"https:\/\/sbdapparel.lt\/product\/sbd-kelimo-dirzeliai-figure-8\/","url":"https:\/\/sbdapparel.lt\/product\/sbd-kelimo-dirzeliai-figure-8\/","name":"SBD FIGURE 8 K\u0116LIMO DIR\u017dELIAI - SBD Apparel LT","isPartOf":{"@id":"https:\/\/sbdapparel.lt\/#website"},"primaryImageOfPage":{"@id":"https:\/\/sbdapparel.lt\/product\/sbd-kelimo-dirzeliai-figure-8\/#primaryimage"},"image":{"@id":"https:\/\/sbdapparel.lt\/product\/sbd-kelimo-dirzeliai-figure-8\/#primaryimage"},"thumbnailUrl":"https:\/\/sbdapparel.lt\/wp-content\/uploads\/2024\/02\/Figure-8-Lifting-Straps-01-1.jpg","datePublished":"2024-02-15T21:57:29+00:00","dateModified":"2026-01-16T20:03:32+00:00","breadcrumb":{"@id":"https:\/\/sbdapparel.lt\/product\/sbd-kelimo-dirzeliai-figure-8\/#breadcrumb"},"inLanguage":"en-US","potentialAction":[{"@type":"ReadAction","target":["https:\/\/sbdapparel.lt\/product\/sbd-kelimo-dirzeliai-figure-8\/"]}]},{"@type":"ImageObject","inLanguage":"en-US","@id":"https:\/\/sbdapparel.lt\/product\/sbd-kelimo-dirzeliai-figure-8\/#primaryimage","url":"https:\/\/sbdapparel.lt\/wp-content\/uploads\/2024\/02\/Figure-8-Lifting-Straps-01-1.jpg","contentUrl":"https:\/\/sbdapparel.lt\/wp-content\/uploads\/2024\/02\/Figure-8-Lifting-Straps-01-1.jpg","width":2480,"height":2480},{"@type":"BreadcrumbList","@id":"https:\/\/sbdapparel.lt\/product\/sbd-kelimo-dirzeliai-figure-8\/#breadcrumb","itemListElement":[{"@type":"ListItem","position":1,"name":"Home","item":"https:\/\/sbdapparel.lt\/"},{"@type":"ListItem","position":2,"name":"Produktai","item":"https:\/\/sbdapparel.lt\/shop\/"},{"@type":"ListItem","position":3,"name":"SBD FIGURE 8 K\u0116LIMO DIR\u017dELIAI"}]},{"@type":"WebSite","@id":"https:\/\/sbdapparel.lt\/#website","url":"https:\/\/sbdapparel.lt\/","name":"SBD Apparel LT","description":"LIETUVA","publisher":{"@id":"https:\/\/sbdapparel.lt\/#organization"},"potentialAction":[{"@type":"SearchAction","target":{"@type":"EntryPoint","urlTemplate":"https:\/\/sbdapparel.lt\/?s={search_term_string}"},"query-input":{"@type":"PropertyValueSpecification","valueRequired":true,"valueName":"search_term_string"}}],"inLanguage":"en-US"},{"@type":"Organization","@id":"https:\/\/sbdapparel.lt\/#organization","name":"SBD Apparel LT","url":"https:\/\/sbdapparel.lt\/","logo":{"@type":"ImageObject","inLanguage":"en-US","@id":"https:\/\/sbdapparel.lt\/#\/schema\/logo\/image\/","url":"https:\/\/sbdapparel.lt\/wp-content\/uploads\/2023\/07\/cropped-SBD_Identity_OnDark_RGB.png","contentUrl":"https:\/\/sbdapparel.lt\/wp-content\/uploads\/2023\/07\/cropped-SBD_Identity_OnDark_RGB.png","width":1182,"height":515,"caption":"SBD Apparel LT"},"image":{"@id":"https:\/\/sbdapparel.lt\/#\/schema\/logo\/image\/"}}]}},"_links":{"self":[{"href":"https:\/\/sbdapparel.lt\/en\/wp-json\/wp\/v2\/product\/1565","targetHints":{"allow":["GET"]}}],"collection":[{"href":"https:\/\/sbdapparel.lt\/en\/wp-json\/wp\/v2\/product"}],"about":[{"href":"https:\/\/sbdapparel.lt\/en\/wp-json\/wp\/v2\/types\/product"}],"version-history":[{"count":7,"href":"https:\/\/sbdapparel.lt\/en\/wp-json\/wp\/v2\/product\/1565\/revisions"}],"predecessor-version":[{"id":1571,"href":"https:\/\/sbdapparel.lt\/en\/wp-json\/wp\/v2\/product\/1565\/revisions\/1571"}],"wp:featuredmedia":[{"embeddable":true,"href":"https:\/\/sbdapparel.lt\/en\/wp-json\/wp\/v2\/media\/1566"}],"wp:attachment":[{"href":"https:\/\/sbdapparel.lt\/en\/wp-json\/wp\/v2\/media?parent=1565"}],"wp:term":[{"taxonomy":"product_brand","embeddable":true,"href":"https:\/\/sbdapparel.lt\/en\/wp-json\/wp\/v2\/product_brand?post=1565"},{"taxonomy":"product_cat","embeddable":true,"href":"https:\/\/sbdapparel.lt\/en\/wp-json\/wp\/v2\/product_cat?post=1565"},{"taxonomy":"product_tag","embeddable":true,"href":"https:\/\/sbdapparel.lt\/en\/wp-json\/wp\/v2\/product_tag?post=1565"},{"taxonomy":"giftcard-category","embeddable":true,"href":"https:\/\/sbdapparel.lt\/en\/wp-json\/wp\/v2\/giftcard-category?post=1565"}],"curies":[{"name":"wp","href":"https:\/\/api.w.org\/{rel}","templated":true}]}}