{"id":1576,"date":"2024-02-15T22:07:23","date_gmt":"2024-02-15T22:07:23","guid":{"rendered":"https:\/\/sbdapparel.lt\/?post_type=product&#038;p=1576"},"modified":"2025-02-15T13:13:20","modified_gmt":"2025-02-15T13:13:20","slug":"oficialus-jegos-kilnojimo-singletas","status":"publish","type":"product","link":"https:\/\/sbdapparel.lt\/en\/product\/oficialus-jegos-kilnojimo-singletas\/","title":{"rendered":"Powerlifting Singlet"},"content":{"rendered":"<p>Sunkus juodas liemens audinys, pagamintas i\u0161 Meryl\u00ae &amp; Lycra\u00ae pluo\u0161t\u0173, kad i\u0161likt\u0173 mink\u0161tas ir pralaidus orui, kartu u\u017etikrint\u0173 patvarum\u0105 ir suspaudim\u0105<\/p>\n<p>\u0160viesesnis raudonas apdailos audinys i\u0161 nailono ir likros\u00ae, kad suma\u017eint\u0173 apribojimus ir pagerint\u0173 komfort\u0105<\/p>\n<p>Elastin\u0117s koj\u0173 juostos saugiai priglunda prie koj\u0173<\/p>\n<p>Guminis apvadas \u0161variai, profesionaliai apdailina juosteles<\/p>\n<p>IPF approved and USAPL, USPA and IWF compliant<\/p>\n<p>Made in Sheffield, Great Britain.<\/p>","protected":false},"excerpt":{"rendered":"<p>Strong black waist fabric made from Meryl\u00ae &amp; Lycra\u00ae fibers to stay soft and breathable while providing durability and compression.<\/p>\n<p>Lighter red trim fabric in nylon and Lycra\u00ae to reduce movement restrictions and improve comfort.<\/p>\n<p>Elastic leg bands fit securely around the legs.<\/p>\n<p>The model is suitable for both women and men.<\/p>\n<p>IPF approved and USAPL, USPA and IWF compliant<\/p>\n<p>Made in Sheffield, Great Britain.<\/p>","protected":false},"featured_media":4524,"template":"","meta":[],"product_brand":[],"product_cat":[47],"product_tag":[],"giftcard-category":[],"class_list":{"0":"post-1576","1":"product","2":"type-product","3":"status-publish","4":"has-post-thumbnail","6":"product_cat-singletai","9":"instock","10":"shipping-taxable","11":"purchasable","12":"product-type-variable","13":"product-grid-view"},"yoast_head":"<!-- This site is optimized with the Yoast SEO plugin v26.9 - https:\/\/yoast.com\/product\/yoast-seo-wordpress\/ -->\n<title>SBD POWERLIFTING SINGLETAS - SBD Apparel LT<\/title>\n<meta name=\"robots\" content=\"index, follow, max-snippet:-1, max-image-preview:large, max-video-preview:-1\" \/>\n<link rel=\"canonical\" href=\"https:\/\/sbdapparel.lt\/en\/product\/oficialus-jegos-kilnojimo-singletas\/\" \/>\n<meta property=\"og:locale\" content=\"en_US\" \/>\n<meta property=\"og:type\" content=\"article\" \/>\n<meta property=\"og:title\" content=\"SBD POWERLIFTING SINGLETAS - SBD Apparel LT\" \/>\n<meta property=\"og:description\" content=\"Tvirtas juodas liemens audinys, pagamintas i\u0161 Meryl\u00ae &amp; Lycra\u00ae pluo\u0161t\u0173, kad i\u0161likt\u0173 mink\u0161tas ir pralaidus orui, kartu u\u017etikrint\u0173 patvarum\u0105 ir suspaudim\u0105.  \u0160viesesnis raudonas apdailos audinys i\u0161 nailono ir Lycra\u00ae, kad suma\u017eint\u0173 judesi\u0173 apribojimus ir pagerint\u0173 komfort\u0105.  Elastin\u0117s koj\u0173 juostos saugiai priglunda prie koj\u0173.  Modelis tinka tiek moterims, tiek vyrams.  Patvirtinta IPF ir atitinka IWF  Pagaminta i\u0161skirtinai Did\u017eiojoje Britanijoje\" \/>\n<meta property=\"og:url\" content=\"https:\/\/sbdapparel.lt\/en\/product\/oficialus-jegos-kilnojimo-singletas\/\" \/>\n<meta property=\"og:site_name\" content=\"SBD Apparel LT\" \/>\n<meta property=\"article:modified_time\" content=\"2025-02-15T13:13:20+00:00\" \/>\n<meta property=\"og:image\" content=\"https:\/\/sbdapparel.lt\/wp-content\/uploads\/2024\/02\/Screenshot_20250211-231821_Chrome.jpg\" \/>\n\t<meta property=\"og:image:width\" content=\"780\" \/>\n\t<meta property=\"og:image:height\" content=\"608\" \/>\n\t<meta property=\"og:image:type\" content=\"image\/jpeg\" \/>\n<meta name=\"twitter:card\" content=\"summary_large_image\" \/>\n<script type=\"application\/ld+json\" class=\"yoast-schema-graph\">{\"@context\":\"https:\/\/schema.org\",\"@graph\":[{\"@type\":\"WebPage\",\"@id\":\"https:\/\/sbdapparel.lt\/en\/product\/oficialus-jegos-kilnojimo-singletas\/\",\"url\":\"https:\/\/sbdapparel.lt\/en\/product\/oficialus-jegos-kilnojimo-singletas\/\",\"name\":\"SBD POWERLIFTING SINGLETAS - SBD Apparel LT\",\"isPartOf\":{\"@id\":\"https:\/\/sbdapparel.lt\/#website\"},\"primaryImageOfPage\":{\"@id\":\"https:\/\/sbdapparel.lt\/en\/product\/oficialus-jegos-kilnojimo-singletas\/#primaryimage\"},\"image\":{\"@id\":\"https:\/\/sbdapparel.lt\/en\/product\/oficialus-jegos-kilnojimo-singletas\/#primaryimage\"},\"thumbnailUrl\":\"https:\/\/sbdapparel.lt\/wp-content\/uploads\/2024\/02\/Screenshot_20250211-231821_Chrome.jpg\",\"datePublished\":\"2024-02-15T22:07:23+00:00\",\"dateModified\":\"2025-02-15T13:13:20+00:00\",\"breadcrumb\":{\"@id\":\"https:\/\/sbdapparel.lt\/en\/product\/oficialus-jegos-kilnojimo-singletas\/#breadcrumb\"},\"inLanguage\":\"en-US\",\"potentialAction\":[{\"@type\":\"ReadAction\",\"target\":[\"https:\/\/sbdapparel.lt\/en\/product\/oficialus-jegos-kilnojimo-singletas\/\"]}]},{\"@type\":\"ImageObject\",\"inLanguage\":\"en-US\",\"@id\":\"https:\/\/sbdapparel.lt\/en\/product\/oficialus-jegos-kilnojimo-singletas\/#primaryimage\",\"url\":\"https:\/\/sbdapparel.lt\/wp-content\/uploads\/2024\/02\/Screenshot_20250211-231821_Chrome.jpg\",\"contentUrl\":\"https:\/\/sbdapparel.lt\/wp-content\/uploads\/2024\/02\/Screenshot_20250211-231821_Chrome.jpg\",\"width\":780,\"height\":608},{\"@type\":\"BreadcrumbList\",\"@id\":\"https:\/\/sbdapparel.lt\/en\/product\/oficialus-jegos-kilnojimo-singletas\/#breadcrumb\",\"itemListElement\":[{\"@type\":\"ListItem\",\"position\":1,\"name\":\"Home\",\"item\":\"https:\/\/sbdapparel.lt\/\"},{\"@type\":\"ListItem\",\"position\":2,\"name\":\"Produktai\",\"item\":\"https:\/\/sbdapparel.lt\/shop\/\"},{\"@type\":\"ListItem\",\"position\":3,\"name\":\"SBD POWERLIFTING SINGLETAS\"}]},{\"@type\":\"WebSite\",\"@id\":\"https:\/\/sbdapparel.lt\/#website\",\"url\":\"https:\/\/sbdapparel.lt\/\",\"name\":\"SBD Apparel LT\",\"description\":\"LIETUVA\",\"publisher\":{\"@id\":\"https:\/\/sbdapparel.lt\/#organization\"},\"potentialAction\":[{\"@type\":\"SearchAction\",\"target\":{\"@type\":\"EntryPoint\",\"urlTemplate\":\"https:\/\/sbdapparel.lt\/?s={search_term_string}\"},\"query-input\":{\"@type\":\"PropertyValueSpecification\",\"valueRequired\":true,\"valueName\":\"search_term_string\"}}],\"inLanguage\":\"en-US\"},{\"@type\":\"Organization\",\"@id\":\"https:\/\/sbdapparel.lt\/#organization\",\"name\":\"SBD Apparel LT\",\"url\":\"https:\/\/sbdapparel.lt\/\",\"logo\":{\"@type\":\"ImageObject\",\"inLanguage\":\"en-US\",\"@id\":\"https:\/\/sbdapparel.lt\/#\/schema\/logo\/image\/\",\"url\":\"https:\/\/sbdapparel.lt\/wp-content\/uploads\/2023\/07\/cropped-SBD_Identity_OnDark_RGB.png\",\"contentUrl\":\"https:\/\/sbdapparel.lt\/wp-content\/uploads\/2023\/07\/cropped-SBD_Identity_OnDark_RGB.png\",\"width\":1182,\"height\":515,\"caption\":\"SBD Apparel LT\"},\"image\":{\"@id\":\"https:\/\/sbdapparel.lt\/#\/schema\/logo\/image\/\"}}]}<\/script>\n<!-- \/ Yoast SEO plugin. -->","yoast_head_json":{"title":"SBD POWERLIFTING SINGLETAS - SBD Apparel LT","robots":{"index":"index","follow":"follow","max-snippet":"max-snippet:-1","max-image-preview":"max-image-preview:large","max-video-preview":"max-video-preview:-1"},"canonical":"https:\/\/sbdapparel.lt\/en\/product\/oficialus-jegos-kilnojimo-singletas\/","og_locale":"en_US","og_type":"article","og_title":"SBD POWERLIFTING SINGLETAS - SBD Apparel LT","og_description":"Tvirtas juodas liemens audinys, pagamintas i\u0161 Meryl\u00ae &amp; Lycra\u00ae pluo\u0161t\u0173, kad i\u0161likt\u0173 mink\u0161tas ir pralaidus orui, kartu u\u017etikrint\u0173 patvarum\u0105 ir suspaudim\u0105.  \u0160viesesnis raudonas apdailos audinys i\u0161 nailono ir Lycra\u00ae, kad suma\u017eint\u0173 judesi\u0173 apribojimus ir pagerint\u0173 komfort\u0105.  Elastin\u0117s koj\u0173 juostos saugiai priglunda prie koj\u0173.  Modelis tinka tiek moterims, tiek vyrams.  Patvirtinta IPF ir atitinka IWF  Pagaminta i\u0161skirtinai Did\u017eiojoje Britanijoje","og_url":"https:\/\/sbdapparel.lt\/en\/product\/oficialus-jegos-kilnojimo-singletas\/","og_site_name":"SBD Apparel LT","article_modified_time":"2025-02-15T13:13:20+00:00","og_image":[{"width":780,"height":608,"url":"https:\/\/sbdapparel.lt\/wp-content\/uploads\/2024\/02\/Screenshot_20250211-231821_Chrome.jpg","type":"image\/jpeg"}],"twitter_card":"summary_large_image","schema":{"@context":"https:\/\/schema.org","@graph":[{"@type":"WebPage","@id":"https:\/\/sbdapparel.lt\/en\/product\/oficialus-jegos-kilnojimo-singletas\/","url":"https:\/\/sbdapparel.lt\/en\/product\/oficialus-jegos-kilnojimo-singletas\/","name":"SBD POWERLIFTING SINGLETAS - SBD Apparel LT","isPartOf":{"@id":"https:\/\/sbdapparel.lt\/#website"},"primaryImageOfPage":{"@id":"https:\/\/sbdapparel.lt\/en\/product\/oficialus-jegos-kilnojimo-singletas\/#primaryimage"},"image":{"@id":"https:\/\/sbdapparel.lt\/en\/product\/oficialus-jegos-kilnojimo-singletas\/#primaryimage"},"thumbnailUrl":"https:\/\/sbdapparel.lt\/wp-content\/uploads\/2024\/02\/Screenshot_20250211-231821_Chrome.jpg","datePublished":"2024-02-15T22:07:23+00:00","dateModified":"2025-02-15T13:13:20+00:00","breadcrumb":{"@id":"https:\/\/sbdapparel.lt\/en\/product\/oficialus-jegos-kilnojimo-singletas\/#breadcrumb"},"inLanguage":"en-US","potentialAction":[{"@type":"ReadAction","target":["https:\/\/sbdapparel.lt\/en\/product\/oficialus-jegos-kilnojimo-singletas\/"]}]},{"@type":"ImageObject","inLanguage":"en-US","@id":"https:\/\/sbdapparel.lt\/en\/product\/oficialus-jegos-kilnojimo-singletas\/#primaryimage","url":"https:\/\/sbdapparel.lt\/wp-content\/uploads\/2024\/02\/Screenshot_20250211-231821_Chrome.jpg","contentUrl":"https:\/\/sbdapparel.lt\/wp-content\/uploads\/2024\/02\/Screenshot_20250211-231821_Chrome.jpg","width":780,"height":608},{"@type":"BreadcrumbList","@id":"https:\/\/sbdapparel.lt\/en\/product\/oficialus-jegos-kilnojimo-singletas\/#breadcrumb","itemListElement":[{"@type":"ListItem","position":1,"name":"Home","item":"https:\/\/sbdapparel.lt\/"},{"@type":"ListItem","position":2,"name":"Produktai","item":"https:\/\/sbdapparel.lt\/shop\/"},{"@type":"ListItem","position":3,"name":"SBD POWERLIFTING SINGLETAS"}]},{"@type":"WebSite","@id":"https:\/\/sbdapparel.lt\/#website","url":"https:\/\/sbdapparel.lt\/","name":"SBD Apparel LT","description":"LIETUVA","publisher":{"@id":"https:\/\/sbdapparel.lt\/#organization"},"potentialAction":[{"@type":"SearchAction","target":{"@type":"EntryPoint","urlTemplate":"https:\/\/sbdapparel.lt\/?s={search_term_string}"},"query-input":{"@type":"PropertyValueSpecification","valueRequired":true,"valueName":"search_term_string"}}],"inLanguage":"en-US"},{"@type":"Organization","@id":"https:\/\/sbdapparel.lt\/#organization","name":"SBD Apparel LT","url":"https:\/\/sbdapparel.lt\/","logo":{"@type":"ImageObject","inLanguage":"en-US","@id":"https:\/\/sbdapparel.lt\/#\/schema\/logo\/image\/","url":"https:\/\/sbdapparel.lt\/wp-content\/uploads\/2023\/07\/cropped-SBD_Identity_OnDark_RGB.png","contentUrl":"https:\/\/sbdapparel.lt\/wp-content\/uploads\/2023\/07\/cropped-SBD_Identity_OnDark_RGB.png","width":1182,"height":515,"caption":"SBD Apparel LT"},"image":{"@id":"https:\/\/sbdapparel.lt\/#\/schema\/logo\/image\/"}}]}},"_links":{"self":[{"href":"https:\/\/sbdapparel.lt\/en\/wp-json\/wp\/v2\/product\/1576","targetHints":{"allow":["GET"]}}],"collection":[{"href":"https:\/\/sbdapparel.lt\/en\/wp-json\/wp\/v2\/product"}],"about":[{"href":"https:\/\/sbdapparel.lt\/en\/wp-json\/wp\/v2\/types\/product"}],"version-history":[{"count":4,"href":"https:\/\/sbdapparel.lt\/en\/wp-json\/wp\/v2\/product\/1576\/revisions"}],"predecessor-version":[{"id":4214,"href":"https:\/\/sbdapparel.lt\/en\/wp-json\/wp\/v2\/product\/1576\/revisions\/4214"}],"wp:featuredmedia":[{"embeddable":true,"href":"https:\/\/sbdapparel.lt\/en\/wp-json\/wp\/v2\/media\/4524"}],"wp:attachment":[{"href":"https:\/\/sbdapparel.lt\/en\/wp-json\/wp\/v2\/media?parent=1576"}],"wp:term":[{"taxonomy":"product_brand","embeddable":true,"href":"https:\/\/sbdapparel.lt\/en\/wp-json\/wp\/v2\/product_brand?post=1576"},{"taxonomy":"product_cat","embeddable":true,"href":"https:\/\/sbdapparel.lt\/en\/wp-json\/wp\/v2\/product_cat?post=1576"},{"taxonomy":"product_tag","embeddable":true,"href":"https:\/\/sbdapparel.lt\/en\/wp-json\/wp\/v2\/product_tag?post=1576"},{"taxonomy":"giftcard-category","embeddable":true,"href":"https:\/\/sbdapparel.lt\/en\/wp-json\/wp\/v2\/giftcard-category?post=1576"}],"curies":[{"name":"wp","href":"https:\/\/api.w.org\/{rel}","templated":true}]}}