{"id":1660,"date":"2024-02-19T18:55:19","date_gmt":"2024-02-19T18:55:19","guid":{"rendered":"https:\/\/sbdapparel.lt\/?post_type=product&#038;p=1660"},"modified":"2025-12-21T16:32:46","modified_gmt":"2025-12-21T13:32:46","slug":"100e-dovanu-kortele-kopija","status":"publish","type":"product","link":"https:\/\/sbdapparel.lt\/en\/product\/100e-dovanu-kortele-kopija\/","title":{"rendered":"100\u20ac DOVAN\u0172 KORTEL\u0116"},"content":{"rendered":"<div class=\"lRu31\" dir=\"ltr\"><span class=\"HwtZe\" lang=\"lt\"><span class=\"jCAhz ChMk0b\"><span class=\"ryNqvb\">Norite kam nors padovanoti SBD produktus, bet tiksliai ne\u017einote, ko jie ie\u0161ko?<\/span><\/span> <\/span><\/div>\n<div class=\"lRu31\" dir=\"ltr\"><span class=\"HwtZe\" lang=\"lt\"><span class=\"jCAhz ChMk0b\"><span class=\"ryNqvb\">Padovanokite jiems SBD dovan\u0173 kortel\u0119, ir leiskite i\u0161sirinkti.<\/span><\/span><\/span><\/div>\n<div class=\"lRu31\" dir=\"ltr\"><span class=\"HwtZe\" lang=\"lt\"> <span class=\"jCAhz ChMk0b\"><span class=\"ryNqvb\">Kaip i\u0161si\u0173sti SBD E-dovan\u0173 kortel\u0119, taip pat priklauso nuo j\u016bs\u0173.<\/span><\/span> <\/span><\/div>\n<div class=\"lRu31\" dir=\"ltr\"><span class=\"HwtZe\" lang=\"lt\"><span class=\"jCAhz ChMk0b\"><span class=\"ryNqvb\">Galite pasirinkti, kad kodas b\u016bt\u0173 i\u0161si\u0173stas el. pa\u0161tu tiesiogiai gav\u0117jui, arba galite pasirinkti, kad kod\u0105 dovanotum\u0117te patys.\u00a0<\/span><\/span><\/span><\/div>\n<div dir=\"ltr\">Dovan\u0173 kortel\u0117 gali b\u016bti panaudota tik sbdapparel.lt<\/div>\n<div class=\"lRu31\" dir=\"ltr\">\n<div class=\"OvtS8d\"><\/div>\n<div id=\"ow307\"><\/div>\n<\/div>\n<div class=\"UdTY9 WdefRb\" aria-hidden=\"true\" data-location=\"2\"><\/div>","protected":false},"excerpt":{"rendered":"<div class=\"lRu31\" dir=\"ltr\"><span class=\"HwtZe\" lang=\"lt\"><span class=\"jCAhz ChMk0b\"><span class=\"ryNqvb\">Norite kam nors padovanoti SBD produktus, bet tiksliai ne\u017einote, ko jie ie\u0161ko?<\/span><\/span> <\/span><\/div>\n<div class=\"lRu31\" dir=\"ltr\"><span class=\"HwtZe\" lang=\"lt\"><span class=\"jCAhz ChMk0b\"><span class=\"ryNqvb\">Padovanokite jiems SBD dovan\u0173 kortel\u0119, ir leiskit i\u0161sirinkti jiems<\/span><\/span><\/span><span class=\"HwtZe\" lang=\"lt\"><span class=\"jCAhz ChMk0b\"><span class=\"ryNqvb\">.<\/span><\/span><\/span><\/div>\n<div class=\"lRu31\" dir=\"ltr\"><span class=\"HwtZe\" lang=\"lt\"> <span class=\"jCAhz ChMk0b\"><span class=\"ryNqvb\">Kaip i\u0161si\u0173sti SBD E-dovan\u0173 kortel\u0119, taip pat priklauso nuo j\u016bs\u0173.<\/span><\/span> <\/span><\/div>\n<div class=\"lRu31\" dir=\"ltr\"><span class=\"HwtZe\" lang=\"lt\"><span class=\"jCAhz ChMk0b\"><span class=\"ryNqvb\">Galite pasirinkti, kad kodas b\u016bt\u0173 i\u0161si\u0173stas el. pa\u0161tu tiesiogiai gav\u0117jui, arba galite pasirinkti, kad kod\u0105 dovanotum\u0117te patys.\u00a0<\/span><\/span><\/span><\/div>\n<div dir=\"ltr\">Dovan\u0173 kortel\u0117 gali b\u016bti panaudota tik sbdapparel.lt<\/div>\n<div class=\"lRu31\" dir=\"ltr\">\n<div class=\"OvtS8d\"><\/div>\n<div id=\"ow307\"><\/div>\n<\/div>\n<div class=\"UdTY9 WdefRb\" aria-hidden=\"true\" data-location=\"2\"><\/div>","protected":false},"featured_media":1283,"template":"","meta":[],"product_brand":[],"product_cat":[61],"product_tag":[],"giftcard-category":[],"class_list":{"0":"post-1660","1":"product","2":"type-product","3":"status-publish","4":"has-post-thumbnail","6":"product_cat-wps_wgm_giftcard","9":"instock","10":"virtual","11":"purchasable","12":"product-type-gift-card","13":"product-grid-view"},"yoast_head":"<!-- This site is optimized with the Yoast SEO plugin v26.9 - https:\/\/yoast.com\/product\/yoast-seo-wordpress\/ -->\n<title>100\u20ac DOVAN\u0172 KORTEL\u0116 - SBD Apparel LT<\/title>\n<meta name=\"robots\" content=\"index, follow, max-snippet:-1, max-image-preview:large, max-video-preview:-1\" \/>\n<link rel=\"canonical\" href=\"https:\/\/sbdapparel.lt\/en\/product\/100e-dovanu-kortele-kopija\/\" \/>\n<meta property=\"og:locale\" content=\"en_US\" \/>\n<meta property=\"og:type\" content=\"article\" \/>\n<meta property=\"og:title\" content=\"100\u20ac DOVAN\u0172 KORTEL\u0116 - SBD Apparel LT\" \/>\n<meta property=\"og:description\" content=\"Norite kam nors padovanoti SBD produktus, bet tiksliai ne\u017einote, ko jie ie\u0161ko?  Padovanokite jiems SBD dovan\u0173 kortel\u0119, ir leiskit i\u0161sirinkti jiems.  Kaip i\u0161si\u0173sti SBD E-dovan\u0173 kortel\u0119, taip pat priklauso nuo j\u016bs\u0173.  Galite pasirinkti, kad kodas b\u016bt\u0173 i\u0161si\u0173stas el. pa\u0161tu tiesiogiai gav\u0117jui, arba galite pasirinkti, kad kod\u0105 dovanotum\u0117te patys.\u00a0 Dovan\u0173 kortel\u0117 gali b\u016bti panaudota tik sbdapparel.lt\" \/>\n<meta property=\"og:url\" content=\"https:\/\/sbdapparel.lt\/en\/product\/100e-dovanu-kortele-kopija\/\" \/>\n<meta property=\"og:site_name\" content=\"SBD Apparel LT\" \/>\n<meta property=\"article:modified_time\" content=\"2025-12-21T13:32:46+00:00\" \/>\n<meta property=\"og:image\" content=\"https:\/\/sbdapparel.lt\/wp-content\/uploads\/2023\/07\/SBD-LOGO-RED-ON-BLACK.jpg\" \/>\n\t<meta property=\"og:image:width\" content=\"2160\" \/>\n\t<meta property=\"og:image:height\" content=\"2160\" \/>\n\t<meta property=\"og:image:type\" content=\"image\/jpeg\" \/>\n<meta name=\"twitter:card\" content=\"summary_large_image\" \/>\n<script type=\"application\/ld+json\" class=\"yoast-schema-graph\">{\"@context\":\"https:\/\/schema.org\",\"@graph\":[{\"@type\":\"WebPage\",\"@id\":\"https:\/\/sbdapparel.lt\/product\/100e-dovanu-kortele-kopija\/\",\"url\":\"https:\/\/sbdapparel.lt\/product\/100e-dovanu-kortele-kopija\/\",\"name\":\"100\u20ac DOVAN\u0172 KORTEL\u0116 - SBD Apparel LT\",\"isPartOf\":{\"@id\":\"https:\/\/sbdapparel.lt\/#website\"},\"primaryImageOfPage\":{\"@id\":\"https:\/\/sbdapparel.lt\/product\/100e-dovanu-kortele-kopija\/#primaryimage\"},\"image\":{\"@id\":\"https:\/\/sbdapparel.lt\/product\/100e-dovanu-kortele-kopija\/#primaryimage\"},\"thumbnailUrl\":\"https:\/\/sbdapparel.lt\/wp-content\/uploads\/2023\/07\/SBD-LOGO-RED-ON-BLACK.jpg\",\"datePublished\":\"2024-02-19T18:55:19+00:00\",\"dateModified\":\"2025-12-21T13:32:46+00:00\",\"breadcrumb\":{\"@id\":\"https:\/\/sbdapparel.lt\/product\/100e-dovanu-kortele-kopija\/#breadcrumb\"},\"inLanguage\":\"en-US\",\"potentialAction\":[{\"@type\":\"ReadAction\",\"target\":[\"https:\/\/sbdapparel.lt\/product\/100e-dovanu-kortele-kopija\/\"]}]},{\"@type\":\"ImageObject\",\"inLanguage\":\"en-US\",\"@id\":\"https:\/\/sbdapparel.lt\/product\/100e-dovanu-kortele-kopija\/#primaryimage\",\"url\":\"https:\/\/sbdapparel.lt\/wp-content\/uploads\/2023\/07\/SBD-LOGO-RED-ON-BLACK.jpg\",\"contentUrl\":\"https:\/\/sbdapparel.lt\/wp-content\/uploads\/2023\/07\/SBD-LOGO-RED-ON-BLACK.jpg\",\"width\":2160,\"height\":2160},{\"@type\":\"BreadcrumbList\",\"@id\":\"https:\/\/sbdapparel.lt\/product\/100e-dovanu-kortele-kopija\/#breadcrumb\",\"itemListElement\":[{\"@type\":\"ListItem\",\"position\":1,\"name\":\"Home\",\"item\":\"https:\/\/sbdapparel.lt\/\"},{\"@type\":\"ListItem\",\"position\":2,\"name\":\"Produktai\",\"item\":\"https:\/\/sbdapparel.lt\/shop\/\"},{\"@type\":\"ListItem\",\"position\":3,\"name\":\"100\u20ac DOVAN\u0172 KORTEL\u0116\"}]},{\"@type\":\"WebSite\",\"@id\":\"https:\/\/sbdapparel.lt\/#website\",\"url\":\"https:\/\/sbdapparel.lt\/\",\"name\":\"SBD Apparel LT\",\"description\":\"LIETUVA\",\"publisher\":{\"@id\":\"https:\/\/sbdapparel.lt\/#organization\"},\"potentialAction\":[{\"@type\":\"SearchAction\",\"target\":{\"@type\":\"EntryPoint\",\"urlTemplate\":\"https:\/\/sbdapparel.lt\/?s={search_term_string}\"},\"query-input\":{\"@type\":\"PropertyValueSpecification\",\"valueRequired\":true,\"valueName\":\"search_term_string\"}}],\"inLanguage\":\"en-US\"},{\"@type\":\"Organization\",\"@id\":\"https:\/\/sbdapparel.lt\/#organization\",\"name\":\"SBD Apparel LT\",\"url\":\"https:\/\/sbdapparel.lt\/\",\"logo\":{\"@type\":\"ImageObject\",\"inLanguage\":\"en-US\",\"@id\":\"https:\/\/sbdapparel.lt\/#\/schema\/logo\/image\/\",\"url\":\"https:\/\/sbdapparel.lt\/wp-content\/uploads\/2023\/07\/cropped-SBD_Identity_OnDark_RGB.png\",\"contentUrl\":\"https:\/\/sbdapparel.lt\/wp-content\/uploads\/2023\/07\/cropped-SBD_Identity_OnDark_RGB.png\",\"width\":1182,\"height\":515,\"caption\":\"SBD Apparel LT\"},\"image\":{\"@id\":\"https:\/\/sbdapparel.lt\/#\/schema\/logo\/image\/\"}}]}<\/script>\n<!-- \/ Yoast SEO plugin. -->","yoast_head_json":{"title":"100\u20ac DOVAN\u0172 KORTEL\u0116 - SBD Apparel LT","robots":{"index":"index","follow":"follow","max-snippet":"max-snippet:-1","max-image-preview":"max-image-preview:large","max-video-preview":"max-video-preview:-1"},"canonical":"https:\/\/sbdapparel.lt\/en\/product\/100e-dovanu-kortele-kopija\/","og_locale":"en_US","og_type":"article","og_title":"100\u20ac DOVAN\u0172 KORTEL\u0116 - SBD Apparel LT","og_description":"Norite kam nors padovanoti SBD produktus, bet tiksliai ne\u017einote, ko jie ie\u0161ko?  Padovanokite jiems SBD dovan\u0173 kortel\u0119, ir leiskit i\u0161sirinkti jiems.  Kaip i\u0161si\u0173sti SBD E-dovan\u0173 kortel\u0119, taip pat priklauso nuo j\u016bs\u0173.  Galite pasirinkti, kad kodas b\u016bt\u0173 i\u0161si\u0173stas el. pa\u0161tu tiesiogiai gav\u0117jui, arba galite pasirinkti, kad kod\u0105 dovanotum\u0117te patys.\u00a0 Dovan\u0173 kortel\u0117 gali b\u016bti panaudota tik sbdapparel.lt","og_url":"https:\/\/sbdapparel.lt\/en\/product\/100e-dovanu-kortele-kopija\/","og_site_name":"SBD Apparel LT","article_modified_time":"2025-12-21T13:32:46+00:00","og_image":[{"width":2160,"height":2160,"url":"https:\/\/sbdapparel.lt\/wp-content\/uploads\/2023\/07\/SBD-LOGO-RED-ON-BLACK.jpg","type":"image\/jpeg"}],"twitter_card":"summary_large_image","schema":{"@context":"https:\/\/schema.org","@graph":[{"@type":"WebPage","@id":"https:\/\/sbdapparel.lt\/product\/100e-dovanu-kortele-kopija\/","url":"https:\/\/sbdapparel.lt\/product\/100e-dovanu-kortele-kopija\/","name":"100\u20ac DOVAN\u0172 KORTEL\u0116 - SBD Apparel LT","isPartOf":{"@id":"https:\/\/sbdapparel.lt\/#website"},"primaryImageOfPage":{"@id":"https:\/\/sbdapparel.lt\/product\/100e-dovanu-kortele-kopija\/#primaryimage"},"image":{"@id":"https:\/\/sbdapparel.lt\/product\/100e-dovanu-kortele-kopija\/#primaryimage"},"thumbnailUrl":"https:\/\/sbdapparel.lt\/wp-content\/uploads\/2023\/07\/SBD-LOGO-RED-ON-BLACK.jpg","datePublished":"2024-02-19T18:55:19+00:00","dateModified":"2025-12-21T13:32:46+00:00","breadcrumb":{"@id":"https:\/\/sbdapparel.lt\/product\/100e-dovanu-kortele-kopija\/#breadcrumb"},"inLanguage":"en-US","potentialAction":[{"@type":"ReadAction","target":["https:\/\/sbdapparel.lt\/product\/100e-dovanu-kortele-kopija\/"]}]},{"@type":"ImageObject","inLanguage":"en-US","@id":"https:\/\/sbdapparel.lt\/product\/100e-dovanu-kortele-kopija\/#primaryimage","url":"https:\/\/sbdapparel.lt\/wp-content\/uploads\/2023\/07\/SBD-LOGO-RED-ON-BLACK.jpg","contentUrl":"https:\/\/sbdapparel.lt\/wp-content\/uploads\/2023\/07\/SBD-LOGO-RED-ON-BLACK.jpg","width":2160,"height":2160},{"@type":"BreadcrumbList","@id":"https:\/\/sbdapparel.lt\/product\/100e-dovanu-kortele-kopija\/#breadcrumb","itemListElement":[{"@type":"ListItem","position":1,"name":"Home","item":"https:\/\/sbdapparel.lt\/"},{"@type":"ListItem","position":2,"name":"Produktai","item":"https:\/\/sbdapparel.lt\/shop\/"},{"@type":"ListItem","position":3,"name":"100\u20ac DOVAN\u0172 KORTEL\u0116"}]},{"@type":"WebSite","@id":"https:\/\/sbdapparel.lt\/#website","url":"https:\/\/sbdapparel.lt\/","name":"SBD Apparel LT","description":"LIETUVA","publisher":{"@id":"https:\/\/sbdapparel.lt\/#organization"},"potentialAction":[{"@type":"SearchAction","target":{"@type":"EntryPoint","urlTemplate":"https:\/\/sbdapparel.lt\/?s={search_term_string}"},"query-input":{"@type":"PropertyValueSpecification","valueRequired":true,"valueName":"search_term_string"}}],"inLanguage":"en-US"},{"@type":"Organization","@id":"https:\/\/sbdapparel.lt\/#organization","name":"SBD Apparel LT","url":"https:\/\/sbdapparel.lt\/","logo":{"@type":"ImageObject","inLanguage":"en-US","@id":"https:\/\/sbdapparel.lt\/#\/schema\/logo\/image\/","url":"https:\/\/sbdapparel.lt\/wp-content\/uploads\/2023\/07\/cropped-SBD_Identity_OnDark_RGB.png","contentUrl":"https:\/\/sbdapparel.lt\/wp-content\/uploads\/2023\/07\/cropped-SBD_Identity_OnDark_RGB.png","width":1182,"height":515,"caption":"SBD Apparel LT"},"image":{"@id":"https:\/\/sbdapparel.lt\/#\/schema\/logo\/image\/"}}]}},"_links":{"self":[{"href":"https:\/\/sbdapparel.lt\/en\/wp-json\/wp\/v2\/product\/1660","targetHints":{"allow":["GET"]}}],"collection":[{"href":"https:\/\/sbdapparel.lt\/en\/wp-json\/wp\/v2\/product"}],"about":[{"href":"https:\/\/sbdapparel.lt\/en\/wp-json\/wp\/v2\/types\/product"}],"version-history":[{"count":4,"href":"https:\/\/sbdapparel.lt\/en\/wp-json\/wp\/v2\/product\/1660\/revisions"}],"predecessor-version":[{"id":3367,"href":"https:\/\/sbdapparel.lt\/en\/wp-json\/wp\/v2\/product\/1660\/revisions\/3367"}],"wp:featuredmedia":[{"embeddable":true,"href":"https:\/\/sbdapparel.lt\/en\/wp-json\/wp\/v2\/media\/1283"}],"wp:attachment":[{"href":"https:\/\/sbdapparel.lt\/en\/wp-json\/wp\/v2\/media?parent=1660"}],"wp:term":[{"taxonomy":"product_brand","embeddable":true,"href":"https:\/\/sbdapparel.lt\/en\/wp-json\/wp\/v2\/product_brand?post=1660"},{"taxonomy":"product_cat","embeddable":true,"href":"https:\/\/sbdapparel.lt\/en\/wp-json\/wp\/v2\/product_cat?post=1660"},{"taxonomy":"product_tag","embeddable":true,"href":"https:\/\/sbdapparel.lt\/en\/wp-json\/wp\/v2\/product_tag?post=1660"},{"taxonomy":"giftcard-category","embeddable":true,"href":"https:\/\/sbdapparel.lt\/en\/wp-json\/wp\/v2\/giftcard-category?post=1660"}],"curies":[{"name":"wp","href":"https:\/\/api.w.org\/{rel}","templated":true}]}}