{"id":1894,"date":"2024-11-09T14:42:29","date_gmt":"2024-11-09T14:42:29","guid":{"rendered":"https:\/\/sbdapparel.lt\/?post_type=product&#038;p=1894"},"modified":"2026-01-25T22:46:15","modified_gmt":"2026-01-25T19:46:15","slug":"defy-keliu-itvarai","status":"publish","type":"product","link":"https:\/\/sbdapparel.lt\/en\/product\/defy-keliu-itvarai\/","title":{"rendered":"Defy Weightlifting Knee Sleeves"},"content":{"rendered":"","protected":false},"excerpt":{"rendered":"<p>Manufactured with high grade 5mm neoprene, designed to provide compression and support through a greater range of motion, ideal for dynamic movements.<br \/>\nRelied on by strength athletes around the world, these 5mm knee sleeves are ideal for weightlifting and provide support for movements with a greater range of motion than a powerlifting squat.<br \/>\nDefy is a limited edition collection, offering the same performance and manufactured to the same high standards as our classic product line.<br \/>\nSold as a pair.<br \/>\nIPF approved and USAPL, USPA and IWF compliant<br \/>\n5mm high grade neoprene and four-way stretch fabric for a greater stretch.<br \/>\nReinforced seam construction to maximize longevity.<br \/>\nAnti-microbial, anti-run inner lining.<br \/>\nAbrasion resistant exterior lining.<br \/>\nPatented design.<br \/>\nManufactured in Great Britain.<\/p>","protected":false},"featured_media":1901,"template":"","meta":[],"product_brand":[],"product_cat":[59,43],"product_tag":[],"giftcard-category":[],"class_list":{"0":"post-1894","1":"product","2":"type-product","3":"status-publish","4":"has-post-thumbnail","6":"product_cat-defy","7":"product_cat-keliuitvarai","10":"instock","11":"shipping-taxable","12":"purchasable","13":"product-type-variable","14":"product-grid-view"},"yoast_head":"<!-- This site is optimized with the Yoast SEO plugin v26.9 - https:\/\/yoast.com\/product\/yoast-seo-wordpress\/ -->\n<title>DEFY WEIGHTLIFTING 5 mm KELI\u0172 \u012eTVARAI - SBD Apparel LT<\/title>\n<meta name=\"robots\" content=\"index, follow, max-snippet:-1, max-image-preview:large, max-video-preview:-1\" \/>\n<link rel=\"canonical\" href=\"https:\/\/sbdapparel.lt\/en\/product\/defy-keliu-itvarai\/\" \/>\n<meta property=\"og:locale\" content=\"en_US\" \/>\n<meta property=\"og:type\" content=\"article\" \/>\n<meta property=\"og:title\" content=\"DEFY WEIGHTLIFTING 5 mm KELI\u0172 \u012eTVARAI - SBD Apparel LT\" \/>\n<meta property=\"og:description\" content=\"Pagaminta i\u0161 auk\u0161tos kokyb\u0117s 5 mm neopreno, sukurto suspaudimui ir palaikymui didinant judesi\u0173 diapazon\u0105, idealiai tinka dinami\u0161kiems judesiams. \u0160ios 5 mm keli\u0173 rankov\u0117s, kuriomis pasitiki j\u0117gos atletai i\u0161 viso pasaulio, idealiai tinka svori\u0173 kilnojimui ir palaiko judesius, kuri\u0173 judesi\u0173 diapazonas yra didesnis nei j\u0117gos kilnojimo prit\u016bpimai. \u201eDefy\u201c yra riboto leidimo kolekcija, pasi\u017eyminti tuo pa\u010diu na\u0161umu ir pagaminta pagal tuos pa\u010dius auk\u0161tus standartus kaip ir m\u016bs\u0173 klasikin\u0117 produkt\u0173 linija. Parduodama kaip pora. IPF patvirtintas ir atitinkantis IWF. 5 mm auk\u0161tos kokyb\u0117s neoprenas ir \u012f keturias puses tamprus audinys, u\u017etikrinantis didesn\u012f tempim\u0105. Sustiprinta si\u016bl\u0117s konstrukcija maksimaliai ilgaam\u017ei\u0161kumui. Antimikrobinis, anti-b\u0117gimas vidinis pamu\u0161alas. Atsparus dilimui i\u0161orinis pamu\u0161alas. Patentuotas dizainas. Pagaminta Did\u017eiojoje Britanijoje.\" \/>\n<meta property=\"og:url\" content=\"https:\/\/sbdapparel.lt\/en\/product\/defy-keliu-itvarai\/\" \/>\n<meta property=\"og:site_name\" content=\"SBD Apparel LT\" \/>\n<meta property=\"article:modified_time\" content=\"2026-01-25T19:46:15+00:00\" \/>\n<meta property=\"og:image\" content=\"https:\/\/sbdapparel.lt\/wp-content\/uploads\/2024\/11\/weightdefy.jpg\" \/>\n\t<meta property=\"og:image:width\" content=\"733\" \/>\n\t<meta property=\"og:image:height\" content=\"613\" \/>\n\t<meta property=\"og:image:type\" content=\"image\/jpeg\" \/>\n<meta name=\"twitter:card\" content=\"summary_large_image\" \/>\n<script type=\"application\/ld+json\" class=\"yoast-schema-graph\">{\"@context\":\"https:\/\/schema.org\",\"@graph\":[{\"@type\":\"WebPage\",\"@id\":\"https:\/\/sbdapparel.lt\/product\/defy-keliu-itvarai\/\",\"url\":\"https:\/\/sbdapparel.lt\/product\/defy-keliu-itvarai\/\",\"name\":\"DEFY WEIGHTLIFTING 5 mm KELI\u0172 \u012eTVARAI - SBD Apparel LT\",\"isPartOf\":{\"@id\":\"https:\/\/sbdapparel.lt\/#website\"},\"primaryImageOfPage\":{\"@id\":\"https:\/\/sbdapparel.lt\/product\/defy-keliu-itvarai\/#primaryimage\"},\"image\":{\"@id\":\"https:\/\/sbdapparel.lt\/product\/defy-keliu-itvarai\/#primaryimage\"},\"thumbnailUrl\":\"https:\/\/sbdapparel.lt\/wp-content\/uploads\/2024\/11\/weightdefy.jpg\",\"datePublished\":\"2024-11-09T14:42:29+00:00\",\"dateModified\":\"2026-01-25T19:46:15+00:00\",\"breadcrumb\":{\"@id\":\"https:\/\/sbdapparel.lt\/product\/defy-keliu-itvarai\/#breadcrumb\"},\"inLanguage\":\"en-US\",\"potentialAction\":[{\"@type\":\"ReadAction\",\"target\":[\"https:\/\/sbdapparel.lt\/product\/defy-keliu-itvarai\/\"]}]},{\"@type\":\"ImageObject\",\"inLanguage\":\"en-US\",\"@id\":\"https:\/\/sbdapparel.lt\/product\/defy-keliu-itvarai\/#primaryimage\",\"url\":\"https:\/\/sbdapparel.lt\/wp-content\/uploads\/2024\/11\/weightdefy.jpg\",\"contentUrl\":\"https:\/\/sbdapparel.lt\/wp-content\/uploads\/2024\/11\/weightdefy.jpg\",\"width\":733,\"height\":613},{\"@type\":\"BreadcrumbList\",\"@id\":\"https:\/\/sbdapparel.lt\/product\/defy-keliu-itvarai\/#breadcrumb\",\"itemListElement\":[{\"@type\":\"ListItem\",\"position\":1,\"name\":\"Home\",\"item\":\"https:\/\/sbdapparel.lt\/\"},{\"@type\":\"ListItem\",\"position\":2,\"name\":\"Produktai\",\"item\":\"https:\/\/sbdapparel.lt\/shop\/\"},{\"@type\":\"ListItem\",\"position\":3,\"name\":\"DEFY WEIGHTLIFTING 5 mm KELI\u0172 \u012eTVARAI\"}]},{\"@type\":\"WebSite\",\"@id\":\"https:\/\/sbdapparel.lt\/#website\",\"url\":\"https:\/\/sbdapparel.lt\/\",\"name\":\"SBD Apparel LT\",\"description\":\"LIETUVA\",\"publisher\":{\"@id\":\"https:\/\/sbdapparel.lt\/#organization\"},\"potentialAction\":[{\"@type\":\"SearchAction\",\"target\":{\"@type\":\"EntryPoint\",\"urlTemplate\":\"https:\/\/sbdapparel.lt\/?s={search_term_string}\"},\"query-input\":{\"@type\":\"PropertyValueSpecification\",\"valueRequired\":true,\"valueName\":\"search_term_string\"}}],\"inLanguage\":\"en-US\"},{\"@type\":\"Organization\",\"@id\":\"https:\/\/sbdapparel.lt\/#organization\",\"name\":\"SBD Apparel LT\",\"url\":\"https:\/\/sbdapparel.lt\/\",\"logo\":{\"@type\":\"ImageObject\",\"inLanguage\":\"en-US\",\"@id\":\"https:\/\/sbdapparel.lt\/#\/schema\/logo\/image\/\",\"url\":\"https:\/\/sbdapparel.lt\/wp-content\/uploads\/2023\/07\/cropped-SBD_Identity_OnDark_RGB.png\",\"contentUrl\":\"https:\/\/sbdapparel.lt\/wp-content\/uploads\/2023\/07\/cropped-SBD_Identity_OnDark_RGB.png\",\"width\":1182,\"height\":515,\"caption\":\"SBD Apparel LT\"},\"image\":{\"@id\":\"https:\/\/sbdapparel.lt\/#\/schema\/logo\/image\/\"}}]}<\/script>\n<!-- \/ Yoast SEO plugin. -->","yoast_head_json":{"title":"DEFY WEIGHTLIFTING 5 mm KELI\u0172 \u012eTVARAI - SBD Apparel LT","robots":{"index":"index","follow":"follow","max-snippet":"max-snippet:-1","max-image-preview":"max-image-preview:large","max-video-preview":"max-video-preview:-1"},"canonical":"https:\/\/sbdapparel.lt\/en\/product\/defy-keliu-itvarai\/","og_locale":"en_US","og_type":"article","og_title":"DEFY WEIGHTLIFTING 5 mm KELI\u0172 \u012eTVARAI - SBD Apparel LT","og_description":"Pagaminta i\u0161 auk\u0161tos kokyb\u0117s 5 mm neopreno, sukurto suspaudimui ir palaikymui didinant judesi\u0173 diapazon\u0105, idealiai tinka dinami\u0161kiems judesiams. \u0160ios 5 mm keli\u0173 rankov\u0117s, kuriomis pasitiki j\u0117gos atletai i\u0161 viso pasaulio, idealiai tinka svori\u0173 kilnojimui ir palaiko judesius, kuri\u0173 judesi\u0173 diapazonas yra didesnis nei j\u0117gos kilnojimo prit\u016bpimai. \u201eDefy\u201c yra riboto leidimo kolekcija, pasi\u017eyminti tuo pa\u010diu na\u0161umu ir pagaminta pagal tuos pa\u010dius auk\u0161tus standartus kaip ir m\u016bs\u0173 klasikin\u0117 produkt\u0173 linija. Parduodama kaip pora. IPF patvirtintas ir atitinkantis IWF. 5 mm auk\u0161tos kokyb\u0117s neoprenas ir \u012f keturias puses tamprus audinys, u\u017etikrinantis didesn\u012f tempim\u0105. Sustiprinta si\u016bl\u0117s konstrukcija maksimaliai ilgaam\u017ei\u0161kumui. Antimikrobinis, anti-b\u0117gimas vidinis pamu\u0161alas. Atsparus dilimui i\u0161orinis pamu\u0161alas. Patentuotas dizainas. Pagaminta Did\u017eiojoje Britanijoje.","og_url":"https:\/\/sbdapparel.lt\/en\/product\/defy-keliu-itvarai\/","og_site_name":"SBD Apparel LT","article_modified_time":"2026-01-25T19:46:15+00:00","og_image":[{"width":733,"height":613,"url":"https:\/\/sbdapparel.lt\/wp-content\/uploads\/2024\/11\/weightdefy.jpg","type":"image\/jpeg"}],"twitter_card":"summary_large_image","schema":{"@context":"https:\/\/schema.org","@graph":[{"@type":"WebPage","@id":"https:\/\/sbdapparel.lt\/product\/defy-keliu-itvarai\/","url":"https:\/\/sbdapparel.lt\/product\/defy-keliu-itvarai\/","name":"DEFY WEIGHTLIFTING 5 mm KELI\u0172 \u012eTVARAI - SBD Apparel LT","isPartOf":{"@id":"https:\/\/sbdapparel.lt\/#website"},"primaryImageOfPage":{"@id":"https:\/\/sbdapparel.lt\/product\/defy-keliu-itvarai\/#primaryimage"},"image":{"@id":"https:\/\/sbdapparel.lt\/product\/defy-keliu-itvarai\/#primaryimage"},"thumbnailUrl":"https:\/\/sbdapparel.lt\/wp-content\/uploads\/2024\/11\/weightdefy.jpg","datePublished":"2024-11-09T14:42:29+00:00","dateModified":"2026-01-25T19:46:15+00:00","breadcrumb":{"@id":"https:\/\/sbdapparel.lt\/product\/defy-keliu-itvarai\/#breadcrumb"},"inLanguage":"en-US","potentialAction":[{"@type":"ReadAction","target":["https:\/\/sbdapparel.lt\/product\/defy-keliu-itvarai\/"]}]},{"@type":"ImageObject","inLanguage":"en-US","@id":"https:\/\/sbdapparel.lt\/product\/defy-keliu-itvarai\/#primaryimage","url":"https:\/\/sbdapparel.lt\/wp-content\/uploads\/2024\/11\/weightdefy.jpg","contentUrl":"https:\/\/sbdapparel.lt\/wp-content\/uploads\/2024\/11\/weightdefy.jpg","width":733,"height":613},{"@type":"BreadcrumbList","@id":"https:\/\/sbdapparel.lt\/product\/defy-keliu-itvarai\/#breadcrumb","itemListElement":[{"@type":"ListItem","position":1,"name":"Home","item":"https:\/\/sbdapparel.lt\/"},{"@type":"ListItem","position":2,"name":"Produktai","item":"https:\/\/sbdapparel.lt\/shop\/"},{"@type":"ListItem","position":3,"name":"DEFY WEIGHTLIFTING 5 mm KELI\u0172 \u012eTVARAI"}]},{"@type":"WebSite","@id":"https:\/\/sbdapparel.lt\/#website","url":"https:\/\/sbdapparel.lt\/","name":"SBD Apparel LT","description":"LIETUVA","publisher":{"@id":"https:\/\/sbdapparel.lt\/#organization"},"potentialAction":[{"@type":"SearchAction","target":{"@type":"EntryPoint","urlTemplate":"https:\/\/sbdapparel.lt\/?s={search_term_string}"},"query-input":{"@type":"PropertyValueSpecification","valueRequired":true,"valueName":"search_term_string"}}],"inLanguage":"en-US"},{"@type":"Organization","@id":"https:\/\/sbdapparel.lt\/#organization","name":"SBD Apparel LT","url":"https:\/\/sbdapparel.lt\/","logo":{"@type":"ImageObject","inLanguage":"en-US","@id":"https:\/\/sbdapparel.lt\/#\/schema\/logo\/image\/","url":"https:\/\/sbdapparel.lt\/wp-content\/uploads\/2023\/07\/cropped-SBD_Identity_OnDark_RGB.png","contentUrl":"https:\/\/sbdapparel.lt\/wp-content\/uploads\/2023\/07\/cropped-SBD_Identity_OnDark_RGB.png","width":1182,"height":515,"caption":"SBD Apparel LT"},"image":{"@id":"https:\/\/sbdapparel.lt\/#\/schema\/logo\/image\/"}}]}},"_links":{"self":[{"href":"https:\/\/sbdapparel.lt\/en\/wp-json\/wp\/v2\/product\/1894","targetHints":{"allow":["GET"]}}],"collection":[{"href":"https:\/\/sbdapparel.lt\/en\/wp-json\/wp\/v2\/product"}],"about":[{"href":"https:\/\/sbdapparel.lt\/en\/wp-json\/wp\/v2\/types\/product"}],"version-history":[{"count":3,"href":"https:\/\/sbdapparel.lt\/en\/wp-json\/wp\/v2\/product\/1894\/revisions"}],"predecessor-version":[{"id":4165,"href":"https:\/\/sbdapparel.lt\/en\/wp-json\/wp\/v2\/product\/1894\/revisions\/4165"}],"wp:featuredmedia":[{"embeddable":true,"href":"https:\/\/sbdapparel.lt\/en\/wp-json\/wp\/v2\/media\/1901"}],"wp:attachment":[{"href":"https:\/\/sbdapparel.lt\/en\/wp-json\/wp\/v2\/media?parent=1894"}],"wp:term":[{"taxonomy":"product_brand","embeddable":true,"href":"https:\/\/sbdapparel.lt\/en\/wp-json\/wp\/v2\/product_brand?post=1894"},{"taxonomy":"product_cat","embeddable":true,"href":"https:\/\/sbdapparel.lt\/en\/wp-json\/wp\/v2\/product_cat?post=1894"},{"taxonomy":"product_tag","embeddable":true,"href":"https:\/\/sbdapparel.lt\/en\/wp-json\/wp\/v2\/product_tag?post=1894"},{"taxonomy":"giftcard-category","embeddable":true,"href":"https:\/\/sbdapparel.lt\/en\/wp-json\/wp\/v2\/giftcard-category?post=1894"}],"curies":[{"name":"wp","href":"https:\/\/api.w.org\/{rel}","templated":true}]}}