{"id":1928,"date":"2024-11-09T14:54:29","date_gmt":"2024-11-09T14:54:29","guid":{"rendered":"https:\/\/sbdapparel.lt\/?post_type=product&#038;p=1928"},"modified":"2026-01-25T00:08:52","modified_gmt":"2026-01-24T21:08:52","slug":"reflect-sunkiojos-atletikos-keliu-itvarai-7mm","status":"publish","type":"product","link":"https:\/\/sbdapparel.lt\/en\/product\/reflect-sunkiojos-atletikos-keliu-itvarai-7mm\/","title":{"rendered":"Reflect Powerlifting Knee Sleeves 7mm"},"content":{"rendered":"","protected":false},"excerpt":{"rendered":"<p>The SBD Powerlifting Knee Sleeves are designed for competitive powerlifters looking for the maximum support from their sleeves.<\/p>\n<p>Reflect is a limited edition collection, offering the same performance and manufactured to the same high standards as our classic product line.<\/p>\n<p>Sold as a pair.<\/p>\n<p>IPF approved and USAPL and IWF compliant with the maximum allowable 30cm length.<\/p>\n<p>High grade, high density 7mm neoprene offers maximal compression and surface contact area throughout knee flexion.<\/p>\n<p>Enhanced four-way stretch allows the neoprene to stretch during fitting and maintain compression all around the knee joint throughout the lift with no gapping.<\/p>\n<p>Heavyweight linings, edging and seams designed to hold up to even the most aggressive fitting.<\/p>\n<p>Antimicrobial treatment minimizes the build up in bacteria and reduces odor.<\/p>\n<p>Patented design.<\/p>\n<p>Made in Sheffield, Great Britain.<\/p>","protected":false},"featured_media":1935,"template":"","meta":[],"product_brand":[],"product_cat":[43,63],"product_tag":[],"giftcard-category":[],"class_list":{"0":"post-1928","1":"product","2":"type-product","3":"status-publish","4":"has-post-thumbnail","6":"product_cat-keliuitvarai","7":"product_cat-reflect","10":"instock","11":"shipping-taxable","12":"purchasable","13":"product-type-variable","14":"product-grid-view"},"yoast_head":"<!-- This site is optimized with the Yoast SEO plugin v26.9 - https:\/\/yoast.com\/product\/yoast-seo-wordpress\/ -->\n<title>REFLECT POWERLIFTING 7mm KELI\u0172 \u012eTVARAI - SBD Apparel LT<\/title>\n<meta name=\"robots\" content=\"index, follow, max-snippet:-1, max-image-preview:large, max-video-preview:-1\" \/>\n<link rel=\"canonical\" href=\"https:\/\/sbdapparel.lt\/en\/product\/reflect-sunkiojos-atletikos-keliu-itvarai-7mm\/\" \/>\n<meta property=\"og:locale\" content=\"en_US\" \/>\n<meta property=\"og:type\" content=\"article\" \/>\n<meta property=\"og:title\" content=\"REFLECT POWERLIFTING 7mm KELI\u0172 \u012eTVARAI - SBD Apparel LT\" \/>\n<meta property=\"og:description\" content=\"SBD keli\u0173 \u012ftvarai skirti rimtiems j\u0117gos sporto atletams , ie\u0161kantiems maksimalios atramos i\u0161 keli\u0173 \u012ftvar\u0173. Jie leid\u017eia \u017eymiai labiau suspausti kelio s\u0105nar\u012f lenkimo metu, kad maksimaliai padidint\u0173 atram\u0105 ir pasitik\u0117jim\u0105 maksimali\u0173 bandym\u0173 metu, padidindami auk\u0161\u010diausios klas\u0117s rezultatus.  \u25cfReflect yra riboto leidimo kolekcija, pasi\u017eyminti tokiomis pat savyb\u0117mis ir pagaminta pagal tuos pa\u010dius auk\u0161tus standartus kaip ir m\u016bs\u0173 klasikin\u0117 produkt\u0173 linija.  \u25cfParduodama kaip pora.  \u25cfPatvirtintas IPF ir IWF atitinkantis maksimal\u0173 leistin\u0105 30 cm ilg\u012f.  \u25cf Auk\u0161tos kokyb\u0117s, didelio tankio 7 mm neoprenas u\u017etikrina maksimal\u0173 suspaudim\u0105 ir pavir\u0161iaus s\u0105ly\u010dio plot\u0105 viso kelio lenkimo metu.  \u25cf Patobulintas keturi\u0173 kryp\u010di\u0173 tempimas leid\u017eia neoprenui i\u0161tempti pritaisymo metu ir i\u0161laikyti suspaudim\u0105 aplink kelio s\u0105nar\u012f viso pak\u0117limo metu be tarp\u0173 tarp kelio ir \u012ftvaro.  \u25cfTvirti pamu\u0161alai, apvadai ir si\u016bl\u0117s, sukurti taip, kad i\u0161laikyt\u0173 net ir agresyviausi\u0105 prigludim\u0105.  \u25cfAntimikrobinis pavir\u0161ius suma\u017eina bakterij\u0173 kaupim\u0105si ir suma\u017eina kvap\u0105.  \u25cfPatentuotas dizainas.  \u25cfPagaminta Did\u017eiojoje Britanijoje.\" \/>\n<meta property=\"og:url\" content=\"https:\/\/sbdapparel.lt\/en\/product\/reflect-sunkiojos-atletikos-keliu-itvarai-7mm\/\" \/>\n<meta property=\"og:site_name\" content=\"SBD Apparel LT\" \/>\n<meta property=\"article:modified_time\" content=\"2026-01-24T21:08:52+00:00\" \/>\n<meta property=\"og:image\" content=\"https:\/\/sbdapparel.lt\/wp-content\/uploads\/2024\/11\/Reflect-Powerlifting-Knee-Sleeves-01-Snipe-1024x1024.jpg\" \/>\n\t<meta property=\"og:image:width\" content=\"1024\" \/>\n\t<meta property=\"og:image:height\" content=\"1024\" \/>\n\t<meta property=\"og:image:type\" content=\"image\/jpeg\" \/>\n<meta name=\"twitter:card\" content=\"summary_large_image\" \/>\n<script type=\"application\/ld+json\" class=\"yoast-schema-graph\">{\"@context\":\"https:\/\/schema.org\",\"@graph\":[{\"@type\":\"WebPage\",\"@id\":\"https:\/\/sbdapparel.lt\/product\/reflect-sunkiojos-atletikos-keliu-itvarai-7mm\/\",\"url\":\"https:\/\/sbdapparel.lt\/product\/reflect-sunkiojos-atletikos-keliu-itvarai-7mm\/\",\"name\":\"REFLECT POWERLIFTING 7mm KELI\u0172 \u012eTVARAI - SBD Apparel LT\",\"isPartOf\":{\"@id\":\"https:\/\/sbdapparel.lt\/#website\"},\"primaryImageOfPage\":{\"@id\":\"https:\/\/sbdapparel.lt\/product\/reflect-sunkiojos-atletikos-keliu-itvarai-7mm\/#primaryimage\"},\"image\":{\"@id\":\"https:\/\/sbdapparel.lt\/product\/reflect-sunkiojos-atletikos-keliu-itvarai-7mm\/#primaryimage\"},\"thumbnailUrl\":\"https:\/\/sbdapparel.lt\/wp-content\/uploads\/2024\/11\/Reflect-Powerlifting-Knee-Sleeves-01-Snipe.jpg\",\"datePublished\":\"2024-11-09T14:54:29+00:00\",\"dateModified\":\"2026-01-24T21:08:52+00:00\",\"breadcrumb\":{\"@id\":\"https:\/\/sbdapparel.lt\/product\/reflect-sunkiojos-atletikos-keliu-itvarai-7mm\/#breadcrumb\"},\"inLanguage\":\"en-US\",\"potentialAction\":[{\"@type\":\"ReadAction\",\"target\":[\"https:\/\/sbdapparel.lt\/product\/reflect-sunkiojos-atletikos-keliu-itvarai-7mm\/\"]}]},{\"@type\":\"ImageObject\",\"inLanguage\":\"en-US\",\"@id\":\"https:\/\/sbdapparel.lt\/product\/reflect-sunkiojos-atletikos-keliu-itvarai-7mm\/#primaryimage\",\"url\":\"https:\/\/sbdapparel.lt\/wp-content\/uploads\/2024\/11\/Reflect-Powerlifting-Knee-Sleeves-01-Snipe.jpg\",\"contentUrl\":\"https:\/\/sbdapparel.lt\/wp-content\/uploads\/2024\/11\/Reflect-Powerlifting-Knee-Sleeves-01-Snipe.jpg\",\"width\":2048,\"height\":2048},{\"@type\":\"BreadcrumbList\",\"@id\":\"https:\/\/sbdapparel.lt\/product\/reflect-sunkiojos-atletikos-keliu-itvarai-7mm\/#breadcrumb\",\"itemListElement\":[{\"@type\":\"ListItem\",\"position\":1,\"name\":\"Home\",\"item\":\"https:\/\/sbdapparel.lt\/\"},{\"@type\":\"ListItem\",\"position\":2,\"name\":\"Produktai\",\"item\":\"https:\/\/sbdapparel.lt\/shop\/\"},{\"@type\":\"ListItem\",\"position\":3,\"name\":\"REFLECT POWERLIFTING 7mm KELI\u0172 \u012eTVARAI\"}]},{\"@type\":\"WebSite\",\"@id\":\"https:\/\/sbdapparel.lt\/#website\",\"url\":\"https:\/\/sbdapparel.lt\/\",\"name\":\"SBD Apparel LT\",\"description\":\"LIETUVA\",\"publisher\":{\"@id\":\"https:\/\/sbdapparel.lt\/#organization\"},\"potentialAction\":[{\"@type\":\"SearchAction\",\"target\":{\"@type\":\"EntryPoint\",\"urlTemplate\":\"https:\/\/sbdapparel.lt\/?s={search_term_string}\"},\"query-input\":{\"@type\":\"PropertyValueSpecification\",\"valueRequired\":true,\"valueName\":\"search_term_string\"}}],\"inLanguage\":\"en-US\"},{\"@type\":\"Organization\",\"@id\":\"https:\/\/sbdapparel.lt\/#organization\",\"name\":\"SBD Apparel LT\",\"url\":\"https:\/\/sbdapparel.lt\/\",\"logo\":{\"@type\":\"ImageObject\",\"inLanguage\":\"en-US\",\"@id\":\"https:\/\/sbdapparel.lt\/#\/schema\/logo\/image\/\",\"url\":\"https:\/\/sbdapparel.lt\/wp-content\/uploads\/2023\/07\/cropped-SBD_Identity_OnDark_RGB.png\",\"contentUrl\":\"https:\/\/sbdapparel.lt\/wp-content\/uploads\/2023\/07\/cropped-SBD_Identity_OnDark_RGB.png\",\"width\":1182,\"height\":515,\"caption\":\"SBD Apparel LT\"},\"image\":{\"@id\":\"https:\/\/sbdapparel.lt\/#\/schema\/logo\/image\/\"}}]}<\/script>\n<!-- \/ Yoast SEO plugin. -->","yoast_head_json":{"title":"REFLECT POWERLIFTING 7mm KELI\u0172 \u012eTVARAI - SBD Apparel LT","robots":{"index":"index","follow":"follow","max-snippet":"max-snippet:-1","max-image-preview":"max-image-preview:large","max-video-preview":"max-video-preview:-1"},"canonical":"https:\/\/sbdapparel.lt\/en\/product\/reflect-sunkiojos-atletikos-keliu-itvarai-7mm\/","og_locale":"en_US","og_type":"article","og_title":"REFLECT POWERLIFTING 7mm KELI\u0172 \u012eTVARAI - SBD Apparel LT","og_description":"SBD keli\u0173 \u012ftvarai skirti rimtiems j\u0117gos sporto atletams , ie\u0161kantiems maksimalios atramos i\u0161 keli\u0173 \u012ftvar\u0173. Jie leid\u017eia \u017eymiai labiau suspausti kelio s\u0105nar\u012f lenkimo metu, kad maksimaliai padidint\u0173 atram\u0105 ir pasitik\u0117jim\u0105 maksimali\u0173 bandym\u0173 metu, padidindami auk\u0161\u010diausios klas\u0117s rezultatus.  \u25cfReflect yra riboto leidimo kolekcija, pasi\u017eyminti tokiomis pat savyb\u0117mis ir pagaminta pagal tuos pa\u010dius auk\u0161tus standartus kaip ir m\u016bs\u0173 klasikin\u0117 produkt\u0173 linija.  \u25cfParduodama kaip pora.  \u25cfPatvirtintas IPF ir IWF atitinkantis maksimal\u0173 leistin\u0105 30 cm ilg\u012f.  \u25cf Auk\u0161tos kokyb\u0117s, didelio tankio 7 mm neoprenas u\u017etikrina maksimal\u0173 suspaudim\u0105 ir pavir\u0161iaus s\u0105ly\u010dio plot\u0105 viso kelio lenkimo metu.  \u25cf Patobulintas keturi\u0173 kryp\u010di\u0173 tempimas leid\u017eia neoprenui i\u0161tempti pritaisymo metu ir i\u0161laikyti suspaudim\u0105 aplink kelio s\u0105nar\u012f viso pak\u0117limo metu be tarp\u0173 tarp kelio ir \u012ftvaro.  \u25cfTvirti pamu\u0161alai, apvadai ir si\u016bl\u0117s, sukurti taip, kad i\u0161laikyt\u0173 net ir agresyviausi\u0105 prigludim\u0105.  \u25cfAntimikrobinis pavir\u0161ius suma\u017eina bakterij\u0173 kaupim\u0105si ir suma\u017eina kvap\u0105.  \u25cfPatentuotas dizainas.  \u25cfPagaminta Did\u017eiojoje Britanijoje.","og_url":"https:\/\/sbdapparel.lt\/en\/product\/reflect-sunkiojos-atletikos-keliu-itvarai-7mm\/","og_site_name":"SBD Apparel LT","article_modified_time":"2026-01-24T21:08:52+00:00","og_image":[{"width":1024,"height":1024,"url":"https:\/\/sbdapparel.lt\/wp-content\/uploads\/2024\/11\/Reflect-Powerlifting-Knee-Sleeves-01-Snipe-1024x1024.jpg","type":"image\/jpeg"}],"twitter_card":"summary_large_image","schema":{"@context":"https:\/\/schema.org","@graph":[{"@type":"WebPage","@id":"https:\/\/sbdapparel.lt\/product\/reflect-sunkiojos-atletikos-keliu-itvarai-7mm\/","url":"https:\/\/sbdapparel.lt\/product\/reflect-sunkiojos-atletikos-keliu-itvarai-7mm\/","name":"REFLECT POWERLIFTING 7mm KELI\u0172 \u012eTVARAI - SBD Apparel LT","isPartOf":{"@id":"https:\/\/sbdapparel.lt\/#website"},"primaryImageOfPage":{"@id":"https:\/\/sbdapparel.lt\/product\/reflect-sunkiojos-atletikos-keliu-itvarai-7mm\/#primaryimage"},"image":{"@id":"https:\/\/sbdapparel.lt\/product\/reflect-sunkiojos-atletikos-keliu-itvarai-7mm\/#primaryimage"},"thumbnailUrl":"https:\/\/sbdapparel.lt\/wp-content\/uploads\/2024\/11\/Reflect-Powerlifting-Knee-Sleeves-01-Snipe.jpg","datePublished":"2024-11-09T14:54:29+00:00","dateModified":"2026-01-24T21:08:52+00:00","breadcrumb":{"@id":"https:\/\/sbdapparel.lt\/product\/reflect-sunkiojos-atletikos-keliu-itvarai-7mm\/#breadcrumb"},"inLanguage":"en-US","potentialAction":[{"@type":"ReadAction","target":["https:\/\/sbdapparel.lt\/product\/reflect-sunkiojos-atletikos-keliu-itvarai-7mm\/"]}]},{"@type":"ImageObject","inLanguage":"en-US","@id":"https:\/\/sbdapparel.lt\/product\/reflect-sunkiojos-atletikos-keliu-itvarai-7mm\/#primaryimage","url":"https:\/\/sbdapparel.lt\/wp-content\/uploads\/2024\/11\/Reflect-Powerlifting-Knee-Sleeves-01-Snipe.jpg","contentUrl":"https:\/\/sbdapparel.lt\/wp-content\/uploads\/2024\/11\/Reflect-Powerlifting-Knee-Sleeves-01-Snipe.jpg","width":2048,"height":2048},{"@type":"BreadcrumbList","@id":"https:\/\/sbdapparel.lt\/product\/reflect-sunkiojos-atletikos-keliu-itvarai-7mm\/#breadcrumb","itemListElement":[{"@type":"ListItem","position":1,"name":"Home","item":"https:\/\/sbdapparel.lt\/"},{"@type":"ListItem","position":2,"name":"Produktai","item":"https:\/\/sbdapparel.lt\/shop\/"},{"@type":"ListItem","position":3,"name":"REFLECT POWERLIFTING 7mm KELI\u0172 \u012eTVARAI"}]},{"@type":"WebSite","@id":"https:\/\/sbdapparel.lt\/#website","url":"https:\/\/sbdapparel.lt\/","name":"SBD Apparel LT","description":"LIETUVA","publisher":{"@id":"https:\/\/sbdapparel.lt\/#organization"},"potentialAction":[{"@type":"SearchAction","target":{"@type":"EntryPoint","urlTemplate":"https:\/\/sbdapparel.lt\/?s={search_term_string}"},"query-input":{"@type":"PropertyValueSpecification","valueRequired":true,"valueName":"search_term_string"}}],"inLanguage":"en-US"},{"@type":"Organization","@id":"https:\/\/sbdapparel.lt\/#organization","name":"SBD Apparel LT","url":"https:\/\/sbdapparel.lt\/","logo":{"@type":"ImageObject","inLanguage":"en-US","@id":"https:\/\/sbdapparel.lt\/#\/schema\/logo\/image\/","url":"https:\/\/sbdapparel.lt\/wp-content\/uploads\/2023\/07\/cropped-SBD_Identity_OnDark_RGB.png","contentUrl":"https:\/\/sbdapparel.lt\/wp-content\/uploads\/2023\/07\/cropped-SBD_Identity_OnDark_RGB.png","width":1182,"height":515,"caption":"SBD Apparel LT"},"image":{"@id":"https:\/\/sbdapparel.lt\/#\/schema\/logo\/image\/"}}]}},"_links":{"self":[{"href":"https:\/\/sbdapparel.lt\/en\/wp-json\/wp\/v2\/product\/1928","targetHints":{"allow":["GET"]}}],"collection":[{"href":"https:\/\/sbdapparel.lt\/en\/wp-json\/wp\/v2\/product"}],"about":[{"href":"https:\/\/sbdapparel.lt\/en\/wp-json\/wp\/v2\/types\/product"}],"version-history":[{"count":4,"href":"https:\/\/sbdapparel.lt\/en\/wp-json\/wp\/v2\/product\/1928\/revisions"}],"predecessor-version":[{"id":4210,"href":"https:\/\/sbdapparel.lt\/en\/wp-json\/wp\/v2\/product\/1928\/revisions\/4210"}],"wp:featuredmedia":[{"embeddable":true,"href":"https:\/\/sbdapparel.lt\/en\/wp-json\/wp\/v2\/media\/1935"}],"wp:attachment":[{"href":"https:\/\/sbdapparel.lt\/en\/wp-json\/wp\/v2\/media?parent=1928"}],"wp:term":[{"taxonomy":"product_brand","embeddable":true,"href":"https:\/\/sbdapparel.lt\/en\/wp-json\/wp\/v2\/product_brand?post=1928"},{"taxonomy":"product_cat","embeddable":true,"href":"https:\/\/sbdapparel.lt\/en\/wp-json\/wp\/v2\/product_cat?post=1928"},{"taxonomy":"product_tag","embeddable":true,"href":"https:\/\/sbdapparel.lt\/en\/wp-json\/wp\/v2\/product_tag?post=1928"},{"taxonomy":"giftcard-category","embeddable":true,"href":"https:\/\/sbdapparel.lt\/en\/wp-json\/wp\/v2\/giftcard-category?post=1928"}],"curies":[{"name":"wp","href":"https:\/\/api.w.org\/{rel}","templated":true}]}}