{"id":1939,"date":"2024-11-09T15:00:30","date_gmt":"2024-11-09T15:00:30","guid":{"rendered":"https:\/\/sbdapparel.lt\/?post_type=product&#038;p=1939"},"modified":"2026-04-08T14:52:20","modified_gmt":"2026-04-08T11:52:20","slug":"reflect-standartiniai-keliu-itvarai","status":"publish","type":"product","link":"https:\/\/sbdapparel.lt\/en\/product\/reflect-standartiniai-keliu-itvarai\/","title":{"rendered":"Reflect Knee Sleeves 7mm"},"content":{"rendered":"","protected":false},"excerpt":{"rendered":"<p>Manufactured with high grade 7mm neoprene and designed to aid performance, these knee sleeves are relied on by strength athletes around the world and are ideal for powerlifting and heavy training.<\/p>\n<p>Sold as a pair.<\/p>\n<p>IPF approved and USAPL and IWF compliant with the maximum allowable 30cm length.<\/p>\n<p>7mm high grade neoprene for maximal support.<\/p>\n<p>Upgraded reinforced seam construction to maximize longevity.<\/p>\n<p>Antimicrobial treatment minimizes the build up in bacteria and reduces odor.<\/p>\n<p>Patented design.<\/p>\n<p>Made in Sheffield, Great Britain.<\/p>","protected":false},"featured_media":1947,"template":"","meta":[],"product_brand":[],"product_cat":[43,63],"product_tag":[],"giftcard-category":[],"class_list":{"0":"post-1939","1":"product","2":"type-product","3":"status-publish","4":"has-post-thumbnail","6":"product_cat-keliuitvarai","7":"product_cat-reflect","10":"instock","11":"shipping-taxable","12":"purchasable","13":"product-type-variable","14":"product-grid-view"},"yoast_head":"<!-- This site is optimized with the Yoast SEO plugin v26.9 - https:\/\/yoast.com\/product\/yoast-seo-wordpress\/ -->\n<title>REFLECT STANDARTINIAI 7mm KELI\u0172 \u012eTVARAI - SBD Apparel LT<\/title>\n<meta name=\"robots\" content=\"index, follow, max-snippet:-1, max-image-preview:large, max-video-preview:-1\" \/>\n<link rel=\"canonical\" href=\"https:\/\/sbdapparel.lt\/en\/product\/reflect-standartiniai-keliu-itvarai\/\" \/>\n<meta property=\"og:locale\" content=\"en_US\" \/>\n<meta property=\"og:type\" content=\"article\" \/>\n<meta property=\"og:title\" content=\"REFLECT STANDARTINIAI 7mm KELI\u0172 \u012eTVARAI - SBD Apparel LT\" \/>\n<meta property=\"og:description\" content=\"Pagaminti i\u0161 auk\u0161tos kokyb\u0117s 7 mm neopreno ir sukurti pagerinti kelio s\u0105nario suspaudim\u0105 ir palaikym\u0105. \u0160iais kelio \u012ftvarais pasitiki j\u0117gos atletai visame pasaulyje ir puikiai tinka j\u0117gos trikovei bei sunkioms treniruot\u0117ms. Reflect keli\u0173 \u012ftvarai pagaminti pagal t\u0105 pat\u012f standart\u0105 kaip ir m\u016bs\u0173 klasikin\u0117 produkt\u0173 linija.  \u25cfParduodama kaip pora.  \u25cfPatvirtintas IPF ir IWF atitinkantis maksimal\u0173 leistin\u0105 30 cm ilg\u012f.  \u25cf7 mm auk\u0161tos kokyb\u0117s neoprenas maksimaliai atramai.  \u25cfAtnaujinta sustiprinta si\u016bli\u0173 konstrukcija, siekiant maksimaliai padidinti ilgaam\u017ei\u0161kum\u0105.  \u25cfAntimikrobinis pavir\u0161ius suma\u017eina bakterij\u0173 kaupim\u0105si ir suma\u017eina kvap\u0105.  \u25cfPatentuotas dizainas.  \u25cfPagaminta Did\u017eiojoje Britanijoje.\" \/>\n<meta property=\"og:url\" content=\"https:\/\/sbdapparel.lt\/en\/product\/reflect-standartiniai-keliu-itvarai\/\" \/>\n<meta property=\"og:site_name\" content=\"SBD Apparel LT\" \/>\n<meta property=\"article:modified_time\" content=\"2026-04-08T11:52:20+00:00\" \/>\n<meta property=\"og:image\" content=\"http:\/\/sbdapparel.lt\/wp-content\/uploads\/2024\/11\/Reflect-7mm-Knee-Sleeves-01-Snipe.jpg\" \/>\n\t<meta property=\"og:image:width\" content=\"2048\" \/>\n\t<meta property=\"og:image:height\" content=\"2048\" \/>\n\t<meta property=\"og:image:type\" content=\"image\/jpeg\" \/>\n<meta name=\"twitter:card\" content=\"summary_large_image\" \/>\n<meta name=\"twitter:label1\" content=\"Est. reading time\" \/>\n\t<meta name=\"twitter:data1\" content=\"1 minute\" \/>\n<script type=\"application\/ld+json\" class=\"yoast-schema-graph\">{\"@context\":\"https:\/\/schema.org\",\"@graph\":[{\"@type\":\"WebPage\",\"@id\":\"https:\/\/sbdapparel.lt\/product\/reflect-standartiniai-keliu-itvarai\/\",\"url\":\"https:\/\/sbdapparel.lt\/product\/reflect-standartiniai-keliu-itvarai\/\",\"name\":\"REFLECT STANDARTINIAI 7mm KELI\u0172 \u012eTVARAI - SBD Apparel LT\",\"isPartOf\":{\"@id\":\"https:\/\/sbdapparel.lt\/#website\"},\"primaryImageOfPage\":{\"@id\":\"https:\/\/sbdapparel.lt\/product\/reflect-standartiniai-keliu-itvarai\/#primaryimage\"},\"image\":{\"@id\":\"https:\/\/sbdapparel.lt\/product\/reflect-standartiniai-keliu-itvarai\/#primaryimage\"},\"thumbnailUrl\":\"https:\/\/sbdapparel.lt\/wp-content\/uploads\/2024\/11\/Reflect-7mm-Knee-Sleeves-01-Snipe.jpg\",\"datePublished\":\"2024-11-09T15:00:30+00:00\",\"dateModified\":\"2026-04-08T11:52:20+00:00\",\"breadcrumb\":{\"@id\":\"https:\/\/sbdapparel.lt\/product\/reflect-standartiniai-keliu-itvarai\/#breadcrumb\"},\"inLanguage\":\"en-US\",\"potentialAction\":[{\"@type\":\"ReadAction\",\"target\":[\"https:\/\/sbdapparel.lt\/product\/reflect-standartiniai-keliu-itvarai\/\"]}]},{\"@type\":\"ImageObject\",\"inLanguage\":\"en-US\",\"@id\":\"https:\/\/sbdapparel.lt\/product\/reflect-standartiniai-keliu-itvarai\/#primaryimage\",\"url\":\"https:\/\/sbdapparel.lt\/wp-content\/uploads\/2024\/11\/Reflect-7mm-Knee-Sleeves-01-Snipe.jpg\",\"contentUrl\":\"https:\/\/sbdapparel.lt\/wp-content\/uploads\/2024\/11\/Reflect-7mm-Knee-Sleeves-01-Snipe.jpg\",\"width\":2048,\"height\":2048},{\"@type\":\"BreadcrumbList\",\"@id\":\"https:\/\/sbdapparel.lt\/product\/reflect-standartiniai-keliu-itvarai\/#breadcrumb\",\"itemListElement\":[{\"@type\":\"ListItem\",\"position\":1,\"name\":\"Home\",\"item\":\"https:\/\/sbdapparel.lt\/\"},{\"@type\":\"ListItem\",\"position\":2,\"name\":\"Produktai\",\"item\":\"https:\/\/sbdapparel.lt\/shop\/\"},{\"@type\":\"ListItem\",\"position\":3,\"name\":\"REFLECT STANDARTINIAI 7mm KELI\u0172 \u012eTVARAI\"}]},{\"@type\":\"WebSite\",\"@id\":\"https:\/\/sbdapparel.lt\/#website\",\"url\":\"https:\/\/sbdapparel.lt\/\",\"name\":\"SBD Apparel LT\",\"description\":\"LIETUVA\",\"publisher\":{\"@id\":\"https:\/\/sbdapparel.lt\/#organization\"},\"potentialAction\":[{\"@type\":\"SearchAction\",\"target\":{\"@type\":\"EntryPoint\",\"urlTemplate\":\"https:\/\/sbdapparel.lt\/?s={search_term_string}\"},\"query-input\":{\"@type\":\"PropertyValueSpecification\",\"valueRequired\":true,\"valueName\":\"search_term_string\"}}],\"inLanguage\":\"en-US\"},{\"@type\":\"Organization\",\"@id\":\"https:\/\/sbdapparel.lt\/#organization\",\"name\":\"SBD Apparel LT\",\"url\":\"https:\/\/sbdapparel.lt\/\",\"logo\":{\"@type\":\"ImageObject\",\"inLanguage\":\"en-US\",\"@id\":\"https:\/\/sbdapparel.lt\/#\/schema\/logo\/image\/\",\"url\":\"https:\/\/sbdapparel.lt\/wp-content\/uploads\/2023\/07\/cropped-SBD_Identity_OnDark_RGB.png\",\"contentUrl\":\"https:\/\/sbdapparel.lt\/wp-content\/uploads\/2023\/07\/cropped-SBD_Identity_OnDark_RGB.png\",\"width\":1182,\"height\":515,\"caption\":\"SBD Apparel LT\"},\"image\":{\"@id\":\"https:\/\/sbdapparel.lt\/#\/schema\/logo\/image\/\"}}]}<\/script>\n<!-- \/ Yoast SEO plugin. -->","yoast_head_json":{"title":"REFLECT STANDARTINIAI 7mm KELI\u0172 \u012eTVARAI - SBD Apparel LT","robots":{"index":"index","follow":"follow","max-snippet":"max-snippet:-1","max-image-preview":"max-image-preview:large","max-video-preview":"max-video-preview:-1"},"canonical":"https:\/\/sbdapparel.lt\/en\/product\/reflect-standartiniai-keliu-itvarai\/","og_locale":"en_US","og_type":"article","og_title":"REFLECT STANDARTINIAI 7mm KELI\u0172 \u012eTVARAI - SBD Apparel LT","og_description":"Pagaminti i\u0161 auk\u0161tos kokyb\u0117s 7 mm neopreno ir sukurti pagerinti kelio s\u0105nario suspaudim\u0105 ir palaikym\u0105. \u0160iais kelio \u012ftvarais pasitiki j\u0117gos atletai visame pasaulyje ir puikiai tinka j\u0117gos trikovei bei sunkioms treniruot\u0117ms. Reflect keli\u0173 \u012ftvarai pagaminti pagal t\u0105 pat\u012f standart\u0105 kaip ir m\u016bs\u0173 klasikin\u0117 produkt\u0173 linija.  \u25cfParduodama kaip pora.  \u25cfPatvirtintas IPF ir IWF atitinkantis maksimal\u0173 leistin\u0105 30 cm ilg\u012f.  \u25cf7 mm auk\u0161tos kokyb\u0117s neoprenas maksimaliai atramai.  \u25cfAtnaujinta sustiprinta si\u016bli\u0173 konstrukcija, siekiant maksimaliai padidinti ilgaam\u017ei\u0161kum\u0105.  \u25cfAntimikrobinis pavir\u0161ius suma\u017eina bakterij\u0173 kaupim\u0105si ir suma\u017eina kvap\u0105.  \u25cfPatentuotas dizainas.  \u25cfPagaminta Did\u017eiojoje Britanijoje.","og_url":"https:\/\/sbdapparel.lt\/en\/product\/reflect-standartiniai-keliu-itvarai\/","og_site_name":"SBD Apparel LT","article_modified_time":"2026-04-08T11:52:20+00:00","og_image":[{"width":2048,"height":2048,"url":"http:\/\/sbdapparel.lt\/wp-content\/uploads\/2024\/11\/Reflect-7mm-Knee-Sleeves-01-Snipe.jpg","type":"image\/jpeg"}],"twitter_card":"summary_large_image","twitter_misc":{"Est. reading time":"1 minute"},"schema":{"@context":"https:\/\/schema.org","@graph":[{"@type":"WebPage","@id":"https:\/\/sbdapparel.lt\/product\/reflect-standartiniai-keliu-itvarai\/","url":"https:\/\/sbdapparel.lt\/product\/reflect-standartiniai-keliu-itvarai\/","name":"REFLECT STANDARTINIAI 7mm KELI\u0172 \u012eTVARAI - SBD Apparel LT","isPartOf":{"@id":"https:\/\/sbdapparel.lt\/#website"},"primaryImageOfPage":{"@id":"https:\/\/sbdapparel.lt\/product\/reflect-standartiniai-keliu-itvarai\/#primaryimage"},"image":{"@id":"https:\/\/sbdapparel.lt\/product\/reflect-standartiniai-keliu-itvarai\/#primaryimage"},"thumbnailUrl":"https:\/\/sbdapparel.lt\/wp-content\/uploads\/2024\/11\/Reflect-7mm-Knee-Sleeves-01-Snipe.jpg","datePublished":"2024-11-09T15:00:30+00:00","dateModified":"2026-04-08T11:52:20+00:00","breadcrumb":{"@id":"https:\/\/sbdapparel.lt\/product\/reflect-standartiniai-keliu-itvarai\/#breadcrumb"},"inLanguage":"en-US","potentialAction":[{"@type":"ReadAction","target":["https:\/\/sbdapparel.lt\/product\/reflect-standartiniai-keliu-itvarai\/"]}]},{"@type":"ImageObject","inLanguage":"en-US","@id":"https:\/\/sbdapparel.lt\/product\/reflect-standartiniai-keliu-itvarai\/#primaryimage","url":"https:\/\/sbdapparel.lt\/wp-content\/uploads\/2024\/11\/Reflect-7mm-Knee-Sleeves-01-Snipe.jpg","contentUrl":"https:\/\/sbdapparel.lt\/wp-content\/uploads\/2024\/11\/Reflect-7mm-Knee-Sleeves-01-Snipe.jpg","width":2048,"height":2048},{"@type":"BreadcrumbList","@id":"https:\/\/sbdapparel.lt\/product\/reflect-standartiniai-keliu-itvarai\/#breadcrumb","itemListElement":[{"@type":"ListItem","position":1,"name":"Home","item":"https:\/\/sbdapparel.lt\/"},{"@type":"ListItem","position":2,"name":"Produktai","item":"https:\/\/sbdapparel.lt\/shop\/"},{"@type":"ListItem","position":3,"name":"REFLECT STANDARTINIAI 7mm KELI\u0172 \u012eTVARAI"}]},{"@type":"WebSite","@id":"https:\/\/sbdapparel.lt\/#website","url":"https:\/\/sbdapparel.lt\/","name":"SBD Apparel LT","description":"LIETUVA","publisher":{"@id":"https:\/\/sbdapparel.lt\/#organization"},"potentialAction":[{"@type":"SearchAction","target":{"@type":"EntryPoint","urlTemplate":"https:\/\/sbdapparel.lt\/?s={search_term_string}"},"query-input":{"@type":"PropertyValueSpecification","valueRequired":true,"valueName":"search_term_string"}}],"inLanguage":"en-US"},{"@type":"Organization","@id":"https:\/\/sbdapparel.lt\/#organization","name":"SBD Apparel LT","url":"https:\/\/sbdapparel.lt\/","logo":{"@type":"ImageObject","inLanguage":"en-US","@id":"https:\/\/sbdapparel.lt\/#\/schema\/logo\/image\/","url":"https:\/\/sbdapparel.lt\/wp-content\/uploads\/2023\/07\/cropped-SBD_Identity_OnDark_RGB.png","contentUrl":"https:\/\/sbdapparel.lt\/wp-content\/uploads\/2023\/07\/cropped-SBD_Identity_OnDark_RGB.png","width":1182,"height":515,"caption":"SBD Apparel LT"},"image":{"@id":"https:\/\/sbdapparel.lt\/#\/schema\/logo\/image\/"}}]}},"_links":{"self":[{"href":"https:\/\/sbdapparel.lt\/en\/wp-json\/wp\/v2\/product\/1939","targetHints":{"allow":["GET"]}}],"collection":[{"href":"https:\/\/sbdapparel.lt\/en\/wp-json\/wp\/v2\/product"}],"about":[{"href":"https:\/\/sbdapparel.lt\/en\/wp-json\/wp\/v2\/types\/product"}],"version-history":[{"count":4,"href":"https:\/\/sbdapparel.lt\/en\/wp-json\/wp\/v2\/product\/1939\/revisions"}],"predecessor-version":[{"id":4208,"href":"https:\/\/sbdapparel.lt\/en\/wp-json\/wp\/v2\/product\/1939\/revisions\/4208"}],"wp:featuredmedia":[{"embeddable":true,"href":"https:\/\/sbdapparel.lt\/en\/wp-json\/wp\/v2\/media\/1947"}],"wp:attachment":[{"href":"https:\/\/sbdapparel.lt\/en\/wp-json\/wp\/v2\/media?parent=1939"}],"wp:term":[{"taxonomy":"product_brand","embeddable":true,"href":"https:\/\/sbdapparel.lt\/en\/wp-json\/wp\/v2\/product_brand?post=1939"},{"taxonomy":"product_cat","embeddable":true,"href":"https:\/\/sbdapparel.lt\/en\/wp-json\/wp\/v2\/product_cat?post=1939"},{"taxonomy":"product_tag","embeddable":true,"href":"https:\/\/sbdapparel.lt\/en\/wp-json\/wp\/v2\/product_tag?post=1939"},{"taxonomy":"giftcard-category","embeddable":true,"href":"https:\/\/sbdapparel.lt\/en\/wp-json\/wp\/v2\/giftcard-category?post=1939"}],"curies":[{"name":"wp","href":"https:\/\/api.w.org\/{rel}","templated":true}]}}