{"id":1981,"date":"2024-11-09T15:13:40","date_gmt":"2024-11-09T15:13:40","guid":{"rendered":"https:\/\/sbdapparel.lt\/?post_type=product&#038;p=1981"},"modified":"2026-03-03T22:28:43","modified_gmt":"2026-03-03T19:28:43","slug":"momentum-standartiniai-keliu-itvarai","status":"publish","type":"product","link":"https:\/\/sbdapparel.lt\/en\/product\/momentum-standartiniai-keliu-itvarai\/","title":{"rendered":"Momentum Knee Sleeves 7mm"},"content":{"rendered":"","protected":false},"excerpt":{"rendered":"<p>Manufactured with high grade 7mm neoprene and designed to aid performance, these knee sleeves are relied on by strength athletes around the world and are ideal for powerlifting and heavy training.<\/p>\n<p>Momentum is a limited edition collection, offering the same performance and manufactured to the same high standards as our classic product line.<\/p>\n<p>Sold as a pair.<br \/>\nIPF approved and USAPL and IWF compliant with the maximum allowable 30cm length.<br \/>\n7mm high grade neoprene for maximal support.<br \/>\nUpgraded reinforced seam construction to maximize longevity.<br \/>\nAntimicrobial treatment minimizes the build-up of bacteria and reduces odor.<br \/>\nPatented design.<br \/>\nManufactured in Great Britain.<\/p>","protected":false},"featured_media":1992,"template":"","meta":[],"product_brand":[],"product_cat":[43,57],"product_tag":[],"giftcard-category":[],"class_list":{"0":"post-1981","1":"product","2":"type-product","3":"status-publish","4":"has-post-thumbnail","6":"product_cat-keliuitvarai","7":"product_cat-momentum","10":"instock","11":"shipping-taxable","12":"purchasable","13":"product-type-variable","14":"product-grid-view"},"yoast_head":"<!-- This site is optimized with the Yoast SEO plugin v26.9 - https:\/\/yoast.com\/product\/yoast-seo-wordpress\/ -->\n<title>MOMENTUM STANDARTINIAI 7mm KELI\u0172 \u012eTVARAI - SBD Apparel LT<\/title>\n<meta name=\"robots\" content=\"index, follow, max-snippet:-1, max-image-preview:large, max-video-preview:-1\" \/>\n<link rel=\"canonical\" href=\"https:\/\/sbdapparel.lt\/en\/product\/momentum-standartiniai-keliu-itvarai\/\" \/>\n<meta property=\"og:locale\" content=\"en_US\" \/>\n<meta property=\"og:type\" content=\"article\" \/>\n<meta property=\"og:title\" content=\"MOMENTUM STANDARTINIAI 7mm KELI\u0172 \u012eTVARAI - SBD Apparel LT\" \/>\n<meta property=\"og:description\" content=\"Pagamintos i\u0161 auk\u0161tos kokyb\u0117s 7 mm neopreno ir skirtos pagerinti na\u0161um\u0105, \u0161ios kelio rankov\u0117s pasitiki j\u0117gos atletais visame pasaulyje ir idealiai tinka j\u0117gos kilnojimui ir sunkioms treniruot\u0117ms.  \u201eMomentum\u201c yra riboto leidimo kolekcija, pasi\u017eyminti tokiomis pat savyb\u0117mis ir pagaminta pagal tokius pa\u010dius auk\u0161tus standartus kaip ir m\u016bs\u0173 klasikin\u0117 produkt\u0173 linija.  Parduodama kaip pora. IPF patvirtintas ir IWF atitinkantis maksimalus leistinas 30 cm ilgis. 7 mm auk\u0161tos kokyb\u0117s neoprenas maksimaliai atramai. Atnaujinta sustiprinta si\u016bli\u0173 konstrukcija, siekiant maksimaliai padidinti ilgaam\u017ei\u0161kum\u0105. Antimikrobinis gydymas suma\u017eina bakterij\u0173 kaupim\u0105si ir suma\u017eina kvap\u0105. Patentuotas dizainas. Pagaminta Did\u017eiojoje Britanijoje.\" \/>\n<meta property=\"og:url\" content=\"https:\/\/sbdapparel.lt\/en\/product\/momentum-standartiniai-keliu-itvarai\/\" \/>\n<meta property=\"og:site_name\" content=\"SBD Apparel LT\" \/>\n<meta property=\"article:modified_time\" content=\"2026-03-03T19:28:43+00:00\" \/>\n<meta property=\"og:image\" content=\"https:\/\/sbdapparel.lt\/wp-content\/uploads\/2024\/11\/MOMENTUM-Knee-Sleeves-7mm-01-1.jpg\" \/>\n\t<meta property=\"og:image:width\" content=\"1080\" \/>\n\t<meta property=\"og:image:height\" content=\"1350\" \/>\n\t<meta property=\"og:image:type\" content=\"image\/jpeg\" \/>\n<meta name=\"twitter:card\" content=\"summary_large_image\" \/>\n<script type=\"application\/ld+json\" class=\"yoast-schema-graph\">{\"@context\":\"https:\/\/schema.org\",\"@graph\":[{\"@type\":\"WebPage\",\"@id\":\"https:\/\/sbdapparel.lt\/product\/momentum-standartiniai-keliu-itvarai\/\",\"url\":\"https:\/\/sbdapparel.lt\/product\/momentum-standartiniai-keliu-itvarai\/\",\"name\":\"MOMENTUM STANDARTINIAI 7mm KELI\u0172 \u012eTVARAI - SBD Apparel LT\",\"isPartOf\":{\"@id\":\"https:\/\/sbdapparel.lt\/#website\"},\"primaryImageOfPage\":{\"@id\":\"https:\/\/sbdapparel.lt\/product\/momentum-standartiniai-keliu-itvarai\/#primaryimage\"},\"image\":{\"@id\":\"https:\/\/sbdapparel.lt\/product\/momentum-standartiniai-keliu-itvarai\/#primaryimage\"},\"thumbnailUrl\":\"https:\/\/sbdapparel.lt\/wp-content\/uploads\/2024\/11\/MOMENTUM-Knee-Sleeves-7mm-01-1.jpg\",\"datePublished\":\"2024-11-09T15:13:40+00:00\",\"dateModified\":\"2026-03-03T19:28:43+00:00\",\"breadcrumb\":{\"@id\":\"https:\/\/sbdapparel.lt\/product\/momentum-standartiniai-keliu-itvarai\/#breadcrumb\"},\"inLanguage\":\"en-US\",\"potentialAction\":[{\"@type\":\"ReadAction\",\"target\":[\"https:\/\/sbdapparel.lt\/product\/momentum-standartiniai-keliu-itvarai\/\"]}]},{\"@type\":\"ImageObject\",\"inLanguage\":\"en-US\",\"@id\":\"https:\/\/sbdapparel.lt\/product\/momentum-standartiniai-keliu-itvarai\/#primaryimage\",\"url\":\"https:\/\/sbdapparel.lt\/wp-content\/uploads\/2024\/11\/MOMENTUM-Knee-Sleeves-7mm-01-1.jpg\",\"contentUrl\":\"https:\/\/sbdapparel.lt\/wp-content\/uploads\/2024\/11\/MOMENTUM-Knee-Sleeves-7mm-01-1.jpg\",\"width\":1080,\"height\":1350},{\"@type\":\"BreadcrumbList\",\"@id\":\"https:\/\/sbdapparel.lt\/product\/momentum-standartiniai-keliu-itvarai\/#breadcrumb\",\"itemListElement\":[{\"@type\":\"ListItem\",\"position\":1,\"name\":\"Home\",\"item\":\"https:\/\/sbdapparel.lt\/\"},{\"@type\":\"ListItem\",\"position\":2,\"name\":\"Produktai\",\"item\":\"https:\/\/sbdapparel.lt\/shop\/\"},{\"@type\":\"ListItem\",\"position\":3,\"name\":\"MOMENTUM STANDARTINIAI 7mm KELI\u0172 \u012eTVARAI\"}]},{\"@type\":\"WebSite\",\"@id\":\"https:\/\/sbdapparel.lt\/#website\",\"url\":\"https:\/\/sbdapparel.lt\/\",\"name\":\"SBD Apparel LT\",\"description\":\"LIETUVA\",\"publisher\":{\"@id\":\"https:\/\/sbdapparel.lt\/#organization\"},\"potentialAction\":[{\"@type\":\"SearchAction\",\"target\":{\"@type\":\"EntryPoint\",\"urlTemplate\":\"https:\/\/sbdapparel.lt\/?s={search_term_string}\"},\"query-input\":{\"@type\":\"PropertyValueSpecification\",\"valueRequired\":true,\"valueName\":\"search_term_string\"}}],\"inLanguage\":\"en-US\"},{\"@type\":\"Organization\",\"@id\":\"https:\/\/sbdapparel.lt\/#organization\",\"name\":\"SBD Apparel LT\",\"url\":\"https:\/\/sbdapparel.lt\/\",\"logo\":{\"@type\":\"ImageObject\",\"inLanguage\":\"en-US\",\"@id\":\"https:\/\/sbdapparel.lt\/#\/schema\/logo\/image\/\",\"url\":\"https:\/\/sbdapparel.lt\/wp-content\/uploads\/2023\/07\/cropped-SBD_Identity_OnDark_RGB.png\",\"contentUrl\":\"https:\/\/sbdapparel.lt\/wp-content\/uploads\/2023\/07\/cropped-SBD_Identity_OnDark_RGB.png\",\"width\":1182,\"height\":515,\"caption\":\"SBD Apparel LT\"},\"image\":{\"@id\":\"https:\/\/sbdapparel.lt\/#\/schema\/logo\/image\/\"}}]}<\/script>\n<!-- \/ Yoast SEO plugin. -->","yoast_head_json":{"title":"MOMENTUM STANDARTINIAI 7mm KELI\u0172 \u012eTVARAI - SBD Apparel LT","robots":{"index":"index","follow":"follow","max-snippet":"max-snippet:-1","max-image-preview":"max-image-preview:large","max-video-preview":"max-video-preview:-1"},"canonical":"https:\/\/sbdapparel.lt\/en\/product\/momentum-standartiniai-keliu-itvarai\/","og_locale":"en_US","og_type":"article","og_title":"MOMENTUM STANDARTINIAI 7mm KELI\u0172 \u012eTVARAI - SBD Apparel LT","og_description":"Pagamintos i\u0161 auk\u0161tos kokyb\u0117s 7 mm neopreno ir skirtos pagerinti na\u0161um\u0105, \u0161ios kelio rankov\u0117s pasitiki j\u0117gos atletais visame pasaulyje ir idealiai tinka j\u0117gos kilnojimui ir sunkioms treniruot\u0117ms.  \u201eMomentum\u201c yra riboto leidimo kolekcija, pasi\u017eyminti tokiomis pat savyb\u0117mis ir pagaminta pagal tokius pa\u010dius auk\u0161tus standartus kaip ir m\u016bs\u0173 klasikin\u0117 produkt\u0173 linija.  Parduodama kaip pora. IPF patvirtintas ir IWF atitinkantis maksimalus leistinas 30 cm ilgis. 7 mm auk\u0161tos kokyb\u0117s neoprenas maksimaliai atramai. Atnaujinta sustiprinta si\u016bli\u0173 konstrukcija, siekiant maksimaliai padidinti ilgaam\u017ei\u0161kum\u0105. Antimikrobinis gydymas suma\u017eina bakterij\u0173 kaupim\u0105si ir suma\u017eina kvap\u0105. Patentuotas dizainas. Pagaminta Did\u017eiojoje Britanijoje.","og_url":"https:\/\/sbdapparel.lt\/en\/product\/momentum-standartiniai-keliu-itvarai\/","og_site_name":"SBD Apparel LT","article_modified_time":"2026-03-03T19:28:43+00:00","og_image":[{"width":1080,"height":1350,"url":"https:\/\/sbdapparel.lt\/wp-content\/uploads\/2024\/11\/MOMENTUM-Knee-Sleeves-7mm-01-1.jpg","type":"image\/jpeg"}],"twitter_card":"summary_large_image","schema":{"@context":"https:\/\/schema.org","@graph":[{"@type":"WebPage","@id":"https:\/\/sbdapparel.lt\/product\/momentum-standartiniai-keliu-itvarai\/","url":"https:\/\/sbdapparel.lt\/product\/momentum-standartiniai-keliu-itvarai\/","name":"MOMENTUM STANDARTINIAI 7mm KELI\u0172 \u012eTVARAI - SBD Apparel LT","isPartOf":{"@id":"https:\/\/sbdapparel.lt\/#website"},"primaryImageOfPage":{"@id":"https:\/\/sbdapparel.lt\/product\/momentum-standartiniai-keliu-itvarai\/#primaryimage"},"image":{"@id":"https:\/\/sbdapparel.lt\/product\/momentum-standartiniai-keliu-itvarai\/#primaryimage"},"thumbnailUrl":"https:\/\/sbdapparel.lt\/wp-content\/uploads\/2024\/11\/MOMENTUM-Knee-Sleeves-7mm-01-1.jpg","datePublished":"2024-11-09T15:13:40+00:00","dateModified":"2026-03-03T19:28:43+00:00","breadcrumb":{"@id":"https:\/\/sbdapparel.lt\/product\/momentum-standartiniai-keliu-itvarai\/#breadcrumb"},"inLanguage":"en-US","potentialAction":[{"@type":"ReadAction","target":["https:\/\/sbdapparel.lt\/product\/momentum-standartiniai-keliu-itvarai\/"]}]},{"@type":"ImageObject","inLanguage":"en-US","@id":"https:\/\/sbdapparel.lt\/product\/momentum-standartiniai-keliu-itvarai\/#primaryimage","url":"https:\/\/sbdapparel.lt\/wp-content\/uploads\/2024\/11\/MOMENTUM-Knee-Sleeves-7mm-01-1.jpg","contentUrl":"https:\/\/sbdapparel.lt\/wp-content\/uploads\/2024\/11\/MOMENTUM-Knee-Sleeves-7mm-01-1.jpg","width":1080,"height":1350},{"@type":"BreadcrumbList","@id":"https:\/\/sbdapparel.lt\/product\/momentum-standartiniai-keliu-itvarai\/#breadcrumb","itemListElement":[{"@type":"ListItem","position":1,"name":"Home","item":"https:\/\/sbdapparel.lt\/"},{"@type":"ListItem","position":2,"name":"Produktai","item":"https:\/\/sbdapparel.lt\/shop\/"},{"@type":"ListItem","position":3,"name":"MOMENTUM STANDARTINIAI 7mm KELI\u0172 \u012eTVARAI"}]},{"@type":"WebSite","@id":"https:\/\/sbdapparel.lt\/#website","url":"https:\/\/sbdapparel.lt\/","name":"SBD Apparel LT","description":"LIETUVA","publisher":{"@id":"https:\/\/sbdapparel.lt\/#organization"},"potentialAction":[{"@type":"SearchAction","target":{"@type":"EntryPoint","urlTemplate":"https:\/\/sbdapparel.lt\/?s={search_term_string}"},"query-input":{"@type":"PropertyValueSpecification","valueRequired":true,"valueName":"search_term_string"}}],"inLanguage":"en-US"},{"@type":"Organization","@id":"https:\/\/sbdapparel.lt\/#organization","name":"SBD Apparel LT","url":"https:\/\/sbdapparel.lt\/","logo":{"@type":"ImageObject","inLanguage":"en-US","@id":"https:\/\/sbdapparel.lt\/#\/schema\/logo\/image\/","url":"https:\/\/sbdapparel.lt\/wp-content\/uploads\/2023\/07\/cropped-SBD_Identity_OnDark_RGB.png","contentUrl":"https:\/\/sbdapparel.lt\/wp-content\/uploads\/2023\/07\/cropped-SBD_Identity_OnDark_RGB.png","width":1182,"height":515,"caption":"SBD Apparel LT"},"image":{"@id":"https:\/\/sbdapparel.lt\/#\/schema\/logo\/image\/"}}]}},"_links":{"self":[{"href":"https:\/\/sbdapparel.lt\/en\/wp-json\/wp\/v2\/product\/1981","targetHints":{"allow":["GET"]}}],"collection":[{"href":"https:\/\/sbdapparel.lt\/en\/wp-json\/wp\/v2\/product"}],"about":[{"href":"https:\/\/sbdapparel.lt\/en\/wp-json\/wp\/v2\/types\/product"}],"version-history":[{"count":3,"href":"https:\/\/sbdapparel.lt\/en\/wp-json\/wp\/v2\/product\/1981\/revisions"}],"predecessor-version":[{"id":4249,"href":"https:\/\/sbdapparel.lt\/en\/wp-json\/wp\/v2\/product\/1981\/revisions\/4249"}],"wp:featuredmedia":[{"embeddable":true,"href":"https:\/\/sbdapparel.lt\/en\/wp-json\/wp\/v2\/media\/1992"}],"wp:attachment":[{"href":"https:\/\/sbdapparel.lt\/en\/wp-json\/wp\/v2\/media?parent=1981"}],"wp:term":[{"taxonomy":"product_brand","embeddable":true,"href":"https:\/\/sbdapparel.lt\/en\/wp-json\/wp\/v2\/product_brand?post=1981"},{"taxonomy":"product_cat","embeddable":true,"href":"https:\/\/sbdapparel.lt\/en\/wp-json\/wp\/v2\/product_cat?post=1981"},{"taxonomy":"product_tag","embeddable":true,"href":"https:\/\/sbdapparel.lt\/en\/wp-json\/wp\/v2\/product_tag?post=1981"},{"taxonomy":"giftcard-category","embeddable":true,"href":"https:\/\/sbdapparel.lt\/en\/wp-json\/wp\/v2\/giftcard-category?post=1981"}],"curies":[{"name":"wp","href":"https:\/\/api.w.org\/{rel}","templated":true}]}}