{"id":2010,"date":"2024-11-09T15:24:02","date_gmt":"2024-11-09T15:24:02","guid":{"rendered":"https:\/\/sbdapparel.lt\/?post_type=product&#038;p=2010"},"modified":"2026-01-25T22:42:39","modified_gmt":"2026-01-25T19:42:39","slug":"sbd-endure-keliu-itvarai","status":"publish","type":"product","link":"https:\/\/sbdapparel.lt\/en\/product\/sbd-endure-keliu-itvarai\/","title":{"rendered":"SBD Endure Knee Sleeves (Standard 7mm)"},"content":{"rendered":"","protected":false},"excerpt":{"rendered":"<p>Sold as a pair.<br \/>\nThe market-leading knee brace for power sports and strength training, used by world-class powerlifters, powerlifters and powerlifters.<br \/>\nDesigned to reduce the risk of injury and help you get the job done.<br \/>\nRelied on by strength athletes around the world, these 5mm knee sleeves are ideal for weightlifting and provide support for movements with a greater range of motion than a powerlifting squat.<br \/>\nIPF approved and USAPL and IWF compliant with the maximum allowable 30cm length.<br \/>\n7mm high grade neoprene for maximal support.<br \/>\nReinforced seam construction to maximize longevity.<br \/>\nManufactured in Great Britain.<\/p>","protected":false},"featured_media":2019,"template":"","meta":[],"product_brand":[],"product_cat":[64,43],"product_tag":[],"giftcard-category":[],"class_list":{"0":"post-2010","1":"product","2":"type-product","3":"status-publish","4":"has-post-thumbnail","6":"product_cat-endure","7":"product_cat-keliuitvarai","10":"instock","11":"shipping-taxable","12":"purchasable","13":"product-type-variable","14":"product-grid-view"},"yoast_head":"<!-- This site is optimized with the Yoast SEO plugin v26.9 - https:\/\/yoast.com\/product\/yoast-seo-wordpress\/ -->\n<title>ENDURE 7mm KELI\u0172 \u012eTVARAI - SBD Apparel LT<\/title>\n<meta name=\"robots\" content=\"index, follow, max-snippet:-1, max-image-preview:large, max-video-preview:-1\" \/>\n<link rel=\"canonical\" href=\"https:\/\/sbdapparel.lt\/en\/product\/sbd-endure-keliu-itvarai\/\" \/>\n<meta property=\"og:locale\" content=\"en_US\" \/>\n<meta property=\"og:type\" content=\"article\" \/>\n<meta property=\"og:title\" content=\"ENDURE 7mm KELI\u0172 \u012eTVARAI - SBD Apparel LT\" \/>\n<meta property=\"og:description\" content=\"Parduodama kaip pora. Rinkoje pirmaujanti kelio s\u0105nari\u0173 atrama j\u0117gos sportui ir j\u0117gos treniruot\u0117ms, naudojama pasaulin\u0117s klas\u0117s gali\u016bn\u0173, sunkiaatle\u010di\u0173 ir stipruoli\u0173. Sukurta siekiant suma\u017einti su\u017ealojimo rizik\u0105 ir pad\u0117ti atlikti darb\u0105. Registruotas ir patentuotas dizainas, sukurtas kartu su elitiniais sportininkais, treneriais ir sveikatos prie\u017ei\u016bros specialistais. IPF patvirtintas ir IWF atitinkantis maksimalus leistinas 30 cm ilgis. 7 mm auk\u0161tos kokyb\u0117s neoprenas. Sustiprinta si\u016bl\u0117s konstrukcija maksimaliai ilgaam\u017ei\u0161kumui. Pagaminta Did\u017eiojoje Britanijoje.\" \/>\n<meta property=\"og:url\" content=\"https:\/\/sbdapparel.lt\/en\/product\/sbd-endure-keliu-itvarai\/\" \/>\n<meta property=\"og:site_name\" content=\"SBD Apparel LT\" \/>\n<meta property=\"article:modified_time\" content=\"2026-01-25T19:42:39+00:00\" \/>\n<meta property=\"og:image\" content=\"https:\/\/sbdapparel.lt\/wp-content\/uploads\/2024\/11\/ENDURE-KNEE-SLEEVES-01.png\" \/>\n\t<meta property=\"og:image:width\" content=\"600\" \/>\n\t<meta property=\"og:image:height\" content=\"600\" \/>\n\t<meta property=\"og:image:type\" content=\"image\/png\" \/>\n<meta name=\"twitter:card\" content=\"summary_large_image\" \/>\n<script type=\"application\/ld+json\" class=\"yoast-schema-graph\">{\"@context\":\"https:\/\/schema.org\",\"@graph\":[{\"@type\":\"WebPage\",\"@id\":\"https:\/\/sbdapparel.lt\/product\/sbd-endure-keliu-itvarai\/\",\"url\":\"https:\/\/sbdapparel.lt\/product\/sbd-endure-keliu-itvarai\/\",\"name\":\"ENDURE 7mm KELI\u0172 \u012eTVARAI - SBD Apparel LT\",\"isPartOf\":{\"@id\":\"https:\/\/sbdapparel.lt\/#website\"},\"primaryImageOfPage\":{\"@id\":\"https:\/\/sbdapparel.lt\/product\/sbd-endure-keliu-itvarai\/#primaryimage\"},\"image\":{\"@id\":\"https:\/\/sbdapparel.lt\/product\/sbd-endure-keliu-itvarai\/#primaryimage\"},\"thumbnailUrl\":\"https:\/\/sbdapparel.lt\/wp-content\/uploads\/2024\/11\/ENDURE-KNEE-SLEEVES-01.png\",\"datePublished\":\"2024-11-09T15:24:02+00:00\",\"dateModified\":\"2026-01-25T19:42:39+00:00\",\"breadcrumb\":{\"@id\":\"https:\/\/sbdapparel.lt\/product\/sbd-endure-keliu-itvarai\/#breadcrumb\"},\"inLanguage\":\"en-US\",\"potentialAction\":[{\"@type\":\"ReadAction\",\"target\":[\"https:\/\/sbdapparel.lt\/product\/sbd-endure-keliu-itvarai\/\"]}]},{\"@type\":\"ImageObject\",\"inLanguage\":\"en-US\",\"@id\":\"https:\/\/sbdapparel.lt\/product\/sbd-endure-keliu-itvarai\/#primaryimage\",\"url\":\"https:\/\/sbdapparel.lt\/wp-content\/uploads\/2024\/11\/ENDURE-KNEE-SLEEVES-01.png\",\"contentUrl\":\"https:\/\/sbdapparel.lt\/wp-content\/uploads\/2024\/11\/ENDURE-KNEE-SLEEVES-01.png\",\"width\":600,\"height\":600},{\"@type\":\"BreadcrumbList\",\"@id\":\"https:\/\/sbdapparel.lt\/product\/sbd-endure-keliu-itvarai\/#breadcrumb\",\"itemListElement\":[{\"@type\":\"ListItem\",\"position\":1,\"name\":\"Home\",\"item\":\"https:\/\/sbdapparel.lt\/\"},{\"@type\":\"ListItem\",\"position\":2,\"name\":\"Produktai\",\"item\":\"https:\/\/sbdapparel.lt\/shop\/\"},{\"@type\":\"ListItem\",\"position\":3,\"name\":\"ENDURE 7mm KELI\u0172 \u012eTVARAI\"}]},{\"@type\":\"WebSite\",\"@id\":\"https:\/\/sbdapparel.lt\/#website\",\"url\":\"https:\/\/sbdapparel.lt\/\",\"name\":\"SBD Apparel LT\",\"description\":\"LIETUVA\",\"publisher\":{\"@id\":\"https:\/\/sbdapparel.lt\/#organization\"},\"potentialAction\":[{\"@type\":\"SearchAction\",\"target\":{\"@type\":\"EntryPoint\",\"urlTemplate\":\"https:\/\/sbdapparel.lt\/?s={search_term_string}\"},\"query-input\":{\"@type\":\"PropertyValueSpecification\",\"valueRequired\":true,\"valueName\":\"search_term_string\"}}],\"inLanguage\":\"en-US\"},{\"@type\":\"Organization\",\"@id\":\"https:\/\/sbdapparel.lt\/#organization\",\"name\":\"SBD Apparel LT\",\"url\":\"https:\/\/sbdapparel.lt\/\",\"logo\":{\"@type\":\"ImageObject\",\"inLanguage\":\"en-US\",\"@id\":\"https:\/\/sbdapparel.lt\/#\/schema\/logo\/image\/\",\"url\":\"https:\/\/sbdapparel.lt\/wp-content\/uploads\/2023\/07\/cropped-SBD_Identity_OnDark_RGB.png\",\"contentUrl\":\"https:\/\/sbdapparel.lt\/wp-content\/uploads\/2023\/07\/cropped-SBD_Identity_OnDark_RGB.png\",\"width\":1182,\"height\":515,\"caption\":\"SBD Apparel LT\"},\"image\":{\"@id\":\"https:\/\/sbdapparel.lt\/#\/schema\/logo\/image\/\"}}]}<\/script>\n<!-- \/ Yoast SEO plugin. -->","yoast_head_json":{"title":"ENDURE 7mm KELI\u0172 \u012eTVARAI - SBD Apparel LT","robots":{"index":"index","follow":"follow","max-snippet":"max-snippet:-1","max-image-preview":"max-image-preview:large","max-video-preview":"max-video-preview:-1"},"canonical":"https:\/\/sbdapparel.lt\/en\/product\/sbd-endure-keliu-itvarai\/","og_locale":"en_US","og_type":"article","og_title":"ENDURE 7mm KELI\u0172 \u012eTVARAI - SBD Apparel LT","og_description":"Parduodama kaip pora. Rinkoje pirmaujanti kelio s\u0105nari\u0173 atrama j\u0117gos sportui ir j\u0117gos treniruot\u0117ms, naudojama pasaulin\u0117s klas\u0117s gali\u016bn\u0173, sunkiaatle\u010di\u0173 ir stipruoli\u0173. Sukurta siekiant suma\u017einti su\u017ealojimo rizik\u0105 ir pad\u0117ti atlikti darb\u0105. Registruotas ir patentuotas dizainas, sukurtas kartu su elitiniais sportininkais, treneriais ir sveikatos prie\u017ei\u016bros specialistais. IPF patvirtintas ir IWF atitinkantis maksimalus leistinas 30 cm ilgis. 7 mm auk\u0161tos kokyb\u0117s neoprenas. Sustiprinta si\u016bl\u0117s konstrukcija maksimaliai ilgaam\u017ei\u0161kumui. Pagaminta Did\u017eiojoje Britanijoje.","og_url":"https:\/\/sbdapparel.lt\/en\/product\/sbd-endure-keliu-itvarai\/","og_site_name":"SBD Apparel LT","article_modified_time":"2026-01-25T19:42:39+00:00","og_image":[{"width":600,"height":600,"url":"https:\/\/sbdapparel.lt\/wp-content\/uploads\/2024\/11\/ENDURE-KNEE-SLEEVES-01.png","type":"image\/png"}],"twitter_card":"summary_large_image","schema":{"@context":"https:\/\/schema.org","@graph":[{"@type":"WebPage","@id":"https:\/\/sbdapparel.lt\/product\/sbd-endure-keliu-itvarai\/","url":"https:\/\/sbdapparel.lt\/product\/sbd-endure-keliu-itvarai\/","name":"ENDURE 7mm KELI\u0172 \u012eTVARAI - SBD Apparel LT","isPartOf":{"@id":"https:\/\/sbdapparel.lt\/#website"},"primaryImageOfPage":{"@id":"https:\/\/sbdapparel.lt\/product\/sbd-endure-keliu-itvarai\/#primaryimage"},"image":{"@id":"https:\/\/sbdapparel.lt\/product\/sbd-endure-keliu-itvarai\/#primaryimage"},"thumbnailUrl":"https:\/\/sbdapparel.lt\/wp-content\/uploads\/2024\/11\/ENDURE-KNEE-SLEEVES-01.png","datePublished":"2024-11-09T15:24:02+00:00","dateModified":"2026-01-25T19:42:39+00:00","breadcrumb":{"@id":"https:\/\/sbdapparel.lt\/product\/sbd-endure-keliu-itvarai\/#breadcrumb"},"inLanguage":"en-US","potentialAction":[{"@type":"ReadAction","target":["https:\/\/sbdapparel.lt\/product\/sbd-endure-keliu-itvarai\/"]}]},{"@type":"ImageObject","inLanguage":"en-US","@id":"https:\/\/sbdapparel.lt\/product\/sbd-endure-keliu-itvarai\/#primaryimage","url":"https:\/\/sbdapparel.lt\/wp-content\/uploads\/2024\/11\/ENDURE-KNEE-SLEEVES-01.png","contentUrl":"https:\/\/sbdapparel.lt\/wp-content\/uploads\/2024\/11\/ENDURE-KNEE-SLEEVES-01.png","width":600,"height":600},{"@type":"BreadcrumbList","@id":"https:\/\/sbdapparel.lt\/product\/sbd-endure-keliu-itvarai\/#breadcrumb","itemListElement":[{"@type":"ListItem","position":1,"name":"Home","item":"https:\/\/sbdapparel.lt\/"},{"@type":"ListItem","position":2,"name":"Produktai","item":"https:\/\/sbdapparel.lt\/shop\/"},{"@type":"ListItem","position":3,"name":"ENDURE 7mm KELI\u0172 \u012eTVARAI"}]},{"@type":"WebSite","@id":"https:\/\/sbdapparel.lt\/#website","url":"https:\/\/sbdapparel.lt\/","name":"SBD Apparel LT","description":"LIETUVA","publisher":{"@id":"https:\/\/sbdapparel.lt\/#organization"},"potentialAction":[{"@type":"SearchAction","target":{"@type":"EntryPoint","urlTemplate":"https:\/\/sbdapparel.lt\/?s={search_term_string}"},"query-input":{"@type":"PropertyValueSpecification","valueRequired":true,"valueName":"search_term_string"}}],"inLanguage":"en-US"},{"@type":"Organization","@id":"https:\/\/sbdapparel.lt\/#organization","name":"SBD Apparel LT","url":"https:\/\/sbdapparel.lt\/","logo":{"@type":"ImageObject","inLanguage":"en-US","@id":"https:\/\/sbdapparel.lt\/#\/schema\/logo\/image\/","url":"https:\/\/sbdapparel.lt\/wp-content\/uploads\/2023\/07\/cropped-SBD_Identity_OnDark_RGB.png","contentUrl":"https:\/\/sbdapparel.lt\/wp-content\/uploads\/2023\/07\/cropped-SBD_Identity_OnDark_RGB.png","width":1182,"height":515,"caption":"SBD Apparel LT"},"image":{"@id":"https:\/\/sbdapparel.lt\/#\/schema\/logo\/image\/"}}]}},"_links":{"self":[{"href":"https:\/\/sbdapparel.lt\/en\/wp-json\/wp\/v2\/product\/2010","targetHints":{"allow":["GET"]}}],"collection":[{"href":"https:\/\/sbdapparel.lt\/en\/wp-json\/wp\/v2\/product"}],"about":[{"href":"https:\/\/sbdapparel.lt\/en\/wp-json\/wp\/v2\/types\/product"}],"version-history":[{"count":2,"href":"https:\/\/sbdapparel.lt\/en\/wp-json\/wp\/v2\/product\/2010\/revisions"}],"predecessor-version":[{"id":4246,"href":"https:\/\/sbdapparel.lt\/en\/wp-json\/wp\/v2\/product\/2010\/revisions\/4246"}],"wp:featuredmedia":[{"embeddable":true,"href":"https:\/\/sbdapparel.lt\/en\/wp-json\/wp\/v2\/media\/2019"}],"wp:attachment":[{"href":"https:\/\/sbdapparel.lt\/en\/wp-json\/wp\/v2\/media?parent=2010"}],"wp:term":[{"taxonomy":"product_brand","embeddable":true,"href":"https:\/\/sbdapparel.lt\/en\/wp-json\/wp\/v2\/product_brand?post=2010"},{"taxonomy":"product_cat","embeddable":true,"href":"https:\/\/sbdapparel.lt\/en\/wp-json\/wp\/v2\/product_cat?post=2010"},{"taxonomy":"product_tag","embeddable":true,"href":"https:\/\/sbdapparel.lt\/en\/wp-json\/wp\/v2\/product_tag?post=2010"},{"taxonomy":"giftcard-category","embeddable":true,"href":"https:\/\/sbdapparel.lt\/en\/wp-json\/wp\/v2\/giftcard-category?post=2010"}],"curies":[{"name":"wp","href":"https:\/\/api.w.org\/{rel}","templated":true}]}}