{"id":2055,"date":"2024-11-09T15:36:55","date_gmt":"2024-11-09T15:36:55","guid":{"rendered":"https:\/\/sbdapparel.lt\/?post_type=product&#038;p=2055"},"modified":"2026-02-11T19:01:38","modified_gmt":"2026-02-11T16:01:38","slug":"sbd-storm-keliu-itvarai","status":"publish","type":"product","link":"https:\/\/sbdapparel.lt\/en\/product\/sbd-storm-keliu-itvarai\/","title":{"rendered":"Storm Knee Sleeves 7mm"},"content":{"rendered":"","protected":false},"excerpt":{"rendered":"<p>Manufactured with high grade 7mm neoprene, designed to minimize the risk of injury and to aid performance.<\/p>\n<p>Relied on by strength athletes around the world, these 7mm knee sleeves are ideal for powerlifting and heavy training.<\/p>\n<p>Storm is a limited edition collection, offering the same performance and manufactured to the same high standards as our classic product line.<\/p>\n<p>Sold as a pair.<br \/>\nIPF approved and USAPL and IWF compliant with the maximum allowable 30cm length.<br \/>\n7mm high grade neoprene for maximal support.<br \/>\nReinforced seam construction to maximize longevity.<br \/>\nPatented design.<br \/>\nManufactured in Great Britain.<\/p>","protected":false},"featured_media":2063,"template":"","meta":[],"product_brand":[],"product_cat":[43,60],"product_tag":[],"giftcard-category":[],"class_list":{"0":"post-2055","1":"product","2":"type-product","3":"status-publish","4":"has-post-thumbnail","6":"product_cat-keliuitvarai","7":"product_cat-storm","10":"instock","11":"shipping-taxable","12":"purchasable","13":"product-type-variable","14":"product-grid-view"},"yoast_head":"<!-- This site is optimized with the Yoast SEO plugin v26.9 - https:\/\/yoast.com\/product\/yoast-seo-wordpress\/ -->\n<title>STORM STANDARTINIAI 7mm KELI\u0172 \u012eTVARAI - SBD Apparel LT<\/title>\n<meta name=\"robots\" content=\"index, follow, max-snippet:-1, max-image-preview:large, max-video-preview:-1\" \/>\n<link rel=\"canonical\" href=\"https:\/\/sbdapparel.lt\/en\/product\/sbd-storm-keliu-itvarai\/\" \/>\n<meta property=\"og:locale\" content=\"en_US\" \/>\n<meta property=\"og:type\" content=\"article\" \/>\n<meta property=\"og:title\" content=\"STORM STANDARTINIAI 7mm KELI\u0172 \u012eTVARAI - SBD Apparel LT\" \/>\n<meta property=\"og:description\" content=\"Pagaminta i\u0161 auk\u0161tos kokyb\u0117s 7 mm neopreno, kuris suma\u017eina su\u017ealojimo rizik\u0105 ir pagerina veikim\u0105.  \u0160ios 7 mm keli\u0173 rankov\u0117s, kuriomis pasitiki j\u0117gos atletai i\u0161 viso pasaulio, idealiai tinka j\u0117gos kilnojimui ir sunkioms treniruot\u0117ms.  Storm yra riboto leidimo kolekcija, pasi\u017eyminti tuo pa\u010diu na\u0161umu ir pagaminta pagal tuos pa\u010dius auk\u0161tus standartus kaip ir m\u016bs\u0173 klasikin\u0117 produkt\u0173 linija.  Parduodama kaip pora. IPF patvirtintas ir IWF atitinkantis maksimalus leistinas 30 cm ilgis. 7 mm auk\u0161tos kokyb\u0117s neoprenas maksimaliai atramai. Sustiprinta si\u016bl\u0117s konstrukcija maksimaliai ilgaam\u017ei\u0161kumui. Patentuotas dizainas. Pagaminta Did\u017eiojoje Britanijoje.\" \/>\n<meta property=\"og:url\" content=\"https:\/\/sbdapparel.lt\/en\/product\/sbd-storm-keliu-itvarai\/\" \/>\n<meta property=\"og:site_name\" content=\"SBD Apparel LT\" \/>\n<meta property=\"article:modified_time\" content=\"2026-02-11T16:01:38+00:00\" \/>\n<meta property=\"og:image\" content=\"http:\/\/sbdapparel.lt\/wp-content\/uploads\/2024\/11\/STORM-7MM-KNEE-SLEEVE-1080x1080-01_1800x1800.png\" \/>\n\t<meta property=\"og:image:width\" content=\"600\" \/>\n\t<meta property=\"og:image:height\" content=\"600\" \/>\n\t<meta property=\"og:image:type\" content=\"image\/png\" \/>\n<meta name=\"twitter:card\" content=\"summary_large_image\" \/>\n<meta name=\"twitter:label1\" content=\"Est. reading time\" \/>\n\t<meta name=\"twitter:data1\" content=\"1 minute\" \/>\n<script type=\"application\/ld+json\" class=\"yoast-schema-graph\">{\"@context\":\"https:\/\/schema.org\",\"@graph\":[{\"@type\":\"WebPage\",\"@id\":\"https:\/\/sbdapparel.lt\/product\/sbd-storm-keliu-itvarai\/\",\"url\":\"https:\/\/sbdapparel.lt\/product\/sbd-storm-keliu-itvarai\/\",\"name\":\"STORM STANDARTINIAI 7mm KELI\u0172 \u012eTVARAI - SBD Apparel LT\",\"isPartOf\":{\"@id\":\"https:\/\/sbdapparel.lt\/#website\"},\"primaryImageOfPage\":{\"@id\":\"https:\/\/sbdapparel.lt\/product\/sbd-storm-keliu-itvarai\/#primaryimage\"},\"image\":{\"@id\":\"https:\/\/sbdapparel.lt\/product\/sbd-storm-keliu-itvarai\/#primaryimage\"},\"thumbnailUrl\":\"https:\/\/sbdapparel.lt\/wp-content\/uploads\/2024\/11\/STORM-7MM-KNEE-SLEEVE-1080x1080-01_1800x1800.png\",\"datePublished\":\"2024-11-09T15:36:55+00:00\",\"dateModified\":\"2026-02-11T16:01:38+00:00\",\"breadcrumb\":{\"@id\":\"https:\/\/sbdapparel.lt\/product\/sbd-storm-keliu-itvarai\/#breadcrumb\"},\"inLanguage\":\"en-US\",\"potentialAction\":[{\"@type\":\"ReadAction\",\"target\":[\"https:\/\/sbdapparel.lt\/product\/sbd-storm-keliu-itvarai\/\"]}]},{\"@type\":\"ImageObject\",\"inLanguage\":\"en-US\",\"@id\":\"https:\/\/sbdapparel.lt\/product\/sbd-storm-keliu-itvarai\/#primaryimage\",\"url\":\"https:\/\/sbdapparel.lt\/wp-content\/uploads\/2024\/11\/STORM-7MM-KNEE-SLEEVE-1080x1080-01_1800x1800.png\",\"contentUrl\":\"https:\/\/sbdapparel.lt\/wp-content\/uploads\/2024\/11\/STORM-7MM-KNEE-SLEEVE-1080x1080-01_1800x1800.png\",\"width\":600,\"height\":600},{\"@type\":\"BreadcrumbList\",\"@id\":\"https:\/\/sbdapparel.lt\/product\/sbd-storm-keliu-itvarai\/#breadcrumb\",\"itemListElement\":[{\"@type\":\"ListItem\",\"position\":1,\"name\":\"Home\",\"item\":\"https:\/\/sbdapparel.lt\/\"},{\"@type\":\"ListItem\",\"position\":2,\"name\":\"Produktai\",\"item\":\"https:\/\/sbdapparel.lt\/shop\/\"},{\"@type\":\"ListItem\",\"position\":3,\"name\":\"STORM STANDARTINIAI 7mm KELI\u0172 \u012eTVARAI\"}]},{\"@type\":\"WebSite\",\"@id\":\"https:\/\/sbdapparel.lt\/#website\",\"url\":\"https:\/\/sbdapparel.lt\/\",\"name\":\"SBD Apparel LT\",\"description\":\"LIETUVA\",\"publisher\":{\"@id\":\"https:\/\/sbdapparel.lt\/#organization\"},\"potentialAction\":[{\"@type\":\"SearchAction\",\"target\":{\"@type\":\"EntryPoint\",\"urlTemplate\":\"https:\/\/sbdapparel.lt\/?s={search_term_string}\"},\"query-input\":{\"@type\":\"PropertyValueSpecification\",\"valueRequired\":true,\"valueName\":\"search_term_string\"}}],\"inLanguage\":\"en-US\"},{\"@type\":\"Organization\",\"@id\":\"https:\/\/sbdapparel.lt\/#organization\",\"name\":\"SBD Apparel LT\",\"url\":\"https:\/\/sbdapparel.lt\/\",\"logo\":{\"@type\":\"ImageObject\",\"inLanguage\":\"en-US\",\"@id\":\"https:\/\/sbdapparel.lt\/#\/schema\/logo\/image\/\",\"url\":\"https:\/\/sbdapparel.lt\/wp-content\/uploads\/2023\/07\/cropped-SBD_Identity_OnDark_RGB.png\",\"contentUrl\":\"https:\/\/sbdapparel.lt\/wp-content\/uploads\/2023\/07\/cropped-SBD_Identity_OnDark_RGB.png\",\"width\":1182,\"height\":515,\"caption\":\"SBD Apparel LT\"},\"image\":{\"@id\":\"https:\/\/sbdapparel.lt\/#\/schema\/logo\/image\/\"}}]}<\/script>\n<!-- \/ Yoast SEO plugin. -->","yoast_head_json":{"title":"STORM STANDARTINIAI 7mm KELI\u0172 \u012eTVARAI - SBD Apparel LT","robots":{"index":"index","follow":"follow","max-snippet":"max-snippet:-1","max-image-preview":"max-image-preview:large","max-video-preview":"max-video-preview:-1"},"canonical":"https:\/\/sbdapparel.lt\/en\/product\/sbd-storm-keliu-itvarai\/","og_locale":"en_US","og_type":"article","og_title":"STORM STANDARTINIAI 7mm KELI\u0172 \u012eTVARAI - SBD Apparel LT","og_description":"Pagaminta i\u0161 auk\u0161tos kokyb\u0117s 7 mm neopreno, kuris suma\u017eina su\u017ealojimo rizik\u0105 ir pagerina veikim\u0105.  \u0160ios 7 mm keli\u0173 rankov\u0117s, kuriomis pasitiki j\u0117gos atletai i\u0161 viso pasaulio, idealiai tinka j\u0117gos kilnojimui ir sunkioms treniruot\u0117ms.  Storm yra riboto leidimo kolekcija, pasi\u017eyminti tuo pa\u010diu na\u0161umu ir pagaminta pagal tuos pa\u010dius auk\u0161tus standartus kaip ir m\u016bs\u0173 klasikin\u0117 produkt\u0173 linija.  Parduodama kaip pora. IPF patvirtintas ir IWF atitinkantis maksimalus leistinas 30 cm ilgis. 7 mm auk\u0161tos kokyb\u0117s neoprenas maksimaliai atramai. Sustiprinta si\u016bl\u0117s konstrukcija maksimaliai ilgaam\u017ei\u0161kumui. Patentuotas dizainas. Pagaminta Did\u017eiojoje Britanijoje.","og_url":"https:\/\/sbdapparel.lt\/en\/product\/sbd-storm-keliu-itvarai\/","og_site_name":"SBD Apparel LT","article_modified_time":"2026-02-11T16:01:38+00:00","og_image":[{"width":600,"height":600,"url":"http:\/\/sbdapparel.lt\/wp-content\/uploads\/2024\/11\/STORM-7MM-KNEE-SLEEVE-1080x1080-01_1800x1800.png","type":"image\/png"}],"twitter_card":"summary_large_image","twitter_misc":{"Est. reading time":"1 minute"},"schema":{"@context":"https:\/\/schema.org","@graph":[{"@type":"WebPage","@id":"https:\/\/sbdapparel.lt\/product\/sbd-storm-keliu-itvarai\/","url":"https:\/\/sbdapparel.lt\/product\/sbd-storm-keliu-itvarai\/","name":"STORM STANDARTINIAI 7mm KELI\u0172 \u012eTVARAI - SBD Apparel LT","isPartOf":{"@id":"https:\/\/sbdapparel.lt\/#website"},"primaryImageOfPage":{"@id":"https:\/\/sbdapparel.lt\/product\/sbd-storm-keliu-itvarai\/#primaryimage"},"image":{"@id":"https:\/\/sbdapparel.lt\/product\/sbd-storm-keliu-itvarai\/#primaryimage"},"thumbnailUrl":"https:\/\/sbdapparel.lt\/wp-content\/uploads\/2024\/11\/STORM-7MM-KNEE-SLEEVE-1080x1080-01_1800x1800.png","datePublished":"2024-11-09T15:36:55+00:00","dateModified":"2026-02-11T16:01:38+00:00","breadcrumb":{"@id":"https:\/\/sbdapparel.lt\/product\/sbd-storm-keliu-itvarai\/#breadcrumb"},"inLanguage":"en-US","potentialAction":[{"@type":"ReadAction","target":["https:\/\/sbdapparel.lt\/product\/sbd-storm-keliu-itvarai\/"]}]},{"@type":"ImageObject","inLanguage":"en-US","@id":"https:\/\/sbdapparel.lt\/product\/sbd-storm-keliu-itvarai\/#primaryimage","url":"https:\/\/sbdapparel.lt\/wp-content\/uploads\/2024\/11\/STORM-7MM-KNEE-SLEEVE-1080x1080-01_1800x1800.png","contentUrl":"https:\/\/sbdapparel.lt\/wp-content\/uploads\/2024\/11\/STORM-7MM-KNEE-SLEEVE-1080x1080-01_1800x1800.png","width":600,"height":600},{"@type":"BreadcrumbList","@id":"https:\/\/sbdapparel.lt\/product\/sbd-storm-keliu-itvarai\/#breadcrumb","itemListElement":[{"@type":"ListItem","position":1,"name":"Home","item":"https:\/\/sbdapparel.lt\/"},{"@type":"ListItem","position":2,"name":"Produktai","item":"https:\/\/sbdapparel.lt\/shop\/"},{"@type":"ListItem","position":3,"name":"STORM STANDARTINIAI 7mm KELI\u0172 \u012eTVARAI"}]},{"@type":"WebSite","@id":"https:\/\/sbdapparel.lt\/#website","url":"https:\/\/sbdapparel.lt\/","name":"SBD Apparel LT","description":"LIETUVA","publisher":{"@id":"https:\/\/sbdapparel.lt\/#organization"},"potentialAction":[{"@type":"SearchAction","target":{"@type":"EntryPoint","urlTemplate":"https:\/\/sbdapparel.lt\/?s={search_term_string}"},"query-input":{"@type":"PropertyValueSpecification","valueRequired":true,"valueName":"search_term_string"}}],"inLanguage":"en-US"},{"@type":"Organization","@id":"https:\/\/sbdapparel.lt\/#organization","name":"SBD Apparel LT","url":"https:\/\/sbdapparel.lt\/","logo":{"@type":"ImageObject","inLanguage":"en-US","@id":"https:\/\/sbdapparel.lt\/#\/schema\/logo\/image\/","url":"https:\/\/sbdapparel.lt\/wp-content\/uploads\/2023\/07\/cropped-SBD_Identity_OnDark_RGB.png","contentUrl":"https:\/\/sbdapparel.lt\/wp-content\/uploads\/2023\/07\/cropped-SBD_Identity_OnDark_RGB.png","width":1182,"height":515,"caption":"SBD Apparel LT"},"image":{"@id":"https:\/\/sbdapparel.lt\/#\/schema\/logo\/image\/"}}]}},"_links":{"self":[{"href":"https:\/\/sbdapparel.lt\/en\/wp-json\/wp\/v2\/product\/2055","targetHints":{"allow":["GET"]}}],"collection":[{"href":"https:\/\/sbdapparel.lt\/en\/wp-json\/wp\/v2\/product"}],"about":[{"href":"https:\/\/sbdapparel.lt\/en\/wp-json\/wp\/v2\/types\/product"}],"version-history":[{"count":5,"href":"https:\/\/sbdapparel.lt\/en\/wp-json\/wp\/v2\/product\/2055\/revisions"}],"predecessor-version":[{"id":4252,"href":"https:\/\/sbdapparel.lt\/en\/wp-json\/wp\/v2\/product\/2055\/revisions\/4252"}],"wp:featuredmedia":[{"embeddable":true,"href":"https:\/\/sbdapparel.lt\/en\/wp-json\/wp\/v2\/media\/2063"}],"wp:attachment":[{"href":"https:\/\/sbdapparel.lt\/en\/wp-json\/wp\/v2\/media?parent=2055"}],"wp:term":[{"taxonomy":"product_brand","embeddable":true,"href":"https:\/\/sbdapparel.lt\/en\/wp-json\/wp\/v2\/product_brand?post=2055"},{"taxonomy":"product_cat","embeddable":true,"href":"https:\/\/sbdapparel.lt\/en\/wp-json\/wp\/v2\/product_cat?post=2055"},{"taxonomy":"product_tag","embeddable":true,"href":"https:\/\/sbdapparel.lt\/en\/wp-json\/wp\/v2\/product_tag?post=2055"},{"taxonomy":"giftcard-category","embeddable":true,"href":"https:\/\/sbdapparel.lt\/en\/wp-json\/wp\/v2\/giftcard-category?post=2055"}],"curies":[{"name":"wp","href":"https:\/\/api.w.org\/{rel}","templated":true}]}}