{"id":2067,"date":"2024-11-09T15:40:03","date_gmt":"2024-11-09T15:40:03","guid":{"rendered":"https:\/\/sbdapparel.lt\/?post_type=product&#038;p=2067"},"modified":"2026-04-13T20:38:02","modified_gmt":"2026-04-13T17:38:02","slug":"sbd-svorio-kilnojimo-keliu-itvarai","status":"publish","type":"product","link":"https:\/\/sbdapparel.lt\/en\/product\/sbd-svorio-kilnojimo-keliu-itvarai\/","title":{"rendered":"Weightlifting Knee Sleeves 5mm"},"content":{"rendered":"","protected":false},"excerpt":{"rendered":"<p>Sold as a pair.<br \/>\nPatented design.<br \/>\n5mm high grade neoprene and four-way stretch fabric for a greater stretch.<br \/>\nAnti-microbial, anti-run inner lining.<br \/>\nAbrasion resistant exterior lining.<br \/>\nReinforced seam construction to maximize longevity.<br \/>\nRelied on by strength athletes around the world, these 5mm knee sleeves are ideal for weightlifting and provide support for movements with a greater range of motion than a powerlifting squat.<br \/>\nIPF approved and USAPL, USPA and IWF compliant<br \/>\nManufactured in Great Britain.<br \/>\nIf you are buying knee braces for the first time, we recommend that you go for the recommended knee brace size rather than a size smaller, especially if you are of average weight or below.<\/p>","protected":false},"featured_media":2076,"template":"","meta":[],"product_brand":[],"product_cat":[43,56],"product_tag":[],"giftcard-category":[],"class_list":{"0":"post-2067","1":"product","2":"type-product","3":"status-publish","4":"has-post-thumbnail","6":"product_cat-keliuitvarai","7":"product_cat-klasikine","10":"instock","11":"shipping-taxable","12":"purchasable","13":"product-type-variable","14":"product-grid-view"},"yoast_head":"<!-- This site is optimized with the Yoast SEO plugin v26.9 - https:\/\/yoast.com\/product\/yoast-seo-wordpress\/ -->\n<title>SBD WEIGHTLIFTING 5mm KELI\u0172 \u012eTVARAI - SBD Apparel LT<\/title>\n<meta name=\"robots\" content=\"index, follow, max-snippet:-1, max-image-preview:large, max-video-preview:-1\" \/>\n<link rel=\"canonical\" href=\"https:\/\/sbdapparel.lt\/en\/product\/sbd-svorio-kilnojimo-keliu-itvarai\/\" \/>\n<meta property=\"og:locale\" content=\"en_US\" \/>\n<meta property=\"og:type\" content=\"article\" \/>\n<meta property=\"og:title\" content=\"SBD WEIGHTLIFTING 5mm KELI\u0172 \u012eTVARAI - SBD Apparel LT\" \/>\n<meta property=\"og:description\" content=\"Parduodama kaip pora. Sukurta siekiant suma\u017einti traum\u0173 rizik\u0105 ir pad\u0117ti atlikti darb\u0105. 5 mm auk\u0161tos kokyb\u0117s neoprenas ir \u012f keturias puses tamprus audinys, u\u017etikrinantis didesn\u012f tempim\u0105. Antimikrobinis vidinis pamu\u0161alas. Atsparus dilimui i\u0161orinis pamu\u0161alas. Sustiprinta si\u016bli\u0173 konstrukcija maksimaliai+m ilgaam\u017ei\u0161kumui. Registruotas ir patentuotas dizainas, sukurtas kartu su elitiniais sportininkais, treneriais ir sveikatos prie\u017ei\u016bros specialistais. IPF patvirtintas ir atitinkantis IWF. Pagaminta Did\u017eiojoje Britanijoje. Jei pirm\u0105 kart\u0105 perkate keli\u0173 \u012ftvarus , rekomenduojame rinktis rekomenduojamo dyd\u017eio keli\u0173 \u012ftvarus, o ne ma\u017eesn\u012f dyd\u012f, ypa\u010d jei esate vidutinio ar ma\u017eesnio svorio.\" \/>\n<meta property=\"og:url\" content=\"https:\/\/sbdapparel.lt\/en\/product\/sbd-svorio-kilnojimo-keliu-itvarai\/\" \/>\n<meta property=\"og:site_name\" content=\"SBD Apparel LT\" \/>\n<meta property=\"article:modified_time\" content=\"2026-04-13T17:38:02+00:00\" \/>\n<meta property=\"og:image\" content=\"http:\/\/sbdapparel.lt\/wp-content\/uploads\/2024\/11\/WEIGHTLIFTING-KNEE-SLEEVES-01.png\" \/>\n\t<meta property=\"og:image:width\" content=\"600\" \/>\n\t<meta property=\"og:image:height\" content=\"600\" \/>\n\t<meta property=\"og:image:type\" content=\"image\/png\" \/>\n<meta name=\"twitter:card\" content=\"summary_large_image\" \/>\n<meta name=\"twitter:label1\" content=\"Est. reading time\" \/>\n\t<meta name=\"twitter:data1\" content=\"1 minute\" \/>\n<script type=\"application\/ld+json\" class=\"yoast-schema-graph\">{\"@context\":\"https:\/\/schema.org\",\"@graph\":[{\"@type\":\"WebPage\",\"@id\":\"https:\/\/sbdapparel.lt\/product\/sbd-svorio-kilnojimo-keliu-itvarai\/\",\"url\":\"https:\/\/sbdapparel.lt\/product\/sbd-svorio-kilnojimo-keliu-itvarai\/\",\"name\":\"SBD WEIGHTLIFTING 5mm KELI\u0172 \u012eTVARAI - SBD Apparel LT\",\"isPartOf\":{\"@id\":\"https:\/\/sbdapparel.lt\/#website\"},\"primaryImageOfPage\":{\"@id\":\"https:\/\/sbdapparel.lt\/product\/sbd-svorio-kilnojimo-keliu-itvarai\/#primaryimage\"},\"image\":{\"@id\":\"https:\/\/sbdapparel.lt\/product\/sbd-svorio-kilnojimo-keliu-itvarai\/#primaryimage\"},\"thumbnailUrl\":\"https:\/\/sbdapparel.lt\/wp-content\/uploads\/2024\/11\/WEIGHTLIFTING-KNEE-SLEEVES-01.png\",\"datePublished\":\"2024-11-09T15:40:03+00:00\",\"dateModified\":\"2026-04-13T17:38:02+00:00\",\"breadcrumb\":{\"@id\":\"https:\/\/sbdapparel.lt\/product\/sbd-svorio-kilnojimo-keliu-itvarai\/#breadcrumb\"},\"inLanguage\":\"en-US\",\"potentialAction\":[{\"@type\":\"ReadAction\",\"target\":[\"https:\/\/sbdapparel.lt\/product\/sbd-svorio-kilnojimo-keliu-itvarai\/\"]}]},{\"@type\":\"ImageObject\",\"inLanguage\":\"en-US\",\"@id\":\"https:\/\/sbdapparel.lt\/product\/sbd-svorio-kilnojimo-keliu-itvarai\/#primaryimage\",\"url\":\"https:\/\/sbdapparel.lt\/wp-content\/uploads\/2024\/11\/WEIGHTLIFTING-KNEE-SLEEVES-01.png\",\"contentUrl\":\"https:\/\/sbdapparel.lt\/wp-content\/uploads\/2024\/11\/WEIGHTLIFTING-KNEE-SLEEVES-01.png\",\"width\":600,\"height\":600},{\"@type\":\"BreadcrumbList\",\"@id\":\"https:\/\/sbdapparel.lt\/product\/sbd-svorio-kilnojimo-keliu-itvarai\/#breadcrumb\",\"itemListElement\":[{\"@type\":\"ListItem\",\"position\":1,\"name\":\"Home\",\"item\":\"https:\/\/sbdapparel.lt\/\"},{\"@type\":\"ListItem\",\"position\":2,\"name\":\"Produktai\",\"item\":\"https:\/\/sbdapparel.lt\/shop\/\"},{\"@type\":\"ListItem\",\"position\":3,\"name\":\"SBD WEIGHTLIFTING 5mm KELI\u0172 \u012eTVARAI\"}]},{\"@type\":\"WebSite\",\"@id\":\"https:\/\/sbdapparel.lt\/#website\",\"url\":\"https:\/\/sbdapparel.lt\/\",\"name\":\"SBD Apparel LT\",\"description\":\"LIETUVA\",\"publisher\":{\"@id\":\"https:\/\/sbdapparel.lt\/#organization\"},\"potentialAction\":[{\"@type\":\"SearchAction\",\"target\":{\"@type\":\"EntryPoint\",\"urlTemplate\":\"https:\/\/sbdapparel.lt\/?s={search_term_string}\"},\"query-input\":{\"@type\":\"PropertyValueSpecification\",\"valueRequired\":true,\"valueName\":\"search_term_string\"}}],\"inLanguage\":\"en-US\"},{\"@type\":\"Organization\",\"@id\":\"https:\/\/sbdapparel.lt\/#organization\",\"name\":\"SBD Apparel LT\",\"url\":\"https:\/\/sbdapparel.lt\/\",\"logo\":{\"@type\":\"ImageObject\",\"inLanguage\":\"en-US\",\"@id\":\"https:\/\/sbdapparel.lt\/#\/schema\/logo\/image\/\",\"url\":\"https:\/\/sbdapparel.lt\/wp-content\/uploads\/2023\/07\/cropped-SBD_Identity_OnDark_RGB.png\",\"contentUrl\":\"https:\/\/sbdapparel.lt\/wp-content\/uploads\/2023\/07\/cropped-SBD_Identity_OnDark_RGB.png\",\"width\":1182,\"height\":515,\"caption\":\"SBD Apparel LT\"},\"image\":{\"@id\":\"https:\/\/sbdapparel.lt\/#\/schema\/logo\/image\/\"}}]}<\/script>\n<!-- \/ Yoast SEO plugin. -->","yoast_head_json":{"title":"SBD WEIGHTLIFTING 5mm KELI\u0172 \u012eTVARAI - SBD Apparel LT","robots":{"index":"index","follow":"follow","max-snippet":"max-snippet:-1","max-image-preview":"max-image-preview:large","max-video-preview":"max-video-preview:-1"},"canonical":"https:\/\/sbdapparel.lt\/en\/product\/sbd-svorio-kilnojimo-keliu-itvarai\/","og_locale":"en_US","og_type":"article","og_title":"SBD WEIGHTLIFTING 5mm KELI\u0172 \u012eTVARAI - SBD Apparel LT","og_description":"Parduodama kaip pora. Sukurta siekiant suma\u017einti traum\u0173 rizik\u0105 ir pad\u0117ti atlikti darb\u0105. 5 mm auk\u0161tos kokyb\u0117s neoprenas ir \u012f keturias puses tamprus audinys, u\u017etikrinantis didesn\u012f tempim\u0105. Antimikrobinis vidinis pamu\u0161alas. Atsparus dilimui i\u0161orinis pamu\u0161alas. Sustiprinta si\u016bli\u0173 konstrukcija maksimaliai+m ilgaam\u017ei\u0161kumui. Registruotas ir patentuotas dizainas, sukurtas kartu su elitiniais sportininkais, treneriais ir sveikatos prie\u017ei\u016bros specialistais. IPF patvirtintas ir atitinkantis IWF. Pagaminta Did\u017eiojoje Britanijoje. Jei pirm\u0105 kart\u0105 perkate keli\u0173 \u012ftvarus , rekomenduojame rinktis rekomenduojamo dyd\u017eio keli\u0173 \u012ftvarus, o ne ma\u017eesn\u012f dyd\u012f, ypa\u010d jei esate vidutinio ar ma\u017eesnio svorio.","og_url":"https:\/\/sbdapparel.lt\/en\/product\/sbd-svorio-kilnojimo-keliu-itvarai\/","og_site_name":"SBD Apparel LT","article_modified_time":"2026-04-13T17:38:02+00:00","og_image":[{"width":600,"height":600,"url":"http:\/\/sbdapparel.lt\/wp-content\/uploads\/2024\/11\/WEIGHTLIFTING-KNEE-SLEEVES-01.png","type":"image\/png"}],"twitter_card":"summary_large_image","twitter_misc":{"Est. reading time":"1 minute"},"schema":{"@context":"https:\/\/schema.org","@graph":[{"@type":"WebPage","@id":"https:\/\/sbdapparel.lt\/product\/sbd-svorio-kilnojimo-keliu-itvarai\/","url":"https:\/\/sbdapparel.lt\/product\/sbd-svorio-kilnojimo-keliu-itvarai\/","name":"SBD WEIGHTLIFTING 5mm KELI\u0172 \u012eTVARAI - SBD Apparel LT","isPartOf":{"@id":"https:\/\/sbdapparel.lt\/#website"},"primaryImageOfPage":{"@id":"https:\/\/sbdapparel.lt\/product\/sbd-svorio-kilnojimo-keliu-itvarai\/#primaryimage"},"image":{"@id":"https:\/\/sbdapparel.lt\/product\/sbd-svorio-kilnojimo-keliu-itvarai\/#primaryimage"},"thumbnailUrl":"https:\/\/sbdapparel.lt\/wp-content\/uploads\/2024\/11\/WEIGHTLIFTING-KNEE-SLEEVES-01.png","datePublished":"2024-11-09T15:40:03+00:00","dateModified":"2026-04-13T17:38:02+00:00","breadcrumb":{"@id":"https:\/\/sbdapparel.lt\/product\/sbd-svorio-kilnojimo-keliu-itvarai\/#breadcrumb"},"inLanguage":"en-US","potentialAction":[{"@type":"ReadAction","target":["https:\/\/sbdapparel.lt\/product\/sbd-svorio-kilnojimo-keliu-itvarai\/"]}]},{"@type":"ImageObject","inLanguage":"en-US","@id":"https:\/\/sbdapparel.lt\/product\/sbd-svorio-kilnojimo-keliu-itvarai\/#primaryimage","url":"https:\/\/sbdapparel.lt\/wp-content\/uploads\/2024\/11\/WEIGHTLIFTING-KNEE-SLEEVES-01.png","contentUrl":"https:\/\/sbdapparel.lt\/wp-content\/uploads\/2024\/11\/WEIGHTLIFTING-KNEE-SLEEVES-01.png","width":600,"height":600},{"@type":"BreadcrumbList","@id":"https:\/\/sbdapparel.lt\/product\/sbd-svorio-kilnojimo-keliu-itvarai\/#breadcrumb","itemListElement":[{"@type":"ListItem","position":1,"name":"Home","item":"https:\/\/sbdapparel.lt\/"},{"@type":"ListItem","position":2,"name":"Produktai","item":"https:\/\/sbdapparel.lt\/shop\/"},{"@type":"ListItem","position":3,"name":"SBD WEIGHTLIFTING 5mm KELI\u0172 \u012eTVARAI"}]},{"@type":"WebSite","@id":"https:\/\/sbdapparel.lt\/#website","url":"https:\/\/sbdapparel.lt\/","name":"SBD Apparel LT","description":"LIETUVA","publisher":{"@id":"https:\/\/sbdapparel.lt\/#organization"},"potentialAction":[{"@type":"SearchAction","target":{"@type":"EntryPoint","urlTemplate":"https:\/\/sbdapparel.lt\/?s={search_term_string}"},"query-input":{"@type":"PropertyValueSpecification","valueRequired":true,"valueName":"search_term_string"}}],"inLanguage":"en-US"},{"@type":"Organization","@id":"https:\/\/sbdapparel.lt\/#organization","name":"SBD Apparel LT","url":"https:\/\/sbdapparel.lt\/","logo":{"@type":"ImageObject","inLanguage":"en-US","@id":"https:\/\/sbdapparel.lt\/#\/schema\/logo\/image\/","url":"https:\/\/sbdapparel.lt\/wp-content\/uploads\/2023\/07\/cropped-SBD_Identity_OnDark_RGB.png","contentUrl":"https:\/\/sbdapparel.lt\/wp-content\/uploads\/2023\/07\/cropped-SBD_Identity_OnDark_RGB.png","width":1182,"height":515,"caption":"SBD Apparel LT"},"image":{"@id":"https:\/\/sbdapparel.lt\/#\/schema\/logo\/image\/"}}]}},"_links":{"self":[{"href":"https:\/\/sbdapparel.lt\/en\/wp-json\/wp\/v2\/product\/2067","targetHints":{"allow":["GET"]}}],"collection":[{"href":"https:\/\/sbdapparel.lt\/en\/wp-json\/wp\/v2\/product"}],"about":[{"href":"https:\/\/sbdapparel.lt\/en\/wp-json\/wp\/v2\/types\/product"}],"version-history":[{"count":5,"href":"https:\/\/sbdapparel.lt\/en\/wp-json\/wp\/v2\/product\/2067\/revisions"}],"predecessor-version":[{"id":4240,"href":"https:\/\/sbdapparel.lt\/en\/wp-json\/wp\/v2\/product\/2067\/revisions\/4240"}],"wp:featuredmedia":[{"embeddable":true,"href":"https:\/\/sbdapparel.lt\/en\/wp-json\/wp\/v2\/media\/2076"}],"wp:attachment":[{"href":"https:\/\/sbdapparel.lt\/en\/wp-json\/wp\/v2\/media?parent=2067"}],"wp:term":[{"taxonomy":"product_brand","embeddable":true,"href":"https:\/\/sbdapparel.lt\/en\/wp-json\/wp\/v2\/product_brand?post=2067"},{"taxonomy":"product_cat","embeddable":true,"href":"https:\/\/sbdapparel.lt\/en\/wp-json\/wp\/v2\/product_cat?post=2067"},{"taxonomy":"product_tag","embeddable":true,"href":"https:\/\/sbdapparel.lt\/en\/wp-json\/wp\/v2\/product_tag?post=2067"},{"taxonomy":"giftcard-category","embeddable":true,"href":"https:\/\/sbdapparel.lt\/en\/wp-json\/wp\/v2\/giftcard-category?post=2067"}],"curies":[{"name":"wp","href":"https:\/\/api.w.org\/{rel}","templated":true}]}}