{"id":2080,"date":"2024-11-10T14:43:41","date_gmt":"2024-11-10T14:43:41","guid":{"rendered":"https:\/\/sbdapparel.lt\/?post_type=product&#038;p=2080"},"modified":"2026-03-16T11:52:19","modified_gmt":"2026-03-16T08:52:19","slug":"klasikiniai-sbd-alkuniu-itvarai","status":"publish","type":"product","link":"https:\/\/sbdapparel.lt\/en\/product\/klasikiniai-sbd-alkuniu-itvarai\/","title":{"rendered":"Elbow Sleeves classic"},"content":{"rendered":"","protected":false},"excerpt":{"rendered":"<p>Sold as a pair.<\/p>\n<p>The sleeves combine the high grade neoprene used in our knee sleeves with a thinner interior panel, ideal for pulling and pressing motions.<\/p>\n<p>Suitable for training and strength events<\/p>\n<p>Designed to reduce the risk of injury and help you get the job done<\/p>\n<p>5 mm and 7 mm high quality neoprene<\/p>\n<p>Reinforced seam construction to maximize longevity.<\/p>\n<p>Made in Sheffield, Great Britain.<\/p>","protected":false},"featured_media":2087,"template":"","meta":[],"product_brand":[],"product_cat":[44,56],"product_tag":[],"giftcard-category":[],"class_list":{"0":"post-2080","1":"product","2":"type-product","3":"status-publish","4":"has-post-thumbnail","6":"product_cat-alkuniuitvarai","7":"product_cat-klasikine","10":"instock","11":"shipping-taxable","12":"purchasable","13":"product-type-variable","14":"product-grid-view"},"yoast_head":"<!-- This site is optimized with the Yoast SEO plugin v26.9 - https:\/\/yoast.com\/product\/yoast-seo-wordpress\/ -->\n<title>SBD KLASIKINIAI ALK\u016aNI\u0172 \u012eTVARAI - SBD Apparel LT<\/title>\n<meta name=\"robots\" content=\"index, follow, max-snippet:-1, max-image-preview:large, max-video-preview:-1\" \/>\n<link rel=\"canonical\" href=\"https:\/\/sbdapparel.lt\/en\/product\/klasikiniai-sbd-alkuniu-itvarai\/\" \/>\n<meta property=\"og:locale\" content=\"en_US\" \/>\n<meta property=\"og:type\" content=\"article\" \/>\n<meta property=\"og:title\" content=\"SBD KLASIKINIAI ALK\u016aNI\u0172 \u012eTVARAI - SBD Apparel LT\" \/>\n<meta property=\"og:description\" content=\"Parduodama kaip pora  Sujungiant t\u0105 pat\u012f auk\u0161tos kokyb\u0117s neopren\u0105, naudojam\u0105 m\u016bs\u0173 keli\u0173 atramose, su plonesne vidine plok\u0161te, kad b\u016bt\u0173 lengviau pritvirtinti ir laisvai jud\u0117ti traukiant  Tinka treniruot\u0117ms ir stipruoli\u0173 renginiams  Sukurta siekiant suma\u017einti su\u017ealojimo rizik\u0105 ir pad\u0117ti atlikti darb\u0105  5 mm ir 7 mm auk\u0161tos kokyb\u0117s neoprenas  Sustiprinta si\u016bl\u0117s konstrukcija maksimaliai ilgaam\u017ei\u0161kumui  Pagaminta i\u0161skirtinai Did\u017eiojoje Britanijoje\" \/>\n<meta property=\"og:url\" content=\"https:\/\/sbdapparel.lt\/en\/product\/klasikiniai-sbd-alkuniu-itvarai\/\" \/>\n<meta property=\"og:site_name\" content=\"SBD Apparel LT\" \/>\n<meta property=\"article:modified_time\" content=\"2026-03-16T08:52:19+00:00\" \/>\n<meta property=\"og:image\" content=\"http:\/\/sbdapparel.lt\/wp-content\/uploads\/2024\/11\/BIGZSHO1198.1.jpg\" \/>\n\t<meta property=\"og:image:width\" content=\"600\" \/>\n\t<meta property=\"og:image:height\" content=\"600\" \/>\n\t<meta property=\"og:image:type\" content=\"image\/jpeg\" \/>\n<meta name=\"twitter:card\" content=\"summary_large_image\" \/>\n<meta name=\"twitter:label1\" content=\"Est. reading time\" \/>\n\t<meta name=\"twitter:data1\" content=\"1 minute\" \/>\n<script type=\"application\/ld+json\" class=\"yoast-schema-graph\">{\"@context\":\"https:\/\/schema.org\",\"@graph\":[{\"@type\":\"WebPage\",\"@id\":\"https:\/\/sbdapparel.lt\/product\/klasikiniai-sbd-alkuniu-itvarai\/\",\"url\":\"https:\/\/sbdapparel.lt\/product\/klasikiniai-sbd-alkuniu-itvarai\/\",\"name\":\"SBD KLASIKINIAI ALK\u016aNI\u0172 \u012eTVARAI - SBD Apparel LT\",\"isPartOf\":{\"@id\":\"https:\/\/sbdapparel.lt\/#website\"},\"primaryImageOfPage\":{\"@id\":\"https:\/\/sbdapparel.lt\/product\/klasikiniai-sbd-alkuniu-itvarai\/#primaryimage\"},\"image\":{\"@id\":\"https:\/\/sbdapparel.lt\/product\/klasikiniai-sbd-alkuniu-itvarai\/#primaryimage\"},\"thumbnailUrl\":\"https:\/\/sbdapparel.lt\/wp-content\/uploads\/2024\/11\/BIGZSHO1198.1.jpg\",\"datePublished\":\"2024-11-10T14:43:41+00:00\",\"dateModified\":\"2026-03-16T08:52:19+00:00\",\"breadcrumb\":{\"@id\":\"https:\/\/sbdapparel.lt\/product\/klasikiniai-sbd-alkuniu-itvarai\/#breadcrumb\"},\"inLanguage\":\"en-US\",\"potentialAction\":[{\"@type\":\"ReadAction\",\"target\":[\"https:\/\/sbdapparel.lt\/product\/klasikiniai-sbd-alkuniu-itvarai\/\"]}]},{\"@type\":\"ImageObject\",\"inLanguage\":\"en-US\",\"@id\":\"https:\/\/sbdapparel.lt\/product\/klasikiniai-sbd-alkuniu-itvarai\/#primaryimage\",\"url\":\"https:\/\/sbdapparel.lt\/wp-content\/uploads\/2024\/11\/BIGZSHO1198.1.jpg\",\"contentUrl\":\"https:\/\/sbdapparel.lt\/wp-content\/uploads\/2024\/11\/BIGZSHO1198.1.jpg\",\"width\":600,\"height\":600},{\"@type\":\"BreadcrumbList\",\"@id\":\"https:\/\/sbdapparel.lt\/product\/klasikiniai-sbd-alkuniu-itvarai\/#breadcrumb\",\"itemListElement\":[{\"@type\":\"ListItem\",\"position\":1,\"name\":\"Home\",\"item\":\"https:\/\/sbdapparel.lt\/\"},{\"@type\":\"ListItem\",\"position\":2,\"name\":\"Produktai\",\"item\":\"https:\/\/sbdapparel.lt\/shop\/\"},{\"@type\":\"ListItem\",\"position\":3,\"name\":\"SBD KLASIKINIAI ALK\u016aNI\u0172 \u012eTVARAI\"}]},{\"@type\":\"WebSite\",\"@id\":\"https:\/\/sbdapparel.lt\/#website\",\"url\":\"https:\/\/sbdapparel.lt\/\",\"name\":\"SBD Apparel LT\",\"description\":\"LIETUVA\",\"publisher\":{\"@id\":\"https:\/\/sbdapparel.lt\/#organization\"},\"potentialAction\":[{\"@type\":\"SearchAction\",\"target\":{\"@type\":\"EntryPoint\",\"urlTemplate\":\"https:\/\/sbdapparel.lt\/?s={search_term_string}\"},\"query-input\":{\"@type\":\"PropertyValueSpecification\",\"valueRequired\":true,\"valueName\":\"search_term_string\"}}],\"inLanguage\":\"en-US\"},{\"@type\":\"Organization\",\"@id\":\"https:\/\/sbdapparel.lt\/#organization\",\"name\":\"SBD Apparel LT\",\"url\":\"https:\/\/sbdapparel.lt\/\",\"logo\":{\"@type\":\"ImageObject\",\"inLanguage\":\"en-US\",\"@id\":\"https:\/\/sbdapparel.lt\/#\/schema\/logo\/image\/\",\"url\":\"https:\/\/sbdapparel.lt\/wp-content\/uploads\/2023\/07\/cropped-SBD_Identity_OnDark_RGB.png\",\"contentUrl\":\"https:\/\/sbdapparel.lt\/wp-content\/uploads\/2023\/07\/cropped-SBD_Identity_OnDark_RGB.png\",\"width\":1182,\"height\":515,\"caption\":\"SBD Apparel LT\"},\"image\":{\"@id\":\"https:\/\/sbdapparel.lt\/#\/schema\/logo\/image\/\"}}]}<\/script>\n<!-- \/ Yoast SEO plugin. -->","yoast_head_json":{"title":"SBD KLASIKINIAI ALK\u016aNI\u0172 \u012eTVARAI - SBD Apparel LT","robots":{"index":"index","follow":"follow","max-snippet":"max-snippet:-1","max-image-preview":"max-image-preview:large","max-video-preview":"max-video-preview:-1"},"canonical":"https:\/\/sbdapparel.lt\/en\/product\/klasikiniai-sbd-alkuniu-itvarai\/","og_locale":"en_US","og_type":"article","og_title":"SBD KLASIKINIAI ALK\u016aNI\u0172 \u012eTVARAI - SBD Apparel LT","og_description":"Parduodama kaip pora  Sujungiant t\u0105 pat\u012f auk\u0161tos kokyb\u0117s neopren\u0105, naudojam\u0105 m\u016bs\u0173 keli\u0173 atramose, su plonesne vidine plok\u0161te, kad b\u016bt\u0173 lengviau pritvirtinti ir laisvai jud\u0117ti traukiant  Tinka treniruot\u0117ms ir stipruoli\u0173 renginiams  Sukurta siekiant suma\u017einti su\u017ealojimo rizik\u0105 ir pad\u0117ti atlikti darb\u0105  5 mm ir 7 mm auk\u0161tos kokyb\u0117s neoprenas  Sustiprinta si\u016bl\u0117s konstrukcija maksimaliai ilgaam\u017ei\u0161kumui  Pagaminta i\u0161skirtinai Did\u017eiojoje Britanijoje","og_url":"https:\/\/sbdapparel.lt\/en\/product\/klasikiniai-sbd-alkuniu-itvarai\/","og_site_name":"SBD Apparel LT","article_modified_time":"2026-03-16T08:52:19+00:00","og_image":[{"width":600,"height":600,"url":"http:\/\/sbdapparel.lt\/wp-content\/uploads\/2024\/11\/BIGZSHO1198.1.jpg","type":"image\/jpeg"}],"twitter_card":"summary_large_image","twitter_misc":{"Est. reading time":"1 minute"},"schema":{"@context":"https:\/\/schema.org","@graph":[{"@type":"WebPage","@id":"https:\/\/sbdapparel.lt\/product\/klasikiniai-sbd-alkuniu-itvarai\/","url":"https:\/\/sbdapparel.lt\/product\/klasikiniai-sbd-alkuniu-itvarai\/","name":"SBD KLASIKINIAI ALK\u016aNI\u0172 \u012eTVARAI - SBD Apparel LT","isPartOf":{"@id":"https:\/\/sbdapparel.lt\/#website"},"primaryImageOfPage":{"@id":"https:\/\/sbdapparel.lt\/product\/klasikiniai-sbd-alkuniu-itvarai\/#primaryimage"},"image":{"@id":"https:\/\/sbdapparel.lt\/product\/klasikiniai-sbd-alkuniu-itvarai\/#primaryimage"},"thumbnailUrl":"https:\/\/sbdapparel.lt\/wp-content\/uploads\/2024\/11\/BIGZSHO1198.1.jpg","datePublished":"2024-11-10T14:43:41+00:00","dateModified":"2026-03-16T08:52:19+00:00","breadcrumb":{"@id":"https:\/\/sbdapparel.lt\/product\/klasikiniai-sbd-alkuniu-itvarai\/#breadcrumb"},"inLanguage":"en-US","potentialAction":[{"@type":"ReadAction","target":["https:\/\/sbdapparel.lt\/product\/klasikiniai-sbd-alkuniu-itvarai\/"]}]},{"@type":"ImageObject","inLanguage":"en-US","@id":"https:\/\/sbdapparel.lt\/product\/klasikiniai-sbd-alkuniu-itvarai\/#primaryimage","url":"https:\/\/sbdapparel.lt\/wp-content\/uploads\/2024\/11\/BIGZSHO1198.1.jpg","contentUrl":"https:\/\/sbdapparel.lt\/wp-content\/uploads\/2024\/11\/BIGZSHO1198.1.jpg","width":600,"height":600},{"@type":"BreadcrumbList","@id":"https:\/\/sbdapparel.lt\/product\/klasikiniai-sbd-alkuniu-itvarai\/#breadcrumb","itemListElement":[{"@type":"ListItem","position":1,"name":"Home","item":"https:\/\/sbdapparel.lt\/"},{"@type":"ListItem","position":2,"name":"Produktai","item":"https:\/\/sbdapparel.lt\/shop\/"},{"@type":"ListItem","position":3,"name":"SBD KLASIKINIAI ALK\u016aNI\u0172 \u012eTVARAI"}]},{"@type":"WebSite","@id":"https:\/\/sbdapparel.lt\/#website","url":"https:\/\/sbdapparel.lt\/","name":"SBD Apparel LT","description":"LIETUVA","publisher":{"@id":"https:\/\/sbdapparel.lt\/#organization"},"potentialAction":[{"@type":"SearchAction","target":{"@type":"EntryPoint","urlTemplate":"https:\/\/sbdapparel.lt\/?s={search_term_string}"},"query-input":{"@type":"PropertyValueSpecification","valueRequired":true,"valueName":"search_term_string"}}],"inLanguage":"en-US"},{"@type":"Organization","@id":"https:\/\/sbdapparel.lt\/#organization","name":"SBD Apparel LT","url":"https:\/\/sbdapparel.lt\/","logo":{"@type":"ImageObject","inLanguage":"en-US","@id":"https:\/\/sbdapparel.lt\/#\/schema\/logo\/image\/","url":"https:\/\/sbdapparel.lt\/wp-content\/uploads\/2023\/07\/cropped-SBD_Identity_OnDark_RGB.png","contentUrl":"https:\/\/sbdapparel.lt\/wp-content\/uploads\/2023\/07\/cropped-SBD_Identity_OnDark_RGB.png","width":1182,"height":515,"caption":"SBD Apparel LT"},"image":{"@id":"https:\/\/sbdapparel.lt\/#\/schema\/logo\/image\/"}}]}},"_links":{"self":[{"href":"https:\/\/sbdapparel.lt\/en\/wp-json\/wp\/v2\/product\/2080","targetHints":{"allow":["GET"]}}],"collection":[{"href":"https:\/\/sbdapparel.lt\/en\/wp-json\/wp\/v2\/product"}],"about":[{"href":"https:\/\/sbdapparel.lt\/en\/wp-json\/wp\/v2\/types\/product"}],"version-history":[{"count":3,"href":"https:\/\/sbdapparel.lt\/en\/wp-json\/wp\/v2\/product\/2080\/revisions"}],"predecessor-version":[{"id":6545,"href":"https:\/\/sbdapparel.lt\/en\/wp-json\/wp\/v2\/product\/2080\/revisions\/6545"}],"wp:featuredmedia":[{"embeddable":true,"href":"https:\/\/sbdapparel.lt\/en\/wp-json\/wp\/v2\/media\/2087"}],"wp:attachment":[{"href":"https:\/\/sbdapparel.lt\/en\/wp-json\/wp\/v2\/media?parent=2080"}],"wp:term":[{"taxonomy":"product_brand","embeddable":true,"href":"https:\/\/sbdapparel.lt\/en\/wp-json\/wp\/v2\/product_brand?post=2080"},{"taxonomy":"product_cat","embeddable":true,"href":"https:\/\/sbdapparel.lt\/en\/wp-json\/wp\/v2\/product_cat?post=2080"},{"taxonomy":"product_tag","embeddable":true,"href":"https:\/\/sbdapparel.lt\/en\/wp-json\/wp\/v2\/product_tag?post=2080"},{"taxonomy":"giftcard-category","embeddable":true,"href":"https:\/\/sbdapparel.lt\/en\/wp-json\/wp\/v2\/giftcard-category?post=2080"}],"curies":[{"name":"wp","href":"https:\/\/api.w.org\/{rel}","templated":true}]}}