{"id":2092,"date":"2024-11-10T14:43:50","date_gmt":"2024-11-10T14:43:50","guid":{"rendered":"https:\/\/sbdapparel.lt\/?post_type=product&#038;p=2092"},"modified":"2026-01-25T22:49:08","modified_gmt":"2026-01-25T19:49:08","slug":"alkuniu-itvarai-2024","status":"publish","type":"product","link":"https:\/\/sbdapparel.lt\/en\/product\/alkuniu-itvarai-2024\/","title":{"rendered":"SBD Elbow Sleeves"},"content":{"rendered":"","protected":false},"excerpt":{"rendered":"<p>These elbow sleeves provide maximal support and compression for the joint, while ensuring the elbow is free to move easily, preserving range of motion.<\/p>\n<p>The sleeves combine the high grade neoprene used in our knee sleeves with a thinner interior panel, ideal for pulling and pressing motions.<\/p>\n<p>Sold as a pair.<br \/>\nCombines a 5mm interior panel for freedom of movement and a 7mm exterior panel for maximum joint support.<br \/>\nReinforced seam construction to maximize longevity.<br \/>\nAntimicrobial treatment minimizes the build-up of bacteria and reduces odor.<br \/>\nMade in Sheffield, Great Britain.<\/p>","protected":false},"featured_media":2099,"template":"","meta":[],"product_brand":[],"product_cat":[44,56],"product_tag":[],"giftcard-category":[],"class_list":{"0":"post-2092","1":"product","2":"type-product","3":"status-publish","4":"has-post-thumbnail","6":"product_cat-alkuniuitvarai","7":"product_cat-klasikine","10":"instock","11":"shipping-taxable","12":"purchasable","13":"product-type-variable","14":"product-grid-view"},"yoast_head":"<!-- This site is optimized with the Yoast SEO plugin v26.9 - https:\/\/yoast.com\/product\/yoast-seo-wordpress\/ -->\n<title>SBD ATNAUJINTI ALK\u016aNI\u0172 \u012eTVARAI 2024 - SBD Apparel LT<\/title>\n<meta name=\"robots\" content=\"index, follow, max-snippet:-1, max-image-preview:large, max-video-preview:-1\" \/>\n<link rel=\"canonical\" href=\"https:\/\/sbdapparel.lt\/en\/product\/alkuniu-itvarai-2024\/\" \/>\n<meta property=\"og:locale\" content=\"en_US\" \/>\n<meta property=\"og:type\" content=\"article\" \/>\n<meta property=\"og:title\" content=\"SBD ATNAUJINTI ALK\u016aNI\u0172 \u012eTVARAI 2024 - SBD Apparel LT\" \/>\n<meta property=\"og:description\" content=\"\u0160ios alk\u016bn\u0117s rankov\u0117s suteikia maksimali\u0105 atram\u0105 ir suspaudim\u0105 s\u0105nariui, kartu u\u017etikrina, kad alk\u016bn\u0117 gal\u0117t\u0173 lengvai jud\u0117ti, i\u0161saugant judesi\u0173 diapazon\u0105.  Rankov\u0117se sujungtas auk\u0161tos kokyb\u0117s neoprenas, naudojamas m\u016bs\u0173 keli\u0173 rankov\u0117se, su plonesne vidine plok\u0161te, idealiai tinkan\u010dia tempimui ir spaudimui.  Parduodama kaip pora. Sujungia 5 mm vidin\u0119 plok\u0161t\u0119, u\u017etikrinan\u010di\u0105 jud\u0117jimo laisv\u0119, ir 7 mm i\u0161orin\u0119 plok\u0161t\u0119, u\u017etikrinan\u010di\u0105 maksimali\u0105 s\u0105nari\u0173 palaikym\u0105. Sustiprinta si\u016bl\u0117s konstrukcija maksimaliai ilgaam\u017ei\u0161kumui. Antimikrobinis gydymas suma\u017eina bakterij\u0173 kaupim\u0105si ir suma\u017eina kvap\u0105. Pagaminta Did\u017eiojoje Britanijoje\" \/>\n<meta property=\"og:url\" content=\"https:\/\/sbdapparel.lt\/en\/product\/alkuniu-itvarai-2024\/\" \/>\n<meta property=\"og:site_name\" content=\"SBD Apparel LT\" \/>\n<meta property=\"article:modified_time\" content=\"2026-01-25T19:49:08+00:00\" \/>\n<meta property=\"og:image\" content=\"https:\/\/sbdapparel.lt\/wp-content\/uploads\/2024\/11\/Elbow-Sleeves-02-1024x1024.jpg\" \/>\n\t<meta property=\"og:image:width\" content=\"1024\" \/>\n\t<meta property=\"og:image:height\" content=\"1024\" \/>\n\t<meta property=\"og:image:type\" content=\"image\/jpeg\" \/>\n<meta name=\"twitter:card\" content=\"summary_large_image\" \/>\n<script type=\"application\/ld+json\" class=\"yoast-schema-graph\">{\"@context\":\"https:\/\/schema.org\",\"@graph\":[{\"@type\":\"WebPage\",\"@id\":\"https:\/\/sbdapparel.lt\/product\/alkuniu-itvarai-2024\/\",\"url\":\"https:\/\/sbdapparel.lt\/product\/alkuniu-itvarai-2024\/\",\"name\":\"SBD ATNAUJINTI ALK\u016aNI\u0172 \u012eTVARAI 2024 - SBD Apparel LT\",\"isPartOf\":{\"@id\":\"https:\/\/sbdapparel.lt\/#website\"},\"primaryImageOfPage\":{\"@id\":\"https:\/\/sbdapparel.lt\/product\/alkuniu-itvarai-2024\/#primaryimage\"},\"image\":{\"@id\":\"https:\/\/sbdapparel.lt\/product\/alkuniu-itvarai-2024\/#primaryimage\"},\"thumbnailUrl\":\"https:\/\/sbdapparel.lt\/wp-content\/uploads\/2024\/11\/Elbow-Sleeves-02.jpg\",\"datePublished\":\"2024-11-10T14:43:50+00:00\",\"dateModified\":\"2026-01-25T19:49:08+00:00\",\"breadcrumb\":{\"@id\":\"https:\/\/sbdapparel.lt\/product\/alkuniu-itvarai-2024\/#breadcrumb\"},\"inLanguage\":\"en-US\",\"potentialAction\":[{\"@type\":\"ReadAction\",\"target\":[\"https:\/\/sbdapparel.lt\/product\/alkuniu-itvarai-2024\/\"]}]},{\"@type\":\"ImageObject\",\"inLanguage\":\"en-US\",\"@id\":\"https:\/\/sbdapparel.lt\/product\/alkuniu-itvarai-2024\/#primaryimage\",\"url\":\"https:\/\/sbdapparel.lt\/wp-content\/uploads\/2024\/11\/Elbow-Sleeves-02.jpg\",\"contentUrl\":\"https:\/\/sbdapparel.lt\/wp-content\/uploads\/2024\/11\/Elbow-Sleeves-02.jpg\",\"width\":2048,\"height\":2048},{\"@type\":\"BreadcrumbList\",\"@id\":\"https:\/\/sbdapparel.lt\/product\/alkuniu-itvarai-2024\/#breadcrumb\",\"itemListElement\":[{\"@type\":\"ListItem\",\"position\":1,\"name\":\"Home\",\"item\":\"https:\/\/sbdapparel.lt\/\"},{\"@type\":\"ListItem\",\"position\":2,\"name\":\"Produktai\",\"item\":\"https:\/\/sbdapparel.lt\/shop\/\"},{\"@type\":\"ListItem\",\"position\":3,\"name\":\"SBD ATNAUJINTI ALK\u016aNI\u0172 \u012eTVARAI 2024\"}]},{\"@type\":\"WebSite\",\"@id\":\"https:\/\/sbdapparel.lt\/#website\",\"url\":\"https:\/\/sbdapparel.lt\/\",\"name\":\"SBD Apparel LT\",\"description\":\"LIETUVA\",\"publisher\":{\"@id\":\"https:\/\/sbdapparel.lt\/#organization\"},\"potentialAction\":[{\"@type\":\"SearchAction\",\"target\":{\"@type\":\"EntryPoint\",\"urlTemplate\":\"https:\/\/sbdapparel.lt\/?s={search_term_string}\"},\"query-input\":{\"@type\":\"PropertyValueSpecification\",\"valueRequired\":true,\"valueName\":\"search_term_string\"}}],\"inLanguage\":\"en-US\"},{\"@type\":\"Organization\",\"@id\":\"https:\/\/sbdapparel.lt\/#organization\",\"name\":\"SBD Apparel LT\",\"url\":\"https:\/\/sbdapparel.lt\/\",\"logo\":{\"@type\":\"ImageObject\",\"inLanguage\":\"en-US\",\"@id\":\"https:\/\/sbdapparel.lt\/#\/schema\/logo\/image\/\",\"url\":\"https:\/\/sbdapparel.lt\/wp-content\/uploads\/2023\/07\/cropped-SBD_Identity_OnDark_RGB.png\",\"contentUrl\":\"https:\/\/sbdapparel.lt\/wp-content\/uploads\/2023\/07\/cropped-SBD_Identity_OnDark_RGB.png\",\"width\":1182,\"height\":515,\"caption\":\"SBD Apparel LT\"},\"image\":{\"@id\":\"https:\/\/sbdapparel.lt\/#\/schema\/logo\/image\/\"}}]}<\/script>\n<!-- \/ Yoast SEO plugin. -->","yoast_head_json":{"title":"SBD ATNAUJINTI ALK\u016aNI\u0172 \u012eTVARAI 2024 - SBD Apparel LT","robots":{"index":"index","follow":"follow","max-snippet":"max-snippet:-1","max-image-preview":"max-image-preview:large","max-video-preview":"max-video-preview:-1"},"canonical":"https:\/\/sbdapparel.lt\/en\/product\/alkuniu-itvarai-2024\/","og_locale":"en_US","og_type":"article","og_title":"SBD ATNAUJINTI ALK\u016aNI\u0172 \u012eTVARAI 2024 - SBD Apparel LT","og_description":"\u0160ios alk\u016bn\u0117s rankov\u0117s suteikia maksimali\u0105 atram\u0105 ir suspaudim\u0105 s\u0105nariui, kartu u\u017etikrina, kad alk\u016bn\u0117 gal\u0117t\u0173 lengvai jud\u0117ti, i\u0161saugant judesi\u0173 diapazon\u0105.  Rankov\u0117se sujungtas auk\u0161tos kokyb\u0117s neoprenas, naudojamas m\u016bs\u0173 keli\u0173 rankov\u0117se, su plonesne vidine plok\u0161te, idealiai tinkan\u010dia tempimui ir spaudimui.  Parduodama kaip pora. Sujungia 5 mm vidin\u0119 plok\u0161t\u0119, u\u017etikrinan\u010di\u0105 jud\u0117jimo laisv\u0119, ir 7 mm i\u0161orin\u0119 plok\u0161t\u0119, u\u017etikrinan\u010di\u0105 maksimali\u0105 s\u0105nari\u0173 palaikym\u0105. Sustiprinta si\u016bl\u0117s konstrukcija maksimaliai ilgaam\u017ei\u0161kumui. Antimikrobinis gydymas suma\u017eina bakterij\u0173 kaupim\u0105si ir suma\u017eina kvap\u0105. Pagaminta Did\u017eiojoje Britanijoje","og_url":"https:\/\/sbdapparel.lt\/en\/product\/alkuniu-itvarai-2024\/","og_site_name":"SBD Apparel LT","article_modified_time":"2026-01-25T19:49:08+00:00","og_image":[{"width":1024,"height":1024,"url":"https:\/\/sbdapparel.lt\/wp-content\/uploads\/2024\/11\/Elbow-Sleeves-02-1024x1024.jpg","type":"image\/jpeg"}],"twitter_card":"summary_large_image","schema":{"@context":"https:\/\/schema.org","@graph":[{"@type":"WebPage","@id":"https:\/\/sbdapparel.lt\/product\/alkuniu-itvarai-2024\/","url":"https:\/\/sbdapparel.lt\/product\/alkuniu-itvarai-2024\/","name":"SBD ATNAUJINTI ALK\u016aNI\u0172 \u012eTVARAI 2024 - SBD Apparel LT","isPartOf":{"@id":"https:\/\/sbdapparel.lt\/#website"},"primaryImageOfPage":{"@id":"https:\/\/sbdapparel.lt\/product\/alkuniu-itvarai-2024\/#primaryimage"},"image":{"@id":"https:\/\/sbdapparel.lt\/product\/alkuniu-itvarai-2024\/#primaryimage"},"thumbnailUrl":"https:\/\/sbdapparel.lt\/wp-content\/uploads\/2024\/11\/Elbow-Sleeves-02.jpg","datePublished":"2024-11-10T14:43:50+00:00","dateModified":"2026-01-25T19:49:08+00:00","breadcrumb":{"@id":"https:\/\/sbdapparel.lt\/product\/alkuniu-itvarai-2024\/#breadcrumb"},"inLanguage":"en-US","potentialAction":[{"@type":"ReadAction","target":["https:\/\/sbdapparel.lt\/product\/alkuniu-itvarai-2024\/"]}]},{"@type":"ImageObject","inLanguage":"en-US","@id":"https:\/\/sbdapparel.lt\/product\/alkuniu-itvarai-2024\/#primaryimage","url":"https:\/\/sbdapparel.lt\/wp-content\/uploads\/2024\/11\/Elbow-Sleeves-02.jpg","contentUrl":"https:\/\/sbdapparel.lt\/wp-content\/uploads\/2024\/11\/Elbow-Sleeves-02.jpg","width":2048,"height":2048},{"@type":"BreadcrumbList","@id":"https:\/\/sbdapparel.lt\/product\/alkuniu-itvarai-2024\/#breadcrumb","itemListElement":[{"@type":"ListItem","position":1,"name":"Home","item":"https:\/\/sbdapparel.lt\/"},{"@type":"ListItem","position":2,"name":"Produktai","item":"https:\/\/sbdapparel.lt\/shop\/"},{"@type":"ListItem","position":3,"name":"SBD ATNAUJINTI ALK\u016aNI\u0172 \u012eTVARAI 2024"}]},{"@type":"WebSite","@id":"https:\/\/sbdapparel.lt\/#website","url":"https:\/\/sbdapparel.lt\/","name":"SBD Apparel LT","description":"LIETUVA","publisher":{"@id":"https:\/\/sbdapparel.lt\/#organization"},"potentialAction":[{"@type":"SearchAction","target":{"@type":"EntryPoint","urlTemplate":"https:\/\/sbdapparel.lt\/?s={search_term_string}"},"query-input":{"@type":"PropertyValueSpecification","valueRequired":true,"valueName":"search_term_string"}}],"inLanguage":"en-US"},{"@type":"Organization","@id":"https:\/\/sbdapparel.lt\/#organization","name":"SBD Apparel LT","url":"https:\/\/sbdapparel.lt\/","logo":{"@type":"ImageObject","inLanguage":"en-US","@id":"https:\/\/sbdapparel.lt\/#\/schema\/logo\/image\/","url":"https:\/\/sbdapparel.lt\/wp-content\/uploads\/2023\/07\/cropped-SBD_Identity_OnDark_RGB.png","contentUrl":"https:\/\/sbdapparel.lt\/wp-content\/uploads\/2023\/07\/cropped-SBD_Identity_OnDark_RGB.png","width":1182,"height":515,"caption":"SBD Apparel LT"},"image":{"@id":"https:\/\/sbdapparel.lt\/#\/schema\/logo\/image\/"}}]}},"_links":{"self":[{"href":"https:\/\/sbdapparel.lt\/en\/wp-json\/wp\/v2\/product\/2092","targetHints":{"allow":["GET"]}}],"collection":[{"href":"https:\/\/sbdapparel.lt\/en\/wp-json\/wp\/v2\/product"}],"about":[{"href":"https:\/\/sbdapparel.lt\/en\/wp-json\/wp\/v2\/types\/product"}],"version-history":[{"count":5,"href":"https:\/\/sbdapparel.lt\/en\/wp-json\/wp\/v2\/product\/2092\/revisions"}],"predecessor-version":[{"id":4253,"href":"https:\/\/sbdapparel.lt\/en\/wp-json\/wp\/v2\/product\/2092\/revisions\/4253"}],"wp:featuredmedia":[{"embeddable":true,"href":"https:\/\/sbdapparel.lt\/en\/wp-json\/wp\/v2\/media\/2099"}],"wp:attachment":[{"href":"https:\/\/sbdapparel.lt\/en\/wp-json\/wp\/v2\/media?parent=2092"}],"wp:term":[{"taxonomy":"product_brand","embeddable":true,"href":"https:\/\/sbdapparel.lt\/en\/wp-json\/wp\/v2\/product_brand?post=2092"},{"taxonomy":"product_cat","embeddable":true,"href":"https:\/\/sbdapparel.lt\/en\/wp-json\/wp\/v2\/product_cat?post=2092"},{"taxonomy":"product_tag","embeddable":true,"href":"https:\/\/sbdapparel.lt\/en\/wp-json\/wp\/v2\/product_tag?post=2092"},{"taxonomy":"giftcard-category","embeddable":true,"href":"https:\/\/sbdapparel.lt\/en\/wp-json\/wp\/v2\/giftcard-category?post=2092"}],"curies":[{"name":"wp","href":"https:\/\/api.w.org\/{rel}","templated":true}]}}