{"id":2102,"date":"2024-11-10T14:51:40","date_gmt":"2024-11-10T14:51:40","guid":{"rendered":"https:\/\/sbdapparel.lt\/?post_type=product&#038;p=2102"},"modified":"2026-03-16T11:47:57","modified_gmt":"2026-03-16T08:47:57","slug":"reflect-elbow-sleeves","status":"publish","type":"product","link":"https:\/\/sbdapparel.lt\/en\/product\/reflect-elbow-sleeves\/","title":{"rendered":"Reflect Elbow Sleeves"},"content":{"rendered":"","protected":false},"excerpt":{"rendered":"<p>Manufactured with high grade neoprene these elbow sleeves are designed to provide maximal support and compression for heavy training, while also ensuring the elbow is free to move easily, preserving range of motion.<br \/>\nThe sleeves combine the high grade neoprene used in our knee sleeves with a thinner interior panel, ideal for pulling and pressing motions.<br \/>\nReflect is a limited edition collection, offering the same performance and manufactured to the same high standards as our classic product line.<br \/>\nSold as a pair.<br \/>\nCombines a 5mm interior panel for freedom of movement and a 7mm exterior panel for maximum joint support.<br \/>\n`<br \/>\nUpgraded reinforced seam construction to maximize longevity.<br \/>\nAntimicrobial treatment minimizes the build up in bacteria and reduces odor.<br \/>\nManufactured in Great Britain.<\/p>","protected":false},"featured_media":2112,"template":"","meta":[],"product_brand":[],"product_cat":[44,63],"product_tag":[],"giftcard-category":[],"class_list":{"0":"post-2102","1":"product","2":"type-product","3":"status-publish","4":"has-post-thumbnail","6":"product_cat-alkuniuitvarai","7":"product_cat-reflect","10":"instock","11":"shipping-taxable","12":"purchasable","13":"product-type-variable","14":"product-grid-view"},"yoast_head":"<!-- This site is optimized with the Yoast SEO plugin v26.9 - https:\/\/yoast.com\/product\/yoast-seo-wordpress\/ -->\n<title>REFLECT ALK\u016aNI\u0172 \u012eTVARAI - SBD Apparel LT<\/title>\n<meta name=\"robots\" content=\"index, follow, max-snippet:-1, max-image-preview:large, max-video-preview:-1\" \/>\n<link rel=\"canonical\" href=\"https:\/\/sbdapparel.lt\/en\/product\/reflect-elbow-sleeves\/\" \/>\n<meta property=\"og:locale\" content=\"en_US\" \/>\n<meta property=\"og:type\" content=\"article\" \/>\n<meta property=\"og:title\" content=\"REFLECT ALK\u016aNI\u0172 \u012eTVARAI - SBD Apparel LT\" \/>\n<meta property=\"og:description\" content=\"Pagamintos i\u0161 auk\u0161tos kokyb\u0117s neopreno, \u0161iE alk\u016bni\u0173 \u012ftvarai yra sukurti taip, kad suteikt\u0173 maksimali\u0105 apsaug\u0105 ir suspaudim\u0105 sunki\u0173 treniruo\u010di\u0173 metu, kartu u\u017etikrinant, kad alk\u016bn\u0117 gal\u0117t\u0173 lengvai jud\u0117ti, i\u0161saugant judesi\u0173 amplitud\u0119. Alk\u016bni\u0173 \u012ftvarai pagaminti i\u0161 auk\u0161tos kokyb\u0117s neopreno, naudojamo m\u016bs\u0173 keli\u0173 \u012ftvarams, su plonesne vidine puse, idealiai tinkan\u010dia tempimui ir spaudimui. \u201eReflect\u201c yra riboto leidimo kolekcija, pasi\u017eyminti tokiomis pat savyb\u0117mis ir pagaminta laikantis t\u0173 pa\u010di\u0173 auk\u0161t\u0173 standart\u0173, kaip ir m\u016bs\u0173 klasikin\u0117 produkt\u0173 linija. Parduodama kaip pora. All\u016bn\u0117s \u012ftvaras sujungia 5 mm vidin\u0119 pus\u0119, u\u017etikrinan\u010di\u0105 jud\u0117jimo laisv\u0119, ir 7 mm i\u0161orin\u0119 pus\u0119 maksimaliam s\u0105nari\u0173 palaikymui. Atnaujinta sustiprinta si\u016bli\u0173 konstrukcija, siekiant maksimaliai padidinti ilgaam\u017ei\u0161kum\u0105. Antimikrobinis pavir\u0161ius suma\u017eina bakterij\u0173 kaupim\u0105si ir suma\u017eina kvap\u0105. Pagaminta Did\u017eiojoje Britanijoje.\" \/>\n<meta property=\"og:url\" content=\"https:\/\/sbdapparel.lt\/en\/product\/reflect-elbow-sleeves\/\" \/>\n<meta property=\"og:site_name\" content=\"SBD Apparel LT\" \/>\n<meta property=\"article:modified_time\" content=\"2026-03-16T08:47:57+00:00\" \/>\n<meta property=\"og:image\" content=\"https:\/\/sbdapparel.lt\/wp-content\/uploads\/2024\/11\/Reflect-Elbow-Sleeves-01-1024x1024.jpg\" \/>\n\t<meta property=\"og:image:width\" content=\"1024\" \/>\n\t<meta property=\"og:image:height\" content=\"1024\" \/>\n\t<meta property=\"og:image:type\" content=\"image\/jpeg\" \/>\n<meta name=\"twitter:card\" content=\"summary_large_image\" \/>\n<script type=\"application\/ld+json\" class=\"yoast-schema-graph\">{\"@context\":\"https:\/\/schema.org\",\"@graph\":[{\"@type\":\"WebPage\",\"@id\":\"https:\/\/sbdapparel.lt\/product\/reflect-elbow-sleeves\/\",\"url\":\"https:\/\/sbdapparel.lt\/product\/reflect-elbow-sleeves\/\",\"name\":\"REFLECT ALK\u016aNI\u0172 \u012eTVARAI - SBD Apparel LT\",\"isPartOf\":{\"@id\":\"https:\/\/sbdapparel.lt\/#website\"},\"primaryImageOfPage\":{\"@id\":\"https:\/\/sbdapparel.lt\/product\/reflect-elbow-sleeves\/#primaryimage\"},\"image\":{\"@id\":\"https:\/\/sbdapparel.lt\/product\/reflect-elbow-sleeves\/#primaryimage\"},\"thumbnailUrl\":\"https:\/\/sbdapparel.lt\/wp-content\/uploads\/2024\/11\/Reflect-Elbow-Sleeves-01.jpg\",\"datePublished\":\"2024-11-10T14:51:40+00:00\",\"dateModified\":\"2026-03-16T08:47:57+00:00\",\"breadcrumb\":{\"@id\":\"https:\/\/sbdapparel.lt\/product\/reflect-elbow-sleeves\/#breadcrumb\"},\"inLanguage\":\"en-US\",\"potentialAction\":[{\"@type\":\"ReadAction\",\"target\":[\"https:\/\/sbdapparel.lt\/product\/reflect-elbow-sleeves\/\"]}]},{\"@type\":\"ImageObject\",\"inLanguage\":\"en-US\",\"@id\":\"https:\/\/sbdapparel.lt\/product\/reflect-elbow-sleeves\/#primaryimage\",\"url\":\"https:\/\/sbdapparel.lt\/wp-content\/uploads\/2024\/11\/Reflect-Elbow-Sleeves-01.jpg\",\"contentUrl\":\"https:\/\/sbdapparel.lt\/wp-content\/uploads\/2024\/11\/Reflect-Elbow-Sleeves-01.jpg\",\"width\":2048,\"height\":2048},{\"@type\":\"BreadcrumbList\",\"@id\":\"https:\/\/sbdapparel.lt\/product\/reflect-elbow-sleeves\/#breadcrumb\",\"itemListElement\":[{\"@type\":\"ListItem\",\"position\":1,\"name\":\"Home\",\"item\":\"https:\/\/sbdapparel.lt\/\"},{\"@type\":\"ListItem\",\"position\":2,\"name\":\"Produktai\",\"item\":\"https:\/\/sbdapparel.lt\/shop\/\"},{\"@type\":\"ListItem\",\"position\":3,\"name\":\"REFLECT ALK\u016aNI\u0172 \u012eTVARAI\"}]},{\"@type\":\"WebSite\",\"@id\":\"https:\/\/sbdapparel.lt\/#website\",\"url\":\"https:\/\/sbdapparel.lt\/\",\"name\":\"SBD Apparel LT\",\"description\":\"LIETUVA\",\"publisher\":{\"@id\":\"https:\/\/sbdapparel.lt\/#organization\"},\"potentialAction\":[{\"@type\":\"SearchAction\",\"target\":{\"@type\":\"EntryPoint\",\"urlTemplate\":\"https:\/\/sbdapparel.lt\/?s={search_term_string}\"},\"query-input\":{\"@type\":\"PropertyValueSpecification\",\"valueRequired\":true,\"valueName\":\"search_term_string\"}}],\"inLanguage\":\"en-US\"},{\"@type\":\"Organization\",\"@id\":\"https:\/\/sbdapparel.lt\/#organization\",\"name\":\"SBD Apparel LT\",\"url\":\"https:\/\/sbdapparel.lt\/\",\"logo\":{\"@type\":\"ImageObject\",\"inLanguage\":\"en-US\",\"@id\":\"https:\/\/sbdapparel.lt\/#\/schema\/logo\/image\/\",\"url\":\"https:\/\/sbdapparel.lt\/wp-content\/uploads\/2023\/07\/cropped-SBD_Identity_OnDark_RGB.png\",\"contentUrl\":\"https:\/\/sbdapparel.lt\/wp-content\/uploads\/2023\/07\/cropped-SBD_Identity_OnDark_RGB.png\",\"width\":1182,\"height\":515,\"caption\":\"SBD Apparel LT\"},\"image\":{\"@id\":\"https:\/\/sbdapparel.lt\/#\/schema\/logo\/image\/\"}}]}<\/script>\n<!-- \/ Yoast SEO plugin. -->","yoast_head_json":{"title":"REFLECT ALK\u016aNI\u0172 \u012eTVARAI - SBD Apparel LT","robots":{"index":"index","follow":"follow","max-snippet":"max-snippet:-1","max-image-preview":"max-image-preview:large","max-video-preview":"max-video-preview:-1"},"canonical":"https:\/\/sbdapparel.lt\/en\/product\/reflect-elbow-sleeves\/","og_locale":"en_US","og_type":"article","og_title":"REFLECT ALK\u016aNI\u0172 \u012eTVARAI - SBD Apparel LT","og_description":"Pagamintos i\u0161 auk\u0161tos kokyb\u0117s neopreno, \u0161iE alk\u016bni\u0173 \u012ftvarai yra sukurti taip, kad suteikt\u0173 maksimali\u0105 apsaug\u0105 ir suspaudim\u0105 sunki\u0173 treniruo\u010di\u0173 metu, kartu u\u017etikrinant, kad alk\u016bn\u0117 gal\u0117t\u0173 lengvai jud\u0117ti, i\u0161saugant judesi\u0173 amplitud\u0119. Alk\u016bni\u0173 \u012ftvarai pagaminti i\u0161 auk\u0161tos kokyb\u0117s neopreno, naudojamo m\u016bs\u0173 keli\u0173 \u012ftvarams, su plonesne vidine puse, idealiai tinkan\u010dia tempimui ir spaudimui. \u201eReflect\u201c yra riboto leidimo kolekcija, pasi\u017eyminti tokiomis pat savyb\u0117mis ir pagaminta laikantis t\u0173 pa\u010di\u0173 auk\u0161t\u0173 standart\u0173, kaip ir m\u016bs\u0173 klasikin\u0117 produkt\u0173 linija. Parduodama kaip pora. All\u016bn\u0117s \u012ftvaras sujungia 5 mm vidin\u0119 pus\u0119, u\u017etikrinan\u010di\u0105 jud\u0117jimo laisv\u0119, ir 7 mm i\u0161orin\u0119 pus\u0119 maksimaliam s\u0105nari\u0173 palaikymui. Atnaujinta sustiprinta si\u016bli\u0173 konstrukcija, siekiant maksimaliai padidinti ilgaam\u017ei\u0161kum\u0105. Antimikrobinis pavir\u0161ius suma\u017eina bakterij\u0173 kaupim\u0105si ir suma\u017eina kvap\u0105. Pagaminta Did\u017eiojoje Britanijoje.","og_url":"https:\/\/sbdapparel.lt\/en\/product\/reflect-elbow-sleeves\/","og_site_name":"SBD Apparel LT","article_modified_time":"2026-03-16T08:47:57+00:00","og_image":[{"width":1024,"height":1024,"url":"https:\/\/sbdapparel.lt\/wp-content\/uploads\/2024\/11\/Reflect-Elbow-Sleeves-01-1024x1024.jpg","type":"image\/jpeg"}],"twitter_card":"summary_large_image","schema":{"@context":"https:\/\/schema.org","@graph":[{"@type":"WebPage","@id":"https:\/\/sbdapparel.lt\/product\/reflect-elbow-sleeves\/","url":"https:\/\/sbdapparel.lt\/product\/reflect-elbow-sleeves\/","name":"REFLECT ALK\u016aNI\u0172 \u012eTVARAI - SBD Apparel LT","isPartOf":{"@id":"https:\/\/sbdapparel.lt\/#website"},"primaryImageOfPage":{"@id":"https:\/\/sbdapparel.lt\/product\/reflect-elbow-sleeves\/#primaryimage"},"image":{"@id":"https:\/\/sbdapparel.lt\/product\/reflect-elbow-sleeves\/#primaryimage"},"thumbnailUrl":"https:\/\/sbdapparel.lt\/wp-content\/uploads\/2024\/11\/Reflect-Elbow-Sleeves-01.jpg","datePublished":"2024-11-10T14:51:40+00:00","dateModified":"2026-03-16T08:47:57+00:00","breadcrumb":{"@id":"https:\/\/sbdapparel.lt\/product\/reflect-elbow-sleeves\/#breadcrumb"},"inLanguage":"en-US","potentialAction":[{"@type":"ReadAction","target":["https:\/\/sbdapparel.lt\/product\/reflect-elbow-sleeves\/"]}]},{"@type":"ImageObject","inLanguage":"en-US","@id":"https:\/\/sbdapparel.lt\/product\/reflect-elbow-sleeves\/#primaryimage","url":"https:\/\/sbdapparel.lt\/wp-content\/uploads\/2024\/11\/Reflect-Elbow-Sleeves-01.jpg","contentUrl":"https:\/\/sbdapparel.lt\/wp-content\/uploads\/2024\/11\/Reflect-Elbow-Sleeves-01.jpg","width":2048,"height":2048},{"@type":"BreadcrumbList","@id":"https:\/\/sbdapparel.lt\/product\/reflect-elbow-sleeves\/#breadcrumb","itemListElement":[{"@type":"ListItem","position":1,"name":"Home","item":"https:\/\/sbdapparel.lt\/"},{"@type":"ListItem","position":2,"name":"Produktai","item":"https:\/\/sbdapparel.lt\/shop\/"},{"@type":"ListItem","position":3,"name":"REFLECT ALK\u016aNI\u0172 \u012eTVARAI"}]},{"@type":"WebSite","@id":"https:\/\/sbdapparel.lt\/#website","url":"https:\/\/sbdapparel.lt\/","name":"SBD Apparel LT","description":"LIETUVA","publisher":{"@id":"https:\/\/sbdapparel.lt\/#organization"},"potentialAction":[{"@type":"SearchAction","target":{"@type":"EntryPoint","urlTemplate":"https:\/\/sbdapparel.lt\/?s={search_term_string}"},"query-input":{"@type":"PropertyValueSpecification","valueRequired":true,"valueName":"search_term_string"}}],"inLanguage":"en-US"},{"@type":"Organization","@id":"https:\/\/sbdapparel.lt\/#organization","name":"SBD Apparel LT","url":"https:\/\/sbdapparel.lt\/","logo":{"@type":"ImageObject","inLanguage":"en-US","@id":"https:\/\/sbdapparel.lt\/#\/schema\/logo\/image\/","url":"https:\/\/sbdapparel.lt\/wp-content\/uploads\/2023\/07\/cropped-SBD_Identity_OnDark_RGB.png","contentUrl":"https:\/\/sbdapparel.lt\/wp-content\/uploads\/2023\/07\/cropped-SBD_Identity_OnDark_RGB.png","width":1182,"height":515,"caption":"SBD Apparel LT"},"image":{"@id":"https:\/\/sbdapparel.lt\/#\/schema\/logo\/image\/"}}]}},"_links":{"self":[{"href":"https:\/\/sbdapparel.lt\/en\/wp-json\/wp\/v2\/product\/2102","targetHints":{"allow":["GET"]}}],"collection":[{"href":"https:\/\/sbdapparel.lt\/en\/wp-json\/wp\/v2\/product"}],"about":[{"href":"https:\/\/sbdapparel.lt\/en\/wp-json\/wp\/v2\/types\/product"}],"version-history":[{"count":3,"href":"https:\/\/sbdapparel.lt\/en\/wp-json\/wp\/v2\/product\/2102\/revisions"}],"predecessor-version":[{"id":3392,"href":"https:\/\/sbdapparel.lt\/en\/wp-json\/wp\/v2\/product\/2102\/revisions\/3392"}],"wp:featuredmedia":[{"embeddable":true,"href":"https:\/\/sbdapparel.lt\/en\/wp-json\/wp\/v2\/media\/2112"}],"wp:attachment":[{"href":"https:\/\/sbdapparel.lt\/en\/wp-json\/wp\/v2\/media?parent=2102"}],"wp:term":[{"taxonomy":"product_brand","embeddable":true,"href":"https:\/\/sbdapparel.lt\/en\/wp-json\/wp\/v2\/product_brand?post=2102"},{"taxonomy":"product_cat","embeddable":true,"href":"https:\/\/sbdapparel.lt\/en\/wp-json\/wp\/v2\/product_cat?post=2102"},{"taxonomy":"product_tag","embeddable":true,"href":"https:\/\/sbdapparel.lt\/en\/wp-json\/wp\/v2\/product_tag?post=2102"},{"taxonomy":"giftcard-category","embeddable":true,"href":"https:\/\/sbdapparel.lt\/en\/wp-json\/wp\/v2\/giftcard-category?post=2102"}],"curies":[{"name":"wp","href":"https:\/\/api.w.org\/{rel}","templated":true}]}}