{"id":2114,"date":"2024-11-10T14:55:07","date_gmt":"2024-11-10T14:55:07","guid":{"rendered":"https:\/\/sbdapparel.lt\/?post_type=product&#038;p=2114"},"modified":"2026-01-25T22:52:09","modified_gmt":"2026-01-25T19:52:09","slug":"sbd-momentum-alkuniu-itvarai","status":"publish","type":"product","link":"https:\/\/sbdapparel.lt\/en\/product\/sbd-momentum-alkuniu-itvarai\/","title":{"rendered":"Momentum Elbow Sleeves"},"content":{"rendered":"","protected":false},"excerpt":{"rendered":"<p>Manufactured with high grade neoprene these elbow sleeves are designed to provide maximal support and compression for heavy training, while also ensuring the elbow is free to move easily, preserving range of motion.<br \/>\nThe sleeves combine the high grade neoprene used in our knee sleeves with a thinner interior panel, ideal for pulling and pressing motions.<br \/>\nMomentum is a limited edition collection, offering the same performance and manufactured to the same high standards as our classic product line.<br \/>\nSold as a pair.<br \/>\nCombines a 5mm interior panel for freedom of movement and a 7mm exterior panel for maximum joint support.<br \/>\n`<br \/>\nUpgraded reinforced seam construction to maximize longevity.<br \/>\nAntimicrobial treatment minimizes the build-up of bacteria and reduces odor.<br \/>\nManufactured in Great Britain.<\/p>","protected":false},"featured_media":2120,"template":"","meta":[],"product_brand":[],"product_cat":[44,57],"product_tag":[],"giftcard-category":[],"class_list":{"0":"post-2114","1":"product","2":"type-product","3":"status-publish","4":"has-post-thumbnail","6":"product_cat-alkuniuitvarai","7":"product_cat-momentum","10":"instock","11":"shipping-taxable","12":"purchasable","13":"product-type-variable","14":"product-grid-view"},"yoast_head":"<!-- This site is optimized with the Yoast SEO plugin v26.9 - https:\/\/yoast.com\/product\/yoast-seo-wordpress\/ -->\n<title>MOMENTUM ALK\u016aNI\u0172 \u012eTVARAI - SBD Apparel LT<\/title>\n<meta name=\"robots\" content=\"index, follow, max-snippet:-1, max-image-preview:large, max-video-preview:-1\" \/>\n<link rel=\"canonical\" href=\"https:\/\/sbdapparel.lt\/en\/product\/sbd-momentum-alkuniu-itvarai\/\" \/>\n<meta property=\"og:locale\" content=\"en_US\" \/>\n<meta property=\"og:type\" content=\"article\" \/>\n<meta property=\"og:title\" content=\"MOMENTUM ALK\u016aNI\u0172 \u012eTVARAI - SBD Apparel LT\" \/>\n<meta property=\"og:description\" content=\"Pagamintos i\u0161 auk\u0161tos kokyb\u0117s neopreno, \u0161ios alk\u016bn\u0117s rankov\u0117s yra sukurtos taip, kad suteikt\u0173 maksimali\u0105 atram\u0105 ir suspaudim\u0105 sunki\u0173 treniruo\u010di\u0173 metu, kartu u\u017etikrinant, kad alk\u016bn\u0117 gal\u0117t\u0173 lengvai jud\u0117ti, i\u0161saugant judesi\u0173 diapazon\u0105. Rankov\u0117se sujungtas auk\u0161tos kokyb\u0117s neoprenas, naudojamas m\u016bs\u0173 keli\u0173 rankov\u0117se, su plonesne vidine plok\u0161te, idealiai tinkan\u010dia tempimui ir spaudimui. \u201eMomentum\u201c yra riboto leidimo kolekcija, pasi\u017eyminti tokiomis pat savyb\u0117mis ir pagaminta pagal tokius pa\u010dius auk\u0161tus standartus kaip ir m\u016bs\u0173 klasikin\u0117 produkt\u0173 linija. Parduodama kaip pora. Sujungia 5 mm vidin\u0119 plok\u0161t\u0119, u\u017etikrinan\u010di\u0105 jud\u0117jimo laisv\u0119, ir 7 mm i\u0161orin\u0119 plok\u0161t\u0119 maksimaliam s\u0105nari\u0173 palaikymui. Atnaujinta sustiprinta si\u016bli\u0173 konstrukcija, siekiant maksimaliai padidinti ilgaam\u017ei\u0161kum\u0105. Antimikrobinis gydymas suma\u017eina bakterij\u0173 kaupim\u0105si ir suma\u017eina kvap\u0105. Pagaminta Did\u017eiojoje Britanijoje.\" \/>\n<meta property=\"og:url\" content=\"https:\/\/sbdapparel.lt\/en\/product\/sbd-momentum-alkuniu-itvarai\/\" \/>\n<meta property=\"og:site_name\" content=\"SBD Apparel LT\" \/>\n<meta property=\"article:modified_time\" content=\"2026-01-25T19:52:09+00:00\" \/>\n<meta property=\"og:image\" content=\"https:\/\/sbdapparel.lt\/wp-content\/uploads\/2024\/11\/MOMENTUM-Elbow-Sleeves-01-1.jpg\" \/>\n\t<meta property=\"og:image:width\" content=\"1080\" \/>\n\t<meta property=\"og:image:height\" content=\"1350\" \/>\n\t<meta property=\"og:image:type\" content=\"image\/jpeg\" \/>\n<meta name=\"twitter:card\" content=\"summary_large_image\" \/>\n<script type=\"application\/ld+json\" class=\"yoast-schema-graph\">{\"@context\":\"https:\/\/schema.org\",\"@graph\":[{\"@type\":\"WebPage\",\"@id\":\"https:\/\/sbdapparel.lt\/product\/sbd-momentum-alkuniu-itvarai\/\",\"url\":\"https:\/\/sbdapparel.lt\/product\/sbd-momentum-alkuniu-itvarai\/\",\"name\":\"MOMENTUM ALK\u016aNI\u0172 \u012eTVARAI - SBD Apparel LT\",\"isPartOf\":{\"@id\":\"https:\/\/sbdapparel.lt\/#website\"},\"primaryImageOfPage\":{\"@id\":\"https:\/\/sbdapparel.lt\/product\/sbd-momentum-alkuniu-itvarai\/#primaryimage\"},\"image\":{\"@id\":\"https:\/\/sbdapparel.lt\/product\/sbd-momentum-alkuniu-itvarai\/#primaryimage\"},\"thumbnailUrl\":\"https:\/\/sbdapparel.lt\/wp-content\/uploads\/2024\/11\/MOMENTUM-Elbow-Sleeves-01-1.jpg\",\"datePublished\":\"2024-11-10T14:55:07+00:00\",\"dateModified\":\"2026-01-25T19:52:09+00:00\",\"breadcrumb\":{\"@id\":\"https:\/\/sbdapparel.lt\/product\/sbd-momentum-alkuniu-itvarai\/#breadcrumb\"},\"inLanguage\":\"en-US\",\"potentialAction\":[{\"@type\":\"ReadAction\",\"target\":[\"https:\/\/sbdapparel.lt\/product\/sbd-momentum-alkuniu-itvarai\/\"]}]},{\"@type\":\"ImageObject\",\"inLanguage\":\"en-US\",\"@id\":\"https:\/\/sbdapparel.lt\/product\/sbd-momentum-alkuniu-itvarai\/#primaryimage\",\"url\":\"https:\/\/sbdapparel.lt\/wp-content\/uploads\/2024\/11\/MOMENTUM-Elbow-Sleeves-01-1.jpg\",\"contentUrl\":\"https:\/\/sbdapparel.lt\/wp-content\/uploads\/2024\/11\/MOMENTUM-Elbow-Sleeves-01-1.jpg\",\"width\":1080,\"height\":1350},{\"@type\":\"BreadcrumbList\",\"@id\":\"https:\/\/sbdapparel.lt\/product\/sbd-momentum-alkuniu-itvarai\/#breadcrumb\",\"itemListElement\":[{\"@type\":\"ListItem\",\"position\":1,\"name\":\"Home\",\"item\":\"https:\/\/sbdapparel.lt\/\"},{\"@type\":\"ListItem\",\"position\":2,\"name\":\"Produktai\",\"item\":\"https:\/\/sbdapparel.lt\/shop\/\"},{\"@type\":\"ListItem\",\"position\":3,\"name\":\"MOMENTUM ALK\u016aNI\u0172 \u012eTVARAI\"}]},{\"@type\":\"WebSite\",\"@id\":\"https:\/\/sbdapparel.lt\/#website\",\"url\":\"https:\/\/sbdapparel.lt\/\",\"name\":\"SBD Apparel LT\",\"description\":\"LIETUVA\",\"publisher\":{\"@id\":\"https:\/\/sbdapparel.lt\/#organization\"},\"potentialAction\":[{\"@type\":\"SearchAction\",\"target\":{\"@type\":\"EntryPoint\",\"urlTemplate\":\"https:\/\/sbdapparel.lt\/?s={search_term_string}\"},\"query-input\":{\"@type\":\"PropertyValueSpecification\",\"valueRequired\":true,\"valueName\":\"search_term_string\"}}],\"inLanguage\":\"en-US\"},{\"@type\":\"Organization\",\"@id\":\"https:\/\/sbdapparel.lt\/#organization\",\"name\":\"SBD Apparel LT\",\"url\":\"https:\/\/sbdapparel.lt\/\",\"logo\":{\"@type\":\"ImageObject\",\"inLanguage\":\"en-US\",\"@id\":\"https:\/\/sbdapparel.lt\/#\/schema\/logo\/image\/\",\"url\":\"https:\/\/sbdapparel.lt\/wp-content\/uploads\/2023\/07\/cropped-SBD_Identity_OnDark_RGB.png\",\"contentUrl\":\"https:\/\/sbdapparel.lt\/wp-content\/uploads\/2023\/07\/cropped-SBD_Identity_OnDark_RGB.png\",\"width\":1182,\"height\":515,\"caption\":\"SBD Apparel LT\"},\"image\":{\"@id\":\"https:\/\/sbdapparel.lt\/#\/schema\/logo\/image\/\"}}]}<\/script>\n<!-- \/ Yoast SEO plugin. -->","yoast_head_json":{"title":"MOMENTUM ALK\u016aNI\u0172 \u012eTVARAI - SBD Apparel LT","robots":{"index":"index","follow":"follow","max-snippet":"max-snippet:-1","max-image-preview":"max-image-preview:large","max-video-preview":"max-video-preview:-1"},"canonical":"https:\/\/sbdapparel.lt\/en\/product\/sbd-momentum-alkuniu-itvarai\/","og_locale":"en_US","og_type":"article","og_title":"MOMENTUM ALK\u016aNI\u0172 \u012eTVARAI - SBD Apparel LT","og_description":"Pagamintos i\u0161 auk\u0161tos kokyb\u0117s neopreno, \u0161ios alk\u016bn\u0117s rankov\u0117s yra sukurtos taip, kad suteikt\u0173 maksimali\u0105 atram\u0105 ir suspaudim\u0105 sunki\u0173 treniruo\u010di\u0173 metu, kartu u\u017etikrinant, kad alk\u016bn\u0117 gal\u0117t\u0173 lengvai jud\u0117ti, i\u0161saugant judesi\u0173 diapazon\u0105. Rankov\u0117se sujungtas auk\u0161tos kokyb\u0117s neoprenas, naudojamas m\u016bs\u0173 keli\u0173 rankov\u0117se, su plonesne vidine plok\u0161te, idealiai tinkan\u010dia tempimui ir spaudimui. \u201eMomentum\u201c yra riboto leidimo kolekcija, pasi\u017eyminti tokiomis pat savyb\u0117mis ir pagaminta pagal tokius pa\u010dius auk\u0161tus standartus kaip ir m\u016bs\u0173 klasikin\u0117 produkt\u0173 linija. Parduodama kaip pora. Sujungia 5 mm vidin\u0119 plok\u0161t\u0119, u\u017etikrinan\u010di\u0105 jud\u0117jimo laisv\u0119, ir 7 mm i\u0161orin\u0119 plok\u0161t\u0119 maksimaliam s\u0105nari\u0173 palaikymui. Atnaujinta sustiprinta si\u016bli\u0173 konstrukcija, siekiant maksimaliai padidinti ilgaam\u017ei\u0161kum\u0105. Antimikrobinis gydymas suma\u017eina bakterij\u0173 kaupim\u0105si ir suma\u017eina kvap\u0105. Pagaminta Did\u017eiojoje Britanijoje.","og_url":"https:\/\/sbdapparel.lt\/en\/product\/sbd-momentum-alkuniu-itvarai\/","og_site_name":"SBD Apparel LT","article_modified_time":"2026-01-25T19:52:09+00:00","og_image":[{"width":1080,"height":1350,"url":"https:\/\/sbdapparel.lt\/wp-content\/uploads\/2024\/11\/MOMENTUM-Elbow-Sleeves-01-1.jpg","type":"image\/jpeg"}],"twitter_card":"summary_large_image","schema":{"@context":"https:\/\/schema.org","@graph":[{"@type":"WebPage","@id":"https:\/\/sbdapparel.lt\/product\/sbd-momentum-alkuniu-itvarai\/","url":"https:\/\/sbdapparel.lt\/product\/sbd-momentum-alkuniu-itvarai\/","name":"MOMENTUM ALK\u016aNI\u0172 \u012eTVARAI - SBD Apparel LT","isPartOf":{"@id":"https:\/\/sbdapparel.lt\/#website"},"primaryImageOfPage":{"@id":"https:\/\/sbdapparel.lt\/product\/sbd-momentum-alkuniu-itvarai\/#primaryimage"},"image":{"@id":"https:\/\/sbdapparel.lt\/product\/sbd-momentum-alkuniu-itvarai\/#primaryimage"},"thumbnailUrl":"https:\/\/sbdapparel.lt\/wp-content\/uploads\/2024\/11\/MOMENTUM-Elbow-Sleeves-01-1.jpg","datePublished":"2024-11-10T14:55:07+00:00","dateModified":"2026-01-25T19:52:09+00:00","breadcrumb":{"@id":"https:\/\/sbdapparel.lt\/product\/sbd-momentum-alkuniu-itvarai\/#breadcrumb"},"inLanguage":"en-US","potentialAction":[{"@type":"ReadAction","target":["https:\/\/sbdapparel.lt\/product\/sbd-momentum-alkuniu-itvarai\/"]}]},{"@type":"ImageObject","inLanguage":"en-US","@id":"https:\/\/sbdapparel.lt\/product\/sbd-momentum-alkuniu-itvarai\/#primaryimage","url":"https:\/\/sbdapparel.lt\/wp-content\/uploads\/2024\/11\/MOMENTUM-Elbow-Sleeves-01-1.jpg","contentUrl":"https:\/\/sbdapparel.lt\/wp-content\/uploads\/2024\/11\/MOMENTUM-Elbow-Sleeves-01-1.jpg","width":1080,"height":1350},{"@type":"BreadcrumbList","@id":"https:\/\/sbdapparel.lt\/product\/sbd-momentum-alkuniu-itvarai\/#breadcrumb","itemListElement":[{"@type":"ListItem","position":1,"name":"Home","item":"https:\/\/sbdapparel.lt\/"},{"@type":"ListItem","position":2,"name":"Produktai","item":"https:\/\/sbdapparel.lt\/shop\/"},{"@type":"ListItem","position":3,"name":"MOMENTUM ALK\u016aNI\u0172 \u012eTVARAI"}]},{"@type":"WebSite","@id":"https:\/\/sbdapparel.lt\/#website","url":"https:\/\/sbdapparel.lt\/","name":"SBD Apparel LT","description":"LIETUVA","publisher":{"@id":"https:\/\/sbdapparel.lt\/#organization"},"potentialAction":[{"@type":"SearchAction","target":{"@type":"EntryPoint","urlTemplate":"https:\/\/sbdapparel.lt\/?s={search_term_string}"},"query-input":{"@type":"PropertyValueSpecification","valueRequired":true,"valueName":"search_term_string"}}],"inLanguage":"en-US"},{"@type":"Organization","@id":"https:\/\/sbdapparel.lt\/#organization","name":"SBD Apparel LT","url":"https:\/\/sbdapparel.lt\/","logo":{"@type":"ImageObject","inLanguage":"en-US","@id":"https:\/\/sbdapparel.lt\/#\/schema\/logo\/image\/","url":"https:\/\/sbdapparel.lt\/wp-content\/uploads\/2023\/07\/cropped-SBD_Identity_OnDark_RGB.png","contentUrl":"https:\/\/sbdapparel.lt\/wp-content\/uploads\/2023\/07\/cropped-SBD_Identity_OnDark_RGB.png","width":1182,"height":515,"caption":"SBD Apparel LT"},"image":{"@id":"https:\/\/sbdapparel.lt\/#\/schema\/logo\/image\/"}}]}},"_links":{"self":[{"href":"https:\/\/sbdapparel.lt\/en\/wp-json\/wp\/v2\/product\/2114","targetHints":{"allow":["GET"]}}],"collection":[{"href":"https:\/\/sbdapparel.lt\/en\/wp-json\/wp\/v2\/product"}],"about":[{"href":"https:\/\/sbdapparel.lt\/en\/wp-json\/wp\/v2\/types\/product"}],"version-history":[{"count":2,"href":"https:\/\/sbdapparel.lt\/en\/wp-json\/wp\/v2\/product\/2114\/revisions"}],"predecessor-version":[{"id":4237,"href":"https:\/\/sbdapparel.lt\/en\/wp-json\/wp\/v2\/product\/2114\/revisions\/4237"}],"wp:featuredmedia":[{"embeddable":true,"href":"https:\/\/sbdapparel.lt\/en\/wp-json\/wp\/v2\/media\/2120"}],"wp:attachment":[{"href":"https:\/\/sbdapparel.lt\/en\/wp-json\/wp\/v2\/media?parent=2114"}],"wp:term":[{"taxonomy":"product_brand","embeddable":true,"href":"https:\/\/sbdapparel.lt\/en\/wp-json\/wp\/v2\/product_brand?post=2114"},{"taxonomy":"product_cat","embeddable":true,"href":"https:\/\/sbdapparel.lt\/en\/wp-json\/wp\/v2\/product_cat?post=2114"},{"taxonomy":"product_tag","embeddable":true,"href":"https:\/\/sbdapparel.lt\/en\/wp-json\/wp\/v2\/product_tag?post=2114"},{"taxonomy":"giftcard-category","embeddable":true,"href":"https:\/\/sbdapparel.lt\/en\/wp-json\/wp\/v2\/giftcard-category?post=2114"}],"curies":[{"name":"wp","href":"https:\/\/api.w.org\/{rel}","templated":true}]}}