{"id":2132,"date":"2024-11-10T15:03:59","date_gmt":"2024-11-10T15:03:59","guid":{"rendered":"https:\/\/sbdapparel.lt\/?post_type=product&#038;p=2132"},"modified":"2026-04-06T21:13:42","modified_gmt":"2026-04-06T18:13:42","slug":"riesu-bintai-2024","status":"publish","type":"product","link":"https:\/\/sbdapparel.lt\/en\/product\/riesu-bintai-2024\/","title":{"rendered":"Updated Wrist Wraps"},"content":{"rendered":"","protected":false},"excerpt":{"rendered":"<p>Wrist wraps relied on by strength athletes around the world, available in two versions and three lengths, to accommodate for every preference.<\/p>\n<p>Flexible \u2013 Designed to support the wrist while allowing the wrist to flex, designed for superior moulding to the wrist, and upgraded comfort during supported wrist flexion.<\/p>\n<p>Stiff \u2013 Designed to cast and immobilise the wrist, now with a softer finish, to resist wrist flexion while minimising discomfort.<\/p>\n<p>Sold as a pair.<br \/>\nIPF approved with the maximum width (8cm) and available up to the maximum length (1m).<br \/>\nProprietary wide elastics developed and manufactured specifically for wrist support.<br \/>\nLeft and right designs for equal wrapping of each wrist.<br \/>\nManufactured in Great Britain.<\/p>","protected":false},"featured_media":2142,"template":"","meta":[],"product_brand":[],"product_cat":[56,45],"product_tag":[],"giftcard-category":[],"class_list":{"0":"post-2132","1":"product","2":"type-product","3":"status-publish","4":"has-post-thumbnail","6":"product_cat-klasikine","7":"product_cat-riesubintai","10":"instock","11":"shipping-taxable","12":"purchasable","13":"product-type-variable","14":"product-grid-view"},"yoast_head":"<!-- This site is optimized with the Yoast SEO plugin v26.9 - https:\/\/yoast.com\/product\/yoast-seo-wordpress\/ -->\n<title>ATNAUJINTI SBD KLASIKINIAI RIE\u0160\u0172 BINTAI 2024 - SBD Apparel LT<\/title>\n<meta name=\"robots\" content=\"index, follow, max-snippet:-1, max-image-preview:large, max-video-preview:-1\" \/>\n<link rel=\"canonical\" href=\"https:\/\/sbdapparel.lt\/en\/product\/riesu-bintai-2024\/\" \/>\n<meta property=\"og:locale\" content=\"en_US\" \/>\n<meta property=\"og:type\" content=\"article\" \/>\n<meta property=\"og:title\" content=\"ATNAUJINTI SBD KLASIKINIAI RIE\u0160\u0172 BINTAI 2024 - SBD Apparel LT\" \/>\n<meta property=\"og:description\" content=\"Rie\u0161\u0173 bintai, kuriais pasitiki visi j\u0117gos sporto \u0161ak\u0173 atletai i\u0161 viso pasaulio, galimi dviej\u0173 versij\u0173 ir trij\u0173 ilgi\u0173, kad atitikt\u0173 visus poreikius.  Lankst\u016bs \u2013 Sukurti palaikyti rie\u0161\u0105, leid\u017eiant rie\u0161\u0105 sulenkti, sukurti puikiam rie\u0161o fiksavimui ir patobulintam patogumui rie\u0161o lenkimo metu.  Stand\u016bs \u2013 Sukurti rie\u0161\u0105 palaikyti ir imobilizuoti, dabar su mink\u0161tesne apdaila, kad atsispirt\u0173 rie\u0161o lenkimui ir suma\u017eint\u0173 diskomfort\u0105.  Parduodama kaip pora. IPF patvirtintas su did\u017eiausiu plo\u010diu (8 cm) ir galimas iki maksimalaus ilgio (1 m). Patentuotos pla\u010dios tamprios juostos, sukurtos ir pagamintos specialiai rie\u0161ams palaikyti. Kairysis ir de\u0161inysis bintai vienodai apvynioja kiekvien\u0105 rie\u0161\u0105. Pagaminta Did\u017eiojoje Britanijoje.\" \/>\n<meta property=\"og:url\" content=\"https:\/\/sbdapparel.lt\/en\/product\/riesu-bintai-2024\/\" \/>\n<meta property=\"og:site_name\" content=\"SBD Apparel LT\" \/>\n<meta property=\"article:modified_time\" content=\"2026-04-06T18:13:42+00:00\" \/>\n<meta property=\"og:image\" content=\"https:\/\/sbdapparel.lt\/wp-content\/uploads\/2024\/11\/Flexible-Wrist-Wraps-01.jpg\" \/>\n\t<meta property=\"og:image:width\" content=\"2048\" \/>\n\t<meta property=\"og:image:height\" content=\"2048\" \/>\n\t<meta property=\"og:image:type\" content=\"image\/jpeg\" \/>\n<meta name=\"twitter:card\" content=\"summary_large_image\" \/>\n<script type=\"application\/ld+json\" class=\"yoast-schema-graph\">{\"@context\":\"https:\/\/schema.org\",\"@graph\":[{\"@type\":\"WebPage\",\"@id\":\"https:\/\/sbdapparel.lt\/product\/riesu-bintai-2024\/\",\"url\":\"https:\/\/sbdapparel.lt\/product\/riesu-bintai-2024\/\",\"name\":\"ATNAUJINTI SBD KLASIKINIAI RIE\u0160\u0172 BINTAI 2024 - SBD Apparel LT\",\"isPartOf\":{\"@id\":\"https:\/\/sbdapparel.lt\/#website\"},\"primaryImageOfPage\":{\"@id\":\"https:\/\/sbdapparel.lt\/product\/riesu-bintai-2024\/#primaryimage\"},\"image\":{\"@id\":\"https:\/\/sbdapparel.lt\/product\/riesu-bintai-2024\/#primaryimage\"},\"thumbnailUrl\":\"https:\/\/sbdapparel.lt\/wp-content\/uploads\/2024\/11\/Flexible-Wrist-Wraps-01.jpg\",\"datePublished\":\"2024-11-10T15:03:59+00:00\",\"dateModified\":\"2026-04-06T18:13:42+00:00\",\"breadcrumb\":{\"@id\":\"https:\/\/sbdapparel.lt\/product\/riesu-bintai-2024\/#breadcrumb\"},\"inLanguage\":\"en-US\",\"potentialAction\":[{\"@type\":\"ReadAction\",\"target\":[\"https:\/\/sbdapparel.lt\/product\/riesu-bintai-2024\/\"]}]},{\"@type\":\"ImageObject\",\"inLanguage\":\"en-US\",\"@id\":\"https:\/\/sbdapparel.lt\/product\/riesu-bintai-2024\/#primaryimage\",\"url\":\"https:\/\/sbdapparel.lt\/wp-content\/uploads\/2024\/11\/Flexible-Wrist-Wraps-01.jpg\",\"contentUrl\":\"https:\/\/sbdapparel.lt\/wp-content\/uploads\/2024\/11\/Flexible-Wrist-Wraps-01.jpg\",\"width\":2048,\"height\":2048},{\"@type\":\"BreadcrumbList\",\"@id\":\"https:\/\/sbdapparel.lt\/product\/riesu-bintai-2024\/#breadcrumb\",\"itemListElement\":[{\"@type\":\"ListItem\",\"position\":1,\"name\":\"Home\",\"item\":\"https:\/\/sbdapparel.lt\/\"},{\"@type\":\"ListItem\",\"position\":2,\"name\":\"Produktai\",\"item\":\"https:\/\/sbdapparel.lt\/shop\/\"},{\"@type\":\"ListItem\",\"position\":3,\"name\":\"ATNAUJINTI SBD KLASIKINIAI RIE\u0160\u0172 BINTAI 2024\"}]},{\"@type\":\"WebSite\",\"@id\":\"https:\/\/sbdapparel.lt\/#website\",\"url\":\"https:\/\/sbdapparel.lt\/\",\"name\":\"SBD Apparel LT\",\"description\":\"LIETUVA\",\"publisher\":{\"@id\":\"https:\/\/sbdapparel.lt\/#organization\"},\"potentialAction\":[{\"@type\":\"SearchAction\",\"target\":{\"@type\":\"EntryPoint\",\"urlTemplate\":\"https:\/\/sbdapparel.lt\/?s={search_term_string}\"},\"query-input\":{\"@type\":\"PropertyValueSpecification\",\"valueRequired\":true,\"valueName\":\"search_term_string\"}}],\"inLanguage\":\"en-US\"},{\"@type\":\"Organization\",\"@id\":\"https:\/\/sbdapparel.lt\/#organization\",\"name\":\"SBD Apparel LT\",\"url\":\"https:\/\/sbdapparel.lt\/\",\"logo\":{\"@type\":\"ImageObject\",\"inLanguage\":\"en-US\",\"@id\":\"https:\/\/sbdapparel.lt\/#\/schema\/logo\/image\/\",\"url\":\"https:\/\/sbdapparel.lt\/wp-content\/uploads\/2023\/07\/cropped-SBD_Identity_OnDark_RGB.png\",\"contentUrl\":\"https:\/\/sbdapparel.lt\/wp-content\/uploads\/2023\/07\/cropped-SBD_Identity_OnDark_RGB.png\",\"width\":1182,\"height\":515,\"caption\":\"SBD Apparel LT\"},\"image\":{\"@id\":\"https:\/\/sbdapparel.lt\/#\/schema\/logo\/image\/\"}}]}<\/script>\n<!-- \/ Yoast SEO plugin. -->","yoast_head_json":{"title":"ATNAUJINTI SBD KLASIKINIAI RIE\u0160\u0172 BINTAI 2024 - SBD Apparel LT","robots":{"index":"index","follow":"follow","max-snippet":"max-snippet:-1","max-image-preview":"max-image-preview:large","max-video-preview":"max-video-preview:-1"},"canonical":"https:\/\/sbdapparel.lt\/en\/product\/riesu-bintai-2024\/","og_locale":"en_US","og_type":"article","og_title":"ATNAUJINTI SBD KLASIKINIAI RIE\u0160\u0172 BINTAI 2024 - SBD Apparel LT","og_description":"Rie\u0161\u0173 bintai, kuriais pasitiki visi j\u0117gos sporto \u0161ak\u0173 atletai i\u0161 viso pasaulio, galimi dviej\u0173 versij\u0173 ir trij\u0173 ilgi\u0173, kad atitikt\u0173 visus poreikius.  Lankst\u016bs \u2013 Sukurti palaikyti rie\u0161\u0105, leid\u017eiant rie\u0161\u0105 sulenkti, sukurti puikiam rie\u0161o fiksavimui ir patobulintam patogumui rie\u0161o lenkimo metu.  Stand\u016bs \u2013 Sukurti rie\u0161\u0105 palaikyti ir imobilizuoti, dabar su mink\u0161tesne apdaila, kad atsispirt\u0173 rie\u0161o lenkimui ir suma\u017eint\u0173 diskomfort\u0105.  Parduodama kaip pora. IPF patvirtintas su did\u017eiausiu plo\u010diu (8 cm) ir galimas iki maksimalaus ilgio (1 m). Patentuotos pla\u010dios tamprios juostos, sukurtos ir pagamintos specialiai rie\u0161ams palaikyti. Kairysis ir de\u0161inysis bintai vienodai apvynioja kiekvien\u0105 rie\u0161\u0105. Pagaminta Did\u017eiojoje Britanijoje.","og_url":"https:\/\/sbdapparel.lt\/en\/product\/riesu-bintai-2024\/","og_site_name":"SBD Apparel LT","article_modified_time":"2026-04-06T18:13:42+00:00","og_image":[{"width":2048,"height":2048,"url":"https:\/\/sbdapparel.lt\/wp-content\/uploads\/2024\/11\/Flexible-Wrist-Wraps-01.jpg","type":"image\/jpeg"}],"twitter_card":"summary_large_image","schema":{"@context":"https:\/\/schema.org","@graph":[{"@type":"WebPage","@id":"https:\/\/sbdapparel.lt\/product\/riesu-bintai-2024\/","url":"https:\/\/sbdapparel.lt\/product\/riesu-bintai-2024\/","name":"ATNAUJINTI SBD KLASIKINIAI RIE\u0160\u0172 BINTAI 2024 - SBD Apparel LT","isPartOf":{"@id":"https:\/\/sbdapparel.lt\/#website"},"primaryImageOfPage":{"@id":"https:\/\/sbdapparel.lt\/product\/riesu-bintai-2024\/#primaryimage"},"image":{"@id":"https:\/\/sbdapparel.lt\/product\/riesu-bintai-2024\/#primaryimage"},"thumbnailUrl":"https:\/\/sbdapparel.lt\/wp-content\/uploads\/2024\/11\/Flexible-Wrist-Wraps-01.jpg","datePublished":"2024-11-10T15:03:59+00:00","dateModified":"2026-04-06T18:13:42+00:00","breadcrumb":{"@id":"https:\/\/sbdapparel.lt\/product\/riesu-bintai-2024\/#breadcrumb"},"inLanguage":"en-US","potentialAction":[{"@type":"ReadAction","target":["https:\/\/sbdapparel.lt\/product\/riesu-bintai-2024\/"]}]},{"@type":"ImageObject","inLanguage":"en-US","@id":"https:\/\/sbdapparel.lt\/product\/riesu-bintai-2024\/#primaryimage","url":"https:\/\/sbdapparel.lt\/wp-content\/uploads\/2024\/11\/Flexible-Wrist-Wraps-01.jpg","contentUrl":"https:\/\/sbdapparel.lt\/wp-content\/uploads\/2024\/11\/Flexible-Wrist-Wraps-01.jpg","width":2048,"height":2048},{"@type":"BreadcrumbList","@id":"https:\/\/sbdapparel.lt\/product\/riesu-bintai-2024\/#breadcrumb","itemListElement":[{"@type":"ListItem","position":1,"name":"Home","item":"https:\/\/sbdapparel.lt\/"},{"@type":"ListItem","position":2,"name":"Produktai","item":"https:\/\/sbdapparel.lt\/shop\/"},{"@type":"ListItem","position":3,"name":"ATNAUJINTI SBD KLASIKINIAI RIE\u0160\u0172 BINTAI 2024"}]},{"@type":"WebSite","@id":"https:\/\/sbdapparel.lt\/#website","url":"https:\/\/sbdapparel.lt\/","name":"SBD Apparel LT","description":"LIETUVA","publisher":{"@id":"https:\/\/sbdapparel.lt\/#organization"},"potentialAction":[{"@type":"SearchAction","target":{"@type":"EntryPoint","urlTemplate":"https:\/\/sbdapparel.lt\/?s={search_term_string}"},"query-input":{"@type":"PropertyValueSpecification","valueRequired":true,"valueName":"search_term_string"}}],"inLanguage":"en-US"},{"@type":"Organization","@id":"https:\/\/sbdapparel.lt\/#organization","name":"SBD Apparel LT","url":"https:\/\/sbdapparel.lt\/","logo":{"@type":"ImageObject","inLanguage":"en-US","@id":"https:\/\/sbdapparel.lt\/#\/schema\/logo\/image\/","url":"https:\/\/sbdapparel.lt\/wp-content\/uploads\/2023\/07\/cropped-SBD_Identity_OnDark_RGB.png","contentUrl":"https:\/\/sbdapparel.lt\/wp-content\/uploads\/2023\/07\/cropped-SBD_Identity_OnDark_RGB.png","width":1182,"height":515,"caption":"SBD Apparel LT"},"image":{"@id":"https:\/\/sbdapparel.lt\/#\/schema\/logo\/image\/"}}]}},"_links":{"self":[{"href":"https:\/\/sbdapparel.lt\/en\/wp-json\/wp\/v2\/product\/2132","targetHints":{"allow":["GET"]}}],"collection":[{"href":"https:\/\/sbdapparel.lt\/en\/wp-json\/wp\/v2\/product"}],"about":[{"href":"https:\/\/sbdapparel.lt\/en\/wp-json\/wp\/v2\/types\/product"}],"version-history":[{"count":4,"href":"https:\/\/sbdapparel.lt\/en\/wp-json\/wp\/v2\/product\/2132\/revisions"}],"predecessor-version":[{"id":4243,"href":"https:\/\/sbdapparel.lt\/en\/wp-json\/wp\/v2\/product\/2132\/revisions\/4243"}],"wp:featuredmedia":[{"embeddable":true,"href":"https:\/\/sbdapparel.lt\/en\/wp-json\/wp\/v2\/media\/2142"}],"wp:attachment":[{"href":"https:\/\/sbdapparel.lt\/en\/wp-json\/wp\/v2\/media?parent=2132"}],"wp:term":[{"taxonomy":"product_brand","embeddable":true,"href":"https:\/\/sbdapparel.lt\/en\/wp-json\/wp\/v2\/product_brand?post=2132"},{"taxonomy":"product_cat","embeddable":true,"href":"https:\/\/sbdapparel.lt\/en\/wp-json\/wp\/v2\/product_cat?post=2132"},{"taxonomy":"product_tag","embeddable":true,"href":"https:\/\/sbdapparel.lt\/en\/wp-json\/wp\/v2\/product_tag?post=2132"},{"taxonomy":"giftcard-category","embeddable":true,"href":"https:\/\/sbdapparel.lt\/en\/wp-json\/wp\/v2\/giftcard-category?post=2132"}],"curies":[{"name":"wp","href":"https:\/\/api.w.org\/{rel}","templated":true}]}}