{"id":2145,"date":"2024-11-10T15:13:53","date_gmt":"2024-11-10T15:13:53","guid":{"rendered":"https:\/\/sbdapparel.lt\/?post_type=product&#038;p=2145"},"modified":"2026-01-15T00:41:59","modified_gmt":"2026-01-14T21:41:59","slug":"oficialus-sbd-standus-riesu-bintai","status":"publish","type":"product","link":"https:\/\/sbdapparel.lt\/en\/product\/oficialus-sbd-standus-riesu-bintai\/","title":{"rendered":"Wrist Wraps classic"},"content":{"rendered":"","protected":false},"excerpt":{"rendered":"<p>Sold as a pair.<br \/>\nIPF approved with the maximum width (8cm) and available up to the maximum length (1m).<br \/>\nProprietary wide elastics developed and manufactured specifically for wrist support.<br \/>\nTwo different types - flexible and rigid.<br \/>\nA strong thumb loop specially made and joined together with the main band.<br \/>\nLeft and right designs for equal wrapping of each wrist.<br \/>\nPowered by VELCRO\u00ae Brand hook and loop.<br \/>\nMade in Sheffield, Great Britain.<\/p>","protected":false},"featured_media":2152,"template":"","meta":[],"product_brand":[],"product_cat":[56,45],"product_tag":[],"giftcard-category":[],"class_list":{"0":"post-2145","1":"product","2":"type-product","3":"status-publish","4":"has-post-thumbnail","6":"product_cat-klasikine","7":"product_cat-riesubintai","10":"instock","11":"shipping-taxable","12":"purchasable","13":"product-type-variable","14":"product-grid-view"},"yoast_head":"<!-- This site is optimized with the Yoast SEO plugin v26.9 - https:\/\/yoast.com\/product\/yoast-seo-wordpress\/ -->\n<title>SBD KLASIKINIAI RIE\u0160\u0172 BINTAI - SBD Apparel LT<\/title>\n<meta name=\"robots\" content=\"index, follow, max-snippet:-1, max-image-preview:large, max-video-preview:-1\" \/>\n<link rel=\"canonical\" href=\"https:\/\/sbdapparel.lt\/en\/product\/oficialus-sbd-standus-riesu-bintai\/\" \/>\n<meta property=\"og:locale\" content=\"en_US\" \/>\n<meta property=\"og:type\" content=\"article\" \/>\n<meta property=\"og:title\" content=\"SBD KLASIKINIAI RIE\u0160\u0172 BINTAI - SBD Apparel LT\" \/>\n<meta property=\"og:description\" content=\"Parduodama kaip pora. IPF patvirtinta maksimalaus plo\u010dio (8 cm) ir iki maksimalaus ilgio (1 m). Patentuotos plati, tampri bint\u0173 juosta, sukurta ir pagaminta specialiai rie\u0161ams palaikyti Du skirtingi tipai \u2013 lankst\u016bs ir stand\u016bs. Tvirta nyk\u0161\u010dio kilpa, specialiai pagaminta ir sujungta kartu su pagrindine juosta. Kairysis ir de\u0161inysis bintai vienodai apvynioja kiekvien\u0105 rie\u0161\u0105. Pramoninis tvirtinimas ilgaam\u017ei\u0161kumui ir saugumui. Pagaminta Did\u017eiojoje Britanijoje\" \/>\n<meta property=\"og:url\" content=\"https:\/\/sbdapparel.lt\/en\/product\/oficialus-sbd-standus-riesu-bintai\/\" \/>\n<meta property=\"og:site_name\" content=\"SBD Apparel LT\" \/>\n<meta property=\"article:modified_time\" content=\"2026-01-14T21:41:59+00:00\" \/>\n<meta property=\"og:image\" content=\"https:\/\/sbdapparel.lt\/wp-content\/uploads\/2024\/11\/WrapStiff.png\" \/>\n\t<meta property=\"og:image:width\" content=\"600\" \/>\n\t<meta property=\"og:image:height\" content=\"337\" \/>\n\t<meta property=\"og:image:type\" content=\"image\/png\" \/>\n<meta name=\"twitter:card\" content=\"summary_large_image\" \/>\n<script type=\"application\/ld+json\" class=\"yoast-schema-graph\">{\"@context\":\"https:\/\/schema.org\",\"@graph\":[{\"@type\":\"WebPage\",\"@id\":\"https:\/\/sbdapparel.lt\/product\/oficialus-sbd-standus-riesu-bintai\/\",\"url\":\"https:\/\/sbdapparel.lt\/product\/oficialus-sbd-standus-riesu-bintai\/\",\"name\":\"SBD KLASIKINIAI RIE\u0160\u0172 BINTAI - SBD Apparel LT\",\"isPartOf\":{\"@id\":\"https:\/\/sbdapparel.lt\/#website\"},\"primaryImageOfPage\":{\"@id\":\"https:\/\/sbdapparel.lt\/product\/oficialus-sbd-standus-riesu-bintai\/#primaryimage\"},\"image\":{\"@id\":\"https:\/\/sbdapparel.lt\/product\/oficialus-sbd-standus-riesu-bintai\/#primaryimage\"},\"thumbnailUrl\":\"https:\/\/sbdapparel.lt\/wp-content\/uploads\/2024\/11\/WrapStiff.png\",\"datePublished\":\"2024-11-10T15:13:53+00:00\",\"dateModified\":\"2026-01-14T21:41:59+00:00\",\"breadcrumb\":{\"@id\":\"https:\/\/sbdapparel.lt\/product\/oficialus-sbd-standus-riesu-bintai\/#breadcrumb\"},\"inLanguage\":\"en-US\",\"potentialAction\":[{\"@type\":\"ReadAction\",\"target\":[\"https:\/\/sbdapparel.lt\/product\/oficialus-sbd-standus-riesu-bintai\/\"]}]},{\"@type\":\"ImageObject\",\"inLanguage\":\"en-US\",\"@id\":\"https:\/\/sbdapparel.lt\/product\/oficialus-sbd-standus-riesu-bintai\/#primaryimage\",\"url\":\"https:\/\/sbdapparel.lt\/wp-content\/uploads\/2024\/11\/WrapStiff.png\",\"contentUrl\":\"https:\/\/sbdapparel.lt\/wp-content\/uploads\/2024\/11\/WrapStiff.png\",\"width\":600,\"height\":337},{\"@type\":\"BreadcrumbList\",\"@id\":\"https:\/\/sbdapparel.lt\/product\/oficialus-sbd-standus-riesu-bintai\/#breadcrumb\",\"itemListElement\":[{\"@type\":\"ListItem\",\"position\":1,\"name\":\"Home\",\"item\":\"https:\/\/sbdapparel.lt\/\"},{\"@type\":\"ListItem\",\"position\":2,\"name\":\"Produktai\",\"item\":\"https:\/\/sbdapparel.lt\/shop\/\"},{\"@type\":\"ListItem\",\"position\":3,\"name\":\"SBD KLASIKINIAI RIE\u0160\u0172 BINTAI\"}]},{\"@type\":\"WebSite\",\"@id\":\"https:\/\/sbdapparel.lt\/#website\",\"url\":\"https:\/\/sbdapparel.lt\/\",\"name\":\"SBD Apparel LT\",\"description\":\"LIETUVA\",\"publisher\":{\"@id\":\"https:\/\/sbdapparel.lt\/#organization\"},\"potentialAction\":[{\"@type\":\"SearchAction\",\"target\":{\"@type\":\"EntryPoint\",\"urlTemplate\":\"https:\/\/sbdapparel.lt\/?s={search_term_string}\"},\"query-input\":{\"@type\":\"PropertyValueSpecification\",\"valueRequired\":true,\"valueName\":\"search_term_string\"}}],\"inLanguage\":\"en-US\"},{\"@type\":\"Organization\",\"@id\":\"https:\/\/sbdapparel.lt\/#organization\",\"name\":\"SBD Apparel LT\",\"url\":\"https:\/\/sbdapparel.lt\/\",\"logo\":{\"@type\":\"ImageObject\",\"inLanguage\":\"en-US\",\"@id\":\"https:\/\/sbdapparel.lt\/#\/schema\/logo\/image\/\",\"url\":\"https:\/\/sbdapparel.lt\/wp-content\/uploads\/2023\/07\/cropped-SBD_Identity_OnDark_RGB.png\",\"contentUrl\":\"https:\/\/sbdapparel.lt\/wp-content\/uploads\/2023\/07\/cropped-SBD_Identity_OnDark_RGB.png\",\"width\":1182,\"height\":515,\"caption\":\"SBD Apparel LT\"},\"image\":{\"@id\":\"https:\/\/sbdapparel.lt\/#\/schema\/logo\/image\/\"}}]}<\/script>\n<!-- \/ Yoast SEO plugin. -->","yoast_head_json":{"title":"SBD KLASIKINIAI RIE\u0160\u0172 BINTAI - SBD Apparel LT","robots":{"index":"index","follow":"follow","max-snippet":"max-snippet:-1","max-image-preview":"max-image-preview:large","max-video-preview":"max-video-preview:-1"},"canonical":"https:\/\/sbdapparel.lt\/en\/product\/oficialus-sbd-standus-riesu-bintai\/","og_locale":"en_US","og_type":"article","og_title":"SBD KLASIKINIAI RIE\u0160\u0172 BINTAI - SBD Apparel LT","og_description":"Parduodama kaip pora. IPF patvirtinta maksimalaus plo\u010dio (8 cm) ir iki maksimalaus ilgio (1 m). Patentuotos plati, tampri bint\u0173 juosta, sukurta ir pagaminta specialiai rie\u0161ams palaikyti Du skirtingi tipai \u2013 lankst\u016bs ir stand\u016bs. Tvirta nyk\u0161\u010dio kilpa, specialiai pagaminta ir sujungta kartu su pagrindine juosta. Kairysis ir de\u0161inysis bintai vienodai apvynioja kiekvien\u0105 rie\u0161\u0105. Pramoninis tvirtinimas ilgaam\u017ei\u0161kumui ir saugumui. Pagaminta Did\u017eiojoje Britanijoje","og_url":"https:\/\/sbdapparel.lt\/en\/product\/oficialus-sbd-standus-riesu-bintai\/","og_site_name":"SBD Apparel LT","article_modified_time":"2026-01-14T21:41:59+00:00","og_image":[{"width":600,"height":337,"url":"https:\/\/sbdapparel.lt\/wp-content\/uploads\/2024\/11\/WrapStiff.png","type":"image\/png"}],"twitter_card":"summary_large_image","schema":{"@context":"https:\/\/schema.org","@graph":[{"@type":"WebPage","@id":"https:\/\/sbdapparel.lt\/product\/oficialus-sbd-standus-riesu-bintai\/","url":"https:\/\/sbdapparel.lt\/product\/oficialus-sbd-standus-riesu-bintai\/","name":"SBD KLASIKINIAI RIE\u0160\u0172 BINTAI - SBD Apparel LT","isPartOf":{"@id":"https:\/\/sbdapparel.lt\/#website"},"primaryImageOfPage":{"@id":"https:\/\/sbdapparel.lt\/product\/oficialus-sbd-standus-riesu-bintai\/#primaryimage"},"image":{"@id":"https:\/\/sbdapparel.lt\/product\/oficialus-sbd-standus-riesu-bintai\/#primaryimage"},"thumbnailUrl":"https:\/\/sbdapparel.lt\/wp-content\/uploads\/2024\/11\/WrapStiff.png","datePublished":"2024-11-10T15:13:53+00:00","dateModified":"2026-01-14T21:41:59+00:00","breadcrumb":{"@id":"https:\/\/sbdapparel.lt\/product\/oficialus-sbd-standus-riesu-bintai\/#breadcrumb"},"inLanguage":"en-US","potentialAction":[{"@type":"ReadAction","target":["https:\/\/sbdapparel.lt\/product\/oficialus-sbd-standus-riesu-bintai\/"]}]},{"@type":"ImageObject","inLanguage":"en-US","@id":"https:\/\/sbdapparel.lt\/product\/oficialus-sbd-standus-riesu-bintai\/#primaryimage","url":"https:\/\/sbdapparel.lt\/wp-content\/uploads\/2024\/11\/WrapStiff.png","contentUrl":"https:\/\/sbdapparel.lt\/wp-content\/uploads\/2024\/11\/WrapStiff.png","width":600,"height":337},{"@type":"BreadcrumbList","@id":"https:\/\/sbdapparel.lt\/product\/oficialus-sbd-standus-riesu-bintai\/#breadcrumb","itemListElement":[{"@type":"ListItem","position":1,"name":"Home","item":"https:\/\/sbdapparel.lt\/"},{"@type":"ListItem","position":2,"name":"Produktai","item":"https:\/\/sbdapparel.lt\/shop\/"},{"@type":"ListItem","position":3,"name":"SBD KLASIKINIAI RIE\u0160\u0172 BINTAI"}]},{"@type":"WebSite","@id":"https:\/\/sbdapparel.lt\/#website","url":"https:\/\/sbdapparel.lt\/","name":"SBD Apparel LT","description":"LIETUVA","publisher":{"@id":"https:\/\/sbdapparel.lt\/#organization"},"potentialAction":[{"@type":"SearchAction","target":{"@type":"EntryPoint","urlTemplate":"https:\/\/sbdapparel.lt\/?s={search_term_string}"},"query-input":{"@type":"PropertyValueSpecification","valueRequired":true,"valueName":"search_term_string"}}],"inLanguage":"en-US"},{"@type":"Organization","@id":"https:\/\/sbdapparel.lt\/#organization","name":"SBD Apparel LT","url":"https:\/\/sbdapparel.lt\/","logo":{"@type":"ImageObject","inLanguage":"en-US","@id":"https:\/\/sbdapparel.lt\/#\/schema\/logo\/image\/","url":"https:\/\/sbdapparel.lt\/wp-content\/uploads\/2023\/07\/cropped-SBD_Identity_OnDark_RGB.png","contentUrl":"https:\/\/sbdapparel.lt\/wp-content\/uploads\/2023\/07\/cropped-SBD_Identity_OnDark_RGB.png","width":1182,"height":515,"caption":"SBD Apparel LT"},"image":{"@id":"https:\/\/sbdapparel.lt\/#\/schema\/logo\/image\/"}}]}},"_links":{"self":[{"href":"https:\/\/sbdapparel.lt\/en\/wp-json\/wp\/v2\/product\/2145","targetHints":{"allow":["GET"]}}],"collection":[{"href":"https:\/\/sbdapparel.lt\/en\/wp-json\/wp\/v2\/product"}],"about":[{"href":"https:\/\/sbdapparel.lt\/en\/wp-json\/wp\/v2\/types\/product"}],"version-history":[{"count":4,"href":"https:\/\/sbdapparel.lt\/en\/wp-json\/wp\/v2\/product\/2145\/revisions"}],"predecessor-version":[{"id":4149,"href":"https:\/\/sbdapparel.lt\/en\/wp-json\/wp\/v2\/product\/2145\/revisions\/4149"}],"wp:featuredmedia":[{"embeddable":true,"href":"https:\/\/sbdapparel.lt\/en\/wp-json\/wp\/v2\/media\/2152"}],"wp:attachment":[{"href":"https:\/\/sbdapparel.lt\/en\/wp-json\/wp\/v2\/media?parent=2145"}],"wp:term":[{"taxonomy":"product_brand","embeddable":true,"href":"https:\/\/sbdapparel.lt\/en\/wp-json\/wp\/v2\/product_brand?post=2145"},{"taxonomy":"product_cat","embeddable":true,"href":"https:\/\/sbdapparel.lt\/en\/wp-json\/wp\/v2\/product_cat?post=2145"},{"taxonomy":"product_tag","embeddable":true,"href":"https:\/\/sbdapparel.lt\/en\/wp-json\/wp\/v2\/product_tag?post=2145"},{"taxonomy":"giftcard-category","embeddable":true,"href":"https:\/\/sbdapparel.lt\/en\/wp-json\/wp\/v2\/giftcard-category?post=2145"}],"curies":[{"name":"wp","href":"https:\/\/api.w.org\/{rel}","templated":true}]}}