{"id":2195,"date":"2024-11-10T15:35:52","date_gmt":"2024-11-10T15:35:52","guid":{"rendered":"https:\/\/sbdapparel.lt\/?post_type=product&#038;p=2195"},"modified":"2026-01-13T21:14:32","modified_gmt":"2026-01-13T18:14:32","slug":"storm-riesu-bintai","status":"publish","type":"product","link":"https:\/\/sbdapparel.lt\/en\/product\/storm-riesu-bintai\/","title":{"rendered":"STORM WRIST WRAPS"},"content":{"rendered":"","protected":false},"excerpt":{"rendered":"<p>Designed specifically for wrist support and pressing movements. Featuring a heavy duty thumb loop alongside industrial fastening to ensure longevity and security.<\/p>\n<p>Flexible \u2013 Designed to support the wrist while allowing the wrist to flex, designed for superior moulding to the wrist, and upgraded comfort during supported wrist flexion.<\/p>\n<p>Stiff - Designed to cast and immobilise the wrist, now with a softer finish, to resist wrist flexion while minimising discomfort.<\/p>\n<p>Sold as a pair.<br \/>\nIPF approved with the maximum width (8cm) and available up to the maximum length (1m).<br \/>\nProprietary wide elastics developed and manufactured specifically for wrist support.<br \/>\nLeft and right designs for equal wrapping of each wrist.<br \/>\nManufactured in Great Britain.<\/p>","protected":false},"featured_media":2197,"template":"","meta":[],"product_brand":[],"product_cat":[45,60],"product_tag":[],"giftcard-category":[],"class_list":{"0":"post-2195","1":"product","2":"type-product","3":"status-publish","4":"has-post-thumbnail","6":"product_cat-riesubintai","7":"product_cat-storm","10":"outofstock","11":"shipping-taxable","12":"purchasable","13":"product-type-variable","14":"product-grid-view"},"yoast_head":"<!-- This site is optimized with the Yoast SEO plugin v26.9 - https:\/\/yoast.com\/product\/yoast-seo-wordpress\/ -->\n<title>STORM RIE\u0160\u0172 BINTAI - SBD Apparel LT<\/title>\n<meta name=\"robots\" content=\"index, follow, max-snippet:-1, max-image-preview:large, max-video-preview:-1\" \/>\n<link rel=\"canonical\" href=\"https:\/\/sbdapparel.lt\/en\/product\/storm-riesu-bintai\/\" \/>\n<meta property=\"og:locale\" content=\"en_US\" \/>\n<meta property=\"og:type\" content=\"article\" \/>\n<meta property=\"og:title\" content=\"STORM RIE\u0160\u0172 BINTAI - SBD Apparel LT\" \/>\n<meta property=\"og:description\" content=\"Rie\u0161\u0173 apvyniojimai, kuriais pasitiki j\u0117gos atletai i\u0161 viso pasaulio, galimi dviej\u0173 versij\u0173 ir trij\u0173 ilgi\u0173, kad atitikt\u0173 visus poreikius.  Lankstus \u2013 Sukurtas palaikyti rie\u0161\u0105, leid\u017eiant rie\u0161\u0105 sulenkti, sukurtas puikiam rie\u0161o formavimui ir patobulintam patogumui rie\u0161o lenkimo metu.  Stand\u016bs \u2013 suprojektuoti rie\u0161\u0105 u\u017emesti ir imobilizuoti, dabar su mink\u0161tesne apdaila, kad atsispirt\u0173 rie\u0161o lenkimui ir suma\u017eint\u0173 diskomfort\u0105  Parduodama kaip pora. IPF patvirtintas su did\u017eiausiu plo\u010diu (8 cm) ir galimas iki maksimalaus ilgio (1 m). Patentuotos pla\u010dios tampr\u0117s, sukurtos ir pagamintos specialiai rie\u0161ams palaikyti. Kairysis ir de\u0161inysis dizainas vienodai apvynioti kiekvien\u0105 rie\u0161\u0105. Pagaminta Did\u017eiojoje Britanijoje.\" \/>\n<meta property=\"og:url\" content=\"https:\/\/sbdapparel.lt\/en\/product\/storm-riesu-bintai\/\" \/>\n<meta property=\"og:site_name\" content=\"SBD Apparel LT\" \/>\n<meta property=\"article:modified_time\" content=\"2026-01-13T18:14:32+00:00\" \/>\n<meta property=\"og:image\" content=\"https:\/\/sbdapparel.lt\/wp-content\/uploads\/2024\/11\/STORM-WRIST-WRAP-STIFF-01.jpg\" \/>\n\t<meta property=\"og:image:width\" content=\"1920\" \/>\n\t<meta property=\"og:image:height\" content=\"1080\" \/>\n\t<meta property=\"og:image:type\" content=\"image\/jpeg\" \/>\n<meta name=\"twitter:card\" content=\"summary_large_image\" \/>\n<script type=\"application\/ld+json\" class=\"yoast-schema-graph\">{\"@context\":\"https:\/\/schema.org\",\"@graph\":[{\"@type\":\"WebPage\",\"@id\":\"https:\/\/sbdapparel.lt\/product\/storm-riesu-bintai\/\",\"url\":\"https:\/\/sbdapparel.lt\/product\/storm-riesu-bintai\/\",\"name\":\"STORM RIE\u0160\u0172 BINTAI - SBD Apparel LT\",\"isPartOf\":{\"@id\":\"https:\/\/sbdapparel.lt\/#website\"},\"primaryImageOfPage\":{\"@id\":\"https:\/\/sbdapparel.lt\/product\/storm-riesu-bintai\/#primaryimage\"},\"image\":{\"@id\":\"https:\/\/sbdapparel.lt\/product\/storm-riesu-bintai\/#primaryimage\"},\"thumbnailUrl\":\"https:\/\/sbdapparel.lt\/wp-content\/uploads\/2024\/11\/STORM-WRIST-WRAP-STIFF-01.jpg\",\"datePublished\":\"2024-11-10T15:35:52+00:00\",\"dateModified\":\"2026-01-13T18:14:32+00:00\",\"breadcrumb\":{\"@id\":\"https:\/\/sbdapparel.lt\/product\/storm-riesu-bintai\/#breadcrumb\"},\"inLanguage\":\"en-US\",\"potentialAction\":[{\"@type\":\"ReadAction\",\"target\":[\"https:\/\/sbdapparel.lt\/product\/storm-riesu-bintai\/\"]}]},{\"@type\":\"ImageObject\",\"inLanguage\":\"en-US\",\"@id\":\"https:\/\/sbdapparel.lt\/product\/storm-riesu-bintai\/#primaryimage\",\"url\":\"https:\/\/sbdapparel.lt\/wp-content\/uploads\/2024\/11\/STORM-WRIST-WRAP-STIFF-01.jpg\",\"contentUrl\":\"https:\/\/sbdapparel.lt\/wp-content\/uploads\/2024\/11\/STORM-WRIST-WRAP-STIFF-01.jpg\",\"width\":1920,\"height\":1080},{\"@type\":\"BreadcrumbList\",\"@id\":\"https:\/\/sbdapparel.lt\/product\/storm-riesu-bintai\/#breadcrumb\",\"itemListElement\":[{\"@type\":\"ListItem\",\"position\":1,\"name\":\"Home\",\"item\":\"https:\/\/sbdapparel.lt\/\"},{\"@type\":\"ListItem\",\"position\":2,\"name\":\"Produktai\",\"item\":\"https:\/\/sbdapparel.lt\/shop\/\"},{\"@type\":\"ListItem\",\"position\":3,\"name\":\"STORM RIE\u0160\u0172 BINTAI\"}]},{\"@type\":\"WebSite\",\"@id\":\"https:\/\/sbdapparel.lt\/#website\",\"url\":\"https:\/\/sbdapparel.lt\/\",\"name\":\"SBD Apparel LT\",\"description\":\"LIETUVA\",\"publisher\":{\"@id\":\"https:\/\/sbdapparel.lt\/#organization\"},\"potentialAction\":[{\"@type\":\"SearchAction\",\"target\":{\"@type\":\"EntryPoint\",\"urlTemplate\":\"https:\/\/sbdapparel.lt\/?s={search_term_string}\"},\"query-input\":{\"@type\":\"PropertyValueSpecification\",\"valueRequired\":true,\"valueName\":\"search_term_string\"}}],\"inLanguage\":\"en-US\"},{\"@type\":\"Organization\",\"@id\":\"https:\/\/sbdapparel.lt\/#organization\",\"name\":\"SBD Apparel LT\",\"url\":\"https:\/\/sbdapparel.lt\/\",\"logo\":{\"@type\":\"ImageObject\",\"inLanguage\":\"en-US\",\"@id\":\"https:\/\/sbdapparel.lt\/#\/schema\/logo\/image\/\",\"url\":\"https:\/\/sbdapparel.lt\/wp-content\/uploads\/2023\/07\/cropped-SBD_Identity_OnDark_RGB.png\",\"contentUrl\":\"https:\/\/sbdapparel.lt\/wp-content\/uploads\/2023\/07\/cropped-SBD_Identity_OnDark_RGB.png\",\"width\":1182,\"height\":515,\"caption\":\"SBD Apparel LT\"},\"image\":{\"@id\":\"https:\/\/sbdapparel.lt\/#\/schema\/logo\/image\/\"}}]}<\/script>\n<!-- \/ Yoast SEO plugin. -->","yoast_head_json":{"title":"STORM RIE\u0160\u0172 BINTAI - SBD Apparel LT","robots":{"index":"index","follow":"follow","max-snippet":"max-snippet:-1","max-image-preview":"max-image-preview:large","max-video-preview":"max-video-preview:-1"},"canonical":"https:\/\/sbdapparel.lt\/en\/product\/storm-riesu-bintai\/","og_locale":"en_US","og_type":"article","og_title":"STORM RIE\u0160\u0172 BINTAI - SBD Apparel LT","og_description":"Rie\u0161\u0173 apvyniojimai, kuriais pasitiki j\u0117gos atletai i\u0161 viso pasaulio, galimi dviej\u0173 versij\u0173 ir trij\u0173 ilgi\u0173, kad atitikt\u0173 visus poreikius.  Lankstus \u2013 Sukurtas palaikyti rie\u0161\u0105, leid\u017eiant rie\u0161\u0105 sulenkti, sukurtas puikiam rie\u0161o formavimui ir patobulintam patogumui rie\u0161o lenkimo metu.  Stand\u016bs \u2013 suprojektuoti rie\u0161\u0105 u\u017emesti ir imobilizuoti, dabar su mink\u0161tesne apdaila, kad atsispirt\u0173 rie\u0161o lenkimui ir suma\u017eint\u0173 diskomfort\u0105  Parduodama kaip pora. IPF patvirtintas su did\u017eiausiu plo\u010diu (8 cm) ir galimas iki maksimalaus ilgio (1 m). Patentuotos pla\u010dios tampr\u0117s, sukurtos ir pagamintos specialiai rie\u0161ams palaikyti. Kairysis ir de\u0161inysis dizainas vienodai apvynioti kiekvien\u0105 rie\u0161\u0105. Pagaminta Did\u017eiojoje Britanijoje.","og_url":"https:\/\/sbdapparel.lt\/en\/product\/storm-riesu-bintai\/","og_site_name":"SBD Apparel LT","article_modified_time":"2026-01-13T18:14:32+00:00","og_image":[{"width":1920,"height":1080,"url":"https:\/\/sbdapparel.lt\/wp-content\/uploads\/2024\/11\/STORM-WRIST-WRAP-STIFF-01.jpg","type":"image\/jpeg"}],"twitter_card":"summary_large_image","schema":{"@context":"https:\/\/schema.org","@graph":[{"@type":"WebPage","@id":"https:\/\/sbdapparel.lt\/product\/storm-riesu-bintai\/","url":"https:\/\/sbdapparel.lt\/product\/storm-riesu-bintai\/","name":"STORM RIE\u0160\u0172 BINTAI - SBD Apparel LT","isPartOf":{"@id":"https:\/\/sbdapparel.lt\/#website"},"primaryImageOfPage":{"@id":"https:\/\/sbdapparel.lt\/product\/storm-riesu-bintai\/#primaryimage"},"image":{"@id":"https:\/\/sbdapparel.lt\/product\/storm-riesu-bintai\/#primaryimage"},"thumbnailUrl":"https:\/\/sbdapparel.lt\/wp-content\/uploads\/2024\/11\/STORM-WRIST-WRAP-STIFF-01.jpg","datePublished":"2024-11-10T15:35:52+00:00","dateModified":"2026-01-13T18:14:32+00:00","breadcrumb":{"@id":"https:\/\/sbdapparel.lt\/product\/storm-riesu-bintai\/#breadcrumb"},"inLanguage":"en-US","potentialAction":[{"@type":"ReadAction","target":["https:\/\/sbdapparel.lt\/product\/storm-riesu-bintai\/"]}]},{"@type":"ImageObject","inLanguage":"en-US","@id":"https:\/\/sbdapparel.lt\/product\/storm-riesu-bintai\/#primaryimage","url":"https:\/\/sbdapparel.lt\/wp-content\/uploads\/2024\/11\/STORM-WRIST-WRAP-STIFF-01.jpg","contentUrl":"https:\/\/sbdapparel.lt\/wp-content\/uploads\/2024\/11\/STORM-WRIST-WRAP-STIFF-01.jpg","width":1920,"height":1080},{"@type":"BreadcrumbList","@id":"https:\/\/sbdapparel.lt\/product\/storm-riesu-bintai\/#breadcrumb","itemListElement":[{"@type":"ListItem","position":1,"name":"Home","item":"https:\/\/sbdapparel.lt\/"},{"@type":"ListItem","position":2,"name":"Produktai","item":"https:\/\/sbdapparel.lt\/shop\/"},{"@type":"ListItem","position":3,"name":"STORM RIE\u0160\u0172 BINTAI"}]},{"@type":"WebSite","@id":"https:\/\/sbdapparel.lt\/#website","url":"https:\/\/sbdapparel.lt\/","name":"SBD Apparel LT","description":"LIETUVA","publisher":{"@id":"https:\/\/sbdapparel.lt\/#organization"},"potentialAction":[{"@type":"SearchAction","target":{"@type":"EntryPoint","urlTemplate":"https:\/\/sbdapparel.lt\/?s={search_term_string}"},"query-input":{"@type":"PropertyValueSpecification","valueRequired":true,"valueName":"search_term_string"}}],"inLanguage":"en-US"},{"@type":"Organization","@id":"https:\/\/sbdapparel.lt\/#organization","name":"SBD Apparel LT","url":"https:\/\/sbdapparel.lt\/","logo":{"@type":"ImageObject","inLanguage":"en-US","@id":"https:\/\/sbdapparel.lt\/#\/schema\/logo\/image\/","url":"https:\/\/sbdapparel.lt\/wp-content\/uploads\/2023\/07\/cropped-SBD_Identity_OnDark_RGB.png","contentUrl":"https:\/\/sbdapparel.lt\/wp-content\/uploads\/2023\/07\/cropped-SBD_Identity_OnDark_RGB.png","width":1182,"height":515,"caption":"SBD Apparel LT"},"image":{"@id":"https:\/\/sbdapparel.lt\/#\/schema\/logo\/image\/"}}]}},"_links":{"self":[{"href":"https:\/\/sbdapparel.lt\/en\/wp-json\/wp\/v2\/product\/2195","targetHints":{"allow":["GET"]}}],"collection":[{"href":"https:\/\/sbdapparel.lt\/en\/wp-json\/wp\/v2\/product"}],"about":[{"href":"https:\/\/sbdapparel.lt\/en\/wp-json\/wp\/v2\/types\/product"}],"version-history":[{"count":2,"href":"https:\/\/sbdapparel.lt\/en\/wp-json\/wp\/v2\/product\/2195\/revisions"}],"predecessor-version":[{"id":2202,"href":"https:\/\/sbdapparel.lt\/en\/wp-json\/wp\/v2\/product\/2195\/revisions\/2202"}],"wp:featuredmedia":[{"embeddable":true,"href":"https:\/\/sbdapparel.lt\/en\/wp-json\/wp\/v2\/media\/2197"}],"wp:attachment":[{"href":"https:\/\/sbdapparel.lt\/en\/wp-json\/wp\/v2\/media?parent=2195"}],"wp:term":[{"taxonomy":"product_brand","embeddable":true,"href":"https:\/\/sbdapparel.lt\/en\/wp-json\/wp\/v2\/product_brand?post=2195"},{"taxonomy":"product_cat","embeddable":true,"href":"https:\/\/sbdapparel.lt\/en\/wp-json\/wp\/v2\/product_cat?post=2195"},{"taxonomy":"product_tag","embeddable":true,"href":"https:\/\/sbdapparel.lt\/en\/wp-json\/wp\/v2\/product_tag?post=2195"},{"taxonomy":"giftcard-category","embeddable":true,"href":"https:\/\/sbdapparel.lt\/en\/wp-json\/wp\/v2\/giftcard-category?post=2195"}],"curies":[{"name":"wp","href":"https:\/\/api.w.org\/{rel}","templated":true}]}}