{"id":2203,"date":"2024-11-10T15:42:54","date_gmt":"2024-11-10T15:42:54","guid":{"rendered":"https:\/\/sbdapparel.lt\/?post_type=product&#038;p=2203"},"modified":"2025-10-28T18:54:23","modified_gmt":"2025-10-28T15:54:23","slug":"oficialus-varzybu-kelio-bintai","status":"publish","type":"product","link":"https:\/\/sbdapparel.lt\/en\/product\/oficialus-varzybu-kelio-bintai\/","title":{"rendered":"SBD Competition Knee Wraps"},"content":{"rendered":"","protected":false},"excerpt":{"rendered":"<p>Made with patented elastics specially designed for SBD maximum squat. A track design woven into the wrap ensures a secure and tight wrap. Sold as a pair.<br \/>\nIPF approved with maximum width (8cm) and maximum length (2m) allowed in IPF competitions. For training and non-IPF competitions, a length of 2.5 m can be allocated.<br \/>\nPatented bandage design ensures secure and tight wrapping.<br \/>\nMaximum elongation when wrapping on knees..<br \/>\nHigh elastic strength for maximum support and bounce.<br \/>\nManufactured in Great Britain.<\/p>","protected":false},"featured_media":2207,"template":"","meta":[],"product_brand":[],"product_cat":[46,56],"product_tag":[],"giftcard-category":[],"class_list":{"0":"post-2203","1":"product","2":"type-product","3":"status-publish","4":"has-post-thumbnail","6":"product_cat-kelio-bintai","7":"product_cat-klasikine","10":"instock","11":"shipping-taxable","12":"purchasable","13":"product-type-variable","14":"product-grid-view"},"yoast_head":"<!-- This site is optimized with the Yoast SEO plugin v26.9 - https:\/\/yoast.com\/product\/yoast-seo-wordpress\/ -->\n<title>SBD VAR\u017dYBINIAI KELI\u0172 BINTAI - SBD Apparel LT<\/title>\n<meta name=\"robots\" content=\"index, follow, max-snippet:-1, max-image-preview:large, max-video-preview:-1\" \/>\n<link rel=\"canonical\" href=\"https:\/\/sbdapparel.lt\/en\/product\/oficialus-varzybu-kelio-bintai\/\" \/>\n<meta property=\"og:locale\" content=\"en_US\" \/>\n<meta property=\"og:type\" content=\"article\" \/>\n<meta property=\"og:title\" content=\"SBD VAR\u017dYBINIAI KELI\u0172 BINTAI - SBD Apparel LT\" \/>\n<meta property=\"og:description\" content=\"Pagaminta su patentuotomis tampr\u0117mis, specialiai sukurtomis SBD maksimaliam prit\u016bpimui. \u012e apvyniojim\u0105 \u012faustas takelio dizainas u\u017etikrina saug\u0173 ir sandar\u0173 apvyniojim\u0105.Parduodama kaip pora. IPF patvirtintas su maksimaliu plo\u010diu (8 cm) ir maksimaliu ilgiu (2 m), leid\u017eiamu IPF var\u017eybose. Treniruot\u0117ms ir ne IPF var\u017eyboms\u00a0 galima skirti 2,5 m ilgio. Patentuotas bint\u0173 dizainas u\u017etikrina saug\u0173 ir sandar\u0173 apvyniojim\u0105. Maksimalus pailg\u0117jimas vyniojant ant keli\u0173.. Didelis elastingumo stiprumas maksimaliai atramai ir at\u0161okimui. Pagaminta Did\u017eiojoje Britanijoje.\" \/>\n<meta property=\"og:url\" content=\"https:\/\/sbdapparel.lt\/en\/product\/oficialus-varzybu-kelio-bintai\/\" \/>\n<meta property=\"og:site_name\" content=\"SBD Apparel LT\" \/>\n<meta property=\"article:modified_time\" content=\"2025-10-28T15:54:23+00:00\" \/>\n<meta property=\"og:image\" content=\"https:\/\/sbdapparel.lt\/wp-content\/uploads\/2024\/11\/Screenshot_20220515-211422_Chrome-2.jpg\" \/>\n\t<meta property=\"og:image:width\" content=\"774\" \/>\n\t<meta property=\"og:image:height\" content=\"697\" \/>\n\t<meta property=\"og:image:type\" content=\"image\/jpeg\" \/>\n<meta name=\"twitter:card\" content=\"summary_large_image\" \/>\n<script type=\"application\/ld+json\" class=\"yoast-schema-graph\">{\"@context\":\"https:\/\/schema.org\",\"@graph\":[{\"@type\":\"WebPage\",\"@id\":\"https:\/\/sbdapparel.lt\/product\/oficialus-varzybu-kelio-bintai\/\",\"url\":\"https:\/\/sbdapparel.lt\/product\/oficialus-varzybu-kelio-bintai\/\",\"name\":\"SBD VAR\u017dYBINIAI KELI\u0172 BINTAI - SBD Apparel LT\",\"isPartOf\":{\"@id\":\"https:\/\/sbdapparel.lt\/#website\"},\"primaryImageOfPage\":{\"@id\":\"https:\/\/sbdapparel.lt\/product\/oficialus-varzybu-kelio-bintai\/#primaryimage\"},\"image\":{\"@id\":\"https:\/\/sbdapparel.lt\/product\/oficialus-varzybu-kelio-bintai\/#primaryimage\"},\"thumbnailUrl\":\"https:\/\/sbdapparel.lt\/wp-content\/uploads\/2024\/11\/Screenshot_20220515-211422_Chrome-2.jpg\",\"datePublished\":\"2024-11-10T15:42:54+00:00\",\"dateModified\":\"2025-10-28T15:54:23+00:00\",\"breadcrumb\":{\"@id\":\"https:\/\/sbdapparel.lt\/product\/oficialus-varzybu-kelio-bintai\/#breadcrumb\"},\"inLanguage\":\"en-US\",\"potentialAction\":[{\"@type\":\"ReadAction\",\"target\":[\"https:\/\/sbdapparel.lt\/product\/oficialus-varzybu-kelio-bintai\/\"]}]},{\"@type\":\"ImageObject\",\"inLanguage\":\"en-US\",\"@id\":\"https:\/\/sbdapparel.lt\/product\/oficialus-varzybu-kelio-bintai\/#primaryimage\",\"url\":\"https:\/\/sbdapparel.lt\/wp-content\/uploads\/2024\/11\/Screenshot_20220515-211422_Chrome-2.jpg\",\"contentUrl\":\"https:\/\/sbdapparel.lt\/wp-content\/uploads\/2024\/11\/Screenshot_20220515-211422_Chrome-2.jpg\",\"width\":774,\"height\":697},{\"@type\":\"BreadcrumbList\",\"@id\":\"https:\/\/sbdapparel.lt\/product\/oficialus-varzybu-kelio-bintai\/#breadcrumb\",\"itemListElement\":[{\"@type\":\"ListItem\",\"position\":1,\"name\":\"Home\",\"item\":\"https:\/\/sbdapparel.lt\/\"},{\"@type\":\"ListItem\",\"position\":2,\"name\":\"Produktai\",\"item\":\"https:\/\/sbdapparel.lt\/shop\/\"},{\"@type\":\"ListItem\",\"position\":3,\"name\":\"SBD VAR\u017dYBINIAI KELI\u0172 BINTAI\"}]},{\"@type\":\"WebSite\",\"@id\":\"https:\/\/sbdapparel.lt\/#website\",\"url\":\"https:\/\/sbdapparel.lt\/\",\"name\":\"SBD Apparel LT\",\"description\":\"LIETUVA\",\"publisher\":{\"@id\":\"https:\/\/sbdapparel.lt\/#organization\"},\"potentialAction\":[{\"@type\":\"SearchAction\",\"target\":{\"@type\":\"EntryPoint\",\"urlTemplate\":\"https:\/\/sbdapparel.lt\/?s={search_term_string}\"},\"query-input\":{\"@type\":\"PropertyValueSpecification\",\"valueRequired\":true,\"valueName\":\"search_term_string\"}}],\"inLanguage\":\"en-US\"},{\"@type\":\"Organization\",\"@id\":\"https:\/\/sbdapparel.lt\/#organization\",\"name\":\"SBD Apparel LT\",\"url\":\"https:\/\/sbdapparel.lt\/\",\"logo\":{\"@type\":\"ImageObject\",\"inLanguage\":\"en-US\",\"@id\":\"https:\/\/sbdapparel.lt\/#\/schema\/logo\/image\/\",\"url\":\"https:\/\/sbdapparel.lt\/wp-content\/uploads\/2023\/07\/cropped-SBD_Identity_OnDark_RGB.png\",\"contentUrl\":\"https:\/\/sbdapparel.lt\/wp-content\/uploads\/2023\/07\/cropped-SBD_Identity_OnDark_RGB.png\",\"width\":1182,\"height\":515,\"caption\":\"SBD Apparel LT\"},\"image\":{\"@id\":\"https:\/\/sbdapparel.lt\/#\/schema\/logo\/image\/\"}}]}<\/script>\n<!-- \/ Yoast SEO plugin. -->","yoast_head_json":{"title":"SBD VAR\u017dYBINIAI KELI\u0172 BINTAI - SBD Apparel LT","robots":{"index":"index","follow":"follow","max-snippet":"max-snippet:-1","max-image-preview":"max-image-preview:large","max-video-preview":"max-video-preview:-1"},"canonical":"https:\/\/sbdapparel.lt\/en\/product\/oficialus-varzybu-kelio-bintai\/","og_locale":"en_US","og_type":"article","og_title":"SBD VAR\u017dYBINIAI KELI\u0172 BINTAI - SBD Apparel LT","og_description":"Pagaminta su patentuotomis tampr\u0117mis, specialiai sukurtomis SBD maksimaliam prit\u016bpimui. \u012e apvyniojim\u0105 \u012faustas takelio dizainas u\u017etikrina saug\u0173 ir sandar\u0173 apvyniojim\u0105.Parduodama kaip pora. IPF patvirtintas su maksimaliu plo\u010diu (8 cm) ir maksimaliu ilgiu (2 m), leid\u017eiamu IPF var\u017eybose. Treniruot\u0117ms ir ne IPF var\u017eyboms\u00a0 galima skirti 2,5 m ilgio. Patentuotas bint\u0173 dizainas u\u017etikrina saug\u0173 ir sandar\u0173 apvyniojim\u0105. Maksimalus pailg\u0117jimas vyniojant ant keli\u0173.. Didelis elastingumo stiprumas maksimaliai atramai ir at\u0161okimui. Pagaminta Did\u017eiojoje Britanijoje.","og_url":"https:\/\/sbdapparel.lt\/en\/product\/oficialus-varzybu-kelio-bintai\/","og_site_name":"SBD Apparel LT","article_modified_time":"2025-10-28T15:54:23+00:00","og_image":[{"width":774,"height":697,"url":"https:\/\/sbdapparel.lt\/wp-content\/uploads\/2024\/11\/Screenshot_20220515-211422_Chrome-2.jpg","type":"image\/jpeg"}],"twitter_card":"summary_large_image","schema":{"@context":"https:\/\/schema.org","@graph":[{"@type":"WebPage","@id":"https:\/\/sbdapparel.lt\/product\/oficialus-varzybu-kelio-bintai\/","url":"https:\/\/sbdapparel.lt\/product\/oficialus-varzybu-kelio-bintai\/","name":"SBD VAR\u017dYBINIAI KELI\u0172 BINTAI - SBD Apparel LT","isPartOf":{"@id":"https:\/\/sbdapparel.lt\/#website"},"primaryImageOfPage":{"@id":"https:\/\/sbdapparel.lt\/product\/oficialus-varzybu-kelio-bintai\/#primaryimage"},"image":{"@id":"https:\/\/sbdapparel.lt\/product\/oficialus-varzybu-kelio-bintai\/#primaryimage"},"thumbnailUrl":"https:\/\/sbdapparel.lt\/wp-content\/uploads\/2024\/11\/Screenshot_20220515-211422_Chrome-2.jpg","datePublished":"2024-11-10T15:42:54+00:00","dateModified":"2025-10-28T15:54:23+00:00","breadcrumb":{"@id":"https:\/\/sbdapparel.lt\/product\/oficialus-varzybu-kelio-bintai\/#breadcrumb"},"inLanguage":"en-US","potentialAction":[{"@type":"ReadAction","target":["https:\/\/sbdapparel.lt\/product\/oficialus-varzybu-kelio-bintai\/"]}]},{"@type":"ImageObject","inLanguage":"en-US","@id":"https:\/\/sbdapparel.lt\/product\/oficialus-varzybu-kelio-bintai\/#primaryimage","url":"https:\/\/sbdapparel.lt\/wp-content\/uploads\/2024\/11\/Screenshot_20220515-211422_Chrome-2.jpg","contentUrl":"https:\/\/sbdapparel.lt\/wp-content\/uploads\/2024\/11\/Screenshot_20220515-211422_Chrome-2.jpg","width":774,"height":697},{"@type":"BreadcrumbList","@id":"https:\/\/sbdapparel.lt\/product\/oficialus-varzybu-kelio-bintai\/#breadcrumb","itemListElement":[{"@type":"ListItem","position":1,"name":"Home","item":"https:\/\/sbdapparel.lt\/"},{"@type":"ListItem","position":2,"name":"Produktai","item":"https:\/\/sbdapparel.lt\/shop\/"},{"@type":"ListItem","position":3,"name":"SBD VAR\u017dYBINIAI KELI\u0172 BINTAI"}]},{"@type":"WebSite","@id":"https:\/\/sbdapparel.lt\/#website","url":"https:\/\/sbdapparel.lt\/","name":"SBD Apparel LT","description":"LIETUVA","publisher":{"@id":"https:\/\/sbdapparel.lt\/#organization"},"potentialAction":[{"@type":"SearchAction","target":{"@type":"EntryPoint","urlTemplate":"https:\/\/sbdapparel.lt\/?s={search_term_string}"},"query-input":{"@type":"PropertyValueSpecification","valueRequired":true,"valueName":"search_term_string"}}],"inLanguage":"en-US"},{"@type":"Organization","@id":"https:\/\/sbdapparel.lt\/#organization","name":"SBD Apparel LT","url":"https:\/\/sbdapparel.lt\/","logo":{"@type":"ImageObject","inLanguage":"en-US","@id":"https:\/\/sbdapparel.lt\/#\/schema\/logo\/image\/","url":"https:\/\/sbdapparel.lt\/wp-content\/uploads\/2023\/07\/cropped-SBD_Identity_OnDark_RGB.png","contentUrl":"https:\/\/sbdapparel.lt\/wp-content\/uploads\/2023\/07\/cropped-SBD_Identity_OnDark_RGB.png","width":1182,"height":515,"caption":"SBD Apparel LT"},"image":{"@id":"https:\/\/sbdapparel.lt\/#\/schema\/logo\/image\/"}}]}},"_links":{"self":[{"href":"https:\/\/sbdapparel.lt\/en\/wp-json\/wp\/v2\/product\/2203","targetHints":{"allow":["GET"]}}],"collection":[{"href":"https:\/\/sbdapparel.lt\/en\/wp-json\/wp\/v2\/product"}],"about":[{"href":"https:\/\/sbdapparel.lt\/en\/wp-json\/wp\/v2\/types\/product"}],"version-history":[{"count":3,"href":"https:\/\/sbdapparel.lt\/en\/wp-json\/wp\/v2\/product\/2203\/revisions"}],"predecessor-version":[{"id":4148,"href":"https:\/\/sbdapparel.lt\/en\/wp-json\/wp\/v2\/product\/2203\/revisions\/4148"}],"wp:featuredmedia":[{"embeddable":true,"href":"https:\/\/sbdapparel.lt\/en\/wp-json\/wp\/v2\/media\/2207"}],"wp:attachment":[{"href":"https:\/\/sbdapparel.lt\/en\/wp-json\/wp\/v2\/media?parent=2203"}],"wp:term":[{"taxonomy":"product_brand","embeddable":true,"href":"https:\/\/sbdapparel.lt\/en\/wp-json\/wp\/v2\/product_brand?post=2203"},{"taxonomy":"product_cat","embeddable":true,"href":"https:\/\/sbdapparel.lt\/en\/wp-json\/wp\/v2\/product_cat?post=2203"},{"taxonomy":"product_tag","embeddable":true,"href":"https:\/\/sbdapparel.lt\/en\/wp-json\/wp\/v2\/product_tag?post=2203"},{"taxonomy":"giftcard-category","embeddable":true,"href":"https:\/\/sbdapparel.lt\/en\/wp-json\/wp\/v2\/giftcard-category?post=2203"}],"curies":[{"name":"wp","href":"https:\/\/api.w.org\/{rel}","templated":true}]}}