{"id":2306,"date":"2024-11-10T18:30:48","date_gmt":"2024-11-10T18:30:48","guid":{"rendered":"https:\/\/sbdapparel.lt\/?post_type=product&#038;p=2306"},"modified":"2026-02-11T20:36:53","modified_gmt":"2026-02-11T17:36:53","slug":"oficialios-sbd-mirties-traukos-kojines-2020","status":"publish","type":"product","link":"https:\/\/sbdapparel.lt\/en\/product\/oficialios-sbd-mirties-traukos-kojines-2020\/","title":{"rendered":"SBD CLASSIC DEADLIFT SOCKS 2020"},"content":{"rendered":"","protected":false},"excerpt":{"rendered":"<p>Premium long socks to cover the shin for pulling movements.<br \/>\nManufactured with a tight knit from a durable synthetic fibre, to protect the shins and minimise any catching on the bar.<br \/>\nBreathable construction with venting in the foot.<br \/>\nSuitable for training and competition use.<br \/>\nManufactured in Great Britain.<\/p>","protected":false},"featured_media":2313,"template":"","meta":[],"product_brand":[],"product_cat":[54,56,51],"product_tag":[],"giftcard-category":[],"class_list":{"0":"post-2306","1":"product","2":"type-product","3":"status-publish","4":"has-post-thumbnail","6":"product_cat-drabuziai","7":"product_cat-klasikine","8":"product_cat-kojines","11":"instock","12":"shipping-taxable","13":"purchasable","14":"product-type-variable","15":"product-grid-view"},"yoast_head":"<!-- This site is optimized with the Yoast SEO plugin v26.9 - https:\/\/yoast.com\/product\/yoast-seo-wordpress\/ -->\n<title>SBD DEADLIFT KOJIN\u0116S 2020 - SBD Apparel LT<\/title>\n<meta name=\"robots\" content=\"index, follow, max-snippet:-1, max-image-preview:large, max-video-preview:-1\" \/>\n<link rel=\"canonical\" href=\"https:\/\/sbdapparel.lt\/en\/product\/oficialios-sbd-mirties-traukos-kojines-2020\/\" \/>\n<meta property=\"og:locale\" content=\"en_US\" \/>\n<meta property=\"og:type\" content=\"article\" \/>\n<meta property=\"og:title\" content=\"SBD DEADLIFT KOJIN\u0116S 2020 - SBD Apparel LT\" \/>\n<meta property=\"og:description\" content=\"Auk\u0161\u010diausios kokyb\u0117s ilgos kojin\u0117s, skirtos u\u017edengti blauzd\u0105 traukiantiems judesiams. Pagaminta i\u0161 tvirto megzto ir patvaraus sintetinio pluo\u0161to, kad apsaugot\u0173 blauzdas ir suma\u017eint\u0173 bet kok\u012f \u0161tangos grifo\u00a0 u\u017estrigim\u0105. Kv\u0117puojanti konstrukcija su ventiliacija p\u0117doje. Tinka treniruot\u0117ms ir var\u017eyboms. Pagaminta Did\u017eiojoje Britanijoje.\" \/>\n<meta property=\"og:url\" content=\"https:\/\/sbdapparel.lt\/en\/product\/oficialios-sbd-mirties-traukos-kojines-2020\/\" \/>\n<meta property=\"og:site_name\" content=\"SBD Apparel LT\" \/>\n<meta property=\"article:modified_time\" content=\"2026-02-11T17:36:53+00:00\" \/>\n<meta property=\"og:image\" content=\"http:\/\/sbdapparel.lt\/wp-content\/uploads\/2024\/11\/Socks-Trio-Technical-01.png\" \/>\n\t<meta property=\"og:image:width\" content=\"600\" \/>\n\t<meta property=\"og:image:height\" content=\"600\" \/>\n\t<meta property=\"og:image:type\" content=\"image\/png\" \/>\n<meta name=\"twitter:card\" content=\"summary_large_image\" \/>\n<meta name=\"twitter:label1\" content=\"Est. reading time\" \/>\n\t<meta name=\"twitter:data1\" content=\"1 minute\" \/>\n<script type=\"application\/ld+json\" class=\"yoast-schema-graph\">{\"@context\":\"https:\/\/schema.org\",\"@graph\":[{\"@type\":\"WebPage\",\"@id\":\"https:\/\/sbdapparel.lt\/product\/oficialios-sbd-mirties-traukos-kojines-2020\/\",\"url\":\"https:\/\/sbdapparel.lt\/product\/oficialios-sbd-mirties-traukos-kojines-2020\/\",\"name\":\"SBD DEADLIFT KOJIN\u0116S 2020 - SBD Apparel LT\",\"isPartOf\":{\"@id\":\"https:\/\/sbdapparel.lt\/#website\"},\"primaryImageOfPage\":{\"@id\":\"https:\/\/sbdapparel.lt\/product\/oficialios-sbd-mirties-traukos-kojines-2020\/#primaryimage\"},\"image\":{\"@id\":\"https:\/\/sbdapparel.lt\/product\/oficialios-sbd-mirties-traukos-kojines-2020\/#primaryimage\"},\"thumbnailUrl\":\"https:\/\/sbdapparel.lt\/wp-content\/uploads\/2024\/11\/Socks-Trio-Technical-01.png\",\"datePublished\":\"2024-11-10T18:30:48+00:00\",\"dateModified\":\"2026-02-11T17:36:53+00:00\",\"breadcrumb\":{\"@id\":\"https:\/\/sbdapparel.lt\/product\/oficialios-sbd-mirties-traukos-kojines-2020\/#breadcrumb\"},\"inLanguage\":\"en-US\",\"potentialAction\":[{\"@type\":\"ReadAction\",\"target\":[\"https:\/\/sbdapparel.lt\/product\/oficialios-sbd-mirties-traukos-kojines-2020\/\"]}]},{\"@type\":\"ImageObject\",\"inLanguage\":\"en-US\",\"@id\":\"https:\/\/sbdapparel.lt\/product\/oficialios-sbd-mirties-traukos-kojines-2020\/#primaryimage\",\"url\":\"https:\/\/sbdapparel.lt\/wp-content\/uploads\/2024\/11\/Socks-Trio-Technical-01.png\",\"contentUrl\":\"https:\/\/sbdapparel.lt\/wp-content\/uploads\/2024\/11\/Socks-Trio-Technical-01.png\",\"width\":600,\"height\":600},{\"@type\":\"BreadcrumbList\",\"@id\":\"https:\/\/sbdapparel.lt\/product\/oficialios-sbd-mirties-traukos-kojines-2020\/#breadcrumb\",\"itemListElement\":[{\"@type\":\"ListItem\",\"position\":1,\"name\":\"Home\",\"item\":\"https:\/\/sbdapparel.lt\/\"},{\"@type\":\"ListItem\",\"position\":2,\"name\":\"Produktai\",\"item\":\"https:\/\/sbdapparel.lt\/shop\/\"},{\"@type\":\"ListItem\",\"position\":3,\"name\":\"SBD DEADLIFT KOJIN\u0116S 2020\"}]},{\"@type\":\"WebSite\",\"@id\":\"https:\/\/sbdapparel.lt\/#website\",\"url\":\"https:\/\/sbdapparel.lt\/\",\"name\":\"SBD Apparel LT\",\"description\":\"LIETUVA\",\"publisher\":{\"@id\":\"https:\/\/sbdapparel.lt\/#organization\"},\"potentialAction\":[{\"@type\":\"SearchAction\",\"target\":{\"@type\":\"EntryPoint\",\"urlTemplate\":\"https:\/\/sbdapparel.lt\/?s={search_term_string}\"},\"query-input\":{\"@type\":\"PropertyValueSpecification\",\"valueRequired\":true,\"valueName\":\"search_term_string\"}}],\"inLanguage\":\"en-US\"},{\"@type\":\"Organization\",\"@id\":\"https:\/\/sbdapparel.lt\/#organization\",\"name\":\"SBD Apparel LT\",\"url\":\"https:\/\/sbdapparel.lt\/\",\"logo\":{\"@type\":\"ImageObject\",\"inLanguage\":\"en-US\",\"@id\":\"https:\/\/sbdapparel.lt\/#\/schema\/logo\/image\/\",\"url\":\"https:\/\/sbdapparel.lt\/wp-content\/uploads\/2023\/07\/cropped-SBD_Identity_OnDark_RGB.png\",\"contentUrl\":\"https:\/\/sbdapparel.lt\/wp-content\/uploads\/2023\/07\/cropped-SBD_Identity_OnDark_RGB.png\",\"width\":1182,\"height\":515,\"caption\":\"SBD Apparel LT\"},\"image\":{\"@id\":\"https:\/\/sbdapparel.lt\/#\/schema\/logo\/image\/\"}}]}<\/script>\n<!-- \/ Yoast SEO plugin. -->","yoast_head_json":{"title":"SBD DEADLIFT KOJIN\u0116S 2020 - SBD Apparel LT","robots":{"index":"index","follow":"follow","max-snippet":"max-snippet:-1","max-image-preview":"max-image-preview:large","max-video-preview":"max-video-preview:-1"},"canonical":"https:\/\/sbdapparel.lt\/en\/product\/oficialios-sbd-mirties-traukos-kojines-2020\/","og_locale":"en_US","og_type":"article","og_title":"SBD DEADLIFT KOJIN\u0116S 2020 - SBD Apparel LT","og_description":"Auk\u0161\u010diausios kokyb\u0117s ilgos kojin\u0117s, skirtos u\u017edengti blauzd\u0105 traukiantiems judesiams. Pagaminta i\u0161 tvirto megzto ir patvaraus sintetinio pluo\u0161to, kad apsaugot\u0173 blauzdas ir suma\u017eint\u0173 bet kok\u012f \u0161tangos grifo\u00a0 u\u017estrigim\u0105. Kv\u0117puojanti konstrukcija su ventiliacija p\u0117doje. Tinka treniruot\u0117ms ir var\u017eyboms. Pagaminta Did\u017eiojoje Britanijoje.","og_url":"https:\/\/sbdapparel.lt\/en\/product\/oficialios-sbd-mirties-traukos-kojines-2020\/","og_site_name":"SBD Apparel LT","article_modified_time":"2026-02-11T17:36:53+00:00","og_image":[{"width":600,"height":600,"url":"http:\/\/sbdapparel.lt\/wp-content\/uploads\/2024\/11\/Socks-Trio-Technical-01.png","type":"image\/png"}],"twitter_card":"summary_large_image","twitter_misc":{"Est. reading time":"1 minute"},"schema":{"@context":"https:\/\/schema.org","@graph":[{"@type":"WebPage","@id":"https:\/\/sbdapparel.lt\/product\/oficialios-sbd-mirties-traukos-kojines-2020\/","url":"https:\/\/sbdapparel.lt\/product\/oficialios-sbd-mirties-traukos-kojines-2020\/","name":"SBD DEADLIFT KOJIN\u0116S 2020 - SBD Apparel LT","isPartOf":{"@id":"https:\/\/sbdapparel.lt\/#website"},"primaryImageOfPage":{"@id":"https:\/\/sbdapparel.lt\/product\/oficialios-sbd-mirties-traukos-kojines-2020\/#primaryimage"},"image":{"@id":"https:\/\/sbdapparel.lt\/product\/oficialios-sbd-mirties-traukos-kojines-2020\/#primaryimage"},"thumbnailUrl":"https:\/\/sbdapparel.lt\/wp-content\/uploads\/2024\/11\/Socks-Trio-Technical-01.png","datePublished":"2024-11-10T18:30:48+00:00","dateModified":"2026-02-11T17:36:53+00:00","breadcrumb":{"@id":"https:\/\/sbdapparel.lt\/product\/oficialios-sbd-mirties-traukos-kojines-2020\/#breadcrumb"},"inLanguage":"en-US","potentialAction":[{"@type":"ReadAction","target":["https:\/\/sbdapparel.lt\/product\/oficialios-sbd-mirties-traukos-kojines-2020\/"]}]},{"@type":"ImageObject","inLanguage":"en-US","@id":"https:\/\/sbdapparel.lt\/product\/oficialios-sbd-mirties-traukos-kojines-2020\/#primaryimage","url":"https:\/\/sbdapparel.lt\/wp-content\/uploads\/2024\/11\/Socks-Trio-Technical-01.png","contentUrl":"https:\/\/sbdapparel.lt\/wp-content\/uploads\/2024\/11\/Socks-Trio-Technical-01.png","width":600,"height":600},{"@type":"BreadcrumbList","@id":"https:\/\/sbdapparel.lt\/product\/oficialios-sbd-mirties-traukos-kojines-2020\/#breadcrumb","itemListElement":[{"@type":"ListItem","position":1,"name":"Home","item":"https:\/\/sbdapparel.lt\/"},{"@type":"ListItem","position":2,"name":"Produktai","item":"https:\/\/sbdapparel.lt\/shop\/"},{"@type":"ListItem","position":3,"name":"SBD DEADLIFT KOJIN\u0116S 2020"}]},{"@type":"WebSite","@id":"https:\/\/sbdapparel.lt\/#website","url":"https:\/\/sbdapparel.lt\/","name":"SBD Apparel LT","description":"LIETUVA","publisher":{"@id":"https:\/\/sbdapparel.lt\/#organization"},"potentialAction":[{"@type":"SearchAction","target":{"@type":"EntryPoint","urlTemplate":"https:\/\/sbdapparel.lt\/?s={search_term_string}"},"query-input":{"@type":"PropertyValueSpecification","valueRequired":true,"valueName":"search_term_string"}}],"inLanguage":"en-US"},{"@type":"Organization","@id":"https:\/\/sbdapparel.lt\/#organization","name":"SBD Apparel LT","url":"https:\/\/sbdapparel.lt\/","logo":{"@type":"ImageObject","inLanguage":"en-US","@id":"https:\/\/sbdapparel.lt\/#\/schema\/logo\/image\/","url":"https:\/\/sbdapparel.lt\/wp-content\/uploads\/2023\/07\/cropped-SBD_Identity_OnDark_RGB.png","contentUrl":"https:\/\/sbdapparel.lt\/wp-content\/uploads\/2023\/07\/cropped-SBD_Identity_OnDark_RGB.png","width":1182,"height":515,"caption":"SBD Apparel LT"},"image":{"@id":"https:\/\/sbdapparel.lt\/#\/schema\/logo\/image\/"}}]}},"_links":{"self":[{"href":"https:\/\/sbdapparel.lt\/en\/wp-json\/wp\/v2\/product\/2306","targetHints":{"allow":["GET"]}}],"collection":[{"href":"https:\/\/sbdapparel.lt\/en\/wp-json\/wp\/v2\/product"}],"about":[{"href":"https:\/\/sbdapparel.lt\/en\/wp-json\/wp\/v2\/types\/product"}],"version-history":[{"count":4,"href":"https:\/\/sbdapparel.lt\/en\/wp-json\/wp\/v2\/product\/2306\/revisions"}],"predecessor-version":[{"id":4136,"href":"https:\/\/sbdapparel.lt\/en\/wp-json\/wp\/v2\/product\/2306\/revisions\/4136"}],"wp:featuredmedia":[{"embeddable":true,"href":"https:\/\/sbdapparel.lt\/en\/wp-json\/wp\/v2\/media\/2313"}],"wp:attachment":[{"href":"https:\/\/sbdapparel.lt\/en\/wp-json\/wp\/v2\/media?parent=2306"}],"wp:term":[{"taxonomy":"product_brand","embeddable":true,"href":"https:\/\/sbdapparel.lt\/en\/wp-json\/wp\/v2\/product_brand?post=2306"},{"taxonomy":"product_cat","embeddable":true,"href":"https:\/\/sbdapparel.lt\/en\/wp-json\/wp\/v2\/product_cat?post=2306"},{"taxonomy":"product_tag","embeddable":true,"href":"https:\/\/sbdapparel.lt\/en\/wp-json\/wp\/v2\/product_tag?post=2306"},{"taxonomy":"giftcard-category","embeddable":true,"href":"https:\/\/sbdapparel.lt\/en\/wp-json\/wp\/v2\/giftcard-category?post=2306"}],"curies":[{"name":"wp","href":"https:\/\/api.w.org\/{rel}","templated":true}]}}