{"id":2335,"date":"2024-11-10T18:34:18","date_gmt":"2024-11-10T18:34:18","guid":{"rendered":"https:\/\/sbdapparel.lt\/?post_type=product&#038;p=2335"},"modified":"2026-03-13T13:20:31","modified_gmt":"2026-03-13T10:20:31","slug":"momentum-mirties-traukos-kojines","status":"publish","type":"product","link":"https:\/\/sbdapparel.lt\/en\/product\/momentum-mirties-traukos-kojines\/","title":{"rendered":"Momentum Deadlift Socks"},"content":{"rendered":"","protected":false},"excerpt":{"rendered":"<p>Premium sports socks, suitable for training, competition, and day-to-day wear.<\/p>\n<p>Knitted in Great Britain, each of our socks is a bespoke product designed with strength training in mind, from form to function.<\/p>\n<p>Momentum is a limited edition collection, offering the same performance and manufactured to the same high standards as our classic product line.<\/p>\n<p>Increased lateral stretch in the calf.<br \/>\nTight-knit fabric to minimise catching on the bar.<br \/>\nRibbed sole for traction within the shoe.<br \/>\nSold as a pair.<br \/>\nManufactured in Great Britain.<\/p>","protected":false},"featured_media":2341,"template":"","meta":[],"product_brand":[],"product_cat":[54,51,57],"product_tag":[],"giftcard-category":[],"class_list":{"0":"post-2335","1":"product","2":"type-product","3":"status-publish","4":"has-post-thumbnail","6":"product_cat-drabuziai","7":"product_cat-kojines","8":"product_cat-momentum","11":"instock","12":"shipping-taxable","13":"purchasable","14":"product-type-variable","15":"product-grid-view"},"yoast_head":"<!-- This site is optimized with the Yoast SEO plugin v26.9 - https:\/\/yoast.com\/product\/yoast-seo-wordpress\/ -->\n<title>MOMENTUM DEADLIFT KOJIN\u0116S - SBD Apparel LT<\/title>\n<meta name=\"robots\" content=\"index, follow, max-snippet:-1, max-image-preview:large, max-video-preview:-1\" \/>\n<link rel=\"canonical\" href=\"https:\/\/sbdapparel.lt\/en\/product\/momentum-mirties-traukos-kojines\/\" \/>\n<meta property=\"og:locale\" content=\"en_US\" \/>\n<meta property=\"og:type\" content=\"article\" \/>\n<meta property=\"og:title\" content=\"MOMENTUM DEADLIFT KOJIN\u0116S - SBD Apparel LT\" \/>\n<meta property=\"og:description\" content=\"Auk\u0161\u010diausios kokyb\u0117s ilgos kojin\u0117s, skirtos u\u017edengti blauzd\u0105 tempimo judesi\u0173 metu, skirtos u\u017edengti blauzd\u0105 be varstymo. Aptemptas audinys suma\u017eina pasiprie\u0161inim\u0105, o dvigubai megztas priekinis skydelis apsaugo blauzdas traukiant.  Visos m\u016bs\u0173 kojin\u0117s, megztos Did\u017eiojoje Britanijoje, yra pagal u\u017esakym\u0105 pagamintas gaminys, sukurtas atsi\u017evelgiant \u012f j\u0117gos lavinim\u0105, nuo formos iki funkcijos.  \u201eMomentum\u201c yra riboto leidimo kolekcija, pasi\u017eyminti tokiomis pat savyb\u0117mis ir pagaminta pagal tokius pa\u010dius auk\u0161tus standartus kaip ir m\u016bs\u0173 klasikin\u0117 produkt\u0173 linija.  Padid\u0117j\u0119s \u0161oninis blauzdos tempimas. Tvirtai megztas audinys, kad kuo ma\u017eiau u\u017eklimpt\u0173 strypas. Briaunuotas padas, u\u017etikrinantis sukibim\u0105 bat\u0173 viduje. Parduodama kaip pora. Pagaminta Did\u017eiojoje Britanijoje.\" \/>\n<meta property=\"og:url\" content=\"https:\/\/sbdapparel.lt\/en\/product\/momentum-mirties-traukos-kojines\/\" \/>\n<meta property=\"og:site_name\" content=\"SBD Apparel LT\" \/>\n<meta property=\"article:modified_time\" content=\"2026-03-13T10:20:31+00:00\" \/>\n<meta property=\"og:image\" content=\"https:\/\/sbdapparel.lt\/wp-content\/uploads\/2024\/11\/MOMENTUM-DEADLIFT-SOCK-01.jpg\" \/>\n\t<meta property=\"og:image:width\" content=\"1080\" \/>\n\t<meta property=\"og:image:height\" content=\"1080\" \/>\n\t<meta property=\"og:image:type\" content=\"image\/jpeg\" \/>\n<meta name=\"twitter:card\" content=\"summary_large_image\" \/>\n<script type=\"application\/ld+json\" class=\"yoast-schema-graph\">{\"@context\":\"https:\/\/schema.org\",\"@graph\":[{\"@type\":\"WebPage\",\"@id\":\"https:\/\/sbdapparel.lt\/product\/momentum-mirties-traukos-kojines\/\",\"url\":\"https:\/\/sbdapparel.lt\/product\/momentum-mirties-traukos-kojines\/\",\"name\":\"MOMENTUM DEADLIFT KOJIN\u0116S - SBD Apparel LT\",\"isPartOf\":{\"@id\":\"https:\/\/sbdapparel.lt\/#website\"},\"primaryImageOfPage\":{\"@id\":\"https:\/\/sbdapparel.lt\/product\/momentum-mirties-traukos-kojines\/#primaryimage\"},\"image\":{\"@id\":\"https:\/\/sbdapparel.lt\/product\/momentum-mirties-traukos-kojines\/#primaryimage\"},\"thumbnailUrl\":\"https:\/\/sbdapparel.lt\/wp-content\/uploads\/2024\/11\/MOMENTUM-DEADLIFT-SOCK-01.jpg\",\"datePublished\":\"2024-11-10T18:34:18+00:00\",\"dateModified\":\"2026-03-13T10:20:31+00:00\",\"breadcrumb\":{\"@id\":\"https:\/\/sbdapparel.lt\/product\/momentum-mirties-traukos-kojines\/#breadcrumb\"},\"inLanguage\":\"en-US\",\"potentialAction\":[{\"@type\":\"ReadAction\",\"target\":[\"https:\/\/sbdapparel.lt\/product\/momentum-mirties-traukos-kojines\/\"]}]},{\"@type\":\"ImageObject\",\"inLanguage\":\"en-US\",\"@id\":\"https:\/\/sbdapparel.lt\/product\/momentum-mirties-traukos-kojines\/#primaryimage\",\"url\":\"https:\/\/sbdapparel.lt\/wp-content\/uploads\/2024\/11\/MOMENTUM-DEADLIFT-SOCK-01.jpg\",\"contentUrl\":\"https:\/\/sbdapparel.lt\/wp-content\/uploads\/2024\/11\/MOMENTUM-DEADLIFT-SOCK-01.jpg\",\"width\":1080,\"height\":1080},{\"@type\":\"BreadcrumbList\",\"@id\":\"https:\/\/sbdapparel.lt\/product\/momentum-mirties-traukos-kojines\/#breadcrumb\",\"itemListElement\":[{\"@type\":\"ListItem\",\"position\":1,\"name\":\"Home\",\"item\":\"https:\/\/sbdapparel.lt\/\"},{\"@type\":\"ListItem\",\"position\":2,\"name\":\"Produktai\",\"item\":\"https:\/\/sbdapparel.lt\/shop\/\"},{\"@type\":\"ListItem\",\"position\":3,\"name\":\"MOMENTUM DEADLIFT KOJIN\u0116S\"}]},{\"@type\":\"WebSite\",\"@id\":\"https:\/\/sbdapparel.lt\/#website\",\"url\":\"https:\/\/sbdapparel.lt\/\",\"name\":\"SBD Apparel LT\",\"description\":\"LIETUVA\",\"publisher\":{\"@id\":\"https:\/\/sbdapparel.lt\/#organization\"},\"potentialAction\":[{\"@type\":\"SearchAction\",\"target\":{\"@type\":\"EntryPoint\",\"urlTemplate\":\"https:\/\/sbdapparel.lt\/?s={search_term_string}\"},\"query-input\":{\"@type\":\"PropertyValueSpecification\",\"valueRequired\":true,\"valueName\":\"search_term_string\"}}],\"inLanguage\":\"en-US\"},{\"@type\":\"Organization\",\"@id\":\"https:\/\/sbdapparel.lt\/#organization\",\"name\":\"SBD Apparel LT\",\"url\":\"https:\/\/sbdapparel.lt\/\",\"logo\":{\"@type\":\"ImageObject\",\"inLanguage\":\"en-US\",\"@id\":\"https:\/\/sbdapparel.lt\/#\/schema\/logo\/image\/\",\"url\":\"https:\/\/sbdapparel.lt\/wp-content\/uploads\/2023\/07\/cropped-SBD_Identity_OnDark_RGB.png\",\"contentUrl\":\"https:\/\/sbdapparel.lt\/wp-content\/uploads\/2023\/07\/cropped-SBD_Identity_OnDark_RGB.png\",\"width\":1182,\"height\":515,\"caption\":\"SBD Apparel LT\"},\"image\":{\"@id\":\"https:\/\/sbdapparel.lt\/#\/schema\/logo\/image\/\"}}]}<\/script>\n<!-- \/ Yoast SEO plugin. -->","yoast_head_json":{"title":"MOMENTUM DEADLIFT KOJIN\u0116S - SBD Apparel LT","robots":{"index":"index","follow":"follow","max-snippet":"max-snippet:-1","max-image-preview":"max-image-preview:large","max-video-preview":"max-video-preview:-1"},"canonical":"https:\/\/sbdapparel.lt\/en\/product\/momentum-mirties-traukos-kojines\/","og_locale":"en_US","og_type":"article","og_title":"MOMENTUM DEADLIFT KOJIN\u0116S - SBD Apparel LT","og_description":"Auk\u0161\u010diausios kokyb\u0117s ilgos kojin\u0117s, skirtos u\u017edengti blauzd\u0105 tempimo judesi\u0173 metu, skirtos u\u017edengti blauzd\u0105 be varstymo. Aptemptas audinys suma\u017eina pasiprie\u0161inim\u0105, o dvigubai megztas priekinis skydelis apsaugo blauzdas traukiant.  Visos m\u016bs\u0173 kojin\u0117s, megztos Did\u017eiojoje Britanijoje, yra pagal u\u017esakym\u0105 pagamintas gaminys, sukurtas atsi\u017evelgiant \u012f j\u0117gos lavinim\u0105, nuo formos iki funkcijos.  \u201eMomentum\u201c yra riboto leidimo kolekcija, pasi\u017eyminti tokiomis pat savyb\u0117mis ir pagaminta pagal tokius pa\u010dius auk\u0161tus standartus kaip ir m\u016bs\u0173 klasikin\u0117 produkt\u0173 linija.  Padid\u0117j\u0119s \u0161oninis blauzdos tempimas. Tvirtai megztas audinys, kad kuo ma\u017eiau u\u017eklimpt\u0173 strypas. Briaunuotas padas, u\u017etikrinantis sukibim\u0105 bat\u0173 viduje. Parduodama kaip pora. Pagaminta Did\u017eiojoje Britanijoje.","og_url":"https:\/\/sbdapparel.lt\/en\/product\/momentum-mirties-traukos-kojines\/","og_site_name":"SBD Apparel LT","article_modified_time":"2026-03-13T10:20:31+00:00","og_image":[{"width":1080,"height":1080,"url":"https:\/\/sbdapparel.lt\/wp-content\/uploads\/2024\/11\/MOMENTUM-DEADLIFT-SOCK-01.jpg","type":"image\/jpeg"}],"twitter_card":"summary_large_image","schema":{"@context":"https:\/\/schema.org","@graph":[{"@type":"WebPage","@id":"https:\/\/sbdapparel.lt\/product\/momentum-mirties-traukos-kojines\/","url":"https:\/\/sbdapparel.lt\/product\/momentum-mirties-traukos-kojines\/","name":"MOMENTUM DEADLIFT KOJIN\u0116S - SBD Apparel LT","isPartOf":{"@id":"https:\/\/sbdapparel.lt\/#website"},"primaryImageOfPage":{"@id":"https:\/\/sbdapparel.lt\/product\/momentum-mirties-traukos-kojines\/#primaryimage"},"image":{"@id":"https:\/\/sbdapparel.lt\/product\/momentum-mirties-traukos-kojines\/#primaryimage"},"thumbnailUrl":"https:\/\/sbdapparel.lt\/wp-content\/uploads\/2024\/11\/MOMENTUM-DEADLIFT-SOCK-01.jpg","datePublished":"2024-11-10T18:34:18+00:00","dateModified":"2026-03-13T10:20:31+00:00","breadcrumb":{"@id":"https:\/\/sbdapparel.lt\/product\/momentum-mirties-traukos-kojines\/#breadcrumb"},"inLanguage":"en-US","potentialAction":[{"@type":"ReadAction","target":["https:\/\/sbdapparel.lt\/product\/momentum-mirties-traukos-kojines\/"]}]},{"@type":"ImageObject","inLanguage":"en-US","@id":"https:\/\/sbdapparel.lt\/product\/momentum-mirties-traukos-kojines\/#primaryimage","url":"https:\/\/sbdapparel.lt\/wp-content\/uploads\/2024\/11\/MOMENTUM-DEADLIFT-SOCK-01.jpg","contentUrl":"https:\/\/sbdapparel.lt\/wp-content\/uploads\/2024\/11\/MOMENTUM-DEADLIFT-SOCK-01.jpg","width":1080,"height":1080},{"@type":"BreadcrumbList","@id":"https:\/\/sbdapparel.lt\/product\/momentum-mirties-traukos-kojines\/#breadcrumb","itemListElement":[{"@type":"ListItem","position":1,"name":"Home","item":"https:\/\/sbdapparel.lt\/"},{"@type":"ListItem","position":2,"name":"Produktai","item":"https:\/\/sbdapparel.lt\/shop\/"},{"@type":"ListItem","position":3,"name":"MOMENTUM DEADLIFT KOJIN\u0116S"}]},{"@type":"WebSite","@id":"https:\/\/sbdapparel.lt\/#website","url":"https:\/\/sbdapparel.lt\/","name":"SBD Apparel LT","description":"LIETUVA","publisher":{"@id":"https:\/\/sbdapparel.lt\/#organization"},"potentialAction":[{"@type":"SearchAction","target":{"@type":"EntryPoint","urlTemplate":"https:\/\/sbdapparel.lt\/?s={search_term_string}"},"query-input":{"@type":"PropertyValueSpecification","valueRequired":true,"valueName":"search_term_string"}}],"inLanguage":"en-US"},{"@type":"Organization","@id":"https:\/\/sbdapparel.lt\/#organization","name":"SBD Apparel LT","url":"https:\/\/sbdapparel.lt\/","logo":{"@type":"ImageObject","inLanguage":"en-US","@id":"https:\/\/sbdapparel.lt\/#\/schema\/logo\/image\/","url":"https:\/\/sbdapparel.lt\/wp-content\/uploads\/2023\/07\/cropped-SBD_Identity_OnDark_RGB.png","contentUrl":"https:\/\/sbdapparel.lt\/wp-content\/uploads\/2023\/07\/cropped-SBD_Identity_OnDark_RGB.png","width":1182,"height":515,"caption":"SBD Apparel LT"},"image":{"@id":"https:\/\/sbdapparel.lt\/#\/schema\/logo\/image\/"}}]}},"_links":{"self":[{"href":"https:\/\/sbdapparel.lt\/en\/wp-json\/wp\/v2\/product\/2335","targetHints":{"allow":["GET"]}}],"collection":[{"href":"https:\/\/sbdapparel.lt\/en\/wp-json\/wp\/v2\/product"}],"about":[{"href":"https:\/\/sbdapparel.lt\/en\/wp-json\/wp\/v2\/types\/product"}],"version-history":[{"count":3,"href":"https:\/\/sbdapparel.lt\/en\/wp-json\/wp\/v2\/product\/2335\/revisions"}],"predecessor-version":[{"id":4328,"href":"https:\/\/sbdapparel.lt\/en\/wp-json\/wp\/v2\/product\/2335\/revisions\/4328"}],"wp:featuredmedia":[{"embeddable":true,"href":"https:\/\/sbdapparel.lt\/en\/wp-json\/wp\/v2\/media\/2341"}],"wp:attachment":[{"href":"https:\/\/sbdapparel.lt\/en\/wp-json\/wp\/v2\/media?parent=2335"}],"wp:term":[{"taxonomy":"product_brand","embeddable":true,"href":"https:\/\/sbdapparel.lt\/en\/wp-json\/wp\/v2\/product_brand?post=2335"},{"taxonomy":"product_cat","embeddable":true,"href":"https:\/\/sbdapparel.lt\/en\/wp-json\/wp\/v2\/product_cat?post=2335"},{"taxonomy":"product_tag","embeddable":true,"href":"https:\/\/sbdapparel.lt\/en\/wp-json\/wp\/v2\/product_tag?post=2335"},{"taxonomy":"giftcard-category","embeddable":true,"href":"https:\/\/sbdapparel.lt\/en\/wp-json\/wp\/v2\/giftcard-category?post=2335"}],"curies":[{"name":"wp","href":"https:\/\/api.w.org\/{rel}","templated":true}]}}