{"id":2345,"date":"2024-11-10T18:42:50","date_gmt":"2024-11-10T18:42:50","guid":{"rendered":"https:\/\/sbdapparel.lt\/?post_type=product&#038;p=2345"},"modified":"2026-03-13T13:19:14","modified_gmt":"2026-03-13T10:19:14","slug":"reflect-mirties-traukos-kojines","status":"publish","type":"product","link":"https:\/\/sbdapparel.lt\/en\/product\/reflect-mirties-traukos-kojines\/","title":{"rendered":"REFLECT DEADLIFT SOCKS"},"content":{"rendered":"","protected":false},"excerpt":{"rendered":"<p>Manufactured in Great Britain.<br \/>\nPremium long socks to cover the shin during pulling movements, designed to cover the shin without a turnover. The tight-knit fabric minimizes drag and the double-knitted front panel protects the shin during pulling movements.<\/p>\n<p>Knitted in Great Britain, each of our socks is a bespoke product designed with strength training in mind, from form to function.<\/p>\n<p>Reflect is a limited edition collection, offering the same performance and manufactured to the same high standards as our classic product line.<\/p>\n<p>Increased lateral stretch in the calf.<\/p>\n<p>Tight-knit fabric to minimise catching on the bar.<\/p>\n<p>Ribbed sole for traction within the shoe.<\/p>\n<p>Sold as a pair.<\/p>\n<p>Made in Sheffield, Great Britain.<\/p>\n<p>Socks can not be returned or exchanged.<\/p>","protected":false},"featured_media":2351,"template":"","meta":[],"product_brand":[],"product_cat":[54,51,63],"product_tag":[],"giftcard-category":[],"class_list":{"0":"post-2345","1":"product","2":"type-product","3":"status-publish","4":"has-post-thumbnail","6":"product_cat-drabuziai","7":"product_cat-kojines","8":"product_cat-reflect","11":"instock","12":"shipping-taxable","13":"purchasable","14":"product-type-variable","15":"product-grid-view"},"yoast_head":"<!-- This site is optimized with the Yoast SEO plugin v26.9 - https:\/\/yoast.com\/product\/yoast-seo-wordpress\/ -->\n<title>REFLECT DEADLIFT KOJIN\u0116S - SBD Apparel LT<\/title>\n<meta name=\"robots\" content=\"index, follow, max-snippet:-1, max-image-preview:large, max-video-preview:-1\" \/>\n<link rel=\"canonical\" href=\"https:\/\/sbdapparel.lt\/en\/product\/reflect-mirties-traukos-kojines\/\" \/>\n<meta property=\"og:locale\" content=\"en_US\" \/>\n<meta property=\"og:type\" content=\"article\" \/>\n<meta property=\"og:title\" content=\"REFLECT DEADLIFT KOJIN\u0116S - SBD Apparel LT\" \/>\n<meta property=\"og:description\" content=\"Pagaminta Did\u017eiojoje Britanijoje. Auk\u0161\u010diausios kokyb\u0117s ilgos kojin\u0117s, skirtos u\u017edengti blauzd\u0105 tempimo judesi\u0173 metu, skirtos u\u017edengti blauzd\u0105 be varstymo.  Tvirtas megztas audinys suma\u017eina pasiprie\u0161inim\u0105, o dvigubai megztas priekinis skydelis apsaugo blauzdas traukiant judesius. Kiekviena m\u016bs\u0173 kojin\u0117, megzta Did\u017eiojoje Britanijoje, yra specialiai sukurtas gaminys, sukurtas atsi\u017evelgiant \u012f j\u0117gos lavinim\u0105, nuo formos iki funkcijos.  \u25cfReflect yra riboto leidimo kolekcija, pasi\u017eyminti tuo pa\u010diu na\u0161umu ir pagaminta pagal tokius pa\u010dius auk\u0161tus standartus kaip ir m\u016bs\u0173 klasikin\u0117 produkt\u0173 linija.  \u25cfPadid\u0117j\u0119s \u0161oninis blauzdos tempimas.  \u25cfTvirtas megztas audinys, kad kuo ma\u017eiau u\u017eklimpt\u0173 strypas.  \u25cfRibruotas padas, u\u017etikrinantis sukibim\u0105 bato viduje.  \u25cfParduodama kaip pora.  \u25cfPagaminta Did\u017eiojoje Britanijoje.  \u25cfKojin\u0117s negali b\u016bti gr\u0105\u017einamos ar kei\u010diamos.\" \/>\n<meta property=\"og:url\" content=\"https:\/\/sbdapparel.lt\/en\/product\/reflect-mirties-traukos-kojines\/\" \/>\n<meta property=\"og:site_name\" content=\"SBD Apparel LT\" \/>\n<meta property=\"article:modified_time\" content=\"2026-03-13T10:19:14+00:00\" \/>\n<meta property=\"og:image\" content=\"https:\/\/sbdapparel.lt\/wp-content\/uploads\/2024\/11\/Reflect-Deadlift-Socks-02-1024x1024.jpg\" \/>\n\t<meta property=\"og:image:width\" content=\"1024\" \/>\n\t<meta property=\"og:image:height\" content=\"1024\" \/>\n\t<meta property=\"og:image:type\" content=\"image\/jpeg\" \/>\n<meta name=\"twitter:card\" content=\"summary_large_image\" \/>\n<script type=\"application\/ld+json\" class=\"yoast-schema-graph\">{\"@context\":\"https:\/\/schema.org\",\"@graph\":[{\"@type\":\"WebPage\",\"@id\":\"https:\/\/sbdapparel.lt\/product\/reflect-mirties-traukos-kojines\/\",\"url\":\"https:\/\/sbdapparel.lt\/product\/reflect-mirties-traukos-kojines\/\",\"name\":\"REFLECT DEADLIFT KOJIN\u0116S - SBD Apparel LT\",\"isPartOf\":{\"@id\":\"https:\/\/sbdapparel.lt\/#website\"},\"primaryImageOfPage\":{\"@id\":\"https:\/\/sbdapparel.lt\/product\/reflect-mirties-traukos-kojines\/#primaryimage\"},\"image\":{\"@id\":\"https:\/\/sbdapparel.lt\/product\/reflect-mirties-traukos-kojines\/#primaryimage\"},\"thumbnailUrl\":\"https:\/\/sbdapparel.lt\/wp-content\/uploads\/2024\/11\/Reflect-Deadlift-Socks-02.jpg\",\"datePublished\":\"2024-11-10T18:42:50+00:00\",\"dateModified\":\"2026-03-13T10:19:14+00:00\",\"breadcrumb\":{\"@id\":\"https:\/\/sbdapparel.lt\/product\/reflect-mirties-traukos-kojines\/#breadcrumb\"},\"inLanguage\":\"en-US\",\"potentialAction\":[{\"@type\":\"ReadAction\",\"target\":[\"https:\/\/sbdapparel.lt\/product\/reflect-mirties-traukos-kojines\/\"]}]},{\"@type\":\"ImageObject\",\"inLanguage\":\"en-US\",\"@id\":\"https:\/\/sbdapparel.lt\/product\/reflect-mirties-traukos-kojines\/#primaryimage\",\"url\":\"https:\/\/sbdapparel.lt\/wp-content\/uploads\/2024\/11\/Reflect-Deadlift-Socks-02.jpg\",\"contentUrl\":\"https:\/\/sbdapparel.lt\/wp-content\/uploads\/2024\/11\/Reflect-Deadlift-Socks-02.jpg\",\"width\":2048,\"height\":2048},{\"@type\":\"BreadcrumbList\",\"@id\":\"https:\/\/sbdapparel.lt\/product\/reflect-mirties-traukos-kojines\/#breadcrumb\",\"itemListElement\":[{\"@type\":\"ListItem\",\"position\":1,\"name\":\"Home\",\"item\":\"https:\/\/sbdapparel.lt\/\"},{\"@type\":\"ListItem\",\"position\":2,\"name\":\"Produktai\",\"item\":\"https:\/\/sbdapparel.lt\/shop\/\"},{\"@type\":\"ListItem\",\"position\":3,\"name\":\"REFLECT DEADLIFT KOJIN\u0116S\"}]},{\"@type\":\"WebSite\",\"@id\":\"https:\/\/sbdapparel.lt\/#website\",\"url\":\"https:\/\/sbdapparel.lt\/\",\"name\":\"SBD Apparel LT\",\"description\":\"LIETUVA\",\"publisher\":{\"@id\":\"https:\/\/sbdapparel.lt\/#organization\"},\"potentialAction\":[{\"@type\":\"SearchAction\",\"target\":{\"@type\":\"EntryPoint\",\"urlTemplate\":\"https:\/\/sbdapparel.lt\/?s={search_term_string}\"},\"query-input\":{\"@type\":\"PropertyValueSpecification\",\"valueRequired\":true,\"valueName\":\"search_term_string\"}}],\"inLanguage\":\"en-US\"},{\"@type\":\"Organization\",\"@id\":\"https:\/\/sbdapparel.lt\/#organization\",\"name\":\"SBD Apparel LT\",\"url\":\"https:\/\/sbdapparel.lt\/\",\"logo\":{\"@type\":\"ImageObject\",\"inLanguage\":\"en-US\",\"@id\":\"https:\/\/sbdapparel.lt\/#\/schema\/logo\/image\/\",\"url\":\"https:\/\/sbdapparel.lt\/wp-content\/uploads\/2023\/07\/cropped-SBD_Identity_OnDark_RGB.png\",\"contentUrl\":\"https:\/\/sbdapparel.lt\/wp-content\/uploads\/2023\/07\/cropped-SBD_Identity_OnDark_RGB.png\",\"width\":1182,\"height\":515,\"caption\":\"SBD Apparel LT\"},\"image\":{\"@id\":\"https:\/\/sbdapparel.lt\/#\/schema\/logo\/image\/\"}}]}<\/script>\n<!-- \/ Yoast SEO plugin. -->","yoast_head_json":{"title":"REFLECT DEADLIFT KOJIN\u0116S - SBD Apparel LT","robots":{"index":"index","follow":"follow","max-snippet":"max-snippet:-1","max-image-preview":"max-image-preview:large","max-video-preview":"max-video-preview:-1"},"canonical":"https:\/\/sbdapparel.lt\/en\/product\/reflect-mirties-traukos-kojines\/","og_locale":"en_US","og_type":"article","og_title":"REFLECT DEADLIFT KOJIN\u0116S - SBD Apparel LT","og_description":"Pagaminta Did\u017eiojoje Britanijoje. Auk\u0161\u010diausios kokyb\u0117s ilgos kojin\u0117s, skirtos u\u017edengti blauzd\u0105 tempimo judesi\u0173 metu, skirtos u\u017edengti blauzd\u0105 be varstymo.  Tvirtas megztas audinys suma\u017eina pasiprie\u0161inim\u0105, o dvigubai megztas priekinis skydelis apsaugo blauzdas traukiant judesius. Kiekviena m\u016bs\u0173 kojin\u0117, megzta Did\u017eiojoje Britanijoje, yra specialiai sukurtas gaminys, sukurtas atsi\u017evelgiant \u012f j\u0117gos lavinim\u0105, nuo formos iki funkcijos.  \u25cfReflect yra riboto leidimo kolekcija, pasi\u017eyminti tuo pa\u010diu na\u0161umu ir pagaminta pagal tokius pa\u010dius auk\u0161tus standartus kaip ir m\u016bs\u0173 klasikin\u0117 produkt\u0173 linija.  \u25cfPadid\u0117j\u0119s \u0161oninis blauzdos tempimas.  \u25cfTvirtas megztas audinys, kad kuo ma\u017eiau u\u017eklimpt\u0173 strypas.  \u25cfRibruotas padas, u\u017etikrinantis sukibim\u0105 bato viduje.  \u25cfParduodama kaip pora.  \u25cfPagaminta Did\u017eiojoje Britanijoje.  \u25cfKojin\u0117s negali b\u016bti gr\u0105\u017einamos ar kei\u010diamos.","og_url":"https:\/\/sbdapparel.lt\/en\/product\/reflect-mirties-traukos-kojines\/","og_site_name":"SBD Apparel LT","article_modified_time":"2026-03-13T10:19:14+00:00","og_image":[{"width":1024,"height":1024,"url":"https:\/\/sbdapparel.lt\/wp-content\/uploads\/2024\/11\/Reflect-Deadlift-Socks-02-1024x1024.jpg","type":"image\/jpeg"}],"twitter_card":"summary_large_image","schema":{"@context":"https:\/\/schema.org","@graph":[{"@type":"WebPage","@id":"https:\/\/sbdapparel.lt\/product\/reflect-mirties-traukos-kojines\/","url":"https:\/\/sbdapparel.lt\/product\/reflect-mirties-traukos-kojines\/","name":"REFLECT DEADLIFT KOJIN\u0116S - SBD Apparel LT","isPartOf":{"@id":"https:\/\/sbdapparel.lt\/#website"},"primaryImageOfPage":{"@id":"https:\/\/sbdapparel.lt\/product\/reflect-mirties-traukos-kojines\/#primaryimage"},"image":{"@id":"https:\/\/sbdapparel.lt\/product\/reflect-mirties-traukos-kojines\/#primaryimage"},"thumbnailUrl":"https:\/\/sbdapparel.lt\/wp-content\/uploads\/2024\/11\/Reflect-Deadlift-Socks-02.jpg","datePublished":"2024-11-10T18:42:50+00:00","dateModified":"2026-03-13T10:19:14+00:00","breadcrumb":{"@id":"https:\/\/sbdapparel.lt\/product\/reflect-mirties-traukos-kojines\/#breadcrumb"},"inLanguage":"en-US","potentialAction":[{"@type":"ReadAction","target":["https:\/\/sbdapparel.lt\/product\/reflect-mirties-traukos-kojines\/"]}]},{"@type":"ImageObject","inLanguage":"en-US","@id":"https:\/\/sbdapparel.lt\/product\/reflect-mirties-traukos-kojines\/#primaryimage","url":"https:\/\/sbdapparel.lt\/wp-content\/uploads\/2024\/11\/Reflect-Deadlift-Socks-02.jpg","contentUrl":"https:\/\/sbdapparel.lt\/wp-content\/uploads\/2024\/11\/Reflect-Deadlift-Socks-02.jpg","width":2048,"height":2048},{"@type":"BreadcrumbList","@id":"https:\/\/sbdapparel.lt\/product\/reflect-mirties-traukos-kojines\/#breadcrumb","itemListElement":[{"@type":"ListItem","position":1,"name":"Home","item":"https:\/\/sbdapparel.lt\/"},{"@type":"ListItem","position":2,"name":"Produktai","item":"https:\/\/sbdapparel.lt\/shop\/"},{"@type":"ListItem","position":3,"name":"REFLECT DEADLIFT KOJIN\u0116S"}]},{"@type":"WebSite","@id":"https:\/\/sbdapparel.lt\/#website","url":"https:\/\/sbdapparel.lt\/","name":"SBD Apparel LT","description":"LIETUVA","publisher":{"@id":"https:\/\/sbdapparel.lt\/#organization"},"potentialAction":[{"@type":"SearchAction","target":{"@type":"EntryPoint","urlTemplate":"https:\/\/sbdapparel.lt\/?s={search_term_string}"},"query-input":{"@type":"PropertyValueSpecification","valueRequired":true,"valueName":"search_term_string"}}],"inLanguage":"en-US"},{"@type":"Organization","@id":"https:\/\/sbdapparel.lt\/#organization","name":"SBD Apparel LT","url":"https:\/\/sbdapparel.lt\/","logo":{"@type":"ImageObject","inLanguage":"en-US","@id":"https:\/\/sbdapparel.lt\/#\/schema\/logo\/image\/","url":"https:\/\/sbdapparel.lt\/wp-content\/uploads\/2023\/07\/cropped-SBD_Identity_OnDark_RGB.png","contentUrl":"https:\/\/sbdapparel.lt\/wp-content\/uploads\/2023\/07\/cropped-SBD_Identity_OnDark_RGB.png","width":1182,"height":515,"caption":"SBD Apparel LT"},"image":{"@id":"https:\/\/sbdapparel.lt\/#\/schema\/logo\/image\/"}}]}},"_links":{"self":[{"href":"https:\/\/sbdapparel.lt\/en\/wp-json\/wp\/v2\/product\/2345","targetHints":{"allow":["GET"]}}],"collection":[{"href":"https:\/\/sbdapparel.lt\/en\/wp-json\/wp\/v2\/product"}],"about":[{"href":"https:\/\/sbdapparel.lt\/en\/wp-json\/wp\/v2\/types\/product"}],"version-history":[{"count":2,"href":"https:\/\/sbdapparel.lt\/en\/wp-json\/wp\/v2\/product\/2345\/revisions"}],"predecessor-version":[{"id":4261,"href":"https:\/\/sbdapparel.lt\/en\/wp-json\/wp\/v2\/product\/2345\/revisions\/4261"}],"wp:featuredmedia":[{"embeddable":true,"href":"https:\/\/sbdapparel.lt\/en\/wp-json\/wp\/v2\/media\/2351"}],"wp:attachment":[{"href":"https:\/\/sbdapparel.lt\/en\/wp-json\/wp\/v2\/media?parent=2345"}],"wp:term":[{"taxonomy":"product_brand","embeddable":true,"href":"https:\/\/sbdapparel.lt\/en\/wp-json\/wp\/v2\/product_brand?post=2345"},{"taxonomy":"product_cat","embeddable":true,"href":"https:\/\/sbdapparel.lt\/en\/wp-json\/wp\/v2\/product_cat?post=2345"},{"taxonomy":"product_tag","embeddable":true,"href":"https:\/\/sbdapparel.lt\/en\/wp-json\/wp\/v2\/product_tag?post=2345"},{"taxonomy":"giftcard-category","embeddable":true,"href":"https:\/\/sbdapparel.lt\/en\/wp-json\/wp\/v2\/giftcard-category?post=2345"}],"curies":[{"name":"wp","href":"https:\/\/api.w.org\/{rel}","templated":true}]}}