{"id":2475,"date":"2024-11-10T19:45:41","date_gmt":"2024-11-10T19:45:41","guid":{"rendered":"https:\/\/sbdapparel.lt\/?post_type=product&#038;p=2475"},"modified":"2025-03-06T14:12:14","modified_gmt":"2025-03-06T11:12:14","slug":"reflect-lengvi-sortai-vyrams","status":"publish","type":"product","link":"https:\/\/sbdapparel.lt\/en\/product\/reflect-lengvi-sortai-vyrams\/","title":{"rendered":"Reflect Shorts Men's"},"content":{"rendered":"","protected":false},"excerpt":{"rendered":"<p>The SBD Shorts have been designed in collaboration with strength athletes to offer a comfortable fit and endure the toughest training. Manufactured fully at our headquarters in Sheffield, trace each step of your garment\u2019s journey through our manufacturing facility.<\/p>\n<p>Reflect is a limited edition collection, offering the same performance and manufactured to the same high standards as our classic product line.<\/p>\n<p>Lightweight loop-backed cotton, knitted in Great Britain.<\/p>\n<p>Embroidered logo and branded draw cord cap-ends.<\/p>\n<p>Men\u2019s fit with an 15.8cm inseam.<\/p>\n<p>Women's fit with an 8.5cm inseam, curved hem and high waist.<\/p>\n<p>SBD Traceability.<\/p>\n<p>Made in Sheffield.<\/p>","protected":false},"featured_media":2480,"template":"","meta":[],"product_brand":[],"product_cat":[63,71],"product_tag":[],"giftcard-category":[],"class_list":{"0":"post-2475","1":"product","2":"type-product","3":"status-publish","4":"has-post-thumbnail","6":"product_cat-reflect","7":"product_cat-sortai","10":"instock","11":"shipping-taxable","12":"purchasable","13":"product-type-variable","14":"product-grid-view"},"yoast_head":"<!-- This site is optimized with the Yoast SEO plugin v26.9 - https:\/\/yoast.com\/product\/yoast-seo-wordpress\/ -->\n<title>REFLECT LENGVI \u0160ORTAI \u2013 VYRAMS - SBD Apparel LT<\/title>\n<meta name=\"robots\" content=\"index, follow, max-snippet:-1, max-image-preview:large, max-video-preview:-1\" \/>\n<link rel=\"canonical\" href=\"https:\/\/sbdapparel.lt\/en\/product\/reflect-lengvi-sortai-vyrams\/\" \/>\n<meta property=\"og:locale\" content=\"en_US\" \/>\n<meta property=\"og:type\" content=\"article\" \/>\n<meta property=\"og:title\" content=\"REFLECT LENGVI \u0160ORTAI \u2013 VYRAMS - SBD Apparel LT\" \/>\n<meta property=\"og:description\" content=\"SBD \u0161ortai buvo sukurti bendradarbiaujant su j\u0117gos atletais, kad b\u016bt\u0173 patogiai priglud\u0119 ir atlaikyt\u0173 sunkiausias treniruotes. Visi\u0161kai pagamintas m\u016bs\u0173 b\u016bstin\u0117je \u0160efilde, atsek kiekvien\u0105 savo drabu\u017eio kelion\u0117s \u017eingsn\u012f m\u016bs\u0173 gamybos \u012fmon\u0117je.  \u201eReflect\u201c yra riboto leidimo kolekcija, pasi\u017eyminti tokiomis pat savyb\u0117mis ir pagaminta laikantis t\u0173 pa\u010di\u0173 auk\u0161t\u0173 standart\u0173, kaip ir m\u016bs\u0173 klasikin\u0117 produkt\u0173 linija.  \u25cfLengva medviln\u0117 su kilpine nugar\u0117l\u0117, megzta Did\u017eiojoje Britanijoje.  \u25cfI\u0161siuvin\u0117tas logotipas ir firminiai u\u017etraukiam\u0173 virveli\u0173 dangteliai.  \u25cfVyri\u0161ka apranga su 15,8 cm vidine si\u016ble.  \u25cfMoteri\u0161ka apranga su 8,5 cm vidin\u0117mis si\u016bl\u0117mis, lenktu apvadu ir auk\u0161tu juosmeniu.  \u25cfSBD atsekamumas.  \u25cfPagaminta \u0160efilde.\" \/>\n<meta property=\"og:url\" content=\"https:\/\/sbdapparel.lt\/en\/product\/reflect-lengvi-sortai-vyrams\/\" \/>\n<meta property=\"og:site_name\" content=\"SBD Apparel LT\" \/>\n<meta property=\"article:modified_time\" content=\"2025-03-06T11:12:14+00:00\" \/>\n<meta property=\"og:image\" content=\"https:\/\/sbdapparel.lt\/wp-content\/uploads\/2024\/11\/Reflect-Shorts-Men-02-1024x1024.jpg\" \/>\n\t<meta property=\"og:image:width\" content=\"1024\" \/>\n\t<meta property=\"og:image:height\" content=\"1024\" \/>\n\t<meta property=\"og:image:type\" content=\"image\/jpeg\" \/>\n<meta name=\"twitter:card\" content=\"summary_large_image\" \/>\n<script type=\"application\/ld+json\" class=\"yoast-schema-graph\">{\"@context\":\"https:\/\/schema.org\",\"@graph\":[{\"@type\":\"WebPage\",\"@id\":\"https:\/\/sbdapparel.lt\/product\/reflect-lengvi-sortai-vyrams\/\",\"url\":\"https:\/\/sbdapparel.lt\/product\/reflect-lengvi-sortai-vyrams\/\",\"name\":\"REFLECT LENGVI \u0160ORTAI \u2013 VYRAMS - SBD Apparel LT\",\"isPartOf\":{\"@id\":\"https:\/\/sbdapparel.lt\/#website\"},\"primaryImageOfPage\":{\"@id\":\"https:\/\/sbdapparel.lt\/product\/reflect-lengvi-sortai-vyrams\/#primaryimage\"},\"image\":{\"@id\":\"https:\/\/sbdapparel.lt\/product\/reflect-lengvi-sortai-vyrams\/#primaryimage\"},\"thumbnailUrl\":\"https:\/\/sbdapparel.lt\/wp-content\/uploads\/2024\/11\/Reflect-Shorts-Men-02.jpg\",\"datePublished\":\"2024-11-10T19:45:41+00:00\",\"dateModified\":\"2025-03-06T11:12:14+00:00\",\"breadcrumb\":{\"@id\":\"https:\/\/sbdapparel.lt\/product\/reflect-lengvi-sortai-vyrams\/#breadcrumb\"},\"inLanguage\":\"en-US\",\"potentialAction\":[{\"@type\":\"ReadAction\",\"target\":[\"https:\/\/sbdapparel.lt\/product\/reflect-lengvi-sortai-vyrams\/\"]}]},{\"@type\":\"ImageObject\",\"inLanguage\":\"en-US\",\"@id\":\"https:\/\/sbdapparel.lt\/product\/reflect-lengvi-sortai-vyrams\/#primaryimage\",\"url\":\"https:\/\/sbdapparel.lt\/wp-content\/uploads\/2024\/11\/Reflect-Shorts-Men-02.jpg\",\"contentUrl\":\"https:\/\/sbdapparel.lt\/wp-content\/uploads\/2024\/11\/Reflect-Shorts-Men-02.jpg\",\"width\":2048,\"height\":2048},{\"@type\":\"BreadcrumbList\",\"@id\":\"https:\/\/sbdapparel.lt\/product\/reflect-lengvi-sortai-vyrams\/#breadcrumb\",\"itemListElement\":[{\"@type\":\"ListItem\",\"position\":1,\"name\":\"Home\",\"item\":\"https:\/\/sbdapparel.lt\/\"},{\"@type\":\"ListItem\",\"position\":2,\"name\":\"Produktai\",\"item\":\"https:\/\/sbdapparel.lt\/shop\/\"},{\"@type\":\"ListItem\",\"position\":3,\"name\":\"REFLECT LENGVI \u0160ORTAI \u2013 VYRAMS\"}]},{\"@type\":\"WebSite\",\"@id\":\"https:\/\/sbdapparel.lt\/#website\",\"url\":\"https:\/\/sbdapparel.lt\/\",\"name\":\"SBD Apparel LT\",\"description\":\"LIETUVA\",\"publisher\":{\"@id\":\"https:\/\/sbdapparel.lt\/#organization\"},\"potentialAction\":[{\"@type\":\"SearchAction\",\"target\":{\"@type\":\"EntryPoint\",\"urlTemplate\":\"https:\/\/sbdapparel.lt\/?s={search_term_string}\"},\"query-input\":{\"@type\":\"PropertyValueSpecification\",\"valueRequired\":true,\"valueName\":\"search_term_string\"}}],\"inLanguage\":\"en-US\"},{\"@type\":\"Organization\",\"@id\":\"https:\/\/sbdapparel.lt\/#organization\",\"name\":\"SBD Apparel LT\",\"url\":\"https:\/\/sbdapparel.lt\/\",\"logo\":{\"@type\":\"ImageObject\",\"inLanguage\":\"en-US\",\"@id\":\"https:\/\/sbdapparel.lt\/#\/schema\/logo\/image\/\",\"url\":\"https:\/\/sbdapparel.lt\/wp-content\/uploads\/2023\/07\/cropped-SBD_Identity_OnDark_RGB.png\",\"contentUrl\":\"https:\/\/sbdapparel.lt\/wp-content\/uploads\/2023\/07\/cropped-SBD_Identity_OnDark_RGB.png\",\"width\":1182,\"height\":515,\"caption\":\"SBD Apparel LT\"},\"image\":{\"@id\":\"https:\/\/sbdapparel.lt\/#\/schema\/logo\/image\/\"}}]}<\/script>\n<!-- \/ Yoast SEO plugin. -->","yoast_head_json":{"title":"REFLECT LENGVI \u0160ORTAI \u2013 VYRAMS - SBD Apparel LT","robots":{"index":"index","follow":"follow","max-snippet":"max-snippet:-1","max-image-preview":"max-image-preview:large","max-video-preview":"max-video-preview:-1"},"canonical":"https:\/\/sbdapparel.lt\/en\/product\/reflect-lengvi-sortai-vyrams\/","og_locale":"en_US","og_type":"article","og_title":"REFLECT LENGVI \u0160ORTAI \u2013 VYRAMS - SBD Apparel LT","og_description":"SBD \u0161ortai buvo sukurti bendradarbiaujant su j\u0117gos atletais, kad b\u016bt\u0173 patogiai priglud\u0119 ir atlaikyt\u0173 sunkiausias treniruotes. Visi\u0161kai pagamintas m\u016bs\u0173 b\u016bstin\u0117je \u0160efilde, atsek kiekvien\u0105 savo drabu\u017eio kelion\u0117s \u017eingsn\u012f m\u016bs\u0173 gamybos \u012fmon\u0117je.  \u201eReflect\u201c yra riboto leidimo kolekcija, pasi\u017eyminti tokiomis pat savyb\u0117mis ir pagaminta laikantis t\u0173 pa\u010di\u0173 auk\u0161t\u0173 standart\u0173, kaip ir m\u016bs\u0173 klasikin\u0117 produkt\u0173 linija.  \u25cfLengva medviln\u0117 su kilpine nugar\u0117l\u0117, megzta Did\u017eiojoje Britanijoje.  \u25cfI\u0161siuvin\u0117tas logotipas ir firminiai u\u017etraukiam\u0173 virveli\u0173 dangteliai.  \u25cfVyri\u0161ka apranga su 15,8 cm vidine si\u016ble.  \u25cfMoteri\u0161ka apranga su 8,5 cm vidin\u0117mis si\u016bl\u0117mis, lenktu apvadu ir auk\u0161tu juosmeniu.  \u25cfSBD atsekamumas.  \u25cfPagaminta \u0160efilde.","og_url":"https:\/\/sbdapparel.lt\/en\/product\/reflect-lengvi-sortai-vyrams\/","og_site_name":"SBD Apparel LT","article_modified_time":"2025-03-06T11:12:14+00:00","og_image":[{"width":1024,"height":1024,"url":"https:\/\/sbdapparel.lt\/wp-content\/uploads\/2024\/11\/Reflect-Shorts-Men-02-1024x1024.jpg","type":"image\/jpeg"}],"twitter_card":"summary_large_image","schema":{"@context":"https:\/\/schema.org","@graph":[{"@type":"WebPage","@id":"https:\/\/sbdapparel.lt\/product\/reflect-lengvi-sortai-vyrams\/","url":"https:\/\/sbdapparel.lt\/product\/reflect-lengvi-sortai-vyrams\/","name":"REFLECT LENGVI \u0160ORTAI \u2013 VYRAMS - SBD Apparel LT","isPartOf":{"@id":"https:\/\/sbdapparel.lt\/#website"},"primaryImageOfPage":{"@id":"https:\/\/sbdapparel.lt\/product\/reflect-lengvi-sortai-vyrams\/#primaryimage"},"image":{"@id":"https:\/\/sbdapparel.lt\/product\/reflect-lengvi-sortai-vyrams\/#primaryimage"},"thumbnailUrl":"https:\/\/sbdapparel.lt\/wp-content\/uploads\/2024\/11\/Reflect-Shorts-Men-02.jpg","datePublished":"2024-11-10T19:45:41+00:00","dateModified":"2025-03-06T11:12:14+00:00","breadcrumb":{"@id":"https:\/\/sbdapparel.lt\/product\/reflect-lengvi-sortai-vyrams\/#breadcrumb"},"inLanguage":"en-US","potentialAction":[{"@type":"ReadAction","target":["https:\/\/sbdapparel.lt\/product\/reflect-lengvi-sortai-vyrams\/"]}]},{"@type":"ImageObject","inLanguage":"en-US","@id":"https:\/\/sbdapparel.lt\/product\/reflect-lengvi-sortai-vyrams\/#primaryimage","url":"https:\/\/sbdapparel.lt\/wp-content\/uploads\/2024\/11\/Reflect-Shorts-Men-02.jpg","contentUrl":"https:\/\/sbdapparel.lt\/wp-content\/uploads\/2024\/11\/Reflect-Shorts-Men-02.jpg","width":2048,"height":2048},{"@type":"BreadcrumbList","@id":"https:\/\/sbdapparel.lt\/product\/reflect-lengvi-sortai-vyrams\/#breadcrumb","itemListElement":[{"@type":"ListItem","position":1,"name":"Home","item":"https:\/\/sbdapparel.lt\/"},{"@type":"ListItem","position":2,"name":"Produktai","item":"https:\/\/sbdapparel.lt\/shop\/"},{"@type":"ListItem","position":3,"name":"REFLECT LENGVI \u0160ORTAI \u2013 VYRAMS"}]},{"@type":"WebSite","@id":"https:\/\/sbdapparel.lt\/#website","url":"https:\/\/sbdapparel.lt\/","name":"SBD Apparel LT","description":"LIETUVA","publisher":{"@id":"https:\/\/sbdapparel.lt\/#organization"},"potentialAction":[{"@type":"SearchAction","target":{"@type":"EntryPoint","urlTemplate":"https:\/\/sbdapparel.lt\/?s={search_term_string}"},"query-input":{"@type":"PropertyValueSpecification","valueRequired":true,"valueName":"search_term_string"}}],"inLanguage":"en-US"},{"@type":"Organization","@id":"https:\/\/sbdapparel.lt\/#organization","name":"SBD Apparel LT","url":"https:\/\/sbdapparel.lt\/","logo":{"@type":"ImageObject","inLanguage":"en-US","@id":"https:\/\/sbdapparel.lt\/#\/schema\/logo\/image\/","url":"https:\/\/sbdapparel.lt\/wp-content\/uploads\/2023\/07\/cropped-SBD_Identity_OnDark_RGB.png","contentUrl":"https:\/\/sbdapparel.lt\/wp-content\/uploads\/2023\/07\/cropped-SBD_Identity_OnDark_RGB.png","width":1182,"height":515,"caption":"SBD Apparel LT"},"image":{"@id":"https:\/\/sbdapparel.lt\/#\/schema\/logo\/image\/"}}]}},"_links":{"self":[{"href":"https:\/\/sbdapparel.lt\/en\/wp-json\/wp\/v2\/product\/2475","targetHints":{"allow":["GET"]}}],"collection":[{"href":"https:\/\/sbdapparel.lt\/en\/wp-json\/wp\/v2\/product"}],"about":[{"href":"https:\/\/sbdapparel.lt\/en\/wp-json\/wp\/v2\/types\/product"}],"version-history":[{"count":1,"href":"https:\/\/sbdapparel.lt\/en\/wp-json\/wp\/v2\/product\/2475\/revisions"}],"predecessor-version":[{"id":2484,"href":"https:\/\/sbdapparel.lt\/en\/wp-json\/wp\/v2\/product\/2475\/revisions\/2484"}],"wp:featuredmedia":[{"embeddable":true,"href":"https:\/\/sbdapparel.lt\/en\/wp-json\/wp\/v2\/media\/2480"}],"wp:attachment":[{"href":"https:\/\/sbdapparel.lt\/en\/wp-json\/wp\/v2\/media?parent=2475"}],"wp:term":[{"taxonomy":"product_brand","embeddable":true,"href":"https:\/\/sbdapparel.lt\/en\/wp-json\/wp\/v2\/product_brand?post=2475"},{"taxonomy":"product_cat","embeddable":true,"href":"https:\/\/sbdapparel.lt\/en\/wp-json\/wp\/v2\/product_cat?post=2475"},{"taxonomy":"product_tag","embeddable":true,"href":"https:\/\/sbdapparel.lt\/en\/wp-json\/wp\/v2\/product_tag?post=2475"},{"taxonomy":"giftcard-category","embeddable":true,"href":"https:\/\/sbdapparel.lt\/en\/wp-json\/wp\/v2\/giftcard-category?post=2475"}],"curies":[{"name":"wp","href":"https:\/\/api.w.org\/{rel}","templated":true}]}}