{"id":2537,"date":"2024-11-10T19:58:46","date_gmt":"2024-11-10T19:58:46","guid":{"rendered":"https:\/\/sbdapparel.lt\/?post_type=product&#038;p=2537"},"modified":"2025-07-10T14:57:55","modified_gmt":"2025-07-10T11:57:55","slug":"sbd-treningai-kopija","status":"publish","type":"product","link":"https:\/\/sbdapparel.lt\/en\/product\/sbd-treningai-kopija\/","title":{"rendered":"SBD Shorts"},"content":{"rendered":"","protected":false},"excerpt":{"rendered":"<p>The SBD Shorts have been designed in collaboration with strength athletes to offer a comfortable fit and endure the toughest training. Manufactured fully at our headquarters in Sheffield, trace each step of your garment\u2019s journey through our manufacturing facility.<\/p>\n<p>Heavyweight loop-backed cotton, knitted in Great Britain.<br \/>\nEmbroidered logo and branded draw cord cap-ends.<br \/>\nMen\u2019s fit with a 15.8cm inseam and concealed zip pocket.<br \/>\nWomen's fit with a 8.5cm inseam, curved hem and high waist.<br \/>\nSBD Traceability.<br \/>\nMade in Sheffield.<\/p>","protected":false},"featured_media":2548,"template":"","meta":[],"product_brand":[],"product_cat":[56,71],"product_tag":[],"giftcard-category":[],"class_list":{"0":"post-2537","1":"product","2":"type-product","3":"status-publish","4":"has-post-thumbnail","6":"product_cat-klasikine","7":"product_cat-sortai","10":"instock","11":"shipping-taxable","12":"purchasable","13":"product-type-variable","14":"product-grid-view"},"yoast_head":"<!-- This site is optimized with the Yoast SEO plugin v26.9 - https:\/\/yoast.com\/product\/yoast-seo-wordpress\/ -->\n<title>SBD \u0160ORTAI - SBD Apparel LT<\/title>\n<meta name=\"robots\" content=\"index, follow, max-snippet:-1, max-image-preview:large, max-video-preview:-1\" \/>\n<link rel=\"canonical\" href=\"https:\/\/sbdapparel.lt\/en\/product\/sbd-treningai-kopija\/\" \/>\n<meta property=\"og:locale\" content=\"en_US\" \/>\n<meta property=\"og:type\" content=\"article\" \/>\n<meta property=\"og:title\" content=\"SBD \u0160ORTAI - SBD Apparel LT\" \/>\n<meta property=\"og:description\" content=\"SBD \u0161ortai buvo sukurti bendradarbiaujant su j\u0117gos atletais, kad b\u016bt\u0173 patogiai priglud\u0119 ir atlaikyt\u0173 sunkiausias treniruotes. Visi\u0161kai pagamintas m\u016bs\u0173 b\u016bstin\u0117je \u0160efilde, atsek kiekvien\u0105 savo drabu\u017eio kelion\u0117s \u017eingsn\u012f m\u016bs\u0173 gamybos \u012fmon\u0117je.  Sunki medviln\u0117 su kilpa, megzta Did\u017eiojoje Britanijoje I\u0161siuvin\u0117tas logotipas ir firminiai u\u017etraukiam\u0173 virveli\u0173 antgaliai Vyri\u0161kas kostiumas su pasl\u0117pta ki\u0161ene su u\u017etrauktuku Moteri\u0161ka apranga su lenktu apvadu ir auk\u0161tu juosmeniu SBD atsekamumas Pagaminta \u0160efilde\" \/>\n<meta property=\"og:url\" content=\"https:\/\/sbdapparel.lt\/en\/product\/sbd-treningai-kopija\/\" \/>\n<meta property=\"og:site_name\" content=\"SBD Apparel LT\" \/>\n<meta property=\"article:modified_time\" content=\"2025-07-10T11:57:55+00:00\" \/>\n<meta property=\"og:image\" content=\"https:\/\/sbdapparel.lt\/wp-content\/uploads\/2024\/11\/Sportswear-Shorts-04-1024x1024.jpg\" \/>\n\t<meta property=\"og:image:width\" content=\"1024\" \/>\n\t<meta property=\"og:image:height\" content=\"1024\" \/>\n\t<meta property=\"og:image:type\" content=\"image\/jpeg\" \/>\n<meta name=\"twitter:card\" content=\"summary_large_image\" \/>\n<script type=\"application\/ld+json\" class=\"yoast-schema-graph\">{\"@context\":\"https:\/\/schema.org\",\"@graph\":[{\"@type\":\"WebPage\",\"@id\":\"https:\/\/sbdapparel.lt\/product\/sbd-treningai-kopija\/\",\"url\":\"https:\/\/sbdapparel.lt\/product\/sbd-treningai-kopija\/\",\"name\":\"SBD \u0160ORTAI - SBD Apparel LT\",\"isPartOf\":{\"@id\":\"https:\/\/sbdapparel.lt\/#website\"},\"primaryImageOfPage\":{\"@id\":\"https:\/\/sbdapparel.lt\/product\/sbd-treningai-kopija\/#primaryimage\"},\"image\":{\"@id\":\"https:\/\/sbdapparel.lt\/product\/sbd-treningai-kopija\/#primaryimage\"},\"thumbnailUrl\":\"https:\/\/sbdapparel.lt\/wp-content\/uploads\/2024\/11\/Sportswear-Shorts-04.jpg\",\"datePublished\":\"2024-11-10T19:58:46+00:00\",\"dateModified\":\"2025-07-10T11:57:55+00:00\",\"breadcrumb\":{\"@id\":\"https:\/\/sbdapparel.lt\/product\/sbd-treningai-kopija\/#breadcrumb\"},\"inLanguage\":\"en-US\",\"potentialAction\":[{\"@type\":\"ReadAction\",\"target\":[\"https:\/\/sbdapparel.lt\/product\/sbd-treningai-kopija\/\"]}]},{\"@type\":\"ImageObject\",\"inLanguage\":\"en-US\",\"@id\":\"https:\/\/sbdapparel.lt\/product\/sbd-treningai-kopija\/#primaryimage\",\"url\":\"https:\/\/sbdapparel.lt\/wp-content\/uploads\/2024\/11\/Sportswear-Shorts-04.jpg\",\"contentUrl\":\"https:\/\/sbdapparel.lt\/wp-content\/uploads\/2024\/11\/Sportswear-Shorts-04.jpg\",\"width\":2048,\"height\":2048},{\"@type\":\"BreadcrumbList\",\"@id\":\"https:\/\/sbdapparel.lt\/product\/sbd-treningai-kopija\/#breadcrumb\",\"itemListElement\":[{\"@type\":\"ListItem\",\"position\":1,\"name\":\"Home\",\"item\":\"https:\/\/sbdapparel.lt\/\"},{\"@type\":\"ListItem\",\"position\":2,\"name\":\"Produktai\",\"item\":\"https:\/\/sbdapparel.lt\/shop\/\"},{\"@type\":\"ListItem\",\"position\":3,\"name\":\"SBD \u0160ORTAI\"}]},{\"@type\":\"WebSite\",\"@id\":\"https:\/\/sbdapparel.lt\/#website\",\"url\":\"https:\/\/sbdapparel.lt\/\",\"name\":\"SBD Apparel LT\",\"description\":\"LIETUVA\",\"publisher\":{\"@id\":\"https:\/\/sbdapparel.lt\/#organization\"},\"potentialAction\":[{\"@type\":\"SearchAction\",\"target\":{\"@type\":\"EntryPoint\",\"urlTemplate\":\"https:\/\/sbdapparel.lt\/?s={search_term_string}\"},\"query-input\":{\"@type\":\"PropertyValueSpecification\",\"valueRequired\":true,\"valueName\":\"search_term_string\"}}],\"inLanguage\":\"en-US\"},{\"@type\":\"Organization\",\"@id\":\"https:\/\/sbdapparel.lt\/#organization\",\"name\":\"SBD Apparel LT\",\"url\":\"https:\/\/sbdapparel.lt\/\",\"logo\":{\"@type\":\"ImageObject\",\"inLanguage\":\"en-US\",\"@id\":\"https:\/\/sbdapparel.lt\/#\/schema\/logo\/image\/\",\"url\":\"https:\/\/sbdapparel.lt\/wp-content\/uploads\/2023\/07\/cropped-SBD_Identity_OnDark_RGB.png\",\"contentUrl\":\"https:\/\/sbdapparel.lt\/wp-content\/uploads\/2023\/07\/cropped-SBD_Identity_OnDark_RGB.png\",\"width\":1182,\"height\":515,\"caption\":\"SBD Apparel LT\"},\"image\":{\"@id\":\"https:\/\/sbdapparel.lt\/#\/schema\/logo\/image\/\"}}]}<\/script>\n<!-- \/ Yoast SEO plugin. -->","yoast_head_json":{"title":"SBD \u0160ORTAI - SBD Apparel LT","robots":{"index":"index","follow":"follow","max-snippet":"max-snippet:-1","max-image-preview":"max-image-preview:large","max-video-preview":"max-video-preview:-1"},"canonical":"https:\/\/sbdapparel.lt\/en\/product\/sbd-treningai-kopija\/","og_locale":"en_US","og_type":"article","og_title":"SBD \u0160ORTAI - SBD Apparel LT","og_description":"SBD \u0161ortai buvo sukurti bendradarbiaujant su j\u0117gos atletais, kad b\u016bt\u0173 patogiai priglud\u0119 ir atlaikyt\u0173 sunkiausias treniruotes. Visi\u0161kai pagamintas m\u016bs\u0173 b\u016bstin\u0117je \u0160efilde, atsek kiekvien\u0105 savo drabu\u017eio kelion\u0117s \u017eingsn\u012f m\u016bs\u0173 gamybos \u012fmon\u0117je.  Sunki medviln\u0117 su kilpa, megzta Did\u017eiojoje Britanijoje I\u0161siuvin\u0117tas logotipas ir firminiai u\u017etraukiam\u0173 virveli\u0173 antgaliai Vyri\u0161kas kostiumas su pasl\u0117pta ki\u0161ene su u\u017etrauktuku Moteri\u0161ka apranga su lenktu apvadu ir auk\u0161tu juosmeniu SBD atsekamumas Pagaminta \u0160efilde","og_url":"https:\/\/sbdapparel.lt\/en\/product\/sbd-treningai-kopija\/","og_site_name":"SBD Apparel LT","article_modified_time":"2025-07-10T11:57:55+00:00","og_image":[{"width":1024,"height":1024,"url":"https:\/\/sbdapparel.lt\/wp-content\/uploads\/2024\/11\/Sportswear-Shorts-04-1024x1024.jpg","type":"image\/jpeg"}],"twitter_card":"summary_large_image","schema":{"@context":"https:\/\/schema.org","@graph":[{"@type":"WebPage","@id":"https:\/\/sbdapparel.lt\/product\/sbd-treningai-kopija\/","url":"https:\/\/sbdapparel.lt\/product\/sbd-treningai-kopija\/","name":"SBD \u0160ORTAI - SBD Apparel LT","isPartOf":{"@id":"https:\/\/sbdapparel.lt\/#website"},"primaryImageOfPage":{"@id":"https:\/\/sbdapparel.lt\/product\/sbd-treningai-kopija\/#primaryimage"},"image":{"@id":"https:\/\/sbdapparel.lt\/product\/sbd-treningai-kopija\/#primaryimage"},"thumbnailUrl":"https:\/\/sbdapparel.lt\/wp-content\/uploads\/2024\/11\/Sportswear-Shorts-04.jpg","datePublished":"2024-11-10T19:58:46+00:00","dateModified":"2025-07-10T11:57:55+00:00","breadcrumb":{"@id":"https:\/\/sbdapparel.lt\/product\/sbd-treningai-kopija\/#breadcrumb"},"inLanguage":"en-US","potentialAction":[{"@type":"ReadAction","target":["https:\/\/sbdapparel.lt\/product\/sbd-treningai-kopija\/"]}]},{"@type":"ImageObject","inLanguage":"en-US","@id":"https:\/\/sbdapparel.lt\/product\/sbd-treningai-kopija\/#primaryimage","url":"https:\/\/sbdapparel.lt\/wp-content\/uploads\/2024\/11\/Sportswear-Shorts-04.jpg","contentUrl":"https:\/\/sbdapparel.lt\/wp-content\/uploads\/2024\/11\/Sportswear-Shorts-04.jpg","width":2048,"height":2048},{"@type":"BreadcrumbList","@id":"https:\/\/sbdapparel.lt\/product\/sbd-treningai-kopija\/#breadcrumb","itemListElement":[{"@type":"ListItem","position":1,"name":"Home","item":"https:\/\/sbdapparel.lt\/"},{"@type":"ListItem","position":2,"name":"Produktai","item":"https:\/\/sbdapparel.lt\/shop\/"},{"@type":"ListItem","position":3,"name":"SBD \u0160ORTAI"}]},{"@type":"WebSite","@id":"https:\/\/sbdapparel.lt\/#website","url":"https:\/\/sbdapparel.lt\/","name":"SBD Apparel LT","description":"LIETUVA","publisher":{"@id":"https:\/\/sbdapparel.lt\/#organization"},"potentialAction":[{"@type":"SearchAction","target":{"@type":"EntryPoint","urlTemplate":"https:\/\/sbdapparel.lt\/?s={search_term_string}"},"query-input":{"@type":"PropertyValueSpecification","valueRequired":true,"valueName":"search_term_string"}}],"inLanguage":"en-US"},{"@type":"Organization","@id":"https:\/\/sbdapparel.lt\/#organization","name":"SBD Apparel LT","url":"https:\/\/sbdapparel.lt\/","logo":{"@type":"ImageObject","inLanguage":"en-US","@id":"https:\/\/sbdapparel.lt\/#\/schema\/logo\/image\/","url":"https:\/\/sbdapparel.lt\/wp-content\/uploads\/2023\/07\/cropped-SBD_Identity_OnDark_RGB.png","contentUrl":"https:\/\/sbdapparel.lt\/wp-content\/uploads\/2023\/07\/cropped-SBD_Identity_OnDark_RGB.png","width":1182,"height":515,"caption":"SBD Apparel LT"},"image":{"@id":"https:\/\/sbdapparel.lt\/#\/schema\/logo\/image\/"}}]}},"_links":{"self":[{"href":"https:\/\/sbdapparel.lt\/en\/wp-json\/wp\/v2\/product\/2537","targetHints":{"allow":["GET"]}}],"collection":[{"href":"https:\/\/sbdapparel.lt\/en\/wp-json\/wp\/v2\/product"}],"about":[{"href":"https:\/\/sbdapparel.lt\/en\/wp-json\/wp\/v2\/types\/product"}],"version-history":[{"count":2,"href":"https:\/\/sbdapparel.lt\/en\/wp-json\/wp\/v2\/product\/2537\/revisions"}],"predecessor-version":[{"id":2552,"href":"https:\/\/sbdapparel.lt\/en\/wp-json\/wp\/v2\/product\/2537\/revisions\/2552"}],"wp:featuredmedia":[{"embeddable":true,"href":"https:\/\/sbdapparel.lt\/en\/wp-json\/wp\/v2\/media\/2548"}],"wp:attachment":[{"href":"https:\/\/sbdapparel.lt\/en\/wp-json\/wp\/v2\/media?parent=2537"}],"wp:term":[{"taxonomy":"product_brand","embeddable":true,"href":"https:\/\/sbdapparel.lt\/en\/wp-json\/wp\/v2\/product_brand?post=2537"},{"taxonomy":"product_cat","embeddable":true,"href":"https:\/\/sbdapparel.lt\/en\/wp-json\/wp\/v2\/product_cat?post=2537"},{"taxonomy":"product_tag","embeddable":true,"href":"https:\/\/sbdapparel.lt\/en\/wp-json\/wp\/v2\/product_tag?post=2537"},{"taxonomy":"giftcard-category","embeddable":true,"href":"https:\/\/sbdapparel.lt\/en\/wp-json\/wp\/v2\/giftcard-category?post=2537"}],"curies":[{"name":"wp","href":"https:\/\/api.w.org\/{rel}","templated":true}]}}