{"id":2731,"date":"2024-11-10T20:40:07","date_gmt":"2024-11-10T20:40:07","guid":{"rendered":"https:\/\/sbdapparel.lt\/?post_type=product&#038;p=2731"},"modified":"2025-12-08T11:58:33","modified_gmt":"2025-12-08T08:58:33","slug":"2023-stipriausio-vyro-marskineliai-juodos-spalvos","status":"publish","type":"product","link":"https:\/\/sbdapparel.lt\/en\/product\/2023-stipriausio-vyro-marskineliai-juodos-spalvos\/","title":{"rendered":"2023 World's Strongest Man T-Shirt"},"content":{"rendered":"","protected":false},"excerpt":{"rendered":"<p>Crafted by our team in Great Britain, our t-shirts are proudly made with the same attention to detail and to the same high standards as the equipment relied upon by the world\u2019s strongest athletes since our founding, as they compete to become the World\u2019s Strongest Man.<\/p>\n<p>The official 2023 SBD World\u2019s Strongest Man t-shirt.<br \/>\nComfortable and durable, designed to endure years of use in training.<br \/>\nKnitted with 100% premium cotton.<br \/>\nManufactured in Great Britain.<\/p>","protected":false},"featured_media":2755,"template":"","meta":[],"product_brand":[],"product_cat":[54,49],"product_tag":[],"giftcard-category":[],"class_list":{"0":"post-2731","1":"product","2":"type-product","3":"status-publish","4":"has-post-thumbnail","6":"product_cat-drabuziai","7":"product_cat-marskineliai","10":"instock","11":"shipping-taxable","12":"purchasable","13":"product-type-variable","14":"product-grid-view"},"yoast_head":"<!-- This site is optimized with the Yoast SEO plugin v26.9 - https:\/\/yoast.com\/product\/yoast-seo-wordpress\/ -->\n<title>2023 WORLD&#039;S STRONGEST MAN MAR\u0160KIN\u0116LIAI - SBD Apparel LT<\/title>\n<meta name=\"robots\" content=\"index, follow, max-snippet:-1, max-image-preview:large, max-video-preview:-1\" \/>\n<link rel=\"canonical\" href=\"https:\/\/sbdapparel.lt\/en\/product\/2023-stipriausio-vyro-marskineliai-juodos-spalvos\/\" \/>\n<meta property=\"og:locale\" content=\"en_US\" \/>\n<meta property=\"og:type\" content=\"article\" \/>\n<meta property=\"og:title\" content=\"2023 WORLD&#039;S STRONGEST MAN MAR\u0160KIN\u0116LIAI - SBD Apparel LT\" \/>\n<meta property=\"og:description\" content=\"M\u016bs\u0173 komandos sukurti Did\u017eiojoje Britanijoje mar\u0161kin\u0117liai yra pagaminti skiriant d\u0117mes\u012f detal\u0117ms ir laikantis t\u0173 pa\u010di\u0173 auk\u0161t\u0173 standart\u0173, kaip ir ekipuot\u0117, kuria pasitik\u0117jo stipriausi pasaulio gali\u016bnai nuo pat m\u016bs\u0173 \u012fk\u016brimo, kurie var\u017eosi d\u0117l stipriausio pasaulio \u017emogaus titulo.  Oficial\u016bs 2023 m. SBD stipriausio pasaulio vyro turnyro mar\u0161kin\u0117liai. Patog\u016bs ir patvar\u016bs, sukurti taip, kad i\u0161tvert\u0173 ilgus naudojimo metus treniruot\u0117se. Megzta i\u0161 100% auk\u0161\u010diausios kokyb\u0117s Supima medviln\u0117s. Pagaminta Did\u017eiojoje Britanijoje.\" \/>\n<meta property=\"og:url\" content=\"https:\/\/sbdapparel.lt\/en\/product\/2023-stipriausio-vyro-marskineliai-juodos-spalvos\/\" \/>\n<meta property=\"og:site_name\" content=\"SBD Apparel LT\" \/>\n<meta property=\"article:modified_time\" content=\"2025-12-08T08:58:33+00:00\" \/>\n<meta property=\"og:image\" content=\"https:\/\/sbdapparel.lt\/wp-content\/uploads\/2024\/11\/wsmblack.jpg\" \/>\n\t<meta property=\"og:image:width\" content=\"905\" \/>\n\t<meta property=\"og:image:height\" content=\"859\" \/>\n\t<meta property=\"og:image:type\" content=\"image\/jpeg\" \/>\n<meta name=\"twitter:card\" content=\"summary_large_image\" \/>\n<script type=\"application\/ld+json\" class=\"yoast-schema-graph\">{\"@context\":\"https:\/\/schema.org\",\"@graph\":[{\"@type\":\"WebPage\",\"@id\":\"https:\/\/sbdapparel.lt\/product\/2023-stipriausio-vyro-marskineliai-juodos-spalvos\/\",\"url\":\"https:\/\/sbdapparel.lt\/product\/2023-stipriausio-vyro-marskineliai-juodos-spalvos\/\",\"name\":\"2023 WORLD'S STRONGEST MAN MAR\u0160KIN\u0116LIAI - SBD Apparel LT\",\"isPartOf\":{\"@id\":\"https:\/\/sbdapparel.lt\/#website\"},\"primaryImageOfPage\":{\"@id\":\"https:\/\/sbdapparel.lt\/product\/2023-stipriausio-vyro-marskineliai-juodos-spalvos\/#primaryimage\"},\"image\":{\"@id\":\"https:\/\/sbdapparel.lt\/product\/2023-stipriausio-vyro-marskineliai-juodos-spalvos\/#primaryimage\"},\"thumbnailUrl\":\"https:\/\/sbdapparel.lt\/wp-content\/uploads\/2024\/11\/wsmblack.jpg\",\"datePublished\":\"2024-11-10T20:40:07+00:00\",\"dateModified\":\"2025-12-08T08:58:33+00:00\",\"breadcrumb\":{\"@id\":\"https:\/\/sbdapparel.lt\/product\/2023-stipriausio-vyro-marskineliai-juodos-spalvos\/#breadcrumb\"},\"inLanguage\":\"en-US\",\"potentialAction\":[{\"@type\":\"ReadAction\",\"target\":[\"https:\/\/sbdapparel.lt\/product\/2023-stipriausio-vyro-marskineliai-juodos-spalvos\/\"]}]},{\"@type\":\"ImageObject\",\"inLanguage\":\"en-US\",\"@id\":\"https:\/\/sbdapparel.lt\/product\/2023-stipriausio-vyro-marskineliai-juodos-spalvos\/#primaryimage\",\"url\":\"https:\/\/sbdapparel.lt\/wp-content\/uploads\/2024\/11\/wsmblack.jpg\",\"contentUrl\":\"https:\/\/sbdapparel.lt\/wp-content\/uploads\/2024\/11\/wsmblack.jpg\",\"width\":905,\"height\":859},{\"@type\":\"BreadcrumbList\",\"@id\":\"https:\/\/sbdapparel.lt\/product\/2023-stipriausio-vyro-marskineliai-juodos-spalvos\/#breadcrumb\",\"itemListElement\":[{\"@type\":\"ListItem\",\"position\":1,\"name\":\"Home\",\"item\":\"https:\/\/sbdapparel.lt\/\"},{\"@type\":\"ListItem\",\"position\":2,\"name\":\"Produktai\",\"item\":\"https:\/\/sbdapparel.lt\/shop\/\"},{\"@type\":\"ListItem\",\"position\":3,\"name\":\"2023 WORLD&#8217;S STRONGEST MAN MAR\u0160KIN\u0116LIAI\"}]},{\"@type\":\"WebSite\",\"@id\":\"https:\/\/sbdapparel.lt\/#website\",\"url\":\"https:\/\/sbdapparel.lt\/\",\"name\":\"SBD Apparel LT\",\"description\":\"LIETUVA\",\"publisher\":{\"@id\":\"https:\/\/sbdapparel.lt\/#organization\"},\"potentialAction\":[{\"@type\":\"SearchAction\",\"target\":{\"@type\":\"EntryPoint\",\"urlTemplate\":\"https:\/\/sbdapparel.lt\/?s={search_term_string}\"},\"query-input\":{\"@type\":\"PropertyValueSpecification\",\"valueRequired\":true,\"valueName\":\"search_term_string\"}}],\"inLanguage\":\"en-US\"},{\"@type\":\"Organization\",\"@id\":\"https:\/\/sbdapparel.lt\/#organization\",\"name\":\"SBD Apparel LT\",\"url\":\"https:\/\/sbdapparel.lt\/\",\"logo\":{\"@type\":\"ImageObject\",\"inLanguage\":\"en-US\",\"@id\":\"https:\/\/sbdapparel.lt\/#\/schema\/logo\/image\/\",\"url\":\"https:\/\/sbdapparel.lt\/wp-content\/uploads\/2023\/07\/cropped-SBD_Identity_OnDark_RGB.png\",\"contentUrl\":\"https:\/\/sbdapparel.lt\/wp-content\/uploads\/2023\/07\/cropped-SBD_Identity_OnDark_RGB.png\",\"width\":1182,\"height\":515,\"caption\":\"SBD Apparel LT\"},\"image\":{\"@id\":\"https:\/\/sbdapparel.lt\/#\/schema\/logo\/image\/\"}}]}<\/script>\n<!-- \/ Yoast SEO plugin. -->","yoast_head_json":{"title":"2023 WORLD'S STRONGEST MAN MAR\u0160KIN\u0116LIAI - SBD Apparel LT","robots":{"index":"index","follow":"follow","max-snippet":"max-snippet:-1","max-image-preview":"max-image-preview:large","max-video-preview":"max-video-preview:-1"},"canonical":"https:\/\/sbdapparel.lt\/en\/product\/2023-stipriausio-vyro-marskineliai-juodos-spalvos\/","og_locale":"en_US","og_type":"article","og_title":"2023 WORLD'S STRONGEST MAN MAR\u0160KIN\u0116LIAI - SBD Apparel LT","og_description":"M\u016bs\u0173 komandos sukurti Did\u017eiojoje Britanijoje mar\u0161kin\u0117liai yra pagaminti skiriant d\u0117mes\u012f detal\u0117ms ir laikantis t\u0173 pa\u010di\u0173 auk\u0161t\u0173 standart\u0173, kaip ir ekipuot\u0117, kuria pasitik\u0117jo stipriausi pasaulio gali\u016bnai nuo pat m\u016bs\u0173 \u012fk\u016brimo, kurie var\u017eosi d\u0117l stipriausio pasaulio \u017emogaus titulo.  Oficial\u016bs 2023 m. SBD stipriausio pasaulio vyro turnyro mar\u0161kin\u0117liai. Patog\u016bs ir patvar\u016bs, sukurti taip, kad i\u0161tvert\u0173 ilgus naudojimo metus treniruot\u0117se. Megzta i\u0161 100% auk\u0161\u010diausios kokyb\u0117s Supima medviln\u0117s. Pagaminta Did\u017eiojoje Britanijoje.","og_url":"https:\/\/sbdapparel.lt\/en\/product\/2023-stipriausio-vyro-marskineliai-juodos-spalvos\/","og_site_name":"SBD Apparel LT","article_modified_time":"2025-12-08T08:58:33+00:00","og_image":[{"width":905,"height":859,"url":"https:\/\/sbdapparel.lt\/wp-content\/uploads\/2024\/11\/wsmblack.jpg","type":"image\/jpeg"}],"twitter_card":"summary_large_image","schema":{"@context":"https:\/\/schema.org","@graph":[{"@type":"WebPage","@id":"https:\/\/sbdapparel.lt\/product\/2023-stipriausio-vyro-marskineliai-juodos-spalvos\/","url":"https:\/\/sbdapparel.lt\/product\/2023-stipriausio-vyro-marskineliai-juodos-spalvos\/","name":"2023 WORLD'S STRONGEST MAN MAR\u0160KIN\u0116LIAI - SBD Apparel LT","isPartOf":{"@id":"https:\/\/sbdapparel.lt\/#website"},"primaryImageOfPage":{"@id":"https:\/\/sbdapparel.lt\/product\/2023-stipriausio-vyro-marskineliai-juodos-spalvos\/#primaryimage"},"image":{"@id":"https:\/\/sbdapparel.lt\/product\/2023-stipriausio-vyro-marskineliai-juodos-spalvos\/#primaryimage"},"thumbnailUrl":"https:\/\/sbdapparel.lt\/wp-content\/uploads\/2024\/11\/wsmblack.jpg","datePublished":"2024-11-10T20:40:07+00:00","dateModified":"2025-12-08T08:58:33+00:00","breadcrumb":{"@id":"https:\/\/sbdapparel.lt\/product\/2023-stipriausio-vyro-marskineliai-juodos-spalvos\/#breadcrumb"},"inLanguage":"en-US","potentialAction":[{"@type":"ReadAction","target":["https:\/\/sbdapparel.lt\/product\/2023-stipriausio-vyro-marskineliai-juodos-spalvos\/"]}]},{"@type":"ImageObject","inLanguage":"en-US","@id":"https:\/\/sbdapparel.lt\/product\/2023-stipriausio-vyro-marskineliai-juodos-spalvos\/#primaryimage","url":"https:\/\/sbdapparel.lt\/wp-content\/uploads\/2024\/11\/wsmblack.jpg","contentUrl":"https:\/\/sbdapparel.lt\/wp-content\/uploads\/2024\/11\/wsmblack.jpg","width":905,"height":859},{"@type":"BreadcrumbList","@id":"https:\/\/sbdapparel.lt\/product\/2023-stipriausio-vyro-marskineliai-juodos-spalvos\/#breadcrumb","itemListElement":[{"@type":"ListItem","position":1,"name":"Home","item":"https:\/\/sbdapparel.lt\/"},{"@type":"ListItem","position":2,"name":"Produktai","item":"https:\/\/sbdapparel.lt\/shop\/"},{"@type":"ListItem","position":3,"name":"2023 WORLD&#8217;S STRONGEST MAN MAR\u0160KIN\u0116LIAI"}]},{"@type":"WebSite","@id":"https:\/\/sbdapparel.lt\/#website","url":"https:\/\/sbdapparel.lt\/","name":"SBD Apparel LT","description":"LIETUVA","publisher":{"@id":"https:\/\/sbdapparel.lt\/#organization"},"potentialAction":[{"@type":"SearchAction","target":{"@type":"EntryPoint","urlTemplate":"https:\/\/sbdapparel.lt\/?s={search_term_string}"},"query-input":{"@type":"PropertyValueSpecification","valueRequired":true,"valueName":"search_term_string"}}],"inLanguage":"en-US"},{"@type":"Organization","@id":"https:\/\/sbdapparel.lt\/#organization","name":"SBD Apparel LT","url":"https:\/\/sbdapparel.lt\/","logo":{"@type":"ImageObject","inLanguage":"en-US","@id":"https:\/\/sbdapparel.lt\/#\/schema\/logo\/image\/","url":"https:\/\/sbdapparel.lt\/wp-content\/uploads\/2023\/07\/cropped-SBD_Identity_OnDark_RGB.png","contentUrl":"https:\/\/sbdapparel.lt\/wp-content\/uploads\/2023\/07\/cropped-SBD_Identity_OnDark_RGB.png","width":1182,"height":515,"caption":"SBD Apparel LT"},"image":{"@id":"https:\/\/sbdapparel.lt\/#\/schema\/logo\/image\/"}}]}},"_links":{"self":[{"href":"https:\/\/sbdapparel.lt\/en\/wp-json\/wp\/v2\/product\/2731","targetHints":{"allow":["GET"]}}],"collection":[{"href":"https:\/\/sbdapparel.lt\/en\/wp-json\/wp\/v2\/product"}],"about":[{"href":"https:\/\/sbdapparel.lt\/en\/wp-json\/wp\/v2\/types\/product"}],"version-history":[{"count":4,"href":"https:\/\/sbdapparel.lt\/en\/wp-json\/wp\/v2\/product\/2731\/revisions"}],"predecessor-version":[{"id":4130,"href":"https:\/\/sbdapparel.lt\/en\/wp-json\/wp\/v2\/product\/2731\/revisions\/4130"}],"wp:featuredmedia":[{"embeddable":true,"href":"https:\/\/sbdapparel.lt\/en\/wp-json\/wp\/v2\/media\/2755"}],"wp:attachment":[{"href":"https:\/\/sbdapparel.lt\/en\/wp-json\/wp\/v2\/media?parent=2731"}],"wp:term":[{"taxonomy":"product_brand","embeddable":true,"href":"https:\/\/sbdapparel.lt\/en\/wp-json\/wp\/v2\/product_brand?post=2731"},{"taxonomy":"product_cat","embeddable":true,"href":"https:\/\/sbdapparel.lt\/en\/wp-json\/wp\/v2\/product_cat?post=2731"},{"taxonomy":"product_tag","embeddable":true,"href":"https:\/\/sbdapparel.lt\/en\/wp-json\/wp\/v2\/product_tag?post=2731"},{"taxonomy":"giftcard-category","embeddable":true,"href":"https:\/\/sbdapparel.lt\/en\/wp-json\/wp\/v2\/giftcard-category?post=2731"}],"curies":[{"name":"wp","href":"https:\/\/api.w.org\/{rel}","templated":true}]}}