{"id":3033,"date":"2024-11-10T21:17:51","date_gmt":"2024-11-10T21:17:51","guid":{"rendered":"https:\/\/sbdapparel.lt\/?post_type=product&#038;p=3033"},"modified":"2024-11-10T21:20:03","modified_gmt":"2024-11-10T21:20:03","slug":"sbd-storm-varzybu-marskineliai","status":"publish","type":"product","link":"https:\/\/sbdapparel.lt\/en\/product\/sbd-storm-varzybu-marskineliai\/","title":{"rendered":"Storm Competition T-Shirt"},"content":{"rendered":"","protected":false},"excerpt":{"rendered":"<p>Manufactured fully in the UK from cotton to sewing, the SBD competition t-shirt can endure the toughest training. Developed in conjunction with athlete feedback.<\/p>\n<p>Storm is a limited edition collection, offering the same performance and manufactured to the same high standards as our classic product line.<\/p>\n<p>Featuring an SBD logo print on the chest and arms.<br \/>\nDesigned for use under a singlet.<br \/>\nComfortable and durable, designed to endure years of use in training.<br \/>\nKnitted with 100% premium cotton.<br \/>\nManufactured in Great Britain.<\/p>","protected":false},"featured_media":3047,"template":"","meta":[],"product_brand":[],"product_cat":[54,49,60],"product_tag":[],"giftcard-category":[],"class_list":{"0":"post-3033","1":"product","2":"type-product","3":"status-publish","4":"has-post-thumbnail","6":"product_cat-drabuziai","7":"product_cat-marskineliai","8":"product_cat-storm","11":"instock","12":"shipping-taxable","13":"purchasable","14":"product-type-variable","15":"product-grid-view"},"yoast_head":"<!-- This site is optimized with the Yoast SEO plugin v26.9 - https:\/\/yoast.com\/product\/yoast-seo-wordpress\/ -->\n<title>SBD STORM VAR\u017dYB\u0172 MAR\u0160KIN\u0116LIAI - SBD Apparel LT<\/title>\n<meta name=\"robots\" content=\"index, follow, max-snippet:-1, max-image-preview:large, max-video-preview:-1\" \/>\n<link rel=\"canonical\" href=\"https:\/\/sbdapparel.lt\/en\/product\/sbd-storm-varzybu-marskineliai\/\" \/>\n<meta property=\"og:locale\" content=\"en_US\" \/>\n<meta property=\"og:type\" content=\"article\" \/>\n<meta property=\"og:title\" content=\"SBD STORM VAR\u017dYB\u0172 MAR\u0160KIN\u0116LIAI - SBD Apparel LT\" \/>\n<meta property=\"og:description\" content=\"Visi\u0161kai Jungtin\u0117je Karalyst\u0117je nuo medviln\u0117s iki siuvimo pagaminti SBD var\u017eyb\u0173 mar\u0161kin\u0117liai gali atlaikyti sunkiausias treniruotes. Sukurta kartu su sportinink\u0173 atsiliepimais.  Storm yra riboto leidimo kolekcija, pasi\u017eyminti tokiomis pat savyb\u0117mis ir pagaminta pagal tuos pa\u010dius auk\u0161tus standartus kaip ir m\u016bs\u0173 klasikin\u0117 produkt\u0173 linija.  Su SBD logotipu ant kr\u016btin\u0117s ir rank\u0173. Sukurta naudoti po viengubu. Patogus ir patvarus, sukurtas taip, kad i\u0161tvert\u0173 naudojimo metus treniruot\u0117se. Megzta i\u0161 100% auk\u0161\u010diausios kokyb\u0117s Supima medviln\u0117s. Pagaminta Did\u017eiojoje Britanijoje.\" \/>\n<meta property=\"og:url\" content=\"https:\/\/sbdapparel.lt\/en\/product\/sbd-storm-varzybu-marskineliai\/\" \/>\n<meta property=\"og:site_name\" content=\"SBD Apparel LT\" \/>\n<meta property=\"article:modified_time\" content=\"2024-11-10T21:20:03+00:00\" \/>\n<meta property=\"og:image\" content=\"https:\/\/sbdapparel.lt\/wp-content\/uploads\/2024\/11\/STORM-T-SHIRT-COMP-BLUE-01.webp\" \/>\n\t<meta property=\"og:image:width\" content=\"1080\" \/>\n\t<meta property=\"og:image:height\" content=\"1080\" \/>\n\t<meta property=\"og:image:type\" content=\"image\/webp\" \/>\n<meta name=\"twitter:card\" content=\"summary_large_image\" \/>\n<script type=\"application\/ld+json\" class=\"yoast-schema-graph\">{\"@context\":\"https:\/\/schema.org\",\"@graph\":[{\"@type\":\"WebPage\",\"@id\":\"https:\/\/sbdapparel.lt\/product\/sbd-storm-varzybu-marskineliai\/\",\"url\":\"https:\/\/sbdapparel.lt\/product\/sbd-storm-varzybu-marskineliai\/\",\"name\":\"SBD STORM VAR\u017dYB\u0172 MAR\u0160KIN\u0116LIAI - SBD Apparel LT\",\"isPartOf\":{\"@id\":\"https:\/\/sbdapparel.lt\/#website\"},\"primaryImageOfPage\":{\"@id\":\"https:\/\/sbdapparel.lt\/product\/sbd-storm-varzybu-marskineliai\/#primaryimage\"},\"image\":{\"@id\":\"https:\/\/sbdapparel.lt\/product\/sbd-storm-varzybu-marskineliai\/#primaryimage\"},\"thumbnailUrl\":\"https:\/\/sbdapparel.lt\/wp-content\/uploads\/2024\/11\/STORM-T-SHIRT-COMP-BLUE-01.webp\",\"datePublished\":\"2024-11-10T21:17:51+00:00\",\"dateModified\":\"2024-11-10T21:20:03+00:00\",\"breadcrumb\":{\"@id\":\"https:\/\/sbdapparel.lt\/product\/sbd-storm-varzybu-marskineliai\/#breadcrumb\"},\"inLanguage\":\"en-US\",\"potentialAction\":[{\"@type\":\"ReadAction\",\"target\":[\"https:\/\/sbdapparel.lt\/product\/sbd-storm-varzybu-marskineliai\/\"]}]},{\"@type\":\"ImageObject\",\"inLanguage\":\"en-US\",\"@id\":\"https:\/\/sbdapparel.lt\/product\/sbd-storm-varzybu-marskineliai\/#primaryimage\",\"url\":\"https:\/\/sbdapparel.lt\/wp-content\/uploads\/2024\/11\/STORM-T-SHIRT-COMP-BLUE-01.webp\",\"contentUrl\":\"https:\/\/sbdapparel.lt\/wp-content\/uploads\/2024\/11\/STORM-T-SHIRT-COMP-BLUE-01.webp\",\"width\":1080,\"height\":1080},{\"@type\":\"BreadcrumbList\",\"@id\":\"https:\/\/sbdapparel.lt\/product\/sbd-storm-varzybu-marskineliai\/#breadcrumb\",\"itemListElement\":[{\"@type\":\"ListItem\",\"position\":1,\"name\":\"Home\",\"item\":\"https:\/\/sbdapparel.lt\/\"},{\"@type\":\"ListItem\",\"position\":2,\"name\":\"Produktai\",\"item\":\"https:\/\/sbdapparel.lt\/shop\/\"},{\"@type\":\"ListItem\",\"position\":3,\"name\":\"SBD STORM VAR\u017dYB\u0172 MAR\u0160KIN\u0116LIAI\"}]},{\"@type\":\"WebSite\",\"@id\":\"https:\/\/sbdapparel.lt\/#website\",\"url\":\"https:\/\/sbdapparel.lt\/\",\"name\":\"SBD Apparel LT\",\"description\":\"LIETUVA\",\"publisher\":{\"@id\":\"https:\/\/sbdapparel.lt\/#organization\"},\"potentialAction\":[{\"@type\":\"SearchAction\",\"target\":{\"@type\":\"EntryPoint\",\"urlTemplate\":\"https:\/\/sbdapparel.lt\/?s={search_term_string}\"},\"query-input\":{\"@type\":\"PropertyValueSpecification\",\"valueRequired\":true,\"valueName\":\"search_term_string\"}}],\"inLanguage\":\"en-US\"},{\"@type\":\"Organization\",\"@id\":\"https:\/\/sbdapparel.lt\/#organization\",\"name\":\"SBD Apparel LT\",\"url\":\"https:\/\/sbdapparel.lt\/\",\"logo\":{\"@type\":\"ImageObject\",\"inLanguage\":\"en-US\",\"@id\":\"https:\/\/sbdapparel.lt\/#\/schema\/logo\/image\/\",\"url\":\"https:\/\/sbdapparel.lt\/wp-content\/uploads\/2023\/07\/cropped-SBD_Identity_OnDark_RGB.png\",\"contentUrl\":\"https:\/\/sbdapparel.lt\/wp-content\/uploads\/2023\/07\/cropped-SBD_Identity_OnDark_RGB.png\",\"width\":1182,\"height\":515,\"caption\":\"SBD Apparel LT\"},\"image\":{\"@id\":\"https:\/\/sbdapparel.lt\/#\/schema\/logo\/image\/\"}}]}<\/script>\n<!-- \/ Yoast SEO plugin. -->","yoast_head_json":{"title":"SBD STORM VAR\u017dYB\u0172 MAR\u0160KIN\u0116LIAI - SBD Apparel LT","robots":{"index":"index","follow":"follow","max-snippet":"max-snippet:-1","max-image-preview":"max-image-preview:large","max-video-preview":"max-video-preview:-1"},"canonical":"https:\/\/sbdapparel.lt\/en\/product\/sbd-storm-varzybu-marskineliai\/","og_locale":"en_US","og_type":"article","og_title":"SBD STORM VAR\u017dYB\u0172 MAR\u0160KIN\u0116LIAI - SBD Apparel LT","og_description":"Visi\u0161kai Jungtin\u0117je Karalyst\u0117je nuo medviln\u0117s iki siuvimo pagaminti SBD var\u017eyb\u0173 mar\u0161kin\u0117liai gali atlaikyti sunkiausias treniruotes. Sukurta kartu su sportinink\u0173 atsiliepimais.  Storm yra riboto leidimo kolekcija, pasi\u017eyminti tokiomis pat savyb\u0117mis ir pagaminta pagal tuos pa\u010dius auk\u0161tus standartus kaip ir m\u016bs\u0173 klasikin\u0117 produkt\u0173 linija.  Su SBD logotipu ant kr\u016btin\u0117s ir rank\u0173. Sukurta naudoti po viengubu. Patogus ir patvarus, sukurtas taip, kad i\u0161tvert\u0173 naudojimo metus treniruot\u0117se. Megzta i\u0161 100% auk\u0161\u010diausios kokyb\u0117s Supima medviln\u0117s. Pagaminta Did\u017eiojoje Britanijoje.","og_url":"https:\/\/sbdapparel.lt\/en\/product\/sbd-storm-varzybu-marskineliai\/","og_site_name":"SBD Apparel LT","article_modified_time":"2024-11-10T21:20:03+00:00","og_image":[{"width":1080,"height":1080,"url":"https:\/\/sbdapparel.lt\/wp-content\/uploads\/2024\/11\/STORM-T-SHIRT-COMP-BLUE-01.webp","type":"image\/webp"}],"twitter_card":"summary_large_image","schema":{"@context":"https:\/\/schema.org","@graph":[{"@type":"WebPage","@id":"https:\/\/sbdapparel.lt\/product\/sbd-storm-varzybu-marskineliai\/","url":"https:\/\/sbdapparel.lt\/product\/sbd-storm-varzybu-marskineliai\/","name":"SBD STORM VAR\u017dYB\u0172 MAR\u0160KIN\u0116LIAI - SBD Apparel LT","isPartOf":{"@id":"https:\/\/sbdapparel.lt\/#website"},"primaryImageOfPage":{"@id":"https:\/\/sbdapparel.lt\/product\/sbd-storm-varzybu-marskineliai\/#primaryimage"},"image":{"@id":"https:\/\/sbdapparel.lt\/product\/sbd-storm-varzybu-marskineliai\/#primaryimage"},"thumbnailUrl":"https:\/\/sbdapparel.lt\/wp-content\/uploads\/2024\/11\/STORM-T-SHIRT-COMP-BLUE-01.webp","datePublished":"2024-11-10T21:17:51+00:00","dateModified":"2024-11-10T21:20:03+00:00","breadcrumb":{"@id":"https:\/\/sbdapparel.lt\/product\/sbd-storm-varzybu-marskineliai\/#breadcrumb"},"inLanguage":"en-US","potentialAction":[{"@type":"ReadAction","target":["https:\/\/sbdapparel.lt\/product\/sbd-storm-varzybu-marskineliai\/"]}]},{"@type":"ImageObject","inLanguage":"en-US","@id":"https:\/\/sbdapparel.lt\/product\/sbd-storm-varzybu-marskineliai\/#primaryimage","url":"https:\/\/sbdapparel.lt\/wp-content\/uploads\/2024\/11\/STORM-T-SHIRT-COMP-BLUE-01.webp","contentUrl":"https:\/\/sbdapparel.lt\/wp-content\/uploads\/2024\/11\/STORM-T-SHIRT-COMP-BLUE-01.webp","width":1080,"height":1080},{"@type":"BreadcrumbList","@id":"https:\/\/sbdapparel.lt\/product\/sbd-storm-varzybu-marskineliai\/#breadcrumb","itemListElement":[{"@type":"ListItem","position":1,"name":"Home","item":"https:\/\/sbdapparel.lt\/"},{"@type":"ListItem","position":2,"name":"Produktai","item":"https:\/\/sbdapparel.lt\/shop\/"},{"@type":"ListItem","position":3,"name":"SBD STORM VAR\u017dYB\u0172 MAR\u0160KIN\u0116LIAI"}]},{"@type":"WebSite","@id":"https:\/\/sbdapparel.lt\/#website","url":"https:\/\/sbdapparel.lt\/","name":"SBD Apparel LT","description":"LIETUVA","publisher":{"@id":"https:\/\/sbdapparel.lt\/#organization"},"potentialAction":[{"@type":"SearchAction","target":{"@type":"EntryPoint","urlTemplate":"https:\/\/sbdapparel.lt\/?s={search_term_string}"},"query-input":{"@type":"PropertyValueSpecification","valueRequired":true,"valueName":"search_term_string"}}],"inLanguage":"en-US"},{"@type":"Organization","@id":"https:\/\/sbdapparel.lt\/#organization","name":"SBD Apparel LT","url":"https:\/\/sbdapparel.lt\/","logo":{"@type":"ImageObject","inLanguage":"en-US","@id":"https:\/\/sbdapparel.lt\/#\/schema\/logo\/image\/","url":"https:\/\/sbdapparel.lt\/wp-content\/uploads\/2023\/07\/cropped-SBD_Identity_OnDark_RGB.png","contentUrl":"https:\/\/sbdapparel.lt\/wp-content\/uploads\/2023\/07\/cropped-SBD_Identity_OnDark_RGB.png","width":1182,"height":515,"caption":"SBD Apparel LT"},"image":{"@id":"https:\/\/sbdapparel.lt\/#\/schema\/logo\/image\/"}}]}},"_links":{"self":[{"href":"https:\/\/sbdapparel.lt\/en\/wp-json\/wp\/v2\/product\/3033","targetHints":{"allow":["GET"]}}],"collection":[{"href":"https:\/\/sbdapparel.lt\/en\/wp-json\/wp\/v2\/product"}],"about":[{"href":"https:\/\/sbdapparel.lt\/en\/wp-json\/wp\/v2\/types\/product"}],"version-history":[{"count":1,"href":"https:\/\/sbdapparel.lt\/en\/wp-json\/wp\/v2\/product\/3033\/revisions"}],"predecessor-version":[{"id":3056,"href":"https:\/\/sbdapparel.lt\/en\/wp-json\/wp\/v2\/product\/3033\/revisions\/3056"}],"wp:featuredmedia":[{"embeddable":true,"href":"https:\/\/sbdapparel.lt\/en\/wp-json\/wp\/v2\/media\/3047"}],"wp:attachment":[{"href":"https:\/\/sbdapparel.lt\/en\/wp-json\/wp\/v2\/media?parent=3033"}],"wp:term":[{"taxonomy":"product_brand","embeddable":true,"href":"https:\/\/sbdapparel.lt\/en\/wp-json\/wp\/v2\/product_brand?post=3033"},{"taxonomy":"product_cat","embeddable":true,"href":"https:\/\/sbdapparel.lt\/en\/wp-json\/wp\/v2\/product_cat?post=3033"},{"taxonomy":"product_tag","embeddable":true,"href":"https:\/\/sbdapparel.lt\/en\/wp-json\/wp\/v2\/product_tag?post=3033"},{"taxonomy":"giftcard-category","embeddable":true,"href":"https:\/\/sbdapparel.lt\/en\/wp-json\/wp\/v2\/giftcard-category?post=3033"}],"curies":[{"name":"wp","href":"https:\/\/api.w.org\/{rel}","templated":true}]}}