{"id":3075,"date":"2024-11-10T21:23:46","date_gmt":"2024-11-10T21:23:46","guid":{"rendered":"https:\/\/sbdapparel.lt\/?post_type=product&#038;p=3075"},"modified":"2025-01-02T21:00:40","modified_gmt":"2025-01-02T21:00:40","slug":"sbd-storm-marskineliai-navy","status":"publish","type":"product","link":"https:\/\/sbdapparel.lt\/en\/product\/sbd-storm-marskineliai-navy\/","title":{"rendered":"STORM T-SHIRT DARK BLUE"},"content":{"rendered":"","protected":false},"excerpt":{"rendered":"<p>Manufactured fully in the UK from cotton to sewing, the SBD shirt can endure the toughest training. Developed in conjunction with athlete feedback.<br \/>\nStorm is a limited edition collection, offering the same performance and manufactured to the same high standards as our classic product line.<br \/>\nFeaturing an SBD logo print on the chest.<br \/>\nComfortable and durable, designed to endure years of use in training.<br \/>\nKnitted with 100% premium cotton.<br \/>\nManufactured in Great Britain.<\/p>","protected":false},"featured_media":3083,"template":"","meta":[],"product_brand":[],"product_cat":[54,49,60],"product_tag":[],"giftcard-category":[],"class_list":{"0":"post-3075","1":"product","2":"type-product","3":"status-publish","4":"has-post-thumbnail","6":"product_cat-drabuziai","7":"product_cat-marskineliai","8":"product_cat-storm","11":"instock","12":"shipping-taxable","13":"purchasable","14":"product-type-variable","15":"product-grid-view"},"yoast_head":"<!-- This site is optimized with the Yoast SEO plugin v26.9 - https:\/\/yoast.com\/product\/yoast-seo-wordpress\/ -->\n<title>STORM MAR\u0160KIN\u0116LIAI TAMSIAI M\u0116LYNI - SBD Apparel LT<\/title>\n<meta name=\"robots\" content=\"index, follow, max-snippet:-1, max-image-preview:large, max-video-preview:-1\" \/>\n<link rel=\"canonical\" href=\"https:\/\/sbdapparel.lt\/en\/product\/sbd-storm-marskineliai-navy\/\" \/>\n<meta property=\"og:locale\" content=\"en_US\" \/>\n<meta property=\"og:type\" content=\"article\" \/>\n<meta property=\"og:title\" content=\"STORM MAR\u0160KIN\u0116LIAI TAMSIAI M\u0116LYNI - SBD Apparel LT\" \/>\n<meta property=\"og:description\" content=\"Nuo medviln\u0117s iki siuvimo visi\u0161kai JK pagaminti SBD mar\u0161kin\u0117liai gali atlaikyti sunkiausias treniruotes. Sukurta kartu su sportinink\u0173 atsiliepimais. Storm yra riboto leidimo kolekcija, pasi\u017eyminti tokiomis pat savyb\u0117mis ir pagaminta pagal tuos pa\u010dius auk\u0161tus standartus kaip ir m\u016bs\u0173 klasikin\u0117 produkt\u0173 linija. Ant kr\u016btin\u0117s yra SBD logotipo atspaudas. Patogus ir patvarus, sukurtas taip, kad i\u0161tvert\u0173 naudojimo metus treniruot\u0117se. Megzta i\u0161 100% auk\u0161\u010diausios kokyb\u0117s Supima medviln\u0117s. Pagaminta Did\u017eiojoje Britanijoje.\" \/>\n<meta property=\"og:url\" content=\"https:\/\/sbdapparel.lt\/en\/product\/sbd-storm-marskineliai-navy\/\" \/>\n<meta property=\"og:site_name\" content=\"SBD Apparel LT\" \/>\n<meta property=\"article:modified_time\" content=\"2025-01-02T21:00:40+00:00\" \/>\n<meta property=\"og:image\" content=\"https:\/\/sbdapparel.lt\/wp-content\/uploads\/2024\/11\/STORM-T-SHIRT-BLUE-1080x1080-01_1800x1800.png\" \/>\n\t<meta property=\"og:image:width\" content=\"600\" \/>\n\t<meta property=\"og:image:height\" content=\"600\" \/>\n\t<meta property=\"og:image:type\" content=\"image\/png\" \/>\n<meta name=\"twitter:card\" content=\"summary_large_image\" \/>\n<script type=\"application\/ld+json\" class=\"yoast-schema-graph\">{\"@context\":\"https:\/\/schema.org\",\"@graph\":[{\"@type\":\"WebPage\",\"@id\":\"https:\/\/sbdapparel.lt\/en\/product\/sbd-storm-marskineliai-navy\/\",\"url\":\"https:\/\/sbdapparel.lt\/en\/product\/sbd-storm-marskineliai-navy\/\",\"name\":\"STORM MAR\u0160KIN\u0116LIAI TAMSIAI M\u0116LYNI - SBD Apparel LT\",\"isPartOf\":{\"@id\":\"https:\/\/sbdapparel.lt\/#website\"},\"primaryImageOfPage\":{\"@id\":\"https:\/\/sbdapparel.lt\/en\/product\/sbd-storm-marskineliai-navy\/#primaryimage\"},\"image\":{\"@id\":\"https:\/\/sbdapparel.lt\/en\/product\/sbd-storm-marskineliai-navy\/#primaryimage\"},\"thumbnailUrl\":\"https:\/\/sbdapparel.lt\/wp-content\/uploads\/2024\/11\/STORM-T-SHIRT-BLUE-1080x1080-01_1800x1800.png\",\"datePublished\":\"2024-11-10T21:23:46+00:00\",\"dateModified\":\"2025-01-02T21:00:40+00:00\",\"breadcrumb\":{\"@id\":\"https:\/\/sbdapparel.lt\/en\/product\/sbd-storm-marskineliai-navy\/#breadcrumb\"},\"inLanguage\":\"en-US\",\"potentialAction\":[{\"@type\":\"ReadAction\",\"target\":[\"https:\/\/sbdapparel.lt\/en\/product\/sbd-storm-marskineliai-navy\/\"]}]},{\"@type\":\"ImageObject\",\"inLanguage\":\"en-US\",\"@id\":\"https:\/\/sbdapparel.lt\/en\/product\/sbd-storm-marskineliai-navy\/#primaryimage\",\"url\":\"https:\/\/sbdapparel.lt\/wp-content\/uploads\/2024\/11\/STORM-T-SHIRT-BLUE-1080x1080-01_1800x1800.png\",\"contentUrl\":\"https:\/\/sbdapparel.lt\/wp-content\/uploads\/2024\/11\/STORM-T-SHIRT-BLUE-1080x1080-01_1800x1800.png\",\"width\":600,\"height\":600},{\"@type\":\"BreadcrumbList\",\"@id\":\"https:\/\/sbdapparel.lt\/en\/product\/sbd-storm-marskineliai-navy\/#breadcrumb\",\"itemListElement\":[{\"@type\":\"ListItem\",\"position\":1,\"name\":\"Home\",\"item\":\"https:\/\/sbdapparel.lt\/\"},{\"@type\":\"ListItem\",\"position\":2,\"name\":\"Produktai\",\"item\":\"https:\/\/sbdapparel.lt\/shop\/\"},{\"@type\":\"ListItem\",\"position\":3,\"name\":\"STORM MAR\u0160KIN\u0116LIAI TAMSIAI M\u0116LYNI\"}]},{\"@type\":\"WebSite\",\"@id\":\"https:\/\/sbdapparel.lt\/#website\",\"url\":\"https:\/\/sbdapparel.lt\/\",\"name\":\"SBD Apparel LT\",\"description\":\"LIETUVA\",\"publisher\":{\"@id\":\"https:\/\/sbdapparel.lt\/#organization\"},\"potentialAction\":[{\"@type\":\"SearchAction\",\"target\":{\"@type\":\"EntryPoint\",\"urlTemplate\":\"https:\/\/sbdapparel.lt\/?s={search_term_string}\"},\"query-input\":{\"@type\":\"PropertyValueSpecification\",\"valueRequired\":true,\"valueName\":\"search_term_string\"}}],\"inLanguage\":\"en-US\"},{\"@type\":\"Organization\",\"@id\":\"https:\/\/sbdapparel.lt\/#organization\",\"name\":\"SBD Apparel LT\",\"url\":\"https:\/\/sbdapparel.lt\/\",\"logo\":{\"@type\":\"ImageObject\",\"inLanguage\":\"en-US\",\"@id\":\"https:\/\/sbdapparel.lt\/#\/schema\/logo\/image\/\",\"url\":\"https:\/\/sbdapparel.lt\/wp-content\/uploads\/2023\/07\/cropped-SBD_Identity_OnDark_RGB.png\",\"contentUrl\":\"https:\/\/sbdapparel.lt\/wp-content\/uploads\/2023\/07\/cropped-SBD_Identity_OnDark_RGB.png\",\"width\":1182,\"height\":515,\"caption\":\"SBD Apparel LT\"},\"image\":{\"@id\":\"https:\/\/sbdapparel.lt\/#\/schema\/logo\/image\/\"}}]}<\/script>\n<!-- \/ Yoast SEO plugin. -->","yoast_head_json":{"title":"STORM MAR\u0160KIN\u0116LIAI TAMSIAI M\u0116LYNI - SBD Apparel LT","robots":{"index":"index","follow":"follow","max-snippet":"max-snippet:-1","max-image-preview":"max-image-preview:large","max-video-preview":"max-video-preview:-1"},"canonical":"https:\/\/sbdapparel.lt\/en\/product\/sbd-storm-marskineliai-navy\/","og_locale":"en_US","og_type":"article","og_title":"STORM MAR\u0160KIN\u0116LIAI TAMSIAI M\u0116LYNI - SBD Apparel LT","og_description":"Nuo medviln\u0117s iki siuvimo visi\u0161kai JK pagaminti SBD mar\u0161kin\u0117liai gali atlaikyti sunkiausias treniruotes. Sukurta kartu su sportinink\u0173 atsiliepimais. Storm yra riboto leidimo kolekcija, pasi\u017eyminti tokiomis pat savyb\u0117mis ir pagaminta pagal tuos pa\u010dius auk\u0161tus standartus kaip ir m\u016bs\u0173 klasikin\u0117 produkt\u0173 linija. Ant kr\u016btin\u0117s yra SBD logotipo atspaudas. Patogus ir patvarus, sukurtas taip, kad i\u0161tvert\u0173 naudojimo metus treniruot\u0117se. Megzta i\u0161 100% auk\u0161\u010diausios kokyb\u0117s Supima medviln\u0117s. Pagaminta Did\u017eiojoje Britanijoje.","og_url":"https:\/\/sbdapparel.lt\/en\/product\/sbd-storm-marskineliai-navy\/","og_site_name":"SBD Apparel LT","article_modified_time":"2025-01-02T21:00:40+00:00","og_image":[{"width":600,"height":600,"url":"https:\/\/sbdapparel.lt\/wp-content\/uploads\/2024\/11\/STORM-T-SHIRT-BLUE-1080x1080-01_1800x1800.png","type":"image\/png"}],"twitter_card":"summary_large_image","schema":{"@context":"https:\/\/schema.org","@graph":[{"@type":"WebPage","@id":"https:\/\/sbdapparel.lt\/en\/product\/sbd-storm-marskineliai-navy\/","url":"https:\/\/sbdapparel.lt\/en\/product\/sbd-storm-marskineliai-navy\/","name":"STORM MAR\u0160KIN\u0116LIAI TAMSIAI M\u0116LYNI - SBD Apparel LT","isPartOf":{"@id":"https:\/\/sbdapparel.lt\/#website"},"primaryImageOfPage":{"@id":"https:\/\/sbdapparel.lt\/en\/product\/sbd-storm-marskineliai-navy\/#primaryimage"},"image":{"@id":"https:\/\/sbdapparel.lt\/en\/product\/sbd-storm-marskineliai-navy\/#primaryimage"},"thumbnailUrl":"https:\/\/sbdapparel.lt\/wp-content\/uploads\/2024\/11\/STORM-T-SHIRT-BLUE-1080x1080-01_1800x1800.png","datePublished":"2024-11-10T21:23:46+00:00","dateModified":"2025-01-02T21:00:40+00:00","breadcrumb":{"@id":"https:\/\/sbdapparel.lt\/en\/product\/sbd-storm-marskineliai-navy\/#breadcrumb"},"inLanguage":"en-US","potentialAction":[{"@type":"ReadAction","target":["https:\/\/sbdapparel.lt\/en\/product\/sbd-storm-marskineliai-navy\/"]}]},{"@type":"ImageObject","inLanguage":"en-US","@id":"https:\/\/sbdapparel.lt\/en\/product\/sbd-storm-marskineliai-navy\/#primaryimage","url":"https:\/\/sbdapparel.lt\/wp-content\/uploads\/2024\/11\/STORM-T-SHIRT-BLUE-1080x1080-01_1800x1800.png","contentUrl":"https:\/\/sbdapparel.lt\/wp-content\/uploads\/2024\/11\/STORM-T-SHIRT-BLUE-1080x1080-01_1800x1800.png","width":600,"height":600},{"@type":"BreadcrumbList","@id":"https:\/\/sbdapparel.lt\/en\/product\/sbd-storm-marskineliai-navy\/#breadcrumb","itemListElement":[{"@type":"ListItem","position":1,"name":"Home","item":"https:\/\/sbdapparel.lt\/"},{"@type":"ListItem","position":2,"name":"Produktai","item":"https:\/\/sbdapparel.lt\/shop\/"},{"@type":"ListItem","position":3,"name":"STORM MAR\u0160KIN\u0116LIAI TAMSIAI M\u0116LYNI"}]},{"@type":"WebSite","@id":"https:\/\/sbdapparel.lt\/#website","url":"https:\/\/sbdapparel.lt\/","name":"SBD Apparel LT","description":"LIETUVA","publisher":{"@id":"https:\/\/sbdapparel.lt\/#organization"},"potentialAction":[{"@type":"SearchAction","target":{"@type":"EntryPoint","urlTemplate":"https:\/\/sbdapparel.lt\/?s={search_term_string}"},"query-input":{"@type":"PropertyValueSpecification","valueRequired":true,"valueName":"search_term_string"}}],"inLanguage":"en-US"},{"@type":"Organization","@id":"https:\/\/sbdapparel.lt\/#organization","name":"SBD Apparel LT","url":"https:\/\/sbdapparel.lt\/","logo":{"@type":"ImageObject","inLanguage":"en-US","@id":"https:\/\/sbdapparel.lt\/#\/schema\/logo\/image\/","url":"https:\/\/sbdapparel.lt\/wp-content\/uploads\/2023\/07\/cropped-SBD_Identity_OnDark_RGB.png","contentUrl":"https:\/\/sbdapparel.lt\/wp-content\/uploads\/2023\/07\/cropped-SBD_Identity_OnDark_RGB.png","width":1182,"height":515,"caption":"SBD Apparel LT"},"image":{"@id":"https:\/\/sbdapparel.lt\/#\/schema\/logo\/image\/"}}]}},"_links":{"self":[{"href":"https:\/\/sbdapparel.lt\/en\/wp-json\/wp\/v2\/product\/3075","targetHints":{"allow":["GET"]}}],"collection":[{"href":"https:\/\/sbdapparel.lt\/en\/wp-json\/wp\/v2\/product"}],"about":[{"href":"https:\/\/sbdapparel.lt\/en\/wp-json\/wp\/v2\/types\/product"}],"version-history":[{"count":3,"href":"https:\/\/sbdapparel.lt\/en\/wp-json\/wp\/v2\/product\/3075\/revisions"}],"predecessor-version":[{"id":4276,"href":"https:\/\/sbdapparel.lt\/en\/wp-json\/wp\/v2\/product\/3075\/revisions\/4276"}],"wp:featuredmedia":[{"embeddable":true,"href":"https:\/\/sbdapparel.lt\/en\/wp-json\/wp\/v2\/media\/3083"}],"wp:attachment":[{"href":"https:\/\/sbdapparel.lt\/en\/wp-json\/wp\/v2\/media?parent=3075"}],"wp:term":[{"taxonomy":"product_brand","embeddable":true,"href":"https:\/\/sbdapparel.lt\/en\/wp-json\/wp\/v2\/product_brand?post=3075"},{"taxonomy":"product_cat","embeddable":true,"href":"https:\/\/sbdapparel.lt\/en\/wp-json\/wp\/v2\/product_cat?post=3075"},{"taxonomy":"product_tag","embeddable":true,"href":"https:\/\/sbdapparel.lt\/en\/wp-json\/wp\/v2\/product_tag?post=3075"},{"taxonomy":"giftcard-category","embeddable":true,"href":"https:\/\/sbdapparel.lt\/en\/wp-json\/wp\/v2\/giftcard-category?post=3075"}],"curies":[{"name":"wp","href":"https:\/\/api.w.org\/{rel}","templated":true}]}}