{"id":3133,"date":"2024-11-10T21:30:16","date_gmt":"2024-11-10T21:30:16","guid":{"rendered":"https:\/\/sbdapparel.lt\/?post_type=product&#038;p=3133"},"modified":"2026-03-18T10:56:25","modified_gmt":"2026-03-18T07:56:25","slug":"wsm-marskineliai-plytu-spalvos-2021","status":"publish","type":"product","link":"https:\/\/sbdapparel.lt\/en\/product\/wsm-marskineliai-plytu-spalvos-2021\/","title":{"rendered":"World\u2019s Strongest Man T-Shirt 2021 Brick"},"content":{"rendered":"","protected":false},"excerpt":{"rendered":"<p>Crafted by our team in Great Britain, our t-shirts are proudly made with the same attention to detail and to the same high standards as the equipment relied upon by the world\u2019s strongest athletes since our founding, as they compete to become the World\u2019s Strongest Man.<\/p>\n<p>The official 2021 SBD World\u2019s Strongest Man t-shirt.<br \/>\nComfortable and durable, designed to endure years of use in training.<br \/>\nKnitted with 100% premium cotton.<br \/>\nManufactured in Great Britain.<\/p>","protected":false},"featured_media":3142,"template":"","meta":[],"product_brand":[],"product_cat":[54,49],"product_tag":[],"giftcard-category":[],"class_list":{"0":"post-3133","1":"product","2":"type-product","3":"status-publish","4":"has-post-thumbnail","6":"product_cat-drabuziai","7":"product_cat-marskineliai","10":"instock","11":"shipping-taxable","12":"purchasable","13":"product-type-variable","14":"product-grid-view"},"yoast_head":"<!-- This site is optimized with the Yoast SEO plugin v26.9 - https:\/\/yoast.com\/product\/yoast-seo-wordpress\/ -->\n<title>WSM MAR\u0160KIN\u0116LIAI PLYT\u0172 SPALVOS 2021 - SBD Apparel LT<\/title>\n<meta name=\"robots\" content=\"index, follow, max-snippet:-1, max-image-preview:large, max-video-preview:-1\" \/>\n<link rel=\"canonical\" href=\"https:\/\/sbdapparel.lt\/en\/product\/wsm-marskineliai-plytu-spalvos-2021\/\" \/>\n<meta property=\"og:locale\" content=\"en_US\" \/>\n<meta property=\"og:type\" content=\"article\" \/>\n<meta property=\"og:title\" content=\"WSM MAR\u0160KIN\u0116LIAI PLYT\u0172 SPALVOS 2021 - SBD Apparel LT\" \/>\n<meta property=\"og:description\" content=\"M\u016bs\u0173 komandos sukurti Did\u017eiojoje Britanijoje, m\u016bs\u0173 mar\u0161kin\u0117liai yra pagaminti skiriant tok\u012f pat\u012f d\u0117mes\u012f detal\u0117ms ir laikantis t\u0173 pa\u010di\u0173 auk\u0161t\u0173 standart\u0173, kaip ir \u012franga, kuria pasitik\u0117jo stipriausi pasaulio sportininkai nuo pat m\u016bs\u0173 \u012fk\u016brimo, nes jie var\u017eosi d\u0117l stipriausio pasaulio \u017emogaus. .  Oficial\u016bs 2021 m. SBD stipriausio pasaulio vyro mar\u0161kin\u0117liai. Patogus ir patvarus, sukurtas taip, kad i\u0161tvert\u0173 naudojimo metus treniruot\u0117se. Megzta i\u0161 100% auk\u0161\u010diausios kokyb\u0117s Supima medviln\u0117s. Pagaminta Did\u017eiojoje Britanijoje.\" \/>\n<meta property=\"og:url\" content=\"https:\/\/sbdapparel.lt\/en\/product\/wsm-marskineliai-plytu-spalvos-2021\/\" \/>\n<meta property=\"og:site_name\" content=\"SBD Apparel LT\" \/>\n<meta property=\"article:modified_time\" content=\"2026-03-18T07:56:25+00:00\" \/>\n<meta property=\"og:image\" content=\"https:\/\/sbdapparel.lt\/wp-content\/uploads\/2024\/11\/WSM-T-SHIRT-2021-01.jpg\" \/>\n\t<meta property=\"og:image:width\" content=\"600\" \/>\n\t<meta property=\"og:image:height\" content=\"600\" \/>\n\t<meta property=\"og:image:type\" content=\"image\/jpeg\" \/>\n<meta name=\"twitter:card\" content=\"summary_large_image\" \/>\n<script type=\"application\/ld+json\" class=\"yoast-schema-graph\">{\"@context\":\"https:\/\/schema.org\",\"@graph\":[{\"@type\":\"WebPage\",\"@id\":\"https:\/\/sbdapparel.lt\/product\/wsm-marskineliai-plytu-spalvos-2021\/\",\"url\":\"https:\/\/sbdapparel.lt\/product\/wsm-marskineliai-plytu-spalvos-2021\/\",\"name\":\"WSM MAR\u0160KIN\u0116LIAI PLYT\u0172 SPALVOS 2021 - SBD Apparel LT\",\"isPartOf\":{\"@id\":\"https:\/\/sbdapparel.lt\/#website\"},\"primaryImageOfPage\":{\"@id\":\"https:\/\/sbdapparel.lt\/product\/wsm-marskineliai-plytu-spalvos-2021\/#primaryimage\"},\"image\":{\"@id\":\"https:\/\/sbdapparel.lt\/product\/wsm-marskineliai-plytu-spalvos-2021\/#primaryimage\"},\"thumbnailUrl\":\"https:\/\/sbdapparel.lt\/wp-content\/uploads\/2024\/11\/WSM-T-SHIRT-2021-01.jpg\",\"datePublished\":\"2024-11-10T21:30:16+00:00\",\"dateModified\":\"2026-03-18T07:56:25+00:00\",\"breadcrumb\":{\"@id\":\"https:\/\/sbdapparel.lt\/product\/wsm-marskineliai-plytu-spalvos-2021\/#breadcrumb\"},\"inLanguage\":\"en-US\",\"potentialAction\":[{\"@type\":\"ReadAction\",\"target\":[\"https:\/\/sbdapparel.lt\/product\/wsm-marskineliai-plytu-spalvos-2021\/\"]}]},{\"@type\":\"ImageObject\",\"inLanguage\":\"en-US\",\"@id\":\"https:\/\/sbdapparel.lt\/product\/wsm-marskineliai-plytu-spalvos-2021\/#primaryimage\",\"url\":\"https:\/\/sbdapparel.lt\/wp-content\/uploads\/2024\/11\/WSM-T-SHIRT-2021-01.jpg\",\"contentUrl\":\"https:\/\/sbdapparel.lt\/wp-content\/uploads\/2024\/11\/WSM-T-SHIRT-2021-01.jpg\",\"width\":600,\"height\":600},{\"@type\":\"BreadcrumbList\",\"@id\":\"https:\/\/sbdapparel.lt\/product\/wsm-marskineliai-plytu-spalvos-2021\/#breadcrumb\",\"itemListElement\":[{\"@type\":\"ListItem\",\"position\":1,\"name\":\"Home\",\"item\":\"https:\/\/sbdapparel.lt\/\"},{\"@type\":\"ListItem\",\"position\":2,\"name\":\"Produktai\",\"item\":\"https:\/\/sbdapparel.lt\/shop\/\"},{\"@type\":\"ListItem\",\"position\":3,\"name\":\"WSM MAR\u0160KIN\u0116LIAI PLYT\u0172 SPALVOS 2021\"}]},{\"@type\":\"WebSite\",\"@id\":\"https:\/\/sbdapparel.lt\/#website\",\"url\":\"https:\/\/sbdapparel.lt\/\",\"name\":\"SBD Apparel LT\",\"description\":\"LIETUVA\",\"publisher\":{\"@id\":\"https:\/\/sbdapparel.lt\/#organization\"},\"potentialAction\":[{\"@type\":\"SearchAction\",\"target\":{\"@type\":\"EntryPoint\",\"urlTemplate\":\"https:\/\/sbdapparel.lt\/?s={search_term_string}\"},\"query-input\":{\"@type\":\"PropertyValueSpecification\",\"valueRequired\":true,\"valueName\":\"search_term_string\"}}],\"inLanguage\":\"en-US\"},{\"@type\":\"Organization\",\"@id\":\"https:\/\/sbdapparel.lt\/#organization\",\"name\":\"SBD Apparel LT\",\"url\":\"https:\/\/sbdapparel.lt\/\",\"logo\":{\"@type\":\"ImageObject\",\"inLanguage\":\"en-US\",\"@id\":\"https:\/\/sbdapparel.lt\/#\/schema\/logo\/image\/\",\"url\":\"https:\/\/sbdapparel.lt\/wp-content\/uploads\/2023\/07\/cropped-SBD_Identity_OnDark_RGB.png\",\"contentUrl\":\"https:\/\/sbdapparel.lt\/wp-content\/uploads\/2023\/07\/cropped-SBD_Identity_OnDark_RGB.png\",\"width\":1182,\"height\":515,\"caption\":\"SBD Apparel LT\"},\"image\":{\"@id\":\"https:\/\/sbdapparel.lt\/#\/schema\/logo\/image\/\"}}]}<\/script>\n<!-- \/ Yoast SEO plugin. -->","yoast_head_json":{"title":"WSM MAR\u0160KIN\u0116LIAI PLYT\u0172 SPALVOS 2021 - SBD Apparel LT","robots":{"index":"index","follow":"follow","max-snippet":"max-snippet:-1","max-image-preview":"max-image-preview:large","max-video-preview":"max-video-preview:-1"},"canonical":"https:\/\/sbdapparel.lt\/en\/product\/wsm-marskineliai-plytu-spalvos-2021\/","og_locale":"en_US","og_type":"article","og_title":"WSM MAR\u0160KIN\u0116LIAI PLYT\u0172 SPALVOS 2021 - SBD Apparel LT","og_description":"M\u016bs\u0173 komandos sukurti Did\u017eiojoje Britanijoje, m\u016bs\u0173 mar\u0161kin\u0117liai yra pagaminti skiriant tok\u012f pat\u012f d\u0117mes\u012f detal\u0117ms ir laikantis t\u0173 pa\u010di\u0173 auk\u0161t\u0173 standart\u0173, kaip ir \u012franga, kuria pasitik\u0117jo stipriausi pasaulio sportininkai nuo pat m\u016bs\u0173 \u012fk\u016brimo, nes jie var\u017eosi d\u0117l stipriausio pasaulio \u017emogaus. .  Oficial\u016bs 2021 m. SBD stipriausio pasaulio vyro mar\u0161kin\u0117liai. Patogus ir patvarus, sukurtas taip, kad i\u0161tvert\u0173 naudojimo metus treniruot\u0117se. Megzta i\u0161 100% auk\u0161\u010diausios kokyb\u0117s Supima medviln\u0117s. Pagaminta Did\u017eiojoje Britanijoje.","og_url":"https:\/\/sbdapparel.lt\/en\/product\/wsm-marskineliai-plytu-spalvos-2021\/","og_site_name":"SBD Apparel LT","article_modified_time":"2026-03-18T07:56:25+00:00","og_image":[{"width":600,"height":600,"url":"https:\/\/sbdapparel.lt\/wp-content\/uploads\/2024\/11\/WSM-T-SHIRT-2021-01.jpg","type":"image\/jpeg"}],"twitter_card":"summary_large_image","schema":{"@context":"https:\/\/schema.org","@graph":[{"@type":"WebPage","@id":"https:\/\/sbdapparel.lt\/product\/wsm-marskineliai-plytu-spalvos-2021\/","url":"https:\/\/sbdapparel.lt\/product\/wsm-marskineliai-plytu-spalvos-2021\/","name":"WSM MAR\u0160KIN\u0116LIAI PLYT\u0172 SPALVOS 2021 - SBD Apparel LT","isPartOf":{"@id":"https:\/\/sbdapparel.lt\/#website"},"primaryImageOfPage":{"@id":"https:\/\/sbdapparel.lt\/product\/wsm-marskineliai-plytu-spalvos-2021\/#primaryimage"},"image":{"@id":"https:\/\/sbdapparel.lt\/product\/wsm-marskineliai-plytu-spalvos-2021\/#primaryimage"},"thumbnailUrl":"https:\/\/sbdapparel.lt\/wp-content\/uploads\/2024\/11\/WSM-T-SHIRT-2021-01.jpg","datePublished":"2024-11-10T21:30:16+00:00","dateModified":"2026-03-18T07:56:25+00:00","breadcrumb":{"@id":"https:\/\/sbdapparel.lt\/product\/wsm-marskineliai-plytu-spalvos-2021\/#breadcrumb"},"inLanguage":"en-US","potentialAction":[{"@type":"ReadAction","target":["https:\/\/sbdapparel.lt\/product\/wsm-marskineliai-plytu-spalvos-2021\/"]}]},{"@type":"ImageObject","inLanguage":"en-US","@id":"https:\/\/sbdapparel.lt\/product\/wsm-marskineliai-plytu-spalvos-2021\/#primaryimage","url":"https:\/\/sbdapparel.lt\/wp-content\/uploads\/2024\/11\/WSM-T-SHIRT-2021-01.jpg","contentUrl":"https:\/\/sbdapparel.lt\/wp-content\/uploads\/2024\/11\/WSM-T-SHIRT-2021-01.jpg","width":600,"height":600},{"@type":"BreadcrumbList","@id":"https:\/\/sbdapparel.lt\/product\/wsm-marskineliai-plytu-spalvos-2021\/#breadcrumb","itemListElement":[{"@type":"ListItem","position":1,"name":"Home","item":"https:\/\/sbdapparel.lt\/"},{"@type":"ListItem","position":2,"name":"Produktai","item":"https:\/\/sbdapparel.lt\/shop\/"},{"@type":"ListItem","position":3,"name":"WSM MAR\u0160KIN\u0116LIAI PLYT\u0172 SPALVOS 2021"}]},{"@type":"WebSite","@id":"https:\/\/sbdapparel.lt\/#website","url":"https:\/\/sbdapparel.lt\/","name":"SBD Apparel LT","description":"LIETUVA","publisher":{"@id":"https:\/\/sbdapparel.lt\/#organization"},"potentialAction":[{"@type":"SearchAction","target":{"@type":"EntryPoint","urlTemplate":"https:\/\/sbdapparel.lt\/?s={search_term_string}"},"query-input":{"@type":"PropertyValueSpecification","valueRequired":true,"valueName":"search_term_string"}}],"inLanguage":"en-US"},{"@type":"Organization","@id":"https:\/\/sbdapparel.lt\/#organization","name":"SBD Apparel LT","url":"https:\/\/sbdapparel.lt\/","logo":{"@type":"ImageObject","inLanguage":"en-US","@id":"https:\/\/sbdapparel.lt\/#\/schema\/logo\/image\/","url":"https:\/\/sbdapparel.lt\/wp-content\/uploads\/2023\/07\/cropped-SBD_Identity_OnDark_RGB.png","contentUrl":"https:\/\/sbdapparel.lt\/wp-content\/uploads\/2023\/07\/cropped-SBD_Identity_OnDark_RGB.png","width":1182,"height":515,"caption":"SBD Apparel LT"},"image":{"@id":"https:\/\/sbdapparel.lt\/#\/schema\/logo\/image\/"}}]}},"_links":{"self":[{"href":"https:\/\/sbdapparel.lt\/en\/wp-json\/wp\/v2\/product\/3133","targetHints":{"allow":["GET"]}}],"collection":[{"href":"https:\/\/sbdapparel.lt\/en\/wp-json\/wp\/v2\/product"}],"about":[{"href":"https:\/\/sbdapparel.lt\/en\/wp-json\/wp\/v2\/types\/product"}],"version-history":[{"count":3,"href":"https:\/\/sbdapparel.lt\/en\/wp-json\/wp\/v2\/product\/3133\/revisions"}],"predecessor-version":[{"id":4301,"href":"https:\/\/sbdapparel.lt\/en\/wp-json\/wp\/v2\/product\/3133\/revisions\/4301"}],"wp:featuredmedia":[{"embeddable":true,"href":"https:\/\/sbdapparel.lt\/en\/wp-json\/wp\/v2\/media\/3142"}],"wp:attachment":[{"href":"https:\/\/sbdapparel.lt\/en\/wp-json\/wp\/v2\/media?parent=3133"}],"wp:term":[{"taxonomy":"product_brand","embeddable":true,"href":"https:\/\/sbdapparel.lt\/en\/wp-json\/wp\/v2\/product_brand?post=3133"},{"taxonomy":"product_cat","embeddable":true,"href":"https:\/\/sbdapparel.lt\/en\/wp-json\/wp\/v2\/product_cat?post=3133"},{"taxonomy":"product_tag","embeddable":true,"href":"https:\/\/sbdapparel.lt\/en\/wp-json\/wp\/v2\/product_tag?post=3133"},{"taxonomy":"giftcard-category","embeddable":true,"href":"https:\/\/sbdapparel.lt\/en\/wp-json\/wp\/v2\/giftcard-category?post=3133"}],"curies":[{"name":"wp","href":"https:\/\/api.w.org\/{rel}","templated":true}]}}