{"id":3270,"date":"2024-11-10T21:51:39","date_gmt":"2024-11-10T21:51:39","guid":{"rendered":"https:\/\/sbdapparel.lt\/?post_type=product&#038;p=3270"},"modified":"2025-02-09T17:31:20","modified_gmt":"2025-02-09T17:31:20","slug":"reflect-marskineliai-be-rankoviu","status":"publish","type":"product","link":"https:\/\/sbdapparel.lt\/en\/product\/reflect-marskineliai-be-rankoviu\/","title":{"rendered":"Reflect Tank"},"content":{"rendered":"","protected":false},"excerpt":{"rendered":"<p>Manufactured fully in the UK from cotton to sewing, the SBD tank can endure the toughest training. Developed in conjunction with athlete feedback.<\/p>\n<p>Featuring an SBD logo print on the chest.<br \/>\nComfortable and durable, designed to endure years of use in training.<br \/>\nKnitted with 100% Good Earth Cotton\u00ae.<br \/>\nMade in Sheffield, Great Britain.<br \/>\nThere are male and female models.<\/p>","protected":false},"featured_media":3279,"template":"","meta":[],"product_brand":[],"product_cat":[68,63],"product_tag":[],"giftcard-category":[],"class_list":{"0":"post-3270","1":"product","2":"type-product","3":"status-publish","4":"has-post-thumbnail","6":"product_cat-marskineliai-be-rankoviu","7":"product_cat-reflect","10":"instock","11":"shipping-taxable","12":"purchasable","13":"product-type-variable","14":"product-grid-view"},"yoast_head":"<!-- This site is optimized with the Yoast SEO plugin v26.9 - https:\/\/yoast.com\/product\/yoast-seo-wordpress\/ -->\n<title>REFLECT MAR\u0160KIN\u0116LIAI BE RANKOVI\u0172 - SBD Apparel LT<\/title>\n<meta name=\"robots\" content=\"index, follow, max-snippet:-1, max-image-preview:large, max-video-preview:-1\" \/>\n<link rel=\"canonical\" href=\"https:\/\/sbdapparel.lt\/en\/product\/reflect-marskineliai-be-rankoviu\/\" \/>\n<meta property=\"og:locale\" content=\"en_US\" \/>\n<meta property=\"og:type\" content=\"article\" \/>\n<meta property=\"og:title\" content=\"REFLECT MAR\u0160KIN\u0116LIAI BE RANKOVI\u0172 - SBD Apparel LT\" \/>\n<meta property=\"og:description\" content=\"Pagaminta JK nuo medviln\u0117s iki siuvimo, SBD mar\u0161kin\u0117liai be rankovi\u0173 gali atlaikyti sunkiausias treniruotes. Sukurta pagal sportinink\u0173 atsiliepimus.  Ant kr\u016btin\u0117s yra SBD logotipas. Patog\u016bs ir patvar\u016bs, sukurti taip, kad i\u0161tvert\u0173 ilgus naudojimo metus treniruot\u0117se. Megzta i\u0161 100% auk\u0161\u010diausios kokyb\u0117s Suprima medviln\u0117s. Pagaminta Did\u017eiojoje Britanijoje Moteri\u0161ki ir vyri\u0161ki modeliai.\" \/>\n<meta property=\"og:url\" content=\"https:\/\/sbdapparel.lt\/en\/product\/reflect-marskineliai-be-rankoviu\/\" \/>\n<meta property=\"og:site_name\" content=\"SBD Apparel LT\" \/>\n<meta property=\"article:modified_time\" content=\"2025-02-09T17:31:20+00:00\" \/>\n<meta property=\"og:image\" content=\"https:\/\/sbdapparel.lt\/wp-content\/uploads\/2024\/11\/Reflect-Tank-02-1024x1024.jpg\" \/>\n\t<meta property=\"og:image:width\" content=\"1024\" \/>\n\t<meta property=\"og:image:height\" content=\"1024\" \/>\n\t<meta property=\"og:image:type\" content=\"image\/jpeg\" \/>\n<meta name=\"twitter:card\" content=\"summary_large_image\" \/>\n<script type=\"application\/ld+json\" class=\"yoast-schema-graph\">{\"@context\":\"https:\/\/schema.org\",\"@graph\":[{\"@type\":\"WebPage\",\"@id\":\"https:\/\/sbdapparel.lt\/product\/reflect-marskineliai-be-rankoviu\/\",\"url\":\"https:\/\/sbdapparel.lt\/product\/reflect-marskineliai-be-rankoviu\/\",\"name\":\"REFLECT MAR\u0160KIN\u0116LIAI BE RANKOVI\u0172 - SBD Apparel LT\",\"isPartOf\":{\"@id\":\"https:\/\/sbdapparel.lt\/#website\"},\"primaryImageOfPage\":{\"@id\":\"https:\/\/sbdapparel.lt\/product\/reflect-marskineliai-be-rankoviu\/#primaryimage\"},\"image\":{\"@id\":\"https:\/\/sbdapparel.lt\/product\/reflect-marskineliai-be-rankoviu\/#primaryimage\"},\"thumbnailUrl\":\"https:\/\/sbdapparel.lt\/wp-content\/uploads\/2024\/11\/Reflect-Tank-02.jpg\",\"datePublished\":\"2024-11-10T21:51:39+00:00\",\"dateModified\":\"2025-02-09T17:31:20+00:00\",\"breadcrumb\":{\"@id\":\"https:\/\/sbdapparel.lt\/product\/reflect-marskineliai-be-rankoviu\/#breadcrumb\"},\"inLanguage\":\"en-US\",\"potentialAction\":[{\"@type\":\"ReadAction\",\"target\":[\"https:\/\/sbdapparel.lt\/product\/reflect-marskineliai-be-rankoviu\/\"]}]},{\"@type\":\"ImageObject\",\"inLanguage\":\"en-US\",\"@id\":\"https:\/\/sbdapparel.lt\/product\/reflect-marskineliai-be-rankoviu\/#primaryimage\",\"url\":\"https:\/\/sbdapparel.lt\/wp-content\/uploads\/2024\/11\/Reflect-Tank-02.jpg\",\"contentUrl\":\"https:\/\/sbdapparel.lt\/wp-content\/uploads\/2024\/11\/Reflect-Tank-02.jpg\",\"width\":2048,\"height\":2048},{\"@type\":\"BreadcrumbList\",\"@id\":\"https:\/\/sbdapparel.lt\/product\/reflect-marskineliai-be-rankoviu\/#breadcrumb\",\"itemListElement\":[{\"@type\":\"ListItem\",\"position\":1,\"name\":\"Home\",\"item\":\"https:\/\/sbdapparel.lt\/\"},{\"@type\":\"ListItem\",\"position\":2,\"name\":\"Produktai\",\"item\":\"https:\/\/sbdapparel.lt\/shop\/\"},{\"@type\":\"ListItem\",\"position\":3,\"name\":\"REFLECT MAR\u0160KIN\u0116LIAI BE RANKOVI\u0172\"}]},{\"@type\":\"WebSite\",\"@id\":\"https:\/\/sbdapparel.lt\/#website\",\"url\":\"https:\/\/sbdapparel.lt\/\",\"name\":\"SBD Apparel LT\",\"description\":\"LIETUVA\",\"publisher\":{\"@id\":\"https:\/\/sbdapparel.lt\/#organization\"},\"potentialAction\":[{\"@type\":\"SearchAction\",\"target\":{\"@type\":\"EntryPoint\",\"urlTemplate\":\"https:\/\/sbdapparel.lt\/?s={search_term_string}\"},\"query-input\":{\"@type\":\"PropertyValueSpecification\",\"valueRequired\":true,\"valueName\":\"search_term_string\"}}],\"inLanguage\":\"en-US\"},{\"@type\":\"Organization\",\"@id\":\"https:\/\/sbdapparel.lt\/#organization\",\"name\":\"SBD Apparel LT\",\"url\":\"https:\/\/sbdapparel.lt\/\",\"logo\":{\"@type\":\"ImageObject\",\"inLanguage\":\"en-US\",\"@id\":\"https:\/\/sbdapparel.lt\/#\/schema\/logo\/image\/\",\"url\":\"https:\/\/sbdapparel.lt\/wp-content\/uploads\/2023\/07\/cropped-SBD_Identity_OnDark_RGB.png\",\"contentUrl\":\"https:\/\/sbdapparel.lt\/wp-content\/uploads\/2023\/07\/cropped-SBD_Identity_OnDark_RGB.png\",\"width\":1182,\"height\":515,\"caption\":\"SBD Apparel LT\"},\"image\":{\"@id\":\"https:\/\/sbdapparel.lt\/#\/schema\/logo\/image\/\"}}]}<\/script>\n<!-- \/ Yoast SEO plugin. -->","yoast_head_json":{"title":"REFLECT MAR\u0160KIN\u0116LIAI BE RANKOVI\u0172 - SBD Apparel LT","robots":{"index":"index","follow":"follow","max-snippet":"max-snippet:-1","max-image-preview":"max-image-preview:large","max-video-preview":"max-video-preview:-1"},"canonical":"https:\/\/sbdapparel.lt\/en\/product\/reflect-marskineliai-be-rankoviu\/","og_locale":"en_US","og_type":"article","og_title":"REFLECT MAR\u0160KIN\u0116LIAI BE RANKOVI\u0172 - SBD Apparel LT","og_description":"Pagaminta JK nuo medviln\u0117s iki siuvimo, SBD mar\u0161kin\u0117liai be rankovi\u0173 gali atlaikyti sunkiausias treniruotes. Sukurta pagal sportinink\u0173 atsiliepimus.  Ant kr\u016btin\u0117s yra SBD logotipas. Patog\u016bs ir patvar\u016bs, sukurti taip, kad i\u0161tvert\u0173 ilgus naudojimo metus treniruot\u0117se. Megzta i\u0161 100% auk\u0161\u010diausios kokyb\u0117s Suprima medviln\u0117s. Pagaminta Did\u017eiojoje Britanijoje Moteri\u0161ki ir vyri\u0161ki modeliai.","og_url":"https:\/\/sbdapparel.lt\/en\/product\/reflect-marskineliai-be-rankoviu\/","og_site_name":"SBD Apparel LT","article_modified_time":"2025-02-09T17:31:20+00:00","og_image":[{"width":1024,"height":1024,"url":"https:\/\/sbdapparel.lt\/wp-content\/uploads\/2024\/11\/Reflect-Tank-02-1024x1024.jpg","type":"image\/jpeg"}],"twitter_card":"summary_large_image","schema":{"@context":"https:\/\/schema.org","@graph":[{"@type":"WebPage","@id":"https:\/\/sbdapparel.lt\/product\/reflect-marskineliai-be-rankoviu\/","url":"https:\/\/sbdapparel.lt\/product\/reflect-marskineliai-be-rankoviu\/","name":"REFLECT MAR\u0160KIN\u0116LIAI BE RANKOVI\u0172 - SBD Apparel LT","isPartOf":{"@id":"https:\/\/sbdapparel.lt\/#website"},"primaryImageOfPage":{"@id":"https:\/\/sbdapparel.lt\/product\/reflect-marskineliai-be-rankoviu\/#primaryimage"},"image":{"@id":"https:\/\/sbdapparel.lt\/product\/reflect-marskineliai-be-rankoviu\/#primaryimage"},"thumbnailUrl":"https:\/\/sbdapparel.lt\/wp-content\/uploads\/2024\/11\/Reflect-Tank-02.jpg","datePublished":"2024-11-10T21:51:39+00:00","dateModified":"2025-02-09T17:31:20+00:00","breadcrumb":{"@id":"https:\/\/sbdapparel.lt\/product\/reflect-marskineliai-be-rankoviu\/#breadcrumb"},"inLanguage":"en-US","potentialAction":[{"@type":"ReadAction","target":["https:\/\/sbdapparel.lt\/product\/reflect-marskineliai-be-rankoviu\/"]}]},{"@type":"ImageObject","inLanguage":"en-US","@id":"https:\/\/sbdapparel.lt\/product\/reflect-marskineliai-be-rankoviu\/#primaryimage","url":"https:\/\/sbdapparel.lt\/wp-content\/uploads\/2024\/11\/Reflect-Tank-02.jpg","contentUrl":"https:\/\/sbdapparel.lt\/wp-content\/uploads\/2024\/11\/Reflect-Tank-02.jpg","width":2048,"height":2048},{"@type":"BreadcrumbList","@id":"https:\/\/sbdapparel.lt\/product\/reflect-marskineliai-be-rankoviu\/#breadcrumb","itemListElement":[{"@type":"ListItem","position":1,"name":"Home","item":"https:\/\/sbdapparel.lt\/"},{"@type":"ListItem","position":2,"name":"Produktai","item":"https:\/\/sbdapparel.lt\/shop\/"},{"@type":"ListItem","position":3,"name":"REFLECT MAR\u0160KIN\u0116LIAI BE RANKOVI\u0172"}]},{"@type":"WebSite","@id":"https:\/\/sbdapparel.lt\/#website","url":"https:\/\/sbdapparel.lt\/","name":"SBD Apparel LT","description":"LIETUVA","publisher":{"@id":"https:\/\/sbdapparel.lt\/#organization"},"potentialAction":[{"@type":"SearchAction","target":{"@type":"EntryPoint","urlTemplate":"https:\/\/sbdapparel.lt\/?s={search_term_string}"},"query-input":{"@type":"PropertyValueSpecification","valueRequired":true,"valueName":"search_term_string"}}],"inLanguage":"en-US"},{"@type":"Organization","@id":"https:\/\/sbdapparel.lt\/#organization","name":"SBD Apparel LT","url":"https:\/\/sbdapparel.lt\/","logo":{"@type":"ImageObject","inLanguage":"en-US","@id":"https:\/\/sbdapparel.lt\/#\/schema\/logo\/image\/","url":"https:\/\/sbdapparel.lt\/wp-content\/uploads\/2023\/07\/cropped-SBD_Identity_OnDark_RGB.png","contentUrl":"https:\/\/sbdapparel.lt\/wp-content\/uploads\/2023\/07\/cropped-SBD_Identity_OnDark_RGB.png","width":1182,"height":515,"caption":"SBD Apparel LT"},"image":{"@id":"https:\/\/sbdapparel.lt\/#\/schema\/logo\/image\/"}}]}},"_links":{"self":[{"href":"https:\/\/sbdapparel.lt\/en\/wp-json\/wp\/v2\/product\/3270","targetHints":{"allow":["GET"]}}],"collection":[{"href":"https:\/\/sbdapparel.lt\/en\/wp-json\/wp\/v2\/product"}],"about":[{"href":"https:\/\/sbdapparel.lt\/en\/wp-json\/wp\/v2\/types\/product"}],"version-history":[{"count":3,"href":"https:\/\/sbdapparel.lt\/en\/wp-json\/wp\/v2\/product\/3270\/revisions"}],"predecessor-version":[{"id":4204,"href":"https:\/\/sbdapparel.lt\/en\/wp-json\/wp\/v2\/product\/3270\/revisions\/4204"}],"wp:featuredmedia":[{"embeddable":true,"href":"https:\/\/sbdapparel.lt\/en\/wp-json\/wp\/v2\/media\/3279"}],"wp:attachment":[{"href":"https:\/\/sbdapparel.lt\/en\/wp-json\/wp\/v2\/media?parent=3270"}],"wp:term":[{"taxonomy":"product_brand","embeddable":true,"href":"https:\/\/sbdapparel.lt\/en\/wp-json\/wp\/v2\/product_brand?post=3270"},{"taxonomy":"product_cat","embeddable":true,"href":"https:\/\/sbdapparel.lt\/en\/wp-json\/wp\/v2\/product_cat?post=3270"},{"taxonomy":"product_tag","embeddable":true,"href":"https:\/\/sbdapparel.lt\/en\/wp-json\/wp\/v2\/product_tag?post=3270"},{"taxonomy":"giftcard-category","embeddable":true,"href":"https:\/\/sbdapparel.lt\/en\/wp-json\/wp\/v2\/giftcard-category?post=3270"}],"curies":[{"name":"wp","href":"https:\/\/api.w.org\/{rel}","templated":true}]}}