{"id":3293,"date":"2024-11-10T21:56:16","date_gmt":"2024-11-10T21:56:16","guid":{"rendered":"https:\/\/sbdapparel.lt\/?post_type=product&#038;p=3293"},"modified":"2026-01-16T22:41:24","modified_gmt":"2026-01-16T19:41:24","slug":"sbd-kepure-2","status":"publish","type":"product","link":"https:\/\/sbdapparel.lt\/en\/product\/sbd-kepure-2\/","title":{"rendered":"SBD BEANIE"},"content":{"rendered":"","protected":false},"excerpt":{"rendered":"<p>One size fits all.<br \/>\nAcrylic beanie with 3D embroidered SBD logo.<br \/>\nManufactured in Great Britain.<\/p>","protected":false},"featured_media":3302,"template":"","meta":[],"product_brand":[],"product_cat":[54,52,56],"product_tag":[],"giftcard-category":[],"class_list":{"0":"post-3293","1":"product","2":"type-product","3":"status-publish","4":"has-post-thumbnail","6":"product_cat-drabuziai","7":"product_cat-kepures","8":"product_cat-klasikine","11":"instock","12":"shipping-taxable","13":"purchasable","14":"product-type-simple","15":"product-grid-view"},"yoast_head":"<!-- This site is optimized with the Yoast SEO plugin v26.9 - https:\/\/yoast.com\/product\/yoast-seo-wordpress\/ -->\n<title>SBD BEANIE - SBD Apparel LT<\/title>\n<meta name=\"robots\" content=\"index, follow, max-snippet:-1, max-image-preview:large, max-video-preview:-1\" \/>\n<link rel=\"canonical\" href=\"https:\/\/sbdapparel.lt\/en\/product\/sbd-kepure-2\/\" \/>\n<meta property=\"og:locale\" content=\"en_US\" \/>\n<meta property=\"og:type\" content=\"article\" \/>\n<meta property=\"og:title\" content=\"SBD BEANIE - SBD Apparel LT\" \/>\n<meta property=\"og:description\" content=\"Vienas dydis tinka visiems. Akrilin\u0117 kepurait\u0117 su 3D i\u0161siuvin\u0117tu SBD logotipu. Pagaminta Did\u017eiojoje Britanijoje.\" \/>\n<meta property=\"og:url\" content=\"https:\/\/sbdapparel.lt\/en\/product\/sbd-kepure-2\/\" \/>\n<meta property=\"og:site_name\" content=\"SBD Apparel LT\" \/>\n<meta property=\"article:modified_time\" content=\"2026-01-16T19:41:24+00:00\" \/>\n<meta property=\"og:image\" content=\"https:\/\/sbdapparel.lt\/wp-content\/uploads\/2024\/11\/6681438650575-1659458644850_16ba83b5-39f4-47b4-9cce-7c16e5439802_1800x1800.webp\" \/>\n\t<meta property=\"og:image:width\" content=\"1080\" \/>\n\t<meta property=\"og:image:height\" content=\"1080\" \/>\n\t<meta property=\"og:image:type\" content=\"image\/webp\" \/>\n<meta name=\"twitter:card\" content=\"summary_large_image\" \/>\n<script type=\"application\/ld+json\" class=\"yoast-schema-graph\">{\"@context\":\"https:\/\/schema.org\",\"@graph\":[{\"@type\":\"WebPage\",\"@id\":\"https:\/\/sbdapparel.lt\/en\/product\/sbd-kepure-2\/\",\"url\":\"https:\/\/sbdapparel.lt\/en\/product\/sbd-kepure-2\/\",\"name\":\"SBD BEANIE - SBD Apparel LT\",\"isPartOf\":{\"@id\":\"https:\/\/sbdapparel.lt\/#website\"},\"primaryImageOfPage\":{\"@id\":\"https:\/\/sbdapparel.lt\/en\/product\/sbd-kepure-2\/#primaryimage\"},\"image\":{\"@id\":\"https:\/\/sbdapparel.lt\/en\/product\/sbd-kepure-2\/#primaryimage\"},\"thumbnailUrl\":\"https:\/\/sbdapparel.lt\/wp-content\/uploads\/2024\/11\/6681438650575-1659458644850_16ba83b5-39f4-47b4-9cce-7c16e5439802_1800x1800.webp\",\"datePublished\":\"2024-11-10T21:56:16+00:00\",\"dateModified\":\"2026-01-16T19:41:24+00:00\",\"breadcrumb\":{\"@id\":\"https:\/\/sbdapparel.lt\/en\/product\/sbd-kepure-2\/#breadcrumb\"},\"inLanguage\":\"en-US\",\"potentialAction\":[{\"@type\":\"ReadAction\",\"target\":[\"https:\/\/sbdapparel.lt\/en\/product\/sbd-kepure-2\/\"]}]},{\"@type\":\"ImageObject\",\"inLanguage\":\"en-US\",\"@id\":\"https:\/\/sbdapparel.lt\/en\/product\/sbd-kepure-2\/#primaryimage\",\"url\":\"https:\/\/sbdapparel.lt\/wp-content\/uploads\/2024\/11\/6681438650575-1659458644850_16ba83b5-39f4-47b4-9cce-7c16e5439802_1800x1800.webp\",\"contentUrl\":\"https:\/\/sbdapparel.lt\/wp-content\/uploads\/2024\/11\/6681438650575-1659458644850_16ba83b5-39f4-47b4-9cce-7c16e5439802_1800x1800.webp\",\"width\":1080,\"height\":1080},{\"@type\":\"BreadcrumbList\",\"@id\":\"https:\/\/sbdapparel.lt\/en\/product\/sbd-kepure-2\/#breadcrumb\",\"itemListElement\":[{\"@type\":\"ListItem\",\"position\":1,\"name\":\"Home\",\"item\":\"https:\/\/sbdapparel.lt\/\"},{\"@type\":\"ListItem\",\"position\":2,\"name\":\"Produktai\",\"item\":\"https:\/\/sbdapparel.lt\/shop\/\"},{\"@type\":\"ListItem\",\"position\":3,\"name\":\"SBD BEANIE\"}]},{\"@type\":\"WebSite\",\"@id\":\"https:\/\/sbdapparel.lt\/#website\",\"url\":\"https:\/\/sbdapparel.lt\/\",\"name\":\"SBD Apparel LT\",\"description\":\"LIETUVA\",\"publisher\":{\"@id\":\"https:\/\/sbdapparel.lt\/#organization\"},\"potentialAction\":[{\"@type\":\"SearchAction\",\"target\":{\"@type\":\"EntryPoint\",\"urlTemplate\":\"https:\/\/sbdapparel.lt\/?s={search_term_string}\"},\"query-input\":{\"@type\":\"PropertyValueSpecification\",\"valueRequired\":true,\"valueName\":\"search_term_string\"}}],\"inLanguage\":\"en-US\"},{\"@type\":\"Organization\",\"@id\":\"https:\/\/sbdapparel.lt\/#organization\",\"name\":\"SBD Apparel LT\",\"url\":\"https:\/\/sbdapparel.lt\/\",\"logo\":{\"@type\":\"ImageObject\",\"inLanguage\":\"en-US\",\"@id\":\"https:\/\/sbdapparel.lt\/#\/schema\/logo\/image\/\",\"url\":\"https:\/\/sbdapparel.lt\/wp-content\/uploads\/2023\/07\/cropped-SBD_Identity_OnDark_RGB.png\",\"contentUrl\":\"https:\/\/sbdapparel.lt\/wp-content\/uploads\/2023\/07\/cropped-SBD_Identity_OnDark_RGB.png\",\"width\":1182,\"height\":515,\"caption\":\"SBD Apparel LT\"},\"image\":{\"@id\":\"https:\/\/sbdapparel.lt\/#\/schema\/logo\/image\/\"}}]}<\/script>\n<!-- \/ Yoast SEO plugin. -->","yoast_head_json":{"title":"SBD BEANIE - SBD Apparel LT","robots":{"index":"index","follow":"follow","max-snippet":"max-snippet:-1","max-image-preview":"max-image-preview:large","max-video-preview":"max-video-preview:-1"},"canonical":"https:\/\/sbdapparel.lt\/en\/product\/sbd-kepure-2\/","og_locale":"en_US","og_type":"article","og_title":"SBD BEANIE - SBD Apparel LT","og_description":"Vienas dydis tinka visiems. Akrilin\u0117 kepurait\u0117 su 3D i\u0161siuvin\u0117tu SBD logotipu. Pagaminta Did\u017eiojoje Britanijoje.","og_url":"https:\/\/sbdapparel.lt\/en\/product\/sbd-kepure-2\/","og_site_name":"SBD Apparel LT","article_modified_time":"2026-01-16T19:41:24+00:00","og_image":[{"width":1080,"height":1080,"url":"https:\/\/sbdapparel.lt\/wp-content\/uploads\/2024\/11\/6681438650575-1659458644850_16ba83b5-39f4-47b4-9cce-7c16e5439802_1800x1800.webp","type":"image\/webp"}],"twitter_card":"summary_large_image","schema":{"@context":"https:\/\/schema.org","@graph":[{"@type":"WebPage","@id":"https:\/\/sbdapparel.lt\/en\/product\/sbd-kepure-2\/","url":"https:\/\/sbdapparel.lt\/en\/product\/sbd-kepure-2\/","name":"SBD BEANIE - SBD Apparel LT","isPartOf":{"@id":"https:\/\/sbdapparel.lt\/#website"},"primaryImageOfPage":{"@id":"https:\/\/sbdapparel.lt\/en\/product\/sbd-kepure-2\/#primaryimage"},"image":{"@id":"https:\/\/sbdapparel.lt\/en\/product\/sbd-kepure-2\/#primaryimage"},"thumbnailUrl":"https:\/\/sbdapparel.lt\/wp-content\/uploads\/2024\/11\/6681438650575-1659458644850_16ba83b5-39f4-47b4-9cce-7c16e5439802_1800x1800.webp","datePublished":"2024-11-10T21:56:16+00:00","dateModified":"2026-01-16T19:41:24+00:00","breadcrumb":{"@id":"https:\/\/sbdapparel.lt\/en\/product\/sbd-kepure-2\/#breadcrumb"},"inLanguage":"en-US","potentialAction":[{"@type":"ReadAction","target":["https:\/\/sbdapparel.lt\/en\/product\/sbd-kepure-2\/"]}]},{"@type":"ImageObject","inLanguage":"en-US","@id":"https:\/\/sbdapparel.lt\/en\/product\/sbd-kepure-2\/#primaryimage","url":"https:\/\/sbdapparel.lt\/wp-content\/uploads\/2024\/11\/6681438650575-1659458644850_16ba83b5-39f4-47b4-9cce-7c16e5439802_1800x1800.webp","contentUrl":"https:\/\/sbdapparel.lt\/wp-content\/uploads\/2024\/11\/6681438650575-1659458644850_16ba83b5-39f4-47b4-9cce-7c16e5439802_1800x1800.webp","width":1080,"height":1080},{"@type":"BreadcrumbList","@id":"https:\/\/sbdapparel.lt\/en\/product\/sbd-kepure-2\/#breadcrumb","itemListElement":[{"@type":"ListItem","position":1,"name":"Home","item":"https:\/\/sbdapparel.lt\/"},{"@type":"ListItem","position":2,"name":"Produktai","item":"https:\/\/sbdapparel.lt\/shop\/"},{"@type":"ListItem","position":3,"name":"SBD BEANIE"}]},{"@type":"WebSite","@id":"https:\/\/sbdapparel.lt\/#website","url":"https:\/\/sbdapparel.lt\/","name":"SBD Apparel LT","description":"LIETUVA","publisher":{"@id":"https:\/\/sbdapparel.lt\/#organization"},"potentialAction":[{"@type":"SearchAction","target":{"@type":"EntryPoint","urlTemplate":"https:\/\/sbdapparel.lt\/?s={search_term_string}"},"query-input":{"@type":"PropertyValueSpecification","valueRequired":true,"valueName":"search_term_string"}}],"inLanguage":"en-US"},{"@type":"Organization","@id":"https:\/\/sbdapparel.lt\/#organization","name":"SBD Apparel LT","url":"https:\/\/sbdapparel.lt\/","logo":{"@type":"ImageObject","inLanguage":"en-US","@id":"https:\/\/sbdapparel.lt\/#\/schema\/logo\/image\/","url":"https:\/\/sbdapparel.lt\/wp-content\/uploads\/2023\/07\/cropped-SBD_Identity_OnDark_RGB.png","contentUrl":"https:\/\/sbdapparel.lt\/wp-content\/uploads\/2023\/07\/cropped-SBD_Identity_OnDark_RGB.png","width":1182,"height":515,"caption":"SBD Apparel LT"},"image":{"@id":"https:\/\/sbdapparel.lt\/#\/schema\/logo\/image\/"}}]}},"_links":{"self":[{"href":"https:\/\/sbdapparel.lt\/en\/wp-json\/wp\/v2\/product\/3293","targetHints":{"allow":["GET"]}}],"collection":[{"href":"https:\/\/sbdapparel.lt\/en\/wp-json\/wp\/v2\/product"}],"about":[{"href":"https:\/\/sbdapparel.lt\/en\/wp-json\/wp\/v2\/types\/product"}],"version-history":[{"count":3,"href":"https:\/\/sbdapparel.lt\/en\/wp-json\/wp\/v2\/product\/3293\/revisions"}],"predecessor-version":[{"id":4614,"href":"https:\/\/sbdapparel.lt\/en\/wp-json\/wp\/v2\/product\/3293\/revisions\/4614"}],"wp:featuredmedia":[{"embeddable":true,"href":"https:\/\/sbdapparel.lt\/en\/wp-json\/wp\/v2\/media\/3302"}],"wp:attachment":[{"href":"https:\/\/sbdapparel.lt\/en\/wp-json\/wp\/v2\/media?parent=3293"}],"wp:term":[{"taxonomy":"product_brand","embeddable":true,"href":"https:\/\/sbdapparel.lt\/en\/wp-json\/wp\/v2\/product_brand?post=3293"},{"taxonomy":"product_cat","embeddable":true,"href":"https:\/\/sbdapparel.lt\/en\/wp-json\/wp\/v2\/product_cat?post=3293"},{"taxonomy":"product_tag","embeddable":true,"href":"https:\/\/sbdapparel.lt\/en\/wp-json\/wp\/v2\/product_tag?post=3293"},{"taxonomy":"giftcard-category","embeddable":true,"href":"https:\/\/sbdapparel.lt\/en\/wp-json\/wp\/v2\/giftcard-category?post=3293"}],"curies":[{"name":"wp","href":"https:\/\/api.w.org\/{rel}","templated":true}]}}