{"id":3407,"date":"2024-12-05T11:59:47","date_gmt":"2024-12-05T11:59:47","guid":{"rendered":"https:\/\/sbdapparel.lt\/?post_type=product&#038;p=3407"},"modified":"2026-02-07T11:52:28","modified_gmt":"2026-02-07T08:52:28","slug":"forge-oranzinis-13mm-svirties-dirzas","status":"publish","type":"product","link":"https:\/\/sbdapparel.lt\/en\/product\/forge-oranzinis-13mm-svirties-dirzas\/","title":{"rendered":"Forge Orange 13mm Lever Belt"},"content":{"rendered":"","protected":false},"excerpt":{"rendered":"<p>Featuring a patented gliding lever, providing the adjustability of a prong belt with the ease and tightness of a lever belt. Ideal for sizing up or down whenever you need during training sessions and competitions.<\/p>\n<p>The 13mm lever belt offers the maximum specifications allowed in competitive powerlifting, with four layers of British leather and suede, combined with our patented lever, allowing for the utmost tightness and support.<\/p>\n<p>Designed through collaboration with world-class athletes, coaches, and health professionals.<\/p>\n<p>Forge is a limited edition collection, offering the same performance and manufactured to the same high standards as our classic product line.<\/p>\n<p>13mm thickness and 10cm in width.<br \/>\nPilka alyvuotos odos apdaila su oran\u017ein\u0117s spalvos zom\u0161os vidus.<br \/>\nIPF approved.<br \/>\nMade exclusively from British cowhide.<br \/>\nManufactured in Great Britain.<\/p>","protected":false},"featured_media":3408,"template":"","meta":[],"product_brand":[],"product_cat":[42,67],"product_tag":[],"giftcard-category":[],"class_list":{"0":"post-3407","1":"product","2":"type-product","3":"status-publish","4":"has-post-thumbnail","6":"product_cat-dirzai","7":"product_cat-forge","10":"instock","11":"shipping-taxable","12":"purchasable","13":"product-type-variable","14":"product-grid-view"},"yoast_head":"<!-- This site is optimized with the Yoast SEO plugin v26.9 - https:\/\/yoast.com\/product\/yoast-seo-wordpress\/ -->\n<title>FORGE ORAN\u017dINIS 13mm DIR\u017dAS - SBD Apparel LT<\/title>\n<meta name=\"robots\" content=\"index, follow, max-snippet:-1, max-image-preview:large, max-video-preview:-1\" \/>\n<link rel=\"canonical\" href=\"https:\/\/sbdapparel.lt\/en\/product\/forge-oranzinis-13mm-svirties-dirzas\/\" \/>\n<meta property=\"og:locale\" content=\"en_US\" \/>\n<meta property=\"og:type\" content=\"article\" \/>\n<meta property=\"og:title\" content=\"FORGE ORAN\u017dINIS 13mm DIR\u017dAS - SBD Apparel LT\" \/>\n<meta property=\"og:description\" content=\"Patentuota svirtin\u0117 dir\u017eo sagtis, leid\u017eianti lengvai ir tvirtai reguliuoti svirties dir\u017e\u0105. Idealiai tinka padidinti arba suma\u017einti dyd\u012f, kai tik reikia treniruo\u010di\u0173 ir var\u017eyb\u0173 metu.  13 mm svirties dir\u017eas si\u016blo maksimalias specifikacijas, leid\u017eiamas var\u017eybiniame j\u0117gos kilnojime, su keturiais briti\u0161kos odos ir zom\u0161os sluoksniais, kartu su m\u016bs\u0173 patentuota svirtine sagtimi, u\u017etikrinan\u010dia did\u017eiausi\u0105 sandarum\u0105 ir atram\u0105.  Sukurta bendradarbiaujant su pasaulinio lygio sportininkais, treneriais ir sveikatos specialistais.  \u201eForge\u201c yra riboto leidimo kolekcija, pasi\u017eyminti tokiomis pat savyb\u0117mis ir pagaminta pagal tokius pa\u010dius auk\u0161tus standartus kaip ir m\u016bs\u0173 klasikin\u0117 produkt\u0173 linija.  13 mm storio ir 10 cm plo\u010dio. Pilka alyvuotos odos apdaila su oran\u017ein\u0117s spalvos zom\u0161os vidus. IPF patvirtintas. Pagaminta i\u0161skirtinai i\u0161 briti\u0161kos karv\u0117s odos. Pagaminta Did\u017eiojoje Britanijoje.\" \/>\n<meta property=\"og:url\" content=\"https:\/\/sbdapparel.lt\/en\/product\/forge-oranzinis-13mm-svirties-dirzas\/\" \/>\n<meta property=\"og:site_name\" content=\"SBD Apparel LT\" \/>\n<meta property=\"article:modified_time\" content=\"2026-02-07T08:52:28+00:00\" \/>\n<meta property=\"og:image\" content=\"https:\/\/sbdapparel.lt\/wp-content\/uploads\/2024\/12\/13MM-BELT-ORANGE-03.webp\" \/>\n\t<meta property=\"og:image:width\" content=\"1800\" \/>\n\t<meta property=\"og:image:height\" content=\"1800\" \/>\n\t<meta property=\"og:image:type\" content=\"image\/webp\" \/>\n<meta name=\"twitter:card\" content=\"summary_large_image\" \/>\n<script type=\"application\/ld+json\" class=\"yoast-schema-graph\">{\"@context\":\"https:\/\/schema.org\",\"@graph\":[{\"@type\":\"WebPage\",\"@id\":\"https:\/\/sbdapparel.lt\/product\/forge-oranzinis-13mm-svirties-dirzas\/\",\"url\":\"https:\/\/sbdapparel.lt\/product\/forge-oranzinis-13mm-svirties-dirzas\/\",\"name\":\"FORGE ORAN\u017dINIS 13mm DIR\u017dAS - SBD Apparel LT\",\"isPartOf\":{\"@id\":\"https:\/\/sbdapparel.lt\/#website\"},\"primaryImageOfPage\":{\"@id\":\"https:\/\/sbdapparel.lt\/product\/forge-oranzinis-13mm-svirties-dirzas\/#primaryimage\"},\"image\":{\"@id\":\"https:\/\/sbdapparel.lt\/product\/forge-oranzinis-13mm-svirties-dirzas\/#primaryimage\"},\"thumbnailUrl\":\"https:\/\/sbdapparel.lt\/wp-content\/uploads\/2024\/12\/13MM-BELT-ORANGE-03.webp\",\"datePublished\":\"2024-12-05T11:59:47+00:00\",\"dateModified\":\"2026-02-07T08:52:28+00:00\",\"breadcrumb\":{\"@id\":\"https:\/\/sbdapparel.lt\/product\/forge-oranzinis-13mm-svirties-dirzas\/#breadcrumb\"},\"inLanguage\":\"en-US\",\"potentialAction\":[{\"@type\":\"ReadAction\",\"target\":[\"https:\/\/sbdapparel.lt\/product\/forge-oranzinis-13mm-svirties-dirzas\/\"]}]},{\"@type\":\"ImageObject\",\"inLanguage\":\"en-US\",\"@id\":\"https:\/\/sbdapparel.lt\/product\/forge-oranzinis-13mm-svirties-dirzas\/#primaryimage\",\"url\":\"https:\/\/sbdapparel.lt\/wp-content\/uploads\/2024\/12\/13MM-BELT-ORANGE-03.webp\",\"contentUrl\":\"https:\/\/sbdapparel.lt\/wp-content\/uploads\/2024\/12\/13MM-BELT-ORANGE-03.webp\",\"width\":1800,\"height\":1800},{\"@type\":\"BreadcrumbList\",\"@id\":\"https:\/\/sbdapparel.lt\/product\/forge-oranzinis-13mm-svirties-dirzas\/#breadcrumb\",\"itemListElement\":[{\"@type\":\"ListItem\",\"position\":1,\"name\":\"Home\",\"item\":\"https:\/\/sbdapparel.lt\/\"},{\"@type\":\"ListItem\",\"position\":2,\"name\":\"Produktai\",\"item\":\"https:\/\/sbdapparel.lt\/shop\/\"},{\"@type\":\"ListItem\",\"position\":3,\"name\":\"FORGE ORAN\u017dINIS 13mm DIR\u017dAS\"}]},{\"@type\":\"WebSite\",\"@id\":\"https:\/\/sbdapparel.lt\/#website\",\"url\":\"https:\/\/sbdapparel.lt\/\",\"name\":\"SBD Apparel LT\",\"description\":\"LIETUVA\",\"publisher\":{\"@id\":\"https:\/\/sbdapparel.lt\/#organization\"},\"potentialAction\":[{\"@type\":\"SearchAction\",\"target\":{\"@type\":\"EntryPoint\",\"urlTemplate\":\"https:\/\/sbdapparel.lt\/?s={search_term_string}\"},\"query-input\":{\"@type\":\"PropertyValueSpecification\",\"valueRequired\":true,\"valueName\":\"search_term_string\"}}],\"inLanguage\":\"en-US\"},{\"@type\":\"Organization\",\"@id\":\"https:\/\/sbdapparel.lt\/#organization\",\"name\":\"SBD Apparel LT\",\"url\":\"https:\/\/sbdapparel.lt\/\",\"logo\":{\"@type\":\"ImageObject\",\"inLanguage\":\"en-US\",\"@id\":\"https:\/\/sbdapparel.lt\/#\/schema\/logo\/image\/\",\"url\":\"https:\/\/sbdapparel.lt\/wp-content\/uploads\/2023\/07\/cropped-SBD_Identity_OnDark_RGB.png\",\"contentUrl\":\"https:\/\/sbdapparel.lt\/wp-content\/uploads\/2023\/07\/cropped-SBD_Identity_OnDark_RGB.png\",\"width\":1182,\"height\":515,\"caption\":\"SBD Apparel LT\"},\"image\":{\"@id\":\"https:\/\/sbdapparel.lt\/#\/schema\/logo\/image\/\"}}]}<\/script>\n<!-- \/ Yoast SEO plugin. -->","yoast_head_json":{"title":"FORGE ORAN\u017dINIS 13mm DIR\u017dAS - SBD Apparel LT","robots":{"index":"index","follow":"follow","max-snippet":"max-snippet:-1","max-image-preview":"max-image-preview:large","max-video-preview":"max-video-preview:-1"},"canonical":"https:\/\/sbdapparel.lt\/en\/product\/forge-oranzinis-13mm-svirties-dirzas\/","og_locale":"en_US","og_type":"article","og_title":"FORGE ORAN\u017dINIS 13mm DIR\u017dAS - SBD Apparel LT","og_description":"Patentuota svirtin\u0117 dir\u017eo sagtis, leid\u017eianti lengvai ir tvirtai reguliuoti svirties dir\u017e\u0105. Idealiai tinka padidinti arba suma\u017einti dyd\u012f, kai tik reikia treniruo\u010di\u0173 ir var\u017eyb\u0173 metu.  13 mm svirties dir\u017eas si\u016blo maksimalias specifikacijas, leid\u017eiamas var\u017eybiniame j\u0117gos kilnojime, su keturiais briti\u0161kos odos ir zom\u0161os sluoksniais, kartu su m\u016bs\u0173 patentuota svirtine sagtimi, u\u017etikrinan\u010dia did\u017eiausi\u0105 sandarum\u0105 ir atram\u0105.  Sukurta bendradarbiaujant su pasaulinio lygio sportininkais, treneriais ir sveikatos specialistais.  \u201eForge\u201c yra riboto leidimo kolekcija, pasi\u017eyminti tokiomis pat savyb\u0117mis ir pagaminta pagal tokius pa\u010dius auk\u0161tus standartus kaip ir m\u016bs\u0173 klasikin\u0117 produkt\u0173 linija.  13 mm storio ir 10 cm plo\u010dio. Pilka alyvuotos odos apdaila su oran\u017ein\u0117s spalvos zom\u0161os vidus. IPF patvirtintas. Pagaminta i\u0161skirtinai i\u0161 briti\u0161kos karv\u0117s odos. Pagaminta Did\u017eiojoje Britanijoje.","og_url":"https:\/\/sbdapparel.lt\/en\/product\/forge-oranzinis-13mm-svirties-dirzas\/","og_site_name":"SBD Apparel LT","article_modified_time":"2026-02-07T08:52:28+00:00","og_image":[{"width":1800,"height":1800,"url":"https:\/\/sbdapparel.lt\/wp-content\/uploads\/2024\/12\/13MM-BELT-ORANGE-03.webp","type":"image\/webp"}],"twitter_card":"summary_large_image","schema":{"@context":"https:\/\/schema.org","@graph":[{"@type":"WebPage","@id":"https:\/\/sbdapparel.lt\/product\/forge-oranzinis-13mm-svirties-dirzas\/","url":"https:\/\/sbdapparel.lt\/product\/forge-oranzinis-13mm-svirties-dirzas\/","name":"FORGE ORAN\u017dINIS 13mm DIR\u017dAS - SBD Apparel LT","isPartOf":{"@id":"https:\/\/sbdapparel.lt\/#website"},"primaryImageOfPage":{"@id":"https:\/\/sbdapparel.lt\/product\/forge-oranzinis-13mm-svirties-dirzas\/#primaryimage"},"image":{"@id":"https:\/\/sbdapparel.lt\/product\/forge-oranzinis-13mm-svirties-dirzas\/#primaryimage"},"thumbnailUrl":"https:\/\/sbdapparel.lt\/wp-content\/uploads\/2024\/12\/13MM-BELT-ORANGE-03.webp","datePublished":"2024-12-05T11:59:47+00:00","dateModified":"2026-02-07T08:52:28+00:00","breadcrumb":{"@id":"https:\/\/sbdapparel.lt\/product\/forge-oranzinis-13mm-svirties-dirzas\/#breadcrumb"},"inLanguage":"en-US","potentialAction":[{"@type":"ReadAction","target":["https:\/\/sbdapparel.lt\/product\/forge-oranzinis-13mm-svirties-dirzas\/"]}]},{"@type":"ImageObject","inLanguage":"en-US","@id":"https:\/\/sbdapparel.lt\/product\/forge-oranzinis-13mm-svirties-dirzas\/#primaryimage","url":"https:\/\/sbdapparel.lt\/wp-content\/uploads\/2024\/12\/13MM-BELT-ORANGE-03.webp","contentUrl":"https:\/\/sbdapparel.lt\/wp-content\/uploads\/2024\/12\/13MM-BELT-ORANGE-03.webp","width":1800,"height":1800},{"@type":"BreadcrumbList","@id":"https:\/\/sbdapparel.lt\/product\/forge-oranzinis-13mm-svirties-dirzas\/#breadcrumb","itemListElement":[{"@type":"ListItem","position":1,"name":"Home","item":"https:\/\/sbdapparel.lt\/"},{"@type":"ListItem","position":2,"name":"Produktai","item":"https:\/\/sbdapparel.lt\/shop\/"},{"@type":"ListItem","position":3,"name":"FORGE ORAN\u017dINIS 13mm DIR\u017dAS"}]},{"@type":"WebSite","@id":"https:\/\/sbdapparel.lt\/#website","url":"https:\/\/sbdapparel.lt\/","name":"SBD Apparel LT","description":"LIETUVA","publisher":{"@id":"https:\/\/sbdapparel.lt\/#organization"},"potentialAction":[{"@type":"SearchAction","target":{"@type":"EntryPoint","urlTemplate":"https:\/\/sbdapparel.lt\/?s={search_term_string}"},"query-input":{"@type":"PropertyValueSpecification","valueRequired":true,"valueName":"search_term_string"}}],"inLanguage":"en-US"},{"@type":"Organization","@id":"https:\/\/sbdapparel.lt\/#organization","name":"SBD Apparel LT","url":"https:\/\/sbdapparel.lt\/","logo":{"@type":"ImageObject","inLanguage":"en-US","@id":"https:\/\/sbdapparel.lt\/#\/schema\/logo\/image\/","url":"https:\/\/sbdapparel.lt\/wp-content\/uploads\/2023\/07\/cropped-SBD_Identity_OnDark_RGB.png","contentUrl":"https:\/\/sbdapparel.lt\/wp-content\/uploads\/2023\/07\/cropped-SBD_Identity_OnDark_RGB.png","width":1182,"height":515,"caption":"SBD Apparel LT"},"image":{"@id":"https:\/\/sbdapparel.lt\/#\/schema\/logo\/image\/"}}]}},"_links":{"self":[{"href":"https:\/\/sbdapparel.lt\/en\/wp-json\/wp\/v2\/product\/3407","targetHints":{"allow":["GET"]}}],"collection":[{"href":"https:\/\/sbdapparel.lt\/en\/wp-json\/wp\/v2\/product"}],"about":[{"href":"https:\/\/sbdapparel.lt\/en\/wp-json\/wp\/v2\/types\/product"}],"version-history":[{"count":4,"href":"https:\/\/sbdapparel.lt\/en\/wp-json\/wp\/v2\/product\/3407\/revisions"}],"predecessor-version":[{"id":4054,"href":"https:\/\/sbdapparel.lt\/en\/wp-json\/wp\/v2\/product\/3407\/revisions\/4054"}],"wp:featuredmedia":[{"embeddable":true,"href":"https:\/\/sbdapparel.lt\/en\/wp-json\/wp\/v2\/media\/3408"}],"wp:attachment":[{"href":"https:\/\/sbdapparel.lt\/en\/wp-json\/wp\/v2\/media?parent=3407"}],"wp:term":[{"taxonomy":"product_brand","embeddable":true,"href":"https:\/\/sbdapparel.lt\/en\/wp-json\/wp\/v2\/product_brand?post=3407"},{"taxonomy":"product_cat","embeddable":true,"href":"https:\/\/sbdapparel.lt\/en\/wp-json\/wp\/v2\/product_cat?post=3407"},{"taxonomy":"product_tag","embeddable":true,"href":"https:\/\/sbdapparel.lt\/en\/wp-json\/wp\/v2\/product_tag?post=3407"},{"taxonomy":"giftcard-category","embeddable":true,"href":"https:\/\/sbdapparel.lt\/en\/wp-json\/wp\/v2\/giftcard-category?post=3407"}],"curies":[{"name":"wp","href":"https:\/\/api.w.org\/{rel}","templated":true}]}}