{"id":3709,"date":"2024-12-05T13:54:51","date_gmt":"2024-12-05T13:54:51","guid":{"rendered":"https:\/\/sbdapparel.lt\/?post_type=product&#038;p=3709"},"modified":"2026-01-29T13:40:12","modified_gmt":"2026-01-29T10:40:12","slug":"forge-marskineliai-be-rankoviu","status":"publish","type":"product","link":"https:\/\/sbdapparel.lt\/en\/product\/forge-marskineliai-be-rankoviu\/","title":{"rendered":"FORGE GRAY TANK"},"content":{"rendered":"","protected":false},"excerpt":{"rendered":"<p>Manufactured fully in the UK from cotton to sewing, the SBD tank can endure the toughest training. Developed in conjunction with athlete feedback.<\/p>\n<p>Forge is a limited edition collection, offering the same performance and manufactured to the same high standards as our classic product line.<\/p>\n<p>Featuring an SBD logo print on the chest.<br \/>\nComfortable and durable, designed to endure years of use in training.<br \/>\nKnitted with 100% Good Earth Cotton\u00ae.<br \/>\nMade in Sheffield, Great Britain.<\/p>","protected":false},"featured_media":3728,"template":"","meta":[],"product_brand":[],"product_cat":[67,68],"product_tag":[],"giftcard-category":[],"class_list":{"0":"post-3709","1":"product","2":"type-product","3":"status-publish","4":"has-post-thumbnail","6":"product_cat-forge","7":"product_cat-marskineliai-be-rankoviu","10":"instock","11":"shipping-taxable","12":"purchasable","13":"product-type-variable","14":"product-grid-view"},"yoast_head":"<!-- This site is optimized with the Yoast SEO plugin v26.9 - https:\/\/yoast.com\/product\/yoast-seo-wordpress\/ -->\n<title>FORGE PILKI MAR\u0160KIN\u0116LIAI BE RANKOVI\u0172 - SBD Apparel LT<\/title>\n<meta name=\"robots\" content=\"index, follow, max-snippet:-1, max-image-preview:large, max-video-preview:-1\" \/>\n<link rel=\"canonical\" href=\"https:\/\/sbdapparel.lt\/en\/product\/forge-marskineliai-be-rankoviu\/\" \/>\n<meta property=\"og:locale\" content=\"en_US\" \/>\n<meta property=\"og:type\" content=\"article\" \/>\n<meta property=\"og:title\" content=\"FORGE PILKI MAR\u0160KIN\u0116LIAI BE RANKOVI\u0172 - SBD Apparel LT\" \/>\n<meta property=\"og:description\" content=\"Pagaminta JK nuo medviln\u0117s iki siuvimo, SBD mar\u0161kin\u0117liai be rankovi\u0173 gali atlaikyti sunkiausias treniruotes. Sukurta kartu su sportinink\u0173 atsiliepimais.  Forge yra riboto leidimo kolekcija, pasi\u017eyminti tokiomis pat savyb\u0117mis ir pagaminta pagal tokius pa\u010dius auk\u0161tus standartus kaip ir m\u016bs\u0173 klasikin\u0117 produkt\u0173 linija.  Ant kr\u016btin\u0117s yra SBD logotipo atspaudas. Patogus ir patvarus, sukurtas taip, kad i\u0161tvert\u0173 ilgus naudojimo metus treniruot\u0117se. Megzta i\u0161 100% Good Earth Cotton\u00ae Pagaminta \u0160efilde, Did\u017eiojoje Britanijoje.\" \/>\n<meta property=\"og:url\" content=\"https:\/\/sbdapparel.lt\/en\/product\/forge-marskineliai-be-rankoviu\/\" \/>\n<meta property=\"og:site_name\" content=\"SBD Apparel LT\" \/>\n<meta property=\"article:modified_time\" content=\"2026-01-29T10:40:12+00:00\" \/>\n<meta property=\"og:image\" content=\"https:\/\/sbdapparel.lt\/wp-content\/uploads\/2024\/12\/TANK-01_e8cbeddd-fe63-4f10-8c5b-57f1a9ae6404.webp\" \/>\n\t<meta property=\"og:image:width\" content=\"1800\" \/>\n\t<meta property=\"og:image:height\" content=\"1800\" \/>\n\t<meta property=\"og:image:type\" content=\"image\/webp\" \/>\n<meta name=\"twitter:card\" content=\"summary_large_image\" \/>\n<script type=\"application\/ld+json\" class=\"yoast-schema-graph\">{\"@context\":\"https:\/\/schema.org\",\"@graph\":[{\"@type\":\"WebPage\",\"@id\":\"https:\/\/sbdapparel.lt\/product\/forge-marskineliai-be-rankoviu\/\",\"url\":\"https:\/\/sbdapparel.lt\/product\/forge-marskineliai-be-rankoviu\/\",\"name\":\"FORGE PILKI MAR\u0160KIN\u0116LIAI BE RANKOVI\u0172 - SBD Apparel LT\",\"isPartOf\":{\"@id\":\"https:\/\/sbdapparel.lt\/#website\"},\"primaryImageOfPage\":{\"@id\":\"https:\/\/sbdapparel.lt\/product\/forge-marskineliai-be-rankoviu\/#primaryimage\"},\"image\":{\"@id\":\"https:\/\/sbdapparel.lt\/product\/forge-marskineliai-be-rankoviu\/#primaryimage\"},\"thumbnailUrl\":\"https:\/\/sbdapparel.lt\/wp-content\/uploads\/2024\/12\/TANK-01_e8cbeddd-fe63-4f10-8c5b-57f1a9ae6404.webp\",\"datePublished\":\"2024-12-05T13:54:51+00:00\",\"dateModified\":\"2026-01-29T10:40:12+00:00\",\"breadcrumb\":{\"@id\":\"https:\/\/sbdapparel.lt\/product\/forge-marskineliai-be-rankoviu\/#breadcrumb\"},\"inLanguage\":\"en-US\",\"potentialAction\":[{\"@type\":\"ReadAction\",\"target\":[\"https:\/\/sbdapparel.lt\/product\/forge-marskineliai-be-rankoviu\/\"]}]},{\"@type\":\"ImageObject\",\"inLanguage\":\"en-US\",\"@id\":\"https:\/\/sbdapparel.lt\/product\/forge-marskineliai-be-rankoviu\/#primaryimage\",\"url\":\"https:\/\/sbdapparel.lt\/wp-content\/uploads\/2024\/12\/TANK-01_e8cbeddd-fe63-4f10-8c5b-57f1a9ae6404.webp\",\"contentUrl\":\"https:\/\/sbdapparel.lt\/wp-content\/uploads\/2024\/12\/TANK-01_e8cbeddd-fe63-4f10-8c5b-57f1a9ae6404.webp\",\"width\":1800,\"height\":1800},{\"@type\":\"BreadcrumbList\",\"@id\":\"https:\/\/sbdapparel.lt\/product\/forge-marskineliai-be-rankoviu\/#breadcrumb\",\"itemListElement\":[{\"@type\":\"ListItem\",\"position\":1,\"name\":\"Home\",\"item\":\"https:\/\/sbdapparel.lt\/\"},{\"@type\":\"ListItem\",\"position\":2,\"name\":\"Produktai\",\"item\":\"https:\/\/sbdapparel.lt\/shop\/\"},{\"@type\":\"ListItem\",\"position\":3,\"name\":\"FORGE PILKI MAR\u0160KIN\u0116LIAI BE RANKOVI\u0172\"}]},{\"@type\":\"WebSite\",\"@id\":\"https:\/\/sbdapparel.lt\/#website\",\"url\":\"https:\/\/sbdapparel.lt\/\",\"name\":\"SBD Apparel LT\",\"description\":\"LIETUVA\",\"publisher\":{\"@id\":\"https:\/\/sbdapparel.lt\/#organization\"},\"potentialAction\":[{\"@type\":\"SearchAction\",\"target\":{\"@type\":\"EntryPoint\",\"urlTemplate\":\"https:\/\/sbdapparel.lt\/?s={search_term_string}\"},\"query-input\":{\"@type\":\"PropertyValueSpecification\",\"valueRequired\":true,\"valueName\":\"search_term_string\"}}],\"inLanguage\":\"en-US\"},{\"@type\":\"Organization\",\"@id\":\"https:\/\/sbdapparel.lt\/#organization\",\"name\":\"SBD Apparel LT\",\"url\":\"https:\/\/sbdapparel.lt\/\",\"logo\":{\"@type\":\"ImageObject\",\"inLanguage\":\"en-US\",\"@id\":\"https:\/\/sbdapparel.lt\/#\/schema\/logo\/image\/\",\"url\":\"https:\/\/sbdapparel.lt\/wp-content\/uploads\/2023\/07\/cropped-SBD_Identity_OnDark_RGB.png\",\"contentUrl\":\"https:\/\/sbdapparel.lt\/wp-content\/uploads\/2023\/07\/cropped-SBD_Identity_OnDark_RGB.png\",\"width\":1182,\"height\":515,\"caption\":\"SBD Apparel LT\"},\"image\":{\"@id\":\"https:\/\/sbdapparel.lt\/#\/schema\/logo\/image\/\"}}]}<\/script>\n<!-- \/ Yoast SEO plugin. -->","yoast_head_json":{"title":"FORGE PILKI MAR\u0160KIN\u0116LIAI BE RANKOVI\u0172 - SBD Apparel LT","robots":{"index":"index","follow":"follow","max-snippet":"max-snippet:-1","max-image-preview":"max-image-preview:large","max-video-preview":"max-video-preview:-1"},"canonical":"https:\/\/sbdapparel.lt\/en\/product\/forge-marskineliai-be-rankoviu\/","og_locale":"en_US","og_type":"article","og_title":"FORGE PILKI MAR\u0160KIN\u0116LIAI BE RANKOVI\u0172 - SBD Apparel LT","og_description":"Pagaminta JK nuo medviln\u0117s iki siuvimo, SBD mar\u0161kin\u0117liai be rankovi\u0173 gali atlaikyti sunkiausias treniruotes. Sukurta kartu su sportinink\u0173 atsiliepimais.  Forge yra riboto leidimo kolekcija, pasi\u017eyminti tokiomis pat savyb\u0117mis ir pagaminta pagal tokius pa\u010dius auk\u0161tus standartus kaip ir m\u016bs\u0173 klasikin\u0117 produkt\u0173 linija.  Ant kr\u016btin\u0117s yra SBD logotipo atspaudas. Patogus ir patvarus, sukurtas taip, kad i\u0161tvert\u0173 ilgus naudojimo metus treniruot\u0117se. Megzta i\u0161 100% Good Earth Cotton\u00ae Pagaminta \u0160efilde, Did\u017eiojoje Britanijoje.","og_url":"https:\/\/sbdapparel.lt\/en\/product\/forge-marskineliai-be-rankoviu\/","og_site_name":"SBD Apparel LT","article_modified_time":"2026-01-29T10:40:12+00:00","og_image":[{"width":1800,"height":1800,"url":"https:\/\/sbdapparel.lt\/wp-content\/uploads\/2024\/12\/TANK-01_e8cbeddd-fe63-4f10-8c5b-57f1a9ae6404.webp","type":"image\/webp"}],"twitter_card":"summary_large_image","schema":{"@context":"https:\/\/schema.org","@graph":[{"@type":"WebPage","@id":"https:\/\/sbdapparel.lt\/product\/forge-marskineliai-be-rankoviu\/","url":"https:\/\/sbdapparel.lt\/product\/forge-marskineliai-be-rankoviu\/","name":"FORGE PILKI MAR\u0160KIN\u0116LIAI BE RANKOVI\u0172 - SBD Apparel LT","isPartOf":{"@id":"https:\/\/sbdapparel.lt\/#website"},"primaryImageOfPage":{"@id":"https:\/\/sbdapparel.lt\/product\/forge-marskineliai-be-rankoviu\/#primaryimage"},"image":{"@id":"https:\/\/sbdapparel.lt\/product\/forge-marskineliai-be-rankoviu\/#primaryimage"},"thumbnailUrl":"https:\/\/sbdapparel.lt\/wp-content\/uploads\/2024\/12\/TANK-01_e8cbeddd-fe63-4f10-8c5b-57f1a9ae6404.webp","datePublished":"2024-12-05T13:54:51+00:00","dateModified":"2026-01-29T10:40:12+00:00","breadcrumb":{"@id":"https:\/\/sbdapparel.lt\/product\/forge-marskineliai-be-rankoviu\/#breadcrumb"},"inLanguage":"en-US","potentialAction":[{"@type":"ReadAction","target":["https:\/\/sbdapparel.lt\/product\/forge-marskineliai-be-rankoviu\/"]}]},{"@type":"ImageObject","inLanguage":"en-US","@id":"https:\/\/sbdapparel.lt\/product\/forge-marskineliai-be-rankoviu\/#primaryimage","url":"https:\/\/sbdapparel.lt\/wp-content\/uploads\/2024\/12\/TANK-01_e8cbeddd-fe63-4f10-8c5b-57f1a9ae6404.webp","contentUrl":"https:\/\/sbdapparel.lt\/wp-content\/uploads\/2024\/12\/TANK-01_e8cbeddd-fe63-4f10-8c5b-57f1a9ae6404.webp","width":1800,"height":1800},{"@type":"BreadcrumbList","@id":"https:\/\/sbdapparel.lt\/product\/forge-marskineliai-be-rankoviu\/#breadcrumb","itemListElement":[{"@type":"ListItem","position":1,"name":"Home","item":"https:\/\/sbdapparel.lt\/"},{"@type":"ListItem","position":2,"name":"Produktai","item":"https:\/\/sbdapparel.lt\/shop\/"},{"@type":"ListItem","position":3,"name":"FORGE PILKI MAR\u0160KIN\u0116LIAI BE RANKOVI\u0172"}]},{"@type":"WebSite","@id":"https:\/\/sbdapparel.lt\/#website","url":"https:\/\/sbdapparel.lt\/","name":"SBD Apparel LT","description":"LIETUVA","publisher":{"@id":"https:\/\/sbdapparel.lt\/#organization"},"potentialAction":[{"@type":"SearchAction","target":{"@type":"EntryPoint","urlTemplate":"https:\/\/sbdapparel.lt\/?s={search_term_string}"},"query-input":{"@type":"PropertyValueSpecification","valueRequired":true,"valueName":"search_term_string"}}],"inLanguage":"en-US"},{"@type":"Organization","@id":"https:\/\/sbdapparel.lt\/#organization","name":"SBD Apparel LT","url":"https:\/\/sbdapparel.lt\/","logo":{"@type":"ImageObject","inLanguage":"en-US","@id":"https:\/\/sbdapparel.lt\/#\/schema\/logo\/image\/","url":"https:\/\/sbdapparel.lt\/wp-content\/uploads\/2023\/07\/cropped-SBD_Identity_OnDark_RGB.png","contentUrl":"https:\/\/sbdapparel.lt\/wp-content\/uploads\/2023\/07\/cropped-SBD_Identity_OnDark_RGB.png","width":1182,"height":515,"caption":"SBD Apparel LT"},"image":{"@id":"https:\/\/sbdapparel.lt\/#\/schema\/logo\/image\/"}}]}},"_links":{"self":[{"href":"https:\/\/sbdapparel.lt\/en\/wp-json\/wp\/v2\/product\/3709","targetHints":{"allow":["GET"]}}],"collection":[{"href":"https:\/\/sbdapparel.lt\/en\/wp-json\/wp\/v2\/product"}],"about":[{"href":"https:\/\/sbdapparel.lt\/en\/wp-json\/wp\/v2\/types\/product"}],"version-history":[{"count":4,"href":"https:\/\/sbdapparel.lt\/en\/wp-json\/wp\/v2\/product\/3709\/revisions"}],"predecessor-version":[{"id":4191,"href":"https:\/\/sbdapparel.lt\/en\/wp-json\/wp\/v2\/product\/3709\/revisions\/4191"}],"wp:featuredmedia":[{"embeddable":true,"href":"https:\/\/sbdapparel.lt\/en\/wp-json\/wp\/v2\/media\/3728"}],"wp:attachment":[{"href":"https:\/\/sbdapparel.lt\/en\/wp-json\/wp\/v2\/media?parent=3709"}],"wp:term":[{"taxonomy":"product_brand","embeddable":true,"href":"https:\/\/sbdapparel.lt\/en\/wp-json\/wp\/v2\/product_brand?post=3709"},{"taxonomy":"product_cat","embeddable":true,"href":"https:\/\/sbdapparel.lt\/en\/wp-json\/wp\/v2\/product_cat?post=3709"},{"taxonomy":"product_tag","embeddable":true,"href":"https:\/\/sbdapparel.lt\/en\/wp-json\/wp\/v2\/product_tag?post=3709"},{"taxonomy":"giftcard-category","embeddable":true,"href":"https:\/\/sbdapparel.lt\/en\/wp-json\/wp\/v2\/giftcard-category?post=3709"}],"curies":[{"name":"wp","href":"https:\/\/api.w.org\/{rel}","templated":true}]}}