{"id":3761,"date":"2024-12-05T14:03:17","date_gmt":"2024-12-05T14:03:17","guid":{"rendered":"https:\/\/sbdapparel.lt\/?post_type=product&#038;p=3761"},"modified":"2026-02-11T20:29:36","modified_gmt":"2026-02-11T17:29:36","slug":"forge-oversized-marskineliai","status":"publish","type":"product","link":"https:\/\/sbdapparel.lt\/en\/product\/forge-oversized-marskineliai\/","title":{"rendered":"Forge Oversized T-Shirt"},"content":{"rendered":"","protected":false},"excerpt":{"rendered":"<p>Manufactured fully in the UK from cotton to sewing, the SBD shirt can endure the toughest training. Developed in conjunction with athlete feedback.<\/p>\n<p>Forge is a limited edition collection, offering the same performance and manufactured to the same high standards as our classic product line.<\/p>\n<p>Featuring an SBD logo print on the chest and a distressed \"Strength, Belief, Determination\" print on the back.<br \/>\nBoxy unisex fit.<br \/>\nComfortable and durable, designed to endure years of use in training.<br \/>\nKnitted with 100% Good Earth Cotton\u00ae.<br \/>\nMade in Sheffield, Great Britain.<\/p>","protected":false},"featured_media":3769,"template":"","meta":[],"product_brand":[],"product_cat":[67,49],"product_tag":[],"giftcard-category":[],"class_list":{"0":"post-3761","1":"product","2":"type-product","3":"status-publish","4":"has-post-thumbnail","6":"product_cat-forge","7":"product_cat-marskineliai","10":"instock","11":"shipping-taxable","12":"purchasable","13":"product-type-variable","14":"product-grid-view"},"yoast_head":"<!-- This site is optimized with the Yoast SEO plugin v26.9 - https:\/\/yoast.com\/product\/yoast-seo-wordpress\/ -->\n<title>FORGE OVERSIZED PILKI MAR\u0160KIN\u0116LIAI - SBD Apparel LT<\/title>\n<meta name=\"robots\" content=\"index, follow, max-snippet:-1, max-image-preview:large, max-video-preview:-1\" \/>\n<link rel=\"canonical\" href=\"https:\/\/sbdapparel.lt\/en\/product\/forge-oversized-marskineliai\/\" \/>\n<meta property=\"og:locale\" content=\"en_US\" \/>\n<meta property=\"og:type\" content=\"article\" \/>\n<meta property=\"og:title\" content=\"FORGE OVERSIZED PILKI MAR\u0160KIN\u0116LIAI - SBD Apparel LT\" \/>\n<meta property=\"og:description\" content=\"Visi\u0161kai Jungtin\u0117je Karalyst\u0117je nuo medviln\u0117s iki siuvimo pagaminti SBD negabaritiniai mar\u0161kin\u0117liai gali atlaikyti sunkiausias treniruotes. Sukurta kartu su sportinink\u0173 atsiliepimais.  Forge yra riboto leidimo kolekcija, pasi\u017eyminti tokiomis pat savyb\u0117mis ir pagaminta pagal tokius pa\u010dius auk\u0161tus standartus kaip ir m\u016bs\u0173 klasikin\u0117 produkt\u0173 linija.  Ant kr\u016btin\u0117s yra SBD logotipo atspaudas, o nugaroje - \u201eJ\u0117ga, tik\u0117jimas, ry\u017etas\u201c. tinka ir vyrams ir moterims. Patogus ir patvarus, sukurtas taip, kad i\u0161tvert\u0173 ilgus naudojimo metus treniruot\u0117se. Megzta i\u0161 100% Good Earth Cotton\u00ae. Pagaminta \u0160efilde, Did\u017eiojoje Britanijoje.\" \/>\n<meta property=\"og:url\" content=\"https:\/\/sbdapparel.lt\/en\/product\/forge-oversized-marskineliai\/\" \/>\n<meta property=\"og:site_name\" content=\"SBD Apparel LT\" \/>\n<meta property=\"article:modified_time\" content=\"2026-02-11T17:29:36+00:00\" \/>\n<meta property=\"og:image\" content=\"http:\/\/sbdapparel.lt\/wp-content\/uploads\/2024\/12\/OVESIZED-t-SHIRT-01.webp\" \/>\n\t<meta property=\"og:image:width\" content=\"1800\" \/>\n\t<meta property=\"og:image:height\" content=\"1800\" \/>\n\t<meta property=\"og:image:type\" content=\"image\/webp\" \/>\n<meta name=\"twitter:card\" content=\"summary_large_image\" \/>\n<meta name=\"twitter:label1\" content=\"Est. reading time\" \/>\n\t<meta name=\"twitter:data1\" content=\"1 minute\" \/>\n<script type=\"application\/ld+json\" class=\"yoast-schema-graph\">{\"@context\":\"https:\/\/schema.org\",\"@graph\":[{\"@type\":\"WebPage\",\"@id\":\"https:\/\/sbdapparel.lt\/product\/forge-oversized-marskineliai\/\",\"url\":\"https:\/\/sbdapparel.lt\/product\/forge-oversized-marskineliai\/\",\"name\":\"FORGE OVERSIZED PILKI MAR\u0160KIN\u0116LIAI - SBD Apparel LT\",\"isPartOf\":{\"@id\":\"https:\/\/sbdapparel.lt\/#website\"},\"primaryImageOfPage\":{\"@id\":\"https:\/\/sbdapparel.lt\/product\/forge-oversized-marskineliai\/#primaryimage\"},\"image\":{\"@id\":\"https:\/\/sbdapparel.lt\/product\/forge-oversized-marskineliai\/#primaryimage\"},\"thumbnailUrl\":\"https:\/\/sbdapparel.lt\/wp-content\/uploads\/2024\/12\/OVESIZED-t-SHIRT-01.webp\",\"datePublished\":\"2024-12-05T14:03:17+00:00\",\"dateModified\":\"2026-02-11T17:29:36+00:00\",\"breadcrumb\":{\"@id\":\"https:\/\/sbdapparel.lt\/product\/forge-oversized-marskineliai\/#breadcrumb\"},\"inLanguage\":\"en-US\",\"potentialAction\":[{\"@type\":\"ReadAction\",\"target\":[\"https:\/\/sbdapparel.lt\/product\/forge-oversized-marskineliai\/\"]}]},{\"@type\":\"ImageObject\",\"inLanguage\":\"en-US\",\"@id\":\"https:\/\/sbdapparel.lt\/product\/forge-oversized-marskineliai\/#primaryimage\",\"url\":\"https:\/\/sbdapparel.lt\/wp-content\/uploads\/2024\/12\/OVESIZED-t-SHIRT-01.webp\",\"contentUrl\":\"https:\/\/sbdapparel.lt\/wp-content\/uploads\/2024\/12\/OVESIZED-t-SHIRT-01.webp\",\"width\":1800,\"height\":1800},{\"@type\":\"BreadcrumbList\",\"@id\":\"https:\/\/sbdapparel.lt\/product\/forge-oversized-marskineliai\/#breadcrumb\",\"itemListElement\":[{\"@type\":\"ListItem\",\"position\":1,\"name\":\"Home\",\"item\":\"https:\/\/sbdapparel.lt\/\"},{\"@type\":\"ListItem\",\"position\":2,\"name\":\"Produktai\",\"item\":\"https:\/\/sbdapparel.lt\/shop\/\"},{\"@type\":\"ListItem\",\"position\":3,\"name\":\"FORGE OVERSIZED PILKI MAR\u0160KIN\u0116LIAI\"}]},{\"@type\":\"WebSite\",\"@id\":\"https:\/\/sbdapparel.lt\/#website\",\"url\":\"https:\/\/sbdapparel.lt\/\",\"name\":\"SBD Apparel LT\",\"description\":\"LIETUVA\",\"publisher\":{\"@id\":\"https:\/\/sbdapparel.lt\/#organization\"},\"potentialAction\":[{\"@type\":\"SearchAction\",\"target\":{\"@type\":\"EntryPoint\",\"urlTemplate\":\"https:\/\/sbdapparel.lt\/?s={search_term_string}\"},\"query-input\":{\"@type\":\"PropertyValueSpecification\",\"valueRequired\":true,\"valueName\":\"search_term_string\"}}],\"inLanguage\":\"en-US\"},{\"@type\":\"Organization\",\"@id\":\"https:\/\/sbdapparel.lt\/#organization\",\"name\":\"SBD Apparel LT\",\"url\":\"https:\/\/sbdapparel.lt\/\",\"logo\":{\"@type\":\"ImageObject\",\"inLanguage\":\"en-US\",\"@id\":\"https:\/\/sbdapparel.lt\/#\/schema\/logo\/image\/\",\"url\":\"https:\/\/sbdapparel.lt\/wp-content\/uploads\/2023\/07\/cropped-SBD_Identity_OnDark_RGB.png\",\"contentUrl\":\"https:\/\/sbdapparel.lt\/wp-content\/uploads\/2023\/07\/cropped-SBD_Identity_OnDark_RGB.png\",\"width\":1182,\"height\":515,\"caption\":\"SBD Apparel LT\"},\"image\":{\"@id\":\"https:\/\/sbdapparel.lt\/#\/schema\/logo\/image\/\"}}]}<\/script>\n<!-- \/ Yoast SEO plugin. -->","yoast_head_json":{"title":"FORGE OVERSIZED PILKI MAR\u0160KIN\u0116LIAI - SBD Apparel LT","robots":{"index":"index","follow":"follow","max-snippet":"max-snippet:-1","max-image-preview":"max-image-preview:large","max-video-preview":"max-video-preview:-1"},"canonical":"https:\/\/sbdapparel.lt\/en\/product\/forge-oversized-marskineliai\/","og_locale":"en_US","og_type":"article","og_title":"FORGE OVERSIZED PILKI MAR\u0160KIN\u0116LIAI - SBD Apparel LT","og_description":"Visi\u0161kai Jungtin\u0117je Karalyst\u0117je nuo medviln\u0117s iki siuvimo pagaminti SBD negabaritiniai mar\u0161kin\u0117liai gali atlaikyti sunkiausias treniruotes. Sukurta kartu su sportinink\u0173 atsiliepimais.  Forge yra riboto leidimo kolekcija, pasi\u017eyminti tokiomis pat savyb\u0117mis ir pagaminta pagal tokius pa\u010dius auk\u0161tus standartus kaip ir m\u016bs\u0173 klasikin\u0117 produkt\u0173 linija.  Ant kr\u016btin\u0117s yra SBD logotipo atspaudas, o nugaroje - \u201eJ\u0117ga, tik\u0117jimas, ry\u017etas\u201c. tinka ir vyrams ir moterims. Patogus ir patvarus, sukurtas taip, kad i\u0161tvert\u0173 ilgus naudojimo metus treniruot\u0117se. Megzta i\u0161 100% Good Earth Cotton\u00ae. Pagaminta \u0160efilde, Did\u017eiojoje Britanijoje.","og_url":"https:\/\/sbdapparel.lt\/en\/product\/forge-oversized-marskineliai\/","og_site_name":"SBD Apparel LT","article_modified_time":"2026-02-11T17:29:36+00:00","og_image":[{"width":1800,"height":1800,"url":"http:\/\/sbdapparel.lt\/wp-content\/uploads\/2024\/12\/OVESIZED-t-SHIRT-01.webp","type":"image\/webp"}],"twitter_card":"summary_large_image","twitter_misc":{"Est. reading time":"1 minute"},"schema":{"@context":"https:\/\/schema.org","@graph":[{"@type":"WebPage","@id":"https:\/\/sbdapparel.lt\/product\/forge-oversized-marskineliai\/","url":"https:\/\/sbdapparel.lt\/product\/forge-oversized-marskineliai\/","name":"FORGE OVERSIZED PILKI MAR\u0160KIN\u0116LIAI - SBD Apparel LT","isPartOf":{"@id":"https:\/\/sbdapparel.lt\/#website"},"primaryImageOfPage":{"@id":"https:\/\/sbdapparel.lt\/product\/forge-oversized-marskineliai\/#primaryimage"},"image":{"@id":"https:\/\/sbdapparel.lt\/product\/forge-oversized-marskineliai\/#primaryimage"},"thumbnailUrl":"https:\/\/sbdapparel.lt\/wp-content\/uploads\/2024\/12\/OVESIZED-t-SHIRT-01.webp","datePublished":"2024-12-05T14:03:17+00:00","dateModified":"2026-02-11T17:29:36+00:00","breadcrumb":{"@id":"https:\/\/sbdapparel.lt\/product\/forge-oversized-marskineliai\/#breadcrumb"},"inLanguage":"en-US","potentialAction":[{"@type":"ReadAction","target":["https:\/\/sbdapparel.lt\/product\/forge-oversized-marskineliai\/"]}]},{"@type":"ImageObject","inLanguage":"en-US","@id":"https:\/\/sbdapparel.lt\/product\/forge-oversized-marskineliai\/#primaryimage","url":"https:\/\/sbdapparel.lt\/wp-content\/uploads\/2024\/12\/OVESIZED-t-SHIRT-01.webp","contentUrl":"https:\/\/sbdapparel.lt\/wp-content\/uploads\/2024\/12\/OVESIZED-t-SHIRT-01.webp","width":1800,"height":1800},{"@type":"BreadcrumbList","@id":"https:\/\/sbdapparel.lt\/product\/forge-oversized-marskineliai\/#breadcrumb","itemListElement":[{"@type":"ListItem","position":1,"name":"Home","item":"https:\/\/sbdapparel.lt\/"},{"@type":"ListItem","position":2,"name":"Produktai","item":"https:\/\/sbdapparel.lt\/shop\/"},{"@type":"ListItem","position":3,"name":"FORGE OVERSIZED PILKI MAR\u0160KIN\u0116LIAI"}]},{"@type":"WebSite","@id":"https:\/\/sbdapparel.lt\/#website","url":"https:\/\/sbdapparel.lt\/","name":"SBD Apparel LT","description":"LIETUVA","publisher":{"@id":"https:\/\/sbdapparel.lt\/#organization"},"potentialAction":[{"@type":"SearchAction","target":{"@type":"EntryPoint","urlTemplate":"https:\/\/sbdapparel.lt\/?s={search_term_string}"},"query-input":{"@type":"PropertyValueSpecification","valueRequired":true,"valueName":"search_term_string"}}],"inLanguage":"en-US"},{"@type":"Organization","@id":"https:\/\/sbdapparel.lt\/#organization","name":"SBD Apparel LT","url":"https:\/\/sbdapparel.lt\/","logo":{"@type":"ImageObject","inLanguage":"en-US","@id":"https:\/\/sbdapparel.lt\/#\/schema\/logo\/image\/","url":"https:\/\/sbdapparel.lt\/wp-content\/uploads\/2023\/07\/cropped-SBD_Identity_OnDark_RGB.png","contentUrl":"https:\/\/sbdapparel.lt\/wp-content\/uploads\/2023\/07\/cropped-SBD_Identity_OnDark_RGB.png","width":1182,"height":515,"caption":"SBD Apparel LT"},"image":{"@id":"https:\/\/sbdapparel.lt\/#\/schema\/logo\/image\/"}}]}},"_links":{"self":[{"href":"https:\/\/sbdapparel.lt\/en\/wp-json\/wp\/v2\/product\/3761","targetHints":{"allow":["GET"]}}],"collection":[{"href":"https:\/\/sbdapparel.lt\/en\/wp-json\/wp\/v2\/product"}],"about":[{"href":"https:\/\/sbdapparel.lt\/en\/wp-json\/wp\/v2\/types\/product"}],"version-history":[{"count":4,"href":"https:\/\/sbdapparel.lt\/en\/wp-json\/wp\/v2\/product\/3761\/revisions"}],"predecessor-version":[{"id":4189,"href":"https:\/\/sbdapparel.lt\/en\/wp-json\/wp\/v2\/product\/3761\/revisions\/4189"}],"wp:featuredmedia":[{"embeddable":true,"href":"https:\/\/sbdapparel.lt\/en\/wp-json\/wp\/v2\/media\/3769"}],"wp:attachment":[{"href":"https:\/\/sbdapparel.lt\/en\/wp-json\/wp\/v2\/media?parent=3761"}],"wp:term":[{"taxonomy":"product_brand","embeddable":true,"href":"https:\/\/sbdapparel.lt\/en\/wp-json\/wp\/v2\/product_brand?post=3761"},{"taxonomy":"product_cat","embeddable":true,"href":"https:\/\/sbdapparel.lt\/en\/wp-json\/wp\/v2\/product_cat?post=3761"},{"taxonomy":"product_tag","embeddable":true,"href":"https:\/\/sbdapparel.lt\/en\/wp-json\/wp\/v2\/product_tag?post=3761"},{"taxonomy":"giftcard-category","embeddable":true,"href":"https:\/\/sbdapparel.lt\/en\/wp-json\/wp\/v2\/giftcard-category?post=3761"}],"curies":[{"name":"wp","href":"https:\/\/api.w.org\/{rel}","templated":true}]}}