{"id":3989,"date":"2024-12-05T15:03:52","date_gmt":"2024-12-05T15:03:52","guid":{"rendered":"https:\/\/sbdapparel.lt\/?post_type=product&#038;p=3989"},"modified":"2026-02-15T22:46:32","modified_gmt":"2026-02-15T19:46:32","slug":"forge-kelimo-dirzai","status":"publish","type":"product","link":"https:\/\/sbdapparel.lt\/en\/product\/forge-kelimo-dirzai\/","title":{"rendered":"FORGE SBD Grey Lifting Straps"},"content":{"rendered":"","protected":false},"excerpt":{"rendered":"<p>Featuring our patent-pending webbing construction, which weaves filament aramid fibre within spun fibres. The lifting straps offer greater strength than a nylon wrap, whilst providing the comfort of a cotton wrap.<\/p>\n<p>Designed through collaboration with world-class athletes to eliminate grip as a limiting factor when lifting for maximal weight or extra repetitions.<\/p>\n<p>Forge is a limited edition collection, offering the same performance and manufactured to the same high standards as our classic product line.<\/p>\n<p>Patent-pending webbing construction<br \/>\nMade in Sheffield, Great Britain.<br \/>\nMaterials: Kevlar\u00ae fiber, polyester<\/p>\n<p>DuPont\u2122 and Kevlar\u00ae are trademarks or registered trademarks of affiliates of DuPont de Nemours, Inc.<\/p>","protected":false},"featured_media":3990,"template":"","meta":[],"product_brand":[],"product_cat":[67,48],"product_tag":[],"giftcard-category":[],"class_list":{"0":"post-3989","1":"product","2":"type-product","3":"status-publish","4":"has-post-thumbnail","6":"product_cat-forge","7":"product_cat-kelikmodirzai","10":"instock","11":"shipping-taxable","12":"purchasable","13":"product-type-simple","14":"product-grid-view"},"yoast_head":"<!-- This site is optimized with the Yoast SEO plugin v26.9 - https:\/\/yoast.com\/product\/yoast-seo-wordpress\/ -->\n<title>FORGE SBD Grey Lifting Straps - SBD Apparel LT<\/title>\n<meta name=\"robots\" content=\"index, follow, max-snippet:-1, max-image-preview:large, max-video-preview:-1\" \/>\n<link rel=\"canonical\" href=\"https:\/\/sbdapparel.lt\/en\/product\/forge-kelimo-dirzai\/\" \/>\n<meta property=\"og:locale\" content=\"en_US\" \/>\n<meta property=\"og:type\" content=\"article\" \/>\n<meta property=\"og:title\" content=\"FORGE SBD Grey Lifting Straps - SBD Apparel LT\" \/>\n<meta property=\"og:description\" content=\"M\u016bs\u0173 patentuota konstrukcija, kuri supina gij\u0173 aramidin\u012f pluo\u0161t\u0105 . K\u0117limo dir\u017eeliai turi nailono kra\u0161tus, tuo pa\u010diu suteikiant rie\u0161ui patogum\u0105.  Sukurta bendradarbiaujant su pasaulinio lygio sportininkais, kad b\u016bt\u0173 padidintas sukibimas su \u0161tangos grifu keliant maksimal\u0173 svor\u012f arba atliekant papildomus pakartojimus.  \u201eForge\u201c yra riboto leidimo kolekcija, pasi\u017eyminti tokiomis pat savyb\u0117mis ir pagaminta pagal tokius pa\u010dius auk\u0161tus standartus kaip ir m\u016bs\u0173 klasikin\u0117 produkt\u0173 linija.  Patentuota juostos konstrukcija. Pagaminta \u0160efilde, Did\u017eiojoje Britanijoje. Med\u017eiagos: Kevlar\u00ae pluo\u0161tas, poliesteris  DuPont\u2122 ir Kevlar\u00ae yra DuPont de Nemours, Inc. filial\u0173 preki\u0173 \u017eenklai arba registruotieji preki\u0173 \u017eenklai.\" \/>\n<meta property=\"og:url\" content=\"https:\/\/sbdapparel.lt\/en\/product\/forge-kelimo-dirzai\/\" \/>\n<meta property=\"og:site_name\" content=\"SBD Apparel LT\" \/>\n<meta property=\"article:modified_time\" content=\"2026-02-15T19:46:32+00:00\" \/>\n<meta property=\"og:image\" content=\"http:\/\/sbdapparel.lt\/wp-content\/uploads\/2024\/12\/Lifting-Straps-01_cf99f7ff-a2ca-44be-b94d-b3c506e4b9c7.webp\" \/>\n\t<meta property=\"og:image:width\" content=\"1800\" \/>\n\t<meta property=\"og:image:height\" content=\"1800\" \/>\n\t<meta property=\"og:image:type\" content=\"image\/webp\" \/>\n<meta name=\"twitter:card\" content=\"summary_large_image\" \/>\n<meta name=\"twitter:label1\" content=\"Est. reading time\" \/>\n\t<meta name=\"twitter:data1\" content=\"1 minute\" \/>\n<script type=\"application\/ld+json\" class=\"yoast-schema-graph\">{\"@context\":\"https:\/\/schema.org\",\"@graph\":[{\"@type\":\"WebPage\",\"@id\":\"https:\/\/sbdapparel.lt\/product\/forge-kelimo-dirzai\/\",\"url\":\"https:\/\/sbdapparel.lt\/product\/forge-kelimo-dirzai\/\",\"name\":\"FORGE SBD Grey Lifting Straps - SBD Apparel LT\",\"isPartOf\":{\"@id\":\"https:\/\/sbdapparel.lt\/#website\"},\"primaryImageOfPage\":{\"@id\":\"https:\/\/sbdapparel.lt\/product\/forge-kelimo-dirzai\/#primaryimage\"},\"image\":{\"@id\":\"https:\/\/sbdapparel.lt\/product\/forge-kelimo-dirzai\/#primaryimage\"},\"thumbnailUrl\":\"https:\/\/sbdapparel.lt\/wp-content\/uploads\/2024\/12\/Lifting-Straps-01_cf99f7ff-a2ca-44be-b94d-b3c506e4b9c7.webp\",\"datePublished\":\"2024-12-05T15:03:52+00:00\",\"dateModified\":\"2026-02-15T19:46:32+00:00\",\"breadcrumb\":{\"@id\":\"https:\/\/sbdapparel.lt\/product\/forge-kelimo-dirzai\/#breadcrumb\"},\"inLanguage\":\"en-US\",\"potentialAction\":[{\"@type\":\"ReadAction\",\"target\":[\"https:\/\/sbdapparel.lt\/product\/forge-kelimo-dirzai\/\"]}]},{\"@type\":\"ImageObject\",\"inLanguage\":\"en-US\",\"@id\":\"https:\/\/sbdapparel.lt\/product\/forge-kelimo-dirzai\/#primaryimage\",\"url\":\"https:\/\/sbdapparel.lt\/wp-content\/uploads\/2024\/12\/Lifting-Straps-01_cf99f7ff-a2ca-44be-b94d-b3c506e4b9c7.webp\",\"contentUrl\":\"https:\/\/sbdapparel.lt\/wp-content\/uploads\/2024\/12\/Lifting-Straps-01_cf99f7ff-a2ca-44be-b94d-b3c506e4b9c7.webp\",\"width\":1800,\"height\":1800},{\"@type\":\"BreadcrumbList\",\"@id\":\"https:\/\/sbdapparel.lt\/product\/forge-kelimo-dirzai\/#breadcrumb\",\"itemListElement\":[{\"@type\":\"ListItem\",\"position\":1,\"name\":\"Home\",\"item\":\"https:\/\/sbdapparel.lt\/\"},{\"@type\":\"ListItem\",\"position\":2,\"name\":\"Produktai\",\"item\":\"https:\/\/sbdapparel.lt\/shop\/\"},{\"@type\":\"ListItem\",\"position\":3,\"name\":\"FORGE SBD Grey Lifting Straps\"}]},{\"@type\":\"WebSite\",\"@id\":\"https:\/\/sbdapparel.lt\/#website\",\"url\":\"https:\/\/sbdapparel.lt\/\",\"name\":\"SBD Apparel LT\",\"description\":\"LIETUVA\",\"publisher\":{\"@id\":\"https:\/\/sbdapparel.lt\/#organization\"},\"potentialAction\":[{\"@type\":\"SearchAction\",\"target\":{\"@type\":\"EntryPoint\",\"urlTemplate\":\"https:\/\/sbdapparel.lt\/?s={search_term_string}\"},\"query-input\":{\"@type\":\"PropertyValueSpecification\",\"valueRequired\":true,\"valueName\":\"search_term_string\"}}],\"inLanguage\":\"en-US\"},{\"@type\":\"Organization\",\"@id\":\"https:\/\/sbdapparel.lt\/#organization\",\"name\":\"SBD Apparel LT\",\"url\":\"https:\/\/sbdapparel.lt\/\",\"logo\":{\"@type\":\"ImageObject\",\"inLanguage\":\"en-US\",\"@id\":\"https:\/\/sbdapparel.lt\/#\/schema\/logo\/image\/\",\"url\":\"https:\/\/sbdapparel.lt\/wp-content\/uploads\/2023\/07\/cropped-SBD_Identity_OnDark_RGB.png\",\"contentUrl\":\"https:\/\/sbdapparel.lt\/wp-content\/uploads\/2023\/07\/cropped-SBD_Identity_OnDark_RGB.png\",\"width\":1182,\"height\":515,\"caption\":\"SBD Apparel LT\"},\"image\":{\"@id\":\"https:\/\/sbdapparel.lt\/#\/schema\/logo\/image\/\"}}]}<\/script>\n<!-- \/ Yoast SEO plugin. -->","yoast_head_json":{"title":"FORGE SBD Grey Lifting Straps - SBD Apparel LT","robots":{"index":"index","follow":"follow","max-snippet":"max-snippet:-1","max-image-preview":"max-image-preview:large","max-video-preview":"max-video-preview:-1"},"canonical":"https:\/\/sbdapparel.lt\/en\/product\/forge-kelimo-dirzai\/","og_locale":"en_US","og_type":"article","og_title":"FORGE SBD Grey Lifting Straps - SBD Apparel LT","og_description":"M\u016bs\u0173 patentuota konstrukcija, kuri supina gij\u0173 aramidin\u012f pluo\u0161t\u0105 . K\u0117limo dir\u017eeliai turi nailono kra\u0161tus, tuo pa\u010diu suteikiant rie\u0161ui patogum\u0105.  Sukurta bendradarbiaujant su pasaulinio lygio sportininkais, kad b\u016bt\u0173 padidintas sukibimas su \u0161tangos grifu keliant maksimal\u0173 svor\u012f arba atliekant papildomus pakartojimus.  \u201eForge\u201c yra riboto leidimo kolekcija, pasi\u017eyminti tokiomis pat savyb\u0117mis ir pagaminta pagal tokius pa\u010dius auk\u0161tus standartus kaip ir m\u016bs\u0173 klasikin\u0117 produkt\u0173 linija.  Patentuota juostos konstrukcija. Pagaminta \u0160efilde, Did\u017eiojoje Britanijoje. Med\u017eiagos: Kevlar\u00ae pluo\u0161tas, poliesteris  DuPont\u2122 ir Kevlar\u00ae yra DuPont de Nemours, Inc. filial\u0173 preki\u0173 \u017eenklai arba registruotieji preki\u0173 \u017eenklai.","og_url":"https:\/\/sbdapparel.lt\/en\/product\/forge-kelimo-dirzai\/","og_site_name":"SBD Apparel LT","article_modified_time":"2026-02-15T19:46:32+00:00","og_image":[{"width":1800,"height":1800,"url":"http:\/\/sbdapparel.lt\/wp-content\/uploads\/2024\/12\/Lifting-Straps-01_cf99f7ff-a2ca-44be-b94d-b3c506e4b9c7.webp","type":"image\/webp"}],"twitter_card":"summary_large_image","twitter_misc":{"Est. reading time":"1 minute"},"schema":{"@context":"https:\/\/schema.org","@graph":[{"@type":"WebPage","@id":"https:\/\/sbdapparel.lt\/product\/forge-kelimo-dirzai\/","url":"https:\/\/sbdapparel.lt\/product\/forge-kelimo-dirzai\/","name":"FORGE SBD Grey Lifting Straps - SBD Apparel LT","isPartOf":{"@id":"https:\/\/sbdapparel.lt\/#website"},"primaryImageOfPage":{"@id":"https:\/\/sbdapparel.lt\/product\/forge-kelimo-dirzai\/#primaryimage"},"image":{"@id":"https:\/\/sbdapparel.lt\/product\/forge-kelimo-dirzai\/#primaryimage"},"thumbnailUrl":"https:\/\/sbdapparel.lt\/wp-content\/uploads\/2024\/12\/Lifting-Straps-01_cf99f7ff-a2ca-44be-b94d-b3c506e4b9c7.webp","datePublished":"2024-12-05T15:03:52+00:00","dateModified":"2026-02-15T19:46:32+00:00","breadcrumb":{"@id":"https:\/\/sbdapparel.lt\/product\/forge-kelimo-dirzai\/#breadcrumb"},"inLanguage":"en-US","potentialAction":[{"@type":"ReadAction","target":["https:\/\/sbdapparel.lt\/product\/forge-kelimo-dirzai\/"]}]},{"@type":"ImageObject","inLanguage":"en-US","@id":"https:\/\/sbdapparel.lt\/product\/forge-kelimo-dirzai\/#primaryimage","url":"https:\/\/sbdapparel.lt\/wp-content\/uploads\/2024\/12\/Lifting-Straps-01_cf99f7ff-a2ca-44be-b94d-b3c506e4b9c7.webp","contentUrl":"https:\/\/sbdapparel.lt\/wp-content\/uploads\/2024\/12\/Lifting-Straps-01_cf99f7ff-a2ca-44be-b94d-b3c506e4b9c7.webp","width":1800,"height":1800},{"@type":"BreadcrumbList","@id":"https:\/\/sbdapparel.lt\/product\/forge-kelimo-dirzai\/#breadcrumb","itemListElement":[{"@type":"ListItem","position":1,"name":"Home","item":"https:\/\/sbdapparel.lt\/"},{"@type":"ListItem","position":2,"name":"Produktai","item":"https:\/\/sbdapparel.lt\/shop\/"},{"@type":"ListItem","position":3,"name":"FORGE SBD Grey Lifting Straps"}]},{"@type":"WebSite","@id":"https:\/\/sbdapparel.lt\/#website","url":"https:\/\/sbdapparel.lt\/","name":"SBD Apparel LT","description":"LIETUVA","publisher":{"@id":"https:\/\/sbdapparel.lt\/#organization"},"potentialAction":[{"@type":"SearchAction","target":{"@type":"EntryPoint","urlTemplate":"https:\/\/sbdapparel.lt\/?s={search_term_string}"},"query-input":{"@type":"PropertyValueSpecification","valueRequired":true,"valueName":"search_term_string"}}],"inLanguage":"en-US"},{"@type":"Organization","@id":"https:\/\/sbdapparel.lt\/#organization","name":"SBD Apparel LT","url":"https:\/\/sbdapparel.lt\/","logo":{"@type":"ImageObject","inLanguage":"en-US","@id":"https:\/\/sbdapparel.lt\/#\/schema\/logo\/image\/","url":"https:\/\/sbdapparel.lt\/wp-content\/uploads\/2023\/07\/cropped-SBD_Identity_OnDark_RGB.png","contentUrl":"https:\/\/sbdapparel.lt\/wp-content\/uploads\/2023\/07\/cropped-SBD_Identity_OnDark_RGB.png","width":1182,"height":515,"caption":"SBD Apparel LT"},"image":{"@id":"https:\/\/sbdapparel.lt\/#\/schema\/logo\/image\/"}}]}},"_links":{"self":[{"href":"https:\/\/sbdapparel.lt\/en\/wp-json\/wp\/v2\/product\/3989","targetHints":{"allow":["GET"]}}],"collection":[{"href":"https:\/\/sbdapparel.lt\/en\/wp-json\/wp\/v2\/product"}],"about":[{"href":"https:\/\/sbdapparel.lt\/en\/wp-json\/wp\/v2\/types\/product"}],"version-history":[{"count":6,"href":"https:\/\/sbdapparel.lt\/en\/wp-json\/wp\/v2\/product\/3989\/revisions"}],"predecessor-version":[{"id":4617,"href":"https:\/\/sbdapparel.lt\/en\/wp-json\/wp\/v2\/product\/3989\/revisions\/4617"}],"wp:featuredmedia":[{"embeddable":true,"href":"https:\/\/sbdapparel.lt\/en\/wp-json\/wp\/v2\/media\/3990"}],"wp:attachment":[{"href":"https:\/\/sbdapparel.lt\/en\/wp-json\/wp\/v2\/media?parent=3989"}],"wp:term":[{"taxonomy":"product_brand","embeddable":true,"href":"https:\/\/sbdapparel.lt\/en\/wp-json\/wp\/v2\/product_brand?post=3989"},{"taxonomy":"product_cat","embeddable":true,"href":"https:\/\/sbdapparel.lt\/en\/wp-json\/wp\/v2\/product_cat?post=3989"},{"taxonomy":"product_tag","embeddable":true,"href":"https:\/\/sbdapparel.lt\/en\/wp-json\/wp\/v2\/product_tag?post=3989"},{"taxonomy":"giftcard-category","embeddable":true,"href":"https:\/\/sbdapparel.lt\/en\/wp-json\/wp\/v2\/giftcard-category?post=3989"}],"curies":[{"name":"wp","href":"https:\/\/api.w.org\/{rel}","templated":true}]}}