{"id":4020,"date":"2024-12-05T15:15:25","date_gmt":"2024-12-05T15:15:25","guid":{"rendered":"https:\/\/sbdapparel.lt\/?post_type=product&#038;p=4020"},"modified":"2026-02-07T11:48:51","modified_gmt":"2026-02-07T08:48:51","slug":"forge-pilkas-10mm-svirties-dirzas","status":"publish","type":"product","link":"https:\/\/sbdapparel.lt\/en\/product\/forge-pilkas-10mm-svirties-dirzas\/","title":{"rendered":"Forge Gray 10mm Lever Belt"},"content":{"rendered":"","protected":false},"excerpt":{"rendered":"<p>Featuring a patented gliding lever, providing the adjustability of a prong belt with the ease and tightness of a lever belt. Ideal for sizing up or down whenever you need during training sessions and competitions.<\/p>\n<p>The 10mm lever belt is constructed using two different cuts of hide to allow the belt to retain support while moulding to your waist. Featuring a low profile buckle - along with rounded edges and corners - to minimise any obstruction or discomfort from contact between the legs and the belt.<\/p>\n<p>Designed through collaboration with world-class athletes, coaches, and health professionals.<\/p>\n<p>Forge is a limited edition collection, offering the same performance and manufactured to the same high standards as our classic product line.<\/p>\n<p>10mm thickness and 10cm in width.<br \/>\nGray oiled leather finish with a black suede interior.<br \/>\nIPF approved.<br \/>\nMade exclusively from British cowhide.<br \/>\nMade in Sheffield, Great Britain.<\/p>","protected":false},"featured_media":4030,"template":"","meta":[],"product_brand":[],"product_cat":[42,67],"product_tag":[],"giftcard-category":[],"class_list":{"0":"post-4020","1":"product","2":"type-product","3":"status-publish","4":"has-post-thumbnail","6":"product_cat-dirzai","7":"product_cat-forge","10":"instock","11":"shipping-taxable","12":"purchasable","13":"product-type-variable","14":"product-grid-view"},"yoast_head":"<!-- This site is optimized with the Yoast SEO plugin v26.9 - https:\/\/yoast.com\/product\/yoast-seo-wordpress\/ -->\n<title>FORGE PILKAS 10mm DIR\u017dAS - SBD Apparel LT<\/title>\n<meta name=\"robots\" content=\"index, follow, max-snippet:-1, max-image-preview:large, max-video-preview:-1\" \/>\n<link rel=\"canonical\" href=\"https:\/\/sbdapparel.lt\/en\/product\/forge-pilkas-10mm-svirties-dirzas\/\" \/>\n<meta property=\"og:locale\" content=\"en_US\" \/>\n<meta property=\"og:type\" content=\"article\" \/>\n<meta property=\"og:title\" content=\"FORGE PILKAS 10mm DIR\u017dAS - SBD Apparel LT\" \/>\n<meta property=\"og:description\" content=\"Patentuota svertin\u0117 dir\u017eo sagtis, leid\u017eianti lengvai ir tvirtai reguliuoti dir\u017e\u0105. Idealiai tinka padidinti arba suma\u017einti dyd\u012f, kai tik reikia treniruo\u010di\u0173 ir var\u017eyb\u0173 metu.  10 mm dir\u017eas su svirties sagtimi pagamintas naudojant du skirtingus odos sluoksnius, kad dir\u017eas i\u0161laikyt\u0173 atram\u0105, kai jis priglunda prie juosmens. \u017demo profilio sagtis kartu su u\u017eapvalintais kra\u0161tais ir kampais suma\u017eina kli\u016btis ar diskomfort\u0105 d\u0117l s\u0105ly\u010dio tarp koj\u0173 ir dir\u017eo.  Sukurta bendradarbiaujant su pasaulinio lygio sportininkais, treneriais ir sveikatos specialistais.  Forge yra riboto leidimo kolekcija, pasi\u017eyminti tokiomis pat savyb\u0117mis ir pagaminta pagal tokius pa\u010dius auk\u0161tus standartus kaip ir m\u016bs\u0173 klasikin\u0117 produkt\u0173 linija.  10 mm storio ir 10 cm plo\u010dio. Pilka alyvuotos odos apdaila su juodo zom\u0161o vidine dalimi. IPF patvirtintas. Pagaminta i\u0161skirtinai i\u0161 briti\u0161kos karv\u0117s odos. Pagaminta \u0160efilde, Did\u017eiojoje Britanijoje.\" \/>\n<meta property=\"og:url\" content=\"https:\/\/sbdapparel.lt\/en\/product\/forge-pilkas-10mm-svirties-dirzas\/\" \/>\n<meta property=\"og:site_name\" content=\"SBD Apparel LT\" \/>\n<meta property=\"article:modified_time\" content=\"2026-02-07T08:48:51+00:00\" \/>\n<meta property=\"og:image\" content=\"https:\/\/sbdapparel.lt\/wp-content\/uploads\/2024\/12\/10MM-BELT-BLACK-01.webp\" \/>\n\t<meta property=\"og:image:width\" content=\"1800\" \/>\n\t<meta property=\"og:image:height\" content=\"1800\" \/>\n\t<meta property=\"og:image:type\" content=\"image\/webp\" \/>\n<meta name=\"twitter:card\" content=\"summary_large_image\" \/>\n<script type=\"application\/ld+json\" class=\"yoast-schema-graph\">{\"@context\":\"https:\/\/schema.org\",\"@graph\":[{\"@type\":\"WebPage\",\"@id\":\"https:\/\/sbdapparel.lt\/product\/forge-pilkas-10mm-svirties-dirzas\/\",\"url\":\"https:\/\/sbdapparel.lt\/product\/forge-pilkas-10mm-svirties-dirzas\/\",\"name\":\"FORGE PILKAS 10mm DIR\u017dAS - SBD Apparel LT\",\"isPartOf\":{\"@id\":\"https:\/\/sbdapparel.lt\/#website\"},\"primaryImageOfPage\":{\"@id\":\"https:\/\/sbdapparel.lt\/product\/forge-pilkas-10mm-svirties-dirzas\/#primaryimage\"},\"image\":{\"@id\":\"https:\/\/sbdapparel.lt\/product\/forge-pilkas-10mm-svirties-dirzas\/#primaryimage\"},\"thumbnailUrl\":\"https:\/\/sbdapparel.lt\/wp-content\/uploads\/2024\/12\/10MM-BELT-BLACK-01.webp\",\"datePublished\":\"2024-12-05T15:15:25+00:00\",\"dateModified\":\"2026-02-07T08:48:51+00:00\",\"breadcrumb\":{\"@id\":\"https:\/\/sbdapparel.lt\/product\/forge-pilkas-10mm-svirties-dirzas\/#breadcrumb\"},\"inLanguage\":\"en-US\",\"potentialAction\":[{\"@type\":\"ReadAction\",\"target\":[\"https:\/\/sbdapparel.lt\/product\/forge-pilkas-10mm-svirties-dirzas\/\"]}]},{\"@type\":\"ImageObject\",\"inLanguage\":\"en-US\",\"@id\":\"https:\/\/sbdapparel.lt\/product\/forge-pilkas-10mm-svirties-dirzas\/#primaryimage\",\"url\":\"https:\/\/sbdapparel.lt\/wp-content\/uploads\/2024\/12\/10MM-BELT-BLACK-01.webp\",\"contentUrl\":\"https:\/\/sbdapparel.lt\/wp-content\/uploads\/2024\/12\/10MM-BELT-BLACK-01.webp\",\"width\":1800,\"height\":1800},{\"@type\":\"BreadcrumbList\",\"@id\":\"https:\/\/sbdapparel.lt\/product\/forge-pilkas-10mm-svirties-dirzas\/#breadcrumb\",\"itemListElement\":[{\"@type\":\"ListItem\",\"position\":1,\"name\":\"Home\",\"item\":\"https:\/\/sbdapparel.lt\/\"},{\"@type\":\"ListItem\",\"position\":2,\"name\":\"Produktai\",\"item\":\"https:\/\/sbdapparel.lt\/shop\/\"},{\"@type\":\"ListItem\",\"position\":3,\"name\":\"FORGE PILKAS 10mm DIR\u017dAS\"}]},{\"@type\":\"WebSite\",\"@id\":\"https:\/\/sbdapparel.lt\/#website\",\"url\":\"https:\/\/sbdapparel.lt\/\",\"name\":\"SBD Apparel LT\",\"description\":\"LIETUVA\",\"publisher\":{\"@id\":\"https:\/\/sbdapparel.lt\/#organization\"},\"potentialAction\":[{\"@type\":\"SearchAction\",\"target\":{\"@type\":\"EntryPoint\",\"urlTemplate\":\"https:\/\/sbdapparel.lt\/?s={search_term_string}\"},\"query-input\":{\"@type\":\"PropertyValueSpecification\",\"valueRequired\":true,\"valueName\":\"search_term_string\"}}],\"inLanguage\":\"en-US\"},{\"@type\":\"Organization\",\"@id\":\"https:\/\/sbdapparel.lt\/#organization\",\"name\":\"SBD Apparel LT\",\"url\":\"https:\/\/sbdapparel.lt\/\",\"logo\":{\"@type\":\"ImageObject\",\"inLanguage\":\"en-US\",\"@id\":\"https:\/\/sbdapparel.lt\/#\/schema\/logo\/image\/\",\"url\":\"https:\/\/sbdapparel.lt\/wp-content\/uploads\/2023\/07\/cropped-SBD_Identity_OnDark_RGB.png\",\"contentUrl\":\"https:\/\/sbdapparel.lt\/wp-content\/uploads\/2023\/07\/cropped-SBD_Identity_OnDark_RGB.png\",\"width\":1182,\"height\":515,\"caption\":\"SBD Apparel LT\"},\"image\":{\"@id\":\"https:\/\/sbdapparel.lt\/#\/schema\/logo\/image\/\"}}]}<\/script>\n<!-- \/ Yoast SEO plugin. -->","yoast_head_json":{"title":"FORGE PILKAS 10mm DIR\u017dAS - SBD Apparel LT","robots":{"index":"index","follow":"follow","max-snippet":"max-snippet:-1","max-image-preview":"max-image-preview:large","max-video-preview":"max-video-preview:-1"},"canonical":"https:\/\/sbdapparel.lt\/en\/product\/forge-pilkas-10mm-svirties-dirzas\/","og_locale":"en_US","og_type":"article","og_title":"FORGE PILKAS 10mm DIR\u017dAS - SBD Apparel LT","og_description":"Patentuota svertin\u0117 dir\u017eo sagtis, leid\u017eianti lengvai ir tvirtai reguliuoti dir\u017e\u0105. Idealiai tinka padidinti arba suma\u017einti dyd\u012f, kai tik reikia treniruo\u010di\u0173 ir var\u017eyb\u0173 metu.  10 mm dir\u017eas su svirties sagtimi pagamintas naudojant du skirtingus odos sluoksnius, kad dir\u017eas i\u0161laikyt\u0173 atram\u0105, kai jis priglunda prie juosmens. \u017demo profilio sagtis kartu su u\u017eapvalintais kra\u0161tais ir kampais suma\u017eina kli\u016btis ar diskomfort\u0105 d\u0117l s\u0105ly\u010dio tarp koj\u0173 ir dir\u017eo.  Sukurta bendradarbiaujant su pasaulinio lygio sportininkais, treneriais ir sveikatos specialistais.  Forge yra riboto leidimo kolekcija, pasi\u017eyminti tokiomis pat savyb\u0117mis ir pagaminta pagal tokius pa\u010dius auk\u0161tus standartus kaip ir m\u016bs\u0173 klasikin\u0117 produkt\u0173 linija.  10 mm storio ir 10 cm plo\u010dio. Pilka alyvuotos odos apdaila su juodo zom\u0161o vidine dalimi. IPF patvirtintas. Pagaminta i\u0161skirtinai i\u0161 briti\u0161kos karv\u0117s odos. Pagaminta \u0160efilde, Did\u017eiojoje Britanijoje.","og_url":"https:\/\/sbdapparel.lt\/en\/product\/forge-pilkas-10mm-svirties-dirzas\/","og_site_name":"SBD Apparel LT","article_modified_time":"2026-02-07T08:48:51+00:00","og_image":[{"width":1800,"height":1800,"url":"https:\/\/sbdapparel.lt\/wp-content\/uploads\/2024\/12\/10MM-BELT-BLACK-01.webp","type":"image\/webp"}],"twitter_card":"summary_large_image","schema":{"@context":"https:\/\/schema.org","@graph":[{"@type":"WebPage","@id":"https:\/\/sbdapparel.lt\/product\/forge-pilkas-10mm-svirties-dirzas\/","url":"https:\/\/sbdapparel.lt\/product\/forge-pilkas-10mm-svirties-dirzas\/","name":"FORGE PILKAS 10mm DIR\u017dAS - SBD Apparel LT","isPartOf":{"@id":"https:\/\/sbdapparel.lt\/#website"},"primaryImageOfPage":{"@id":"https:\/\/sbdapparel.lt\/product\/forge-pilkas-10mm-svirties-dirzas\/#primaryimage"},"image":{"@id":"https:\/\/sbdapparel.lt\/product\/forge-pilkas-10mm-svirties-dirzas\/#primaryimage"},"thumbnailUrl":"https:\/\/sbdapparel.lt\/wp-content\/uploads\/2024\/12\/10MM-BELT-BLACK-01.webp","datePublished":"2024-12-05T15:15:25+00:00","dateModified":"2026-02-07T08:48:51+00:00","breadcrumb":{"@id":"https:\/\/sbdapparel.lt\/product\/forge-pilkas-10mm-svirties-dirzas\/#breadcrumb"},"inLanguage":"en-US","potentialAction":[{"@type":"ReadAction","target":["https:\/\/sbdapparel.lt\/product\/forge-pilkas-10mm-svirties-dirzas\/"]}]},{"@type":"ImageObject","inLanguage":"en-US","@id":"https:\/\/sbdapparel.lt\/product\/forge-pilkas-10mm-svirties-dirzas\/#primaryimage","url":"https:\/\/sbdapparel.lt\/wp-content\/uploads\/2024\/12\/10MM-BELT-BLACK-01.webp","contentUrl":"https:\/\/sbdapparel.lt\/wp-content\/uploads\/2024\/12\/10MM-BELT-BLACK-01.webp","width":1800,"height":1800},{"@type":"BreadcrumbList","@id":"https:\/\/sbdapparel.lt\/product\/forge-pilkas-10mm-svirties-dirzas\/#breadcrumb","itemListElement":[{"@type":"ListItem","position":1,"name":"Home","item":"https:\/\/sbdapparel.lt\/"},{"@type":"ListItem","position":2,"name":"Produktai","item":"https:\/\/sbdapparel.lt\/shop\/"},{"@type":"ListItem","position":3,"name":"FORGE PILKAS 10mm DIR\u017dAS"}]},{"@type":"WebSite","@id":"https:\/\/sbdapparel.lt\/#website","url":"https:\/\/sbdapparel.lt\/","name":"SBD Apparel LT","description":"LIETUVA","publisher":{"@id":"https:\/\/sbdapparel.lt\/#organization"},"potentialAction":[{"@type":"SearchAction","target":{"@type":"EntryPoint","urlTemplate":"https:\/\/sbdapparel.lt\/?s={search_term_string}"},"query-input":{"@type":"PropertyValueSpecification","valueRequired":true,"valueName":"search_term_string"}}],"inLanguage":"en-US"},{"@type":"Organization","@id":"https:\/\/sbdapparel.lt\/#organization","name":"SBD Apparel LT","url":"https:\/\/sbdapparel.lt\/","logo":{"@type":"ImageObject","inLanguage":"en-US","@id":"https:\/\/sbdapparel.lt\/#\/schema\/logo\/image\/","url":"https:\/\/sbdapparel.lt\/wp-content\/uploads\/2023\/07\/cropped-SBD_Identity_OnDark_RGB.png","contentUrl":"https:\/\/sbdapparel.lt\/wp-content\/uploads\/2023\/07\/cropped-SBD_Identity_OnDark_RGB.png","width":1182,"height":515,"caption":"SBD Apparel LT"},"image":{"@id":"https:\/\/sbdapparel.lt\/#\/schema\/logo\/image\/"}}]}},"_links":{"self":[{"href":"https:\/\/sbdapparel.lt\/en\/wp-json\/wp\/v2\/product\/4020","targetHints":{"allow":["GET"]}}],"collection":[{"href":"https:\/\/sbdapparel.lt\/en\/wp-json\/wp\/v2\/product"}],"about":[{"href":"https:\/\/sbdapparel.lt\/en\/wp-json\/wp\/v2\/types\/product"}],"version-history":[{"count":5,"href":"https:\/\/sbdapparel.lt\/en\/wp-json\/wp\/v2\/product\/4020\/revisions"}],"predecessor-version":[{"id":4172,"href":"https:\/\/sbdapparel.lt\/en\/wp-json\/wp\/v2\/product\/4020\/revisions\/4172"}],"wp:featuredmedia":[{"embeddable":true,"href":"https:\/\/sbdapparel.lt\/en\/wp-json\/wp\/v2\/media\/4030"}],"wp:attachment":[{"href":"https:\/\/sbdapparel.lt\/en\/wp-json\/wp\/v2\/media?parent=4020"}],"wp:term":[{"taxonomy":"product_brand","embeddable":true,"href":"https:\/\/sbdapparel.lt\/en\/wp-json\/wp\/v2\/product_brand?post=4020"},{"taxonomy":"product_cat","embeddable":true,"href":"https:\/\/sbdapparel.lt\/en\/wp-json\/wp\/v2\/product_cat?post=4020"},{"taxonomy":"product_tag","embeddable":true,"href":"https:\/\/sbdapparel.lt\/en\/wp-json\/wp\/v2\/product_tag?post=4020"},{"taxonomy":"giftcard-category","embeddable":true,"href":"https:\/\/sbdapparel.lt\/en\/wp-json\/wp\/v2\/giftcard-category?post=4020"}],"curies":[{"name":"wp","href":"https:\/\/api.w.org\/{rel}","templated":true}]}}