{"id":4542,"date":"2025-02-19T17:30:27","date_gmt":"2025-02-19T15:30:27","guid":{"rendered":"https:\/\/sbdapparel.lt\/?post_type=product&#038;p=4542"},"modified":"2026-04-12T12:43:58","modified_gmt":"2026-04-12T09:43:58","slug":"powerlifting-knee-sleeves","status":"publish","type":"product","link":"https:\/\/sbdapparel.lt\/en\/product\/powerlifting-knee-sleeves\/","title":{"rendered":"SBD POWERLIFTING 7mm KELI\u0172 \u012eTVARAI"},"content":{"rendered":"","protected":false},"excerpt":{"rendered":"<p>The SBD Powerlifting Knee Sleeves are designed for competitive powerlifters looking for the maximum support from their sleeves.<\/p>\n<p>They allow for significantly greater compression throughout knee flexion to maximize support and confidence during maximal attempts, increasing top end performance.<\/p>\n<p>Sold as a pair.<br \/>\nIPF approved and USAPL and IWF compliant with the maximum allowable 30cm length.<br \/>\nHigh grade, high density 7mm neoprene offers maximal compression and surface contact area throughout knee flexion.<br \/>\nEnhanced four-way stretch allows the neoprene to stretch during fitting and maintain compression all around the knee joint throughout the lift with no gapping.<br \/>\nHeavyweight linings, edging and seams designed to hold up to even the most aggressive fitting.<br \/>\nAntimicrobial treatment minimizes the build-up of bacteria and reduces odor.<br \/>\nPatented design.<br \/>\nManufactured in Great Britain.<\/p>","protected":false},"featured_media":4555,"template":"","meta":[],"product_brand":[],"product_cat":[43,56],"product_tag":[],"giftcard-category":[],"class_list":{"0":"post-4542","1":"product","2":"type-product","3":"status-publish","4":"has-post-thumbnail","6":"product_cat-keliuitvarai","7":"product_cat-klasikine","10":"instock","11":"shipping-taxable","12":"purchasable","13":"product-type-variable","14":"product-grid-view"},"yoast_head":"<!-- This site is optimized with the Yoast SEO plugin v26.9 - https:\/\/yoast.com\/product\/yoast-seo-wordpress\/ -->\n<title>SBD POWERLIFTING 7mm KELI\u0172 \u012eTVARAI - SBD Apparel LT<\/title>\n<meta name=\"robots\" content=\"index, follow, max-snippet:-1, max-image-preview:large, max-video-preview:-1\" \/>\n<link rel=\"canonical\" href=\"https:\/\/sbdapparel.lt\/en\/product\/powerlifting-knee-sleeves\/\" \/>\n<meta property=\"og:locale\" content=\"en_US\" \/>\n<meta property=\"og:type\" content=\"article\" \/>\n<meta property=\"og:title\" content=\"SBD POWERLIFTING 7mm KELI\u0172 \u012eTVARAI - SBD Apparel LT\" \/>\n<meta property=\"og:description\" content=\"SBD Powerlifting Knee Sleeves yra skirtos konkurencingiems j\u0117gos kilnotojams, ie\u0161kantiems maksimalios atramos i\u0161 savo rankovi\u0173.  Jie leid\u017eia \u017eymiai labiau suspausti vis\u0105 kelio lenkim\u0105, kad maksimaliai padidint\u0173 atram\u0105 ir pasitik\u0117jim\u0105 maksimali\u0173 bandym\u0173 metu, padidindami auk\u0161\u010diausios klas\u0117s na\u0161um\u0105.  Parduodama kaip pora. IPF patvirtintas ir IWF atitinkantis maksimalus leistinas 30 cm ilgis. Auk\u0161tos kokyb\u0117s, didelio tankio 7 mm neoprenas u\u017etikrina maksimal\u0173 suspaudim\u0105 ir pavir\u0161iaus kontakto plot\u0105 viso kelio lenkimo metu. Patobulintas keturi\u0173 kryp\u010di\u0173 tempimas leid\u017eia neoprenui i\u0161tempti prigludimo metu ir i\u0161laikyti suspaudim\u0105 aplink kelio s\u0105nar\u012f viso pak\u0117limo metu be tarp\u0173. Sunk\u016bs pamu\u0161alai, apvadai ir si\u016bl\u0117s sukurti taip, kad i\u0161laikyt\u0173 net ir agresyviausi\u0105 prigludim\u0105. Antimikrobinis gydymas suma\u017eina bakterij\u0173 kaupim\u0105si ir suma\u017eina kvap\u0105. Patentuotas dizainas. Pagaminta Did\u017eiojoje Britanijoje.\" \/>\n<meta property=\"og:url\" content=\"https:\/\/sbdapparel.lt\/en\/product\/powerlifting-knee-sleeves\/\" \/>\n<meta property=\"og:site_name\" content=\"SBD Apparel LT\" \/>\n<meta property=\"article:modified_time\" content=\"2026-04-12T09:43:58+00:00\" \/>\n<meta property=\"og:image\" content=\"https:\/\/sbdapparel.lt\/wp-content\/uploads\/2025\/02\/7mm-Powerlifting-Knee-Sleeves-01.jpg.webp\" \/>\n\t<meta property=\"og:image:width\" content=\"1800\" \/>\n\t<meta property=\"og:image:height\" content=\"1800\" \/>\n\t<meta property=\"og:image:type\" content=\"image\/webp\" \/>\n<meta name=\"twitter:card\" content=\"summary_large_image\" \/>\n<script type=\"application\/ld+json\" class=\"yoast-schema-graph\">{\"@context\":\"https:\/\/schema.org\",\"@graph\":[{\"@type\":\"WebPage\",\"@id\":\"https:\/\/sbdapparel.lt\/en\/product\/powerlifting-knee-sleeves\/\",\"url\":\"https:\/\/sbdapparel.lt\/en\/product\/powerlifting-knee-sleeves\/\",\"name\":\"SBD POWERLIFTING 7mm KELI\u0172 \u012eTVARAI - SBD Apparel LT\",\"isPartOf\":{\"@id\":\"https:\/\/sbdapparel.lt\/#website\"},\"primaryImageOfPage\":{\"@id\":\"https:\/\/sbdapparel.lt\/en\/product\/powerlifting-knee-sleeves\/#primaryimage\"},\"image\":{\"@id\":\"https:\/\/sbdapparel.lt\/en\/product\/powerlifting-knee-sleeves\/#primaryimage\"},\"thumbnailUrl\":\"https:\/\/sbdapparel.lt\/wp-content\/uploads\/2025\/02\/7mm-Powerlifting-Knee-Sleeves-01.jpg.webp\",\"datePublished\":\"2025-02-19T15:30:27+00:00\",\"dateModified\":\"2026-04-12T09:43:58+00:00\",\"breadcrumb\":{\"@id\":\"https:\/\/sbdapparel.lt\/en\/product\/powerlifting-knee-sleeves\/#breadcrumb\"},\"inLanguage\":\"en-US\",\"potentialAction\":[{\"@type\":\"ReadAction\",\"target\":[\"https:\/\/sbdapparel.lt\/en\/product\/powerlifting-knee-sleeves\/\"]}]},{\"@type\":\"ImageObject\",\"inLanguage\":\"en-US\",\"@id\":\"https:\/\/sbdapparel.lt\/en\/product\/powerlifting-knee-sleeves\/#primaryimage\",\"url\":\"https:\/\/sbdapparel.lt\/wp-content\/uploads\/2025\/02\/7mm-Powerlifting-Knee-Sleeves-01.jpg.webp\",\"contentUrl\":\"https:\/\/sbdapparel.lt\/wp-content\/uploads\/2025\/02\/7mm-Powerlifting-Knee-Sleeves-01.jpg.webp\",\"width\":1800,\"height\":1800},{\"@type\":\"BreadcrumbList\",\"@id\":\"https:\/\/sbdapparel.lt\/en\/product\/powerlifting-knee-sleeves\/#breadcrumb\",\"itemListElement\":[{\"@type\":\"ListItem\",\"position\":1,\"name\":\"Home\",\"item\":\"https:\/\/sbdapparel.lt\/\"},{\"@type\":\"ListItem\",\"position\":2,\"name\":\"Produktai\",\"item\":\"https:\/\/sbdapparel.lt\/shop\/\"},{\"@type\":\"ListItem\",\"position\":3,\"name\":\"SBD POWERLIFTING 7mm KELI\u0172 \u012eTVARAI\"}]},{\"@type\":\"WebSite\",\"@id\":\"https:\/\/sbdapparel.lt\/#website\",\"url\":\"https:\/\/sbdapparel.lt\/\",\"name\":\"SBD Apparel LT\",\"description\":\"LIETUVA\",\"publisher\":{\"@id\":\"https:\/\/sbdapparel.lt\/#organization\"},\"potentialAction\":[{\"@type\":\"SearchAction\",\"target\":{\"@type\":\"EntryPoint\",\"urlTemplate\":\"https:\/\/sbdapparel.lt\/?s={search_term_string}\"},\"query-input\":{\"@type\":\"PropertyValueSpecification\",\"valueRequired\":true,\"valueName\":\"search_term_string\"}}],\"inLanguage\":\"en-US\"},{\"@type\":\"Organization\",\"@id\":\"https:\/\/sbdapparel.lt\/#organization\",\"name\":\"SBD Apparel LT\",\"url\":\"https:\/\/sbdapparel.lt\/\",\"logo\":{\"@type\":\"ImageObject\",\"inLanguage\":\"en-US\",\"@id\":\"https:\/\/sbdapparel.lt\/#\/schema\/logo\/image\/\",\"url\":\"https:\/\/sbdapparel.lt\/wp-content\/uploads\/2023\/07\/cropped-SBD_Identity_OnDark_RGB.png\",\"contentUrl\":\"https:\/\/sbdapparel.lt\/wp-content\/uploads\/2023\/07\/cropped-SBD_Identity_OnDark_RGB.png\",\"width\":1182,\"height\":515,\"caption\":\"SBD Apparel LT\"},\"image\":{\"@id\":\"https:\/\/sbdapparel.lt\/#\/schema\/logo\/image\/\"}}]}<\/script>\n<!-- \/ Yoast SEO plugin. -->","yoast_head_json":{"title":"SBD POWERLIFTING 7mm KELI\u0172 \u012eTVARAI - SBD Apparel LT","robots":{"index":"index","follow":"follow","max-snippet":"max-snippet:-1","max-image-preview":"max-image-preview:large","max-video-preview":"max-video-preview:-1"},"canonical":"https:\/\/sbdapparel.lt\/en\/product\/powerlifting-knee-sleeves\/","og_locale":"en_US","og_type":"article","og_title":"SBD POWERLIFTING 7mm KELI\u0172 \u012eTVARAI - SBD Apparel LT","og_description":"SBD Powerlifting Knee Sleeves yra skirtos konkurencingiems j\u0117gos kilnotojams, ie\u0161kantiems maksimalios atramos i\u0161 savo rankovi\u0173.  Jie leid\u017eia \u017eymiai labiau suspausti vis\u0105 kelio lenkim\u0105, kad maksimaliai padidint\u0173 atram\u0105 ir pasitik\u0117jim\u0105 maksimali\u0173 bandym\u0173 metu, padidindami auk\u0161\u010diausios klas\u0117s na\u0161um\u0105.  Parduodama kaip pora. IPF patvirtintas ir IWF atitinkantis maksimalus leistinas 30 cm ilgis. Auk\u0161tos kokyb\u0117s, didelio tankio 7 mm neoprenas u\u017etikrina maksimal\u0173 suspaudim\u0105 ir pavir\u0161iaus kontakto plot\u0105 viso kelio lenkimo metu. Patobulintas keturi\u0173 kryp\u010di\u0173 tempimas leid\u017eia neoprenui i\u0161tempti prigludimo metu ir i\u0161laikyti suspaudim\u0105 aplink kelio s\u0105nar\u012f viso pak\u0117limo metu be tarp\u0173. Sunk\u016bs pamu\u0161alai, apvadai ir si\u016bl\u0117s sukurti taip, kad i\u0161laikyt\u0173 net ir agresyviausi\u0105 prigludim\u0105. Antimikrobinis gydymas suma\u017eina bakterij\u0173 kaupim\u0105si ir suma\u017eina kvap\u0105. Patentuotas dizainas. Pagaminta Did\u017eiojoje Britanijoje.","og_url":"https:\/\/sbdapparel.lt\/en\/product\/powerlifting-knee-sleeves\/","og_site_name":"SBD Apparel LT","article_modified_time":"2026-04-12T09:43:58+00:00","og_image":[{"width":1800,"height":1800,"url":"https:\/\/sbdapparel.lt\/wp-content\/uploads\/2025\/02\/7mm-Powerlifting-Knee-Sleeves-01.jpg.webp","type":"image\/webp"}],"twitter_card":"summary_large_image","schema":{"@context":"https:\/\/schema.org","@graph":[{"@type":"WebPage","@id":"https:\/\/sbdapparel.lt\/en\/product\/powerlifting-knee-sleeves\/","url":"https:\/\/sbdapparel.lt\/en\/product\/powerlifting-knee-sleeves\/","name":"SBD POWERLIFTING 7mm KELI\u0172 \u012eTVARAI - SBD Apparel LT","isPartOf":{"@id":"https:\/\/sbdapparel.lt\/#website"},"primaryImageOfPage":{"@id":"https:\/\/sbdapparel.lt\/en\/product\/powerlifting-knee-sleeves\/#primaryimage"},"image":{"@id":"https:\/\/sbdapparel.lt\/en\/product\/powerlifting-knee-sleeves\/#primaryimage"},"thumbnailUrl":"https:\/\/sbdapparel.lt\/wp-content\/uploads\/2025\/02\/7mm-Powerlifting-Knee-Sleeves-01.jpg.webp","datePublished":"2025-02-19T15:30:27+00:00","dateModified":"2026-04-12T09:43:58+00:00","breadcrumb":{"@id":"https:\/\/sbdapparel.lt\/en\/product\/powerlifting-knee-sleeves\/#breadcrumb"},"inLanguage":"en-US","potentialAction":[{"@type":"ReadAction","target":["https:\/\/sbdapparel.lt\/en\/product\/powerlifting-knee-sleeves\/"]}]},{"@type":"ImageObject","inLanguage":"en-US","@id":"https:\/\/sbdapparel.lt\/en\/product\/powerlifting-knee-sleeves\/#primaryimage","url":"https:\/\/sbdapparel.lt\/wp-content\/uploads\/2025\/02\/7mm-Powerlifting-Knee-Sleeves-01.jpg.webp","contentUrl":"https:\/\/sbdapparel.lt\/wp-content\/uploads\/2025\/02\/7mm-Powerlifting-Knee-Sleeves-01.jpg.webp","width":1800,"height":1800},{"@type":"BreadcrumbList","@id":"https:\/\/sbdapparel.lt\/en\/product\/powerlifting-knee-sleeves\/#breadcrumb","itemListElement":[{"@type":"ListItem","position":1,"name":"Home","item":"https:\/\/sbdapparel.lt\/"},{"@type":"ListItem","position":2,"name":"Produktai","item":"https:\/\/sbdapparel.lt\/shop\/"},{"@type":"ListItem","position":3,"name":"SBD POWERLIFTING 7mm KELI\u0172 \u012eTVARAI"}]},{"@type":"WebSite","@id":"https:\/\/sbdapparel.lt\/#website","url":"https:\/\/sbdapparel.lt\/","name":"SBD Apparel LT","description":"LIETUVA","publisher":{"@id":"https:\/\/sbdapparel.lt\/#organization"},"potentialAction":[{"@type":"SearchAction","target":{"@type":"EntryPoint","urlTemplate":"https:\/\/sbdapparel.lt\/?s={search_term_string}"},"query-input":{"@type":"PropertyValueSpecification","valueRequired":true,"valueName":"search_term_string"}}],"inLanguage":"en-US"},{"@type":"Organization","@id":"https:\/\/sbdapparel.lt\/#organization","name":"SBD Apparel LT","url":"https:\/\/sbdapparel.lt\/","logo":{"@type":"ImageObject","inLanguage":"en-US","@id":"https:\/\/sbdapparel.lt\/#\/schema\/logo\/image\/","url":"https:\/\/sbdapparel.lt\/wp-content\/uploads\/2023\/07\/cropped-SBD_Identity_OnDark_RGB.png","contentUrl":"https:\/\/sbdapparel.lt\/wp-content\/uploads\/2023\/07\/cropped-SBD_Identity_OnDark_RGB.png","width":1182,"height":515,"caption":"SBD Apparel LT"},"image":{"@id":"https:\/\/sbdapparel.lt\/#\/schema\/logo\/image\/"}}]}},"_links":{"self":[{"href":"https:\/\/sbdapparel.lt\/en\/wp-json\/wp\/v2\/product\/4542","targetHints":{"allow":["GET"]}}],"collection":[{"href":"https:\/\/sbdapparel.lt\/en\/wp-json\/wp\/v2\/product"}],"about":[{"href":"https:\/\/sbdapparel.lt\/en\/wp-json\/wp\/v2\/types\/product"}],"version-history":[{"count":7,"href":"https:\/\/sbdapparel.lt\/en\/wp-json\/wp\/v2\/product\/4542\/revisions"}],"predecessor-version":[{"id":4582,"href":"https:\/\/sbdapparel.lt\/en\/wp-json\/wp\/v2\/product\/4542\/revisions\/4582"}],"wp:featuredmedia":[{"embeddable":true,"href":"https:\/\/sbdapparel.lt\/en\/wp-json\/wp\/v2\/media\/4555"}],"wp:attachment":[{"href":"https:\/\/sbdapparel.lt\/en\/wp-json\/wp\/v2\/media?parent=4542"}],"wp:term":[{"taxonomy":"product_brand","embeddable":true,"href":"https:\/\/sbdapparel.lt\/en\/wp-json\/wp\/v2\/product_brand?post=4542"},{"taxonomy":"product_cat","embeddable":true,"href":"https:\/\/sbdapparel.lt\/en\/wp-json\/wp\/v2\/product_cat?post=4542"},{"taxonomy":"product_tag","embeddable":true,"href":"https:\/\/sbdapparel.lt\/en\/wp-json\/wp\/v2\/product_tag?post=4542"},{"taxonomy":"giftcard-category","embeddable":true,"href":"https:\/\/sbdapparel.lt\/en\/wp-json\/wp\/v2\/giftcard-category?post=4542"}],"curies":[{"name":"wp","href":"https:\/\/api.w.org\/{rel}","templated":true}]}}