{"id":4627,"date":"2025-05-13T09:33:40","date_gmt":"2025-05-13T06:33:40","guid":{"rendered":"https:\/\/sbdapparel.lt\/?post_type=product&#038;p=4627"},"modified":"2025-05-28T20:50:39","modified_gmt":"2025-05-28T17:50:39","slug":"wsm-marskineliai-2025","status":"publish","type":"product","link":"https:\/\/sbdapparel.lt\/en\/product\/wsm-marskineliai-2025\/","title":{"rendered":"WSM MAR\u0160KIN\u0116LIAI 2025"},"content":{"rendered":"","protected":false},"excerpt":{"rendered":"<p id=\"tw-target-text\" class=\"tw-data-text tw-text-large tw-ta\" dir=\"ltr\" data-placeholder=\"Vertimas\" data-ved=\"2ahUKEwjVrLSr6p-NAxWlRvEDHTafLxQQ3ewLegQICRAV\" aria-label=\"I\u0161verstas tekstas: M\u016bs\u0173 komandos Did\u017eiojoje Britanijoje sukurti m\u016bs\u0173 mar\u0161kin\u0117liai i\u0161did\u017eiai gaminami skiriant tok\u012f pat\u012f d\u0117mes\u012f detal\u0117ms ir laikantis t\u0173 pa\u010di\u0173 auk\u0161t\u0173 standart\u0173, kaip ir \u012franga, kuria pasitik\u0117jo stipriausi pasaulio sportininkai nuo m\u016bs\u0173 \u012fk\u016brimo, kai jie var\u017eosi d\u0117l stipriausio pasaulio \u017emogaus. Oficial\u016bs 2025 m. SBD stipriausio pasaulio vyro mar\u0161kin\u0117liai. Patogus ir patvarus, sukurtas taip, kad i\u0161tvert\u0173 ilgus metus treniruo\u010di\u0173 metu. Megztas i\u0161 100% auk\u0161\u010diausios kokyb\u0117s medviln\u0117s. Pagaminta \u0160efilde, Did\u017eiojoje Britanijoje.\"><span class=\"Y2IQFc\" lang=\"lt\">M\u016bs\u0173 komandos Did\u017eiojoje Britanijoje sukurti m\u016bs\u0173 mar\u0161kin\u0117liai i\u0161did\u017eiai gaminami skiriant tok\u012f pat\u012f d\u0117mes\u012f detal\u0117ms ir laikantis t\u0173 pa\u010di\u0173 auk\u0161t\u0173 standart\u0173, kaip ir \u012franga, kuria pasitik\u0117jo stipriausi pasaulio sportininkai nuo m\u016bs\u0173 \u012fk\u016brimo, kai jie var\u017eosi d\u0117l stipriausio pasaulio \u017emogaus. <\/span><\/p>\n<p class=\"tw-data-text tw-text-large tw-ta\" dir=\"ltr\" data-placeholder=\"Vertimas\" data-ved=\"2ahUKEwjVrLSr6p-NAxWlRvEDHTafLxQQ3ewLegQICRAV\" aria-label=\"I\u0161verstas tekstas: M\u016bs\u0173 komandos Did\u017eiojoje Britanijoje sukurti m\u016bs\u0173 mar\u0161kin\u0117liai i\u0161did\u017eiai gaminami skiriant tok\u012f pat\u012f d\u0117mes\u012f detal\u0117ms ir laikantis t\u0173 pa\u010di\u0173 auk\u0161t\u0173 standart\u0173, kaip ir \u012franga, kuria pasitik\u0117jo stipriausi pasaulio sportininkai nuo m\u016bs\u0173 \u012fk\u016brimo, kai jie var\u017eosi d\u0117l stipriausio pasaulio \u017emogaus. Oficial\u016bs 2025 m. SBD stipriausio pasaulio vyro mar\u0161kin\u0117liai. Patogus ir patvarus, sukurtas taip, kad i\u0161tvert\u0173 ilgus metus treniruo\u010di\u0173 metu. Megztas i\u0161 100% auk\u0161\u010diausios kokyb\u0117s medviln\u0117s. Pagaminta \u0160efilde, Did\u017eiojoje Britanijoje.\"><span class=\"Y2IQFc\" lang=\"lt\">Oficial\u016bs 2025 m. SBD stipriausio pasaulio vyro mar\u0161kin\u0117liai. <\/span><span class=\"Y2IQFc\" lang=\"lt\">Patogus ir patvarus, sukurtas taip, kad i\u0161tvert\u0173 ilgus metus treniruo\u010di\u0173 metu. Megztas i\u0161 100% auk\u0161\u010diausios kokyb\u0117s medviln\u0117s. Pagaminta \u0160efilde, Did\u017eiojoje Britanijoje.<\/span><\/p>\n<p>&nbsp;<\/p>","protected":false},"featured_media":4638,"template":"","meta":[],"product_brand":[],"product_cat":[54,49],"product_tag":[],"giftcard-category":[],"class_list":{"0":"post-4627","1":"product","2":"type-product","3":"status-publish","4":"has-post-thumbnail","6":"product_cat-drabuziai","7":"product_cat-marskineliai","10":"instock","11":"shipping-taxable","12":"purchasable","13":"product-type-variable","14":"product-grid-view"},"yoast_head":"<!-- This site is optimized with the Yoast SEO plugin v26.9 - https:\/\/yoast.com\/product\/yoast-seo-wordpress\/ -->\n<title>WSM MAR\u0160KIN\u0116LIAI 2025 - SBD Apparel LT<\/title>\n<meta name=\"robots\" content=\"index, follow, max-snippet:-1, max-image-preview:large, max-video-preview:-1\" \/>\n<link rel=\"canonical\" href=\"https:\/\/sbdapparel.lt\/en\/product\/wsm-marskineliai-2025\/\" \/>\n<meta property=\"og:locale\" content=\"en_US\" \/>\n<meta property=\"og:type\" content=\"article\" \/>\n<meta property=\"og:title\" content=\"WSM MAR\u0160KIN\u0116LIAI 2025 - SBD Apparel LT\" \/>\n<meta property=\"og:description\" content=\"M\u016bs\u0173 komandos Did\u017eiojoje Britanijoje sukurti m\u016bs\u0173 mar\u0161kin\u0117liai i\u0161did\u017eiai gaminami skiriant tok\u012f pat\u012f d\u0117mes\u012f detal\u0117ms ir laikantis t\u0173 pa\u010di\u0173 auk\u0161t\u0173 standart\u0173, kaip ir \u012franga, kuria pasitik\u0117jo stipriausi pasaulio sportininkai nuo m\u016bs\u0173 \u012fk\u016brimo, kai jie var\u017eosi d\u0117l stipriausio pasaulio \u017emogaus.  Oficial\u016bs 2025 m. SBD stipriausio pasaulio vyro mar\u0161kin\u0117liai. Patogus ir patvarus, sukurtas taip, kad i\u0161tvert\u0173 ilgus metus treniruo\u010di\u0173 metu. Megztas i\u0161 100% auk\u0161\u010diausios kokyb\u0117s medviln\u0117s. Pagaminta \u0160efilde, Did\u017eiojoje Britanijoje. &nbsp;\" \/>\n<meta property=\"og:url\" content=\"https:\/\/sbdapparel.lt\/en\/product\/wsm-marskineliai-2025\/\" \/>\n<meta property=\"og:site_name\" content=\"SBD Apparel LT\" \/>\n<meta property=\"article:modified_time\" content=\"2025-05-28T17:50:39+00:00\" \/>\n<meta property=\"og:image\" content=\"https:\/\/sbdapparel.lt\/wp-content\/uploads\/2025\/05\/WSM25-T-shirt-Rust-02-1.jpg\" \/>\n\t<meta property=\"og:image:width\" content=\"1800\" \/>\n\t<meta property=\"og:image:height\" content=\"1800\" \/>\n\t<meta property=\"og:image:type\" content=\"image\/jpeg\" \/>\n<meta name=\"twitter:card\" content=\"summary_large_image\" \/>\n<script type=\"application\/ld+json\" class=\"yoast-schema-graph\">{\"@context\":\"https:\/\/schema.org\",\"@graph\":[{\"@type\":\"WebPage\",\"@id\":\"https:\/\/sbdapparel.lt\/product\/wsm-marskineliai-2025\/\",\"url\":\"https:\/\/sbdapparel.lt\/product\/wsm-marskineliai-2025\/\",\"name\":\"WSM MAR\u0160KIN\u0116LIAI 2025 - SBD Apparel LT\",\"isPartOf\":{\"@id\":\"https:\/\/sbdapparel.lt\/#website\"},\"primaryImageOfPage\":{\"@id\":\"https:\/\/sbdapparel.lt\/product\/wsm-marskineliai-2025\/#primaryimage\"},\"image\":{\"@id\":\"https:\/\/sbdapparel.lt\/product\/wsm-marskineliai-2025\/#primaryimage\"},\"thumbnailUrl\":\"https:\/\/sbdapparel.lt\/wp-content\/uploads\/2025\/05\/WSM25-T-shirt-Rust-02-1.jpg\",\"datePublished\":\"2025-05-13T06:33:40+00:00\",\"dateModified\":\"2025-05-28T17:50:39+00:00\",\"breadcrumb\":{\"@id\":\"https:\/\/sbdapparel.lt\/product\/wsm-marskineliai-2025\/#breadcrumb\"},\"inLanguage\":\"en-US\",\"potentialAction\":[{\"@type\":\"ReadAction\",\"target\":[\"https:\/\/sbdapparel.lt\/product\/wsm-marskineliai-2025\/\"]}]},{\"@type\":\"ImageObject\",\"inLanguage\":\"en-US\",\"@id\":\"https:\/\/sbdapparel.lt\/product\/wsm-marskineliai-2025\/#primaryimage\",\"url\":\"https:\/\/sbdapparel.lt\/wp-content\/uploads\/2025\/05\/WSM25-T-shirt-Rust-02-1.jpg\",\"contentUrl\":\"https:\/\/sbdapparel.lt\/wp-content\/uploads\/2025\/05\/WSM25-T-shirt-Rust-02-1.jpg\",\"width\":1800,\"height\":1800},{\"@type\":\"BreadcrumbList\",\"@id\":\"https:\/\/sbdapparel.lt\/product\/wsm-marskineliai-2025\/#breadcrumb\",\"itemListElement\":[{\"@type\":\"ListItem\",\"position\":1,\"name\":\"Home\",\"item\":\"https:\/\/sbdapparel.lt\/\"},{\"@type\":\"ListItem\",\"position\":2,\"name\":\"Produktai\",\"item\":\"https:\/\/sbdapparel.lt\/shop\/\"},{\"@type\":\"ListItem\",\"position\":3,\"name\":\"WSM MAR\u0160KIN\u0116LIAI 2025\"}]},{\"@type\":\"WebSite\",\"@id\":\"https:\/\/sbdapparel.lt\/#website\",\"url\":\"https:\/\/sbdapparel.lt\/\",\"name\":\"SBD Apparel LT\",\"description\":\"LIETUVA\",\"publisher\":{\"@id\":\"https:\/\/sbdapparel.lt\/#organization\"},\"potentialAction\":[{\"@type\":\"SearchAction\",\"target\":{\"@type\":\"EntryPoint\",\"urlTemplate\":\"https:\/\/sbdapparel.lt\/?s={search_term_string}\"},\"query-input\":{\"@type\":\"PropertyValueSpecification\",\"valueRequired\":true,\"valueName\":\"search_term_string\"}}],\"inLanguage\":\"en-US\"},{\"@type\":\"Organization\",\"@id\":\"https:\/\/sbdapparel.lt\/#organization\",\"name\":\"SBD Apparel LT\",\"url\":\"https:\/\/sbdapparel.lt\/\",\"logo\":{\"@type\":\"ImageObject\",\"inLanguage\":\"en-US\",\"@id\":\"https:\/\/sbdapparel.lt\/#\/schema\/logo\/image\/\",\"url\":\"https:\/\/sbdapparel.lt\/wp-content\/uploads\/2023\/07\/cropped-SBD_Identity_OnDark_RGB.png\",\"contentUrl\":\"https:\/\/sbdapparel.lt\/wp-content\/uploads\/2023\/07\/cropped-SBD_Identity_OnDark_RGB.png\",\"width\":1182,\"height\":515,\"caption\":\"SBD Apparel LT\"},\"image\":{\"@id\":\"https:\/\/sbdapparel.lt\/#\/schema\/logo\/image\/\"}}]}<\/script>\n<!-- \/ Yoast SEO plugin. -->","yoast_head_json":{"title":"WSM MAR\u0160KIN\u0116LIAI 2025 - SBD Apparel LT","robots":{"index":"index","follow":"follow","max-snippet":"max-snippet:-1","max-image-preview":"max-image-preview:large","max-video-preview":"max-video-preview:-1"},"canonical":"https:\/\/sbdapparel.lt\/en\/product\/wsm-marskineliai-2025\/","og_locale":"en_US","og_type":"article","og_title":"WSM MAR\u0160KIN\u0116LIAI 2025 - SBD Apparel LT","og_description":"M\u016bs\u0173 komandos Did\u017eiojoje Britanijoje sukurti m\u016bs\u0173 mar\u0161kin\u0117liai i\u0161did\u017eiai gaminami skiriant tok\u012f pat\u012f d\u0117mes\u012f detal\u0117ms ir laikantis t\u0173 pa\u010di\u0173 auk\u0161t\u0173 standart\u0173, kaip ir \u012franga, kuria pasitik\u0117jo stipriausi pasaulio sportininkai nuo m\u016bs\u0173 \u012fk\u016brimo, kai jie var\u017eosi d\u0117l stipriausio pasaulio \u017emogaus.  Oficial\u016bs 2025 m. SBD stipriausio pasaulio vyro mar\u0161kin\u0117liai. Patogus ir patvarus, sukurtas taip, kad i\u0161tvert\u0173 ilgus metus treniruo\u010di\u0173 metu. Megztas i\u0161 100% auk\u0161\u010diausios kokyb\u0117s medviln\u0117s. Pagaminta \u0160efilde, Did\u017eiojoje Britanijoje. &nbsp;","og_url":"https:\/\/sbdapparel.lt\/en\/product\/wsm-marskineliai-2025\/","og_site_name":"SBD Apparel LT","article_modified_time":"2025-05-28T17:50:39+00:00","og_image":[{"width":1800,"height":1800,"url":"https:\/\/sbdapparel.lt\/wp-content\/uploads\/2025\/05\/WSM25-T-shirt-Rust-02-1.jpg","type":"image\/jpeg"}],"twitter_card":"summary_large_image","schema":{"@context":"https:\/\/schema.org","@graph":[{"@type":"WebPage","@id":"https:\/\/sbdapparel.lt\/product\/wsm-marskineliai-2025\/","url":"https:\/\/sbdapparel.lt\/product\/wsm-marskineliai-2025\/","name":"WSM MAR\u0160KIN\u0116LIAI 2025 - SBD Apparel LT","isPartOf":{"@id":"https:\/\/sbdapparel.lt\/#website"},"primaryImageOfPage":{"@id":"https:\/\/sbdapparel.lt\/product\/wsm-marskineliai-2025\/#primaryimage"},"image":{"@id":"https:\/\/sbdapparel.lt\/product\/wsm-marskineliai-2025\/#primaryimage"},"thumbnailUrl":"https:\/\/sbdapparel.lt\/wp-content\/uploads\/2025\/05\/WSM25-T-shirt-Rust-02-1.jpg","datePublished":"2025-05-13T06:33:40+00:00","dateModified":"2025-05-28T17:50:39+00:00","breadcrumb":{"@id":"https:\/\/sbdapparel.lt\/product\/wsm-marskineliai-2025\/#breadcrumb"},"inLanguage":"en-US","potentialAction":[{"@type":"ReadAction","target":["https:\/\/sbdapparel.lt\/product\/wsm-marskineliai-2025\/"]}]},{"@type":"ImageObject","inLanguage":"en-US","@id":"https:\/\/sbdapparel.lt\/product\/wsm-marskineliai-2025\/#primaryimage","url":"https:\/\/sbdapparel.lt\/wp-content\/uploads\/2025\/05\/WSM25-T-shirt-Rust-02-1.jpg","contentUrl":"https:\/\/sbdapparel.lt\/wp-content\/uploads\/2025\/05\/WSM25-T-shirt-Rust-02-1.jpg","width":1800,"height":1800},{"@type":"BreadcrumbList","@id":"https:\/\/sbdapparel.lt\/product\/wsm-marskineliai-2025\/#breadcrumb","itemListElement":[{"@type":"ListItem","position":1,"name":"Home","item":"https:\/\/sbdapparel.lt\/"},{"@type":"ListItem","position":2,"name":"Produktai","item":"https:\/\/sbdapparel.lt\/shop\/"},{"@type":"ListItem","position":3,"name":"WSM MAR\u0160KIN\u0116LIAI 2025"}]},{"@type":"WebSite","@id":"https:\/\/sbdapparel.lt\/#website","url":"https:\/\/sbdapparel.lt\/","name":"SBD Apparel LT","description":"LIETUVA","publisher":{"@id":"https:\/\/sbdapparel.lt\/#organization"},"potentialAction":[{"@type":"SearchAction","target":{"@type":"EntryPoint","urlTemplate":"https:\/\/sbdapparel.lt\/?s={search_term_string}"},"query-input":{"@type":"PropertyValueSpecification","valueRequired":true,"valueName":"search_term_string"}}],"inLanguage":"en-US"},{"@type":"Organization","@id":"https:\/\/sbdapparel.lt\/#organization","name":"SBD Apparel LT","url":"https:\/\/sbdapparel.lt\/","logo":{"@type":"ImageObject","inLanguage":"en-US","@id":"https:\/\/sbdapparel.lt\/#\/schema\/logo\/image\/","url":"https:\/\/sbdapparel.lt\/wp-content\/uploads\/2023\/07\/cropped-SBD_Identity_OnDark_RGB.png","contentUrl":"https:\/\/sbdapparel.lt\/wp-content\/uploads\/2023\/07\/cropped-SBD_Identity_OnDark_RGB.png","width":1182,"height":515,"caption":"SBD Apparel LT"},"image":{"@id":"https:\/\/sbdapparel.lt\/#\/schema\/logo\/image\/"}}]}},"_links":{"self":[{"href":"https:\/\/sbdapparel.lt\/en\/wp-json\/wp\/v2\/product\/4627","targetHints":{"allow":["GET"]}}],"collection":[{"href":"https:\/\/sbdapparel.lt\/en\/wp-json\/wp\/v2\/product"}],"about":[{"href":"https:\/\/sbdapparel.lt\/en\/wp-json\/wp\/v2\/types\/product"}],"version-history":[{"count":2,"href":"https:\/\/sbdapparel.lt\/en\/wp-json\/wp\/v2\/product\/4627\/revisions"}],"predecessor-version":[{"id":5003,"href":"https:\/\/sbdapparel.lt\/en\/wp-json\/wp\/v2\/product\/4627\/revisions\/5003"}],"wp:featuredmedia":[{"embeddable":true,"href":"https:\/\/sbdapparel.lt\/en\/wp-json\/wp\/v2\/media\/4638"}],"wp:attachment":[{"href":"https:\/\/sbdapparel.lt\/en\/wp-json\/wp\/v2\/media?parent=4627"}],"wp:term":[{"taxonomy":"product_brand","embeddable":true,"href":"https:\/\/sbdapparel.lt\/en\/wp-json\/wp\/v2\/product_brand?post=4627"},{"taxonomy":"product_cat","embeddable":true,"href":"https:\/\/sbdapparel.lt\/en\/wp-json\/wp\/v2\/product_cat?post=4627"},{"taxonomy":"product_tag","embeddable":true,"href":"https:\/\/sbdapparel.lt\/en\/wp-json\/wp\/v2\/product_tag?post=4627"},{"taxonomy":"giftcard-category","embeddable":true,"href":"https:\/\/sbdapparel.lt\/en\/wp-json\/wp\/v2\/giftcard-category?post=4627"}],"curies":[{"name":"wp","href":"https:\/\/api.w.org\/{rel}","templated":true}]}}