{"id":4737,"date":"2025-05-28T12:03:37","date_gmt":"2025-05-28T09:03:37","guid":{"rendered":"https:\/\/sbdapparel.lt\/?post_type=product&#038;p=4737"},"modified":"2026-03-16T11:45:36","modified_gmt":"2026-03-16T08:45:36","slug":"forge-pilki-alkuniu-itvarai-kopija","status":"publish","type":"product","link":"https:\/\/sbdapparel.lt\/en\/product\/forge-pilki-alkuniu-itvarai-kopija\/","title":{"rendered":"ASPIRE ALK\u016aNI\u0172 \u012eTVARAI"},"content":{"rendered":"","protected":false},"excerpt":{"rendered":"<p>Manufactured with high grade neoprene these elbow sleeves are designed to provide maximal support and compression for heavy training, while also ensuring the elbow is free to move easily, preserving range of motion.<\/p>\n<p>The sleeves combine the high grade neoprene used in our knee sleeves with a thinner interior panel, ideal for pulling and pressing motions.<\/p>\n<p>Aspire yra riboto leidimo kolekcija, pasi\u017eyminti tokiomis pat savyb\u0117mis ir pagaminta pagal tokius pa\u010dius auk\u0161tus standartus kaip ir m\u016bs\u0173 klasikin\u0117 produkt\u0173 linija.<\/p>\n<p>Sold as a pair.<br \/>\nCombines a 5mm interior panel for freedom of movement and a 7mm exterior panel for maximum joint support.<br \/>\nUpgraded reinforced seam construction to maximize longevity.<br \/>\nAntimicrobial treatment minimizes the build up in bacteria and reduces odor.<br \/>\nMade in Sheffield, Great Britain.<\/p>","protected":false},"featured_media":4744,"template":"","meta":[],"product_brand":[],"product_cat":[44,72],"product_tag":[],"giftcard-category":[],"class_list":{"0":"post-4737","1":"product","2":"type-product","3":"status-publish","4":"has-post-thumbnail","6":"product_cat-alkuniuitvarai","7":"product_cat-aspire","10":"instock","11":"shipping-taxable","12":"purchasable","13":"product-type-variable","14":"product-grid-view"},"yoast_head":"<!-- This site is optimized with the Yoast SEO plugin v26.9 - https:\/\/yoast.com\/product\/yoast-seo-wordpress\/ -->\n<title>ASPIRE ALK\u016aNI\u0172 \u012eTVARAI - SBD Apparel LT<\/title>\n<meta name=\"robots\" content=\"index, follow, max-snippet:-1, max-image-preview:large, max-video-preview:-1\" \/>\n<link rel=\"canonical\" href=\"https:\/\/sbdapparel.lt\/en\/product\/forge-pilki-alkuniu-itvarai-kopija\/\" \/>\n<meta property=\"og:locale\" content=\"en_US\" \/>\n<meta property=\"og:type\" content=\"article\" \/>\n<meta property=\"og:title\" content=\"ASPIRE ALK\u016aNI\u0172 \u012eTVARAI - SBD Apparel LT\" \/>\n<meta property=\"og:description\" content=\"Pagaminti i\u0161 auk\u0161tos kokyb\u0117s neopreno, \u0161ie alk\u016bni\u0173 \u012ftvarai yra sukurti taip, kad suteikt\u0173 maksimali\u0105 atram\u0105 ir suspaudim\u0105 sunki\u0173 treniruo\u010di\u0173 metu, kartu u\u017etikrinant, kad alk\u016bn\u0117 gal\u0117t\u0173 lengvai jud\u0117ti, i\u0161saugant judesi\u0173 amplitud\u0119.  \u0160iuose \u012ftvaruose sujungtas auk\u0161tos kokyb\u0117s neoprenas, naudojamas m\u016bs\u0173 keli\u0173 \u012ftvarams, su plonesne vidine puse, idealiai tinkan\u010dia tempimui ir spaudimui.  Aspire yra riboto leidimo kolekcija, pasi\u017eyminti tokiomis pat savyb\u0117mis ir pagaminta pagal tokius pa\u010dius auk\u0161tus standartus kaip ir m\u016bs\u0173 klasikin\u0117 produkt\u0173 linija.  Parduodama kaip pora. Sujungia 5 mm vidin\u0119 pus\u0119, u\u017etikrinan\u010di\u0105 jud\u0117jimo laisv\u0119, ir 7 mm i\u0161orin\u0119 pus\u0119, u\u017etikrinan\u010di\u0105 maksimal\u0173 s\u0105nari\u0173 palaikym\u0105. Atnaujinta sustiprinta si\u016bli\u0173 konstrukcija, siekiant maksimaliai padidinti ilgaam\u017ei\u0161kum\u0105. Antimikrobinis pavir\u0161ius suma\u017eina bakterij\u0173 kaupim\u0105si ir suma\u017eina kvap\u0105. Pagaminta \u0160efilde, Did\u017eiojoje Britanijoje.\" \/>\n<meta property=\"og:url\" content=\"https:\/\/sbdapparel.lt\/en\/product\/forge-pilki-alkuniu-itvarai-kopija\/\" \/>\n<meta property=\"og:site_name\" content=\"SBD Apparel LT\" \/>\n<meta property=\"article:modified_time\" content=\"2026-03-16T08:45:36+00:00\" \/>\n<meta property=\"og:image\" content=\"https:\/\/sbdapparel.lt\/wp-content\/uploads\/2025\/05\/Elbow-Sleeves-04-1024x1024.jpg\" \/>\n\t<meta property=\"og:image:width\" content=\"1024\" \/>\n\t<meta property=\"og:image:height\" content=\"1024\" \/>\n\t<meta property=\"og:image:type\" content=\"image\/jpeg\" \/>\n<meta name=\"twitter:card\" content=\"summary_large_image\" \/>\n<script type=\"application\/ld+json\" class=\"yoast-schema-graph\">{\"@context\":\"https:\/\/schema.org\",\"@graph\":[{\"@type\":\"WebPage\",\"@id\":\"https:\/\/sbdapparel.lt\/product\/forge-pilki-alkuniu-itvarai-kopija\/\",\"url\":\"https:\/\/sbdapparel.lt\/product\/forge-pilki-alkuniu-itvarai-kopija\/\",\"name\":\"ASPIRE ALK\u016aNI\u0172 \u012eTVARAI - SBD Apparel LT\",\"isPartOf\":{\"@id\":\"https:\/\/sbdapparel.lt\/#website\"},\"primaryImageOfPage\":{\"@id\":\"https:\/\/sbdapparel.lt\/product\/forge-pilki-alkuniu-itvarai-kopija\/#primaryimage\"},\"image\":{\"@id\":\"https:\/\/sbdapparel.lt\/product\/forge-pilki-alkuniu-itvarai-kopija\/#primaryimage\"},\"thumbnailUrl\":\"https:\/\/sbdapparel.lt\/wp-content\/uploads\/2025\/05\/Elbow-Sleeves-04.jpg\",\"datePublished\":\"2025-05-28T09:03:37+00:00\",\"dateModified\":\"2026-03-16T08:45:36+00:00\",\"breadcrumb\":{\"@id\":\"https:\/\/sbdapparel.lt\/product\/forge-pilki-alkuniu-itvarai-kopija\/#breadcrumb\"},\"inLanguage\":\"en-US\",\"potentialAction\":[{\"@type\":\"ReadAction\",\"target\":[\"https:\/\/sbdapparel.lt\/product\/forge-pilki-alkuniu-itvarai-kopija\/\"]}]},{\"@type\":\"ImageObject\",\"inLanguage\":\"en-US\",\"@id\":\"https:\/\/sbdapparel.lt\/product\/forge-pilki-alkuniu-itvarai-kopija\/#primaryimage\",\"url\":\"https:\/\/sbdapparel.lt\/wp-content\/uploads\/2025\/05\/Elbow-Sleeves-04.jpg\",\"contentUrl\":\"https:\/\/sbdapparel.lt\/wp-content\/uploads\/2025\/05\/Elbow-Sleeves-04.jpg\",\"width\":2048,\"height\":2048},{\"@type\":\"BreadcrumbList\",\"@id\":\"https:\/\/sbdapparel.lt\/product\/forge-pilki-alkuniu-itvarai-kopija\/#breadcrumb\",\"itemListElement\":[{\"@type\":\"ListItem\",\"position\":1,\"name\":\"Home\",\"item\":\"https:\/\/sbdapparel.lt\/\"},{\"@type\":\"ListItem\",\"position\":2,\"name\":\"Produktai\",\"item\":\"https:\/\/sbdapparel.lt\/shop\/\"},{\"@type\":\"ListItem\",\"position\":3,\"name\":\"ASPIRE ALK\u016aNI\u0172 \u012eTVARAI\"}]},{\"@type\":\"WebSite\",\"@id\":\"https:\/\/sbdapparel.lt\/#website\",\"url\":\"https:\/\/sbdapparel.lt\/\",\"name\":\"SBD Apparel LT\",\"description\":\"LIETUVA\",\"publisher\":{\"@id\":\"https:\/\/sbdapparel.lt\/#organization\"},\"potentialAction\":[{\"@type\":\"SearchAction\",\"target\":{\"@type\":\"EntryPoint\",\"urlTemplate\":\"https:\/\/sbdapparel.lt\/?s={search_term_string}\"},\"query-input\":{\"@type\":\"PropertyValueSpecification\",\"valueRequired\":true,\"valueName\":\"search_term_string\"}}],\"inLanguage\":\"en-US\"},{\"@type\":\"Organization\",\"@id\":\"https:\/\/sbdapparel.lt\/#organization\",\"name\":\"SBD Apparel LT\",\"url\":\"https:\/\/sbdapparel.lt\/\",\"logo\":{\"@type\":\"ImageObject\",\"inLanguage\":\"en-US\",\"@id\":\"https:\/\/sbdapparel.lt\/#\/schema\/logo\/image\/\",\"url\":\"https:\/\/sbdapparel.lt\/wp-content\/uploads\/2023\/07\/cropped-SBD_Identity_OnDark_RGB.png\",\"contentUrl\":\"https:\/\/sbdapparel.lt\/wp-content\/uploads\/2023\/07\/cropped-SBD_Identity_OnDark_RGB.png\",\"width\":1182,\"height\":515,\"caption\":\"SBD Apparel LT\"},\"image\":{\"@id\":\"https:\/\/sbdapparel.lt\/#\/schema\/logo\/image\/\"}}]}<\/script>\n<!-- \/ Yoast SEO plugin. -->","yoast_head_json":{"title":"ASPIRE ALK\u016aNI\u0172 \u012eTVARAI - SBD Apparel LT","robots":{"index":"index","follow":"follow","max-snippet":"max-snippet:-1","max-image-preview":"max-image-preview:large","max-video-preview":"max-video-preview:-1"},"canonical":"https:\/\/sbdapparel.lt\/en\/product\/forge-pilki-alkuniu-itvarai-kopija\/","og_locale":"en_US","og_type":"article","og_title":"ASPIRE ALK\u016aNI\u0172 \u012eTVARAI - SBD Apparel LT","og_description":"Pagaminti i\u0161 auk\u0161tos kokyb\u0117s neopreno, \u0161ie alk\u016bni\u0173 \u012ftvarai yra sukurti taip, kad suteikt\u0173 maksimali\u0105 atram\u0105 ir suspaudim\u0105 sunki\u0173 treniruo\u010di\u0173 metu, kartu u\u017etikrinant, kad alk\u016bn\u0117 gal\u0117t\u0173 lengvai jud\u0117ti, i\u0161saugant judesi\u0173 amplitud\u0119.  \u0160iuose \u012ftvaruose sujungtas auk\u0161tos kokyb\u0117s neoprenas, naudojamas m\u016bs\u0173 keli\u0173 \u012ftvarams, su plonesne vidine puse, idealiai tinkan\u010dia tempimui ir spaudimui.  Aspire yra riboto leidimo kolekcija, pasi\u017eyminti tokiomis pat savyb\u0117mis ir pagaminta pagal tokius pa\u010dius auk\u0161tus standartus kaip ir m\u016bs\u0173 klasikin\u0117 produkt\u0173 linija.  Parduodama kaip pora. Sujungia 5 mm vidin\u0119 pus\u0119, u\u017etikrinan\u010di\u0105 jud\u0117jimo laisv\u0119, ir 7 mm i\u0161orin\u0119 pus\u0119, u\u017etikrinan\u010di\u0105 maksimal\u0173 s\u0105nari\u0173 palaikym\u0105. Atnaujinta sustiprinta si\u016bli\u0173 konstrukcija, siekiant maksimaliai padidinti ilgaam\u017ei\u0161kum\u0105. Antimikrobinis pavir\u0161ius suma\u017eina bakterij\u0173 kaupim\u0105si ir suma\u017eina kvap\u0105. Pagaminta \u0160efilde, Did\u017eiojoje Britanijoje.","og_url":"https:\/\/sbdapparel.lt\/en\/product\/forge-pilki-alkuniu-itvarai-kopija\/","og_site_name":"SBD Apparel LT","article_modified_time":"2026-03-16T08:45:36+00:00","og_image":[{"width":1024,"height":1024,"url":"https:\/\/sbdapparel.lt\/wp-content\/uploads\/2025\/05\/Elbow-Sleeves-04-1024x1024.jpg","type":"image\/jpeg"}],"twitter_card":"summary_large_image","schema":{"@context":"https:\/\/schema.org","@graph":[{"@type":"WebPage","@id":"https:\/\/sbdapparel.lt\/product\/forge-pilki-alkuniu-itvarai-kopija\/","url":"https:\/\/sbdapparel.lt\/product\/forge-pilki-alkuniu-itvarai-kopija\/","name":"ASPIRE ALK\u016aNI\u0172 \u012eTVARAI - SBD Apparel LT","isPartOf":{"@id":"https:\/\/sbdapparel.lt\/#website"},"primaryImageOfPage":{"@id":"https:\/\/sbdapparel.lt\/product\/forge-pilki-alkuniu-itvarai-kopija\/#primaryimage"},"image":{"@id":"https:\/\/sbdapparel.lt\/product\/forge-pilki-alkuniu-itvarai-kopija\/#primaryimage"},"thumbnailUrl":"https:\/\/sbdapparel.lt\/wp-content\/uploads\/2025\/05\/Elbow-Sleeves-04.jpg","datePublished":"2025-05-28T09:03:37+00:00","dateModified":"2026-03-16T08:45:36+00:00","breadcrumb":{"@id":"https:\/\/sbdapparel.lt\/product\/forge-pilki-alkuniu-itvarai-kopija\/#breadcrumb"},"inLanguage":"en-US","potentialAction":[{"@type":"ReadAction","target":["https:\/\/sbdapparel.lt\/product\/forge-pilki-alkuniu-itvarai-kopija\/"]}]},{"@type":"ImageObject","inLanguage":"en-US","@id":"https:\/\/sbdapparel.lt\/product\/forge-pilki-alkuniu-itvarai-kopija\/#primaryimage","url":"https:\/\/sbdapparel.lt\/wp-content\/uploads\/2025\/05\/Elbow-Sleeves-04.jpg","contentUrl":"https:\/\/sbdapparel.lt\/wp-content\/uploads\/2025\/05\/Elbow-Sleeves-04.jpg","width":2048,"height":2048},{"@type":"BreadcrumbList","@id":"https:\/\/sbdapparel.lt\/product\/forge-pilki-alkuniu-itvarai-kopija\/#breadcrumb","itemListElement":[{"@type":"ListItem","position":1,"name":"Home","item":"https:\/\/sbdapparel.lt\/"},{"@type":"ListItem","position":2,"name":"Produktai","item":"https:\/\/sbdapparel.lt\/shop\/"},{"@type":"ListItem","position":3,"name":"ASPIRE ALK\u016aNI\u0172 \u012eTVARAI"}]},{"@type":"WebSite","@id":"https:\/\/sbdapparel.lt\/#website","url":"https:\/\/sbdapparel.lt\/","name":"SBD Apparel LT","description":"LIETUVA","publisher":{"@id":"https:\/\/sbdapparel.lt\/#organization"},"potentialAction":[{"@type":"SearchAction","target":{"@type":"EntryPoint","urlTemplate":"https:\/\/sbdapparel.lt\/?s={search_term_string}"},"query-input":{"@type":"PropertyValueSpecification","valueRequired":true,"valueName":"search_term_string"}}],"inLanguage":"en-US"},{"@type":"Organization","@id":"https:\/\/sbdapparel.lt\/#organization","name":"SBD Apparel LT","url":"https:\/\/sbdapparel.lt\/","logo":{"@type":"ImageObject","inLanguage":"en-US","@id":"https:\/\/sbdapparel.lt\/#\/schema\/logo\/image\/","url":"https:\/\/sbdapparel.lt\/wp-content\/uploads\/2023\/07\/cropped-SBD_Identity_OnDark_RGB.png","contentUrl":"https:\/\/sbdapparel.lt\/wp-content\/uploads\/2023\/07\/cropped-SBD_Identity_OnDark_RGB.png","width":1182,"height":515,"caption":"SBD Apparel LT"},"image":{"@id":"https:\/\/sbdapparel.lt\/#\/schema\/logo\/image\/"}}]}},"_links":{"self":[{"href":"https:\/\/sbdapparel.lt\/en\/wp-json\/wp\/v2\/product\/4737","targetHints":{"allow":["GET"]}}],"collection":[{"href":"https:\/\/sbdapparel.lt\/en\/wp-json\/wp\/v2\/product"}],"about":[{"href":"https:\/\/sbdapparel.lt\/en\/wp-json\/wp\/v2\/types\/product"}],"version-history":[{"count":2,"href":"https:\/\/sbdapparel.lt\/en\/wp-json\/wp\/v2\/product\/4737\/revisions"}],"predecessor-version":[{"id":4748,"href":"https:\/\/sbdapparel.lt\/en\/wp-json\/wp\/v2\/product\/4737\/revisions\/4748"}],"wp:featuredmedia":[{"embeddable":true,"href":"https:\/\/sbdapparel.lt\/en\/wp-json\/wp\/v2\/media\/4744"}],"wp:attachment":[{"href":"https:\/\/sbdapparel.lt\/en\/wp-json\/wp\/v2\/media?parent=4737"}],"wp:term":[{"taxonomy":"product_brand","embeddable":true,"href":"https:\/\/sbdapparel.lt\/en\/wp-json\/wp\/v2\/product_brand?post=4737"},{"taxonomy":"product_cat","embeddable":true,"href":"https:\/\/sbdapparel.lt\/en\/wp-json\/wp\/v2\/product_cat?post=4737"},{"taxonomy":"product_tag","embeddable":true,"href":"https:\/\/sbdapparel.lt\/en\/wp-json\/wp\/v2\/product_tag?post=4737"},{"taxonomy":"giftcard-category","embeddable":true,"href":"https:\/\/sbdapparel.lt\/en\/wp-json\/wp\/v2\/giftcard-category?post=4737"}],"curies":[{"name":"wp","href":"https:\/\/api.w.org\/{rel}","templated":true}]}}