{"id":4900,"date":"2025-05-28T13:03:48","date_gmt":"2025-05-28T10:03:48","guid":{"rendered":"https:\/\/sbdapparel.lt\/?post_type=product&#038;p=4900"},"modified":"2025-05-29T23:32:51","modified_gmt":"2025-05-29T20:32:51","slug":"aspire-dzemperis-su-uztrauktuku","status":"publish","type":"product","link":"https:\/\/sbdapparel.lt\/en\/product\/aspire-dzemperis-su-uztrauktuku\/","title":{"rendered":"ASPIRE D\u017dEMPERIS SU U\u017dTRAUKTUKU"},"content":{"rendered":"","protected":false},"excerpt":{"rendered":"<p data-start=\"46\" data-end=\"291\">Lengvas 100 % medviln\u0117s \u201eloopback\u201c tipo d\u017eemperis su gobtuvu, pasi\u017eymintis laisvu pe\u010di\u0173 kirpimu ir trij\u0173 dali\u0173 gobtuvu. Papuo\u0161tas dideliu spaudu nugaroje, firminiu u\u017etrauktuko traukikliu ir rai\u0161teli\u0173 galais. Lengva \u201eloopback\u201c medviln\u0117 (240 GSM).<\/p>\n<ul data-start=\"293\" data-end=\"478\">\n<li data-start=\"293\" data-end=\"347\">\n<p data-start=\"295\" data-end=\"347\">Laisvas pe\u010di\u0173 kirpimas \u2013 kasdieni\u0161kesniam stiliui.<\/p>\n<\/li>\n<li data-start=\"348\" data-end=\"377\">\n<p data-start=\"350\" data-end=\"377\">Didelis spaudas nugaroje.<\/p>\n<\/li>\n<li data-start=\"378\" data-end=\"433\">\n<p data-start=\"380\" data-end=\"433\">Firminis u\u017etrauktuko traukiklis ir rai\u0161teli\u0173 galai.<\/p>\n<\/li>\n<li data-start=\"434\" data-end=\"478\">\n<p data-start=\"436\" data-end=\"478\">Made in Sheffield, Great Britain.<\/p>\n<\/li>\n<\/ul>","protected":false},"featured_media":4911,"template":"","meta":[],"product_brand":[],"product_cat":[72,69],"product_tag":[],"giftcard-category":[],"class_list":{"0":"post-4900","1":"product","2":"type-product","3":"status-publish","4":"has-post-thumbnail","6":"product_cat-aspire","7":"product_cat-dzemperiai","10":"instock","11":"shipping-taxable","12":"purchasable","13":"product-type-variable","14":"product-grid-view"},"yoast_head":"<!-- This site is optimized with the Yoast SEO plugin v26.9 - https:\/\/yoast.com\/product\/yoast-seo-wordpress\/ -->\n<title>ASPIRE D\u017dEMPERIS SU U\u017dTRAUKTUKU - SBD Apparel LT<\/title>\n<meta name=\"robots\" content=\"index, follow, max-snippet:-1, max-image-preview:large, max-video-preview:-1\" \/>\n<link rel=\"canonical\" href=\"https:\/\/sbdapparel.lt\/en\/product\/aspire-dzemperis-su-uztrauktuku\/\" \/>\n<meta property=\"og:locale\" content=\"en_US\" \/>\n<meta property=\"og:type\" content=\"article\" \/>\n<meta property=\"og:title\" content=\"ASPIRE D\u017dEMPERIS SU U\u017dTRAUKTUKU - SBD Apparel LT\" \/>\n<meta property=\"og:description\" content=\"Lengvas 100 % medviln\u0117s \u201eloopback\u201c tipo d\u017eemperis su gobtuvu, pasi\u017eymintis laisvu pe\u010di\u0173 kirpimu ir trij\u0173 dali\u0173 gobtuvu. Papuo\u0161tas dideliu spaudu nugaroje, firminiu u\u017etrauktuko traukikliu ir rai\u0161teli\u0173 galais. Lengva \u201eloopback\u201c medviln\u0117 (240 GSM).     Laisvas pe\u010di\u0173 kirpimas \u2013 kasdieni\u0161kesniam stiliui.    Didelis spaudas nugaroje.    Firminis u\u017etrauktuko traukiklis ir rai\u0161teli\u0173 galai.    Pagaminta \u0160efilde, Did\u017eiojoje Britanijoje.\" \/>\n<meta property=\"og:url\" content=\"https:\/\/sbdapparel.lt\/en\/product\/aspire-dzemperis-su-uztrauktuku\/\" \/>\n<meta property=\"og:site_name\" content=\"SBD Apparel LT\" \/>\n<meta property=\"article:modified_time\" content=\"2025-05-29T20:32:51+00:00\" \/>\n<meta property=\"og:image\" content=\"https:\/\/sbdapparel.lt\/wp-content\/uploads\/2025\/05\/Zip-Hoodie-01-1024x1024.jpg\" \/>\n\t<meta property=\"og:image:width\" content=\"1024\" \/>\n\t<meta property=\"og:image:height\" content=\"1024\" \/>\n\t<meta property=\"og:image:type\" content=\"image\/jpeg\" \/>\n<meta name=\"twitter:card\" content=\"summary_large_image\" \/>\n<script type=\"application\/ld+json\" class=\"yoast-schema-graph\">{\"@context\":\"https:\/\/schema.org\",\"@graph\":[{\"@type\":\"WebPage\",\"@id\":\"https:\/\/sbdapparel.lt\/product\/aspire-dzemperis-su-uztrauktuku\/\",\"url\":\"https:\/\/sbdapparel.lt\/product\/aspire-dzemperis-su-uztrauktuku\/\",\"name\":\"ASPIRE D\u017dEMPERIS SU U\u017dTRAUKTUKU - SBD Apparel LT\",\"isPartOf\":{\"@id\":\"https:\/\/sbdapparel.lt\/#website\"},\"primaryImageOfPage\":{\"@id\":\"https:\/\/sbdapparel.lt\/product\/aspire-dzemperis-su-uztrauktuku\/#primaryimage\"},\"image\":{\"@id\":\"https:\/\/sbdapparel.lt\/product\/aspire-dzemperis-su-uztrauktuku\/#primaryimage\"},\"thumbnailUrl\":\"https:\/\/sbdapparel.lt\/wp-content\/uploads\/2025\/05\/Zip-Hoodie-01.jpg\",\"datePublished\":\"2025-05-28T10:03:48+00:00\",\"dateModified\":\"2025-05-29T20:32:51+00:00\",\"breadcrumb\":{\"@id\":\"https:\/\/sbdapparel.lt\/product\/aspire-dzemperis-su-uztrauktuku\/#breadcrumb\"},\"inLanguage\":\"en-US\",\"potentialAction\":[{\"@type\":\"ReadAction\",\"target\":[\"https:\/\/sbdapparel.lt\/product\/aspire-dzemperis-su-uztrauktuku\/\"]}]},{\"@type\":\"ImageObject\",\"inLanguage\":\"en-US\",\"@id\":\"https:\/\/sbdapparel.lt\/product\/aspire-dzemperis-su-uztrauktuku\/#primaryimage\",\"url\":\"https:\/\/sbdapparel.lt\/wp-content\/uploads\/2025\/05\/Zip-Hoodie-01.jpg\",\"contentUrl\":\"https:\/\/sbdapparel.lt\/wp-content\/uploads\/2025\/05\/Zip-Hoodie-01.jpg\",\"width\":2048,\"height\":2048},{\"@type\":\"BreadcrumbList\",\"@id\":\"https:\/\/sbdapparel.lt\/product\/aspire-dzemperis-su-uztrauktuku\/#breadcrumb\",\"itemListElement\":[{\"@type\":\"ListItem\",\"position\":1,\"name\":\"Home\",\"item\":\"https:\/\/sbdapparel.lt\/\"},{\"@type\":\"ListItem\",\"position\":2,\"name\":\"Produktai\",\"item\":\"https:\/\/sbdapparel.lt\/shop\/\"},{\"@type\":\"ListItem\",\"position\":3,\"name\":\"ASPIRE D\u017dEMPERIS SU U\u017dTRAUKTUKU\"}]},{\"@type\":\"WebSite\",\"@id\":\"https:\/\/sbdapparel.lt\/#website\",\"url\":\"https:\/\/sbdapparel.lt\/\",\"name\":\"SBD Apparel LT\",\"description\":\"LIETUVA\",\"publisher\":{\"@id\":\"https:\/\/sbdapparel.lt\/#organization\"},\"potentialAction\":[{\"@type\":\"SearchAction\",\"target\":{\"@type\":\"EntryPoint\",\"urlTemplate\":\"https:\/\/sbdapparel.lt\/?s={search_term_string}\"},\"query-input\":{\"@type\":\"PropertyValueSpecification\",\"valueRequired\":true,\"valueName\":\"search_term_string\"}}],\"inLanguage\":\"en-US\"},{\"@type\":\"Organization\",\"@id\":\"https:\/\/sbdapparel.lt\/#organization\",\"name\":\"SBD Apparel LT\",\"url\":\"https:\/\/sbdapparel.lt\/\",\"logo\":{\"@type\":\"ImageObject\",\"inLanguage\":\"en-US\",\"@id\":\"https:\/\/sbdapparel.lt\/#\/schema\/logo\/image\/\",\"url\":\"https:\/\/sbdapparel.lt\/wp-content\/uploads\/2023\/07\/cropped-SBD_Identity_OnDark_RGB.png\",\"contentUrl\":\"https:\/\/sbdapparel.lt\/wp-content\/uploads\/2023\/07\/cropped-SBD_Identity_OnDark_RGB.png\",\"width\":1182,\"height\":515,\"caption\":\"SBD Apparel LT\"},\"image\":{\"@id\":\"https:\/\/sbdapparel.lt\/#\/schema\/logo\/image\/\"}}]}<\/script>\n<!-- \/ Yoast SEO plugin. -->","yoast_head_json":{"title":"ASPIRE D\u017dEMPERIS SU U\u017dTRAUKTUKU - SBD Apparel LT","robots":{"index":"index","follow":"follow","max-snippet":"max-snippet:-1","max-image-preview":"max-image-preview:large","max-video-preview":"max-video-preview:-1"},"canonical":"https:\/\/sbdapparel.lt\/en\/product\/aspire-dzemperis-su-uztrauktuku\/","og_locale":"en_US","og_type":"article","og_title":"ASPIRE D\u017dEMPERIS SU U\u017dTRAUKTUKU - SBD Apparel LT","og_description":"Lengvas 100 % medviln\u0117s \u201eloopback\u201c tipo d\u017eemperis su gobtuvu, pasi\u017eymintis laisvu pe\u010di\u0173 kirpimu ir trij\u0173 dali\u0173 gobtuvu. Papuo\u0161tas dideliu spaudu nugaroje, firminiu u\u017etrauktuko traukikliu ir rai\u0161teli\u0173 galais. Lengva \u201eloopback\u201c medviln\u0117 (240 GSM).     Laisvas pe\u010di\u0173 kirpimas \u2013 kasdieni\u0161kesniam stiliui.    Didelis spaudas nugaroje.    Firminis u\u017etrauktuko traukiklis ir rai\u0161teli\u0173 galai.    Pagaminta \u0160efilde, Did\u017eiojoje Britanijoje.","og_url":"https:\/\/sbdapparel.lt\/en\/product\/aspire-dzemperis-su-uztrauktuku\/","og_site_name":"SBD Apparel LT","article_modified_time":"2025-05-29T20:32:51+00:00","og_image":[{"width":1024,"height":1024,"url":"https:\/\/sbdapparel.lt\/wp-content\/uploads\/2025\/05\/Zip-Hoodie-01-1024x1024.jpg","type":"image\/jpeg"}],"twitter_card":"summary_large_image","schema":{"@context":"https:\/\/schema.org","@graph":[{"@type":"WebPage","@id":"https:\/\/sbdapparel.lt\/product\/aspire-dzemperis-su-uztrauktuku\/","url":"https:\/\/sbdapparel.lt\/product\/aspire-dzemperis-su-uztrauktuku\/","name":"ASPIRE D\u017dEMPERIS SU U\u017dTRAUKTUKU - SBD Apparel LT","isPartOf":{"@id":"https:\/\/sbdapparel.lt\/#website"},"primaryImageOfPage":{"@id":"https:\/\/sbdapparel.lt\/product\/aspire-dzemperis-su-uztrauktuku\/#primaryimage"},"image":{"@id":"https:\/\/sbdapparel.lt\/product\/aspire-dzemperis-su-uztrauktuku\/#primaryimage"},"thumbnailUrl":"https:\/\/sbdapparel.lt\/wp-content\/uploads\/2025\/05\/Zip-Hoodie-01.jpg","datePublished":"2025-05-28T10:03:48+00:00","dateModified":"2025-05-29T20:32:51+00:00","breadcrumb":{"@id":"https:\/\/sbdapparel.lt\/product\/aspire-dzemperis-su-uztrauktuku\/#breadcrumb"},"inLanguage":"en-US","potentialAction":[{"@type":"ReadAction","target":["https:\/\/sbdapparel.lt\/product\/aspire-dzemperis-su-uztrauktuku\/"]}]},{"@type":"ImageObject","inLanguage":"en-US","@id":"https:\/\/sbdapparel.lt\/product\/aspire-dzemperis-su-uztrauktuku\/#primaryimage","url":"https:\/\/sbdapparel.lt\/wp-content\/uploads\/2025\/05\/Zip-Hoodie-01.jpg","contentUrl":"https:\/\/sbdapparel.lt\/wp-content\/uploads\/2025\/05\/Zip-Hoodie-01.jpg","width":2048,"height":2048},{"@type":"BreadcrumbList","@id":"https:\/\/sbdapparel.lt\/product\/aspire-dzemperis-su-uztrauktuku\/#breadcrumb","itemListElement":[{"@type":"ListItem","position":1,"name":"Home","item":"https:\/\/sbdapparel.lt\/"},{"@type":"ListItem","position":2,"name":"Produktai","item":"https:\/\/sbdapparel.lt\/shop\/"},{"@type":"ListItem","position":3,"name":"ASPIRE D\u017dEMPERIS SU U\u017dTRAUKTUKU"}]},{"@type":"WebSite","@id":"https:\/\/sbdapparel.lt\/#website","url":"https:\/\/sbdapparel.lt\/","name":"SBD Apparel LT","description":"LIETUVA","publisher":{"@id":"https:\/\/sbdapparel.lt\/#organization"},"potentialAction":[{"@type":"SearchAction","target":{"@type":"EntryPoint","urlTemplate":"https:\/\/sbdapparel.lt\/?s={search_term_string}"},"query-input":{"@type":"PropertyValueSpecification","valueRequired":true,"valueName":"search_term_string"}}],"inLanguage":"en-US"},{"@type":"Organization","@id":"https:\/\/sbdapparel.lt\/#organization","name":"SBD Apparel LT","url":"https:\/\/sbdapparel.lt\/","logo":{"@type":"ImageObject","inLanguage":"en-US","@id":"https:\/\/sbdapparel.lt\/#\/schema\/logo\/image\/","url":"https:\/\/sbdapparel.lt\/wp-content\/uploads\/2023\/07\/cropped-SBD_Identity_OnDark_RGB.png","contentUrl":"https:\/\/sbdapparel.lt\/wp-content\/uploads\/2023\/07\/cropped-SBD_Identity_OnDark_RGB.png","width":1182,"height":515,"caption":"SBD Apparel LT"},"image":{"@id":"https:\/\/sbdapparel.lt\/#\/schema\/logo\/image\/"}}]}},"_links":{"self":[{"href":"https:\/\/sbdapparel.lt\/en\/wp-json\/wp\/v2\/product\/4900","targetHints":{"allow":["GET"]}}],"collection":[{"href":"https:\/\/sbdapparel.lt\/en\/wp-json\/wp\/v2\/product"}],"about":[{"href":"https:\/\/sbdapparel.lt\/en\/wp-json\/wp\/v2\/types\/product"}],"version-history":[{"count":3,"href":"https:\/\/sbdapparel.lt\/en\/wp-json\/wp\/v2\/product\/4900\/revisions"}],"predecessor-version":[{"id":5015,"href":"https:\/\/sbdapparel.lt\/en\/wp-json\/wp\/v2\/product\/4900\/revisions\/5015"}],"wp:featuredmedia":[{"embeddable":true,"href":"https:\/\/sbdapparel.lt\/en\/wp-json\/wp\/v2\/media\/4911"}],"wp:attachment":[{"href":"https:\/\/sbdapparel.lt\/en\/wp-json\/wp\/v2\/media?parent=4900"}],"wp:term":[{"taxonomy":"product_brand","embeddable":true,"href":"https:\/\/sbdapparel.lt\/en\/wp-json\/wp\/v2\/product_brand?post=4900"},{"taxonomy":"product_cat","embeddable":true,"href":"https:\/\/sbdapparel.lt\/en\/wp-json\/wp\/v2\/product_cat?post=4900"},{"taxonomy":"product_tag","embeddable":true,"href":"https:\/\/sbdapparel.lt\/en\/wp-json\/wp\/v2\/product_tag?post=4900"},{"taxonomy":"giftcard-category","embeddable":true,"href":"https:\/\/sbdapparel.lt\/en\/wp-json\/wp\/v2\/giftcard-category?post=4900"}],"curies":[{"name":"wp","href":"https:\/\/api.w.org\/{rel}","templated":true}]}}