{"id":4970,"date":"2025-05-28T15:05:53","date_gmt":"2025-05-28T12:05:53","guid":{"rendered":"https:\/\/sbdapparel.lt\/?post_type=product&#038;p=4970"},"modified":"2026-01-24T23:52:24","modified_gmt":"2026-01-24T20:52:24","slug":"aspire-powerlifting-7-mm-keliu-itvarai","status":"publish","type":"product","link":"https:\/\/sbdapparel.lt\/en\/product\/aspire-powerlifting-7-mm-keliu-itvarai\/","title":{"rendered":"ASPIRE POWERLIFTING 7 mm KELI\u0172 \u012eTVARAI"},"content":{"rendered":"","protected":false},"excerpt":{"rendered":"<p>Aspire Powerlifting 7 mm\u00a0 keli\u0173 \u012ftvarai yra skirtos konkurencingiems j\u0117gos trikov\u0117s sportininkams, ie\u0161kantiems maksimalios atramos\u00a0 i\u0161 savo keli\u0173 \u012ftvar\u0173.<\/p>\n<p>They allow for significantly greater compression throughout knee flexion to maximize support and confidence during maximal attempts, increasing top end performance.<\/p>\n<p>Aspire yra riboto leidimo kolekcija, pasi\u017eyminti tokiomis pat savyb\u0117mis ir pagaminta pagal tokius pa\u010dius auk\u0161tus standartus kaip ir m\u016bs\u0173 klasikin\u0117 produkt\u0173 linija.<\/p>\n<p>Sold as a pair.<br \/>\nIPF approved and USAPL and IWF compliant with the maximum allowable 30cm length.<br \/>\nHigh grade, high density 7mm neoprene offers maximal compression and surface contact area throughout knee flexion.<br \/>\nEnhanced four-way stretch allows the neoprene to stretch during fitting and maintain compression all around the knee joint throughout the lift with no gapping.<br \/>\nHeavyweight linings, edging and seams designed to hold up to even the most aggressive fitting.<br \/>\nAntimicrobial treatment minimizes the build up in bacteria and reduces odor.<br \/>\nPatented design.<br \/>\nMade in Sheffield, Great Britain.<\/p>","protected":false},"featured_media":4982,"template":"","meta":[],"product_brand":[],"product_cat":[72,43],"product_tag":[],"giftcard-category":[],"class_list":{"0":"post-4970","1":"product","2":"type-product","3":"status-publish","4":"has-post-thumbnail","6":"product_cat-aspire","7":"product_cat-keliuitvarai","10":"instock","11":"shipping-taxable","12":"purchasable","13":"product-type-variable","14":"product-grid-view"},"yoast_head":"<!-- This site is optimized with the Yoast SEO plugin v26.9 - https:\/\/yoast.com\/product\/yoast-seo-wordpress\/ -->\n<title>ASPIRE POWERLIFTING 7 mm KELI\u0172 \u012eTVARAI - SBD Apparel LT<\/title>\n<meta name=\"robots\" content=\"index, follow, max-snippet:-1, max-image-preview:large, max-video-preview:-1\" \/>\n<link rel=\"canonical\" href=\"https:\/\/sbdapparel.lt\/en\/product\/aspire-powerlifting-7-mm-keliu-itvarai\/\" \/>\n<meta property=\"og:locale\" content=\"en_US\" \/>\n<meta property=\"og:type\" content=\"article\" \/>\n<meta property=\"og:title\" content=\"ASPIRE POWERLIFTING 7 mm KELI\u0172 \u012eTVARAI - SBD Apparel LT\" \/>\n<meta property=\"og:description\" content=\"Aspire Powerlifting 7 mm\u00a0 keli\u0173 \u012ftvarai yra skirtos konkurencingiems j\u0117gos trikov\u0117s sportininkams, ie\u0161kantiems maksimalios atramos\u00a0 i\u0161 savo keli\u0173 \u012ftvar\u0173.  Jie leid\u017eia \u017eymiai labiau suspausti vis\u0105 kelio lenkim\u0105, kad maksimaliai padidint\u0173 atram\u0105 ir suspaudim\u0105 maksimali\u0173 bandym\u0173 metu, padidindami rezultat\u0105 ir kelio s\u0105nario apsaug\u0105.  Aspire yra riboto leidimo kolekcija, pasi\u017eyminti tokiomis pat savyb\u0117mis ir pagaminta pagal tokius pa\u010dius auk\u0161tus standartus kaip ir m\u016bs\u0173 klasikin\u0117 produkt\u0173 linija.  Parduodama kaip pora. IPF patvirtintas ir IWF atitinkantis maksimalus leistinas 30 cm ilgis. Auk\u0161tos kokyb\u0117s, didelio tankio 7 mm neoprenas u\u017etikrina maksimal\u0173 suspaudim\u0105 ir viso kelio pavir\u0161iaus kontakto plot\u0105 k\u0117limo metu. Patobulintas keturi\u0173 kryp\u010di\u0173 tempimas leid\u017eia neoprenui i\u0161tempti prigludimo metu ir i\u0161laikyti suspaudim\u0105 aplink kelio s\u0105nar\u012f viso k\u0117limo metu be tarp\u0173. Sunk\u016bs pamu\u0161alai, apvadai ir si\u016bl\u0117s sukurti taip, kad i\u0161laikyt\u0173 net ir agresyviausi\u0105 prigludim\u0105. Antimikrobinis pavir\u0161ius suma\u017eina bakterij\u0173 kaupim\u0105si ir suma\u017eina kvap\u0105. Patentuotas dizainas. Pagaminta \u0160efilde, Did\u017eiojoje Britanijoje.\" \/>\n<meta property=\"og:url\" content=\"https:\/\/sbdapparel.lt\/en\/product\/aspire-powerlifting-7-mm-keliu-itvarai\/\" \/>\n<meta property=\"og:site_name\" content=\"SBD Apparel LT\" \/>\n<meta property=\"article:modified_time\" content=\"2026-01-24T20:52:24+00:00\" \/>\n<meta property=\"og:image\" content=\"https:\/\/sbdapparel.lt\/wp-content\/uploads\/2025\/05\/Powerlifting-Knee-Sleeves-01-icon-1024x1024.jpg\" \/>\n\t<meta property=\"og:image:width\" content=\"1024\" \/>\n\t<meta property=\"og:image:height\" content=\"1024\" \/>\n\t<meta property=\"og:image:type\" content=\"image\/jpeg\" \/>\n<meta name=\"twitter:card\" content=\"summary_large_image\" \/>\n<script type=\"application\/ld+json\" class=\"yoast-schema-graph\">{\"@context\":\"https:\/\/schema.org\",\"@graph\":[{\"@type\":\"WebPage\",\"@id\":\"https:\/\/sbdapparel.lt\/product\/aspire-powerlifting-7-mm-keliu-itvarai\/\",\"url\":\"https:\/\/sbdapparel.lt\/product\/aspire-powerlifting-7-mm-keliu-itvarai\/\",\"name\":\"ASPIRE POWERLIFTING 7 mm KELI\u0172 \u012eTVARAI - SBD Apparel LT\",\"isPartOf\":{\"@id\":\"https:\/\/sbdapparel.lt\/#website\"},\"primaryImageOfPage\":{\"@id\":\"https:\/\/sbdapparel.lt\/product\/aspire-powerlifting-7-mm-keliu-itvarai\/#primaryimage\"},\"image\":{\"@id\":\"https:\/\/sbdapparel.lt\/product\/aspire-powerlifting-7-mm-keliu-itvarai\/#primaryimage\"},\"thumbnailUrl\":\"https:\/\/sbdapparel.lt\/wp-content\/uploads\/2025\/05\/Powerlifting-Knee-Sleeves-01-icon.jpg\",\"datePublished\":\"2025-05-28T12:05:53+00:00\",\"dateModified\":\"2026-01-24T20:52:24+00:00\",\"breadcrumb\":{\"@id\":\"https:\/\/sbdapparel.lt\/product\/aspire-powerlifting-7-mm-keliu-itvarai\/#breadcrumb\"},\"inLanguage\":\"en-US\",\"potentialAction\":[{\"@type\":\"ReadAction\",\"target\":[\"https:\/\/sbdapparel.lt\/product\/aspire-powerlifting-7-mm-keliu-itvarai\/\"]}]},{\"@type\":\"ImageObject\",\"inLanguage\":\"en-US\",\"@id\":\"https:\/\/sbdapparel.lt\/product\/aspire-powerlifting-7-mm-keliu-itvarai\/#primaryimage\",\"url\":\"https:\/\/sbdapparel.lt\/wp-content\/uploads\/2025\/05\/Powerlifting-Knee-Sleeves-01-icon.jpg\",\"contentUrl\":\"https:\/\/sbdapparel.lt\/wp-content\/uploads\/2025\/05\/Powerlifting-Knee-Sleeves-01-icon.jpg\",\"width\":2048,\"height\":2048},{\"@type\":\"BreadcrumbList\",\"@id\":\"https:\/\/sbdapparel.lt\/product\/aspire-powerlifting-7-mm-keliu-itvarai\/#breadcrumb\",\"itemListElement\":[{\"@type\":\"ListItem\",\"position\":1,\"name\":\"Home\",\"item\":\"https:\/\/sbdapparel.lt\/\"},{\"@type\":\"ListItem\",\"position\":2,\"name\":\"Produktai\",\"item\":\"https:\/\/sbdapparel.lt\/shop\/\"},{\"@type\":\"ListItem\",\"position\":3,\"name\":\"ASPIRE POWERLIFTING 7 mm KELI\u0172 \u012eTVARAI\"}]},{\"@type\":\"WebSite\",\"@id\":\"https:\/\/sbdapparel.lt\/#website\",\"url\":\"https:\/\/sbdapparel.lt\/\",\"name\":\"SBD Apparel LT\",\"description\":\"LIETUVA\",\"publisher\":{\"@id\":\"https:\/\/sbdapparel.lt\/#organization\"},\"potentialAction\":[{\"@type\":\"SearchAction\",\"target\":{\"@type\":\"EntryPoint\",\"urlTemplate\":\"https:\/\/sbdapparel.lt\/?s={search_term_string}\"},\"query-input\":{\"@type\":\"PropertyValueSpecification\",\"valueRequired\":true,\"valueName\":\"search_term_string\"}}],\"inLanguage\":\"en-US\"},{\"@type\":\"Organization\",\"@id\":\"https:\/\/sbdapparel.lt\/#organization\",\"name\":\"SBD Apparel LT\",\"url\":\"https:\/\/sbdapparel.lt\/\",\"logo\":{\"@type\":\"ImageObject\",\"inLanguage\":\"en-US\",\"@id\":\"https:\/\/sbdapparel.lt\/#\/schema\/logo\/image\/\",\"url\":\"https:\/\/sbdapparel.lt\/wp-content\/uploads\/2023\/07\/cropped-SBD_Identity_OnDark_RGB.png\",\"contentUrl\":\"https:\/\/sbdapparel.lt\/wp-content\/uploads\/2023\/07\/cropped-SBD_Identity_OnDark_RGB.png\",\"width\":1182,\"height\":515,\"caption\":\"SBD Apparel LT\"},\"image\":{\"@id\":\"https:\/\/sbdapparel.lt\/#\/schema\/logo\/image\/\"}}]}<\/script>\n<!-- \/ Yoast SEO plugin. -->","yoast_head_json":{"title":"ASPIRE POWERLIFTING 7 mm KELI\u0172 \u012eTVARAI - SBD Apparel LT","robots":{"index":"index","follow":"follow","max-snippet":"max-snippet:-1","max-image-preview":"max-image-preview:large","max-video-preview":"max-video-preview:-1"},"canonical":"https:\/\/sbdapparel.lt\/en\/product\/aspire-powerlifting-7-mm-keliu-itvarai\/","og_locale":"en_US","og_type":"article","og_title":"ASPIRE POWERLIFTING 7 mm KELI\u0172 \u012eTVARAI - SBD Apparel LT","og_description":"Aspire Powerlifting 7 mm\u00a0 keli\u0173 \u012ftvarai yra skirtos konkurencingiems j\u0117gos trikov\u0117s sportininkams, ie\u0161kantiems maksimalios atramos\u00a0 i\u0161 savo keli\u0173 \u012ftvar\u0173.  Jie leid\u017eia \u017eymiai labiau suspausti vis\u0105 kelio lenkim\u0105, kad maksimaliai padidint\u0173 atram\u0105 ir suspaudim\u0105 maksimali\u0173 bandym\u0173 metu, padidindami rezultat\u0105 ir kelio s\u0105nario apsaug\u0105.  Aspire yra riboto leidimo kolekcija, pasi\u017eyminti tokiomis pat savyb\u0117mis ir pagaminta pagal tokius pa\u010dius auk\u0161tus standartus kaip ir m\u016bs\u0173 klasikin\u0117 produkt\u0173 linija.  Parduodama kaip pora. IPF patvirtintas ir IWF atitinkantis maksimalus leistinas 30 cm ilgis. Auk\u0161tos kokyb\u0117s, didelio tankio 7 mm neoprenas u\u017etikrina maksimal\u0173 suspaudim\u0105 ir viso kelio pavir\u0161iaus kontakto plot\u0105 k\u0117limo metu. Patobulintas keturi\u0173 kryp\u010di\u0173 tempimas leid\u017eia neoprenui i\u0161tempti prigludimo metu ir i\u0161laikyti suspaudim\u0105 aplink kelio s\u0105nar\u012f viso k\u0117limo metu be tarp\u0173. Sunk\u016bs pamu\u0161alai, apvadai ir si\u016bl\u0117s sukurti taip, kad i\u0161laikyt\u0173 net ir agresyviausi\u0105 prigludim\u0105. Antimikrobinis pavir\u0161ius suma\u017eina bakterij\u0173 kaupim\u0105si ir suma\u017eina kvap\u0105. Patentuotas dizainas. Pagaminta \u0160efilde, Did\u017eiojoje Britanijoje.","og_url":"https:\/\/sbdapparel.lt\/en\/product\/aspire-powerlifting-7-mm-keliu-itvarai\/","og_site_name":"SBD Apparel LT","article_modified_time":"2026-01-24T20:52:24+00:00","og_image":[{"width":1024,"height":1024,"url":"https:\/\/sbdapparel.lt\/wp-content\/uploads\/2025\/05\/Powerlifting-Knee-Sleeves-01-icon-1024x1024.jpg","type":"image\/jpeg"}],"twitter_card":"summary_large_image","schema":{"@context":"https:\/\/schema.org","@graph":[{"@type":"WebPage","@id":"https:\/\/sbdapparel.lt\/product\/aspire-powerlifting-7-mm-keliu-itvarai\/","url":"https:\/\/sbdapparel.lt\/product\/aspire-powerlifting-7-mm-keliu-itvarai\/","name":"ASPIRE POWERLIFTING 7 mm KELI\u0172 \u012eTVARAI - SBD Apparel LT","isPartOf":{"@id":"https:\/\/sbdapparel.lt\/#website"},"primaryImageOfPage":{"@id":"https:\/\/sbdapparel.lt\/product\/aspire-powerlifting-7-mm-keliu-itvarai\/#primaryimage"},"image":{"@id":"https:\/\/sbdapparel.lt\/product\/aspire-powerlifting-7-mm-keliu-itvarai\/#primaryimage"},"thumbnailUrl":"https:\/\/sbdapparel.lt\/wp-content\/uploads\/2025\/05\/Powerlifting-Knee-Sleeves-01-icon.jpg","datePublished":"2025-05-28T12:05:53+00:00","dateModified":"2026-01-24T20:52:24+00:00","breadcrumb":{"@id":"https:\/\/sbdapparel.lt\/product\/aspire-powerlifting-7-mm-keliu-itvarai\/#breadcrumb"},"inLanguage":"en-US","potentialAction":[{"@type":"ReadAction","target":["https:\/\/sbdapparel.lt\/product\/aspire-powerlifting-7-mm-keliu-itvarai\/"]}]},{"@type":"ImageObject","inLanguage":"en-US","@id":"https:\/\/sbdapparel.lt\/product\/aspire-powerlifting-7-mm-keliu-itvarai\/#primaryimage","url":"https:\/\/sbdapparel.lt\/wp-content\/uploads\/2025\/05\/Powerlifting-Knee-Sleeves-01-icon.jpg","contentUrl":"https:\/\/sbdapparel.lt\/wp-content\/uploads\/2025\/05\/Powerlifting-Knee-Sleeves-01-icon.jpg","width":2048,"height":2048},{"@type":"BreadcrumbList","@id":"https:\/\/sbdapparel.lt\/product\/aspire-powerlifting-7-mm-keliu-itvarai\/#breadcrumb","itemListElement":[{"@type":"ListItem","position":1,"name":"Home","item":"https:\/\/sbdapparel.lt\/"},{"@type":"ListItem","position":2,"name":"Produktai","item":"https:\/\/sbdapparel.lt\/shop\/"},{"@type":"ListItem","position":3,"name":"ASPIRE POWERLIFTING 7 mm KELI\u0172 \u012eTVARAI"}]},{"@type":"WebSite","@id":"https:\/\/sbdapparel.lt\/#website","url":"https:\/\/sbdapparel.lt\/","name":"SBD Apparel LT","description":"LIETUVA","publisher":{"@id":"https:\/\/sbdapparel.lt\/#organization"},"potentialAction":[{"@type":"SearchAction","target":{"@type":"EntryPoint","urlTemplate":"https:\/\/sbdapparel.lt\/?s={search_term_string}"},"query-input":{"@type":"PropertyValueSpecification","valueRequired":true,"valueName":"search_term_string"}}],"inLanguage":"en-US"},{"@type":"Organization","@id":"https:\/\/sbdapparel.lt\/#organization","name":"SBD Apparel LT","url":"https:\/\/sbdapparel.lt\/","logo":{"@type":"ImageObject","inLanguage":"en-US","@id":"https:\/\/sbdapparel.lt\/#\/schema\/logo\/image\/","url":"https:\/\/sbdapparel.lt\/wp-content\/uploads\/2023\/07\/cropped-SBD_Identity_OnDark_RGB.png","contentUrl":"https:\/\/sbdapparel.lt\/wp-content\/uploads\/2023\/07\/cropped-SBD_Identity_OnDark_RGB.png","width":1182,"height":515,"caption":"SBD Apparel LT"},"image":{"@id":"https:\/\/sbdapparel.lt\/#\/schema\/logo\/image\/"}}]}},"_links":{"self":[{"href":"https:\/\/sbdapparel.lt\/en\/wp-json\/wp\/v2\/product\/4970","targetHints":{"allow":["GET"]}}],"collection":[{"href":"https:\/\/sbdapparel.lt\/en\/wp-json\/wp\/v2\/product"}],"about":[{"href":"https:\/\/sbdapparel.lt\/en\/wp-json\/wp\/v2\/types\/product"}],"version-history":[{"count":1,"href":"https:\/\/sbdapparel.lt\/en\/wp-json\/wp\/v2\/product\/4970\/revisions"}],"predecessor-version":[{"id":4984,"href":"https:\/\/sbdapparel.lt\/en\/wp-json\/wp\/v2\/product\/4970\/revisions\/4984"}],"wp:featuredmedia":[{"embeddable":true,"href":"https:\/\/sbdapparel.lt\/en\/wp-json\/wp\/v2\/media\/4982"}],"wp:attachment":[{"href":"https:\/\/sbdapparel.lt\/en\/wp-json\/wp\/v2\/media?parent=4970"}],"wp:term":[{"taxonomy":"product_brand","embeddable":true,"href":"https:\/\/sbdapparel.lt\/en\/wp-json\/wp\/v2\/product_brand?post=4970"},{"taxonomy":"product_cat","embeddable":true,"href":"https:\/\/sbdapparel.lt\/en\/wp-json\/wp\/v2\/product_cat?post=4970"},{"taxonomy":"product_tag","embeddable":true,"href":"https:\/\/sbdapparel.lt\/en\/wp-json\/wp\/v2\/product_tag?post=4970"},{"taxonomy":"giftcard-category","embeddable":true,"href":"https:\/\/sbdapparel.lt\/en\/wp-json\/wp\/v2\/giftcard-category?post=4970"}],"curies":[{"name":"wp","href":"https:\/\/api.w.org\/{rel}","templated":true}]}}