{"id":5150,"date":"2025-11-08T11:26:48","date_gmt":"2025-11-08T08:26:48","guid":{"rendered":"https:\/\/sbdapparel.lt\/?post_type=product&#038;p=5150"},"modified":"2026-04-07T14:47:23","modified_gmt":"2026-04-07T11:47:23","slug":"resolve-marskineliai","status":"publish","type":"product","link":"https:\/\/sbdapparel.lt\/en\/product\/resolve-marskineliai\/","title":{"rendered":"RESOLVE MAR\u0160KIN\u0116LIAI"},"content":{"rendered":"","protected":false},"excerpt":{"rendered":"<p>Manufactured fully in the UK from cotton to sewing, the SBD shirt can endure the toughest training. Developed in conjunction with athlete feedback.<\/p>\n<p>Resolve yra riboto leidimo kolekcija, pasi\u017eyminti tokiomis pat savyb\u0117mis ir pagaminta pagal tokius pa\u010dius auk\u0161tus standartus kaip ir m\u016bs\u0173 klasikin\u0117 produkt\u0173 linija.<\/p>\n<p>Featuring an SBD logo print on the chest.<br \/>\nComfortable and durable, designed to endure years of use in training.<br \/>\nKnitted with 100% Good Earth Cotton\u00ae.<br \/>\nMade in Sheffield, Great Britain.<\/p>","protected":false},"featured_media":5160,"template":"","meta":[],"product_brand":[],"product_cat":[49,73],"product_tag":[],"giftcard-category":[],"class_list":{"0":"post-5150","1":"product","2":"type-product","3":"status-publish","4":"has-post-thumbnail","6":"product_cat-marskineliai","7":"product_cat-resolve","10":"instock","11":"shipping-taxable","12":"purchasable","13":"product-type-variable","14":"product-grid-view"},"yoast_head":"<!-- This site is optimized with the Yoast SEO plugin v26.9 - https:\/\/yoast.com\/product\/yoast-seo-wordpress\/ -->\n<title>RESOLVE MAR\u0160KIN\u0116LIAI - SBD Apparel LT<\/title>\n<meta name=\"robots\" content=\"index, follow, max-snippet:-1, max-image-preview:large, max-video-preview:-1\" \/>\n<link rel=\"canonical\" href=\"https:\/\/sbdapparel.lt\/en\/product\/resolve-marskineliai\/\" \/>\n<meta property=\"og:locale\" content=\"en_US\" \/>\n<meta property=\"og:type\" content=\"article\" \/>\n<meta property=\"og:title\" content=\"RESOLVE MAR\u0160KIN\u0116LIAI - SBD Apparel LT\" \/>\n<meta property=\"og:description\" content=\"Nuo medviln\u0117s iki siuvimo visi\u0161kai JK pagaminti SBD mar\u0161kin\u0117liai gali atlaikyti sunkiausias treniruotes. Sukurta kartu su sportinink\u0173 atsiliepimais.  Resolve yra riboto leidimo kolekcija, pasi\u017eyminti tokiomis pat savyb\u0117mis ir pagaminta pagal tokius pa\u010dius auk\u0161tus standartus kaip ir m\u016bs\u0173 klasikin\u0117 produkt\u0173 linija.  Ant kr\u016btin\u0117s yra SBD logotipo atspaudas. Patogus ir patvarus, sukurtas taip, kad i\u0161tvert\u0173 naudojimo metus treniruot\u0117se. Megzta i\u0161 100% Good Earth Cotton\u00ae. Pagaminta \u0160efilde, Did\u017eiojoje Britanijoje.\" \/>\n<meta property=\"og:url\" content=\"https:\/\/sbdapparel.lt\/en\/product\/resolve-marskineliai\/\" \/>\n<meta property=\"og:site_name\" content=\"SBD Apparel LT\" \/>\n<meta property=\"article:modified_time\" content=\"2026-04-07T11:47:23+00:00\" \/>\n<meta property=\"og:image\" content=\"https:\/\/sbdapparel.lt\/wp-content\/uploads\/2025\/11\/Brand-T-Shirt-Mens-Fit-03-1024x1024.jpg\" \/>\n\t<meta property=\"og:image:width\" content=\"1024\" \/>\n\t<meta property=\"og:image:height\" content=\"1024\" \/>\n\t<meta property=\"og:image:type\" content=\"image\/jpeg\" \/>\n<meta name=\"twitter:card\" content=\"summary_large_image\" \/>\n<script type=\"application\/ld+json\" class=\"yoast-schema-graph\">{\"@context\":\"https:\/\/schema.org\",\"@graph\":[{\"@type\":\"WebPage\",\"@id\":\"https:\/\/sbdapparel.lt\/product\/resolve-marskineliai\/\",\"url\":\"https:\/\/sbdapparel.lt\/product\/resolve-marskineliai\/\",\"name\":\"RESOLVE MAR\u0160KIN\u0116LIAI - SBD Apparel LT\",\"isPartOf\":{\"@id\":\"https:\/\/sbdapparel.lt\/#website\"},\"primaryImageOfPage\":{\"@id\":\"https:\/\/sbdapparel.lt\/product\/resolve-marskineliai\/#primaryimage\"},\"image\":{\"@id\":\"https:\/\/sbdapparel.lt\/product\/resolve-marskineliai\/#primaryimage\"},\"thumbnailUrl\":\"https:\/\/sbdapparel.lt\/wp-content\/uploads\/2025\/11\/Brand-T-Shirt-Mens-Fit-03.jpg\",\"datePublished\":\"2025-11-08T08:26:48+00:00\",\"dateModified\":\"2026-04-07T11:47:23+00:00\",\"breadcrumb\":{\"@id\":\"https:\/\/sbdapparel.lt\/product\/resolve-marskineliai\/#breadcrumb\"},\"inLanguage\":\"en-US\",\"potentialAction\":[{\"@type\":\"ReadAction\",\"target\":[\"https:\/\/sbdapparel.lt\/product\/resolve-marskineliai\/\"]}]},{\"@type\":\"ImageObject\",\"inLanguage\":\"en-US\",\"@id\":\"https:\/\/sbdapparel.lt\/product\/resolve-marskineliai\/#primaryimage\",\"url\":\"https:\/\/sbdapparel.lt\/wp-content\/uploads\/2025\/11\/Brand-T-Shirt-Mens-Fit-03.jpg\",\"contentUrl\":\"https:\/\/sbdapparel.lt\/wp-content\/uploads\/2025\/11\/Brand-T-Shirt-Mens-Fit-03.jpg\",\"width\":2048,\"height\":2048},{\"@type\":\"BreadcrumbList\",\"@id\":\"https:\/\/sbdapparel.lt\/product\/resolve-marskineliai\/#breadcrumb\",\"itemListElement\":[{\"@type\":\"ListItem\",\"position\":1,\"name\":\"Home\",\"item\":\"https:\/\/sbdapparel.lt\/\"},{\"@type\":\"ListItem\",\"position\":2,\"name\":\"Produktai\",\"item\":\"https:\/\/sbdapparel.lt\/shop\/\"},{\"@type\":\"ListItem\",\"position\":3,\"name\":\"RESOLVE MAR\u0160KIN\u0116LIAI\"}]},{\"@type\":\"WebSite\",\"@id\":\"https:\/\/sbdapparel.lt\/#website\",\"url\":\"https:\/\/sbdapparel.lt\/\",\"name\":\"SBD Apparel LT\",\"description\":\"LIETUVA\",\"publisher\":{\"@id\":\"https:\/\/sbdapparel.lt\/#organization\"},\"potentialAction\":[{\"@type\":\"SearchAction\",\"target\":{\"@type\":\"EntryPoint\",\"urlTemplate\":\"https:\/\/sbdapparel.lt\/?s={search_term_string}\"},\"query-input\":{\"@type\":\"PropertyValueSpecification\",\"valueRequired\":true,\"valueName\":\"search_term_string\"}}],\"inLanguage\":\"en-US\"},{\"@type\":\"Organization\",\"@id\":\"https:\/\/sbdapparel.lt\/#organization\",\"name\":\"SBD Apparel LT\",\"url\":\"https:\/\/sbdapparel.lt\/\",\"logo\":{\"@type\":\"ImageObject\",\"inLanguage\":\"en-US\",\"@id\":\"https:\/\/sbdapparel.lt\/#\/schema\/logo\/image\/\",\"url\":\"https:\/\/sbdapparel.lt\/wp-content\/uploads\/2023\/07\/cropped-SBD_Identity_OnDark_RGB.png\",\"contentUrl\":\"https:\/\/sbdapparel.lt\/wp-content\/uploads\/2023\/07\/cropped-SBD_Identity_OnDark_RGB.png\",\"width\":1182,\"height\":515,\"caption\":\"SBD Apparel LT\"},\"image\":{\"@id\":\"https:\/\/sbdapparel.lt\/#\/schema\/logo\/image\/\"}}]}<\/script>\n<!-- \/ Yoast SEO plugin. -->","yoast_head_json":{"title":"RESOLVE MAR\u0160KIN\u0116LIAI - SBD Apparel LT","robots":{"index":"index","follow":"follow","max-snippet":"max-snippet:-1","max-image-preview":"max-image-preview:large","max-video-preview":"max-video-preview:-1"},"canonical":"https:\/\/sbdapparel.lt\/en\/product\/resolve-marskineliai\/","og_locale":"en_US","og_type":"article","og_title":"RESOLVE MAR\u0160KIN\u0116LIAI - SBD Apparel LT","og_description":"Nuo medviln\u0117s iki siuvimo visi\u0161kai JK pagaminti SBD mar\u0161kin\u0117liai gali atlaikyti sunkiausias treniruotes. Sukurta kartu su sportinink\u0173 atsiliepimais.  Resolve yra riboto leidimo kolekcija, pasi\u017eyminti tokiomis pat savyb\u0117mis ir pagaminta pagal tokius pa\u010dius auk\u0161tus standartus kaip ir m\u016bs\u0173 klasikin\u0117 produkt\u0173 linija.  Ant kr\u016btin\u0117s yra SBD logotipo atspaudas. Patogus ir patvarus, sukurtas taip, kad i\u0161tvert\u0173 naudojimo metus treniruot\u0117se. Megzta i\u0161 100% Good Earth Cotton\u00ae. Pagaminta \u0160efilde, Did\u017eiojoje Britanijoje.","og_url":"https:\/\/sbdapparel.lt\/en\/product\/resolve-marskineliai\/","og_site_name":"SBD Apparel LT","article_modified_time":"2026-04-07T11:47:23+00:00","og_image":[{"width":1024,"height":1024,"url":"https:\/\/sbdapparel.lt\/wp-content\/uploads\/2025\/11\/Brand-T-Shirt-Mens-Fit-03-1024x1024.jpg","type":"image\/jpeg"}],"twitter_card":"summary_large_image","schema":{"@context":"https:\/\/schema.org","@graph":[{"@type":"WebPage","@id":"https:\/\/sbdapparel.lt\/product\/resolve-marskineliai\/","url":"https:\/\/sbdapparel.lt\/product\/resolve-marskineliai\/","name":"RESOLVE MAR\u0160KIN\u0116LIAI - SBD Apparel LT","isPartOf":{"@id":"https:\/\/sbdapparel.lt\/#website"},"primaryImageOfPage":{"@id":"https:\/\/sbdapparel.lt\/product\/resolve-marskineliai\/#primaryimage"},"image":{"@id":"https:\/\/sbdapparel.lt\/product\/resolve-marskineliai\/#primaryimage"},"thumbnailUrl":"https:\/\/sbdapparel.lt\/wp-content\/uploads\/2025\/11\/Brand-T-Shirt-Mens-Fit-03.jpg","datePublished":"2025-11-08T08:26:48+00:00","dateModified":"2026-04-07T11:47:23+00:00","breadcrumb":{"@id":"https:\/\/sbdapparel.lt\/product\/resolve-marskineliai\/#breadcrumb"},"inLanguage":"en-US","potentialAction":[{"@type":"ReadAction","target":["https:\/\/sbdapparel.lt\/product\/resolve-marskineliai\/"]}]},{"@type":"ImageObject","inLanguage":"en-US","@id":"https:\/\/sbdapparel.lt\/product\/resolve-marskineliai\/#primaryimage","url":"https:\/\/sbdapparel.lt\/wp-content\/uploads\/2025\/11\/Brand-T-Shirt-Mens-Fit-03.jpg","contentUrl":"https:\/\/sbdapparel.lt\/wp-content\/uploads\/2025\/11\/Brand-T-Shirt-Mens-Fit-03.jpg","width":2048,"height":2048},{"@type":"BreadcrumbList","@id":"https:\/\/sbdapparel.lt\/product\/resolve-marskineliai\/#breadcrumb","itemListElement":[{"@type":"ListItem","position":1,"name":"Home","item":"https:\/\/sbdapparel.lt\/"},{"@type":"ListItem","position":2,"name":"Produktai","item":"https:\/\/sbdapparel.lt\/shop\/"},{"@type":"ListItem","position":3,"name":"RESOLVE MAR\u0160KIN\u0116LIAI"}]},{"@type":"WebSite","@id":"https:\/\/sbdapparel.lt\/#website","url":"https:\/\/sbdapparel.lt\/","name":"SBD Apparel LT","description":"LIETUVA","publisher":{"@id":"https:\/\/sbdapparel.lt\/#organization"},"potentialAction":[{"@type":"SearchAction","target":{"@type":"EntryPoint","urlTemplate":"https:\/\/sbdapparel.lt\/?s={search_term_string}"},"query-input":{"@type":"PropertyValueSpecification","valueRequired":true,"valueName":"search_term_string"}}],"inLanguage":"en-US"},{"@type":"Organization","@id":"https:\/\/sbdapparel.lt\/#organization","name":"SBD Apparel LT","url":"https:\/\/sbdapparel.lt\/","logo":{"@type":"ImageObject","inLanguage":"en-US","@id":"https:\/\/sbdapparel.lt\/#\/schema\/logo\/image\/","url":"https:\/\/sbdapparel.lt\/wp-content\/uploads\/2023\/07\/cropped-SBD_Identity_OnDark_RGB.png","contentUrl":"https:\/\/sbdapparel.lt\/wp-content\/uploads\/2023\/07\/cropped-SBD_Identity_OnDark_RGB.png","width":1182,"height":515,"caption":"SBD Apparel LT"},"image":{"@id":"https:\/\/sbdapparel.lt\/#\/schema\/logo\/image\/"}}]}},"_links":{"self":[{"href":"https:\/\/sbdapparel.lt\/en\/wp-json\/wp\/v2\/product\/5150","targetHints":{"allow":["GET"]}}],"collection":[{"href":"https:\/\/sbdapparel.lt\/en\/wp-json\/wp\/v2\/product"}],"about":[{"href":"https:\/\/sbdapparel.lt\/en\/wp-json\/wp\/v2\/types\/product"}],"version-history":[{"count":1,"href":"https:\/\/sbdapparel.lt\/en\/wp-json\/wp\/v2\/product\/5150\/revisions"}],"predecessor-version":[{"id":5179,"href":"https:\/\/sbdapparel.lt\/en\/wp-json\/wp\/v2\/product\/5150\/revisions\/5179"}],"wp:featuredmedia":[{"embeddable":true,"href":"https:\/\/sbdapparel.lt\/en\/wp-json\/wp\/v2\/media\/5160"}],"wp:attachment":[{"href":"https:\/\/sbdapparel.lt\/en\/wp-json\/wp\/v2\/media?parent=5150"}],"wp:term":[{"taxonomy":"product_brand","embeddable":true,"href":"https:\/\/sbdapparel.lt\/en\/wp-json\/wp\/v2\/product_brand?post=5150"},{"taxonomy":"product_cat","embeddable":true,"href":"https:\/\/sbdapparel.lt\/en\/wp-json\/wp\/v2\/product_cat?post=5150"},{"taxonomy":"product_tag","embeddable":true,"href":"https:\/\/sbdapparel.lt\/en\/wp-json\/wp\/v2\/product_tag?post=5150"},{"taxonomy":"giftcard-category","embeddable":true,"href":"https:\/\/sbdapparel.lt\/en\/wp-json\/wp\/v2\/giftcard-category?post=5150"}],"curies":[{"name":"wp","href":"https:\/\/api.w.org\/{rel}","templated":true}]}}