{"id":5296,"date":"2025-11-08T12:07:15","date_gmt":"2025-11-08T09:07:15","guid":{"rendered":"https:\/\/sbdapparel.lt\/?post_type=product&#038;p=5296"},"modified":"2026-01-10T16:49:34","modified_gmt":"2026-01-10T13:49:34","slug":"resolve-treniruociu-sortai-moterims","status":"publish","type":"product","link":"https:\/\/sbdapparel.lt\/en\/product\/resolve-treniruociu-sortai-moterims\/","title":{"rendered":"RESOLVE TRENIRUO\u010cI\u0172 \u0160ORTAI MOTERIMS"},"content":{"rendered":"<p>x<\/p>","protected":false},"excerpt":{"rendered":"<p id=\"tw-target-text\" class=\"tw-data-text tw-text-large tw-ta\" dir=\"ltr\" data-placeholder=\"Vertimas\" data-ved=\"2ahUKEwj0-8fRv8mNAxUOSPEDHbhSJcwQ3ewLegQICRAV\" aria-label=\"I\u0161verstas tekstas: Sukurta na\u0161umui su itin auk\u0161tu, i\u0161puosel\u0117tu juosmeniu, kad b\u016bt\u0173 palaikoma ir stilinga. Pagaminta i\u0161 medviln\u0117s liesties nailono-Lycra mi\u0161inio su keturiomis kryptimis tamprumu ir prit\u016bpimams atsparia lycra, u\u017etikrinan\u010dia visi\u0161k\u0105 pasitik\u0117jim\u0105 treniruot\u0117s metu. Pasi\u017eymi k\u016bno \u0161ilum\u0105 reguliuojan\u010diomis ir dr\u0117gm\u0119 sugerian\u010diomis savyb\u0117mis, kad treniruot\u0117s metu jus v\u0117sint\u0173 ir i\u0161likt\u0173 sausa. Super auk\u0161tas juosmuo. Keturi\u0173 kryp\u010di\u0173 tempimas. Prit\u016bpimo \u012frodymas. Plok\u0161\u010dios si\u016bl\u0117s suma\u017eina trint\u012f ir dirginim\u0105. Nailonas 82%, likra 18%. Pagaminta \u0160efilde, Did\u017eiojoje Britanijoje.\"><span class=\"Y2IQFc\" lang=\"lt\">Sukurta na\u0161umui su itin auk\u0161tu, i\u0161puosel\u0117tu juosmeniu, kad b\u016bt\u0173 palaikoma ir stilinga. Pagaminta i\u0161 medviln\u0117s liesties nailono-Lycra mi\u0161inio su keturiomis kryptimis tamprumu ir prit\u016bpimams atsparia lycra, u\u017etikrinan\u010dia visi\u0161k\u0105 pasitik\u0117jim\u0105 treniruot\u0117s metu. <\/span><\/p>\n<p class=\"tw-data-text tw-text-large tw-ta\" dir=\"ltr\" data-placeholder=\"Vertimas\" data-ved=\"2ahUKEwj0-8fRv8mNAxUOSPEDHbhSJcwQ3ewLegQICRAV\" aria-label=\"I\u0161verstas tekstas: Sukurta na\u0161umui su itin auk\u0161tu, i\u0161puosel\u0117tu juosmeniu, kad b\u016bt\u0173 palaikoma ir stilinga. Pagaminta i\u0161 medviln\u0117s liesties nailono-Lycra mi\u0161inio su keturiomis kryptimis tamprumu ir prit\u016bpimams atsparia lycra, u\u017etikrinan\u010dia visi\u0161k\u0105 pasitik\u0117jim\u0105 treniruot\u0117s metu. Pasi\u017eymi k\u016bno \u0161ilum\u0105 reguliuojan\u010diomis ir dr\u0117gm\u0119 sugerian\u010diomis savyb\u0117mis, kad treniruot\u0117s metu jus v\u0117sint\u0173 ir i\u0161likt\u0173 sausa. Super auk\u0161tas juosmuo. Keturi\u0173 kryp\u010di\u0173 tempimas. Prit\u016bpimo \u012frodymas. Plok\u0161\u010dios si\u016bl\u0117s suma\u017eina trint\u012f ir dirginim\u0105. Nailonas 82%, likra 18%. Pagaminta \u0160efilde, Did\u017eiojoje Britanijoje.\"><span class=\"Y2IQFc\" lang=\"lt\">Pasi\u017eymi k\u016bno \u0161ilum\u0105 reguliuojan\u010diomis ir dr\u0117gm\u0119 sugerian\u010diomis savyb\u0117mis, kad treniruot\u0117s metu jus v\u0117sint\u0173 ir i\u0161likt\u0173 sausa. Super auk\u0161tas juosmuo. Keturi\u0173 kryp\u010di\u0173 tempimas. Prit\u016bpimo \u012frodymas. Plok\u0161\u010dios si\u016bl\u0117s suma\u017eina trint\u012f ir dirginim\u0105. <\/span><\/p>\n<p class=\"tw-data-text tw-text-large tw-ta\" dir=\"ltr\" data-placeholder=\"Vertimas\" data-ved=\"2ahUKEwj0-8fRv8mNAxUOSPEDHbhSJcwQ3ewLegQICRAV\" aria-label=\"I\u0161verstas tekstas: Sukurta na\u0161umui su itin auk\u0161tu, i\u0161puosel\u0117tu juosmeniu, kad b\u016bt\u0173 palaikoma ir stilinga. Pagaminta i\u0161 medviln\u0117s liesties nailono-Lycra mi\u0161inio su keturiomis kryptimis tamprumu ir prit\u016bpimams atsparia lycra, u\u017etikrinan\u010dia visi\u0161k\u0105 pasitik\u0117jim\u0105 treniruot\u0117s metu. Pasi\u017eymi k\u016bno \u0161ilum\u0105 reguliuojan\u010diomis ir dr\u0117gm\u0119 sugerian\u010diomis savyb\u0117mis, kad treniruot\u0117s metu jus v\u0117sint\u0173 ir i\u0161likt\u0173 sausa. Super auk\u0161tas juosmuo. Keturi\u0173 kryp\u010di\u0173 tempimas. Prit\u016bpimo \u012frodymas. Plok\u0161\u010dios si\u016bl\u0117s suma\u017eina trint\u012f ir dirginim\u0105. Nailonas 82%, likra 18%. Pagaminta \u0160efilde, Did\u017eiojoje Britanijoje.\"><span class=\"Y2IQFc\" lang=\"lt\">Nailonas 82%, likra 18%. <\/span><\/p>\n<p class=\"tw-data-text tw-text-large tw-ta\" dir=\"ltr\" data-placeholder=\"Vertimas\" data-ved=\"2ahUKEwj0-8fRv8mNAxUOSPEDHbhSJcwQ3ewLegQICRAV\" aria-label=\"I\u0161verstas tekstas: Sukurta na\u0161umui su itin auk\u0161tu, i\u0161puosel\u0117tu juosmeniu, kad b\u016bt\u0173 palaikoma ir stilinga. Pagaminta i\u0161 medviln\u0117s liesties nailono-Lycra mi\u0161inio su keturiomis kryptimis tamprumu ir prit\u016bpimams atsparia lycra, u\u017etikrinan\u010dia visi\u0161k\u0105 pasitik\u0117jim\u0105 treniruot\u0117s metu. Pasi\u017eymi k\u016bno \u0161ilum\u0105 reguliuojan\u010diomis ir dr\u0117gm\u0119 sugerian\u010diomis savyb\u0117mis, kad treniruot\u0117s metu jus v\u0117sint\u0173 ir i\u0161likt\u0173 sausa. Super auk\u0161tas juosmuo. Keturi\u0173 kryp\u010di\u0173 tempimas. Prit\u016bpimo \u012frodymas. Plok\u0161\u010dios si\u016bl\u0117s suma\u017eina trint\u012f ir dirginim\u0105. Nailonas 82%, likra 18%. Pagaminta \u0160efilde, Did\u017eiojoje Britanijoje.\"><span class=\"Y2IQFc\" lang=\"lt\">Made in Sheffield, Great Britain.<\/span><\/p>","protected":false},"featured_media":5306,"template":"","meta":[],"product_brand":[],"product_cat":[73,71],"product_tag":[],"giftcard-category":[],"class_list":{"0":"post-5296","1":"product","2":"type-product","3":"status-publish","4":"has-post-thumbnail","6":"product_cat-resolve","7":"product_cat-sortai","10":"instock","11":"shipping-taxable","12":"purchasable","13":"product-type-variable","14":"product-grid-view"},"yoast_head":"<!-- This site is optimized with the Yoast SEO plugin v26.9 - https:\/\/yoast.com\/product\/yoast-seo-wordpress\/ -->\n<title>RESOLVE TRENIRUO\u010cI\u0172 \u0160ORTAI MOTERIMS - SBD Apparel LT<\/title>\n<meta name=\"robots\" content=\"index, follow, max-snippet:-1, max-image-preview:large, max-video-preview:-1\" \/>\n<link rel=\"canonical\" href=\"https:\/\/sbdapparel.lt\/en\/product\/resolve-treniruociu-sortai-moterims\/\" \/>\n<meta property=\"og:locale\" content=\"en_US\" \/>\n<meta property=\"og:type\" content=\"article\" \/>\n<meta property=\"og:title\" content=\"RESOLVE TRENIRUO\u010cI\u0172 \u0160ORTAI MOTERIMS - SBD Apparel LT\" \/>\n<meta property=\"og:description\" content=\"Sukurta na\u0161umui su itin auk\u0161tu, i\u0161puosel\u0117tu juosmeniu, kad b\u016bt\u0173 palaikoma ir stilinga. Pagaminta i\u0161 medviln\u0117s liesties nailono-Lycra mi\u0161inio su keturiomis kryptimis tamprumu ir prit\u016bpimams atsparia lycra, u\u017etikrinan\u010dia visi\u0161k\u0105 pasitik\u0117jim\u0105 treniruot\u0117s metu.  Pasi\u017eymi k\u016bno \u0161ilum\u0105 reguliuojan\u010diomis ir dr\u0117gm\u0119 sugerian\u010diomis savyb\u0117mis, kad treniruot\u0117s metu jus v\u0117sint\u0173 ir i\u0161likt\u0173 sausa. Super auk\u0161tas juosmuo. Keturi\u0173 kryp\u010di\u0173 tempimas. Prit\u016bpimo \u012frodymas. Plok\u0161\u010dios si\u016bl\u0117s suma\u017eina trint\u012f ir dirginim\u0105.  Nailonas 82%, likra 18%.  Pagaminta \u0160efilde, Did\u017eiojoje Britanijoje.\" \/>\n<meta property=\"og:url\" content=\"https:\/\/sbdapparel.lt\/en\/product\/resolve-treniruociu-sortai-moterims\/\" \/>\n<meta property=\"og:site_name\" content=\"SBD Apparel LT\" \/>\n<meta property=\"article:modified_time\" content=\"2026-01-10T13:49:34+00:00\" \/>\n<meta property=\"og:image\" content=\"https:\/\/sbdapparel.lt\/wp-content\/uploads\/2025\/11\/Training-Shorts-Womens-fit-03-1-1024x1024.jpg\" \/>\n\t<meta property=\"og:image:width\" content=\"1024\" \/>\n\t<meta property=\"og:image:height\" content=\"1024\" \/>\n\t<meta property=\"og:image:type\" content=\"image\/jpeg\" \/>\n<meta name=\"twitter:card\" content=\"summary_large_image\" \/>\n<script type=\"application\/ld+json\" class=\"yoast-schema-graph\">{\"@context\":\"https:\/\/schema.org\",\"@graph\":[{\"@type\":\"WebPage\",\"@id\":\"https:\/\/sbdapparel.lt\/product\/resolve-treniruociu-sortai-moterims\/\",\"url\":\"https:\/\/sbdapparel.lt\/product\/resolve-treniruociu-sortai-moterims\/\",\"name\":\"RESOLVE TRENIRUO\u010cI\u0172 \u0160ORTAI MOTERIMS - SBD Apparel LT\",\"isPartOf\":{\"@id\":\"https:\/\/sbdapparel.lt\/#website\"},\"primaryImageOfPage\":{\"@id\":\"https:\/\/sbdapparel.lt\/product\/resolve-treniruociu-sortai-moterims\/#primaryimage\"},\"image\":{\"@id\":\"https:\/\/sbdapparel.lt\/product\/resolve-treniruociu-sortai-moterims\/#primaryimage\"},\"thumbnailUrl\":\"https:\/\/sbdapparel.lt\/wp-content\/uploads\/2025\/11\/Training-Shorts-Womens-fit-03-1.jpg\",\"datePublished\":\"2025-11-08T09:07:15+00:00\",\"dateModified\":\"2026-01-10T13:49:34+00:00\",\"breadcrumb\":{\"@id\":\"https:\/\/sbdapparel.lt\/product\/resolve-treniruociu-sortai-moterims\/#breadcrumb\"},\"inLanguage\":\"en-US\",\"potentialAction\":[{\"@type\":\"ReadAction\",\"target\":[\"https:\/\/sbdapparel.lt\/product\/resolve-treniruociu-sortai-moterims\/\"]}]},{\"@type\":\"ImageObject\",\"inLanguage\":\"en-US\",\"@id\":\"https:\/\/sbdapparel.lt\/product\/resolve-treniruociu-sortai-moterims\/#primaryimage\",\"url\":\"https:\/\/sbdapparel.lt\/wp-content\/uploads\/2025\/11\/Training-Shorts-Womens-fit-03-1.jpg\",\"contentUrl\":\"https:\/\/sbdapparel.lt\/wp-content\/uploads\/2025\/11\/Training-Shorts-Womens-fit-03-1.jpg\",\"width\":2048,\"height\":2048},{\"@type\":\"BreadcrumbList\",\"@id\":\"https:\/\/sbdapparel.lt\/product\/resolve-treniruociu-sortai-moterims\/#breadcrumb\",\"itemListElement\":[{\"@type\":\"ListItem\",\"position\":1,\"name\":\"Home\",\"item\":\"https:\/\/sbdapparel.lt\/\"},{\"@type\":\"ListItem\",\"position\":2,\"name\":\"Produktai\",\"item\":\"https:\/\/sbdapparel.lt\/shop\/\"},{\"@type\":\"ListItem\",\"position\":3,\"name\":\"RESOLVE TRENIRUO\u010cI\u0172 \u0160ORTAI MOTERIMS\"}]},{\"@type\":\"WebSite\",\"@id\":\"https:\/\/sbdapparel.lt\/#website\",\"url\":\"https:\/\/sbdapparel.lt\/\",\"name\":\"SBD Apparel LT\",\"description\":\"LIETUVA\",\"publisher\":{\"@id\":\"https:\/\/sbdapparel.lt\/#organization\"},\"potentialAction\":[{\"@type\":\"SearchAction\",\"target\":{\"@type\":\"EntryPoint\",\"urlTemplate\":\"https:\/\/sbdapparel.lt\/?s={search_term_string}\"},\"query-input\":{\"@type\":\"PropertyValueSpecification\",\"valueRequired\":true,\"valueName\":\"search_term_string\"}}],\"inLanguage\":\"en-US\"},{\"@type\":\"Organization\",\"@id\":\"https:\/\/sbdapparel.lt\/#organization\",\"name\":\"SBD Apparel LT\",\"url\":\"https:\/\/sbdapparel.lt\/\",\"logo\":{\"@type\":\"ImageObject\",\"inLanguage\":\"en-US\",\"@id\":\"https:\/\/sbdapparel.lt\/#\/schema\/logo\/image\/\",\"url\":\"https:\/\/sbdapparel.lt\/wp-content\/uploads\/2023\/07\/cropped-SBD_Identity_OnDark_RGB.png\",\"contentUrl\":\"https:\/\/sbdapparel.lt\/wp-content\/uploads\/2023\/07\/cropped-SBD_Identity_OnDark_RGB.png\",\"width\":1182,\"height\":515,\"caption\":\"SBD Apparel LT\"},\"image\":{\"@id\":\"https:\/\/sbdapparel.lt\/#\/schema\/logo\/image\/\"}}]}<\/script>\n<!-- \/ Yoast SEO plugin. -->","yoast_head_json":{"title":"RESOLVE TRENIRUO\u010cI\u0172 \u0160ORTAI MOTERIMS - SBD Apparel LT","robots":{"index":"index","follow":"follow","max-snippet":"max-snippet:-1","max-image-preview":"max-image-preview:large","max-video-preview":"max-video-preview:-1"},"canonical":"https:\/\/sbdapparel.lt\/en\/product\/resolve-treniruociu-sortai-moterims\/","og_locale":"en_US","og_type":"article","og_title":"RESOLVE TRENIRUO\u010cI\u0172 \u0160ORTAI MOTERIMS - SBD Apparel LT","og_description":"Sukurta na\u0161umui su itin auk\u0161tu, i\u0161puosel\u0117tu juosmeniu, kad b\u016bt\u0173 palaikoma ir stilinga. Pagaminta i\u0161 medviln\u0117s liesties nailono-Lycra mi\u0161inio su keturiomis kryptimis tamprumu ir prit\u016bpimams atsparia lycra, u\u017etikrinan\u010dia visi\u0161k\u0105 pasitik\u0117jim\u0105 treniruot\u0117s metu.  Pasi\u017eymi k\u016bno \u0161ilum\u0105 reguliuojan\u010diomis ir dr\u0117gm\u0119 sugerian\u010diomis savyb\u0117mis, kad treniruot\u0117s metu jus v\u0117sint\u0173 ir i\u0161likt\u0173 sausa. Super auk\u0161tas juosmuo. Keturi\u0173 kryp\u010di\u0173 tempimas. Prit\u016bpimo \u012frodymas. Plok\u0161\u010dios si\u016bl\u0117s suma\u017eina trint\u012f ir dirginim\u0105.  Nailonas 82%, likra 18%.  Pagaminta \u0160efilde, Did\u017eiojoje Britanijoje.","og_url":"https:\/\/sbdapparel.lt\/en\/product\/resolve-treniruociu-sortai-moterims\/","og_site_name":"SBD Apparel LT","article_modified_time":"2026-01-10T13:49:34+00:00","og_image":[{"width":1024,"height":1024,"url":"https:\/\/sbdapparel.lt\/wp-content\/uploads\/2025\/11\/Training-Shorts-Womens-fit-03-1-1024x1024.jpg","type":"image\/jpeg"}],"twitter_card":"summary_large_image","schema":{"@context":"https:\/\/schema.org","@graph":[{"@type":"WebPage","@id":"https:\/\/sbdapparel.lt\/product\/resolve-treniruociu-sortai-moterims\/","url":"https:\/\/sbdapparel.lt\/product\/resolve-treniruociu-sortai-moterims\/","name":"RESOLVE TRENIRUO\u010cI\u0172 \u0160ORTAI MOTERIMS - SBD Apparel LT","isPartOf":{"@id":"https:\/\/sbdapparel.lt\/#website"},"primaryImageOfPage":{"@id":"https:\/\/sbdapparel.lt\/product\/resolve-treniruociu-sortai-moterims\/#primaryimage"},"image":{"@id":"https:\/\/sbdapparel.lt\/product\/resolve-treniruociu-sortai-moterims\/#primaryimage"},"thumbnailUrl":"https:\/\/sbdapparel.lt\/wp-content\/uploads\/2025\/11\/Training-Shorts-Womens-fit-03-1.jpg","datePublished":"2025-11-08T09:07:15+00:00","dateModified":"2026-01-10T13:49:34+00:00","breadcrumb":{"@id":"https:\/\/sbdapparel.lt\/product\/resolve-treniruociu-sortai-moterims\/#breadcrumb"},"inLanguage":"en-US","potentialAction":[{"@type":"ReadAction","target":["https:\/\/sbdapparel.lt\/product\/resolve-treniruociu-sortai-moterims\/"]}]},{"@type":"ImageObject","inLanguage":"en-US","@id":"https:\/\/sbdapparel.lt\/product\/resolve-treniruociu-sortai-moterims\/#primaryimage","url":"https:\/\/sbdapparel.lt\/wp-content\/uploads\/2025\/11\/Training-Shorts-Womens-fit-03-1.jpg","contentUrl":"https:\/\/sbdapparel.lt\/wp-content\/uploads\/2025\/11\/Training-Shorts-Womens-fit-03-1.jpg","width":2048,"height":2048},{"@type":"BreadcrumbList","@id":"https:\/\/sbdapparel.lt\/product\/resolve-treniruociu-sortai-moterims\/#breadcrumb","itemListElement":[{"@type":"ListItem","position":1,"name":"Home","item":"https:\/\/sbdapparel.lt\/"},{"@type":"ListItem","position":2,"name":"Produktai","item":"https:\/\/sbdapparel.lt\/shop\/"},{"@type":"ListItem","position":3,"name":"RESOLVE TRENIRUO\u010cI\u0172 \u0160ORTAI MOTERIMS"}]},{"@type":"WebSite","@id":"https:\/\/sbdapparel.lt\/#website","url":"https:\/\/sbdapparel.lt\/","name":"SBD Apparel LT","description":"LIETUVA","publisher":{"@id":"https:\/\/sbdapparel.lt\/#organization"},"potentialAction":[{"@type":"SearchAction","target":{"@type":"EntryPoint","urlTemplate":"https:\/\/sbdapparel.lt\/?s={search_term_string}"},"query-input":{"@type":"PropertyValueSpecification","valueRequired":true,"valueName":"search_term_string"}}],"inLanguage":"en-US"},{"@type":"Organization","@id":"https:\/\/sbdapparel.lt\/#organization","name":"SBD Apparel LT","url":"https:\/\/sbdapparel.lt\/","logo":{"@type":"ImageObject","inLanguage":"en-US","@id":"https:\/\/sbdapparel.lt\/#\/schema\/logo\/image\/","url":"https:\/\/sbdapparel.lt\/wp-content\/uploads\/2023\/07\/cropped-SBD_Identity_OnDark_RGB.png","contentUrl":"https:\/\/sbdapparel.lt\/wp-content\/uploads\/2023\/07\/cropped-SBD_Identity_OnDark_RGB.png","width":1182,"height":515,"caption":"SBD Apparel LT"},"image":{"@id":"https:\/\/sbdapparel.lt\/#\/schema\/logo\/image\/"}}]}},"_links":{"self":[{"href":"https:\/\/sbdapparel.lt\/en\/wp-json\/wp\/v2\/product\/5296","targetHints":{"allow":["GET"]}}],"collection":[{"href":"https:\/\/sbdapparel.lt\/en\/wp-json\/wp\/v2\/product"}],"about":[{"href":"https:\/\/sbdapparel.lt\/en\/wp-json\/wp\/v2\/types\/product"}],"version-history":[{"count":1,"href":"https:\/\/sbdapparel.lt\/en\/wp-json\/wp\/v2\/product\/5296\/revisions"}],"predecessor-version":[{"id":5307,"href":"https:\/\/sbdapparel.lt\/en\/wp-json\/wp\/v2\/product\/5296\/revisions\/5307"}],"wp:featuredmedia":[{"embeddable":true,"href":"https:\/\/sbdapparel.lt\/en\/wp-json\/wp\/v2\/media\/5306"}],"wp:attachment":[{"href":"https:\/\/sbdapparel.lt\/en\/wp-json\/wp\/v2\/media?parent=5296"}],"wp:term":[{"taxonomy":"product_brand","embeddable":true,"href":"https:\/\/sbdapparel.lt\/en\/wp-json\/wp\/v2\/product_brand?post=5296"},{"taxonomy":"product_cat","embeddable":true,"href":"https:\/\/sbdapparel.lt\/en\/wp-json\/wp\/v2\/product_cat?post=5296"},{"taxonomy":"product_tag","embeddable":true,"href":"https:\/\/sbdapparel.lt\/en\/wp-json\/wp\/v2\/product_tag?post=5296"},{"taxonomy":"giftcard-category","embeddable":true,"href":"https:\/\/sbdapparel.lt\/en\/wp-json\/wp\/v2\/giftcard-category?post=5296"}],"curies":[{"name":"wp","href":"https:\/\/api.w.org\/{rel}","templated":true}]}}