{"id":5308,"date":"2025-11-08T12:09:09","date_gmt":"2025-11-08T09:09:09","guid":{"rendered":"https:\/\/sbdapparel.lt\/?post_type=product&#038;p=5308"},"modified":"2026-01-10T16:52:22","modified_gmt":"2026-01-10T13:52:22","slug":"resolve-treniruociu-sortai-vyrams","status":"publish","type":"product","link":"https:\/\/sbdapparel.lt\/en\/product\/resolve-treniruociu-sortai-vyrams\/","title":{"rendered":"RESOLVE TRENIRUO\u010cI\u0172 \u0160ORTAI VYRAMS"},"content":{"rendered":"<p>x<\/p>","protected":false},"excerpt":{"rendered":"<p>SBD Aspire \u0161ortai buvo sukurti bendradarbiaujant su j\u0117gos atletais, kad b\u016bt\u0173 patogiai priglud\u0119 ir atlaikyt\u0173 sunkiausias treniruotes. Visi\u0161kai pagamintas m\u016bs\u0173 b\u016bstin\u0117je \u0160efilde, Did\u017eiojoje Britanijoje, galima atsekti\u00a0 kiekvien\u0105 savo drabu\u017eio kelion\u0117s \u017eingsn\u012f per m\u016bs\u0173 gamybos \u012fmon\u0119.<\/p>\n<p>\u201eAspire\u201c yra riboto leidimo kolekcija, pasi\u017eyminti tokiomis pat savyb\u0117mis ir pagaminta pagal tokius pa\u010dius auk\u0161tus standartus kaip ir m\u016bs\u0173 klasikin\u0117 produkt\u0173 linija.<\/p>\n<p>Heavyweight loop-backed Good Earth Cotton\u00ae, knitted in Great Britain.<br \/>\nEmbroidered logo and branded draw cord cap-ends.<br \/>\nMen\u2019s fit with a 15.8cm inseam and concealed zip pocket.<br \/>\nWomen's fit with a 8.5cm inseam, curved hem and high waist.<br \/>\nSBD Traceability.<br \/>\nMade in Sheffield, Great Britain.<\/p>","protected":false},"featured_media":5318,"template":"","meta":[],"product_brand":[],"product_cat":[73,71],"product_tag":[],"giftcard-category":[],"class_list":{"0":"post-5308","1":"product","2":"type-product","3":"status-publish","4":"has-post-thumbnail","6":"product_cat-resolve","7":"product_cat-sortai","10":"outofstock","11":"shipping-taxable","12":"purchasable","13":"product-type-variable","14":"product-grid-view"},"yoast_head":"<!-- This site is optimized with the Yoast SEO plugin v26.9 - https:\/\/yoast.com\/product\/yoast-seo-wordpress\/ -->\n<title>RESOLVE TRENIRUO\u010cI\u0172 \u0160ORTAI VYRAMS - SBD Apparel LT<\/title>\n<meta name=\"robots\" content=\"index, follow, max-snippet:-1, max-image-preview:large, max-video-preview:-1\" \/>\n<link rel=\"canonical\" href=\"https:\/\/sbdapparel.lt\/en\/product\/resolve-treniruociu-sortai-vyrams\/\" \/>\n<meta property=\"og:locale\" content=\"en_US\" \/>\n<meta property=\"og:type\" content=\"article\" \/>\n<meta property=\"og:title\" content=\"RESOLVE TRENIRUO\u010cI\u0172 \u0160ORTAI VYRAMS - SBD Apparel LT\" \/>\n<meta property=\"og:description\" content=\"SBD Aspire \u0161ortai buvo sukurti bendradarbiaujant su j\u0117gos atletais, kad b\u016bt\u0173 patogiai priglud\u0119 ir atlaikyt\u0173 sunkiausias treniruotes. Visi\u0161kai pagamintas m\u016bs\u0173 b\u016bstin\u0117je \u0160efilde, Did\u017eiojoje Britanijoje, galima atsekti\u00a0 kiekvien\u0105 savo drabu\u017eio kelion\u0117s \u017eingsn\u012f per m\u016bs\u0173 gamybos \u012fmon\u0119.  \u201eAspire\u201c yra riboto leidimo kolekcija, pasi\u017eyminti tokiomis pat savyb\u0117mis ir pagaminta pagal tokius pa\u010dius auk\u0161tus standartus kaip ir m\u016bs\u0173 klasikin\u0117 produkt\u0173 linija.  Sunkus kilpinis Good Earth Cotton\u00ae, megztas Did\u017eiojoje Britanijoje. I\u0161siuvin\u0117tas logotipas ir firminiai u\u017etraukiam\u0173 virveli\u0173 antgaliai. Vyri\u0161ki drabu\u017eiai su 15,8 cm vidine si\u016ble ir pasl\u0117pta ki\u0161ene su u\u017etrauktuku. Moteri\u0161kos 8,5 cm si\u016bl\u0117s, lenktas apvadas ir auk\u0161tas juosmuo. SBD atsekamumas. Pagaminta \u0160efilde, Did\u017eiojoje Britanijoje.\" \/>\n<meta property=\"og:url\" content=\"https:\/\/sbdapparel.lt\/en\/product\/resolve-treniruociu-sortai-vyrams\/\" \/>\n<meta property=\"og:site_name\" content=\"SBD Apparel LT\" \/>\n<meta property=\"article:modified_time\" content=\"2026-01-10T13:52:22+00:00\" \/>\n<meta property=\"og:image\" content=\"https:\/\/sbdapparel.lt\/wp-content\/uploads\/2025\/11\/Training-Shorts-Mens-fit-01-1-1024x1024.jpg\" \/>\n\t<meta property=\"og:image:width\" content=\"1024\" \/>\n\t<meta property=\"og:image:height\" content=\"1024\" \/>\n\t<meta property=\"og:image:type\" content=\"image\/jpeg\" \/>\n<meta name=\"twitter:card\" content=\"summary_large_image\" \/>\n<script type=\"application\/ld+json\" class=\"yoast-schema-graph\">{\"@context\":\"https:\/\/schema.org\",\"@graph\":[{\"@type\":\"WebPage\",\"@id\":\"https:\/\/sbdapparel.lt\/product\/resolve-treniruociu-sortai-vyrams\/\",\"url\":\"https:\/\/sbdapparel.lt\/product\/resolve-treniruociu-sortai-vyrams\/\",\"name\":\"RESOLVE TRENIRUO\u010cI\u0172 \u0160ORTAI VYRAMS - SBD Apparel LT\",\"isPartOf\":{\"@id\":\"https:\/\/sbdapparel.lt\/#website\"},\"primaryImageOfPage\":{\"@id\":\"https:\/\/sbdapparel.lt\/product\/resolve-treniruociu-sortai-vyrams\/#primaryimage\"},\"image\":{\"@id\":\"https:\/\/sbdapparel.lt\/product\/resolve-treniruociu-sortai-vyrams\/#primaryimage\"},\"thumbnailUrl\":\"https:\/\/sbdapparel.lt\/wp-content\/uploads\/2025\/11\/Training-Shorts-Mens-fit-01-1.jpg\",\"datePublished\":\"2025-11-08T09:09:09+00:00\",\"dateModified\":\"2026-01-10T13:52:22+00:00\",\"breadcrumb\":{\"@id\":\"https:\/\/sbdapparel.lt\/product\/resolve-treniruociu-sortai-vyrams\/#breadcrumb\"},\"inLanguage\":\"en-US\",\"potentialAction\":[{\"@type\":\"ReadAction\",\"target\":[\"https:\/\/sbdapparel.lt\/product\/resolve-treniruociu-sortai-vyrams\/\"]}]},{\"@type\":\"ImageObject\",\"inLanguage\":\"en-US\",\"@id\":\"https:\/\/sbdapparel.lt\/product\/resolve-treniruociu-sortai-vyrams\/#primaryimage\",\"url\":\"https:\/\/sbdapparel.lt\/wp-content\/uploads\/2025\/11\/Training-Shorts-Mens-fit-01-1.jpg\",\"contentUrl\":\"https:\/\/sbdapparel.lt\/wp-content\/uploads\/2025\/11\/Training-Shorts-Mens-fit-01-1.jpg\",\"width\":2048,\"height\":2048},{\"@type\":\"BreadcrumbList\",\"@id\":\"https:\/\/sbdapparel.lt\/product\/resolve-treniruociu-sortai-vyrams\/#breadcrumb\",\"itemListElement\":[{\"@type\":\"ListItem\",\"position\":1,\"name\":\"Home\",\"item\":\"https:\/\/sbdapparel.lt\/\"},{\"@type\":\"ListItem\",\"position\":2,\"name\":\"Produktai\",\"item\":\"https:\/\/sbdapparel.lt\/shop\/\"},{\"@type\":\"ListItem\",\"position\":3,\"name\":\"RESOLVE TRENIRUO\u010cI\u0172 \u0160ORTAI VYRAMS\"}]},{\"@type\":\"WebSite\",\"@id\":\"https:\/\/sbdapparel.lt\/#website\",\"url\":\"https:\/\/sbdapparel.lt\/\",\"name\":\"SBD Apparel LT\",\"description\":\"LIETUVA\",\"publisher\":{\"@id\":\"https:\/\/sbdapparel.lt\/#organization\"},\"potentialAction\":[{\"@type\":\"SearchAction\",\"target\":{\"@type\":\"EntryPoint\",\"urlTemplate\":\"https:\/\/sbdapparel.lt\/?s={search_term_string}\"},\"query-input\":{\"@type\":\"PropertyValueSpecification\",\"valueRequired\":true,\"valueName\":\"search_term_string\"}}],\"inLanguage\":\"en-US\"},{\"@type\":\"Organization\",\"@id\":\"https:\/\/sbdapparel.lt\/#organization\",\"name\":\"SBD Apparel LT\",\"url\":\"https:\/\/sbdapparel.lt\/\",\"logo\":{\"@type\":\"ImageObject\",\"inLanguage\":\"en-US\",\"@id\":\"https:\/\/sbdapparel.lt\/#\/schema\/logo\/image\/\",\"url\":\"https:\/\/sbdapparel.lt\/wp-content\/uploads\/2023\/07\/cropped-SBD_Identity_OnDark_RGB.png\",\"contentUrl\":\"https:\/\/sbdapparel.lt\/wp-content\/uploads\/2023\/07\/cropped-SBD_Identity_OnDark_RGB.png\",\"width\":1182,\"height\":515,\"caption\":\"SBD Apparel LT\"},\"image\":{\"@id\":\"https:\/\/sbdapparel.lt\/#\/schema\/logo\/image\/\"}}]}<\/script>\n<!-- \/ Yoast SEO plugin. -->","yoast_head_json":{"title":"RESOLVE TRENIRUO\u010cI\u0172 \u0160ORTAI VYRAMS - SBD Apparel LT","robots":{"index":"index","follow":"follow","max-snippet":"max-snippet:-1","max-image-preview":"max-image-preview:large","max-video-preview":"max-video-preview:-1"},"canonical":"https:\/\/sbdapparel.lt\/en\/product\/resolve-treniruociu-sortai-vyrams\/","og_locale":"en_US","og_type":"article","og_title":"RESOLVE TRENIRUO\u010cI\u0172 \u0160ORTAI VYRAMS - SBD Apparel LT","og_description":"SBD Aspire \u0161ortai buvo sukurti bendradarbiaujant su j\u0117gos atletais, kad b\u016bt\u0173 patogiai priglud\u0119 ir atlaikyt\u0173 sunkiausias treniruotes. Visi\u0161kai pagamintas m\u016bs\u0173 b\u016bstin\u0117je \u0160efilde, Did\u017eiojoje Britanijoje, galima atsekti\u00a0 kiekvien\u0105 savo drabu\u017eio kelion\u0117s \u017eingsn\u012f per m\u016bs\u0173 gamybos \u012fmon\u0119.  \u201eAspire\u201c yra riboto leidimo kolekcija, pasi\u017eyminti tokiomis pat savyb\u0117mis ir pagaminta pagal tokius pa\u010dius auk\u0161tus standartus kaip ir m\u016bs\u0173 klasikin\u0117 produkt\u0173 linija.  Sunkus kilpinis Good Earth Cotton\u00ae, megztas Did\u017eiojoje Britanijoje. I\u0161siuvin\u0117tas logotipas ir firminiai u\u017etraukiam\u0173 virveli\u0173 antgaliai. Vyri\u0161ki drabu\u017eiai su 15,8 cm vidine si\u016ble ir pasl\u0117pta ki\u0161ene su u\u017etrauktuku. Moteri\u0161kos 8,5 cm si\u016bl\u0117s, lenktas apvadas ir auk\u0161tas juosmuo. SBD atsekamumas. Pagaminta \u0160efilde, Did\u017eiojoje Britanijoje.","og_url":"https:\/\/sbdapparel.lt\/en\/product\/resolve-treniruociu-sortai-vyrams\/","og_site_name":"SBD Apparel LT","article_modified_time":"2026-01-10T13:52:22+00:00","og_image":[{"width":1024,"height":1024,"url":"https:\/\/sbdapparel.lt\/wp-content\/uploads\/2025\/11\/Training-Shorts-Mens-fit-01-1-1024x1024.jpg","type":"image\/jpeg"}],"twitter_card":"summary_large_image","schema":{"@context":"https:\/\/schema.org","@graph":[{"@type":"WebPage","@id":"https:\/\/sbdapparel.lt\/product\/resolve-treniruociu-sortai-vyrams\/","url":"https:\/\/sbdapparel.lt\/product\/resolve-treniruociu-sortai-vyrams\/","name":"RESOLVE TRENIRUO\u010cI\u0172 \u0160ORTAI VYRAMS - SBD Apparel LT","isPartOf":{"@id":"https:\/\/sbdapparel.lt\/#website"},"primaryImageOfPage":{"@id":"https:\/\/sbdapparel.lt\/product\/resolve-treniruociu-sortai-vyrams\/#primaryimage"},"image":{"@id":"https:\/\/sbdapparel.lt\/product\/resolve-treniruociu-sortai-vyrams\/#primaryimage"},"thumbnailUrl":"https:\/\/sbdapparel.lt\/wp-content\/uploads\/2025\/11\/Training-Shorts-Mens-fit-01-1.jpg","datePublished":"2025-11-08T09:09:09+00:00","dateModified":"2026-01-10T13:52:22+00:00","breadcrumb":{"@id":"https:\/\/sbdapparel.lt\/product\/resolve-treniruociu-sortai-vyrams\/#breadcrumb"},"inLanguage":"en-US","potentialAction":[{"@type":"ReadAction","target":["https:\/\/sbdapparel.lt\/product\/resolve-treniruociu-sortai-vyrams\/"]}]},{"@type":"ImageObject","inLanguage":"en-US","@id":"https:\/\/sbdapparel.lt\/product\/resolve-treniruociu-sortai-vyrams\/#primaryimage","url":"https:\/\/sbdapparel.lt\/wp-content\/uploads\/2025\/11\/Training-Shorts-Mens-fit-01-1.jpg","contentUrl":"https:\/\/sbdapparel.lt\/wp-content\/uploads\/2025\/11\/Training-Shorts-Mens-fit-01-1.jpg","width":2048,"height":2048},{"@type":"BreadcrumbList","@id":"https:\/\/sbdapparel.lt\/product\/resolve-treniruociu-sortai-vyrams\/#breadcrumb","itemListElement":[{"@type":"ListItem","position":1,"name":"Home","item":"https:\/\/sbdapparel.lt\/"},{"@type":"ListItem","position":2,"name":"Produktai","item":"https:\/\/sbdapparel.lt\/shop\/"},{"@type":"ListItem","position":3,"name":"RESOLVE TRENIRUO\u010cI\u0172 \u0160ORTAI VYRAMS"}]},{"@type":"WebSite","@id":"https:\/\/sbdapparel.lt\/#website","url":"https:\/\/sbdapparel.lt\/","name":"SBD Apparel LT","description":"LIETUVA","publisher":{"@id":"https:\/\/sbdapparel.lt\/#organization"},"potentialAction":[{"@type":"SearchAction","target":{"@type":"EntryPoint","urlTemplate":"https:\/\/sbdapparel.lt\/?s={search_term_string}"},"query-input":{"@type":"PropertyValueSpecification","valueRequired":true,"valueName":"search_term_string"}}],"inLanguage":"en-US"},{"@type":"Organization","@id":"https:\/\/sbdapparel.lt\/#organization","name":"SBD Apparel LT","url":"https:\/\/sbdapparel.lt\/","logo":{"@type":"ImageObject","inLanguage":"en-US","@id":"https:\/\/sbdapparel.lt\/#\/schema\/logo\/image\/","url":"https:\/\/sbdapparel.lt\/wp-content\/uploads\/2023\/07\/cropped-SBD_Identity_OnDark_RGB.png","contentUrl":"https:\/\/sbdapparel.lt\/wp-content\/uploads\/2023\/07\/cropped-SBD_Identity_OnDark_RGB.png","width":1182,"height":515,"caption":"SBD Apparel LT"},"image":{"@id":"https:\/\/sbdapparel.lt\/#\/schema\/logo\/image\/"}}]}},"_links":{"self":[{"href":"https:\/\/sbdapparel.lt\/en\/wp-json\/wp\/v2\/product\/5308","targetHints":{"allow":["GET"]}}],"collection":[{"href":"https:\/\/sbdapparel.lt\/en\/wp-json\/wp\/v2\/product"}],"about":[{"href":"https:\/\/sbdapparel.lt\/en\/wp-json\/wp\/v2\/types\/product"}],"version-history":[{"count":1,"href":"https:\/\/sbdapparel.lt\/en\/wp-json\/wp\/v2\/product\/5308\/revisions"}],"predecessor-version":[{"id":5319,"href":"https:\/\/sbdapparel.lt\/en\/wp-json\/wp\/v2\/product\/5308\/revisions\/5319"}],"wp:featuredmedia":[{"embeddable":true,"href":"https:\/\/sbdapparel.lt\/en\/wp-json\/wp\/v2\/media\/5318"}],"wp:attachment":[{"href":"https:\/\/sbdapparel.lt\/en\/wp-json\/wp\/v2\/media?parent=5308"}],"wp:term":[{"taxonomy":"product_brand","embeddable":true,"href":"https:\/\/sbdapparel.lt\/en\/wp-json\/wp\/v2\/product_brand?post=5308"},{"taxonomy":"product_cat","embeddable":true,"href":"https:\/\/sbdapparel.lt\/en\/wp-json\/wp\/v2\/product_cat?post=5308"},{"taxonomy":"product_tag","embeddable":true,"href":"https:\/\/sbdapparel.lt\/en\/wp-json\/wp\/v2\/product_tag?post=5308"},{"taxonomy":"giftcard-category","embeddable":true,"href":"https:\/\/sbdapparel.lt\/en\/wp-json\/wp\/v2\/giftcard-category?post=5308"}],"curies":[{"name":"wp","href":"https:\/\/api.w.org\/{rel}","templated":true}]}}