{"id":5320,"date":"2025-11-08T12:10:50","date_gmt":"2025-11-08T09:10:50","guid":{"rendered":"https:\/\/sbdapparel.lt\/?post_type=product&#038;p=5320"},"modified":"2026-01-10T16:54:40","modified_gmt":"2026-01-10T13:54:40","slug":"resolve-sportines-kelnes","status":"publish","type":"product","link":"https:\/\/sbdapparel.lt\/en\/product\/resolve-sportines-kelnes\/","title":{"rendered":"RESOLVE SPORTIN\u0116S KELN\u0116S"},"content":{"rendered":"<p>x<\/p>","protected":false},"excerpt":{"rendered":"<p>The SBD Joggers have been designed in collaboration with strength athletes to offer a comfortable fit and endure the toughest training. Manufactured fully at our headquarters in Sheffield, Great Britain, trace each step of your garment\u2019s journey through our manufacturing facility.<\/p>\n<p>Resolve yra riboto leidimo kolekcija, pasi\u017eyminti tokiomis pat savyb\u0117mis ir pagaminta pagal tokius pa\u010dius auk\u0161tus standartus kaip ir m\u016bs\u0173 klasikin\u0117 produkt\u0173 linija.<\/p>\n<p>Heavyweight loop-backed Good Earth Cotton\u00ae, knitted in Great Britain.<br \/>\nEmbroidered logo and branded draw cord cap-ends.<br \/>\nConcealed zip pocket.<br \/>\nMen\u2019s fit features a 76cm inseam.<br \/>\nWomen's fit with a 75-82cm inseam depending on size (please refer to the size guide below for more information).<br \/>\nSBD Traceability.<br \/>\nMade in Sheffield, Great Britain.<\/p>","protected":false},"featured_media":5342,"template":"","meta":[],"product_brand":[],"product_cat":[70,73],"product_tag":[],"giftcard-category":[],"class_list":{"0":"post-5320","1":"product","2":"type-product","3":"status-publish","4":"has-post-thumbnail","6":"product_cat-kelnes","7":"product_cat-resolve","10":"instock","11":"shipping-taxable","12":"purchasable","13":"product-type-variable","14":"product-grid-view"},"yoast_head":"<!-- This site is optimized with the Yoast SEO plugin v26.9 - https:\/\/yoast.com\/product\/yoast-seo-wordpress\/ -->\n<title>RESOLVE SPORTIN\u0116S KELN\u0116S - SBD Apparel LT<\/title>\n<meta name=\"robots\" content=\"index, follow, max-snippet:-1, max-image-preview:large, max-video-preview:-1\" \/>\n<link rel=\"canonical\" href=\"https:\/\/sbdapparel.lt\/en\/product\/resolve-sportines-kelnes\/\" \/>\n<meta property=\"og:locale\" content=\"en_US\" \/>\n<meta property=\"og:type\" content=\"article\" \/>\n<meta property=\"og:title\" content=\"RESOLVE SPORTIN\u0116S KELN\u0116S - SBD Apparel LT\" \/>\n<meta property=\"og:description\" content=\"SBD Joggers buvo sukurtos bendradarbiaujant su j\u0117gos atletais, kad b\u016bt\u0173 patogiai priglud\u0119 ir atlaikyt\u0173 sunkiausias treniruotes. Visi\u0161kai pagamintas m\u016bs\u0173 b\u016bstin\u0117je \u0160efilde, Did\u017eiojoje Britanijoje, atsek kiekvien\u0105 savo drabu\u017eio kelion\u0117s \u017eingsn\u012f per m\u016bs\u0173 gamybos \u012fmon\u0119.  Resolve yra riboto leidimo kolekcija, pasi\u017eyminti tokiomis pat savyb\u0117mis ir pagaminta pagal tokius pa\u010dius auk\u0161tus standartus kaip ir m\u016bs\u0173 klasikin\u0117 produkt\u0173 linija.  Sunkus kilpinis Good Earth Cotton\u00ae, megztas Did\u017eiojoje Britanijoje. I\u0161siuvin\u0117tas logotipas ir firminiai u\u017etraukiam\u0173 virveli\u0173 antgaliai. Pasl\u0117pta ki\u0161en\u0117 su u\u017etrauktuku. Vyri\u0161kas modelis turi 76 cm vidin\u0119 si\u016bl\u0119. Moteri\u0161kas modelis su 75\u201382 cm vidine si\u016ble, priklausomai nuo dyd\u017eio (daugiau informacijos rasite toliau pateiktame dyd\u017ei\u0173 vadove). SBD atsekamumas. Pagaminta \u0160efilde, Did\u017eiojoje Britanijoje.\" \/>\n<meta property=\"og:url\" content=\"https:\/\/sbdapparel.lt\/en\/product\/resolve-sportines-kelnes\/\" \/>\n<meta property=\"og:site_name\" content=\"SBD Apparel LT\" \/>\n<meta property=\"article:modified_time\" content=\"2026-01-10T13:54:40+00:00\" \/>\n<meta property=\"og:image\" content=\"https:\/\/sbdapparel.lt\/wp-content\/uploads\/2025\/11\/Joggers-Men-01-1024x1024.jpg\" \/>\n\t<meta property=\"og:image:width\" content=\"1024\" \/>\n\t<meta property=\"og:image:height\" content=\"1024\" \/>\n\t<meta property=\"og:image:type\" content=\"image\/jpeg\" \/>\n<meta name=\"twitter:card\" content=\"summary_large_image\" \/>\n<script type=\"application\/ld+json\" class=\"yoast-schema-graph\">{\"@context\":\"https:\/\/schema.org\",\"@graph\":[{\"@type\":\"WebPage\",\"@id\":\"https:\/\/sbdapparel.lt\/product\/resolve-sportines-kelnes\/\",\"url\":\"https:\/\/sbdapparel.lt\/product\/resolve-sportines-kelnes\/\",\"name\":\"RESOLVE SPORTIN\u0116S KELN\u0116S - SBD Apparel LT\",\"isPartOf\":{\"@id\":\"https:\/\/sbdapparel.lt\/#website\"},\"primaryImageOfPage\":{\"@id\":\"https:\/\/sbdapparel.lt\/product\/resolve-sportines-kelnes\/#primaryimage\"},\"image\":{\"@id\":\"https:\/\/sbdapparel.lt\/product\/resolve-sportines-kelnes\/#primaryimage\"},\"thumbnailUrl\":\"https:\/\/sbdapparel.lt\/wp-content\/uploads\/2025\/11\/Joggers-Men-01.jpg\",\"datePublished\":\"2025-11-08T09:10:50+00:00\",\"dateModified\":\"2026-01-10T13:54:40+00:00\",\"breadcrumb\":{\"@id\":\"https:\/\/sbdapparel.lt\/product\/resolve-sportines-kelnes\/#breadcrumb\"},\"inLanguage\":\"en-US\",\"potentialAction\":[{\"@type\":\"ReadAction\",\"target\":[\"https:\/\/sbdapparel.lt\/product\/resolve-sportines-kelnes\/\"]}]},{\"@type\":\"ImageObject\",\"inLanguage\":\"en-US\",\"@id\":\"https:\/\/sbdapparel.lt\/product\/resolve-sportines-kelnes\/#primaryimage\",\"url\":\"https:\/\/sbdapparel.lt\/wp-content\/uploads\/2025\/11\/Joggers-Men-01.jpg\",\"contentUrl\":\"https:\/\/sbdapparel.lt\/wp-content\/uploads\/2025\/11\/Joggers-Men-01.jpg\",\"width\":2048,\"height\":2048},{\"@type\":\"BreadcrumbList\",\"@id\":\"https:\/\/sbdapparel.lt\/product\/resolve-sportines-kelnes\/#breadcrumb\",\"itemListElement\":[{\"@type\":\"ListItem\",\"position\":1,\"name\":\"Home\",\"item\":\"https:\/\/sbdapparel.lt\/\"},{\"@type\":\"ListItem\",\"position\":2,\"name\":\"Produktai\",\"item\":\"https:\/\/sbdapparel.lt\/shop\/\"},{\"@type\":\"ListItem\",\"position\":3,\"name\":\"RESOLVE SPORTIN\u0116S KELN\u0116S\"}]},{\"@type\":\"WebSite\",\"@id\":\"https:\/\/sbdapparel.lt\/#website\",\"url\":\"https:\/\/sbdapparel.lt\/\",\"name\":\"SBD Apparel LT\",\"description\":\"LIETUVA\",\"publisher\":{\"@id\":\"https:\/\/sbdapparel.lt\/#organization\"},\"potentialAction\":[{\"@type\":\"SearchAction\",\"target\":{\"@type\":\"EntryPoint\",\"urlTemplate\":\"https:\/\/sbdapparel.lt\/?s={search_term_string}\"},\"query-input\":{\"@type\":\"PropertyValueSpecification\",\"valueRequired\":true,\"valueName\":\"search_term_string\"}}],\"inLanguage\":\"en-US\"},{\"@type\":\"Organization\",\"@id\":\"https:\/\/sbdapparel.lt\/#organization\",\"name\":\"SBD Apparel LT\",\"url\":\"https:\/\/sbdapparel.lt\/\",\"logo\":{\"@type\":\"ImageObject\",\"inLanguage\":\"en-US\",\"@id\":\"https:\/\/sbdapparel.lt\/#\/schema\/logo\/image\/\",\"url\":\"https:\/\/sbdapparel.lt\/wp-content\/uploads\/2023\/07\/cropped-SBD_Identity_OnDark_RGB.png\",\"contentUrl\":\"https:\/\/sbdapparel.lt\/wp-content\/uploads\/2023\/07\/cropped-SBD_Identity_OnDark_RGB.png\",\"width\":1182,\"height\":515,\"caption\":\"SBD Apparel LT\"},\"image\":{\"@id\":\"https:\/\/sbdapparel.lt\/#\/schema\/logo\/image\/\"}}]}<\/script>\n<!-- \/ Yoast SEO plugin. -->","yoast_head_json":{"title":"RESOLVE SPORTIN\u0116S KELN\u0116S - SBD Apparel LT","robots":{"index":"index","follow":"follow","max-snippet":"max-snippet:-1","max-image-preview":"max-image-preview:large","max-video-preview":"max-video-preview:-1"},"canonical":"https:\/\/sbdapparel.lt\/en\/product\/resolve-sportines-kelnes\/","og_locale":"en_US","og_type":"article","og_title":"RESOLVE SPORTIN\u0116S KELN\u0116S - SBD Apparel LT","og_description":"SBD Joggers buvo sukurtos bendradarbiaujant su j\u0117gos atletais, kad b\u016bt\u0173 patogiai priglud\u0119 ir atlaikyt\u0173 sunkiausias treniruotes. Visi\u0161kai pagamintas m\u016bs\u0173 b\u016bstin\u0117je \u0160efilde, Did\u017eiojoje Britanijoje, atsek kiekvien\u0105 savo drabu\u017eio kelion\u0117s \u017eingsn\u012f per m\u016bs\u0173 gamybos \u012fmon\u0119.  Resolve yra riboto leidimo kolekcija, pasi\u017eyminti tokiomis pat savyb\u0117mis ir pagaminta pagal tokius pa\u010dius auk\u0161tus standartus kaip ir m\u016bs\u0173 klasikin\u0117 produkt\u0173 linija.  Sunkus kilpinis Good Earth Cotton\u00ae, megztas Did\u017eiojoje Britanijoje. I\u0161siuvin\u0117tas logotipas ir firminiai u\u017etraukiam\u0173 virveli\u0173 antgaliai. Pasl\u0117pta ki\u0161en\u0117 su u\u017etrauktuku. Vyri\u0161kas modelis turi 76 cm vidin\u0119 si\u016bl\u0119. Moteri\u0161kas modelis su 75\u201382 cm vidine si\u016ble, priklausomai nuo dyd\u017eio (daugiau informacijos rasite toliau pateiktame dyd\u017ei\u0173 vadove). SBD atsekamumas. Pagaminta \u0160efilde, Did\u017eiojoje Britanijoje.","og_url":"https:\/\/sbdapparel.lt\/en\/product\/resolve-sportines-kelnes\/","og_site_name":"SBD Apparel LT","article_modified_time":"2026-01-10T13:54:40+00:00","og_image":[{"width":1024,"height":1024,"url":"https:\/\/sbdapparel.lt\/wp-content\/uploads\/2025\/11\/Joggers-Men-01-1024x1024.jpg","type":"image\/jpeg"}],"twitter_card":"summary_large_image","schema":{"@context":"https:\/\/schema.org","@graph":[{"@type":"WebPage","@id":"https:\/\/sbdapparel.lt\/product\/resolve-sportines-kelnes\/","url":"https:\/\/sbdapparel.lt\/product\/resolve-sportines-kelnes\/","name":"RESOLVE SPORTIN\u0116S KELN\u0116S - SBD Apparel LT","isPartOf":{"@id":"https:\/\/sbdapparel.lt\/#website"},"primaryImageOfPage":{"@id":"https:\/\/sbdapparel.lt\/product\/resolve-sportines-kelnes\/#primaryimage"},"image":{"@id":"https:\/\/sbdapparel.lt\/product\/resolve-sportines-kelnes\/#primaryimage"},"thumbnailUrl":"https:\/\/sbdapparel.lt\/wp-content\/uploads\/2025\/11\/Joggers-Men-01.jpg","datePublished":"2025-11-08T09:10:50+00:00","dateModified":"2026-01-10T13:54:40+00:00","breadcrumb":{"@id":"https:\/\/sbdapparel.lt\/product\/resolve-sportines-kelnes\/#breadcrumb"},"inLanguage":"en-US","potentialAction":[{"@type":"ReadAction","target":["https:\/\/sbdapparel.lt\/product\/resolve-sportines-kelnes\/"]}]},{"@type":"ImageObject","inLanguage":"en-US","@id":"https:\/\/sbdapparel.lt\/product\/resolve-sportines-kelnes\/#primaryimage","url":"https:\/\/sbdapparel.lt\/wp-content\/uploads\/2025\/11\/Joggers-Men-01.jpg","contentUrl":"https:\/\/sbdapparel.lt\/wp-content\/uploads\/2025\/11\/Joggers-Men-01.jpg","width":2048,"height":2048},{"@type":"BreadcrumbList","@id":"https:\/\/sbdapparel.lt\/product\/resolve-sportines-kelnes\/#breadcrumb","itemListElement":[{"@type":"ListItem","position":1,"name":"Home","item":"https:\/\/sbdapparel.lt\/"},{"@type":"ListItem","position":2,"name":"Produktai","item":"https:\/\/sbdapparel.lt\/shop\/"},{"@type":"ListItem","position":3,"name":"RESOLVE SPORTIN\u0116S KELN\u0116S"}]},{"@type":"WebSite","@id":"https:\/\/sbdapparel.lt\/#website","url":"https:\/\/sbdapparel.lt\/","name":"SBD Apparel LT","description":"LIETUVA","publisher":{"@id":"https:\/\/sbdapparel.lt\/#organization"},"potentialAction":[{"@type":"SearchAction","target":{"@type":"EntryPoint","urlTemplate":"https:\/\/sbdapparel.lt\/?s={search_term_string}"},"query-input":{"@type":"PropertyValueSpecification","valueRequired":true,"valueName":"search_term_string"}}],"inLanguage":"en-US"},{"@type":"Organization","@id":"https:\/\/sbdapparel.lt\/#organization","name":"SBD Apparel LT","url":"https:\/\/sbdapparel.lt\/","logo":{"@type":"ImageObject","inLanguage":"en-US","@id":"https:\/\/sbdapparel.lt\/#\/schema\/logo\/image\/","url":"https:\/\/sbdapparel.lt\/wp-content\/uploads\/2023\/07\/cropped-SBD_Identity_OnDark_RGB.png","contentUrl":"https:\/\/sbdapparel.lt\/wp-content\/uploads\/2023\/07\/cropped-SBD_Identity_OnDark_RGB.png","width":1182,"height":515,"caption":"SBD Apparel LT"},"image":{"@id":"https:\/\/sbdapparel.lt\/#\/schema\/logo\/image\/"}}]}},"_links":{"self":[{"href":"https:\/\/sbdapparel.lt\/en\/wp-json\/wp\/v2\/product\/5320","targetHints":{"allow":["GET"]}}],"collection":[{"href":"https:\/\/sbdapparel.lt\/en\/wp-json\/wp\/v2\/product"}],"about":[{"href":"https:\/\/sbdapparel.lt\/en\/wp-json\/wp\/v2\/types\/product"}],"version-history":[{"count":1,"href":"https:\/\/sbdapparel.lt\/en\/wp-json\/wp\/v2\/product\/5320\/revisions"}],"predecessor-version":[{"id":5343,"href":"https:\/\/sbdapparel.lt\/en\/wp-json\/wp\/v2\/product\/5320\/revisions\/5343"}],"wp:featuredmedia":[{"embeddable":true,"href":"https:\/\/sbdapparel.lt\/en\/wp-json\/wp\/v2\/media\/5342"}],"wp:attachment":[{"href":"https:\/\/sbdapparel.lt\/en\/wp-json\/wp\/v2\/media?parent=5320"}],"wp:term":[{"taxonomy":"product_brand","embeddable":true,"href":"https:\/\/sbdapparel.lt\/en\/wp-json\/wp\/v2\/product_brand?post=5320"},{"taxonomy":"product_cat","embeddable":true,"href":"https:\/\/sbdapparel.lt\/en\/wp-json\/wp\/v2\/product_cat?post=5320"},{"taxonomy":"product_tag","embeddable":true,"href":"https:\/\/sbdapparel.lt\/en\/wp-json\/wp\/v2\/product_tag?post=5320"},{"taxonomy":"giftcard-category","embeddable":true,"href":"https:\/\/sbdapparel.lt\/en\/wp-json\/wp\/v2\/giftcard-category?post=5320"}],"curies":[{"name":"wp","href":"https:\/\/api.w.org\/{rel}","templated":true}]}}