{"id":5344,"date":"2025-11-08T12:14:05","date_gmt":"2025-11-08T09:14:05","guid":{"rendered":"https:\/\/sbdapparel.lt\/?post_type=product&#038;p=5344"},"modified":"2026-03-06T16:47:05","modified_gmt":"2026-03-06T13:47:05","slug":"resolve-singletas","status":"publish","type":"product","link":"https:\/\/sbdapparel.lt\/en\/product\/resolve-singletas\/","title":{"rendered":"RESOLVE POWERLIFTING SINGLETAS"},"content":{"rendered":"","protected":false},"excerpt":{"rendered":"<p>A tailored fit for both men and women, developed through collaboration with world class athletes. Built with a heavyweight, durable, and breathable fabric developed in Great Britain.<\/p>\n<p>Resolve yra riboto leidimo kolekcija, pasi\u017eyminti tokiomis pat savyb\u0117mis ir pagaminta pagal tokius pa\u010dius auk\u0161tus standartus kaip ir m\u016bs\u0173 klasikin\u0117 produkt\u0173 linija.<\/p>\n<p>Constructed from heavyweight 350gm double jersey fabric.<br \/>\nManufactured with Meryl\u00ae and Lycra\u00ae fibres to stay soft and breathable, while providing durability and compression.<br \/>\nIPF approved and USAPL, USPA and IWF compliant<br \/>\nMade in Sheffield, Great Britain.<\/p>","protected":false},"featured_media":5360,"template":"","meta":[],"product_brand":[],"product_cat":[73,47],"product_tag":[],"giftcard-category":[],"class_list":{"0":"post-5344","1":"product","2":"type-product","3":"status-publish","4":"has-post-thumbnail","6":"product_cat-resolve","7":"product_cat-singletai","10":"instock","11":"shipping-taxable","12":"purchasable","13":"product-type-variable","14":"product-grid-view"},"yoast_head":"<!-- This site is optimized with the Yoast SEO plugin v26.9 - https:\/\/yoast.com\/product\/yoast-seo-wordpress\/ -->\n<title>RESOLVE POWERLIFTING SINGLETAS - SBD Apparel LT<\/title>\n<meta name=\"robots\" content=\"index, follow, max-snippet:-1, max-image-preview:large, max-video-preview:-1\" \/>\n<link rel=\"canonical\" href=\"https:\/\/sbdapparel.lt\/en\/product\/resolve-singletas\/\" \/>\n<meta property=\"og:locale\" content=\"en_US\" \/>\n<meta property=\"og:type\" content=\"article\" \/>\n<meta property=\"og:title\" content=\"RESOLVE POWERLIFTING SINGLETAS - SBD Apparel LT\" \/>\n<meta property=\"og:description\" content=\"Pritaikytas tiek vyrams, tiek moterims, sukurtas bendradarbiaujant su pasaulinio lygio sportininkais. Pagaminta i\u0161 tvirto, patvaraus ir kv\u0117puojan\u010dio audinio, sukurto Did\u017eiojoje Britanijoje.  Resolve yra riboto leidimo kolekcija, pasi\u017eyminti tokiomis pat savyb\u0117mis ir pagaminta pagal tokius pa\u010dius auk\u0161tus standartus kaip ir m\u016bs\u0173 klasikin\u0117 produkt\u0173 linija.  Pagaminta i\u0161 tvirto 350gm dvigubo trikota\u017eo audinio. Pagaminta i\u0161 Meryl\u00ae ir Lycra\u00ae pluo\u0161t\u0173, kad i\u0161likt\u0173 mink\u0161ti ir pralaid\u016bs orui, kartu u\u017etikrint\u0173 patvarum\u0105 ir suspaudim\u0105. IPF patvirtintas ir atitinkantis IWF. Pagaminta \u0160efilde, Did\u017eiojoje Britanijoje.\" \/>\n<meta property=\"og:url\" content=\"https:\/\/sbdapparel.lt\/en\/product\/resolve-singletas\/\" \/>\n<meta property=\"og:site_name\" content=\"SBD Apparel LT\" \/>\n<meta property=\"article:modified_time\" content=\"2026-03-06T13:47:05+00:00\" \/>\n<meta property=\"og:image\" content=\"https:\/\/sbdapparel.lt\/wp-content\/uploads\/2025\/11\/Powerlifting-SInglet-Men-01-1024x1024.jpg\" \/>\n\t<meta property=\"og:image:width\" content=\"1024\" \/>\n\t<meta property=\"og:image:height\" content=\"1024\" \/>\n\t<meta property=\"og:image:type\" content=\"image\/jpeg\" \/>\n<meta name=\"twitter:card\" content=\"summary_large_image\" \/>\n<script type=\"application\/ld+json\" class=\"yoast-schema-graph\">{\"@context\":\"https:\/\/schema.org\",\"@graph\":[{\"@type\":\"WebPage\",\"@id\":\"https:\/\/sbdapparel.lt\/en\/product\/resolve-singletas\/\",\"url\":\"https:\/\/sbdapparel.lt\/en\/product\/resolve-singletas\/\",\"name\":\"RESOLVE POWERLIFTING SINGLETAS - SBD Apparel LT\",\"isPartOf\":{\"@id\":\"https:\/\/sbdapparel.lt\/#website\"},\"primaryImageOfPage\":{\"@id\":\"https:\/\/sbdapparel.lt\/en\/product\/resolve-singletas\/#primaryimage\"},\"image\":{\"@id\":\"https:\/\/sbdapparel.lt\/en\/product\/resolve-singletas\/#primaryimage\"},\"thumbnailUrl\":\"https:\/\/sbdapparel.lt\/wp-content\/uploads\/2025\/11\/Powerlifting-SInglet-Men-01.jpg\",\"datePublished\":\"2025-11-08T09:14:05+00:00\",\"dateModified\":\"2026-03-06T13:47:05+00:00\",\"breadcrumb\":{\"@id\":\"https:\/\/sbdapparel.lt\/en\/product\/resolve-singletas\/#breadcrumb\"},\"inLanguage\":\"en-US\",\"potentialAction\":[{\"@type\":\"ReadAction\",\"target\":[\"https:\/\/sbdapparel.lt\/en\/product\/resolve-singletas\/\"]}]},{\"@type\":\"ImageObject\",\"inLanguage\":\"en-US\",\"@id\":\"https:\/\/sbdapparel.lt\/en\/product\/resolve-singletas\/#primaryimage\",\"url\":\"https:\/\/sbdapparel.lt\/wp-content\/uploads\/2025\/11\/Powerlifting-SInglet-Men-01.jpg\",\"contentUrl\":\"https:\/\/sbdapparel.lt\/wp-content\/uploads\/2025\/11\/Powerlifting-SInglet-Men-01.jpg\",\"width\":2048,\"height\":2048},{\"@type\":\"BreadcrumbList\",\"@id\":\"https:\/\/sbdapparel.lt\/en\/product\/resolve-singletas\/#breadcrumb\",\"itemListElement\":[{\"@type\":\"ListItem\",\"position\":1,\"name\":\"Home\",\"item\":\"https:\/\/sbdapparel.lt\/\"},{\"@type\":\"ListItem\",\"position\":2,\"name\":\"Produktai\",\"item\":\"https:\/\/sbdapparel.lt\/shop\/\"},{\"@type\":\"ListItem\",\"position\":3,\"name\":\"RESOLVE POWERLIFTING SINGLETAS\"}]},{\"@type\":\"WebSite\",\"@id\":\"https:\/\/sbdapparel.lt\/#website\",\"url\":\"https:\/\/sbdapparel.lt\/\",\"name\":\"SBD Apparel LT\",\"description\":\"LIETUVA\",\"publisher\":{\"@id\":\"https:\/\/sbdapparel.lt\/#organization\"},\"potentialAction\":[{\"@type\":\"SearchAction\",\"target\":{\"@type\":\"EntryPoint\",\"urlTemplate\":\"https:\/\/sbdapparel.lt\/?s={search_term_string}\"},\"query-input\":{\"@type\":\"PropertyValueSpecification\",\"valueRequired\":true,\"valueName\":\"search_term_string\"}}],\"inLanguage\":\"en-US\"},{\"@type\":\"Organization\",\"@id\":\"https:\/\/sbdapparel.lt\/#organization\",\"name\":\"SBD Apparel LT\",\"url\":\"https:\/\/sbdapparel.lt\/\",\"logo\":{\"@type\":\"ImageObject\",\"inLanguage\":\"en-US\",\"@id\":\"https:\/\/sbdapparel.lt\/#\/schema\/logo\/image\/\",\"url\":\"https:\/\/sbdapparel.lt\/wp-content\/uploads\/2023\/07\/cropped-SBD_Identity_OnDark_RGB.png\",\"contentUrl\":\"https:\/\/sbdapparel.lt\/wp-content\/uploads\/2023\/07\/cropped-SBD_Identity_OnDark_RGB.png\",\"width\":1182,\"height\":515,\"caption\":\"SBD Apparel LT\"},\"image\":{\"@id\":\"https:\/\/sbdapparel.lt\/#\/schema\/logo\/image\/\"}}]}<\/script>\n<!-- \/ Yoast SEO plugin. -->","yoast_head_json":{"title":"RESOLVE POWERLIFTING SINGLETAS - SBD Apparel LT","robots":{"index":"index","follow":"follow","max-snippet":"max-snippet:-1","max-image-preview":"max-image-preview:large","max-video-preview":"max-video-preview:-1"},"canonical":"https:\/\/sbdapparel.lt\/en\/product\/resolve-singletas\/","og_locale":"en_US","og_type":"article","og_title":"RESOLVE POWERLIFTING SINGLETAS - SBD Apparel LT","og_description":"Pritaikytas tiek vyrams, tiek moterims, sukurtas bendradarbiaujant su pasaulinio lygio sportininkais. Pagaminta i\u0161 tvirto, patvaraus ir kv\u0117puojan\u010dio audinio, sukurto Did\u017eiojoje Britanijoje.  Resolve yra riboto leidimo kolekcija, pasi\u017eyminti tokiomis pat savyb\u0117mis ir pagaminta pagal tokius pa\u010dius auk\u0161tus standartus kaip ir m\u016bs\u0173 klasikin\u0117 produkt\u0173 linija.  Pagaminta i\u0161 tvirto 350gm dvigubo trikota\u017eo audinio. Pagaminta i\u0161 Meryl\u00ae ir Lycra\u00ae pluo\u0161t\u0173, kad i\u0161likt\u0173 mink\u0161ti ir pralaid\u016bs orui, kartu u\u017etikrint\u0173 patvarum\u0105 ir suspaudim\u0105. IPF patvirtintas ir atitinkantis IWF. Pagaminta \u0160efilde, Did\u017eiojoje Britanijoje.","og_url":"https:\/\/sbdapparel.lt\/en\/product\/resolve-singletas\/","og_site_name":"SBD Apparel LT","article_modified_time":"2026-03-06T13:47:05+00:00","og_image":[{"width":1024,"height":1024,"url":"https:\/\/sbdapparel.lt\/wp-content\/uploads\/2025\/11\/Powerlifting-SInglet-Men-01-1024x1024.jpg","type":"image\/jpeg"}],"twitter_card":"summary_large_image","schema":{"@context":"https:\/\/schema.org","@graph":[{"@type":"WebPage","@id":"https:\/\/sbdapparel.lt\/en\/product\/resolve-singletas\/","url":"https:\/\/sbdapparel.lt\/en\/product\/resolve-singletas\/","name":"RESOLVE POWERLIFTING SINGLETAS - SBD Apparel LT","isPartOf":{"@id":"https:\/\/sbdapparel.lt\/#website"},"primaryImageOfPage":{"@id":"https:\/\/sbdapparel.lt\/en\/product\/resolve-singletas\/#primaryimage"},"image":{"@id":"https:\/\/sbdapparel.lt\/en\/product\/resolve-singletas\/#primaryimage"},"thumbnailUrl":"https:\/\/sbdapparel.lt\/wp-content\/uploads\/2025\/11\/Powerlifting-SInglet-Men-01.jpg","datePublished":"2025-11-08T09:14:05+00:00","dateModified":"2026-03-06T13:47:05+00:00","breadcrumb":{"@id":"https:\/\/sbdapparel.lt\/en\/product\/resolve-singletas\/#breadcrumb"},"inLanguage":"en-US","potentialAction":[{"@type":"ReadAction","target":["https:\/\/sbdapparel.lt\/en\/product\/resolve-singletas\/"]}]},{"@type":"ImageObject","inLanguage":"en-US","@id":"https:\/\/sbdapparel.lt\/en\/product\/resolve-singletas\/#primaryimage","url":"https:\/\/sbdapparel.lt\/wp-content\/uploads\/2025\/11\/Powerlifting-SInglet-Men-01.jpg","contentUrl":"https:\/\/sbdapparel.lt\/wp-content\/uploads\/2025\/11\/Powerlifting-SInglet-Men-01.jpg","width":2048,"height":2048},{"@type":"BreadcrumbList","@id":"https:\/\/sbdapparel.lt\/en\/product\/resolve-singletas\/#breadcrumb","itemListElement":[{"@type":"ListItem","position":1,"name":"Home","item":"https:\/\/sbdapparel.lt\/"},{"@type":"ListItem","position":2,"name":"Produktai","item":"https:\/\/sbdapparel.lt\/shop\/"},{"@type":"ListItem","position":3,"name":"RESOLVE POWERLIFTING SINGLETAS"}]},{"@type":"WebSite","@id":"https:\/\/sbdapparel.lt\/#website","url":"https:\/\/sbdapparel.lt\/","name":"SBD Apparel LT","description":"LIETUVA","publisher":{"@id":"https:\/\/sbdapparel.lt\/#organization"},"potentialAction":[{"@type":"SearchAction","target":{"@type":"EntryPoint","urlTemplate":"https:\/\/sbdapparel.lt\/?s={search_term_string}"},"query-input":{"@type":"PropertyValueSpecification","valueRequired":true,"valueName":"search_term_string"}}],"inLanguage":"en-US"},{"@type":"Organization","@id":"https:\/\/sbdapparel.lt\/#organization","name":"SBD Apparel LT","url":"https:\/\/sbdapparel.lt\/","logo":{"@type":"ImageObject","inLanguage":"en-US","@id":"https:\/\/sbdapparel.lt\/#\/schema\/logo\/image\/","url":"https:\/\/sbdapparel.lt\/wp-content\/uploads\/2023\/07\/cropped-SBD_Identity_OnDark_RGB.png","contentUrl":"https:\/\/sbdapparel.lt\/wp-content\/uploads\/2023\/07\/cropped-SBD_Identity_OnDark_RGB.png","width":1182,"height":515,"caption":"SBD Apparel LT"},"image":{"@id":"https:\/\/sbdapparel.lt\/#\/schema\/logo\/image\/"}}]}},"_links":{"self":[{"href":"https:\/\/sbdapparel.lt\/en\/wp-json\/wp\/v2\/product\/5344","targetHints":{"allow":["GET"]}}],"collection":[{"href":"https:\/\/sbdapparel.lt\/en\/wp-json\/wp\/v2\/product"}],"about":[{"href":"https:\/\/sbdapparel.lt\/en\/wp-json\/wp\/v2\/types\/product"}],"version-history":[{"count":2,"href":"https:\/\/sbdapparel.lt\/en\/wp-json\/wp\/v2\/product\/5344\/revisions"}],"predecessor-version":[{"id":5708,"href":"https:\/\/sbdapparel.lt\/en\/wp-json\/wp\/v2\/product\/5344\/revisions\/5708"}],"wp:featuredmedia":[{"embeddable":true,"href":"https:\/\/sbdapparel.lt\/en\/wp-json\/wp\/v2\/media\/5360"}],"wp:attachment":[{"href":"https:\/\/sbdapparel.lt\/en\/wp-json\/wp\/v2\/media?parent=5344"}],"wp:term":[{"taxonomy":"product_brand","embeddable":true,"href":"https:\/\/sbdapparel.lt\/en\/wp-json\/wp\/v2\/product_brand?post=5344"},{"taxonomy":"product_cat","embeddable":true,"href":"https:\/\/sbdapparel.lt\/en\/wp-json\/wp\/v2\/product_cat?post=5344"},{"taxonomy":"product_tag","embeddable":true,"href":"https:\/\/sbdapparel.lt\/en\/wp-json\/wp\/v2\/product_tag?post=5344"},{"taxonomy":"giftcard-category","embeddable":true,"href":"https:\/\/sbdapparel.lt\/en\/wp-json\/wp\/v2\/giftcard-category?post=5344"}],"curies":[{"name":"wp","href":"https:\/\/api.w.org\/{rel}","templated":true}]}}