{"id":5362,"date":"2025-11-08T12:16:50","date_gmt":"2025-11-08T09:16:50","guid":{"rendered":"https:\/\/sbdapparel.lt\/?post_type=product&#038;p=5362"},"modified":"2026-01-10T17:06:22","modified_gmt":"2026-01-10T14:06:22","slug":"resolve-sunkiosios-atletikos-singletas","status":"publish","type":"product","link":"https:\/\/sbdapparel.lt\/en\/product\/resolve-sunkiosios-atletikos-singletas\/","title":{"rendered":"RESOLVE SUNKIOSIOS ATLETIKOS SINGLETAS"},"content":{"rendered":"<p id=\"tw-target-text\" class=\"tw-data-text tw-text-large tw-ta\" dir=\"ltr\" tabindex=\"-1\" role=\"text\" data-placeholder=\"Vertimas\" data-ved=\"2ahUKEwj0_PyjrLWQAxVORPEDHZfBFIgQ3ewLegQICxAV\" aria-label=\"I\u0161verstas tekstas: Pritaikytas tiek vyrams, tiek moterims, sukurtas bendradarbiaujant su pasaulinio lygio sportininkais. Pagaminta i\u0161 unikali\u0173 audini\u0173, sukurt\u0173 specialiai svorio kilnojimui. Kont\u016brinis skydelio dizainas, u\u017etikrinantis jud\u0117jimo laisv\u0119. Sustiprintos kr\u016btin\u0117s ir keturkamp\u0117s plok\u0161t\u0117s su trin\u010diai atsparia Cordura\u00ae med\u017eiaga. I\u0161or\u0117 ir mink\u0161tesn\u0117 med\u017eiaga, u\u017etikrinanti patog\u0173 kontakt\u0105 su oda. Pagaminta i\u0161 Meryl\u00ae, poliesterio ir Lycra\u00ae, kad i\u0161laikyt\u0173 form\u0105 ir pad\u0117t\u0173 valdyti dr\u0117gm\u0119. Silikonin\u0117s koj\u0173 tampr\u0117s, neleid\u017eian\u010dios kostiumui pakilti kojomis. Lygios plok\u0161\u010dios si\u016bl\u0117s ir tamprios plok\u0161t\u0117s, kad pa\u0161alintum\u0117te dirginim\u0105. Suderinamas su IWF. Pagaminta \u0160efilde, Did\u017eiojoje Britanijoje.\"><span class=\"Y2IQFc\" lang=\"lt\">Pritaikytas tiek vyrams, tiek moterims, sukurtas bendradarbiaujant su pasaulinio lygio sportininkais.<\/span>Pagaminta i\u0161 unikali\u0173 audini\u0173, sukurt\u0173 specialiai svorio kilnojimui. Kont\u016brinis skydelio dizainas, u\u017etikrinantis jud\u0117jimo laisv\u0119.<\/p>\n<p class=\"tw-data-text tw-text-large tw-ta\" dir=\"ltr\" tabindex=\"-1\" role=\"text\" data-placeholder=\"Vertimas\" data-ved=\"2ahUKEwj0_PyjrLWQAxVORPEDHZfBFIgQ3ewLegQICxAV\" aria-label=\"I\u0161verstas tekstas: Pritaikytas tiek vyrams, tiek moterims, sukurtas bendradarbiaujant su pasaulinio lygio sportininkais. Pagaminta i\u0161 unikali\u0173 audini\u0173, sukurt\u0173 specialiai svorio kilnojimui. Kont\u016brinis skydelio dizainas, u\u017etikrinantis jud\u0117jimo laisv\u0119. Sustiprintos kr\u016btin\u0117s ir keturkamp\u0117s plok\u0161t\u0117s su trin\u010diai atsparia Cordura\u00ae med\u017eiaga. I\u0161or\u0117 ir mink\u0161tesn\u0117 med\u017eiaga, u\u017etikrinanti patog\u0173 kontakt\u0105 su oda. Pagaminta i\u0161 Meryl\u00ae, poliesterio ir Lycra\u00ae, kad i\u0161laikyt\u0173 form\u0105 ir pad\u0117t\u0173 valdyti dr\u0117gm\u0119. Silikonin\u0117s koj\u0173 tampr\u0117s, neleid\u017eian\u010dios kostiumui pakilti kojomis. Lygios plok\u0161\u010dios si\u016bl\u0117s ir tamprios plok\u0161t\u0117s, kad pa\u0161alintum\u0117te dirginim\u0105. Suderinamas su IWF. Pagaminta \u0160efilde, Did\u017eiojoje Britanijoje.\">Sustiprintos kr\u016btin\u0117s ir keturkamp\u0117s plok\u0161t\u0117s su trin\u010diai atsparia Cordura\u00ae med\u017eiaga. I\u0161or\u0117 ir mink\u0161tesn\u0117 med\u017eiaga, u\u017etikrinanti patog\u0173 kontakt\u0105 su oda.<\/p>\n<p class=\"tw-data-text tw-text-large tw-ta\" dir=\"ltr\" tabindex=\"-1\" role=\"text\" data-placeholder=\"Vertimas\" data-ved=\"2ahUKEwj0_PyjrLWQAxVORPEDHZfBFIgQ3ewLegQICxAV\" aria-label=\"I\u0161verstas tekstas: Pritaikytas tiek vyrams, tiek moterims, sukurtas bendradarbiaujant su pasaulinio lygio sportininkais. Pagaminta i\u0161 unikali\u0173 audini\u0173, sukurt\u0173 specialiai svorio kilnojimui. Kont\u016brinis skydelio dizainas, u\u017etikrinantis jud\u0117jimo laisv\u0119. Sustiprintos kr\u016btin\u0117s ir keturkamp\u0117s plok\u0161t\u0117s su trin\u010diai atsparia Cordura\u00ae med\u017eiaga. I\u0161or\u0117 ir mink\u0161tesn\u0117 med\u017eiaga, u\u017etikrinanti patog\u0173 kontakt\u0105 su oda. Pagaminta i\u0161 Meryl\u00ae, poliesterio ir Lycra\u00ae, kad i\u0161laikyt\u0173 form\u0105 ir pad\u0117t\u0173 valdyti dr\u0117gm\u0119. Silikonin\u0117s koj\u0173 tampr\u0117s, neleid\u017eian\u010dios kostiumui pakilti kojomis. Lygios plok\u0161\u010dios si\u016bl\u0117s ir tamprios plok\u0161t\u0117s, kad pa\u0161alintum\u0117te dirginim\u0105. Suderinamas su IWF. Pagaminta \u0160efilde, Did\u017eiojoje Britanijoje.\">Pagaminta i\u0161 Meryl\u00ae, poliesterio ir Lycra\u00ae, kad i\u0161laikyt\u0173 form\u0105 ir pad\u0117t\u0173 valdyti dr\u0117gm\u0119.<\/p>\n<p class=\"tw-data-text tw-text-large tw-ta\" dir=\"ltr\" tabindex=\"-1\" role=\"text\" data-placeholder=\"Vertimas\" data-ved=\"2ahUKEwj0_PyjrLWQAxVORPEDHZfBFIgQ3ewLegQICxAV\" aria-label=\"I\u0161verstas tekstas: Pritaikytas tiek vyrams, tiek moterims, sukurtas bendradarbiaujant su pasaulinio lygio sportininkais. Pagaminta i\u0161 unikali\u0173 audini\u0173, sukurt\u0173 specialiai svorio kilnojimui. Kont\u016brinis skydelio dizainas, u\u017etikrinantis jud\u0117jimo laisv\u0119. Sustiprintos kr\u016btin\u0117s ir keturkamp\u0117s plok\u0161t\u0117s su trin\u010diai atsparia Cordura\u00ae med\u017eiaga. I\u0161or\u0117 ir mink\u0161tesn\u0117 med\u017eiaga, u\u017etikrinanti patog\u0173 kontakt\u0105 su oda. Pagaminta i\u0161 Meryl\u00ae, poliesterio ir Lycra\u00ae, kad i\u0161laikyt\u0173 form\u0105 ir pad\u0117t\u0173 valdyti dr\u0117gm\u0119. Silikonin\u0117s koj\u0173 tampr\u0117s, neleid\u017eian\u010dios kostiumui pakilti kojomis. Lygios plok\u0161\u010dios si\u016bl\u0117s ir tamprios plok\u0161t\u0117s, kad pa\u0161alintum\u0117te dirginim\u0105. Suderinamas su IWF. Pagaminta \u0160efilde, Did\u017eiojoje Britanijoje.\">Silikonin\u0117s koj\u0173 tampr\u0117s, neleid\u017eian\u010dios kostiumui pakilti kojomis. Lygios plok\u0161\u010dios si\u016bl\u0117s ir tamprios plok\u0161t\u0117s, kad pa\u0161alintum\u0117te dirginim\u0105. Suderinamas su IWF. Pagaminta \u0160efilde, Did\u017eiojoje Britanijoje.<\/p>","protected":false},"excerpt":{"rendered":"<p>Pritaikytas tiek vyrams, tiek moterims, sukurtas bendradarbiaujant su pasaulinio lygio sportininkais.Pagaminta i\u0161 unikali\u0173 audini\u0173, sukurt\u0173 specialiai svorio kilnojimui. Kont\u016brinis skydelio dizainas, u\u017etikrinantis jud\u0117jimo laisv\u0119. Sustiprintos kr\u016btin\u0117s ir keturkamp\u0117s plok\u0161t\u0117s su trin\u010diai atsparia Cordura\u00ae med\u017eiaga. I\u0161or\u0117 ir mink\u0161tesn\u0117 med\u017eiaga, u\u017etikrinanti patog\u0173 kontakt\u0105 su oda. Pagaminta i\u0161 Meryl\u00ae, poliesterio ir Lycra\u00ae, kad i\u0161laikyt\u0173 form\u0105 ir pad\u0117t\u0173 valdyti [&hellip;]<\/p>","protected":false},"featured_media":5383,"template":"","meta":[],"product_brand":[],"product_cat":[73,47],"product_tag":[],"giftcard-category":[],"class_list":{"0":"post-5362","1":"product","2":"type-product","3":"status-publish","4":"has-post-thumbnail","6":"product_cat-resolve","7":"product_cat-singletai","10":"instock","11":"shipping-taxable","12":"purchasable","13":"product-type-variable","14":"product-grid-view"},"yoast_head":"<!-- This site is optimized with the Yoast SEO plugin v26.9 - https:\/\/yoast.com\/product\/yoast-seo-wordpress\/ -->\n<title>RESOLVE SUNKIOSIOS ATLETIKOS SINGLETAS - SBD Apparel LT<\/title>\n<meta name=\"robots\" content=\"index, follow, max-snippet:-1, max-image-preview:large, max-video-preview:-1\" \/>\n<link rel=\"canonical\" href=\"https:\/\/sbdapparel.lt\/en\/product\/resolve-sunkiosios-atletikos-singletas\/\" \/>\n<meta property=\"og:locale\" content=\"en_US\" \/>\n<meta property=\"og:type\" content=\"article\" \/>\n<meta property=\"og:title\" content=\"RESOLVE SUNKIOSIOS ATLETIKOS SINGLETAS - SBD Apparel LT\" \/>\n<meta property=\"og:description\" content=\"Pritaikytas tiek vyrams, tiek moterims, sukurtas bendradarbiaujant su pasaulinio lygio sportininkais.Pagaminta i\u0161 unikali\u0173 audini\u0173, sukurt\u0173 specialiai svorio kilnojimui. Kont\u016brinis skydelio dizainas, u\u017etikrinantis jud\u0117jimo laisv\u0119. Sustiprintos kr\u016btin\u0117s ir keturkamp\u0117s plok\u0161t\u0117s su trin\u010diai atsparia Cordura\u00ae med\u017eiaga. I\u0161or\u0117 ir mink\u0161tesn\u0117 med\u017eiaga, u\u017etikrinanti patog\u0173 kontakt\u0105 su oda. Pagaminta i\u0161 Meryl\u00ae, poliesterio ir Lycra\u00ae, kad i\u0161laikyt\u0173 form\u0105 ir pad\u0117t\u0173 valdyti [&hellip;]\" \/>\n<meta property=\"og:url\" content=\"https:\/\/sbdapparel.lt\/en\/product\/resolve-sunkiosios-atletikos-singletas\/\" \/>\n<meta property=\"og:site_name\" content=\"SBD Apparel LT\" \/>\n<meta property=\"article:modified_time\" content=\"2026-01-10T14:06:22+00:00\" \/>\n<meta property=\"og:image\" content=\"https:\/\/sbdapparel.lt\/wp-content\/uploads\/2025\/11\/Weightlifting-Singlet-Men-01-1024x1024.jpg\" \/>\n\t<meta property=\"og:image:width\" content=\"1024\" \/>\n\t<meta property=\"og:image:height\" content=\"1024\" \/>\n\t<meta property=\"og:image:type\" content=\"image\/jpeg\" \/>\n<meta name=\"twitter:card\" content=\"summary_large_image\" \/>\n<meta name=\"twitter:label1\" content=\"Est. reading time\" \/>\n\t<meta name=\"twitter:data1\" content=\"1 minute\" \/>\n<script type=\"application\/ld+json\" class=\"yoast-schema-graph\">{\"@context\":\"https:\/\/schema.org\",\"@graph\":[{\"@type\":\"WebPage\",\"@id\":\"https:\/\/sbdapparel.lt\/en\/product\/resolve-sunkiosios-atletikos-singletas\/\",\"url\":\"https:\/\/sbdapparel.lt\/en\/product\/resolve-sunkiosios-atletikos-singletas\/\",\"name\":\"RESOLVE SUNKIOSIOS ATLETIKOS SINGLETAS - SBD Apparel LT\",\"isPartOf\":{\"@id\":\"https:\/\/sbdapparel.lt\/#website\"},\"primaryImageOfPage\":{\"@id\":\"https:\/\/sbdapparel.lt\/en\/product\/resolve-sunkiosios-atletikos-singletas\/#primaryimage\"},\"image\":{\"@id\":\"https:\/\/sbdapparel.lt\/en\/product\/resolve-sunkiosios-atletikos-singletas\/#primaryimage\"},\"thumbnailUrl\":\"https:\/\/sbdapparel.lt\/wp-content\/uploads\/2025\/11\/Weightlifting-Singlet-Men-01.jpg\",\"datePublished\":\"2025-11-08T09:16:50+00:00\",\"dateModified\":\"2026-01-10T14:06:22+00:00\",\"breadcrumb\":{\"@id\":\"https:\/\/sbdapparel.lt\/en\/product\/resolve-sunkiosios-atletikos-singletas\/#breadcrumb\"},\"inLanguage\":\"en-US\",\"potentialAction\":[{\"@type\":\"ReadAction\",\"target\":[\"https:\/\/sbdapparel.lt\/en\/product\/resolve-sunkiosios-atletikos-singletas\/\"]}]},{\"@type\":\"ImageObject\",\"inLanguage\":\"en-US\",\"@id\":\"https:\/\/sbdapparel.lt\/en\/product\/resolve-sunkiosios-atletikos-singletas\/#primaryimage\",\"url\":\"https:\/\/sbdapparel.lt\/wp-content\/uploads\/2025\/11\/Weightlifting-Singlet-Men-01.jpg\",\"contentUrl\":\"https:\/\/sbdapparel.lt\/wp-content\/uploads\/2025\/11\/Weightlifting-Singlet-Men-01.jpg\",\"width\":2048,\"height\":2048},{\"@type\":\"BreadcrumbList\",\"@id\":\"https:\/\/sbdapparel.lt\/en\/product\/resolve-sunkiosios-atletikos-singletas\/#breadcrumb\",\"itemListElement\":[{\"@type\":\"ListItem\",\"position\":1,\"name\":\"Home\",\"item\":\"https:\/\/sbdapparel.lt\/\"},{\"@type\":\"ListItem\",\"position\":2,\"name\":\"Produktai\",\"item\":\"https:\/\/sbdapparel.lt\/shop\/\"},{\"@type\":\"ListItem\",\"position\":3,\"name\":\"RESOLVE SUNKIOSIOS ATLETIKOS SINGLETAS\"}]},{\"@type\":\"WebSite\",\"@id\":\"https:\/\/sbdapparel.lt\/#website\",\"url\":\"https:\/\/sbdapparel.lt\/\",\"name\":\"SBD Apparel LT\",\"description\":\"LIETUVA\",\"publisher\":{\"@id\":\"https:\/\/sbdapparel.lt\/#organization\"},\"potentialAction\":[{\"@type\":\"SearchAction\",\"target\":{\"@type\":\"EntryPoint\",\"urlTemplate\":\"https:\/\/sbdapparel.lt\/?s={search_term_string}\"},\"query-input\":{\"@type\":\"PropertyValueSpecification\",\"valueRequired\":true,\"valueName\":\"search_term_string\"}}],\"inLanguage\":\"en-US\"},{\"@type\":\"Organization\",\"@id\":\"https:\/\/sbdapparel.lt\/#organization\",\"name\":\"SBD Apparel LT\",\"url\":\"https:\/\/sbdapparel.lt\/\",\"logo\":{\"@type\":\"ImageObject\",\"inLanguage\":\"en-US\",\"@id\":\"https:\/\/sbdapparel.lt\/#\/schema\/logo\/image\/\",\"url\":\"https:\/\/sbdapparel.lt\/wp-content\/uploads\/2023\/07\/cropped-SBD_Identity_OnDark_RGB.png\",\"contentUrl\":\"https:\/\/sbdapparel.lt\/wp-content\/uploads\/2023\/07\/cropped-SBD_Identity_OnDark_RGB.png\",\"width\":1182,\"height\":515,\"caption\":\"SBD Apparel LT\"},\"image\":{\"@id\":\"https:\/\/sbdapparel.lt\/#\/schema\/logo\/image\/\"}}]}<\/script>\n<!-- \/ Yoast SEO plugin. -->","yoast_head_json":{"title":"RESOLVE SUNKIOSIOS ATLETIKOS SINGLETAS - SBD Apparel LT","robots":{"index":"index","follow":"follow","max-snippet":"max-snippet:-1","max-image-preview":"max-image-preview:large","max-video-preview":"max-video-preview:-1"},"canonical":"https:\/\/sbdapparel.lt\/en\/product\/resolve-sunkiosios-atletikos-singletas\/","og_locale":"en_US","og_type":"article","og_title":"RESOLVE SUNKIOSIOS ATLETIKOS SINGLETAS - SBD Apparel LT","og_description":"Pritaikytas tiek vyrams, tiek moterims, sukurtas bendradarbiaujant su pasaulinio lygio sportininkais.Pagaminta i\u0161 unikali\u0173 audini\u0173, sukurt\u0173 specialiai svorio kilnojimui. Kont\u016brinis skydelio dizainas, u\u017etikrinantis jud\u0117jimo laisv\u0119. Sustiprintos kr\u016btin\u0117s ir keturkamp\u0117s plok\u0161t\u0117s su trin\u010diai atsparia Cordura\u00ae med\u017eiaga. I\u0161or\u0117 ir mink\u0161tesn\u0117 med\u017eiaga, u\u017etikrinanti patog\u0173 kontakt\u0105 su oda. Pagaminta i\u0161 Meryl\u00ae, poliesterio ir Lycra\u00ae, kad i\u0161laikyt\u0173 form\u0105 ir pad\u0117t\u0173 valdyti [&hellip;]","og_url":"https:\/\/sbdapparel.lt\/en\/product\/resolve-sunkiosios-atletikos-singletas\/","og_site_name":"SBD Apparel LT","article_modified_time":"2026-01-10T14:06:22+00:00","og_image":[{"width":1024,"height":1024,"url":"https:\/\/sbdapparel.lt\/wp-content\/uploads\/2025\/11\/Weightlifting-Singlet-Men-01-1024x1024.jpg","type":"image\/jpeg"}],"twitter_card":"summary_large_image","twitter_misc":{"Est. reading time":"1 minute"},"schema":{"@context":"https:\/\/schema.org","@graph":[{"@type":"WebPage","@id":"https:\/\/sbdapparel.lt\/en\/product\/resolve-sunkiosios-atletikos-singletas\/","url":"https:\/\/sbdapparel.lt\/en\/product\/resolve-sunkiosios-atletikos-singletas\/","name":"RESOLVE SUNKIOSIOS ATLETIKOS SINGLETAS - SBD Apparel LT","isPartOf":{"@id":"https:\/\/sbdapparel.lt\/#website"},"primaryImageOfPage":{"@id":"https:\/\/sbdapparel.lt\/en\/product\/resolve-sunkiosios-atletikos-singletas\/#primaryimage"},"image":{"@id":"https:\/\/sbdapparel.lt\/en\/product\/resolve-sunkiosios-atletikos-singletas\/#primaryimage"},"thumbnailUrl":"https:\/\/sbdapparel.lt\/wp-content\/uploads\/2025\/11\/Weightlifting-Singlet-Men-01.jpg","datePublished":"2025-11-08T09:16:50+00:00","dateModified":"2026-01-10T14:06:22+00:00","breadcrumb":{"@id":"https:\/\/sbdapparel.lt\/en\/product\/resolve-sunkiosios-atletikos-singletas\/#breadcrumb"},"inLanguage":"en-US","potentialAction":[{"@type":"ReadAction","target":["https:\/\/sbdapparel.lt\/en\/product\/resolve-sunkiosios-atletikos-singletas\/"]}]},{"@type":"ImageObject","inLanguage":"en-US","@id":"https:\/\/sbdapparel.lt\/en\/product\/resolve-sunkiosios-atletikos-singletas\/#primaryimage","url":"https:\/\/sbdapparel.lt\/wp-content\/uploads\/2025\/11\/Weightlifting-Singlet-Men-01.jpg","contentUrl":"https:\/\/sbdapparel.lt\/wp-content\/uploads\/2025\/11\/Weightlifting-Singlet-Men-01.jpg","width":2048,"height":2048},{"@type":"BreadcrumbList","@id":"https:\/\/sbdapparel.lt\/en\/product\/resolve-sunkiosios-atletikos-singletas\/#breadcrumb","itemListElement":[{"@type":"ListItem","position":1,"name":"Home","item":"https:\/\/sbdapparel.lt\/"},{"@type":"ListItem","position":2,"name":"Produktai","item":"https:\/\/sbdapparel.lt\/shop\/"},{"@type":"ListItem","position":3,"name":"RESOLVE SUNKIOSIOS ATLETIKOS SINGLETAS"}]},{"@type":"WebSite","@id":"https:\/\/sbdapparel.lt\/#website","url":"https:\/\/sbdapparel.lt\/","name":"SBD Apparel LT","description":"LIETUVA","publisher":{"@id":"https:\/\/sbdapparel.lt\/#organization"},"potentialAction":[{"@type":"SearchAction","target":{"@type":"EntryPoint","urlTemplate":"https:\/\/sbdapparel.lt\/?s={search_term_string}"},"query-input":{"@type":"PropertyValueSpecification","valueRequired":true,"valueName":"search_term_string"}}],"inLanguage":"en-US"},{"@type":"Organization","@id":"https:\/\/sbdapparel.lt\/#organization","name":"SBD Apparel LT","url":"https:\/\/sbdapparel.lt\/","logo":{"@type":"ImageObject","inLanguage":"en-US","@id":"https:\/\/sbdapparel.lt\/#\/schema\/logo\/image\/","url":"https:\/\/sbdapparel.lt\/wp-content\/uploads\/2023\/07\/cropped-SBD_Identity_OnDark_RGB.png","contentUrl":"https:\/\/sbdapparel.lt\/wp-content\/uploads\/2023\/07\/cropped-SBD_Identity_OnDark_RGB.png","width":1182,"height":515,"caption":"SBD Apparel LT"},"image":{"@id":"https:\/\/sbdapparel.lt\/#\/schema\/logo\/image\/"}}]}},"_links":{"self":[{"href":"https:\/\/sbdapparel.lt\/en\/wp-json\/wp\/v2\/product\/5362","targetHints":{"allow":["GET"]}}],"collection":[{"href":"https:\/\/sbdapparel.lt\/en\/wp-json\/wp\/v2\/product"}],"about":[{"href":"https:\/\/sbdapparel.lt\/en\/wp-json\/wp\/v2\/types\/product"}],"version-history":[{"count":1,"href":"https:\/\/sbdapparel.lt\/en\/wp-json\/wp\/v2\/product\/5362\/revisions"}],"predecessor-version":[{"id":5384,"href":"https:\/\/sbdapparel.lt\/en\/wp-json\/wp\/v2\/product\/5362\/revisions\/5384"}],"wp:featuredmedia":[{"embeddable":true,"href":"https:\/\/sbdapparel.lt\/en\/wp-json\/wp\/v2\/media\/5383"}],"wp:attachment":[{"href":"https:\/\/sbdapparel.lt\/en\/wp-json\/wp\/v2\/media?parent=5362"}],"wp:term":[{"taxonomy":"product_brand","embeddable":true,"href":"https:\/\/sbdapparel.lt\/en\/wp-json\/wp\/v2\/product_brand?post=5362"},{"taxonomy":"product_cat","embeddable":true,"href":"https:\/\/sbdapparel.lt\/en\/wp-json\/wp\/v2\/product_cat?post=5362"},{"taxonomy":"product_tag","embeddable":true,"href":"https:\/\/sbdapparel.lt\/en\/wp-json\/wp\/v2\/product_tag?post=5362"},{"taxonomy":"giftcard-category","embeddable":true,"href":"https:\/\/sbdapparel.lt\/en\/wp-json\/wp\/v2\/giftcard-category?post=5362"}],"curies":[{"name":"wp","href":"https:\/\/api.w.org\/{rel}","templated":true}]}}