{"id":5395,"date":"2025-11-08T12:35:32","date_gmt":"2025-11-08T09:35:32","guid":{"rendered":"https:\/\/sbdapparel.lt\/?post_type=product&#038;p=5395"},"modified":"2026-01-14T23:56:07","modified_gmt":"2026-01-14T20:56:07","slug":"forge-pilkas-13mm-dirzas","status":"publish","type":"product","link":"https:\/\/sbdapparel.lt\/en\/product\/forge-pilkas-13mm-dirzas\/","title":{"rendered":"RESOLVE 13mm DIR\u017dAS"},"content":{"rendered":"","protected":false},"excerpt":{"rendered":"<p>Featuring a patented gliding lever, providing the adjustability of a prong belt with the ease and tightness of a lever belt. Ideal for sizing up or down whenever you need during training sessions and competitions.<\/p>\n<p>The 13mm lever belt offers the maximum specifications allowed in competitive powerlifting, with four layers of British leather and suede, combined with our patented lever, allowing for the utmost tightness and support.<\/p>\n<p>Designed through collaboration with world-class athletes, coaches, and health professionals.<\/p>\n<p>\u201eResolve\u201c yra riboto leidimo kolekcija, pasi\u017eyminti tokiomis pat savyb\u0117mis ir pagaminta pagal tokius pa\u010dius auk\u0161tus standartus kaip ir m\u016bs\u0173 klasikin\u0117 produkt\u0173 linija.<\/p>\n<p>13mm thickness and 10cm in width.<br \/>\nIPF approved.<br \/>\nMade exclusively from British cowhide.<br \/>\nManufactured in Great Britain.<\/p>","protected":false},"featured_media":5408,"template":"","meta":[],"product_brand":[],"product_cat":[42,73],"product_tag":[],"giftcard-category":[],"class_list":{"0":"post-5395","1":"product","2":"type-product","3":"status-publish","4":"has-post-thumbnail","6":"product_cat-dirzai","7":"product_cat-resolve","10":"instock","11":"shipping-taxable","12":"purchasable","13":"product-type-variable","14":"product-grid-view"},"yoast_head":"<!-- This site is optimized with the Yoast SEO plugin v26.9 - https:\/\/yoast.com\/product\/yoast-seo-wordpress\/ -->\n<title>RESOLVE 13mm DIR\u017dAS - SBD Apparel LT<\/title>\n<meta name=\"robots\" content=\"index, follow, max-snippet:-1, max-image-preview:large, max-video-preview:-1\" \/>\n<link rel=\"canonical\" href=\"https:\/\/sbdapparel.lt\/en\/product\/forge-pilkas-13mm-dirzas\/\" \/>\n<meta property=\"og:locale\" content=\"en_US\" \/>\n<meta property=\"og:type\" content=\"article\" \/>\n<meta property=\"og:title\" content=\"RESOLVE 13mm DIR\u017dAS - SBD Apparel LT\" \/>\n<meta property=\"og:description\" content=\"Patentuota svirtin\u0117 dir\u017eo sagtis, leid\u017eianti lengvai ir tvirtai reguliuoti svirties dir\u017e\u0105. Idealiai tinka padidinti arba suma\u017einti dyd\u012f, kai tik reikia treniruo\u010di\u0173 ir var\u017eyb\u0173 metu.  13 mm svirties dir\u017eas si\u016blo maksimalias specifikacijas, leid\u017eiamas var\u017eybiniame j\u0117gos kilnojime, su keturiais briti\u0161kos odos ir zom\u0161os sluoksniais, kartu su m\u016bs\u0173 patentuota sagtimi, u\u017etikrinan\u010dia did\u017eiausi\u0105 sandarum\u0105 ir atram\u0105.  Sukurta bendradarbiaujant su pasaulinio lygio sportininkais, treneriais ir sveikatos specialistais.  \u201eResolve\u201c yra riboto leidimo kolekcija, pasi\u017eyminti tokiomis pat savyb\u0117mis ir pagaminta pagal tokius pa\u010dius auk\u0161tus standartus kaip ir m\u016bs\u0173 klasikin\u0117 produkt\u0173 linija.  13 mm storio ir 10 cm plo\u010dio. IPF patvirtintas. Pagaminta i\u0161skirtinai i\u0161 briti\u0161kos karv\u0117s odos. Pagaminta Did\u017eiojoje Britanijoje.\" \/>\n<meta property=\"og:url\" content=\"https:\/\/sbdapparel.lt\/en\/product\/forge-pilkas-13mm-dirzas\/\" \/>\n<meta property=\"og:site_name\" content=\"SBD Apparel LT\" \/>\n<meta property=\"article:modified_time\" content=\"2026-01-14T20:56:07+00:00\" \/>\n<meta property=\"og:image\" content=\"https:\/\/sbdapparel.lt\/wp-content\/uploads\/2025\/11\/13mm-Belt-Men-01-1024x1024.jpg\" \/>\n\t<meta property=\"og:image:width\" content=\"1024\" \/>\n\t<meta property=\"og:image:height\" content=\"1024\" \/>\n\t<meta property=\"og:image:type\" content=\"image\/jpeg\" \/>\n<meta name=\"twitter:card\" content=\"summary_large_image\" \/>\n<script type=\"application\/ld+json\" class=\"yoast-schema-graph\">{\"@context\":\"https:\/\/schema.org\",\"@graph\":[{\"@type\":\"WebPage\",\"@id\":\"https:\/\/sbdapparel.lt\/product\/forge-pilkas-13mm-dirzas\/\",\"url\":\"https:\/\/sbdapparel.lt\/product\/forge-pilkas-13mm-dirzas\/\",\"name\":\"RESOLVE 13mm DIR\u017dAS - SBD Apparel LT\",\"isPartOf\":{\"@id\":\"https:\/\/sbdapparel.lt\/#website\"},\"primaryImageOfPage\":{\"@id\":\"https:\/\/sbdapparel.lt\/product\/forge-pilkas-13mm-dirzas\/#primaryimage\"},\"image\":{\"@id\":\"https:\/\/sbdapparel.lt\/product\/forge-pilkas-13mm-dirzas\/#primaryimage\"},\"thumbnailUrl\":\"https:\/\/sbdapparel.lt\/wp-content\/uploads\/2025\/11\/13mm-Belt-Men-01.jpg\",\"datePublished\":\"2025-11-08T09:35:32+00:00\",\"dateModified\":\"2026-01-14T20:56:07+00:00\",\"breadcrumb\":{\"@id\":\"https:\/\/sbdapparel.lt\/product\/forge-pilkas-13mm-dirzas\/#breadcrumb\"},\"inLanguage\":\"en-US\",\"potentialAction\":[{\"@type\":\"ReadAction\",\"target\":[\"https:\/\/sbdapparel.lt\/product\/forge-pilkas-13mm-dirzas\/\"]}]},{\"@type\":\"ImageObject\",\"inLanguage\":\"en-US\",\"@id\":\"https:\/\/sbdapparel.lt\/product\/forge-pilkas-13mm-dirzas\/#primaryimage\",\"url\":\"https:\/\/sbdapparel.lt\/wp-content\/uploads\/2025\/11\/13mm-Belt-Men-01.jpg\",\"contentUrl\":\"https:\/\/sbdapparel.lt\/wp-content\/uploads\/2025\/11\/13mm-Belt-Men-01.jpg\",\"width\":2048,\"height\":2048},{\"@type\":\"BreadcrumbList\",\"@id\":\"https:\/\/sbdapparel.lt\/product\/forge-pilkas-13mm-dirzas\/#breadcrumb\",\"itemListElement\":[{\"@type\":\"ListItem\",\"position\":1,\"name\":\"Home\",\"item\":\"https:\/\/sbdapparel.lt\/\"},{\"@type\":\"ListItem\",\"position\":2,\"name\":\"Produktai\",\"item\":\"https:\/\/sbdapparel.lt\/shop\/\"},{\"@type\":\"ListItem\",\"position\":3,\"name\":\"RESOLVE 13mm DIR\u017dAS\"}]},{\"@type\":\"WebSite\",\"@id\":\"https:\/\/sbdapparel.lt\/#website\",\"url\":\"https:\/\/sbdapparel.lt\/\",\"name\":\"SBD Apparel LT\",\"description\":\"LIETUVA\",\"publisher\":{\"@id\":\"https:\/\/sbdapparel.lt\/#organization\"},\"potentialAction\":[{\"@type\":\"SearchAction\",\"target\":{\"@type\":\"EntryPoint\",\"urlTemplate\":\"https:\/\/sbdapparel.lt\/?s={search_term_string}\"},\"query-input\":{\"@type\":\"PropertyValueSpecification\",\"valueRequired\":true,\"valueName\":\"search_term_string\"}}],\"inLanguage\":\"en-US\"},{\"@type\":\"Organization\",\"@id\":\"https:\/\/sbdapparel.lt\/#organization\",\"name\":\"SBD Apparel LT\",\"url\":\"https:\/\/sbdapparel.lt\/\",\"logo\":{\"@type\":\"ImageObject\",\"inLanguage\":\"en-US\",\"@id\":\"https:\/\/sbdapparel.lt\/#\/schema\/logo\/image\/\",\"url\":\"https:\/\/sbdapparel.lt\/wp-content\/uploads\/2023\/07\/cropped-SBD_Identity_OnDark_RGB.png\",\"contentUrl\":\"https:\/\/sbdapparel.lt\/wp-content\/uploads\/2023\/07\/cropped-SBD_Identity_OnDark_RGB.png\",\"width\":1182,\"height\":515,\"caption\":\"SBD Apparel LT\"},\"image\":{\"@id\":\"https:\/\/sbdapparel.lt\/#\/schema\/logo\/image\/\"}}]}<\/script>\n<!-- \/ Yoast SEO plugin. -->","yoast_head_json":{"title":"RESOLVE 13mm DIR\u017dAS - SBD Apparel LT","robots":{"index":"index","follow":"follow","max-snippet":"max-snippet:-1","max-image-preview":"max-image-preview:large","max-video-preview":"max-video-preview:-1"},"canonical":"https:\/\/sbdapparel.lt\/en\/product\/forge-pilkas-13mm-dirzas\/","og_locale":"en_US","og_type":"article","og_title":"RESOLVE 13mm DIR\u017dAS - SBD Apparel LT","og_description":"Patentuota svirtin\u0117 dir\u017eo sagtis, leid\u017eianti lengvai ir tvirtai reguliuoti svirties dir\u017e\u0105. Idealiai tinka padidinti arba suma\u017einti dyd\u012f, kai tik reikia treniruo\u010di\u0173 ir var\u017eyb\u0173 metu.  13 mm svirties dir\u017eas si\u016blo maksimalias specifikacijas, leid\u017eiamas var\u017eybiniame j\u0117gos kilnojime, su keturiais briti\u0161kos odos ir zom\u0161os sluoksniais, kartu su m\u016bs\u0173 patentuota sagtimi, u\u017etikrinan\u010dia did\u017eiausi\u0105 sandarum\u0105 ir atram\u0105.  Sukurta bendradarbiaujant su pasaulinio lygio sportininkais, treneriais ir sveikatos specialistais.  \u201eResolve\u201c yra riboto leidimo kolekcija, pasi\u017eyminti tokiomis pat savyb\u0117mis ir pagaminta pagal tokius pa\u010dius auk\u0161tus standartus kaip ir m\u016bs\u0173 klasikin\u0117 produkt\u0173 linija.  13 mm storio ir 10 cm plo\u010dio. IPF patvirtintas. Pagaminta i\u0161skirtinai i\u0161 briti\u0161kos karv\u0117s odos. Pagaminta Did\u017eiojoje Britanijoje.","og_url":"https:\/\/sbdapparel.lt\/en\/product\/forge-pilkas-13mm-dirzas\/","og_site_name":"SBD Apparel LT","article_modified_time":"2026-01-14T20:56:07+00:00","og_image":[{"width":1024,"height":1024,"url":"https:\/\/sbdapparel.lt\/wp-content\/uploads\/2025\/11\/13mm-Belt-Men-01-1024x1024.jpg","type":"image\/jpeg"}],"twitter_card":"summary_large_image","schema":{"@context":"https:\/\/schema.org","@graph":[{"@type":"WebPage","@id":"https:\/\/sbdapparel.lt\/product\/forge-pilkas-13mm-dirzas\/","url":"https:\/\/sbdapparel.lt\/product\/forge-pilkas-13mm-dirzas\/","name":"RESOLVE 13mm DIR\u017dAS - SBD Apparel LT","isPartOf":{"@id":"https:\/\/sbdapparel.lt\/#website"},"primaryImageOfPage":{"@id":"https:\/\/sbdapparel.lt\/product\/forge-pilkas-13mm-dirzas\/#primaryimage"},"image":{"@id":"https:\/\/sbdapparel.lt\/product\/forge-pilkas-13mm-dirzas\/#primaryimage"},"thumbnailUrl":"https:\/\/sbdapparel.lt\/wp-content\/uploads\/2025\/11\/13mm-Belt-Men-01.jpg","datePublished":"2025-11-08T09:35:32+00:00","dateModified":"2026-01-14T20:56:07+00:00","breadcrumb":{"@id":"https:\/\/sbdapparel.lt\/product\/forge-pilkas-13mm-dirzas\/#breadcrumb"},"inLanguage":"en-US","potentialAction":[{"@type":"ReadAction","target":["https:\/\/sbdapparel.lt\/product\/forge-pilkas-13mm-dirzas\/"]}]},{"@type":"ImageObject","inLanguage":"en-US","@id":"https:\/\/sbdapparel.lt\/product\/forge-pilkas-13mm-dirzas\/#primaryimage","url":"https:\/\/sbdapparel.lt\/wp-content\/uploads\/2025\/11\/13mm-Belt-Men-01.jpg","contentUrl":"https:\/\/sbdapparel.lt\/wp-content\/uploads\/2025\/11\/13mm-Belt-Men-01.jpg","width":2048,"height":2048},{"@type":"BreadcrumbList","@id":"https:\/\/sbdapparel.lt\/product\/forge-pilkas-13mm-dirzas\/#breadcrumb","itemListElement":[{"@type":"ListItem","position":1,"name":"Home","item":"https:\/\/sbdapparel.lt\/"},{"@type":"ListItem","position":2,"name":"Produktai","item":"https:\/\/sbdapparel.lt\/shop\/"},{"@type":"ListItem","position":3,"name":"RESOLVE 13mm DIR\u017dAS"}]},{"@type":"WebSite","@id":"https:\/\/sbdapparel.lt\/#website","url":"https:\/\/sbdapparel.lt\/","name":"SBD Apparel LT","description":"LIETUVA","publisher":{"@id":"https:\/\/sbdapparel.lt\/#organization"},"potentialAction":[{"@type":"SearchAction","target":{"@type":"EntryPoint","urlTemplate":"https:\/\/sbdapparel.lt\/?s={search_term_string}"},"query-input":{"@type":"PropertyValueSpecification","valueRequired":true,"valueName":"search_term_string"}}],"inLanguage":"en-US"},{"@type":"Organization","@id":"https:\/\/sbdapparel.lt\/#organization","name":"SBD Apparel LT","url":"https:\/\/sbdapparel.lt\/","logo":{"@type":"ImageObject","inLanguage":"en-US","@id":"https:\/\/sbdapparel.lt\/#\/schema\/logo\/image\/","url":"https:\/\/sbdapparel.lt\/wp-content\/uploads\/2023\/07\/cropped-SBD_Identity_OnDark_RGB.png","contentUrl":"https:\/\/sbdapparel.lt\/wp-content\/uploads\/2023\/07\/cropped-SBD_Identity_OnDark_RGB.png","width":1182,"height":515,"caption":"SBD Apparel LT"},"image":{"@id":"https:\/\/sbdapparel.lt\/#\/schema\/logo\/image\/"}}]}},"_links":{"self":[{"href":"https:\/\/sbdapparel.lt\/en\/wp-json\/wp\/v2\/product\/5395","targetHints":{"allow":["GET"]}}],"collection":[{"href":"https:\/\/sbdapparel.lt\/en\/wp-json\/wp\/v2\/product"}],"about":[{"href":"https:\/\/sbdapparel.lt\/en\/wp-json\/wp\/v2\/types\/product"}],"version-history":[{"count":2,"href":"https:\/\/sbdapparel.lt\/en\/wp-json\/wp\/v2\/product\/5395\/revisions"}],"predecessor-version":[{"id":5410,"href":"https:\/\/sbdapparel.lt\/en\/wp-json\/wp\/v2\/product\/5395\/revisions\/5410"}],"wp:featuredmedia":[{"embeddable":true,"href":"https:\/\/sbdapparel.lt\/en\/wp-json\/wp\/v2\/media\/5408"}],"wp:attachment":[{"href":"https:\/\/sbdapparel.lt\/en\/wp-json\/wp\/v2\/media?parent=5395"}],"wp:term":[{"taxonomy":"product_brand","embeddable":true,"href":"https:\/\/sbdapparel.lt\/en\/wp-json\/wp\/v2\/product_brand?post=5395"},{"taxonomy":"product_cat","embeddable":true,"href":"https:\/\/sbdapparel.lt\/en\/wp-json\/wp\/v2\/product_cat?post=5395"},{"taxonomy":"product_tag","embeddable":true,"href":"https:\/\/sbdapparel.lt\/en\/wp-json\/wp\/v2\/product_tag?post=5395"},{"taxonomy":"giftcard-category","embeddable":true,"href":"https:\/\/sbdapparel.lt\/en\/wp-json\/wp\/v2\/giftcard-category?post=5395"}],"curies":[{"name":"wp","href":"https:\/\/api.w.org\/{rel}","templated":true}]}}