{"id":5445,"date":"2025-11-08T12:50:18","date_gmt":"2025-11-08T09:50:18","guid":{"rendered":"https:\/\/sbdapparel.lt\/?post_type=product&#038;p=5445"},"modified":"2026-02-15T22:43:42","modified_gmt":"2026-02-15T19:43:42","slug":"resolve-figure-8-kelimo-dirzeliai","status":"publish","type":"product","link":"https:\/\/sbdapparel.lt\/en\/product\/resolve-figure-8-kelimo-dirzeliai\/","title":{"rendered":"RESOLVE FIGURE 8 K\u0116LIMO DIR\u017dELIAI"},"content":{"rendered":"","protected":false},"excerpt":{"rendered":"<p>Designed to sit flat against the base of the hand and to tighten on the wrist as the weight loads on the straps, attaching you securely to the bar throughout the lift.<\/p>\n<p>Featuring our patent-pending webbing construction, which weaves filament aramid fibre within spun fibres. The figure 8 lifting straps offer greater strength than a nylon wrap, whilst providing the comfort of a cotton wrap.<\/p>\n<p>Designed through collaboration with world-class athletes to eliminate grip as a limiting factor when lifting for maximal weight or extra repetitions.<\/p>\n<p>Patent-pending figure 8 design to lock onto the wrist<br \/>\nPatent-pending webbing construction<br \/>\nMade in Sheffield, Great Britain.<br \/>\nMaterials: Kevlar\u00ae fiber, polyester<\/p>\n<p>DuPont\u2122 and Kevlar\u00ae are trademarks or registered trademarks of affiliates of DuPont de Nemours, Inc.<\/p>","protected":false},"featured_media":5452,"template":"","meta":[],"product_brand":[],"product_cat":[48,73],"product_tag":[],"giftcard-category":[],"class_list":{"0":"post-5445","1":"product","2":"type-product","3":"status-publish","4":"has-post-thumbnail","6":"product_cat-kelikmodirzai","7":"product_cat-resolve","10":"instock","11":"shipping-taxable","12":"purchasable","13":"product-type-variable","14":"product-grid-view"},"yoast_head":"<!-- This site is optimized with the Yoast SEO plugin v26.9 - https:\/\/yoast.com\/product\/yoast-seo-wordpress\/ -->\n<title>RESOLVE FIGURE 8 K\u0116LIMO DIR\u017dELIAI - SBD Apparel LT<\/title>\n<meta name=\"robots\" content=\"index, follow, max-snippet:-1, max-image-preview:large, max-video-preview:-1\" \/>\n<link rel=\"canonical\" href=\"https:\/\/sbdapparel.lt\/en\/product\/resolve-figure-8-kelimo-dirzeliai\/\" \/>\n<meta property=\"og:locale\" content=\"en_US\" \/>\n<meta property=\"og:type\" content=\"article\" \/>\n<meta property=\"og:title\" content=\"RESOLVE FIGURE 8 K\u0116LIMO DIR\u017dELIAI - SBD Apparel LT\" \/>\n<meta property=\"og:description\" content=\"Sukurta sustiprinti \u0161tangos grifo pa\u0117mim\u0105 maksimali\u0173 k\u0117lim\u0173 ar pakartojim\u0173 metu..  Su m\u016bs\u0173 patentuota dir\u017eeli\u0173 konstrukcija, kuri supina gij\u0173 aramidin\u012f pluo\u0161t\u0105 a\u0161tuoniki\u0173 k\u0117limo dir\u017eeliai yra stipresni nei neiloniniai \u012fvyniojimai, tuo pat metu suteikiantys komfort\u0105 rie\u0161\u0173 \u012fvyniojimui.  Sukurta bendradarbiaujant su pasaulinio lygio sportininkais, kad b\u016bt\u0173 padidintas sukibimas keliant maksimal\u0173 svor\u012f arba atliekant papildomus pakartojimus.  Patento laukiama 8 fig\u016br\u0117l\u0117s konstrukcija, skirta u\u017efiksuoti ant rie\u0161o. Patentuota juostos konstrukcija Pagaminta Did\u017eiojoje Britanijoje Med\u017eiagos: Kevlar\u00ae pluo\u0161tas, polisteris  DuPont\u2122 ir Kevlar\u00ae yra DuPont de Nemours, Inc. filial\u0173 preki\u0173 \u017eenklai arba registruotieji preki\u0173 \u017eenklai.\" \/>\n<meta property=\"og:url\" content=\"https:\/\/sbdapparel.lt\/en\/product\/resolve-figure-8-kelimo-dirzeliai\/\" \/>\n<meta property=\"og:site_name\" content=\"SBD Apparel LT\" \/>\n<meta property=\"article:modified_time\" content=\"2026-02-15T19:43:42+00:00\" \/>\n<meta property=\"og:image\" content=\"http:\/\/sbdapparel.lt\/wp-content\/uploads\/2025\/11\/Figure-8-Lifting-Straps-Men-01-1024x1024.jpg\" \/>\n\t<meta property=\"og:image:width\" content=\"1024\" \/>\n\t<meta property=\"og:image:height\" content=\"1024\" \/>\n\t<meta property=\"og:image:type\" content=\"image\/jpeg\" \/>\n<meta name=\"twitter:card\" content=\"summary_large_image\" \/>\n<meta name=\"twitter:label1\" content=\"Est. reading time\" \/>\n\t<meta name=\"twitter:data1\" content=\"1 minute\" \/>\n<script type=\"application\/ld+json\" class=\"yoast-schema-graph\">{\"@context\":\"https:\/\/schema.org\",\"@graph\":[{\"@type\":\"WebPage\",\"@id\":\"https:\/\/sbdapparel.lt\/product\/resolve-figure-8-kelimo-dirzeliai\/\",\"url\":\"https:\/\/sbdapparel.lt\/product\/resolve-figure-8-kelimo-dirzeliai\/\",\"name\":\"RESOLVE FIGURE 8 K\u0116LIMO DIR\u017dELIAI - SBD Apparel LT\",\"isPartOf\":{\"@id\":\"https:\/\/sbdapparel.lt\/#website\"},\"primaryImageOfPage\":{\"@id\":\"https:\/\/sbdapparel.lt\/product\/resolve-figure-8-kelimo-dirzeliai\/#primaryimage\"},\"image\":{\"@id\":\"https:\/\/sbdapparel.lt\/product\/resolve-figure-8-kelimo-dirzeliai\/#primaryimage\"},\"thumbnailUrl\":\"https:\/\/sbdapparel.lt\/wp-content\/uploads\/2025\/11\/Figure-8-Lifting-Straps-Men-01.jpg\",\"datePublished\":\"2025-11-08T09:50:18+00:00\",\"dateModified\":\"2026-02-15T19:43:42+00:00\",\"breadcrumb\":{\"@id\":\"https:\/\/sbdapparel.lt\/product\/resolve-figure-8-kelimo-dirzeliai\/#breadcrumb\"},\"inLanguage\":\"en-US\",\"potentialAction\":[{\"@type\":\"ReadAction\",\"target\":[\"https:\/\/sbdapparel.lt\/product\/resolve-figure-8-kelimo-dirzeliai\/\"]}]},{\"@type\":\"ImageObject\",\"inLanguage\":\"en-US\",\"@id\":\"https:\/\/sbdapparel.lt\/product\/resolve-figure-8-kelimo-dirzeliai\/#primaryimage\",\"url\":\"https:\/\/sbdapparel.lt\/wp-content\/uploads\/2025\/11\/Figure-8-Lifting-Straps-Men-01.jpg\",\"contentUrl\":\"https:\/\/sbdapparel.lt\/wp-content\/uploads\/2025\/11\/Figure-8-Lifting-Straps-Men-01.jpg\",\"width\":2048,\"height\":2048},{\"@type\":\"BreadcrumbList\",\"@id\":\"https:\/\/sbdapparel.lt\/product\/resolve-figure-8-kelimo-dirzeliai\/#breadcrumb\",\"itemListElement\":[{\"@type\":\"ListItem\",\"position\":1,\"name\":\"Home\",\"item\":\"https:\/\/sbdapparel.lt\/\"},{\"@type\":\"ListItem\",\"position\":2,\"name\":\"Produktai\",\"item\":\"https:\/\/sbdapparel.lt\/shop\/\"},{\"@type\":\"ListItem\",\"position\":3,\"name\":\"RESOLVE FIGURE 8 K\u0116LIMO DIR\u017dELIAI\"}]},{\"@type\":\"WebSite\",\"@id\":\"https:\/\/sbdapparel.lt\/#website\",\"url\":\"https:\/\/sbdapparel.lt\/\",\"name\":\"SBD Apparel LT\",\"description\":\"LIETUVA\",\"publisher\":{\"@id\":\"https:\/\/sbdapparel.lt\/#organization\"},\"potentialAction\":[{\"@type\":\"SearchAction\",\"target\":{\"@type\":\"EntryPoint\",\"urlTemplate\":\"https:\/\/sbdapparel.lt\/?s={search_term_string}\"},\"query-input\":{\"@type\":\"PropertyValueSpecification\",\"valueRequired\":true,\"valueName\":\"search_term_string\"}}],\"inLanguage\":\"en-US\"},{\"@type\":\"Organization\",\"@id\":\"https:\/\/sbdapparel.lt\/#organization\",\"name\":\"SBD Apparel LT\",\"url\":\"https:\/\/sbdapparel.lt\/\",\"logo\":{\"@type\":\"ImageObject\",\"inLanguage\":\"en-US\",\"@id\":\"https:\/\/sbdapparel.lt\/#\/schema\/logo\/image\/\",\"url\":\"https:\/\/sbdapparel.lt\/wp-content\/uploads\/2023\/07\/cropped-SBD_Identity_OnDark_RGB.png\",\"contentUrl\":\"https:\/\/sbdapparel.lt\/wp-content\/uploads\/2023\/07\/cropped-SBD_Identity_OnDark_RGB.png\",\"width\":1182,\"height\":515,\"caption\":\"SBD Apparel LT\"},\"image\":{\"@id\":\"https:\/\/sbdapparel.lt\/#\/schema\/logo\/image\/\"}}]}<\/script>\n<!-- \/ Yoast SEO plugin. -->","yoast_head_json":{"title":"RESOLVE FIGURE 8 K\u0116LIMO DIR\u017dELIAI - SBD Apparel LT","robots":{"index":"index","follow":"follow","max-snippet":"max-snippet:-1","max-image-preview":"max-image-preview:large","max-video-preview":"max-video-preview:-1"},"canonical":"https:\/\/sbdapparel.lt\/en\/product\/resolve-figure-8-kelimo-dirzeliai\/","og_locale":"en_US","og_type":"article","og_title":"RESOLVE FIGURE 8 K\u0116LIMO DIR\u017dELIAI - SBD Apparel LT","og_description":"Sukurta sustiprinti \u0161tangos grifo pa\u0117mim\u0105 maksimali\u0173 k\u0117lim\u0173 ar pakartojim\u0173 metu..  Su m\u016bs\u0173 patentuota dir\u017eeli\u0173 konstrukcija, kuri supina gij\u0173 aramidin\u012f pluo\u0161t\u0105 a\u0161tuoniki\u0173 k\u0117limo dir\u017eeliai yra stipresni nei neiloniniai \u012fvyniojimai, tuo pat metu suteikiantys komfort\u0105 rie\u0161\u0173 \u012fvyniojimui.  Sukurta bendradarbiaujant su pasaulinio lygio sportininkais, kad b\u016bt\u0173 padidintas sukibimas keliant maksimal\u0173 svor\u012f arba atliekant papildomus pakartojimus.  Patento laukiama 8 fig\u016br\u0117l\u0117s konstrukcija, skirta u\u017efiksuoti ant rie\u0161o. Patentuota juostos konstrukcija Pagaminta Did\u017eiojoje Britanijoje Med\u017eiagos: Kevlar\u00ae pluo\u0161tas, polisteris  DuPont\u2122 ir Kevlar\u00ae yra DuPont de Nemours, Inc. filial\u0173 preki\u0173 \u017eenklai arba registruotieji preki\u0173 \u017eenklai.","og_url":"https:\/\/sbdapparel.lt\/en\/product\/resolve-figure-8-kelimo-dirzeliai\/","og_site_name":"SBD Apparel LT","article_modified_time":"2026-02-15T19:43:42+00:00","og_image":[{"width":1024,"height":1024,"url":"http:\/\/sbdapparel.lt\/wp-content\/uploads\/2025\/11\/Figure-8-Lifting-Straps-Men-01-1024x1024.jpg","type":"image\/jpeg"}],"twitter_card":"summary_large_image","twitter_misc":{"Est. reading time":"1 minute"},"schema":{"@context":"https:\/\/schema.org","@graph":[{"@type":"WebPage","@id":"https:\/\/sbdapparel.lt\/product\/resolve-figure-8-kelimo-dirzeliai\/","url":"https:\/\/sbdapparel.lt\/product\/resolve-figure-8-kelimo-dirzeliai\/","name":"RESOLVE FIGURE 8 K\u0116LIMO DIR\u017dELIAI - SBD Apparel LT","isPartOf":{"@id":"https:\/\/sbdapparel.lt\/#website"},"primaryImageOfPage":{"@id":"https:\/\/sbdapparel.lt\/product\/resolve-figure-8-kelimo-dirzeliai\/#primaryimage"},"image":{"@id":"https:\/\/sbdapparel.lt\/product\/resolve-figure-8-kelimo-dirzeliai\/#primaryimage"},"thumbnailUrl":"https:\/\/sbdapparel.lt\/wp-content\/uploads\/2025\/11\/Figure-8-Lifting-Straps-Men-01.jpg","datePublished":"2025-11-08T09:50:18+00:00","dateModified":"2026-02-15T19:43:42+00:00","breadcrumb":{"@id":"https:\/\/sbdapparel.lt\/product\/resolve-figure-8-kelimo-dirzeliai\/#breadcrumb"},"inLanguage":"en-US","potentialAction":[{"@type":"ReadAction","target":["https:\/\/sbdapparel.lt\/product\/resolve-figure-8-kelimo-dirzeliai\/"]}]},{"@type":"ImageObject","inLanguage":"en-US","@id":"https:\/\/sbdapparel.lt\/product\/resolve-figure-8-kelimo-dirzeliai\/#primaryimage","url":"https:\/\/sbdapparel.lt\/wp-content\/uploads\/2025\/11\/Figure-8-Lifting-Straps-Men-01.jpg","contentUrl":"https:\/\/sbdapparel.lt\/wp-content\/uploads\/2025\/11\/Figure-8-Lifting-Straps-Men-01.jpg","width":2048,"height":2048},{"@type":"BreadcrumbList","@id":"https:\/\/sbdapparel.lt\/product\/resolve-figure-8-kelimo-dirzeliai\/#breadcrumb","itemListElement":[{"@type":"ListItem","position":1,"name":"Home","item":"https:\/\/sbdapparel.lt\/"},{"@type":"ListItem","position":2,"name":"Produktai","item":"https:\/\/sbdapparel.lt\/shop\/"},{"@type":"ListItem","position":3,"name":"RESOLVE FIGURE 8 K\u0116LIMO DIR\u017dELIAI"}]},{"@type":"WebSite","@id":"https:\/\/sbdapparel.lt\/#website","url":"https:\/\/sbdapparel.lt\/","name":"SBD Apparel LT","description":"LIETUVA","publisher":{"@id":"https:\/\/sbdapparel.lt\/#organization"},"potentialAction":[{"@type":"SearchAction","target":{"@type":"EntryPoint","urlTemplate":"https:\/\/sbdapparel.lt\/?s={search_term_string}"},"query-input":{"@type":"PropertyValueSpecification","valueRequired":true,"valueName":"search_term_string"}}],"inLanguage":"en-US"},{"@type":"Organization","@id":"https:\/\/sbdapparel.lt\/#organization","name":"SBD Apparel LT","url":"https:\/\/sbdapparel.lt\/","logo":{"@type":"ImageObject","inLanguage":"en-US","@id":"https:\/\/sbdapparel.lt\/#\/schema\/logo\/image\/","url":"https:\/\/sbdapparel.lt\/wp-content\/uploads\/2023\/07\/cropped-SBD_Identity_OnDark_RGB.png","contentUrl":"https:\/\/sbdapparel.lt\/wp-content\/uploads\/2023\/07\/cropped-SBD_Identity_OnDark_RGB.png","width":1182,"height":515,"caption":"SBD Apparel LT"},"image":{"@id":"https:\/\/sbdapparel.lt\/#\/schema\/logo\/image\/"}}]}},"_links":{"self":[{"href":"https:\/\/sbdapparel.lt\/en\/wp-json\/wp\/v2\/product\/5445","targetHints":{"allow":["GET"]}}],"collection":[{"href":"https:\/\/sbdapparel.lt\/en\/wp-json\/wp\/v2\/product"}],"about":[{"href":"https:\/\/sbdapparel.lt\/en\/wp-json\/wp\/v2\/types\/product"}],"version-history":[{"count":1,"href":"https:\/\/sbdapparel.lt\/en\/wp-json\/wp\/v2\/product\/5445\/revisions"}],"predecessor-version":[{"id":5453,"href":"https:\/\/sbdapparel.lt\/en\/wp-json\/wp\/v2\/product\/5445\/revisions\/5453"}],"wp:featuredmedia":[{"embeddable":true,"href":"https:\/\/sbdapparel.lt\/en\/wp-json\/wp\/v2\/media\/5452"}],"wp:attachment":[{"href":"https:\/\/sbdapparel.lt\/en\/wp-json\/wp\/v2\/media?parent=5445"}],"wp:term":[{"taxonomy":"product_brand","embeddable":true,"href":"https:\/\/sbdapparel.lt\/en\/wp-json\/wp\/v2\/product_brand?post=5445"},{"taxonomy":"product_cat","embeddable":true,"href":"https:\/\/sbdapparel.lt\/en\/wp-json\/wp\/v2\/product_cat?post=5445"},{"taxonomy":"product_tag","embeddable":true,"href":"https:\/\/sbdapparel.lt\/en\/wp-json\/wp\/v2\/product_tag?post=5445"},{"taxonomy":"giftcard-category","embeddable":true,"href":"https:\/\/sbdapparel.lt\/en\/wp-json\/wp\/v2\/giftcard-category?post=5445"}],"curies":[{"name":"wp","href":"https:\/\/api.w.org\/{rel}","templated":true}]}}